{"id":15890,"date":"2020-11-03T10:46:25","date_gmt":"2020-11-03T09:46:25","guid":{"rendered":"https:\/\/www.lesacduberger.com\/?page_id=15890"},"modified":"2025-09-25T17:14:42","modified_gmt":"2025-09-25T15:14:42","slug":"delivery","status":"publish","type":"page","link":"https:\/\/www.lesacduberger.com\/en\/delivery\/","title":{"rendered":"Delivery"},"content":{"rendered":"<h2 class=\"wp-block-heading\">Processing time :<\/h2>\n\n\n\n<p>Our maximum dispatch time for your order is 5 days from your order date if the item is in stock. We usually dispatch Internet orders within three working days.<\/p>\n\n\n\n<p>You will be informed by e-mail as soon as your order is dispatched, with a tracking number corresponding to our shipment.<\/p>\n\n\n\n<p>In the event of unusual delays (e.g. stock shortages), we will send you an e-mail.<\/p>\n\n\n\n<h2 class=\"wp-block-heading\">Delivery times :<\/h2>\n\n\n\n<p>La Poste's \"Colissimo Suivi\" system enables delivery within an average of 48 to 72 hours.<\/p>\n\n\n\n<p>These times are given for information only.<\/p>\n\n\n\n<p>For payments by bank transfer, delivery times are recalculated from the date on which the payment is recorded<\/p>\n\n\n\n<h3 class=\"wp-block-heading\">Postage and packing :<\/h3>\n\n\n\n<p>Each order placed on the site incurs shipping costs for delivery of the parcel. Delivery charges vary according to the weight and value of the products ordered.<\/p>\n\n\n\n<p>Shipping costs may be reduced or waived depending on current business operations.<\/p>\n\n\n\n<p>Shipping costs are calculated before your order is validated.<\/p>\n\n\n\n<h3 class=\"wp-block-heading\">Out of stock :<\/h3>\n\n\n\n<p>If a product is unavailable after the order has been placed, the customer will be informed of the items that are out of stock. The customer may then request cancellation, exchange or splitting of the order.<\/p>\n\n\n\n<h3 class=\"wp-block-heading\">Damage in transit:<\/h3>\n\n\n\n<p>Upon delivery, the customer must check the condition of the packaging and the merchandise, and report any damage to the carrier and Customer Service within 48 hours. If this procedure is not followed, Le Sac du Berger declines all responsibility for any exchanges or reimbursements of products. Moreover, from the moment of delivery, the risks of the goods delivered are transferred to the Customer.<\/p>\n\n\n\n<h3 class=\"wp-block-heading\">International delivery :<\/h3>\n\n\n\n<p>The products we offer comply with French legislation and standards.<\/p>\n\n\n\n<p>For any purchase in the countries of the delivery zone, with a view to export, the Customer is required to check the specific legislation in force in the country concerned, whether this applies to taxes, declarations or prohibitions.<\/p>\n\n\n\n<p><\/p>\n\n\n\n<p>Our responsibility cannot be engaged in the event of non-respect of the legislation of the country where the product is delivered. It is the Customer's responsibility to check with the local authorities the possibilities of importing or using the products.<\/p>\n\n\n\n<h2 class=\"wp-block-heading\">Returns<\/h2>\n\n\n\n<p>Tout retour de marchandises n\u00e9cessite l\u2019accord pr\u00e9alable du Sac du Berger. Pour cela, il est pr\u00e9f\u00e9rable de nous contacter par t\u00e9l\u00e9phone au 05 65 99 36 60 ou par email \u00e0 info@lesacduberger.com. L\u2019article retourn\u00e9 doit \u00eatre accompagn\u00e9 d\u2019une copie du bon de commande ou de la facture. Le Client est invit\u00e9 \u00e0 indiquer la raison du retour afin que le Sac du Berger puisse am\u00e9liorer ses produits et services.<\/p>\n\n\n\n<p>The Customer is solely responsible for the parcel and its contents during the return journey. Le Sac du Berger therefore invites the Customer to take all necessary steps to insure against the risks of loss, theft or damage.<\/p>\n\n\n\n<p>Le Sac du Berger advises the Customer to return the merchandise by registered mail or postal tracking, and to take out insurance with the carrier to cover the market value of the products.<\/p>\n\n\n\n<p>The parcel must be sent to the following address:<br>Le Sac du Berger<br>4100 route de Layrolle<br>12540 Marnhagues-et-Latour<\/p>\n\n\n\n<p>Special case of personalized products: products with personalized markings (e.g. first name or last name) are neither exchangeable nor refundable.<\/p>\n\n\n\n<p>Reminder of return shipping costs:<br>Le Sac du Berger does not cover return shipping costs. Return shipping costs are the responsibility of the Customer and will not be reimbursed by Le Sac du Berger, except in the case of a non-conforming product.<\/p>","protected":false},"excerpt":{"rendered":"<p>D\u00e9lai de traitement : Notre d\u00e9lai maximum de d\u00e9part du colis de votre commande est de 5 jours \u00e0 partir de votre date de commande si l&rsquo;article est en stock. Usuellement, nous exp\u00e9dions les commandes Internet dans un d\u00e9lai de trois jours ouvr\u00e9s. Vous \u00eates inform\u00e9 par e-mail d\u00e8s exp\u00e9dition de la commande, avec N\u00b0 [&hellip;]<\/p>\n","protected":false},"author":1,"featured_media":0,"parent":0,"menu_order":0,"comment_status":"closed","ping_status":"closed","template":"","meta":{"footnotes":""},"class_list":["post-15890","page","type-page","status-publish","hentry"],"yoast_head":"<!-- This site is optimized with the Yoast SEO plugin v27.1.1 - https:\/\/yoast.com\/product\/yoast-seo-wordpress\/ -->\n<title>Livraison compagnon en cuir - Le Sac du Berger France<\/title>\n<meta name=\"description\" content=\"D\u00e9couvrez tous les d\u00e9tails de livraison de votre commande sur le Sac du Berger, sp\u00e9cialiste fran\u00e7ais du sac en cuir fait main et maroquinerie\" \/>\n<meta name=\"robots\" content=\"index, follow, max-snippet:-1, max-image-preview:large, max-video-preview:-1\" \/>\n<link rel=\"canonical\" href=\"https:\/\/www.lesacduberger.com\/en\/delivery\/\" \/>\n<meta property=\"og:locale\" content=\"en_US\" \/>\n<meta property=\"og:title\" content=\"Livraison compagnon en cuir - Le Sac du Berger France\" \/>\n<meta property=\"og:description\" content=\"D\u00e9couvrez tous les d\u00e9tails de livraison de votre commande sur le Sac du Berger, sp\u00e9cialiste fran\u00e7ais du sac en cuir fait main et maroquinerie\" \/>\n<meta property=\"og:url\" content=\"https:\/\/www.lesacduberger.com\/en\/delivery\/\" \/>\n<meta property=\"og:site_name\" content=\"Le Sac du Berger\" \/>\n<meta property=\"article:publisher\" content=\"https:\/\/www.facebook.com\/lesacduberger\" \/>\n<meta property=\"article:modified_time\" content=\"2025-09-25T15:14:42+00:00\" \/>\n<meta property=\"og:image\" content=\"https:\/\/www.lesacduberger.com\/wp-content\/uploads\/2020\/11\/Sac-du-Berger-n%C2%B04-Sac-Rando-n%C2%B01-scaled.jpg\" \/>\n\t<meta property=\"og:image:width\" content=\"1709\" \/>\n\t<meta property=\"og:image:height\" content=\"2560\" \/>\n\t<meta property=\"og:image:type\" content=\"image\/jpeg\" \/>\n<meta name=\"twitter:card\" content=\"summary_large_image\" \/>\n<script type=\"application\/ld+json\" class=\"yoast-schema-graph\">{\"@context\":\"https:\/\/schema.org\",\"@graph\":[{\"@type\":\"WebPage\",\"@id\":\"https:\/\/www.lesacduberger.com\/livraison\/\",\"url\":\"https:\/\/www.lesacduberger.com\/livraison\/\",\"name\":\"Livraison compagnon en cuir - Le Sac du Berger France\",\"isPartOf\":{\"@id\":\"https:\/\/www.lesacduberger.com\/#website\"},\"datePublished\":\"2020-11-03T09:46:25+00:00\",\"dateModified\":\"2025-09-25T15:14:42+00:00\",\"description\":\"D\u00e9couvrez tous les d\u00e9tails de livraison de votre commande sur le Sac du Berger, sp\u00e9cialiste fran\u00e7ais du sac en cuir fait main et maroquinerie\",\"breadcrumb\":{\"@id\":\"https:\/\/www.lesacduberger.com\/livraison\/#breadcrumb\"},\"inLanguage\":\"en-US\",\"potentialAction\":[{\"@type\":\"ReadAction\",\"target\":[\"https:\/\/www.lesacduberger.com\/livraison\/\"]}]},{\"@type\":\"BreadcrumbList\",\"@id\":\"https:\/\/www.lesacduberger.com\/livraison\/#breadcrumb\",\"itemListElement\":[{\"@type\":\"ListItem\",\"position\":1,\"name\":\"Accueil\",\"item\":\"https:\/\/www.lesacduberger.com\/\"},{\"@type\":\"ListItem\",\"position\":2,\"name\":\"Livraison\"}]},{\"@type\":\"WebSite\",\"@id\":\"https:\/\/www.lesacduberger.com\/#website\",\"url\":\"https:\/\/www.lesacduberger.com\/\",\"name\":\"Le Sac du Berger\",\"description\":\"\",\"publisher\":{\"@id\":\"https:\/\/www.lesacduberger.com\/#organization\"},\"potentialAction\":[{\"@type\":\"SearchAction\",\"target\":{\"@type\":\"EntryPoint\",\"urlTemplate\":\"https:\/\/www.lesacduberger.com\/?s={search_term_string}\"},\"query-input\":{\"@type\":\"PropertyValueSpecification\",\"valueRequired\":true,\"valueName\":\"search_term_string\"}}],\"inLanguage\":\"en-US\"},{\"@type\":\"Organization\",\"@id\":\"https:\/\/www.lesacduberger.com\/#organization\",\"name\":\"Le Sac du Berger\",\"url\":\"https:\/\/www.lesacduberger.com\/\",\"logo\":{\"@type\":\"ImageObject\",\"inLanguage\":\"en-US\",\"@id\":\"https:\/\/www.lesacduberger.com\/#\/schema\/logo\/image\/\",\"url\":\"https:\/\/www.lesacduberger.com\/wp-content\/uploads\/2020\/09\/Logo-Sac-du-Berger-blanc-OK.png\",\"contentUrl\":\"https:\/\/www.lesacduberger.com\/wp-content\/uploads\/2020\/09\/Logo-Sac-du-Berger-blanc-OK.png\",\"width\":2093,\"height\":510,\"caption\":\"Le Sac du Berger\"},\"image\":{\"@id\":\"https:\/\/www.lesacduberger.com\/#\/schema\/logo\/image\/\"},\"sameAs\":[\"https:\/\/www.facebook.com\/lesacduberger\",\"https:\/\/www.instagram.com\/lesacduberger\/?hl=fr\"]}]}<\/script>\n<!-- \/ Yoast SEO plugin. -->","yoast_head_json":{"title":"Livraison compagnon en cuir - Le Sac du Berger France","description":"D\u00e9couvrez tous les d\u00e9tails de livraison de votre commande sur le Sac du Berger, sp\u00e9cialiste fran\u00e7ais du sac en cuir fait main et maroquinerie","robots":{"index":"index","follow":"follow","max-snippet":"max-snippet:-1","max-image-preview":"max-image-preview:large","max-video-preview":"max-video-preview:-1"},"canonical":"https:\/\/www.lesacduberger.com\/en\/delivery\/","og_locale":"en_US","og_title":"Livraison compagnon en cuir - Le Sac du Berger France","og_description":"D\u00e9couvrez tous les d\u00e9tails de livraison de votre commande sur le Sac du Berger, sp\u00e9cialiste fran\u00e7ais du sac en cuir fait main et maroquinerie","og_url":"https:\/\/www.lesacduberger.com\/en\/delivery\/","og_site_name":"Le Sac du Berger","article_publisher":"https:\/\/www.facebook.com\/lesacduberger","article_modified_time":"2025-09-25T15:14:42+00:00","og_image":[{"width":1709,"height":2560,"url":"https:\/\/www.lesacduberger.com\/wp-content\/uploads\/2020\/11\/Sac-du-Berger-n%C2%B04-Sac-Rando-n%C2%B01-scaled.jpg","type":"image\/jpeg"}],"twitter_card":"summary_large_image","schema":{"@context":"https:\/\/schema.org","@graph":[{"@type":"WebPage","@id":"https:\/\/www.lesacduberger.com\/livraison\/","url":"https:\/\/www.lesacduberger.com\/livraison\/","name":"Livraison compagnon en cuir - Le Sac du Berger France","isPartOf":{"@id":"https:\/\/www.lesacduberger.com\/#website"},"datePublished":"2020-11-03T09:46:25+00:00","dateModified":"2025-09-25T15:14:42+00:00","description":"D\u00e9couvrez tous les d\u00e9tails de livraison de votre commande sur le Sac du Berger, sp\u00e9cialiste fran\u00e7ais du sac en cuir fait main et maroquinerie","breadcrumb":{"@id":"https:\/\/www.lesacduberger.com\/livraison\/#breadcrumb"},"inLanguage":"en-US","potentialAction":[{"@type":"ReadAction","target":["https:\/\/www.lesacduberger.com\/livraison\/"]}]},{"@type":"BreadcrumbList","@id":"https:\/\/www.lesacduberger.com\/livraison\/#breadcrumb","itemListElement":[{"@type":"ListItem","position":1,"name":"Accueil","item":"https:\/\/www.lesacduberger.com\/"},{"@type":"ListItem","position":2,"name":"Livraison"}]},{"@type":"WebSite","@id":"https:\/\/www.lesacduberger.com\/#website","url":"https:\/\/www.lesacduberger.com\/","name":"Le Sac du Berger","description":"","publisher":{"@id":"https:\/\/www.lesacduberger.com\/#organization"},"potentialAction":[{"@type":"SearchAction","target":{"@type":"EntryPoint","urlTemplate":"https:\/\/www.lesacduberger.com\/?s={search_term_string}"},"query-input":{"@type":"PropertyValueSpecification","valueRequired":true,"valueName":"search_term_string"}}],"inLanguage":"en-US"},{"@type":"Organization","@id":"https:\/\/www.lesacduberger.com\/#organization","name":"Le Sac du Berger","url":"https:\/\/www.lesacduberger.com\/","logo":{"@type":"ImageObject","inLanguage":"en-US","@id":"https:\/\/www.lesacduberger.com\/#\/schema\/logo\/image\/","url":"https:\/\/www.lesacduberger.com\/wp-content\/uploads\/2020\/09\/Logo-Sac-du-Berger-blanc-OK.png","contentUrl":"https:\/\/www.lesacduberger.com\/wp-content\/uploads\/2020\/09\/Logo-Sac-du-Berger-blanc-OK.png","width":2093,"height":510,"caption":"Le Sac du Berger"},"image":{"@id":"https:\/\/www.lesacduberger.com\/#\/schema\/logo\/image\/"},"sameAs":["https:\/\/www.facebook.com\/lesacduberger","https:\/\/www.instagram.com\/lesacduberger\/?hl=fr"]}]}},"_links":{"self":[{"href":"https:\/\/www.lesacduberger.com\/en\/wp-json\/wp\/v2\/pages\/15890","targetHints":{"allow":["GET"]}}],"collection":[{"href":"https:\/\/www.lesacduberger.com\/en\/wp-json\/wp\/v2\/pages"}],"about":[{"href":"https:\/\/www.lesacduberger.com\/en\/wp-json\/wp\/v2\/types\/page"}],"author":[{"embeddable":true,"href":"https:\/\/www.lesacduberger.com\/en\/wp-json\/wp\/v2\/users\/1"}],"replies":[{"embeddable":true,"href":"https:\/\/www.lesacduberger.com\/en\/wp-json\/wp\/v2\/comments?post=15890"}],"version-history":[{"count":3,"href":"https:\/\/www.lesacduberger.com\/en\/wp-json\/wp\/v2\/pages\/15890\/revisions"}],"predecessor-version":[{"id":42967,"href":"https:\/\/www.lesacduberger.com\/en\/wp-json\/wp\/v2\/pages\/15890\/revisions\/42967"}],"wp:attachment":[{"href":"https:\/\/www.lesacduberger.com\/en\/wp-json\/wp\/v2\/media?parent=15890"}],"curies":[{"name":"wp","href":"https:\/\/api.w.org\/{rel}","templated":true}]}}