{"id":15893,"date":"2020-11-03T10:46:22","date_gmt":"2020-11-03T09:46:22","guid":{"rendered":"https:\/\/www.lesacduberger.com\/?page_id=15893"},"modified":"2024-10-30T16:01:24","modified_gmt":"2024-10-30T15:01:24","slug":"paiement-securise","status":"publish","type":"page","link":"https:\/\/www.lesacduberger.com\/en\/paiement-securise\/","title":{"rendered":"Paiement s\u00e9curis\u00e9"},"content":{"rendered":"<h2 class=\"wp-block-heading\">Method of payment<\/h2>\n\n\n\n<p>Pour r\u00e9gler sa commande, le Client dispose de l\u2019ensemble des modes de paiement propos\u00e9s lors de la validation finale du bon de commande.<\/p>\n\n\n\n<p>By validating the order form, the Customer guarantees that Sac du Berger has the necessary authorizations to use the chosen method of payment.<\/p>\n\n\n\n<p>Payment methods :<\/p>\n\n\n\n<ul class=\"wp-block-list\"><li>Credit card (online payment) :<ul><li>Credit card payments will be made via the secure Cr\u00e9dit Agricole Paybox system.<\/li><li>La commande ne sera trait\u00e9e qu\u2019apr\u00e8s validation du paiement en ligne.<\/li><\/ul><\/li><li>Bank or postal cheque :<ul><li>The cheque must be issued by a bank domiciled in mainland France.<\/li><li>The order will only be processed once the cheque has been received and validated by the bank.<\/li><li>The check is cashed upon receipt.<\/li><li>La commande du Client sera alors r\u00e9serv\u00e9e pendant 7 jours. Au del\u00e0 de ce d\u00e9lai, sans r\u00e9ception du pr\u00e9cit\u00e9 ch\u00e8que, la disponibilit\u00e9 indiqu\u00e9e au moment de la commande ne sera plus garantie et la commande pourra \u00eatre annul\u00e9e.<\/li><li>The cheque should be sent to the following address:<br>Shepherd's bag<br>Layrolle<br>12540 Latour-sur-Sorgue<\/li><li>Cheques should be made payable to \"Le Sac du Berger\".<\/li><li>Please write on the back of the cheque :<ul><li>The e-mail address used to place the order<\/li><li>Order number<\/li><\/ul><\/li><\/ul><\/li><li>Bank transfer :<ul><li>The order will be processed upon receipt of the bank transfer and validation by the bank.<\/li><li>La commande du Client sera alors r\u00e9serv\u00e9e pendant 7 jours. Au del\u00e0 de ce d\u00e9lai, sans r\u00e9ception du pr\u00e9cit\u00e9 virement, la disponibilit\u00e9 indiqu\u00e9e au moment de la commande ne sera plus garantie et la commande pourra \u00eatre annul\u00e9e.<\/li><\/ul><\/li><li>Paypal :<ul><li>Le Client ouvre auparavant un compte sur le site internet Paypal.<\/li><li>La commande ne sera trait\u00e9e qu\u2019\u00e0 r\u00e9ception de la confirmation de paiement de la part de Paypal.<\/li><\/ul><\/li><\/ul>\n\n\n\n<h3 class=\"wp-block-heading\">Payment currency<\/h3>\n\n\n\n<p>All orders placed on www.lesacduberger.com, whatever their origin, are payable in Euros.<\/p>\n\n\n\n<h3 class=\"wp-block-heading\">Online payment - Security and privacy<\/h3>\n\n\n\n<p>The security system used for credit card payments is the Paybox system from Cr\u00e9dit Agricole. Personal information and credit card numbers are never transmitted unencrypted over the Internet. Data is encrypted and transmitted using SSL protocol (SSL Certificate).<\/p>\n\n\n\n<p>Le Sac du Berger never has access to your credit card number.<\/p>","protected":false},"excerpt":{"rendered":"<p>Mode de paiement Pour r\u00e9gler sa commande, le Client dispose de l\u2019ensemble des modes de paiement propos\u00e9s lors de la validation finale du bon de commande. Par la validation du bon de commande, le Client garantit au Sac du Berger disposer des autorisations n\u00e9cessaires pour utiliser le mode de paiement choisi. Modes de paiement propos\u00e9s [&hellip;]<\/p>\n","protected":false},"author":1,"featured_media":0,"parent":0,"menu_order":0,"comment_status":"closed","ping_status":"closed","template":"","meta":{"footnotes":""},"class_list":["post-15893","page","type-page","status-publish","hentry"],"yoast_head":"<!-- This site is optimized with the Yoast SEO plugin v27.1.1 - https:\/\/yoast.com\/product\/yoast-seo-wordpress\/ -->\n<title>Paiement s\u00e9curis\u00e9 - Le Sac du Berger France<\/title>\n<meta name=\"description\" content=\"D\u00e9couvrez notre page Paiement s\u00e9curis\u00e9 sur la boutique en ligne du Sac du Berger, sp\u00e9cialiste fran\u00e7ais du sac en cuir fait main et maroquinerie\" \/>\n<meta name=\"robots\" content=\"noindex, nofollow\" \/>\n<meta property=\"og:locale\" content=\"en_US\" \/>\n<meta property=\"og:title\" content=\"Paiement s\u00e9curis\u00e9 - Le Sac du Berger France\" \/>\n<meta property=\"og:description\" content=\"D\u00e9couvrez notre page Paiement s\u00e9curis\u00e9 sur la boutique en ligne du Sac du Berger, sp\u00e9cialiste fran\u00e7ais du sac en cuir fait main et maroquinerie\" \/>\n<meta property=\"og:url\" content=\"https:\/\/www.lesacduberger.com\/en\/paiement-securise\/\" \/>\n<meta property=\"og:site_name\" content=\"Le Sac du Berger\" \/>\n<meta property=\"article:publisher\" content=\"https:\/\/www.facebook.com\/lesacduberger\" \/>\n<meta property=\"article:modified_time\" content=\"2024-10-30T15:01:24+00:00\" \/>\n<meta property=\"og:image\" content=\"https:\/\/www.lesacduberger.com\/wp-content\/uploads\/2020\/11\/Sac-du-Berger-n%C2%B04-Sac-Rando-n%C2%B01-scaled.jpg\" \/>\n\t<meta property=\"og:image:width\" content=\"1709\" \/>\n\t<meta property=\"og:image:height\" content=\"2560\" \/>\n\t<meta property=\"og:image:type\" content=\"image\/jpeg\" \/>\n<meta name=\"twitter:card\" content=\"summary_large_image\" \/>\n<script type=\"application\/ld+json\" class=\"yoast-schema-graph\">{\"@context\":\"https:\/\/schema.org\",\"@graph\":[{\"@type\":\"WebPage\",\"@id\":\"https:\/\/www.lesacduberger.com\/paiement-securise\/\",\"url\":\"https:\/\/www.lesacduberger.com\/paiement-securise\/\",\"name\":\"Paiement s\u00e9curis\u00e9 - Le Sac du Berger France\",\"isPartOf\":{\"@id\":\"https:\/\/www.lesacduberger.com\/#website\"},\"datePublished\":\"2020-11-03T09:46:22+00:00\",\"dateModified\":\"2024-10-30T15:01:24+00:00\",\"description\":\"D\u00e9couvrez notre page Paiement s\u00e9curis\u00e9 sur la boutique en ligne du Sac du Berger, sp\u00e9cialiste fran\u00e7ais du sac en cuir fait main et maroquinerie\",\"breadcrumb\":{\"@id\":\"https:\/\/www.lesacduberger.com\/paiement-securise\/#breadcrumb\"},\"inLanguage\":\"en-US\",\"potentialAction\":[{\"@type\":\"ReadAction\",\"target\":[\"https:\/\/www.lesacduberger.com\/paiement-securise\/\"]}]},{\"@type\":\"BreadcrumbList\",\"@id\":\"https:\/\/www.lesacduberger.com\/paiement-securise\/#breadcrumb\",\"itemListElement\":[{\"@type\":\"ListItem\",\"position\":1,\"name\":\"Accueil\",\"item\":\"https:\/\/www.lesacduberger.com\/\"},{\"@type\":\"ListItem\",\"position\":2,\"name\":\"Paiement s\u00e9curis\u00e9\"}]},{\"@type\":\"WebSite\",\"@id\":\"https:\/\/www.lesacduberger.com\/#website\",\"url\":\"https:\/\/www.lesacduberger.com\/\",\"name\":\"Le Sac du Berger\",\"description\":\"\",\"publisher\":{\"@id\":\"https:\/\/www.lesacduberger.com\/#organization\"},\"potentialAction\":[{\"@type\":\"SearchAction\",\"target\":{\"@type\":\"EntryPoint\",\"urlTemplate\":\"https:\/\/www.lesacduberger.com\/?s={search_term_string}\"},\"query-input\":{\"@type\":\"PropertyValueSpecification\",\"valueRequired\":true,\"valueName\":\"search_term_string\"}}],\"inLanguage\":\"en-US\"},{\"@type\":\"Organization\",\"@id\":\"https:\/\/www.lesacduberger.com\/#organization\",\"name\":\"Le Sac du Berger\",\"url\":\"https:\/\/www.lesacduberger.com\/\",\"logo\":{\"@type\":\"ImageObject\",\"inLanguage\":\"en-US\",\"@id\":\"https:\/\/www.lesacduberger.com\/#\/schema\/logo\/image\/\",\"url\":\"https:\/\/www.lesacduberger.com\/wp-content\/uploads\/2020\/09\/Logo-Sac-du-Berger-blanc-OK.png\",\"contentUrl\":\"https:\/\/www.lesacduberger.com\/wp-content\/uploads\/2020\/09\/Logo-Sac-du-Berger-blanc-OK.png\",\"width\":2093,\"height\":510,\"caption\":\"Le Sac du Berger\"},\"image\":{\"@id\":\"https:\/\/www.lesacduberger.com\/#\/schema\/logo\/image\/\"},\"sameAs\":[\"https:\/\/www.facebook.com\/lesacduberger\",\"https:\/\/www.instagram.com\/lesacduberger\/?hl=fr\"]}]}<\/script>\n<!-- \/ Yoast SEO plugin. -->","yoast_head_json":{"title":"Paiement s\u00e9curis\u00e9 - Le Sac du Berger France","description":"D\u00e9couvrez notre page Paiement s\u00e9curis\u00e9 sur la boutique en ligne du Sac du Berger, sp\u00e9cialiste fran\u00e7ais du sac en cuir fait main et maroquinerie","robots":{"index":"noindex","follow":"nofollow"},"og_locale":"en_US","og_title":"Paiement s\u00e9curis\u00e9 - Le Sac du Berger France","og_description":"D\u00e9couvrez notre page Paiement s\u00e9curis\u00e9 sur la boutique en ligne du Sac du Berger, sp\u00e9cialiste fran\u00e7ais du sac en cuir fait main et maroquinerie","og_url":"https:\/\/www.lesacduberger.com\/en\/paiement-securise\/","og_site_name":"Le Sac du Berger","article_publisher":"https:\/\/www.facebook.com\/lesacduberger","article_modified_time":"2024-10-30T15:01:24+00:00","og_image":[{"width":1709,"height":2560,"url":"https:\/\/www.lesacduberger.com\/wp-content\/uploads\/2020\/11\/Sac-du-Berger-n%C2%B04-Sac-Rando-n%C2%B01-scaled.jpg","type":"image\/jpeg"}],"twitter_card":"summary_large_image","schema":{"@context":"https:\/\/schema.org","@graph":[{"@type":"WebPage","@id":"https:\/\/www.lesacduberger.com\/paiement-securise\/","url":"https:\/\/www.lesacduberger.com\/paiement-securise\/","name":"Paiement s\u00e9curis\u00e9 - Le Sac du Berger France","isPartOf":{"@id":"https:\/\/www.lesacduberger.com\/#website"},"datePublished":"2020-11-03T09:46:22+00:00","dateModified":"2024-10-30T15:01:24+00:00","description":"D\u00e9couvrez notre page Paiement s\u00e9curis\u00e9 sur la boutique en ligne du Sac du Berger, sp\u00e9cialiste fran\u00e7ais du sac en cuir fait main et maroquinerie","breadcrumb":{"@id":"https:\/\/www.lesacduberger.com\/paiement-securise\/#breadcrumb"},"inLanguage":"en-US","potentialAction":[{"@type":"ReadAction","target":["https:\/\/www.lesacduberger.com\/paiement-securise\/"]}]},{"@type":"BreadcrumbList","@id":"https:\/\/www.lesacduberger.com\/paiement-securise\/#breadcrumb","itemListElement":[{"@type":"ListItem","position":1,"name":"Accueil","item":"https:\/\/www.lesacduberger.com\/"},{"@type":"ListItem","position":2,"name":"Paiement s\u00e9curis\u00e9"}]},{"@type":"WebSite","@id":"https:\/\/www.lesacduberger.com\/#website","url":"https:\/\/www.lesacduberger.com\/","name":"Le Sac du Berger","description":"","publisher":{"@id":"https:\/\/www.lesacduberger.com\/#organization"},"potentialAction":[{"@type":"SearchAction","target":{"@type":"EntryPoint","urlTemplate":"https:\/\/www.lesacduberger.com\/?s={search_term_string}"},"query-input":{"@type":"PropertyValueSpecification","valueRequired":true,"valueName":"search_term_string"}}],"inLanguage":"en-US"},{"@type":"Organization","@id":"https:\/\/www.lesacduberger.com\/#organization","name":"Le Sac du Berger","url":"https:\/\/www.lesacduberger.com\/","logo":{"@type":"ImageObject","inLanguage":"en-US","@id":"https:\/\/www.lesacduberger.com\/#\/schema\/logo\/image\/","url":"https:\/\/www.lesacduberger.com\/wp-content\/uploads\/2020\/09\/Logo-Sac-du-Berger-blanc-OK.png","contentUrl":"https:\/\/www.lesacduberger.com\/wp-content\/uploads\/2020\/09\/Logo-Sac-du-Berger-blanc-OK.png","width":2093,"height":510,"caption":"Le Sac du Berger"},"image":{"@id":"https:\/\/www.lesacduberger.com\/#\/schema\/logo\/image\/"},"sameAs":["https:\/\/www.facebook.com\/lesacduberger","https:\/\/www.instagram.com\/lesacduberger\/?hl=fr"]}]}},"_links":{"self":[{"href":"https:\/\/www.lesacduberger.com\/en\/wp-json\/wp\/v2\/pages\/15893","targetHints":{"allow":["GET"]}}],"collection":[{"href":"https:\/\/www.lesacduberger.com\/en\/wp-json\/wp\/v2\/pages"}],"about":[{"href":"https:\/\/www.lesacduberger.com\/en\/wp-json\/wp\/v2\/types\/page"}],"author":[{"embeddable":true,"href":"https:\/\/www.lesacduberger.com\/en\/wp-json\/wp\/v2\/users\/1"}],"replies":[{"embeddable":true,"href":"https:\/\/www.lesacduberger.com\/en\/wp-json\/wp\/v2\/comments?post=15893"}],"version-history":[{"count":3,"href":"https:\/\/www.lesacduberger.com\/en\/wp-json\/wp\/v2\/pages\/15893\/revisions"}],"predecessor-version":[{"id":15902,"href":"https:\/\/www.lesacduberger.com\/en\/wp-json\/wp\/v2\/pages\/15893\/revisions\/15902"}],"wp:attachment":[{"href":"https:\/\/www.lesacduberger.com\/en\/wp-json\/wp\/v2\/media?parent=15893"}],"curies":[{"name":"wp","href":"https:\/\/api.w.org\/{rel}","templated":true}]}}