{"id":21211,"date":"2020-11-20T12:29:21","date_gmt":"2020-11-20T11:29:21","guid":{"rendered":"https:\/\/www.lesacduberger.com\/?page_id=21211"},"modified":"2024-10-30T15:42:25","modified_gmt":"2024-10-30T14:42:25","slug":"my-account","status":"publish","type":"page","link":"https:\/\/www.lesacduberger.com\/en\/my-account\/","title":{"rendered":"My account"},"content":{"rendered":"<div class=\"woocommerce\"><\/div>","protected":false},"excerpt":{"rendered":"","protected":false},"author":1,"featured_media":0,"parent":0,"menu_order":0,"comment_status":"closed","ping_status":"closed","template":"","meta":{"footnotes":""},"class_list":["post-21211","page","type-page","status-publish","hentry"],"yoast_head":"<!-- This site is optimized with the Yoast SEO plugin v27.1.1 - https:\/\/yoast.com\/product\/yoast-seo-wordpress\/ -->\n<title>Mon compte - Le Sac du Berger France<\/title>\n<meta name=\"description\" content=\"D\u00e9couvrez notre page Mon compte sur la boutique en ligne du Sac du Berger, sp\u00e9cialiste fran\u00e7ais du sac en cuir fait main et maroquinerie\" \/>\n<meta name=\"robots\" content=\"noindex, nofollow\" \/>\n<meta property=\"og:locale\" content=\"en_US\" \/>\n<meta property=\"og:title\" content=\"Mon compte - Le Sac du Berger France\" \/>\n<meta property=\"og:description\" content=\"D\u00e9couvrez notre page Mon compte sur la boutique en ligne du Sac du Berger, sp\u00e9cialiste fran\u00e7ais du sac en cuir fait main et maroquinerie\" \/>\n<meta property=\"og:url\" content=\"https:\/\/www.lesacduberger.com\/en\/my-account\/\" \/>\n<meta property=\"og:site_name\" content=\"Le Sac du Berger\" \/>\n<meta property=\"article:publisher\" content=\"https:\/\/www.facebook.com\/lesacduberger\" \/>\n<meta property=\"article:modified_time\" content=\"2024-10-30T14:42:25+00:00\" \/>\n<meta property=\"og:image\" content=\"https:\/\/www.lesacduberger.com\/wp-content\/uploads\/2020\/11\/Sac-du-Berger-n%C2%B04-Sac-Rando-n%C2%B01-scaled.jpg\" \/>\n\t<meta property=\"og:image:width\" content=\"1709\" \/>\n\t<meta property=\"og:image:height\" content=\"2560\" \/>\n\t<meta property=\"og:image:type\" content=\"image\/jpeg\" \/>\n<meta name=\"twitter:card\" content=\"summary_large_image\" \/>\n<script type=\"application\/ld+json\" class=\"yoast-schema-graph\">{\"@context\":\"https:\/\/schema.org\",\"@graph\":[{\"@type\":\"WebPage\",\"@id\":\"https:\/\/www.lesacduberger.com\/mon-compte\/\",\"url\":\"https:\/\/www.lesacduberger.com\/mon-compte\/\",\"name\":\"Mon compte - Le Sac du Berger France\",\"isPartOf\":{\"@id\":\"https:\/\/www.lesacduberger.com\/#website\"},\"datePublished\":\"2020-11-20T11:29:21+00:00\",\"dateModified\":\"2024-10-30T14:42:25+00:00\",\"description\":\"D\u00e9couvrez notre page Mon compte sur la boutique en ligne du Sac du Berger, sp\u00e9cialiste fran\u00e7ais du sac en cuir fait main et maroquinerie\",\"breadcrumb\":{\"@id\":\"https:\/\/www.lesacduberger.com\/mon-compte\/#breadcrumb\"},\"inLanguage\":\"en-US\",\"potentialAction\":[{\"@type\":\"ReadAction\",\"target\":[\"https:\/\/www.lesacduberger.com\/mon-compte\/\"]}]},{\"@type\":\"BreadcrumbList\",\"@id\":\"https:\/\/www.lesacduberger.com\/mon-compte\/#breadcrumb\",\"itemListElement\":[{\"@type\":\"ListItem\",\"position\":1,\"name\":\"Accueil\",\"item\":\"https:\/\/www.lesacduberger.com\/\"},{\"@type\":\"ListItem\",\"position\":2,\"name\":\"Mon compte\"}]},{\"@type\":\"WebSite\",\"@id\":\"https:\/\/www.lesacduberger.com\/#website\",\"url\":\"https:\/\/www.lesacduberger.com\/\",\"name\":\"Le Sac du Berger\",\"description\":\"\",\"publisher\":{\"@id\":\"https:\/\/www.lesacduberger.com\/#organization\"},\"potentialAction\":[{\"@type\":\"SearchAction\",\"target\":{\"@type\":\"EntryPoint\",\"urlTemplate\":\"https:\/\/www.lesacduberger.com\/?s={search_term_string}\"},\"query-input\":{\"@type\":\"PropertyValueSpecification\",\"valueRequired\":true,\"valueName\":\"search_term_string\"}}],\"inLanguage\":\"en-US\"},{\"@type\":\"Organization\",\"@id\":\"https:\/\/www.lesacduberger.com\/#organization\",\"name\":\"Le Sac du Berger\",\"url\":\"https:\/\/www.lesacduberger.com\/\",\"logo\":{\"@type\":\"ImageObject\",\"inLanguage\":\"en-US\",\"@id\":\"https:\/\/www.lesacduberger.com\/#\/schema\/logo\/image\/\",\"url\":\"https:\/\/www.lesacduberger.com\/wp-content\/uploads\/2020\/09\/Logo-Sac-du-Berger-blanc-OK.png\",\"contentUrl\":\"https:\/\/www.lesacduberger.com\/wp-content\/uploads\/2020\/09\/Logo-Sac-du-Berger-blanc-OK.png\",\"width\":2093,\"height\":510,\"caption\":\"Le Sac du Berger\"},\"image\":{\"@id\":\"https:\/\/www.lesacduberger.com\/#\/schema\/logo\/image\/\"},\"sameAs\":[\"https:\/\/www.facebook.com\/lesacduberger\",\"https:\/\/www.instagram.com\/lesacduberger\/?hl=fr\"]}]}<\/script>\n<!-- \/ Yoast SEO plugin. -->","yoast_head_json":{"title":"My account - Le Sac du Berger France","description":"Discover our My Account page on the Sac du Berger online store, the French specialist in handmade leather bags and leather goods.","robots":{"index":"noindex","follow":"nofollow"},"og_locale":"en_US","og_title":"Mon compte - Le Sac du Berger France","og_description":"D\u00e9couvrez notre page Mon compte sur la boutique en ligne du Sac du Berger, sp\u00e9cialiste fran\u00e7ais du sac en cuir fait main et maroquinerie","og_url":"https:\/\/www.lesacduberger.com\/en\/my-account\/","og_site_name":"Le Sac du Berger","article_publisher":"https:\/\/www.facebook.com\/lesacduberger","article_modified_time":"2024-10-30T14:42:25+00:00","og_image":[{"width":1709,"height":2560,"url":"https:\/\/www.lesacduberger.com\/wp-content\/uploads\/2020\/11\/Sac-du-Berger-n%C2%B04-Sac-Rando-n%C2%B01-scaled.jpg","type":"image\/jpeg"}],"twitter_card":"summary_large_image","schema":{"@context":"https:\/\/schema.org","@graph":[{"@type":"WebPage","@id":"https:\/\/www.lesacduberger.com\/mon-compte\/","url":"https:\/\/www.lesacduberger.com\/mon-compte\/","name":"My account - Le Sac du Berger France","isPartOf":{"@id":"https:\/\/www.lesacduberger.com\/#website"},"datePublished":"2020-11-20T11:29:21+00:00","dateModified":"2024-10-30T14:42:25+00:00","description":"Discover our My Account page on the Sac du Berger online store, the French specialist in handmade leather bags and leather goods.","breadcrumb":{"@id":"https:\/\/www.lesacduberger.com\/mon-compte\/#breadcrumb"},"inLanguage":"en-US","potentialAction":[{"@type":"ReadAction","target":["https:\/\/www.lesacduberger.com\/mon-compte\/"]}]},{"@type":"BreadcrumbList","@id":"https:\/\/www.lesacduberger.com\/mon-compte\/#breadcrumb","itemListElement":[{"@type":"ListItem","position":1,"name":"Accueil","item":"https:\/\/www.lesacduberger.com\/"},{"@type":"ListItem","position":2,"name":"Mon compte"}]},{"@type":"WebSite","@id":"https:\/\/www.lesacduberger.com\/#website","url":"https:\/\/www.lesacduberger.com\/","name":"Le Sac du Berger","description":"","publisher":{"@id":"https:\/\/www.lesacduberger.com\/#organization"},"potentialAction":[{"@type":"SearchAction","target":{"@type":"EntryPoint","urlTemplate":"https:\/\/www.lesacduberger.com\/?s={search_term_string}"},"query-input":{"@type":"PropertyValueSpecification","valueRequired":true,"valueName":"search_term_string"}}],"inLanguage":"en-US"},{"@type":"Organization","@id":"https:\/\/www.lesacduberger.com\/#organization","name":"Le Sac du Berger","url":"https:\/\/www.lesacduberger.com\/","logo":{"@type":"ImageObject","inLanguage":"en-US","@id":"https:\/\/www.lesacduberger.com\/#\/schema\/logo\/image\/","url":"https:\/\/www.lesacduberger.com\/wp-content\/uploads\/2020\/09\/Logo-Sac-du-Berger-blanc-OK.png","contentUrl":"https:\/\/www.lesacduberger.com\/wp-content\/uploads\/2020\/09\/Logo-Sac-du-Berger-blanc-OK.png","width":2093,"height":510,"caption":"Le Sac du Berger"},"image":{"@id":"https:\/\/www.lesacduberger.com\/#\/schema\/logo\/image\/"},"sameAs":["https:\/\/www.facebook.com\/lesacduberger","https:\/\/www.instagram.com\/lesacduberger\/?hl=fr"]}]}},"_links":{"self":[{"href":"https:\/\/www.lesacduberger.com\/en\/wp-json\/wp\/v2\/pages\/21211","targetHints":{"allow":["GET"]}}],"collection":[{"href":"https:\/\/www.lesacduberger.com\/en\/wp-json\/wp\/v2\/pages"}],"about":[{"href":"https:\/\/www.lesacduberger.com\/en\/wp-json\/wp\/v2\/types\/page"}],"author":[{"embeddable":true,"href":"https:\/\/www.lesacduberger.com\/en\/wp-json\/wp\/v2\/users\/1"}],"replies":[{"embeddable":true,"href":"https:\/\/www.lesacduberger.com\/en\/wp-json\/wp\/v2\/comments?post=21211"}],"version-history":[{"count":2,"href":"https:\/\/www.lesacduberger.com\/en\/wp-json\/wp\/v2\/pages\/21211\/revisions"}],"predecessor-version":[{"id":21218,"href":"https:\/\/www.lesacduberger.com\/en\/wp-json\/wp\/v2\/pages\/21211\/revisions\/21218"}],"wp:attachment":[{"href":"https:\/\/www.lesacduberger.com\/en\/wp-json\/wp\/v2\/media?parent=21211"}],"curies":[{"name":"wp","href":"https:\/\/api.w.org\/{rel}","templated":true}]}}