{"id":7,"date":"2020-09-03T11:57:06","date_gmt":"2020-09-03T09:57:06","guid":{"rendered":"https:\/\/www.lesacduberger.com\/index.php\/mentions-legales\/"},"modified":"2023-11-27T14:36:56","modified_gmt":"2023-11-27T13:36:56","slug":"legal-notice","status":"publish","type":"page","link":"https:\/\/www.lesacduberger.com\/en\/legal-notice\/","title":{"rendered":"Terms of use"},"content":{"rendered":"<h2 class=\"wp-block-heading\">Site Publisher and Owner<\/h2>\n\n\n\n<p>This site, accessible at <a href=\"https:\/\/www.lesacduberger.com\/en\">www.lesacduberger.com<\/a>is the property of Romiguier Artisanat, a company registered in the Rodez Trade and Companies Register.<\/p>\n\n\n\n<ul class=\"wp-block-list\"><li>Legal form: Limited liability company (SARL)<\/li><li>Registered office: 4100 route de Layrolle, 12540 Marnhagues-et-Latour<\/li><li>Share capital: \u20ac71500<\/li><li>SIREN code: 380 870 964<\/li><li>SIRET Code: 380 870 964 00018<\/li><li>NAF code: 1512Z - Manufacture of travel goods, leather goods and saddlery<\/li><li>Intracommunity VAT number: FR 46380870964<\/li><li>Telephone number: 05 65 99 36 60<\/li><\/ul>\n\n\n\n<h2 class=\"wp-block-heading\">Publishing Director<\/h2>\n\n\n\n<p>Jean-Pierre ROMIGUIER<\/p>\n\n\n\n<p>Contact: <a href=\"mailto:info@lesacduberger.com\">info@lesacduberger.com<\/a><\/p>\n\n\n\n<h2 class=\"wp-block-heading\">Site design and hosting<\/h2>\n\n\n\n<p>The site was designed, produced and hosted on the OVH platform by the web agency <a href=\"https:\/\/www.bm-services.com\/\" target=\"_blank\" rel=\"noreferrer noopener\">BM Services<\/a>&nbsp;with registered office at :<br>La Bastide<br>48500 La Canourgue<br>France<br>Siret : 533 174 199 000 18<br>RCS : Mende 533 174 199<br>Tel: 04 66 42 68 30<\/p>\n\n\n\n<p>The graphic design was entrusted to<\/p>\n\n\n\n<ul class=\"wp-block-list\"><li><a href=\"http:\/\/qfontaine.fr\/\" target=\"_blank\" rel=\"noreferrer noopener\">Quentin Fontaine<\/a><\/li><\/ul>\n\n\n\n<h2 class=\"wp-block-heading\">Intellectual property<\/h2>\n\n\n\n<p>All elements of the Le Sac du Berger site, whether visual, audio or software (including the underlying technology) are and remain the exclusive intellectual property of Romiguier Artisanat.<\/p>\n\n\n\n<p>In accordance with the provisions of the French Intellectual Property Code, only private use may be considered, subject to different provisions.<\/p>\n\n\n\n<p>Any other use constitutes an infringement and is punishable under Intellectual Property law, unless prior authorization has been obtained from Le Sac du Berger.<\/p>\n\n\n\n<p>The right to use the site and its content or other elements contained therein is subject to compliance with the following conditions <a href=\"\/en\/terms-and-conditions-of-sale\/\">Terms and conditions of sale<\/a> and any applicable law or regulation. Any use of the Site or its contents for any purpose other than that authorized by Le Sac du Berger via its <a href=\"\/en\/terms-and-conditions-of-sale\/\">Terms &amp; Conditions<\/a> may constitute an infringement of rights.<\/p>\n\n\n\n<p>Any simple or hypertext link to the Le Sac du Berger site is strictly forbidden without written consent. In all cases, any link, even tacitly authorized, must be removed upon request from Le Sac du Berger. In no case the agreement of Le Sac du Berger can engage its responsibility for the content of the site using a link to the site of Le Sac du Berger.<\/p>","protected":false},"excerpt":{"rendered":"<p>Editeur et Propri\u00e9taire du Site Le pr\u00e9sent site, accessible \u00e0 l&rsquo;adresse www.lesacduberger.com, est la propri\u00e9t\u00e9 de la Soci\u00e9t\u00e9 Romiguier Artisanat immatricul\u00e9e au RCS de Rodez. Forme juridique : Soci\u00e9t\u00e9 \u00e0 responsabilit\u00e9 limit\u00e9e (SARL) Si\u00e8ge social : 4100 route de Layrolle, 12540 Marnhagues-et-Latour Capital social : 71500\u20ac Code SIREN : 380 870 964 Code SIRET : [&hellip;]<\/p>\n","protected":false},"author":1,"featured_media":0,"parent":0,"menu_order":0,"comment_status":"closed","ping_status":"closed","template":"","meta":{"footnotes":""},"class_list":["post-7","page","type-page","status-publish","hentry"],"yoast_head":"<!-- This site is optimized with the Yoast SEO plugin v27.1.1 - https:\/\/yoast.com\/product\/yoast-seo-wordpress\/ -->\n<title>Mentions L\u00e9gales - Le Sac du Berger France<\/title>\n<meta name=\"description\" content=\"D\u00e9couvrez notre page Mentions L\u00e9gales sur la boutique en ligne du Sac du Berger, sp\u00e9cialiste fran\u00e7ais du sac en cuir fait main et maroquinerie\" \/>\n<meta name=\"robots\" content=\"noindex, nofollow\" \/>\n<meta property=\"og:locale\" content=\"en_US\" \/>\n<meta property=\"og:title\" content=\"Mentions L\u00e9gales - Le Sac du Berger France\" \/>\n<meta property=\"og:description\" content=\"D\u00e9couvrez notre page Mentions L\u00e9gales sur la boutique en ligne du Sac du Berger, sp\u00e9cialiste fran\u00e7ais du sac en cuir fait main et maroquinerie\" \/>\n<meta property=\"og:url\" content=\"https:\/\/www.lesacduberger.com\/en\/legal-notice\/\" \/>\n<meta property=\"og:site_name\" content=\"Le Sac du Berger\" \/>\n<meta property=\"article:publisher\" content=\"https:\/\/www.facebook.com\/lesacduberger\" \/>\n<meta property=\"article:modified_time\" content=\"2023-11-27T13:36:56+00:00\" \/>\n<meta property=\"og:image\" content=\"https:\/\/www.lesacduberger.com\/wp-content\/uploads\/2020\/11\/Sac-du-Berger-n%C2%B04-Sac-Rando-n%C2%B01-scaled.jpg\" \/>\n\t<meta property=\"og:image:width\" content=\"1709\" \/>\n\t<meta property=\"og:image:height\" content=\"2560\" \/>\n\t<meta property=\"og:image:type\" content=\"image\/jpeg\" \/>\n<meta name=\"twitter:card\" content=\"summary_large_image\" \/>\n<script type=\"application\/ld+json\" class=\"yoast-schema-graph\">{\"@context\":\"https:\/\/schema.org\",\"@graph\":[{\"@type\":\"WebPage\",\"@id\":\"https:\/\/www.lesacduberger.com\/mentions-legales\/\",\"url\":\"https:\/\/www.lesacduberger.com\/mentions-legales\/\",\"name\":\"Mentions L\u00e9gales - Le Sac du Berger France\",\"isPartOf\":{\"@id\":\"https:\/\/www.lesacduberger.com\/#website\"},\"datePublished\":\"2020-09-03T09:57:06+00:00\",\"dateModified\":\"2023-11-27T13:36:56+00:00\",\"description\":\"D\u00e9couvrez notre page Mentions L\u00e9gales sur la boutique en ligne du Sac du Berger, sp\u00e9cialiste fran\u00e7ais du sac en cuir fait main et maroquinerie\",\"breadcrumb\":{\"@id\":\"https:\/\/www.lesacduberger.com\/mentions-legales\/#breadcrumb\"},\"inLanguage\":\"en-US\",\"potentialAction\":[{\"@type\":\"ReadAction\",\"target\":[\"https:\/\/www.lesacduberger.com\/mentions-legales\/\"]}]},{\"@type\":\"BreadcrumbList\",\"@id\":\"https:\/\/www.lesacduberger.com\/mentions-legales\/#breadcrumb\",\"itemListElement\":[{\"@type\":\"ListItem\",\"position\":1,\"name\":\"Accueil\",\"item\":\"https:\/\/www.lesacduberger.com\/\"},{\"@type\":\"ListItem\",\"position\":2,\"name\":\"Mentions L\u00e9gales\"}]},{\"@type\":\"WebSite\",\"@id\":\"https:\/\/www.lesacduberger.com\/#website\",\"url\":\"https:\/\/www.lesacduberger.com\/\",\"name\":\"Le Sac du Berger\",\"description\":\"\",\"publisher\":{\"@id\":\"https:\/\/www.lesacduberger.com\/#organization\"},\"potentialAction\":[{\"@type\":\"SearchAction\",\"target\":{\"@type\":\"EntryPoint\",\"urlTemplate\":\"https:\/\/www.lesacduberger.com\/?s={search_term_string}\"},\"query-input\":{\"@type\":\"PropertyValueSpecification\",\"valueRequired\":true,\"valueName\":\"search_term_string\"}}],\"inLanguage\":\"en-US\"},{\"@type\":\"Organization\",\"@id\":\"https:\/\/www.lesacduberger.com\/#organization\",\"name\":\"Le Sac du Berger\",\"url\":\"https:\/\/www.lesacduberger.com\/\",\"logo\":{\"@type\":\"ImageObject\",\"inLanguage\":\"en-US\",\"@id\":\"https:\/\/www.lesacduberger.com\/#\/schema\/logo\/image\/\",\"url\":\"https:\/\/www.lesacduberger.com\/wp-content\/uploads\/2020\/09\/Logo-Sac-du-Berger-blanc-OK.png\",\"contentUrl\":\"https:\/\/www.lesacduberger.com\/wp-content\/uploads\/2020\/09\/Logo-Sac-du-Berger-blanc-OK.png\",\"width\":2093,\"height\":510,\"caption\":\"Le Sac du Berger\"},\"image\":{\"@id\":\"https:\/\/www.lesacduberger.com\/#\/schema\/logo\/image\/\"},\"sameAs\":[\"https:\/\/www.facebook.com\/lesacduberger\",\"https:\/\/www.instagram.com\/lesacduberger\/?hl=fr\"]}]}<\/script>\n<!-- \/ Yoast SEO plugin. -->","yoast_head_json":{"title":"Legal Notice - Le Sac du Berger France","description":"Discover our Legal Notice page on the Sac du Berger online store, the French specialist in handmade leather bags and leather goods.","robots":{"index":"noindex","follow":"nofollow"},"og_locale":"en_US","og_title":"Mentions L\u00e9gales - Le Sac du Berger France","og_description":"D\u00e9couvrez notre page Mentions L\u00e9gales sur la boutique en ligne du Sac du Berger, sp\u00e9cialiste fran\u00e7ais du sac en cuir fait main et maroquinerie","og_url":"https:\/\/www.lesacduberger.com\/en\/legal-notice\/","og_site_name":"Le Sac du Berger","article_publisher":"https:\/\/www.facebook.com\/lesacduberger","article_modified_time":"2023-11-27T13:36:56+00:00","og_image":[{"width":1709,"height":2560,"url":"https:\/\/www.lesacduberger.com\/wp-content\/uploads\/2020\/11\/Sac-du-Berger-n%C2%B04-Sac-Rando-n%C2%B01-scaled.jpg","type":"image\/jpeg"}],"twitter_card":"summary_large_image","schema":{"@context":"https:\/\/schema.org","@graph":[{"@type":"WebPage","@id":"https:\/\/www.lesacduberger.com\/mentions-legales\/","url":"https:\/\/www.lesacduberger.com\/mentions-legales\/","name":"Legal Notice - Le Sac du Berger France","isPartOf":{"@id":"https:\/\/www.lesacduberger.com\/#website"},"datePublished":"2020-09-03T09:57:06+00:00","dateModified":"2023-11-27T13:36:56+00:00","description":"Discover our Legal Notice page on the Sac du Berger online store, the French specialist in handmade leather bags and leather goods.","breadcrumb":{"@id":"https:\/\/www.lesacduberger.com\/mentions-legales\/#breadcrumb"},"inLanguage":"en-US","potentialAction":[{"@type":"ReadAction","target":["https:\/\/www.lesacduberger.com\/mentions-legales\/"]}]},{"@type":"BreadcrumbList","@id":"https:\/\/www.lesacduberger.com\/mentions-legales\/#breadcrumb","itemListElement":[{"@type":"ListItem","position":1,"name":"Accueil","item":"https:\/\/www.lesacduberger.com\/"},{"@type":"ListItem","position":2,"name":"Mentions L\u00e9gales"}]},{"@type":"WebSite","@id":"https:\/\/www.lesacduberger.com\/#website","url":"https:\/\/www.lesacduberger.com\/","name":"Le Sac du Berger","description":"","publisher":{"@id":"https:\/\/www.lesacduberger.com\/#organization"},"potentialAction":[{"@type":"SearchAction","target":{"@type":"EntryPoint","urlTemplate":"https:\/\/www.lesacduberger.com\/?s={search_term_string}"},"query-input":{"@type":"PropertyValueSpecification","valueRequired":true,"valueName":"search_term_string"}}],"inLanguage":"en-US"},{"@type":"Organization","@id":"https:\/\/www.lesacduberger.com\/#organization","name":"Le Sac du Berger","url":"https:\/\/www.lesacduberger.com\/","logo":{"@type":"ImageObject","inLanguage":"en-US","@id":"https:\/\/www.lesacduberger.com\/#\/schema\/logo\/image\/","url":"https:\/\/www.lesacduberger.com\/wp-content\/uploads\/2020\/09\/Logo-Sac-du-Berger-blanc-OK.png","contentUrl":"https:\/\/www.lesacduberger.com\/wp-content\/uploads\/2020\/09\/Logo-Sac-du-Berger-blanc-OK.png","width":2093,"height":510,"caption":"Le Sac du Berger"},"image":{"@id":"https:\/\/www.lesacduberger.com\/#\/schema\/logo\/image\/"},"sameAs":["https:\/\/www.facebook.com\/lesacduberger","https:\/\/www.instagram.com\/lesacduberger\/?hl=fr"]}]}},"_links":{"self":[{"href":"https:\/\/www.lesacduberger.com\/en\/wp-json\/wp\/v2\/pages\/7","targetHints":{"allow":["GET"]}}],"collection":[{"href":"https:\/\/www.lesacduberger.com\/en\/wp-json\/wp\/v2\/pages"}],"about":[{"href":"https:\/\/www.lesacduberger.com\/en\/wp-json\/wp\/v2\/types\/page"}],"author":[{"embeddable":true,"href":"https:\/\/www.lesacduberger.com\/en\/wp-json\/wp\/v2\/users\/1"}],"replies":[{"embeddable":true,"href":"https:\/\/www.lesacduberger.com\/en\/wp-json\/wp\/v2\/comments?post=7"}],"version-history":[{"count":10,"href":"https:\/\/www.lesacduberger.com\/en\/wp-json\/wp\/v2\/pages\/7\/revisions"}],"predecessor-version":[{"id":36603,"href":"https:\/\/www.lesacduberger.com\/en\/wp-json\/wp\/v2\/pages\/7\/revisions\/36603"}],"wp:attachment":[{"href":"https:\/\/www.lesacduberger.com\/en\/wp-json\/wp\/v2\/media?parent=7"}],"curies":[{"name":"wp","href":"https:\/\/api.w.org\/{rel}","templated":true}]}}