{"id":21340,"date":"2015-04-12T17:24:04","date_gmt":"2015-04-12T15:24:04","guid":{"rendered":"https:\/\/www.lesacduberger.com\/produit\/sac-du-berger-n2\/"},"modified":"2026-05-03T11:09:43","modified_gmt":"2026-05-03T09:09:43","slug":"shepherds-bag-n2","status":"publish","type":"product","link":"https:\/\/www.lesacduberger.com\/en\/product\/shepherds-bag-n2\/","title":{"rendered":"Shepherd's Bag N\u00b02"},"content":{"rendered":"<h2>The Adjustable Leather Shoulder Bag<\/h2>\n<p>Our Sac du Berger n\u00b02 is made of leather, practical and timeless.<\/p>\n<ul>\n<li>Two front pockets under flap<\/li>\n<li>Two side pockets with drawstrings<\/li>\n<li>Two open rear patch pockets<\/li>\n<li>Inside, one pocket on the back and one on the front, in undyed cotton + linen canvas.<\/li>\n<li>Adjustable leather shoulder strap<\/li>\n<\/ul>\n<p>This bag is available in 5 sizes.<\/p>\n<p>The various stages of production, from the origin of the skins to the tanning and finishing of the finished object, are carried out within a 120-kilometer radius of the Layrolle workshop.<\/p>\n<p>All our products are designed to be durable and repairable.<\/p>","protected":false},"excerpt":{"rendered":"<p>Le Sac du Berger n\u00b02 est pratique et intemporel. Ce sac remet au go\u00fbt du jour la tradition du Sac de berger transhumant des Alpes et des C\u00e9vennes pour vous, qui \u00eates \u00e0 la recherche d&rsquo;un sac pour une vie et rempli d\u2019histoire.<\/p>","protected":false},"featured_media":46652,"template":"","meta":[],"product_brand":[],"product_cat":[1534,1549,1525],"product_tag":[],"giftcard-category":[],"class_list":{"0":"post-21340","1":"product","2":"type-product","3":"status-publish","4":"has-post-thumbnail","6":"product_cat-les-sacs-bandouliere","7":"product_cat-les-sacs-du-berger","8":"product_cat-sacs","9":"pa_compositions-cuirdevachetteorigineaveyron","10":"pa_couleur-fauve","11":"pa_couleur-noir","12":"pa_couleur-rouge","13":"pa_hauteur-20cm","14":"pa_largeur-24cm","15":"pa_longueurbandouliere-reglablede102a115cm","16":"pa_profondeur-8cm","18":"first","19":"instock","20":"taxable","21":"shipping-taxable","22":"purchasable","23":"product-type-variable","24":"has-default-attributes"},"yoast_head":"<!-- This site is optimized with the Yoast SEO plugin v27.1.1 - https:\/\/yoast.com\/product\/yoast-seo-wordpress\/ -->\n<title>Sac du Berger n\u00b02 \u00e0 Bandouli\u00e8re pour Femme Made in France en Cuir<\/title>\n<meta name=\"description\" content=\"Voici le sac du berger n\u00b02 : un sac \u00e0 main pour femme fabriqu\u00e9 en cuir pleine fleur et tann\u00e9 localement. Votre nouvel ami du quotidien !\" \/>\n<meta name=\"robots\" content=\"index, follow, max-snippet:-1, max-image-preview:large, max-video-preview:-1\" \/>\n<link rel=\"canonical\" href=\"https:\/\/www.lesacduberger.com\/en\/product\/shepherds-bag-n2\/\" \/>\n<meta property=\"og:locale\" content=\"en_US\" \/>\n<meta property=\"og:title\" content=\"Sac du Berger n\u00b02 \u00e0 Bandouli\u00e8re pour Femme Made in France en Cuir\" \/>\n<meta property=\"og:description\" content=\"Voici le sac du berger n\u00b02 : un sac \u00e0 main pour femme fabriqu\u00e9 en cuir pleine fleur et tann\u00e9 localement. Votre nouvel ami du quotidien !\" \/>\n<meta property=\"og:url\" content=\"https:\/\/www.lesacduberger.com\/en\/product\/shepherds-bag-n2\/\" \/>\n<meta property=\"og:site_name\" content=\"Le Sac du Berger\" \/>\n<meta property=\"article:publisher\" content=\"https:\/\/www.facebook.com\/lesacduberger\" \/>\n<meta property=\"article:modified_time\" content=\"2026-05-03T09:09:43+00:00\" \/>\n<meta property=\"og:image\" content=\"https:\/\/www.lesacduberger.com\/wp-content\/uploads\/2015\/04\/Berger-N%C2%B02-Noir-couverture.jpg\" \/>\n\t<meta property=\"og:image:width\" content=\"1080\" \/>\n\t<meta property=\"og:image:height\" content=\"1350\" \/>\n\t<meta property=\"og:image:type\" content=\"image\/jpeg\" \/>\n<meta name=\"twitter:card\" content=\"summary_large_image\" \/>\n<script type=\"application\/ld+json\" class=\"yoast-schema-graph\">{\"@context\":\"https:\/\/schema.org\",\"@graph\":[{\"@type\":\"WebPage\",\"@id\":\"https:\/\/www.lesacduberger.com\/produit\/sac-du-berger-n2\/\",\"url\":\"https:\/\/www.lesacduberger.com\/produit\/sac-du-berger-n2\/\",\"name\":\"Sac du Berger n\u00b02 \u00e0 Bandouli\u00e8re pour Femme Made in France en Cuir\",\"isPartOf\":{\"@id\":\"https:\/\/www.lesacduberger.com\/#website\"},\"primaryImageOfPage\":{\"@id\":\"https:\/\/www.lesacduberger.com\/produit\/sac-du-berger-n2\/#primaryimage\"},\"image\":{\"@id\":\"https:\/\/www.lesacduberger.com\/produit\/sac-du-berger-n2\/#primaryimage\"},\"thumbnailUrl\":\"https:\/\/www.lesacduberger.com\/wp-content\/uploads\/2015\/04\/Berger-N%C2%B02-Noir-couverture.jpg\",\"datePublished\":\"2015-04-12T15:24:04+00:00\",\"dateModified\":\"2026-05-03T09:09:43+00:00\",\"description\":\"Voici le sac du berger n\u00b02 : un sac \u00e0 main pour femme fabriqu\u00e9 en cuir pleine fleur et tann\u00e9 localement. Votre nouvel ami du quotidien !\",\"breadcrumb\":{\"@id\":\"https:\/\/www.lesacduberger.com\/produit\/sac-du-berger-n2\/#breadcrumb\"},\"inLanguage\":\"en-US\",\"potentialAction\":[{\"@type\":\"ReadAction\",\"target\":[\"https:\/\/www.lesacduberger.com\/produit\/sac-du-berger-n2\/\"]}]},{\"@type\":\"ImageObject\",\"inLanguage\":\"en-US\",\"@id\":\"https:\/\/www.lesacduberger.com\/produit\/sac-du-berger-n2\/#primaryimage\",\"url\":\"https:\/\/www.lesacduberger.com\/wp-content\/uploads\/2015\/04\/Berger-N%C2%B02-Noir-couverture.jpg\",\"contentUrl\":\"https:\/\/www.lesacduberger.com\/wp-content\/uploads\/2015\/04\/Berger-N%C2%B02-Noir-couverture.jpg\",\"width\":1080,\"height\":1350},{\"@type\":\"BreadcrumbList\",\"@id\":\"https:\/\/www.lesacduberger.com\/produit\/sac-du-berger-n2\/#breadcrumb\",\"itemListElement\":[{\"@type\":\"ListItem\",\"position\":1,\"name\":\"Accueil\",\"item\":\"https:\/\/www.lesacduberger.com\/\"},{\"@type\":\"ListItem\",\"position\":2,\"name\":\"Boutique\",\"item\":\"https:\/\/www.lesacduberger.com\/boutique\/\"},{\"@type\":\"ListItem\",\"position\":3,\"name\":\"Sac du Berger N\u00b02\"}]},{\"@type\":\"WebSite\",\"@id\":\"https:\/\/www.lesacduberger.com\/#website\",\"url\":\"https:\/\/www.lesacduberger.com\/\",\"name\":\"Le Sac du Berger\",\"description\":\"\",\"publisher\":{\"@id\":\"https:\/\/www.lesacduberger.com\/#organization\"},\"potentialAction\":[{\"@type\":\"SearchAction\",\"target\":{\"@type\":\"EntryPoint\",\"urlTemplate\":\"https:\/\/www.lesacduberger.com\/?s={search_term_string}\"},\"query-input\":{\"@type\":\"PropertyValueSpecification\",\"valueRequired\":true,\"valueName\":\"search_term_string\"}}],\"inLanguage\":\"en-US\"},{\"@type\":\"Organization\",\"@id\":\"https:\/\/www.lesacduberger.com\/#organization\",\"name\":\"Le Sac du Berger\",\"url\":\"https:\/\/www.lesacduberger.com\/\",\"logo\":{\"@type\":\"ImageObject\",\"inLanguage\":\"en-US\",\"@id\":\"https:\/\/www.lesacduberger.com\/#\/schema\/logo\/image\/\",\"url\":\"https:\/\/www.lesacduberger.com\/wp-content\/uploads\/2020\/09\/Logo-Sac-du-Berger-blanc-OK.png\",\"contentUrl\":\"https:\/\/www.lesacduberger.com\/wp-content\/uploads\/2020\/09\/Logo-Sac-du-Berger-blanc-OK.png\",\"width\":2093,\"height\":510,\"caption\":\"Le Sac du Berger\"},\"image\":{\"@id\":\"https:\/\/www.lesacduberger.com\/#\/schema\/logo\/image\/\"},\"sameAs\":[\"https:\/\/www.facebook.com\/lesacduberger\",\"https:\/\/www.instagram.com\/lesacduberger\/?hl=fr\"]}]}<\/script>\n<!-- \/ Yoast SEO plugin. -->","yoast_head_json":{"title":"Bag du Berger n\u00b02 Shoulder Bag for Women Made in France in Leather","description":"Introducing shepherd's bag n\u00b02: a women's handbag made from full-grain, locally tanned leather. Your new everyday friend!","robots":{"index":"index","follow":"follow","max-snippet":"max-snippet:-1","max-image-preview":"max-image-preview:large","max-video-preview":"max-video-preview:-1"},"canonical":"https:\/\/www.lesacduberger.com\/en\/product\/shepherds-bag-n2\/","og_locale":"en_US","og_title":"Sac du Berger n\u00b02 \u00e0 Bandouli\u00e8re pour Femme Made in France en Cuir","og_description":"Voici le sac du berger n\u00b02 : un sac \u00e0 main pour femme fabriqu\u00e9 en cuir pleine fleur et tann\u00e9 localement. Votre nouvel ami du quotidien !","og_url":"https:\/\/www.lesacduberger.com\/en\/product\/shepherds-bag-n2\/","og_site_name":"Le Sac du Berger","article_publisher":"https:\/\/www.facebook.com\/lesacduberger","article_modified_time":"2026-05-03T09:09:43+00:00","og_image":[{"width":1080,"height":1350,"url":"https:\/\/www.lesacduberger.com\/wp-content\/uploads\/2015\/04\/Berger-N%C2%B02-Noir-couverture.jpg","type":"image\/jpeg"}],"twitter_card":"summary_large_image","schema":{"@context":"https:\/\/schema.org","@graph":[{"@type":"WebPage","@id":"https:\/\/www.lesacduberger.com\/produit\/sac-du-berger-n2\/","url":"https:\/\/www.lesacduberger.com\/produit\/sac-du-berger-n2\/","name":"Bag du Berger n\u00b02 Shoulder Bag for Women Made in France in Leather","isPartOf":{"@id":"https:\/\/www.lesacduberger.com\/#website"},"primaryImageOfPage":{"@id":"https:\/\/www.lesacduberger.com\/produit\/sac-du-berger-n2\/#primaryimage"},"image":{"@id":"https:\/\/www.lesacduberger.com\/produit\/sac-du-berger-n2\/#primaryimage"},"thumbnailUrl":"https:\/\/www.lesacduberger.com\/wp-content\/uploads\/2015\/04\/Berger-N%C2%B02-Noir-couverture.jpg","datePublished":"2015-04-12T15:24:04+00:00","dateModified":"2026-05-03T09:09:43+00:00","description":"Introducing shepherd's bag n\u00b02: a women's handbag made from full-grain, locally tanned leather. Your new everyday friend!","breadcrumb":{"@id":"https:\/\/www.lesacduberger.com\/produit\/sac-du-berger-n2\/#breadcrumb"},"inLanguage":"en-US","potentialAction":[{"@type":"ReadAction","target":["https:\/\/www.lesacduberger.com\/produit\/sac-du-berger-n2\/"]}]},{"@type":"ImageObject","inLanguage":"en-US","@id":"https:\/\/www.lesacduberger.com\/produit\/sac-du-berger-n2\/#primaryimage","url":"https:\/\/www.lesacduberger.com\/wp-content\/uploads\/2015\/04\/Berger-N%C2%B02-Noir-couverture.jpg","contentUrl":"https:\/\/www.lesacduberger.com\/wp-content\/uploads\/2015\/04\/Berger-N%C2%B02-Noir-couverture.jpg","width":1080,"height":1350},{"@type":"BreadcrumbList","@id":"https:\/\/www.lesacduberger.com\/produit\/sac-du-berger-n2\/#breadcrumb","itemListElement":[{"@type":"ListItem","position":1,"name":"Accueil","item":"https:\/\/www.lesacduberger.com\/"},{"@type":"ListItem","position":2,"name":"Boutique","item":"https:\/\/www.lesacduberger.com\/boutique\/"},{"@type":"ListItem","position":3,"name":"Sac du Berger N\u00b02"}]},{"@type":"WebSite","@id":"https:\/\/www.lesacduberger.com\/#website","url":"https:\/\/www.lesacduberger.com\/","name":"Le Sac du Berger","description":"","publisher":{"@id":"https:\/\/www.lesacduberger.com\/#organization"},"potentialAction":[{"@type":"SearchAction","target":{"@type":"EntryPoint","urlTemplate":"https:\/\/www.lesacduberger.com\/?s={search_term_string}"},"query-input":{"@type":"PropertyValueSpecification","valueRequired":true,"valueName":"search_term_string"}}],"inLanguage":"en-US"},{"@type":"Organization","@id":"https:\/\/www.lesacduberger.com\/#organization","name":"Le Sac du Berger","url":"https:\/\/www.lesacduberger.com\/","logo":{"@type":"ImageObject","inLanguage":"en-US","@id":"https:\/\/www.lesacduberger.com\/#\/schema\/logo\/image\/","url":"https:\/\/www.lesacduberger.com\/wp-content\/uploads\/2020\/09\/Logo-Sac-du-Berger-blanc-OK.png","contentUrl":"https:\/\/www.lesacduberger.com\/wp-content\/uploads\/2020\/09\/Logo-Sac-du-Berger-blanc-OK.png","width":2093,"height":510,"caption":"Le Sac du Berger"},"image":{"@id":"https:\/\/www.lesacduberger.com\/#\/schema\/logo\/image\/"},"sameAs":["https:\/\/www.facebook.com\/lesacduberger","https:\/\/www.instagram.com\/lesacduberger\/?hl=fr"]}]}},"_links":{"self":[{"href":"https:\/\/www.lesacduberger.com\/en\/wp-json\/wp\/v2\/product\/21340","targetHints":{"allow":["GET"]}}],"collection":[{"href":"https:\/\/www.lesacduberger.com\/en\/wp-json\/wp\/v2\/product"}],"about":[{"href":"https:\/\/www.lesacduberger.com\/en\/wp-json\/wp\/v2\/types\/product"}],"wp:featuredmedia":[{"embeddable":true,"href":"https:\/\/www.lesacduberger.com\/en\/wp-json\/wp\/v2\/media\/46652"}],"wp:attachment":[{"href":"https:\/\/www.lesacduberger.com\/en\/wp-json\/wp\/v2\/media?parent=21340"}],"wp:term":[{"taxonomy":"product_brand","embeddable":true,"href":"https:\/\/www.lesacduberger.com\/en\/wp-json\/wp\/v2\/product_brand?post=21340"},{"taxonomy":"product_cat","embeddable":true,"href":"https:\/\/www.lesacduberger.com\/en\/wp-json\/wp\/v2\/product_cat?post=21340"},{"taxonomy":"product_tag","embeddable":true,"href":"https:\/\/www.lesacduberger.com\/en\/wp-json\/wp\/v2\/product_tag?post=21340"},{"taxonomy":"giftcard-category","embeddable":true,"href":"https:\/\/www.lesacduberger.com\/en\/wp-json\/wp\/v2\/giftcard-category?post=21340"}],"curies":[{"name":"wp","href":"https:\/\/api.w.org\/{rel}","templated":true}]}}