{"id":21351,"date":"2015-04-12T17:24:34","date_gmt":"2015-04-12T15:24:34","guid":{"rendered":"https:\/\/www.lesacduberger.com\/produit\/sac-du-berger-n3\/"},"modified":"2026-04-23T16:41:11","modified_gmt":"2026-04-23T14:41:11","slug":"shepherds-bag-n3","status":"publish","type":"product","link":"https:\/\/www.lesacduberger.com\/en\/product\/shepherds-bag-n3\/","title":{"rendered":"Shepherd's Bag N\u00b03"},"content":{"rendered":"<h2>The leather shoulder bag for men<\/h2>\n<p>Our Sac du Berger n\u00b03 is made of leather, practical and timeless.<\/p>\n<ul>\n<li>Three front pockets<\/li>\n<li>Two side pockets with drawstrings<\/li>\n<li>Two outside back patch pockets<\/li>\n<li>Inside, two patch pockets on the back and one on the front, in undyed cotton + linen canvas.<\/li>\n<li>Adjustable leather shoulder strap<\/li>\n<\/ul>\n<h2>The perfect bag for all your travel needs<\/h2>\n<p>With all its storage space (10 pockets in all), you can certainly make it your ally when you have a long train journey to make, to go to work or for any other trip requiring a <strong>sturdy, elegant bag<\/strong> and neither too big nor too small.<\/p>\n<p>Speaking of format, this <strong>men's leather bag<\/strong> is available in 5 sizes. This is the third model, in an intermediate size. You'll find its dimensions in our \"Details and Composition\" tab.<\/p>\n<p>This one (like all our items) is designed to be a long-lasting companion. We take great care in every stage of its manufacture, to ensure that you get the very best. <strong>durable, repairable leather bag<\/strong>. Each step, from the origin of the hide to the tanning and finishing of the finished object, is carried out within a 120-kilometer radius of our Layrolle workshop.<\/p>\n<p>This accessory <strong>elegant and practical<\/strong> is made from the finest quality leather: the <strong>full-grain cowhide leather<\/strong> which gives it a <strong>high strength<\/strong> and a <strong>beautiful finish<\/strong>. If you're looking for a men's leather bag that's both functional and chic, then this is exactly what you need.<\/p>\n<p>&nbsp;<\/p>","protected":false},"excerpt":{"rendered":"<p>This is the authentic shepherd's bag, an age-old heritage of southern pastoralism, still used today by transhumant shepherds in the south of France. The quality of the leathers and the care and attention to detail make this bag a unique, lifelong companion.<\/p>","protected":false},"featured_media":46623,"template":"","meta":[],"product_brand":[],"product_cat":[1534,1549,1525],"product_tag":[],"giftcard-category":[],"class_list":{"0":"post-21351","1":"product","2":"type-product","3":"status-publish","4":"has-post-thumbnail","6":"product_cat-les-sacs-bandouliere","7":"product_cat-les-sacs-du-berger","8":"product_cat-sacs","9":"pa_compositions-cuirdevachetteorigineaveyron","10":"pa_couleur-fauve","11":"pa_couleur-noir","12":"pa_hauteur-24cm","13":"pa_largeur-27cm","14":"pa_longueurbandouliere-reglablede102a115cm","15":"pa_profondeur-12cm","17":"first","18":"instock","19":"taxable","20":"shipping-taxable","21":"purchasable","22":"product-type-variable","23":"has-default-attributes"},"yoast_head":"<!-- This site is optimized with the Yoast SEO plugin v27.1.1 - https:\/\/yoast.com\/product\/yoast-seo-wordpress\/ -->\n<title>Sac pour homme en cuir - Fabrication artisanale<\/title>\n<meta name=\"description\" content=\"Authentique sac pour homme en cuir \u00e0 porter en bandouli\u00e8re. En vachette pleine fleur et offrant plusieurs rangements, il est parfait pour vos d\u00e9placements.\" \/>\n<meta name=\"robots\" content=\"index, follow, max-snippet:-1, max-image-preview:large, max-video-preview:-1\" \/>\n<link rel=\"canonical\" href=\"https:\/\/www.lesacduberger.com\/en\/product\/shepherds-bag-n3\/\" \/>\n<meta property=\"og:locale\" content=\"en_US\" \/>\n<meta property=\"og:title\" content=\"Sac pour homme en cuir - Fabrication artisanale\" \/>\n<meta property=\"og:description\" content=\"Authentique sac pour homme en cuir \u00e0 porter en bandouli\u00e8re. En vachette pleine fleur et offrant plusieurs rangements, il est parfait pour vos d\u00e9placements.\" \/>\n<meta property=\"og:url\" content=\"https:\/\/www.lesacduberger.com\/en\/product\/shepherds-bag-n3\/\" \/>\n<meta property=\"og:site_name\" content=\"Le Sac du Berger\" \/>\n<meta property=\"article:publisher\" content=\"https:\/\/www.facebook.com\/lesacduberger\" \/>\n<meta property=\"article:modified_time\" content=\"2026-04-23T14:41:11+00:00\" \/>\n<meta property=\"og:image\" content=\"https:\/\/www.lesacduberger.com\/wp-content\/uploads\/2015\/04\/Berger-N%C2%B03-Fauve-1-0021.jpg\" \/>\n\t<meta property=\"og:image:width\" content=\"1080\" \/>\n\t<meta property=\"og:image:height\" content=\"1350\" \/>\n\t<meta property=\"og:image:type\" content=\"image\/jpeg\" \/>\n<meta name=\"twitter:card\" content=\"summary_large_image\" \/>\n<script type=\"application\/ld+json\" class=\"yoast-schema-graph\">{\"@context\":\"https:\/\/schema.org\",\"@graph\":[{\"@type\":\"WebPage\",\"@id\":\"https:\/\/www.lesacduberger.com\/produit\/sac-du-berger-n3\/\",\"url\":\"https:\/\/www.lesacduberger.com\/produit\/sac-du-berger-n3\/\",\"name\":\"Sac pour homme en cuir - Fabrication artisanale\",\"isPartOf\":{\"@id\":\"https:\/\/www.lesacduberger.com\/#website\"},\"primaryImageOfPage\":{\"@id\":\"https:\/\/www.lesacduberger.com\/produit\/sac-du-berger-n3\/#primaryimage\"},\"image\":{\"@id\":\"https:\/\/www.lesacduberger.com\/produit\/sac-du-berger-n3\/#primaryimage\"},\"thumbnailUrl\":\"https:\/\/www.lesacduberger.com\/wp-content\/uploads\/2015\/04\/Berger-N%C2%B03-Fauve-1-0021.jpg\",\"datePublished\":\"2015-04-12T15:24:34+00:00\",\"dateModified\":\"2026-04-23T14:41:11+00:00\",\"description\":\"Authentique sac pour homme en cuir \u00e0 porter en bandouli\u00e8re. En vachette pleine fleur et offrant plusieurs rangements, il est parfait pour vos d\u00e9placements.\",\"breadcrumb\":{\"@id\":\"https:\/\/www.lesacduberger.com\/produit\/sac-du-berger-n3\/#breadcrumb\"},\"inLanguage\":\"en-US\",\"potentialAction\":[{\"@type\":\"ReadAction\",\"target\":[\"https:\/\/www.lesacduberger.com\/produit\/sac-du-berger-n3\/\"]}]},{\"@type\":\"ImageObject\",\"inLanguage\":\"en-US\",\"@id\":\"https:\/\/www.lesacduberger.com\/produit\/sac-du-berger-n3\/#primaryimage\",\"url\":\"https:\/\/www.lesacduberger.com\/wp-content\/uploads\/2015\/04\/Berger-N%C2%B03-Fauve-1-0021.jpg\",\"contentUrl\":\"https:\/\/www.lesacduberger.com\/wp-content\/uploads\/2015\/04\/Berger-N%C2%B03-Fauve-1-0021.jpg\",\"width\":1080,\"height\":1350},{\"@type\":\"BreadcrumbList\",\"@id\":\"https:\/\/www.lesacduberger.com\/produit\/sac-du-berger-n3\/#breadcrumb\",\"itemListElement\":[{\"@type\":\"ListItem\",\"position\":1,\"name\":\"Accueil\",\"item\":\"https:\/\/www.lesacduberger.com\/\"},{\"@type\":\"ListItem\",\"position\":2,\"name\":\"Boutique\",\"item\":\"https:\/\/www.lesacduberger.com\/boutique\/\"},{\"@type\":\"ListItem\",\"position\":3,\"name\":\"Sac du Berger N\u00b03\"}]},{\"@type\":\"WebSite\",\"@id\":\"https:\/\/www.lesacduberger.com\/#website\",\"url\":\"https:\/\/www.lesacduberger.com\/\",\"name\":\"Le Sac du Berger\",\"description\":\"\",\"publisher\":{\"@id\":\"https:\/\/www.lesacduberger.com\/#organization\"},\"potentialAction\":[{\"@type\":\"SearchAction\",\"target\":{\"@type\":\"EntryPoint\",\"urlTemplate\":\"https:\/\/www.lesacduberger.com\/?s={search_term_string}\"},\"query-input\":{\"@type\":\"PropertyValueSpecification\",\"valueRequired\":true,\"valueName\":\"search_term_string\"}}],\"inLanguage\":\"en-US\"},{\"@type\":\"Organization\",\"@id\":\"https:\/\/www.lesacduberger.com\/#organization\",\"name\":\"Le Sac du Berger\",\"url\":\"https:\/\/www.lesacduberger.com\/\",\"logo\":{\"@type\":\"ImageObject\",\"inLanguage\":\"en-US\",\"@id\":\"https:\/\/www.lesacduberger.com\/#\/schema\/logo\/image\/\",\"url\":\"https:\/\/www.lesacduberger.com\/wp-content\/uploads\/2020\/09\/Logo-Sac-du-Berger-blanc-OK.png\",\"contentUrl\":\"https:\/\/www.lesacduberger.com\/wp-content\/uploads\/2020\/09\/Logo-Sac-du-Berger-blanc-OK.png\",\"width\":2093,\"height\":510,\"caption\":\"Le Sac du Berger\"},\"image\":{\"@id\":\"https:\/\/www.lesacduberger.com\/#\/schema\/logo\/image\/\"},\"sameAs\":[\"https:\/\/www.facebook.com\/lesacduberger\",\"https:\/\/www.instagram.com\/lesacduberger\/?hl=fr\"]}]}<\/script>\n<!-- \/ Yoast SEO plugin. -->","yoast_head_json":{"title":"Men's leather bag - Handcrafted","description":"Genuine leather shoulder bag for men. Made from full-grain cowhide with plenty of storage space, it's perfect for when you're on the move.","robots":{"index":"index","follow":"follow","max-snippet":"max-snippet:-1","max-image-preview":"max-image-preview:large","max-video-preview":"max-video-preview:-1"},"canonical":"https:\/\/www.lesacduberger.com\/en\/product\/shepherds-bag-n3\/","og_locale":"en_US","og_title":"Sac pour homme en cuir - Fabrication artisanale","og_description":"Authentique sac pour homme en cuir \u00e0 porter en bandouli\u00e8re. En vachette pleine fleur et offrant plusieurs rangements, il est parfait pour vos d\u00e9placements.","og_url":"https:\/\/www.lesacduberger.com\/en\/product\/shepherds-bag-n3\/","og_site_name":"Le Sac du Berger","article_publisher":"https:\/\/www.facebook.com\/lesacduberger","article_modified_time":"2026-04-23T14:41:11+00:00","og_image":[{"width":1080,"height":1350,"url":"https:\/\/www.lesacduberger.com\/wp-content\/uploads\/2015\/04\/Berger-N%C2%B03-Fauve-1-0021.jpg","type":"image\/jpeg"}],"twitter_card":"summary_large_image","schema":{"@context":"https:\/\/schema.org","@graph":[{"@type":"WebPage","@id":"https:\/\/www.lesacduberger.com\/produit\/sac-du-berger-n3\/","url":"https:\/\/www.lesacduberger.com\/produit\/sac-du-berger-n3\/","name":"Men's leather bag - Handcrafted","isPartOf":{"@id":"https:\/\/www.lesacduberger.com\/#website"},"primaryImageOfPage":{"@id":"https:\/\/www.lesacduberger.com\/produit\/sac-du-berger-n3\/#primaryimage"},"image":{"@id":"https:\/\/www.lesacduberger.com\/produit\/sac-du-berger-n3\/#primaryimage"},"thumbnailUrl":"https:\/\/www.lesacduberger.com\/wp-content\/uploads\/2015\/04\/Berger-N%C2%B03-Fauve-1-0021.jpg","datePublished":"2015-04-12T15:24:34+00:00","dateModified":"2026-04-23T14:41:11+00:00","description":"Genuine leather shoulder bag for men. Made from full-grain cowhide with plenty of storage space, it's perfect for when you're on the move.","breadcrumb":{"@id":"https:\/\/www.lesacduberger.com\/produit\/sac-du-berger-n3\/#breadcrumb"},"inLanguage":"en-US","potentialAction":[{"@type":"ReadAction","target":["https:\/\/www.lesacduberger.com\/produit\/sac-du-berger-n3\/"]}]},{"@type":"ImageObject","inLanguage":"en-US","@id":"https:\/\/www.lesacduberger.com\/produit\/sac-du-berger-n3\/#primaryimage","url":"https:\/\/www.lesacduberger.com\/wp-content\/uploads\/2015\/04\/Berger-N%C2%B03-Fauve-1-0021.jpg","contentUrl":"https:\/\/www.lesacduberger.com\/wp-content\/uploads\/2015\/04\/Berger-N%C2%B03-Fauve-1-0021.jpg","width":1080,"height":1350},{"@type":"BreadcrumbList","@id":"https:\/\/www.lesacduberger.com\/produit\/sac-du-berger-n3\/#breadcrumb","itemListElement":[{"@type":"ListItem","position":1,"name":"Accueil","item":"https:\/\/www.lesacduberger.com\/"},{"@type":"ListItem","position":2,"name":"Boutique","item":"https:\/\/www.lesacduberger.com\/boutique\/"},{"@type":"ListItem","position":3,"name":"Sac du Berger N\u00b03"}]},{"@type":"WebSite","@id":"https:\/\/www.lesacduberger.com\/#website","url":"https:\/\/www.lesacduberger.com\/","name":"Le Sac du Berger","description":"","publisher":{"@id":"https:\/\/www.lesacduberger.com\/#organization"},"potentialAction":[{"@type":"SearchAction","target":{"@type":"EntryPoint","urlTemplate":"https:\/\/www.lesacduberger.com\/?s={search_term_string}"},"query-input":{"@type":"PropertyValueSpecification","valueRequired":true,"valueName":"search_term_string"}}],"inLanguage":"en-US"},{"@type":"Organization","@id":"https:\/\/www.lesacduberger.com\/#organization","name":"Le Sac du Berger","url":"https:\/\/www.lesacduberger.com\/","logo":{"@type":"ImageObject","inLanguage":"en-US","@id":"https:\/\/www.lesacduberger.com\/#\/schema\/logo\/image\/","url":"https:\/\/www.lesacduberger.com\/wp-content\/uploads\/2020\/09\/Logo-Sac-du-Berger-blanc-OK.png","contentUrl":"https:\/\/www.lesacduberger.com\/wp-content\/uploads\/2020\/09\/Logo-Sac-du-Berger-blanc-OK.png","width":2093,"height":510,"caption":"Le Sac du Berger"},"image":{"@id":"https:\/\/www.lesacduberger.com\/#\/schema\/logo\/image\/"},"sameAs":["https:\/\/www.facebook.com\/lesacduberger","https:\/\/www.instagram.com\/lesacduberger\/?hl=fr"]}]}},"_links":{"self":[{"href":"https:\/\/www.lesacduberger.com\/en\/wp-json\/wp\/v2\/product\/21351","targetHints":{"allow":["GET"]}}],"collection":[{"href":"https:\/\/www.lesacduberger.com\/en\/wp-json\/wp\/v2\/product"}],"about":[{"href":"https:\/\/www.lesacduberger.com\/en\/wp-json\/wp\/v2\/types\/product"}],"wp:featuredmedia":[{"embeddable":true,"href":"https:\/\/www.lesacduberger.com\/en\/wp-json\/wp\/v2\/media\/46623"}],"wp:attachment":[{"href":"https:\/\/www.lesacduberger.com\/en\/wp-json\/wp\/v2\/media?parent=21351"}],"wp:term":[{"taxonomy":"product_brand","embeddable":true,"href":"https:\/\/www.lesacduberger.com\/en\/wp-json\/wp\/v2\/product_brand?post=21351"},{"taxonomy":"product_cat","embeddable":true,"href":"https:\/\/www.lesacduberger.com\/en\/wp-json\/wp\/v2\/product_cat?post=21351"},{"taxonomy":"product_tag","embeddable":true,"href":"https:\/\/www.lesacduberger.com\/en\/wp-json\/wp\/v2\/product_tag?post=21351"},{"taxonomy":"giftcard-category","embeddable":true,"href":"https:\/\/www.lesacduberger.com\/en\/wp-json\/wp\/v2\/giftcard-category?post=21351"}],"curies":[{"name":"wp","href":"https:\/\/api.w.org\/{rel}","templated":true}]}}