{"id":21407,"date":"2015-04-14T21:39:51","date_gmt":"2015-04-14T19:39:51","guid":{"rendered":"https:\/\/www.lesacduberger.com\/produit\/gibeciere-n2\/"},"modified":"2026-04-23T16:00:40","modified_gmt":"2026-04-23T14:00:40","slug":"gibeciere-n2","status":"publish","type":"product","link":"https:\/\/www.lesacduberger.com\/en\/product\/gibeciere-n2\/","title":{"rendered":"Gibeci\u00e8re n\u00b02"},"content":{"rendered":"<h2>Our gibeci\u00e8re: a French leather satchel<\/h2>\n<p>Our Gibeci\u00e8re was created over 20 years ago. It's a solid, timeless leather bag.<\/p>\n<ul>\n<li>Adjustable shoulder strap in thick saddlery leather with saddle stitching on the sides<\/li>\n<li>Soft leather body and flap<\/li>\n<li>Inside, 3 pockets including a central one with zipper<\/li>\n<\/ul>\n<p>This bag is available in 3 sizes. This is the intermediate model.<\/p>\n<p>The various stages of production, from the origin of the skins to the tanning and finishing of the finished object, are carried out within a 120-kilometer radius of the Layrolle workshop.<\/p>\n<p>All our products are designed to be durable and repairable.<\/p>","protected":false},"excerpt":{"rendered":"<p>This gibeci\u00e8re model was created over 20 years ago, at the request of an old man from a village in the Sorgue valley, not far from the workshop. The founder of Sac du Berger, Jean-Pierre Romiguier, was inspired by a classic gibeci\u00e8re model from which he removed the net and made a few adjustments to create a truly solid, timeless bag.<\/p>","protected":false},"featured_media":46562,"template":"","meta":[],"product_brand":[],"product_cat":[1534,1525,1550],"product_tag":[],"giftcard-category":[],"class_list":{"0":"post-21407","1":"product","2":"type-product","3":"status-publish","4":"has-post-thumbnail","6":"product_cat-les-sacs-bandouliere","7":"product_cat-sacs","8":"product_cat-les-gibecieres","9":"pa_compositions-cuirdevachetteorigineaveyron","10":"pa_couleur-fauve","11":"pa_couleur-noir","12":"pa_couleur-rouge","13":"pa_couleur-moka","14":"pa_hauteur-23cm","15":"pa_largeur-30cm","16":"pa_longueurbandouliere-reglablede105a117cm","17":"pa_profondeur-1_5cm","19":"first","20":"instock","21":"taxable","22":"shipping-taxable","23":"purchasable","24":"product-type-variable","25":"has-default-attributes"},"yoast_head":"<!-- This site is optimized with the Yoast SEO plugin v27.1.1 - https:\/\/yoast.com\/product\/yoast-seo-wordpress\/ -->\n<title>Gibeci\u00e8re n\u00b02 besace cuir fabriqu\u00e9e en France en cuir vachette<\/title>\n<meta name=\"description\" content=\"Voici le format id\u00e9al de sac \u00e0 main : une besace cuir \u00e0 porter en bandouli\u00e8re, r\u00e9alis\u00e9e en cuir de vachette pleine fleur, et tann\u00e9 en Occitanie !\" \/>\n<meta name=\"robots\" content=\"index, follow, max-snippet:-1, max-image-preview:large, max-video-preview:-1\" \/>\n<link rel=\"canonical\" href=\"https:\/\/www.lesacduberger.com\/en\/product\/gibeciere-n2\/\" \/>\n<meta property=\"og:locale\" content=\"en_US\" \/>\n<meta property=\"og:title\" content=\"Gibeci\u00e8re n\u00b02 besace cuir fabriqu\u00e9e en France en cuir vachette\" \/>\n<meta property=\"og:description\" content=\"Voici le format id\u00e9al de sac \u00e0 main : une besace cuir \u00e0 porter en bandouli\u00e8re, r\u00e9alis\u00e9e en cuir de vachette pleine fleur, et tann\u00e9 en Occitanie !\" \/>\n<meta property=\"og:url\" content=\"https:\/\/www.lesacduberger.com\/en\/product\/gibeciere-n2\/\" \/>\n<meta property=\"og:site_name\" content=\"Le Sac du Berger\" \/>\n<meta property=\"article:publisher\" content=\"https:\/\/www.facebook.com\/lesacduberger\" \/>\n<meta property=\"article:modified_time\" content=\"2026-04-23T14:00:40+00:00\" \/>\n<meta property=\"og:image\" content=\"https:\/\/www.lesacduberger.com\/wp-content\/uploads\/2015\/04\/Gibeciere-n%C2%B02-Noir-0000.jpg\" \/>\n\t<meta property=\"og:image:width\" content=\"1080\" \/>\n\t<meta property=\"og:image:height\" content=\"1350\" \/>\n\t<meta property=\"og:image:type\" content=\"image\/jpeg\" \/>\n<meta name=\"twitter:card\" content=\"summary_large_image\" \/>\n<script type=\"application\/ld+json\" class=\"yoast-schema-graph\">{\"@context\":\"https:\/\/schema.org\",\"@graph\":[{\"@type\":\"WebPage\",\"@id\":\"https:\/\/www.lesacduberger.com\/produit\/gibeciere-n2\/\",\"url\":\"https:\/\/www.lesacduberger.com\/produit\/gibeciere-n2\/\",\"name\":\"Gibeci\u00e8re n\u00b02 besace cuir fabriqu\u00e9e en France en cuir vachette\",\"isPartOf\":{\"@id\":\"https:\/\/www.lesacduberger.com\/#website\"},\"primaryImageOfPage\":{\"@id\":\"https:\/\/www.lesacduberger.com\/produit\/gibeciere-n2\/#primaryimage\"},\"image\":{\"@id\":\"https:\/\/www.lesacduberger.com\/produit\/gibeciere-n2\/#primaryimage\"},\"thumbnailUrl\":\"https:\/\/www.lesacduberger.com\/wp-content\/uploads\/2015\/04\/Gibeciere-n%C2%B02-Noir-0000.jpg\",\"datePublished\":\"2015-04-14T19:39:51+00:00\",\"dateModified\":\"2026-04-23T14:00:40+00:00\",\"description\":\"Voici le format id\u00e9al de sac \u00e0 main : une besace cuir \u00e0 porter en bandouli\u00e8re, r\u00e9alis\u00e9e en cuir de vachette pleine fleur, et tann\u00e9 en Occitanie !\",\"breadcrumb\":{\"@id\":\"https:\/\/www.lesacduberger.com\/produit\/gibeciere-n2\/#breadcrumb\"},\"inLanguage\":\"en-US\",\"potentialAction\":[{\"@type\":\"ReadAction\",\"target\":[\"https:\/\/www.lesacduberger.com\/produit\/gibeciere-n2\/\"]}]},{\"@type\":\"ImageObject\",\"inLanguage\":\"en-US\",\"@id\":\"https:\/\/www.lesacduberger.com\/produit\/gibeciere-n2\/#primaryimage\",\"url\":\"https:\/\/www.lesacduberger.com\/wp-content\/uploads\/2015\/04\/Gibeciere-n%C2%B02-Noir-0000.jpg\",\"contentUrl\":\"https:\/\/www.lesacduberger.com\/wp-content\/uploads\/2015\/04\/Gibeciere-n%C2%B02-Noir-0000.jpg\",\"width\":1080,\"height\":1350},{\"@type\":\"BreadcrumbList\",\"@id\":\"https:\/\/www.lesacduberger.com\/produit\/gibeciere-n2\/#breadcrumb\",\"itemListElement\":[{\"@type\":\"ListItem\",\"position\":1,\"name\":\"Accueil\",\"item\":\"https:\/\/www.lesacduberger.com\/\"},{\"@type\":\"ListItem\",\"position\":2,\"name\":\"Boutique\",\"item\":\"https:\/\/www.lesacduberger.com\/boutique\/\"},{\"@type\":\"ListItem\",\"position\":3,\"name\":\"Gibeci\u00e8re n\u00b02\"}]},{\"@type\":\"WebSite\",\"@id\":\"https:\/\/www.lesacduberger.com\/#website\",\"url\":\"https:\/\/www.lesacduberger.com\/\",\"name\":\"Le Sac du Berger\",\"description\":\"\",\"publisher\":{\"@id\":\"https:\/\/www.lesacduberger.com\/#organization\"},\"potentialAction\":[{\"@type\":\"SearchAction\",\"target\":{\"@type\":\"EntryPoint\",\"urlTemplate\":\"https:\/\/www.lesacduberger.com\/?s={search_term_string}\"},\"query-input\":{\"@type\":\"PropertyValueSpecification\",\"valueRequired\":true,\"valueName\":\"search_term_string\"}}],\"inLanguage\":\"en-US\"},{\"@type\":\"Organization\",\"@id\":\"https:\/\/www.lesacduberger.com\/#organization\",\"name\":\"Le Sac du Berger\",\"url\":\"https:\/\/www.lesacduberger.com\/\",\"logo\":{\"@type\":\"ImageObject\",\"inLanguage\":\"en-US\",\"@id\":\"https:\/\/www.lesacduberger.com\/#\/schema\/logo\/image\/\",\"url\":\"https:\/\/www.lesacduberger.com\/wp-content\/uploads\/2020\/09\/Logo-Sac-du-Berger-blanc-OK.png\",\"contentUrl\":\"https:\/\/www.lesacduberger.com\/wp-content\/uploads\/2020\/09\/Logo-Sac-du-Berger-blanc-OK.png\",\"width\":2093,\"height\":510,\"caption\":\"Le Sac du Berger\"},\"image\":{\"@id\":\"https:\/\/www.lesacduberger.com\/#\/schema\/logo\/image\/\"},\"sameAs\":[\"https:\/\/www.facebook.com\/lesacduberger\",\"https:\/\/www.instagram.com\/lesacduberger\/?hl=fr\"]}]}<\/script>\n<!-- \/ Yoast SEO plugin. -->","yoast_head_json":{"title":"Gibeci\u00e8re n\u00b02 besace cuir made in France from cowhide leather","description":"Here's the perfect size for a handbag: a leather shoulder bag, made from full-grain cowhide and tanned in the Occitanie region of France!","robots":{"index":"index","follow":"follow","max-snippet":"max-snippet:-1","max-image-preview":"max-image-preview:large","max-video-preview":"max-video-preview:-1"},"canonical":"https:\/\/www.lesacduberger.com\/en\/product\/gibeciere-n2\/","og_locale":"en_US","og_title":"Gibeci\u00e8re n\u00b02 besace cuir fabriqu\u00e9e en France en cuir vachette","og_description":"Voici le format id\u00e9al de sac \u00e0 main : une besace cuir \u00e0 porter en bandouli\u00e8re, r\u00e9alis\u00e9e en cuir de vachette pleine fleur, et tann\u00e9 en Occitanie !","og_url":"https:\/\/www.lesacduberger.com\/en\/product\/gibeciere-n2\/","og_site_name":"Le Sac du Berger","article_publisher":"https:\/\/www.facebook.com\/lesacduberger","article_modified_time":"2026-04-23T14:00:40+00:00","og_image":[{"width":1080,"height":1350,"url":"https:\/\/www.lesacduberger.com\/wp-content\/uploads\/2015\/04\/Gibeciere-n%C2%B02-Noir-0000.jpg","type":"image\/jpeg"}],"twitter_card":"summary_large_image","schema":{"@context":"https:\/\/schema.org","@graph":[{"@type":"WebPage","@id":"https:\/\/www.lesacduberger.com\/produit\/gibeciere-n2\/","url":"https:\/\/www.lesacduberger.com\/produit\/gibeciere-n2\/","name":"Gibeci\u00e8re n\u00b02 besace cuir made in France from cowhide leather","isPartOf":{"@id":"https:\/\/www.lesacduberger.com\/#website"},"primaryImageOfPage":{"@id":"https:\/\/www.lesacduberger.com\/produit\/gibeciere-n2\/#primaryimage"},"image":{"@id":"https:\/\/www.lesacduberger.com\/produit\/gibeciere-n2\/#primaryimage"},"thumbnailUrl":"https:\/\/www.lesacduberger.com\/wp-content\/uploads\/2015\/04\/Gibeciere-n%C2%B02-Noir-0000.jpg","datePublished":"2015-04-14T19:39:51+00:00","dateModified":"2026-04-23T14:00:40+00:00","description":"Here's the perfect size for a handbag: a leather shoulder bag, made from full-grain cowhide and tanned in the Occitanie region of France!","breadcrumb":{"@id":"https:\/\/www.lesacduberger.com\/produit\/gibeciere-n2\/#breadcrumb"},"inLanguage":"en-US","potentialAction":[{"@type":"ReadAction","target":["https:\/\/www.lesacduberger.com\/produit\/gibeciere-n2\/"]}]},{"@type":"ImageObject","inLanguage":"en-US","@id":"https:\/\/www.lesacduberger.com\/produit\/gibeciere-n2\/#primaryimage","url":"https:\/\/www.lesacduberger.com\/wp-content\/uploads\/2015\/04\/Gibeciere-n%C2%B02-Noir-0000.jpg","contentUrl":"https:\/\/www.lesacduberger.com\/wp-content\/uploads\/2015\/04\/Gibeciere-n%C2%B02-Noir-0000.jpg","width":1080,"height":1350},{"@type":"BreadcrumbList","@id":"https:\/\/www.lesacduberger.com\/produit\/gibeciere-n2\/#breadcrumb","itemListElement":[{"@type":"ListItem","position":1,"name":"Accueil","item":"https:\/\/www.lesacduberger.com\/"},{"@type":"ListItem","position":2,"name":"Boutique","item":"https:\/\/www.lesacduberger.com\/boutique\/"},{"@type":"ListItem","position":3,"name":"Gibeci\u00e8re n\u00b02"}]},{"@type":"WebSite","@id":"https:\/\/www.lesacduberger.com\/#website","url":"https:\/\/www.lesacduberger.com\/","name":"Le Sac du Berger","description":"","publisher":{"@id":"https:\/\/www.lesacduberger.com\/#organization"},"potentialAction":[{"@type":"SearchAction","target":{"@type":"EntryPoint","urlTemplate":"https:\/\/www.lesacduberger.com\/?s={search_term_string}"},"query-input":{"@type":"PropertyValueSpecification","valueRequired":true,"valueName":"search_term_string"}}],"inLanguage":"en-US"},{"@type":"Organization","@id":"https:\/\/www.lesacduberger.com\/#organization","name":"Le Sac du Berger","url":"https:\/\/www.lesacduberger.com\/","logo":{"@type":"ImageObject","inLanguage":"en-US","@id":"https:\/\/www.lesacduberger.com\/#\/schema\/logo\/image\/","url":"https:\/\/www.lesacduberger.com\/wp-content\/uploads\/2020\/09\/Logo-Sac-du-Berger-blanc-OK.png","contentUrl":"https:\/\/www.lesacduberger.com\/wp-content\/uploads\/2020\/09\/Logo-Sac-du-Berger-blanc-OK.png","width":2093,"height":510,"caption":"Le Sac du Berger"},"image":{"@id":"https:\/\/www.lesacduberger.com\/#\/schema\/logo\/image\/"},"sameAs":["https:\/\/www.facebook.com\/lesacduberger","https:\/\/www.instagram.com\/lesacduberger\/?hl=fr"]}]}},"_links":{"self":[{"href":"https:\/\/www.lesacduberger.com\/en\/wp-json\/wp\/v2\/product\/21407","targetHints":{"allow":["GET"]}}],"collection":[{"href":"https:\/\/www.lesacduberger.com\/en\/wp-json\/wp\/v2\/product"}],"about":[{"href":"https:\/\/www.lesacduberger.com\/en\/wp-json\/wp\/v2\/types\/product"}],"wp:featuredmedia":[{"embeddable":true,"href":"https:\/\/www.lesacduberger.com\/en\/wp-json\/wp\/v2\/media\/46562"}],"wp:attachment":[{"href":"https:\/\/www.lesacduberger.com\/en\/wp-json\/wp\/v2\/media?parent=21407"}],"wp:term":[{"taxonomy":"product_brand","embeddable":true,"href":"https:\/\/www.lesacduberger.com\/en\/wp-json\/wp\/v2\/product_brand?post=21407"},{"taxonomy":"product_cat","embeddable":true,"href":"https:\/\/www.lesacduberger.com\/en\/wp-json\/wp\/v2\/product_cat?post=21407"},{"taxonomy":"product_tag","embeddable":true,"href":"https:\/\/www.lesacduberger.com\/en\/wp-json\/wp\/v2\/product_tag?post=21407"},{"taxonomy":"giftcard-category","embeddable":true,"href":"https:\/\/www.lesacduberger.com\/en\/wp-json\/wp\/v2\/giftcard-category?post=21407"}],"curies":[{"name":"wp","href":"https:\/\/api.w.org\/{rel}","templated":true}]}}