{"id":21433,"date":"2015-04-14T21:42:45","date_gmt":"2015-04-14T19:42:45","guid":{"rendered":"https:\/\/www.lesacduberger.com\/produit\/besace-n1\/"},"modified":"2026-04-23T15:44:24","modified_gmt":"2026-04-23T13:44:24","slug":"bag-n1","status":"publish","type":"product","link":"https:\/\/www.lesacduberger.com\/en\/product\/bag-n1\/","title":{"rendered":"Bag n\u00b01"},"content":{"rendered":"<h2>Leather bag with shoulder strap<\/h2>\n<p>Our men's n\u00b01 leather besace combines modernity and tradition. Designed with numerous compartments, it's a practical and sturdy bag.<\/p>\n<ul>\n<li>Inside, 3 pockets including a central one with metal closure<\/li>\n<li>Two large front pockets<\/li>\n<li>Adjustable shoulder strap in thick saddlery leather with saddle stitching on the sides<\/li>\n<li>Soft leather body and flap<\/li>\n<\/ul>\n<h2>Our handcrafted leather pouch for men<\/h2>\n<p>This <strong>men's leather bag<\/strong> is available in 2 sizes. This is the smallest model, whose dimensions can be found in our \"Details and Composition\" tab. This bag will be perfect for carrying your tablet or laptop, up to 14 inches... and our <a href=\"\/en\/product\/bag-n2\/\">bag n\u00b02<\/a> offers more generous dimensions, if required.<\/p>\n<p>The various manufacturing stages, from the origin of the skins to the tanning and finishing of the finished object, are carried out within a 120-kilometer radius of the Layrolle workshop. All our products are designed to be durable and repairable.<\/p>\n<p>It's not just a <strong>leather satchel<\/strong>This elegant and practical accessory is ideal for carrying your personal belongings on a daily basis. Made from high-quality leather for unique strength and a beautiful finish, this large leather bag also features well-designed storage compartments for easy stowage of your essentials. Elegant, durable and practical, our leather satchel is an excellent choice for anyone looking for a stylish, functional accessory.<\/p>","protected":false},"excerpt":{"rendered":"<p>Our Besace n\u00b01 combines modernity and tradition, soft leather and hard leather to offer you a practical and robust bag. It will follow you throughout your career, whether in the office or on the move.<\/p>","protected":false},"featured_media":46532,"template":"","meta":[],"product_brand":[],"product_cat":[1534,1525,1547],"product_tag":[],"giftcard-category":[],"class_list":{"0":"post-21433","1":"product","2":"type-product","3":"status-publish","4":"has-post-thumbnail","6":"product_cat-les-sacs-bandouliere","7":"product_cat-sacs","8":"product_cat-les-besaces-et-cabas","9":"pa_compositions-cuirdevachetteorigineaveyron","10":"pa_couleur-fauve","11":"pa_couleur-noir","12":"pa_couleur-rouge","13":"pa_hauteur-28cm","14":"pa_largeur-37cm","15":"pa_longueurbandouliere-reglablede118a135cm","16":"pa_profondeur-17cm","18":"first","19":"instock","20":"taxable","21":"shipping-taxable","22":"purchasable","23":"product-type-variable","24":"has-default-attributes"},"yoast_head":"<!-- This site is optimized with the Yoast SEO plugin v27.1.1 - https:\/\/yoast.com\/product\/yoast-seo-wordpress\/ -->\n<title>Sacoche en Cuir Homme - Besace Bandouli\u00e8re 100 % Fran\u00e7aise<\/title>\n<meta name=\"description\" content=\"La Besace n\u00b01 est une sacoche bandouli\u00e8re pour homme et femme, fabriqu\u00e9e en cuir tann\u00e9 localement. Format parfait pour grandes tablettes, PC et documents A4\" \/>\n<meta name=\"robots\" content=\"index, follow, max-snippet:-1, max-image-preview:large, max-video-preview:-1\" \/>\n<link rel=\"canonical\" href=\"https:\/\/www.lesacduberger.com\/en\/product\/bag-n1\/\" \/>\n<meta property=\"og:locale\" content=\"en_US\" \/>\n<meta property=\"og:title\" content=\"Sacoche en Cuir Homme - Besace Bandouli\u00e8re 100 % Fran\u00e7aise\" \/>\n<meta property=\"og:description\" content=\"La Besace n\u00b01 est une sacoche bandouli\u00e8re pour homme et femme, fabriqu\u00e9e en cuir tann\u00e9 localement. Format parfait pour grandes tablettes, PC et documents A4\" \/>\n<meta property=\"og:url\" content=\"https:\/\/www.lesacduberger.com\/en\/product\/bag-n1\/\" \/>\n<meta property=\"og:site_name\" content=\"Le Sac du Berger\" \/>\n<meta property=\"article:publisher\" content=\"https:\/\/www.facebook.com\/lesacduberger\" \/>\n<meta property=\"article:modified_time\" content=\"2026-04-23T13:44:24+00:00\" \/>\n<meta property=\"og:image\" content=\"https:\/\/www.lesacduberger.com\/wp-content\/uploads\/2015\/04\/Besace-N%C2%B01-Fauve-1-0000.jpg\" \/>\n\t<meta property=\"og:image:width\" content=\"1080\" \/>\n\t<meta property=\"og:image:height\" content=\"1350\" \/>\n\t<meta property=\"og:image:type\" content=\"image\/jpeg\" \/>\n<meta name=\"twitter:card\" content=\"summary_large_image\" \/>\n<script type=\"application\/ld+json\" class=\"yoast-schema-graph\">{\"@context\":\"https:\/\/schema.org\",\"@graph\":[{\"@type\":\"WebPage\",\"@id\":\"https:\/\/www.lesacduberger.com\/produit\/besace-n1\/\",\"url\":\"https:\/\/www.lesacduberger.com\/produit\/besace-n1\/\",\"name\":\"Sacoche en Cuir Homme - Besace Bandouli\u00e8re 100 % Fran\u00e7aise\",\"isPartOf\":{\"@id\":\"https:\/\/www.lesacduberger.com\/#website\"},\"primaryImageOfPage\":{\"@id\":\"https:\/\/www.lesacduberger.com\/produit\/besace-n1\/#primaryimage\"},\"image\":{\"@id\":\"https:\/\/www.lesacduberger.com\/produit\/besace-n1\/#primaryimage\"},\"thumbnailUrl\":\"https:\/\/www.lesacduberger.com\/wp-content\/uploads\/2015\/04\/Besace-N%C2%B01-Fauve-1-0000.jpg\",\"datePublished\":\"2015-04-14T19:42:45+00:00\",\"dateModified\":\"2026-04-23T13:44:24+00:00\",\"description\":\"La Besace n\u00b01 est une sacoche bandouli\u00e8re pour homme et femme, fabriqu\u00e9e en cuir tann\u00e9 localement. Format parfait pour grandes tablettes, PC et documents A4\",\"breadcrumb\":{\"@id\":\"https:\/\/www.lesacduberger.com\/produit\/besace-n1\/#breadcrumb\"},\"inLanguage\":\"en-US\",\"potentialAction\":[{\"@type\":\"ReadAction\",\"target\":[\"https:\/\/www.lesacduberger.com\/produit\/besace-n1\/\"]}]},{\"@type\":\"ImageObject\",\"inLanguage\":\"en-US\",\"@id\":\"https:\/\/www.lesacduberger.com\/produit\/besace-n1\/#primaryimage\",\"url\":\"https:\/\/www.lesacduberger.com\/wp-content\/uploads\/2015\/04\/Besace-N%C2%B01-Fauve-1-0000.jpg\",\"contentUrl\":\"https:\/\/www.lesacduberger.com\/wp-content\/uploads\/2015\/04\/Besace-N%C2%B01-Fauve-1-0000.jpg\",\"width\":1080,\"height\":1350},{\"@type\":\"BreadcrumbList\",\"@id\":\"https:\/\/www.lesacduberger.com\/produit\/besace-n1\/#breadcrumb\",\"itemListElement\":[{\"@type\":\"ListItem\",\"position\":1,\"name\":\"Accueil\",\"item\":\"https:\/\/www.lesacduberger.com\/\"},{\"@type\":\"ListItem\",\"position\":2,\"name\":\"Boutique\",\"item\":\"https:\/\/www.lesacduberger.com\/boutique\/\"},{\"@type\":\"ListItem\",\"position\":3,\"name\":\"Besace n\u00b01\"}]},{\"@type\":\"WebSite\",\"@id\":\"https:\/\/www.lesacduberger.com\/#website\",\"url\":\"https:\/\/www.lesacduberger.com\/\",\"name\":\"Le Sac du Berger\",\"description\":\"\",\"publisher\":{\"@id\":\"https:\/\/www.lesacduberger.com\/#organization\"},\"potentialAction\":[{\"@type\":\"SearchAction\",\"target\":{\"@type\":\"EntryPoint\",\"urlTemplate\":\"https:\/\/www.lesacduberger.com\/?s={search_term_string}\"},\"query-input\":{\"@type\":\"PropertyValueSpecification\",\"valueRequired\":true,\"valueName\":\"search_term_string\"}}],\"inLanguage\":\"en-US\"},{\"@type\":\"Organization\",\"@id\":\"https:\/\/www.lesacduberger.com\/#organization\",\"name\":\"Le Sac du Berger\",\"url\":\"https:\/\/www.lesacduberger.com\/\",\"logo\":{\"@type\":\"ImageObject\",\"inLanguage\":\"en-US\",\"@id\":\"https:\/\/www.lesacduberger.com\/#\/schema\/logo\/image\/\",\"url\":\"https:\/\/www.lesacduberger.com\/wp-content\/uploads\/2020\/09\/Logo-Sac-du-Berger-blanc-OK.png\",\"contentUrl\":\"https:\/\/www.lesacduberger.com\/wp-content\/uploads\/2020\/09\/Logo-Sac-du-Berger-blanc-OK.png\",\"width\":2093,\"height\":510,\"caption\":\"Le Sac du Berger\"},\"image\":{\"@id\":\"https:\/\/www.lesacduberger.com\/#\/schema\/logo\/image\/\"},\"sameAs\":[\"https:\/\/www.facebook.com\/lesacduberger\",\"https:\/\/www.instagram.com\/lesacduberger\/?hl=fr\"]}]}<\/script>\n<!-- \/ Yoast SEO plugin. -->","yoast_head_json":{"title":"Men's Leather Satchel - Besace Bandouli\u00e8re 100 % French","description":"La Besace n\u00b01 is a shoulder bag for men and women, made from locally tanned leather. Perfect size for large tablets, PCs and A4 documents","robots":{"index":"index","follow":"follow","max-snippet":"max-snippet:-1","max-image-preview":"max-image-preview:large","max-video-preview":"max-video-preview:-1"},"canonical":"https:\/\/www.lesacduberger.com\/en\/product\/bag-n1\/","og_locale":"en_US","og_title":"Sacoche en Cuir Homme - Besace Bandouli\u00e8re 100 % Fran\u00e7aise","og_description":"La Besace n\u00b01 est une sacoche bandouli\u00e8re pour homme et femme, fabriqu\u00e9e en cuir tann\u00e9 localement. Format parfait pour grandes tablettes, PC et documents A4","og_url":"https:\/\/www.lesacduberger.com\/en\/product\/bag-n1\/","og_site_name":"Le Sac du Berger","article_publisher":"https:\/\/www.facebook.com\/lesacduberger","article_modified_time":"2026-04-23T13:44:24+00:00","og_image":[{"width":1080,"height":1350,"url":"https:\/\/www.lesacduberger.com\/wp-content\/uploads\/2015\/04\/Besace-N%C2%B01-Fauve-1-0000.jpg","type":"image\/jpeg"}],"twitter_card":"summary_large_image","schema":{"@context":"https:\/\/schema.org","@graph":[{"@type":"WebPage","@id":"https:\/\/www.lesacduberger.com\/produit\/besace-n1\/","url":"https:\/\/www.lesacduberger.com\/produit\/besace-n1\/","name":"Men's Leather Satchel - Besace Bandouli\u00e8re 100 % French","isPartOf":{"@id":"https:\/\/www.lesacduberger.com\/#website"},"primaryImageOfPage":{"@id":"https:\/\/www.lesacduberger.com\/produit\/besace-n1\/#primaryimage"},"image":{"@id":"https:\/\/www.lesacduberger.com\/produit\/besace-n1\/#primaryimage"},"thumbnailUrl":"https:\/\/www.lesacduberger.com\/wp-content\/uploads\/2015\/04\/Besace-N%C2%B01-Fauve-1-0000.jpg","datePublished":"2015-04-14T19:42:45+00:00","dateModified":"2026-04-23T13:44:24+00:00","description":"La Besace n\u00b01 is a shoulder bag for men and women, made from locally tanned leather. Perfect size for large tablets, PCs and A4 documents","breadcrumb":{"@id":"https:\/\/www.lesacduberger.com\/produit\/besace-n1\/#breadcrumb"},"inLanguage":"en-US","potentialAction":[{"@type":"ReadAction","target":["https:\/\/www.lesacduberger.com\/produit\/besace-n1\/"]}]},{"@type":"ImageObject","inLanguage":"en-US","@id":"https:\/\/www.lesacduberger.com\/produit\/besace-n1\/#primaryimage","url":"https:\/\/www.lesacduberger.com\/wp-content\/uploads\/2015\/04\/Besace-N%C2%B01-Fauve-1-0000.jpg","contentUrl":"https:\/\/www.lesacduberger.com\/wp-content\/uploads\/2015\/04\/Besace-N%C2%B01-Fauve-1-0000.jpg","width":1080,"height":1350},{"@type":"BreadcrumbList","@id":"https:\/\/www.lesacduberger.com\/produit\/besace-n1\/#breadcrumb","itemListElement":[{"@type":"ListItem","position":1,"name":"Accueil","item":"https:\/\/www.lesacduberger.com\/"},{"@type":"ListItem","position":2,"name":"Boutique","item":"https:\/\/www.lesacduberger.com\/boutique\/"},{"@type":"ListItem","position":3,"name":"Besace n\u00b01"}]},{"@type":"WebSite","@id":"https:\/\/www.lesacduberger.com\/#website","url":"https:\/\/www.lesacduberger.com\/","name":"Le Sac du Berger","description":"","publisher":{"@id":"https:\/\/www.lesacduberger.com\/#organization"},"potentialAction":[{"@type":"SearchAction","target":{"@type":"EntryPoint","urlTemplate":"https:\/\/www.lesacduberger.com\/?s={search_term_string}"},"query-input":{"@type":"PropertyValueSpecification","valueRequired":true,"valueName":"search_term_string"}}],"inLanguage":"en-US"},{"@type":"Organization","@id":"https:\/\/www.lesacduberger.com\/#organization","name":"Le Sac du Berger","url":"https:\/\/www.lesacduberger.com\/","logo":{"@type":"ImageObject","inLanguage":"en-US","@id":"https:\/\/www.lesacduberger.com\/#\/schema\/logo\/image\/","url":"https:\/\/www.lesacduberger.com\/wp-content\/uploads\/2020\/09\/Logo-Sac-du-Berger-blanc-OK.png","contentUrl":"https:\/\/www.lesacduberger.com\/wp-content\/uploads\/2020\/09\/Logo-Sac-du-Berger-blanc-OK.png","width":2093,"height":510,"caption":"Le Sac du Berger"},"image":{"@id":"https:\/\/www.lesacduberger.com\/#\/schema\/logo\/image\/"},"sameAs":["https:\/\/www.facebook.com\/lesacduberger","https:\/\/www.instagram.com\/lesacduberger\/?hl=fr"]}]}},"_links":{"self":[{"href":"https:\/\/www.lesacduberger.com\/en\/wp-json\/wp\/v2\/product\/21433","targetHints":{"allow":["GET"]}}],"collection":[{"href":"https:\/\/www.lesacduberger.com\/en\/wp-json\/wp\/v2\/product"}],"about":[{"href":"https:\/\/www.lesacduberger.com\/en\/wp-json\/wp\/v2\/types\/product"}],"wp:featuredmedia":[{"embeddable":true,"href":"https:\/\/www.lesacduberger.com\/en\/wp-json\/wp\/v2\/media\/46532"}],"wp:attachment":[{"href":"https:\/\/www.lesacduberger.com\/en\/wp-json\/wp\/v2\/media?parent=21433"}],"wp:term":[{"taxonomy":"product_brand","embeddable":true,"href":"https:\/\/www.lesacduberger.com\/en\/wp-json\/wp\/v2\/product_brand?post=21433"},{"taxonomy":"product_cat","embeddable":true,"href":"https:\/\/www.lesacduberger.com\/en\/wp-json\/wp\/v2\/product_cat?post=21433"},{"taxonomy":"product_tag","embeddable":true,"href":"https:\/\/www.lesacduberger.com\/en\/wp-json\/wp\/v2\/product_tag?post=21433"},{"taxonomy":"giftcard-category","embeddable":true,"href":"https:\/\/www.lesacduberger.com\/en\/wp-json\/wp\/v2\/giftcard-category?post=21433"}],"curies":[{"name":"wp","href":"https:\/\/api.w.org\/{rel}","templated":true}]}}