{"id":21455,"date":"2015-04-14T21:48:00","date_gmt":"2015-04-14T19:48:00","guid":{"rendered":"https:\/\/www.lesacduberger.com\/produit\/sac-rando-n1\/"},"modified":"2026-04-23T15:32:49","modified_gmt":"2026-04-23T13:32:49","slug":"bag-rando-n1","status":"publish","type":"product","link":"https:\/\/www.lesacduberger.com\/en\/product\/bag-rando-n1\/","title":{"rendered":"Hiking bag n\u00b01"},"content":{"rendered":"<h2>The leather hiking bag<\/h2>\n<p>Our n\u00b01 leather backpacking bag will accompany you on all your travels and never leave your side!<\/p>\n<ul>\n<li>Three outside front pockets with flap and buckle<\/li>\n<li>Inside patch pocket<\/li>\n<\/ul>\n<p>This bag is available in 2 sizes. This is the smaller model.<\/p>\n<p>The various stages of production, from the origin of the skins to the tanning and finishing of the finished object, are carried out within a 120-kilometer radius of the Layrolle workshop.<\/p>\n<p>All our products are designed to be durable and repairable.<\/p>","protected":false},"excerpt":{"rendered":"<p>The Sac Rando n\u00b01 will accompany you on all your travels and adventures. The Sac Rando n\u00b01 will be your new favorite companion, whether you're heading out into the wilderness or the city.<\/p>","protected":false},"featured_media":46527,"template":"","meta":[],"product_brand":[],"product_cat":[1525,1540],"product_tag":[],"giftcard-category":[],"class_list":{"0":"post-21455","1":"product","2":"type-product","3":"status-publish","4":"has-post-thumbnail","6":"product_cat-sacs","7":"product_cat-les-sacs-a-dos","8":"pa_compositions-cuirdevachetteorigineaveyron","9":"pa_couleur-fauve","10":"pa_couleur-noir","11":"pa_hauteur-29cm","12":"pa_largeur-25cm","13":"pa_profondeur-14cm","15":"first","16":"instock","17":"taxable","18":"shipping-taxable","19":"purchasable","20":"product-type-variable","21":"has-default-attributes"},"yoast_head":"<!-- This site is optimized with the Yoast SEO plugin v27.1.1 - https:\/\/yoast.com\/product\/yoast-seo-wordpress\/ -->\n<title>Sac rando n\u00b01 : Sac \u00e0 dos randonn\u00e9e et ville en cuir vachette<\/title>\n<meta name=\"description\" content=\"Sac randonn\u00e9e mixte en cuir vachette pleine fleur tann\u00e9 localement. Agr\u00e9ment\u00e9 d\u2019une bouclerie en laiton massif. Tr\u00e8s pratique pour vos sorties !\" \/>\n<meta name=\"robots\" content=\"index, follow, max-snippet:-1, max-image-preview:large, max-video-preview:-1\" \/>\n<link rel=\"canonical\" href=\"https:\/\/www.lesacduberger.com\/en\/product\/bag-rando-n1\/\" \/>\n<meta property=\"og:locale\" content=\"en_US\" \/>\n<meta property=\"og:title\" content=\"Sac rando n\u00b01 : Sac \u00e0 dos randonn\u00e9e et ville en cuir vachette\" \/>\n<meta property=\"og:description\" content=\"Sac randonn\u00e9e mixte en cuir vachette pleine fleur tann\u00e9 localement. Agr\u00e9ment\u00e9 d\u2019une bouclerie en laiton massif. Tr\u00e8s pratique pour vos sorties !\" \/>\n<meta property=\"og:url\" content=\"https:\/\/www.lesacduberger.com\/en\/product\/bag-rando-n1\/\" \/>\n<meta property=\"og:site_name\" content=\"Le Sac du Berger\" \/>\n<meta property=\"article:publisher\" content=\"https:\/\/www.facebook.com\/lesacduberger\" \/>\n<meta property=\"article:modified_time\" content=\"2026-04-23T13:32:49+00:00\" \/>\n<meta property=\"og:image\" content=\"https:\/\/www.lesacduberger.com\/wp-content\/uploads\/2015\/04\/Sac-Rando-n%C2%B01-Noir-couverture.jpg\" \/>\n\t<meta property=\"og:image:width\" content=\"1080\" \/>\n\t<meta property=\"og:image:height\" content=\"1350\" \/>\n\t<meta property=\"og:image:type\" content=\"image\/jpeg\" \/>\n<meta name=\"twitter:card\" content=\"summary_large_image\" \/>\n<script type=\"application\/ld+json\" class=\"yoast-schema-graph\">{\"@context\":\"https:\/\/schema.org\",\"@graph\":[{\"@type\":\"WebPage\",\"@id\":\"https:\/\/www.lesacduberger.com\/produit\/sac-rando-n1\/\",\"url\":\"https:\/\/www.lesacduberger.com\/produit\/sac-rando-n1\/\",\"name\":\"Sac rando n\u00b01 : Sac \u00e0 dos randonn\u00e9e et ville en cuir vachette\",\"isPartOf\":{\"@id\":\"https:\/\/www.lesacduberger.com\/#website\"},\"primaryImageOfPage\":{\"@id\":\"https:\/\/www.lesacduberger.com\/produit\/sac-rando-n1\/#primaryimage\"},\"image\":{\"@id\":\"https:\/\/www.lesacduberger.com\/produit\/sac-rando-n1\/#primaryimage\"},\"thumbnailUrl\":\"https:\/\/www.lesacduberger.com\/wp-content\/uploads\/2015\/04\/Sac-Rando-n%C2%B01-Noir-couverture.jpg\",\"datePublished\":\"2015-04-14T19:48:00+00:00\",\"dateModified\":\"2026-04-23T13:32:49+00:00\",\"description\":\"Sac randonn\u00e9e mixte en cuir vachette pleine fleur tann\u00e9 localement. Agr\u00e9ment\u00e9 d\u2019une bouclerie en laiton massif. Tr\u00e8s pratique pour vos sorties !\",\"breadcrumb\":{\"@id\":\"https:\/\/www.lesacduberger.com\/produit\/sac-rando-n1\/#breadcrumb\"},\"inLanguage\":\"en-US\",\"potentialAction\":[{\"@type\":\"ReadAction\",\"target\":[\"https:\/\/www.lesacduberger.com\/produit\/sac-rando-n1\/\"]}]},{\"@type\":\"ImageObject\",\"inLanguage\":\"en-US\",\"@id\":\"https:\/\/www.lesacduberger.com\/produit\/sac-rando-n1\/#primaryimage\",\"url\":\"https:\/\/www.lesacduberger.com\/wp-content\/uploads\/2015\/04\/Sac-Rando-n%C2%B01-Noir-couverture.jpg\",\"contentUrl\":\"https:\/\/www.lesacduberger.com\/wp-content\/uploads\/2015\/04\/Sac-Rando-n%C2%B01-Noir-couverture.jpg\",\"width\":1080,\"height\":1350},{\"@type\":\"BreadcrumbList\",\"@id\":\"https:\/\/www.lesacduberger.com\/produit\/sac-rando-n1\/#breadcrumb\",\"itemListElement\":[{\"@type\":\"ListItem\",\"position\":1,\"name\":\"Accueil\",\"item\":\"https:\/\/www.lesacduberger.com\/\"},{\"@type\":\"ListItem\",\"position\":2,\"name\":\"Boutique\",\"item\":\"https:\/\/www.lesacduberger.com\/boutique\/\"},{\"@type\":\"ListItem\",\"position\":3,\"name\":\"Sac Rando n\u00b01\"}]},{\"@type\":\"WebSite\",\"@id\":\"https:\/\/www.lesacduberger.com\/#website\",\"url\":\"https:\/\/www.lesacduberger.com\/\",\"name\":\"Le Sac du Berger\",\"description\":\"\",\"publisher\":{\"@id\":\"https:\/\/www.lesacduberger.com\/#organization\"},\"potentialAction\":[{\"@type\":\"SearchAction\",\"target\":{\"@type\":\"EntryPoint\",\"urlTemplate\":\"https:\/\/www.lesacduberger.com\/?s={search_term_string}\"},\"query-input\":{\"@type\":\"PropertyValueSpecification\",\"valueRequired\":true,\"valueName\":\"search_term_string\"}}],\"inLanguage\":\"en-US\"},{\"@type\":\"Organization\",\"@id\":\"https:\/\/www.lesacduberger.com\/#organization\",\"name\":\"Le Sac du Berger\",\"url\":\"https:\/\/www.lesacduberger.com\/\",\"logo\":{\"@type\":\"ImageObject\",\"inLanguage\":\"en-US\",\"@id\":\"https:\/\/www.lesacduberger.com\/#\/schema\/logo\/image\/\",\"url\":\"https:\/\/www.lesacduberger.com\/wp-content\/uploads\/2020\/09\/Logo-Sac-du-Berger-blanc-OK.png\",\"contentUrl\":\"https:\/\/www.lesacduberger.com\/wp-content\/uploads\/2020\/09\/Logo-Sac-du-Berger-blanc-OK.png\",\"width\":2093,\"height\":510,\"caption\":\"Le Sac du Berger\"},\"image\":{\"@id\":\"https:\/\/www.lesacduberger.com\/#\/schema\/logo\/image\/\"},\"sameAs\":[\"https:\/\/www.facebook.com\/lesacduberger\",\"https:\/\/www.instagram.com\/lesacduberger\/?hl=fr\"]}]}<\/script>\n<!-- \/ Yoast SEO plugin. -->","yoast_head_json":{"title":"Hiking bag n\u00b01 : Cowhide leather hiking and city backpack","description":"Mixed hiking bag in locally tanned full grain cowhide. Embellished with a solid brass buckle. Very practical for your outings!","robots":{"index":"index","follow":"follow","max-snippet":"max-snippet:-1","max-image-preview":"max-image-preview:large","max-video-preview":"max-video-preview:-1"},"canonical":"https:\/\/www.lesacduberger.com\/en\/product\/bag-rando-n1\/","og_locale":"en_US","og_title":"Sac rando n\u00b01 : Sac \u00e0 dos randonn\u00e9e et ville en cuir vachette","og_description":"Sac randonn\u00e9e mixte en cuir vachette pleine fleur tann\u00e9 localement. Agr\u00e9ment\u00e9 d\u2019une bouclerie en laiton massif. Tr\u00e8s pratique pour vos sorties !","og_url":"https:\/\/www.lesacduberger.com\/en\/product\/bag-rando-n1\/","og_site_name":"Le Sac du Berger","article_publisher":"https:\/\/www.facebook.com\/lesacduberger","article_modified_time":"2026-04-23T13:32:49+00:00","og_image":[{"width":1080,"height":1350,"url":"https:\/\/www.lesacduberger.com\/wp-content\/uploads\/2015\/04\/Sac-Rando-n%C2%B01-Noir-couverture.jpg","type":"image\/jpeg"}],"twitter_card":"summary_large_image","schema":{"@context":"https:\/\/schema.org","@graph":[{"@type":"WebPage","@id":"https:\/\/www.lesacduberger.com\/produit\/sac-rando-n1\/","url":"https:\/\/www.lesacduberger.com\/produit\/sac-rando-n1\/","name":"Hiking bag n\u00b01 : Cowhide leather hiking and city backpack","isPartOf":{"@id":"https:\/\/www.lesacduberger.com\/#website"},"primaryImageOfPage":{"@id":"https:\/\/www.lesacduberger.com\/produit\/sac-rando-n1\/#primaryimage"},"image":{"@id":"https:\/\/www.lesacduberger.com\/produit\/sac-rando-n1\/#primaryimage"},"thumbnailUrl":"https:\/\/www.lesacduberger.com\/wp-content\/uploads\/2015\/04\/Sac-Rando-n%C2%B01-Noir-couverture.jpg","datePublished":"2015-04-14T19:48:00+00:00","dateModified":"2026-04-23T13:32:49+00:00","description":"Mixed hiking bag in locally tanned full grain cowhide. Embellished with a solid brass buckle. Very practical for your outings!","breadcrumb":{"@id":"https:\/\/www.lesacduberger.com\/produit\/sac-rando-n1\/#breadcrumb"},"inLanguage":"en-US","potentialAction":[{"@type":"ReadAction","target":["https:\/\/www.lesacduberger.com\/produit\/sac-rando-n1\/"]}]},{"@type":"ImageObject","inLanguage":"en-US","@id":"https:\/\/www.lesacduberger.com\/produit\/sac-rando-n1\/#primaryimage","url":"https:\/\/www.lesacduberger.com\/wp-content\/uploads\/2015\/04\/Sac-Rando-n%C2%B01-Noir-couverture.jpg","contentUrl":"https:\/\/www.lesacduberger.com\/wp-content\/uploads\/2015\/04\/Sac-Rando-n%C2%B01-Noir-couverture.jpg","width":1080,"height":1350},{"@type":"BreadcrumbList","@id":"https:\/\/www.lesacduberger.com\/produit\/sac-rando-n1\/#breadcrumb","itemListElement":[{"@type":"ListItem","position":1,"name":"Accueil","item":"https:\/\/www.lesacduberger.com\/"},{"@type":"ListItem","position":2,"name":"Boutique","item":"https:\/\/www.lesacduberger.com\/boutique\/"},{"@type":"ListItem","position":3,"name":"Sac Rando n\u00b01"}]},{"@type":"WebSite","@id":"https:\/\/www.lesacduberger.com\/#website","url":"https:\/\/www.lesacduberger.com\/","name":"Le Sac du Berger","description":"","publisher":{"@id":"https:\/\/www.lesacduberger.com\/#organization"},"potentialAction":[{"@type":"SearchAction","target":{"@type":"EntryPoint","urlTemplate":"https:\/\/www.lesacduberger.com\/?s={search_term_string}"},"query-input":{"@type":"PropertyValueSpecification","valueRequired":true,"valueName":"search_term_string"}}],"inLanguage":"en-US"},{"@type":"Organization","@id":"https:\/\/www.lesacduberger.com\/#organization","name":"Le Sac du Berger","url":"https:\/\/www.lesacduberger.com\/","logo":{"@type":"ImageObject","inLanguage":"en-US","@id":"https:\/\/www.lesacduberger.com\/#\/schema\/logo\/image\/","url":"https:\/\/www.lesacduberger.com\/wp-content\/uploads\/2020\/09\/Logo-Sac-du-Berger-blanc-OK.png","contentUrl":"https:\/\/www.lesacduberger.com\/wp-content\/uploads\/2020\/09\/Logo-Sac-du-Berger-blanc-OK.png","width":2093,"height":510,"caption":"Le Sac du Berger"},"image":{"@id":"https:\/\/www.lesacduberger.com\/#\/schema\/logo\/image\/"},"sameAs":["https:\/\/www.facebook.com\/lesacduberger","https:\/\/www.instagram.com\/lesacduberger\/?hl=fr"]}]}},"_links":{"self":[{"href":"https:\/\/www.lesacduberger.com\/en\/wp-json\/wp\/v2\/product\/21455","targetHints":{"allow":["GET"]}}],"collection":[{"href":"https:\/\/www.lesacduberger.com\/en\/wp-json\/wp\/v2\/product"}],"about":[{"href":"https:\/\/www.lesacduberger.com\/en\/wp-json\/wp\/v2\/types\/product"}],"wp:featuredmedia":[{"embeddable":true,"href":"https:\/\/www.lesacduberger.com\/en\/wp-json\/wp\/v2\/media\/46527"}],"wp:attachment":[{"href":"https:\/\/www.lesacduberger.com\/en\/wp-json\/wp\/v2\/media?parent=21455"}],"wp:term":[{"taxonomy":"product_brand","embeddable":true,"href":"https:\/\/www.lesacduberger.com\/en\/wp-json\/wp\/v2\/product_brand?post=21455"},{"taxonomy":"product_cat","embeddable":true,"href":"https:\/\/www.lesacduberger.com\/en\/wp-json\/wp\/v2\/product_cat?post=21455"},{"taxonomy":"product_tag","embeddable":true,"href":"https:\/\/www.lesacduberger.com\/en\/wp-json\/wp\/v2\/product_tag?post=21455"},{"taxonomy":"giftcard-category","embeddable":true,"href":"https:\/\/www.lesacduberger.com\/en\/wp-json\/wp\/v2\/giftcard-category?post=21455"}],"curies":[{"name":"wp","href":"https:\/\/api.w.org\/{rel}","templated":true}]}}