{"id":21509,"date":"2015-04-14T21:53:08","date_gmt":"2015-04-14T19:53:08","guid":{"rendered":"https:\/\/www.lesacduberger.com\/produit\/cabas-borde-n2\/"},"modified":"2026-04-23T15:20:19","modified_gmt":"2026-04-23T13:20:19","slug":"borde-n2-shopping-bag","status":"publish","type":"product","link":"https:\/\/www.lesacduberger.com\/en\/product\/borde-n2-shopping-bag\/","title":{"rendered":"Cabas Bord\u00e9 n\u00b02"},"content":{"rendered":"<h2>Women's leather tote bag<\/h2>\n<p>Our Cabas Bord\u00e9 n\u00b02 is ideal for the city. It's light, elegant and functional.<\/p>\n<ul>\n<li>Secure with zipper closure<\/li>\n<li>Inner lining in cotton and linen canvas<\/li>\n<li>Exterior patch pocket on front<\/li>\n<li>Inside, a zippered pocket and a leather tongue with carabiner hook for keys.<\/li>\n<li>Flat handles lined with leather on leather<\/li>\n<li>Six brass-coloured metal pins under the bag<\/li>\n<\/ul>\n<p>This tote bag is available in 2 sizes. This is the larger model.<\/p>\n<p>The various stages of production, from the origin of the skins to the tanning and finishing of the finished object, are carried out within a 120-kilometer radius of the Layrolle workshop.<\/p>\n<p>All our products are designed to be durable and repairable.<\/p>","protected":false},"excerpt":{"rendered":"<p>Sac fourre-tout en cuir pour femme Notre Cabas Bord\u00e9 n\u00b02 est id\u00e9al pour la ville. Il est l\u00e9ger, \u00e9l\u00e9gant et fonctionnel. S\u00e9curis\u00e9 gr\u00e2ce \u00e0 sa fermeture \u00e9clair Doublure int\u00e9rieure en toile m\u00e9tis (coton et lin) Une poche ext\u00e9rieure plaqu\u00e9e sur le devant A l&rsquo;int\u00e9rieur, une poche \u00e0 fermeture \u00e9clair ainsi qu&rsquo;une languette cuir munie d&rsquo;un [&hellip;]<\/p>\n","protected":false},"featured_media":46495,"template":"","meta":[],"product_brand":[],"product_cat":[1525,1547],"product_tag":[],"giftcard-category":[],"class_list":{"0":"post-21509","1":"product","2":"type-product","3":"status-publish","4":"has-post-thumbnail","6":"product_cat-sacs","7":"product_cat-les-besaces-et-cabas","8":"pa_compositions-cuirdevachetteorigineaveyron","9":"pa_couleur-fauve","10":"pa_couleur-noir","11":"pa_couleur-rouge","12":"pa_couleur-moka","13":"pa_hauteur-30cm","14":"pa_largeur-38cm","15":"pa_longueurbandouliere-47cm","16":"pa_profondeur-12cm","18":"first","19":"instock","20":"taxable","21":"shipping-taxable","22":"purchasable","23":"product-type-variable","24":"has-default-attributes"},"yoast_head":"<!-- This site is optimized with the Yoast SEO plugin v27.1.1 - https:\/\/yoast.com\/product\/yoast-seo-wordpress\/ -->\n<title>Cabas Bord\u00e9 n\u00b02 sac fourre tout en cuir vachette made in france<\/title>\n<meta name=\"description\" content=\"Cabas Bord\u00e9 pour femme. Grand volume de rangement et poche int\u00e9rieure. Fabriqu\u00e9 avec du cuir tann\u00e9 en Occitanie. Int\u00e9rieur en toile m\u00e9tis\" \/>\n<meta name=\"robots\" content=\"index, follow, max-snippet:-1, max-image-preview:large, max-video-preview:-1\" \/>\n<link rel=\"canonical\" href=\"https:\/\/www.lesacduberger.com\/en\/product\/borde-n2-shopping-bag\/\" \/>\n<meta property=\"og:locale\" content=\"en_US\" \/>\n<meta property=\"og:title\" content=\"Cabas Bord\u00e9 n\u00b02 sac fourre tout en cuir vachette made in france\" \/>\n<meta property=\"og:description\" content=\"Cabas Bord\u00e9 pour femme. Grand volume de rangement et poche int\u00e9rieure. Fabriqu\u00e9 avec du cuir tann\u00e9 en Occitanie. Int\u00e9rieur en toile m\u00e9tis\" \/>\n<meta property=\"og:url\" content=\"https:\/\/www.lesacduberger.com\/en\/product\/borde-n2-shopping-bag\/\" \/>\n<meta property=\"og:site_name\" content=\"Le Sac du Berger\" \/>\n<meta property=\"article:publisher\" content=\"https:\/\/www.facebook.com\/lesacduberger\" \/>\n<meta property=\"article:modified_time\" content=\"2026-04-23T13:20:19+00:00\" \/>\n<meta property=\"og:image\" content=\"https:\/\/www.lesacduberger.com\/wp-content\/uploads\/2015\/04\/Cabas-Borde-N%C2%B02-Rouge-1-0000.jpg\" \/>\n\t<meta property=\"og:image:width\" content=\"1080\" \/>\n\t<meta property=\"og:image:height\" content=\"1350\" \/>\n\t<meta property=\"og:image:type\" content=\"image\/jpeg\" \/>\n<meta name=\"twitter:card\" content=\"summary_large_image\" \/>\n<script type=\"application\/ld+json\" class=\"yoast-schema-graph\">{\"@context\":\"https:\/\/schema.org\",\"@graph\":[{\"@type\":\"WebPage\",\"@id\":\"https:\/\/www.lesacduberger.com\/produit\/cabas-borde-n2\/\",\"url\":\"https:\/\/www.lesacduberger.com\/produit\/cabas-borde-n2\/\",\"name\":\"Cabas Bord\u00e9 n\u00b02 sac fourre tout en cuir vachette made in france\",\"isPartOf\":{\"@id\":\"https:\/\/www.lesacduberger.com\/#website\"},\"primaryImageOfPage\":{\"@id\":\"https:\/\/www.lesacduberger.com\/produit\/cabas-borde-n2\/#primaryimage\"},\"image\":{\"@id\":\"https:\/\/www.lesacduberger.com\/produit\/cabas-borde-n2\/#primaryimage\"},\"thumbnailUrl\":\"https:\/\/www.lesacduberger.com\/wp-content\/uploads\/2015\/04\/Cabas-Borde-N%C2%B02-Rouge-1-0000.jpg\",\"datePublished\":\"2015-04-14T19:53:08+00:00\",\"dateModified\":\"2026-04-23T13:20:19+00:00\",\"description\":\"Cabas Bord\u00e9 pour femme. Grand volume de rangement et poche int\u00e9rieure. Fabriqu\u00e9 avec du cuir tann\u00e9 en Occitanie. Int\u00e9rieur en toile m\u00e9tis\",\"breadcrumb\":{\"@id\":\"https:\/\/www.lesacduberger.com\/produit\/cabas-borde-n2\/#breadcrumb\"},\"inLanguage\":\"en-US\",\"potentialAction\":[{\"@type\":\"ReadAction\",\"target\":[\"https:\/\/www.lesacduberger.com\/produit\/cabas-borde-n2\/\"]}]},{\"@type\":\"ImageObject\",\"inLanguage\":\"en-US\",\"@id\":\"https:\/\/www.lesacduberger.com\/produit\/cabas-borde-n2\/#primaryimage\",\"url\":\"https:\/\/www.lesacduberger.com\/wp-content\/uploads\/2015\/04\/Cabas-Borde-N%C2%B02-Rouge-1-0000.jpg\",\"contentUrl\":\"https:\/\/www.lesacduberger.com\/wp-content\/uploads\/2015\/04\/Cabas-Borde-N%C2%B02-Rouge-1-0000.jpg\",\"width\":1080,\"height\":1350},{\"@type\":\"BreadcrumbList\",\"@id\":\"https:\/\/www.lesacduberger.com\/produit\/cabas-borde-n2\/#breadcrumb\",\"itemListElement\":[{\"@type\":\"ListItem\",\"position\":1,\"name\":\"Accueil\",\"item\":\"https:\/\/www.lesacduberger.com\/\"},{\"@type\":\"ListItem\",\"position\":2,\"name\":\"Boutique\",\"item\":\"https:\/\/www.lesacduberger.com\/boutique\/\"},{\"@type\":\"ListItem\",\"position\":3,\"name\":\"Cabas Bord\u00e9 n\u00b02\"}]},{\"@type\":\"WebSite\",\"@id\":\"https:\/\/www.lesacduberger.com\/#website\",\"url\":\"https:\/\/www.lesacduberger.com\/\",\"name\":\"Le Sac du Berger\",\"description\":\"\",\"publisher\":{\"@id\":\"https:\/\/www.lesacduberger.com\/#organization\"},\"potentialAction\":[{\"@type\":\"SearchAction\",\"target\":{\"@type\":\"EntryPoint\",\"urlTemplate\":\"https:\/\/www.lesacduberger.com\/?s={search_term_string}\"},\"query-input\":{\"@type\":\"PropertyValueSpecification\",\"valueRequired\":true,\"valueName\":\"search_term_string\"}}],\"inLanguage\":\"en-US\"},{\"@type\":\"Organization\",\"@id\":\"https:\/\/www.lesacduberger.com\/#organization\",\"name\":\"Le Sac du Berger\",\"url\":\"https:\/\/www.lesacduberger.com\/\",\"logo\":{\"@type\":\"ImageObject\",\"inLanguage\":\"en-US\",\"@id\":\"https:\/\/www.lesacduberger.com\/#\/schema\/logo\/image\/\",\"url\":\"https:\/\/www.lesacduberger.com\/wp-content\/uploads\/2020\/09\/Logo-Sac-du-Berger-blanc-OK.png\",\"contentUrl\":\"https:\/\/www.lesacduberger.com\/wp-content\/uploads\/2020\/09\/Logo-Sac-du-Berger-blanc-OK.png\",\"width\":2093,\"height\":510,\"caption\":\"Le Sac du Berger\"},\"image\":{\"@id\":\"https:\/\/www.lesacduberger.com\/#\/schema\/logo\/image\/\"},\"sameAs\":[\"https:\/\/www.facebook.com\/lesacduberger\",\"https:\/\/www.instagram.com\/lesacduberger\/?hl=fr\"]}]}<\/script>\n<!-- \/ Yoast SEO plugin. -->","yoast_head_json":{"title":"Cabas Bord\u00e9 n\u00b02 cowhide leather tote bag made in france","description":"Women's bordered tote bag. Large storage volume and inside pocket. Made with leather tanned in Occitanie. Mesh canvas interior","robots":{"index":"index","follow":"follow","max-snippet":"max-snippet:-1","max-image-preview":"max-image-preview:large","max-video-preview":"max-video-preview:-1"},"canonical":"https:\/\/www.lesacduberger.com\/en\/product\/borde-n2-shopping-bag\/","og_locale":"en_US","og_title":"Cabas Bord\u00e9 n\u00b02 sac fourre tout en cuir vachette made in france","og_description":"Cabas Bord\u00e9 pour femme. Grand volume de rangement et poche int\u00e9rieure. Fabriqu\u00e9 avec du cuir tann\u00e9 en Occitanie. Int\u00e9rieur en toile m\u00e9tis","og_url":"https:\/\/www.lesacduberger.com\/en\/product\/borde-n2-shopping-bag\/","og_site_name":"Le Sac du Berger","article_publisher":"https:\/\/www.facebook.com\/lesacduberger","article_modified_time":"2026-04-23T13:20:19+00:00","og_image":[{"width":1080,"height":1350,"url":"https:\/\/www.lesacduberger.com\/wp-content\/uploads\/2015\/04\/Cabas-Borde-N%C2%B02-Rouge-1-0000.jpg","type":"image\/jpeg"}],"twitter_card":"summary_large_image","schema":{"@context":"https:\/\/schema.org","@graph":[{"@type":"WebPage","@id":"https:\/\/www.lesacduberger.com\/produit\/cabas-borde-n2\/","url":"https:\/\/www.lesacduberger.com\/produit\/cabas-borde-n2\/","name":"Cabas Bord\u00e9 n\u00b02 cowhide leather tote bag made in france","isPartOf":{"@id":"https:\/\/www.lesacduberger.com\/#website"},"primaryImageOfPage":{"@id":"https:\/\/www.lesacduberger.com\/produit\/cabas-borde-n2\/#primaryimage"},"image":{"@id":"https:\/\/www.lesacduberger.com\/produit\/cabas-borde-n2\/#primaryimage"},"thumbnailUrl":"https:\/\/www.lesacduberger.com\/wp-content\/uploads\/2015\/04\/Cabas-Borde-N%C2%B02-Rouge-1-0000.jpg","datePublished":"2015-04-14T19:53:08+00:00","dateModified":"2026-04-23T13:20:19+00:00","description":"Women's bordered tote bag. Large storage volume and inside pocket. Made with leather tanned in Occitanie. Mesh canvas interior","breadcrumb":{"@id":"https:\/\/www.lesacduberger.com\/produit\/cabas-borde-n2\/#breadcrumb"},"inLanguage":"en-US","potentialAction":[{"@type":"ReadAction","target":["https:\/\/www.lesacduberger.com\/produit\/cabas-borde-n2\/"]}]},{"@type":"ImageObject","inLanguage":"en-US","@id":"https:\/\/www.lesacduberger.com\/produit\/cabas-borde-n2\/#primaryimage","url":"https:\/\/www.lesacduberger.com\/wp-content\/uploads\/2015\/04\/Cabas-Borde-N%C2%B02-Rouge-1-0000.jpg","contentUrl":"https:\/\/www.lesacduberger.com\/wp-content\/uploads\/2015\/04\/Cabas-Borde-N%C2%B02-Rouge-1-0000.jpg","width":1080,"height":1350},{"@type":"BreadcrumbList","@id":"https:\/\/www.lesacduberger.com\/produit\/cabas-borde-n2\/#breadcrumb","itemListElement":[{"@type":"ListItem","position":1,"name":"Accueil","item":"https:\/\/www.lesacduberger.com\/"},{"@type":"ListItem","position":2,"name":"Boutique","item":"https:\/\/www.lesacduberger.com\/boutique\/"},{"@type":"ListItem","position":3,"name":"Cabas Bord\u00e9 n\u00b02"}]},{"@type":"WebSite","@id":"https:\/\/www.lesacduberger.com\/#website","url":"https:\/\/www.lesacduberger.com\/","name":"Le Sac du Berger","description":"","publisher":{"@id":"https:\/\/www.lesacduberger.com\/#organization"},"potentialAction":[{"@type":"SearchAction","target":{"@type":"EntryPoint","urlTemplate":"https:\/\/www.lesacduberger.com\/?s={search_term_string}"},"query-input":{"@type":"PropertyValueSpecification","valueRequired":true,"valueName":"search_term_string"}}],"inLanguage":"en-US"},{"@type":"Organization","@id":"https:\/\/www.lesacduberger.com\/#organization","name":"Le Sac du Berger","url":"https:\/\/www.lesacduberger.com\/","logo":{"@type":"ImageObject","inLanguage":"en-US","@id":"https:\/\/www.lesacduberger.com\/#\/schema\/logo\/image\/","url":"https:\/\/www.lesacduberger.com\/wp-content\/uploads\/2020\/09\/Logo-Sac-du-Berger-blanc-OK.png","contentUrl":"https:\/\/www.lesacduberger.com\/wp-content\/uploads\/2020\/09\/Logo-Sac-du-Berger-blanc-OK.png","width":2093,"height":510,"caption":"Le Sac du Berger"},"image":{"@id":"https:\/\/www.lesacduberger.com\/#\/schema\/logo\/image\/"},"sameAs":["https:\/\/www.facebook.com\/lesacduberger","https:\/\/www.instagram.com\/lesacduberger\/?hl=fr"]}]}},"_links":{"self":[{"href":"https:\/\/www.lesacduberger.com\/en\/wp-json\/wp\/v2\/product\/21509","targetHints":{"allow":["GET"]}}],"collection":[{"href":"https:\/\/www.lesacduberger.com\/en\/wp-json\/wp\/v2\/product"}],"about":[{"href":"https:\/\/www.lesacduberger.com\/en\/wp-json\/wp\/v2\/types\/product"}],"wp:featuredmedia":[{"embeddable":true,"href":"https:\/\/www.lesacduberger.com\/en\/wp-json\/wp\/v2\/media\/46495"}],"wp:attachment":[{"href":"https:\/\/www.lesacduberger.com\/en\/wp-json\/wp\/v2\/media?parent=21509"}],"wp:term":[{"taxonomy":"product_brand","embeddable":true,"href":"https:\/\/www.lesacduberger.com\/en\/wp-json\/wp\/v2\/product_brand?post=21509"},{"taxonomy":"product_cat","embeddable":true,"href":"https:\/\/www.lesacduberger.com\/en\/wp-json\/wp\/v2\/product_cat?post=21509"},{"taxonomy":"product_tag","embeddable":true,"href":"https:\/\/www.lesacduberger.com\/en\/wp-json\/wp\/v2\/product_tag?post=21509"},{"taxonomy":"giftcard-category","embeddable":true,"href":"https:\/\/www.lesacduberger.com\/en\/wp-json\/wp\/v2\/giftcard-category?post=21509"}],"curies":[{"name":"wp","href":"https:\/\/api.w.org\/{rel}","templated":true}]}}