{"id":21538,"date":"2015-04-14T21:57:15","date_gmt":"2015-04-14T19:57:15","guid":{"rendered":"https:\/\/www.lesacduberger.com\/produit\/pochette-vigne\/"},"modified":"2026-04-10T20:57:41","modified_gmt":"2026-04-10T18:57:41","slug":"vine-pocket","status":"publish","type":"product","link":"https:\/\/www.lesacduberger.com\/en\/product\/vine-pocket\/","title":{"rendered":"Vigne pouch"},"content":{"rendered":"<h2>Leather pouch with strap<\/h2>\n<p>This pouch was inspired by the vineyards of the Millau hillsides. It was designed to hold a bottle of water. It can be worn over the shoulder, on the back, or as a banana around the waist.<\/p>\n<ul>\n<li>One top flap pocket and one horizontal pocket, with turnstile closure<\/li>\n<li>Side pocket and large zippered back pocket<\/li>\n<li>Adjustable leather and cotton strap<\/li>\n<li>Fully lined with pork rind (origin: Tarn)<\/li>\n<\/ul>\n<p>The various stages of production, from the origin of the skins to the tanning and finishing of the finished object, are carried out within a 120-kilometer radius of the Layrolle workshop.<\/p>\n<p>All our products are designed to be durable and repairable.<\/p>","protected":false},"excerpt":{"rendered":"<p>Pochette en cuir \u00e0 sangle Cette pochette est inspir\u00e9e par les vignes des c\u00f4teaux de Millau. Elle permettait d\u2019y loger une bouteille d\u2019eau. Elle peut \u00eatre port\u00e9e en bandouli\u00e8re, sur le dos, ou fa\u00e7on banane autour de la taille. Une poche sur le haut du rabat et une poche horizontale, avec fermeture par petit tourniquet [&hellip;]<\/p>\n","protected":false},"featured_media":45825,"template":"","meta":[],"product_brand":[],"product_cat":[1534,1525,1551],"product_tag":[],"giftcard-category":[],"class_list":{"0":"post-21538","1":"product","2":"type-product","3":"status-publish","4":"has-post-thumbnail","6":"product_cat-les-sacs-bandouliere","7":"product_cat-sacs","8":"product_cat-les-petits-sacs","9":"pa_compositions-cuirdevachetteorigineaveyron","10":"pa_couleur-fauve","11":"pa_couleur-noir","12":"pa_couleur-rouge","13":"pa_couleur-moka","14":"pa_hauteur-40cm","15":"pa_largeur-22cm","16":"pa_longueurbandouliere-de60a115cm","17":"pa_profondeur-2cm","19":"first","20":"instock","21":"taxable","22":"shipping-taxable","23":"purchasable","24":"product-type-variable","25":"has-default-attributes"},"yoast_head":"<!-- This site is optimized with the Yoast SEO plugin v27.1.1 - https:\/\/yoast.com\/product\/yoast-seo-wordpress\/ -->\n<title>Pochette Vigne : Banane \u00e0 sangle en cuir ajustable pour homme<\/title>\n<meta name=\"description\" content=\"Pochette vigne cuir vachette pleine fleur de tanneries locales. A porter sur le dos ou autour de la taille. Tr\u00e8s pratique, nombreuses poches.\" \/>\n<meta name=\"robots\" content=\"index, follow, max-snippet:-1, max-image-preview:large, max-video-preview:-1\" \/>\n<link rel=\"canonical\" href=\"https:\/\/www.lesacduberger.com\/en\/product\/vine-pocket\/\" \/>\n<meta property=\"og:locale\" content=\"en_US\" \/>\n<meta property=\"og:title\" content=\"Pochette Vigne : Banane \u00e0 sangle en cuir ajustable pour homme\" \/>\n<meta property=\"og:description\" content=\"Pochette vigne cuir vachette pleine fleur de tanneries locales. A porter sur le dos ou autour de la taille. Tr\u00e8s pratique, nombreuses poches.\" \/>\n<meta property=\"og:url\" content=\"https:\/\/www.lesacduberger.com\/en\/product\/vine-pocket\/\" \/>\n<meta property=\"og:site_name\" content=\"Le Sac du Berger\" \/>\n<meta property=\"article:publisher\" content=\"https:\/\/www.facebook.com\/lesacduberger\" \/>\n<meta property=\"article:modified_time\" content=\"2026-04-10T18:57:41+00:00\" \/>\n<meta property=\"og:image\" content=\"https:\/\/www.lesacduberger.com\/wp-content\/uploads\/2015\/04\/Pochette-Vigne-3_rogne-1.jpg\" \/>\n\t<meta property=\"og:image:width\" content=\"1206\" \/>\n\t<meta property=\"og:image:height\" content=\"1205\" \/>\n\t<meta property=\"og:image:type\" content=\"image\/jpeg\" \/>\n<meta name=\"twitter:card\" content=\"summary_large_image\" \/>\n<script type=\"application\/ld+json\" class=\"yoast-schema-graph\">{\"@context\":\"https:\/\/schema.org\",\"@graph\":[{\"@type\":\"WebPage\",\"@id\":\"https:\/\/www.lesacduberger.com\/produit\/pochette-vigne\/\",\"url\":\"https:\/\/www.lesacduberger.com\/produit\/pochette-vigne\/\",\"name\":\"Pochette Vigne : Banane \u00e0 sangle en cuir ajustable pour homme\",\"isPartOf\":{\"@id\":\"https:\/\/www.lesacduberger.com\/#website\"},\"primaryImageOfPage\":{\"@id\":\"https:\/\/www.lesacduberger.com\/produit\/pochette-vigne\/#primaryimage\"},\"image\":{\"@id\":\"https:\/\/www.lesacduberger.com\/produit\/pochette-vigne\/#primaryimage\"},\"thumbnailUrl\":\"https:\/\/www.lesacduberger.com\/wp-content\/uploads\/2015\/04\/Pochette-Vigne-3_rogne-1-1.jpg\",\"datePublished\":\"2015-04-14T19:57:15+00:00\",\"dateModified\":\"2026-04-10T18:57:41+00:00\",\"description\":\"Pochette vigne cuir vachette pleine fleur de tanneries locales. A porter sur le dos ou autour de la taille. Tr\u00e8s pratique, nombreuses poches.\",\"breadcrumb\":{\"@id\":\"https:\/\/www.lesacduberger.com\/produit\/pochette-vigne\/#breadcrumb\"},\"inLanguage\":\"en-US\",\"potentialAction\":[{\"@type\":\"ReadAction\",\"target\":[\"https:\/\/www.lesacduberger.com\/produit\/pochette-vigne\/\"]}]},{\"@type\":\"ImageObject\",\"inLanguage\":\"en-US\",\"@id\":\"https:\/\/www.lesacduberger.com\/produit\/pochette-vigne\/#primaryimage\",\"url\":\"https:\/\/www.lesacduberger.com\/wp-content\/uploads\/2015\/04\/Pochette-Vigne-3_rogne-1-1.jpg\",\"contentUrl\":\"https:\/\/www.lesacduberger.com\/wp-content\/uploads\/2015\/04\/Pochette-Vigne-3_rogne-1-1.jpg\",\"width\":1206,\"height\":1205},{\"@type\":\"BreadcrumbList\",\"@id\":\"https:\/\/www.lesacduberger.com\/produit\/pochette-vigne\/#breadcrumb\",\"itemListElement\":[{\"@type\":\"ListItem\",\"position\":1,\"name\":\"Accueil\",\"item\":\"https:\/\/www.lesacduberger.com\/\"},{\"@type\":\"ListItem\",\"position\":2,\"name\":\"Boutique\",\"item\":\"https:\/\/www.lesacduberger.com\/boutique\/\"},{\"@type\":\"ListItem\",\"position\":3,\"name\":\"Pochette Vigne\"}]},{\"@type\":\"WebSite\",\"@id\":\"https:\/\/www.lesacduberger.com\/#website\",\"url\":\"https:\/\/www.lesacduberger.com\/\",\"name\":\"Le Sac du Berger\",\"description\":\"\",\"publisher\":{\"@id\":\"https:\/\/www.lesacduberger.com\/#organization\"},\"potentialAction\":[{\"@type\":\"SearchAction\",\"target\":{\"@type\":\"EntryPoint\",\"urlTemplate\":\"https:\/\/www.lesacduberger.com\/?s={search_term_string}\"},\"query-input\":{\"@type\":\"PropertyValueSpecification\",\"valueRequired\":true,\"valueName\":\"search_term_string\"}}],\"inLanguage\":\"en-US\"},{\"@type\":\"Organization\",\"@id\":\"https:\/\/www.lesacduberger.com\/#organization\",\"name\":\"Le Sac du Berger\",\"url\":\"https:\/\/www.lesacduberger.com\/\",\"logo\":{\"@type\":\"ImageObject\",\"inLanguage\":\"en-US\",\"@id\":\"https:\/\/www.lesacduberger.com\/#\/schema\/logo\/image\/\",\"url\":\"https:\/\/www.lesacduberger.com\/wp-content\/uploads\/2020\/09\/Logo-Sac-du-Berger-blanc-OK.png\",\"contentUrl\":\"https:\/\/www.lesacduberger.com\/wp-content\/uploads\/2020\/09\/Logo-Sac-du-Berger-blanc-OK.png\",\"width\":2093,\"height\":510,\"caption\":\"Le Sac du Berger\"},\"image\":{\"@id\":\"https:\/\/www.lesacduberger.com\/#\/schema\/logo\/image\/\"},\"sameAs\":[\"https:\/\/www.facebook.com\/lesacduberger\",\"https:\/\/www.instagram.com\/lesacduberger\/?hl=fr\"]}]}<\/script>\n<!-- \/ Yoast SEO plugin. -->","yoast_head_json":{"title":"Pochette Vigne: Adjustable leather strap pouch for men","description":"Full grain cowhide clutch bag from local tanneries. Wear on the back or around the waist. Very practical, with numerous pockets.","robots":{"index":"index","follow":"follow","max-snippet":"max-snippet:-1","max-image-preview":"max-image-preview:large","max-video-preview":"max-video-preview:-1"},"canonical":"https:\/\/www.lesacduberger.com\/en\/product\/vine-pocket\/","og_locale":"en_US","og_title":"Pochette Vigne : Banane \u00e0 sangle en cuir ajustable pour homme","og_description":"Pochette vigne cuir vachette pleine fleur de tanneries locales. A porter sur le dos ou autour de la taille. Tr\u00e8s pratique, nombreuses poches.","og_url":"https:\/\/www.lesacduberger.com\/en\/product\/vine-pocket\/","og_site_name":"Le Sac du Berger","article_publisher":"https:\/\/www.facebook.com\/lesacduberger","article_modified_time":"2026-04-10T18:57:41+00:00","og_image":[{"width":1206,"height":1205,"url":"https:\/\/www.lesacduberger.com\/wp-content\/uploads\/2015\/04\/Pochette-Vigne-3_rogne-1.jpg","type":"image\/jpeg"}],"twitter_card":"summary_large_image","schema":{"@context":"https:\/\/schema.org","@graph":[{"@type":"WebPage","@id":"https:\/\/www.lesacduberger.com\/produit\/pochette-vigne\/","url":"https:\/\/www.lesacduberger.com\/produit\/pochette-vigne\/","name":"Pochette Vigne: Adjustable leather strap pouch for men","isPartOf":{"@id":"https:\/\/www.lesacduberger.com\/#website"},"primaryImageOfPage":{"@id":"https:\/\/www.lesacduberger.com\/produit\/pochette-vigne\/#primaryimage"},"image":{"@id":"https:\/\/www.lesacduberger.com\/produit\/pochette-vigne\/#primaryimage"},"thumbnailUrl":"https:\/\/www.lesacduberger.com\/wp-content\/uploads\/2015\/04\/Pochette-Vigne-3_rogne-1-1.jpg","datePublished":"2015-04-14T19:57:15+00:00","dateModified":"2026-04-10T18:57:41+00:00","description":"Full grain cowhide clutch bag from local tanneries. Wear on the back or around the waist. Very practical, with numerous pockets.","breadcrumb":{"@id":"https:\/\/www.lesacduberger.com\/produit\/pochette-vigne\/#breadcrumb"},"inLanguage":"en-US","potentialAction":[{"@type":"ReadAction","target":["https:\/\/www.lesacduberger.com\/produit\/pochette-vigne\/"]}]},{"@type":"ImageObject","inLanguage":"en-US","@id":"https:\/\/www.lesacduberger.com\/produit\/pochette-vigne\/#primaryimage","url":"https:\/\/www.lesacduberger.com\/wp-content\/uploads\/2015\/04\/Pochette-Vigne-3_rogne-1-1.jpg","contentUrl":"https:\/\/www.lesacduberger.com\/wp-content\/uploads\/2015\/04\/Pochette-Vigne-3_rogne-1-1.jpg","width":1206,"height":1205},{"@type":"BreadcrumbList","@id":"https:\/\/www.lesacduberger.com\/produit\/pochette-vigne\/#breadcrumb","itemListElement":[{"@type":"ListItem","position":1,"name":"Accueil","item":"https:\/\/www.lesacduberger.com\/"},{"@type":"ListItem","position":2,"name":"Boutique","item":"https:\/\/www.lesacduberger.com\/boutique\/"},{"@type":"ListItem","position":3,"name":"Pochette Vigne"}]},{"@type":"WebSite","@id":"https:\/\/www.lesacduberger.com\/#website","url":"https:\/\/www.lesacduberger.com\/","name":"Le Sac du Berger","description":"","publisher":{"@id":"https:\/\/www.lesacduberger.com\/#organization"},"potentialAction":[{"@type":"SearchAction","target":{"@type":"EntryPoint","urlTemplate":"https:\/\/www.lesacduberger.com\/?s={search_term_string}"},"query-input":{"@type":"PropertyValueSpecification","valueRequired":true,"valueName":"search_term_string"}}],"inLanguage":"en-US"},{"@type":"Organization","@id":"https:\/\/www.lesacduberger.com\/#organization","name":"Le Sac du Berger","url":"https:\/\/www.lesacduberger.com\/","logo":{"@type":"ImageObject","inLanguage":"en-US","@id":"https:\/\/www.lesacduberger.com\/#\/schema\/logo\/image\/","url":"https:\/\/www.lesacduberger.com\/wp-content\/uploads\/2020\/09\/Logo-Sac-du-Berger-blanc-OK.png","contentUrl":"https:\/\/www.lesacduberger.com\/wp-content\/uploads\/2020\/09\/Logo-Sac-du-Berger-blanc-OK.png","width":2093,"height":510,"caption":"Le Sac du Berger"},"image":{"@id":"https:\/\/www.lesacduberger.com\/#\/schema\/logo\/image\/"},"sameAs":["https:\/\/www.facebook.com\/lesacduberger","https:\/\/www.instagram.com\/lesacduberger\/?hl=fr"]}]}},"_links":{"self":[{"href":"https:\/\/www.lesacduberger.com\/en\/wp-json\/wp\/v2\/product\/21538","targetHints":{"allow":["GET"]}}],"collection":[{"href":"https:\/\/www.lesacduberger.com\/en\/wp-json\/wp\/v2\/product"}],"about":[{"href":"https:\/\/www.lesacduberger.com\/en\/wp-json\/wp\/v2\/types\/product"}],"wp:featuredmedia":[{"embeddable":true,"href":"https:\/\/www.lesacduberger.com\/en\/wp-json\/wp\/v2\/media\/45825"}],"wp:attachment":[{"href":"https:\/\/www.lesacduberger.com\/en\/wp-json\/wp\/v2\/media?parent=21538"}],"wp:term":[{"taxonomy":"product_brand","embeddable":true,"href":"https:\/\/www.lesacduberger.com\/en\/wp-json\/wp\/v2\/product_brand?post=21538"},{"taxonomy":"product_cat","embeddable":true,"href":"https:\/\/www.lesacduberger.com\/en\/wp-json\/wp\/v2\/product_cat?post=21538"},{"taxonomy":"product_tag","embeddable":true,"href":"https:\/\/www.lesacduberger.com\/en\/wp-json\/wp\/v2\/product_tag?post=21538"},{"taxonomy":"giftcard-category","embeddable":true,"href":"https:\/\/www.lesacduberger.com\/en\/wp-json\/wp\/v2\/giftcard-category?post=21538"}],"curies":[{"name":"wp","href":"https:\/\/api.w.org\/{rel}","templated":true}]}}