{"id":21551,"date":"2015-04-14T21:59:46","date_gmt":"2015-04-14T19:59:46","guid":{"rendered":"https:\/\/www.lesacduberger.com\/produit\/pochette-petit-berger\/"},"modified":"2026-05-17T15:18:51","modified_gmt":"2026-05-17T13:18:51","slug":"little-shepherds-pouch","status":"publish","type":"product","link":"https:\/\/www.lesacduberger.com\/en\/product\/little-shepherds-pouch\/","title":{"rendered":"Pochette Petit Berger n\u00b01"},"content":{"rendered":"<h2>Leather clutch bag<\/h2>\n<p>The Petit Berger n\u00b01 Pouch has been designed to carry your daily essentials wherever you go.<\/p>\n<ul>\n<li>One large open pocket and another patch pocket on the front under the flap<\/li>\n<li>Adjustable flap and buckle closure under the pouch<\/li>\n<li>A saddle-stitched shoulder strap in thick saddlery leather, adjustable with buckle.<\/li>\n<\/ul>\n<p>This pouch is available in 2 sizes. This model is the smaller size.<\/p>\n<p>All stages of production are carried out within a 120-kilometer radius of the Layrolle workshop.<\/p>\n<p>All our products are designed to be durable and repairable.<\/p>","protected":false},"excerpt":{"rendered":"<p>Pochette en cuir La Pochette Petit Berger n\u00b01 a \u00e9t\u00e9 con\u00e7ue pour pouvoir transporter l&rsquo;essentiel du quotidien partout o\u00f9 vous allez. Une grande poche ouverte et une autre plaqu\u00e9e sur l&rsquo;avant plac\u00e9es sous le rabat Fermeture par patte r\u00e9glable et d&rsquo;une boucle sous la pochette Une bandouli\u00e8re en cuir \u00e9pais de sellerie, couture au point [&hellip;]<\/p>\n","protected":false},"featured_media":46477,"template":"","meta":[],"product_brand":[],"product_cat":[1534,1525,1551],"product_tag":[],"giftcard-category":[],"class_list":{"0":"post-21551","1":"product","2":"type-product","3":"status-publish","4":"has-post-thumbnail","6":"product_cat-les-sacs-bandouliere","7":"product_cat-sacs","8":"product_cat-les-petits-sacs","9":"pa_compositions-cuirdevachetteorigineaveyron","10":"pa_couleur-fauve","11":"pa_couleur-noir","12":"pa_couleur-rouge","13":"pa_couleur-moka","14":"pa_hauteur-21cm","15":"pa_largeur-17cm","16":"pa_profondeur-5cm","18":"first","19":"instock","20":"taxable","21":"shipping-taxable","22":"purchasable","23":"product-type-variable","24":"has-default-attributes"},"yoast_head":"<!-- This site is optimized with the Yoast SEO plugin v27.1.1 - https:\/\/yoast.com\/product\/yoast-seo-wordpress\/ -->\n<title>Pochette en cuir vachette pleine fleur - Fabrication artisanale<\/title>\n<meta name=\"description\" content=\"D\u00e9couvrez cette Pochette Petit berger en cuir de vachette, \u00e0 porter en bandouli\u00e8re sur le site du sp\u00e9cialiste des produits artisanaux en cuir fran\u00e7ais.\" \/>\n<meta name=\"robots\" content=\"index, follow, max-snippet:-1, max-image-preview:large, max-video-preview:-1\" \/>\n<link rel=\"canonical\" href=\"https:\/\/www.lesacduberger.com\/en\/product\/little-shepherds-pouch\/\" \/>\n<meta property=\"og:locale\" content=\"en_US\" \/>\n<meta property=\"og:title\" content=\"Pochette en cuir vachette pleine fleur - Fabrication artisanale\" \/>\n<meta property=\"og:description\" content=\"D\u00e9couvrez cette Pochette Petit berger en cuir de vachette, \u00e0 porter en bandouli\u00e8re sur le site du sp\u00e9cialiste des produits artisanaux en cuir fran\u00e7ais.\" \/>\n<meta property=\"og:url\" content=\"https:\/\/www.lesacduberger.com\/en\/product\/little-shepherds-pouch\/\" \/>\n<meta property=\"og:site_name\" content=\"Le Sac du Berger\" \/>\n<meta property=\"article:publisher\" content=\"https:\/\/www.facebook.com\/lesacduberger\" \/>\n<meta property=\"article:modified_time\" content=\"2026-05-17T13:18:51+00:00\" \/>\n<meta property=\"og:image\" content=\"https:\/\/www.lesacduberger.com\/wp-content\/uploads\/2015\/04\/Pochette-Petit-Berger-N%C2%B01-Fauve-couverture-1-scaled.jpg\" \/>\n\t<meta property=\"og:image:width\" content=\"1920\" \/>\n\t<meta property=\"og:image:height\" content=\"2560\" \/>\n\t<meta property=\"og:image:type\" content=\"image\/jpeg\" \/>\n<meta name=\"twitter:card\" content=\"summary_large_image\" \/>\n<script type=\"application\/ld+json\" class=\"yoast-schema-graph\">{\"@context\":\"https:\/\/schema.org\",\"@graph\":[{\"@type\":\"WebPage\",\"@id\":\"https:\/\/www.lesacduberger.com\/produit\/pochette-petit-berger\/\",\"url\":\"https:\/\/www.lesacduberger.com\/produit\/pochette-petit-berger\/\",\"name\":\"Pochette en cuir vachette pleine fleur - Fabrication artisanale\",\"isPartOf\":{\"@id\":\"https:\/\/www.lesacduberger.com\/#website\"},\"primaryImageOfPage\":{\"@id\":\"https:\/\/www.lesacduberger.com\/produit\/pochette-petit-berger\/#primaryimage\"},\"image\":{\"@id\":\"https:\/\/www.lesacduberger.com\/produit\/pochette-petit-berger\/#primaryimage\"},\"thumbnailUrl\":\"https:\/\/www.lesacduberger.com\/wp-content\/uploads\/2015\/04\/Pochette-Petit-Berger-N%C2%B01-Fauve-couverture-1-scaled.jpg\",\"datePublished\":\"2015-04-14T19:59:46+00:00\",\"dateModified\":\"2026-05-17T13:18:51+00:00\",\"description\":\"D\u00e9couvrez cette Pochette Petit berger en cuir de vachette, \u00e0 porter en bandouli\u00e8re sur le site du sp\u00e9cialiste des produits artisanaux en cuir fran\u00e7ais.\",\"breadcrumb\":{\"@id\":\"https:\/\/www.lesacduberger.com\/produit\/pochette-petit-berger\/#breadcrumb\"},\"inLanguage\":\"en-US\",\"potentialAction\":[{\"@type\":\"ReadAction\",\"target\":[\"https:\/\/www.lesacduberger.com\/produit\/pochette-petit-berger\/\"]}]},{\"@type\":\"ImageObject\",\"inLanguage\":\"en-US\",\"@id\":\"https:\/\/www.lesacduberger.com\/produit\/pochette-petit-berger\/#primaryimage\",\"url\":\"https:\/\/www.lesacduberger.com\/wp-content\/uploads\/2015\/04\/Pochette-Petit-Berger-N%C2%B01-Fauve-couverture-1-scaled.jpg\",\"contentUrl\":\"https:\/\/www.lesacduberger.com\/wp-content\/uploads\/2015\/04\/Pochette-Petit-Berger-N%C2%B01-Fauve-couverture-1-scaled.jpg\",\"width\":1920,\"height\":2560},{\"@type\":\"BreadcrumbList\",\"@id\":\"https:\/\/www.lesacduberger.com\/produit\/pochette-petit-berger\/#breadcrumb\",\"itemListElement\":[{\"@type\":\"ListItem\",\"position\":1,\"name\":\"Accueil\",\"item\":\"https:\/\/www.lesacduberger.com\/\"},{\"@type\":\"ListItem\",\"position\":2,\"name\":\"Boutique\",\"item\":\"https:\/\/www.lesacduberger.com\/boutique\/\"},{\"@type\":\"ListItem\",\"position\":3,\"name\":\"Pochette Petit Berge&hellip;\"}]},{\"@type\":\"WebSite\",\"@id\":\"https:\/\/www.lesacduberger.com\/#website\",\"url\":\"https:\/\/www.lesacduberger.com\/\",\"name\":\"Le Sac du Berger\",\"description\":\"\",\"publisher\":{\"@id\":\"https:\/\/www.lesacduberger.com\/#organization\"},\"potentialAction\":[{\"@type\":\"SearchAction\",\"target\":{\"@type\":\"EntryPoint\",\"urlTemplate\":\"https:\/\/www.lesacduberger.com\/?s={search_term_string}\"},\"query-input\":{\"@type\":\"PropertyValueSpecification\",\"valueRequired\":true,\"valueName\":\"search_term_string\"}}],\"inLanguage\":\"en-US\"},{\"@type\":\"Organization\",\"@id\":\"https:\/\/www.lesacduberger.com\/#organization\",\"name\":\"Le Sac du Berger\",\"url\":\"https:\/\/www.lesacduberger.com\/\",\"logo\":{\"@type\":\"ImageObject\",\"inLanguage\":\"en-US\",\"@id\":\"https:\/\/www.lesacduberger.com\/#\/schema\/logo\/image\/\",\"url\":\"https:\/\/www.lesacduberger.com\/wp-content\/uploads\/2020\/09\/Logo-Sac-du-Berger-blanc-OK.png\",\"contentUrl\":\"https:\/\/www.lesacduberger.com\/wp-content\/uploads\/2020\/09\/Logo-Sac-du-Berger-blanc-OK.png\",\"width\":2093,\"height\":510,\"caption\":\"Le Sac du Berger\"},\"image\":{\"@id\":\"https:\/\/www.lesacduberger.com\/#\/schema\/logo\/image\/\"},\"sameAs\":[\"https:\/\/www.facebook.com\/lesacduberger\",\"https:\/\/www.instagram.com\/lesacduberger\/?hl=fr\"]}]}<\/script>\n<!-- \/ Yoast SEO plugin. -->","yoast_head_json":{"title":"Full grain cow leather clutch bag - Handcrafted","description":"Discover this Petit berger cowhide leather clutch bag, to be worn as a shoulder strap, on the website of the specialist in handcrafted French leather products.","robots":{"index":"index","follow":"follow","max-snippet":"max-snippet:-1","max-image-preview":"max-image-preview:large","max-video-preview":"max-video-preview:-1"},"canonical":"https:\/\/www.lesacduberger.com\/en\/product\/little-shepherds-pouch\/","og_locale":"en_US","og_title":"Pochette en cuir vachette pleine fleur - Fabrication artisanale","og_description":"D\u00e9couvrez cette Pochette Petit berger en cuir de vachette, \u00e0 porter en bandouli\u00e8re sur le site du sp\u00e9cialiste des produits artisanaux en cuir fran\u00e7ais.","og_url":"https:\/\/www.lesacduberger.com\/en\/product\/little-shepherds-pouch\/","og_site_name":"Le Sac du Berger","article_publisher":"https:\/\/www.facebook.com\/lesacduberger","article_modified_time":"2026-05-17T13:18:51+00:00","og_image":[{"width":1920,"height":2560,"url":"https:\/\/www.lesacduberger.com\/wp-content\/uploads\/2015\/04\/Pochette-Petit-Berger-N%C2%B01-Fauve-couverture-1-scaled.jpg","type":"image\/jpeg"}],"twitter_card":"summary_large_image","schema":{"@context":"https:\/\/schema.org","@graph":[{"@type":"WebPage","@id":"https:\/\/www.lesacduberger.com\/produit\/pochette-petit-berger\/","url":"https:\/\/www.lesacduberger.com\/produit\/pochette-petit-berger\/","name":"Full grain cow leather clutch bag - Handcrafted","isPartOf":{"@id":"https:\/\/www.lesacduberger.com\/#website"},"primaryImageOfPage":{"@id":"https:\/\/www.lesacduberger.com\/produit\/pochette-petit-berger\/#primaryimage"},"image":{"@id":"https:\/\/www.lesacduberger.com\/produit\/pochette-petit-berger\/#primaryimage"},"thumbnailUrl":"https:\/\/www.lesacduberger.com\/wp-content\/uploads\/2015\/04\/Pochette-Petit-Berger-N%C2%B01-Fauve-couverture-1-scaled.jpg","datePublished":"2015-04-14T19:59:46+00:00","dateModified":"2026-05-17T13:18:51+00:00","description":"Discover this Petit berger cowhide leather clutch bag, to be worn as a shoulder strap, on the website of the specialist in handcrafted French leather products.","breadcrumb":{"@id":"https:\/\/www.lesacduberger.com\/produit\/pochette-petit-berger\/#breadcrumb"},"inLanguage":"en-US","potentialAction":[{"@type":"ReadAction","target":["https:\/\/www.lesacduberger.com\/produit\/pochette-petit-berger\/"]}]},{"@type":"ImageObject","inLanguage":"en-US","@id":"https:\/\/www.lesacduberger.com\/produit\/pochette-petit-berger\/#primaryimage","url":"https:\/\/www.lesacduberger.com\/wp-content\/uploads\/2015\/04\/Pochette-Petit-Berger-N%C2%B01-Fauve-couverture-1-scaled.jpg","contentUrl":"https:\/\/www.lesacduberger.com\/wp-content\/uploads\/2015\/04\/Pochette-Petit-Berger-N%C2%B01-Fauve-couverture-1-scaled.jpg","width":1920,"height":2560},{"@type":"BreadcrumbList","@id":"https:\/\/www.lesacduberger.com\/produit\/pochette-petit-berger\/#breadcrumb","itemListElement":[{"@type":"ListItem","position":1,"name":"Accueil","item":"https:\/\/www.lesacduberger.com\/"},{"@type":"ListItem","position":2,"name":"Boutique","item":"https:\/\/www.lesacduberger.com\/boutique\/"},{"@type":"ListItem","position":3,"name":"Pochette Petit Berge&hellip;"}]},{"@type":"WebSite","@id":"https:\/\/www.lesacduberger.com\/#website","url":"https:\/\/www.lesacduberger.com\/","name":"Le Sac du Berger","description":"","publisher":{"@id":"https:\/\/www.lesacduberger.com\/#organization"},"potentialAction":[{"@type":"SearchAction","target":{"@type":"EntryPoint","urlTemplate":"https:\/\/www.lesacduberger.com\/?s={search_term_string}"},"query-input":{"@type":"PropertyValueSpecification","valueRequired":true,"valueName":"search_term_string"}}],"inLanguage":"en-US"},{"@type":"Organization","@id":"https:\/\/www.lesacduberger.com\/#organization","name":"Le Sac du Berger","url":"https:\/\/www.lesacduberger.com\/","logo":{"@type":"ImageObject","inLanguage":"en-US","@id":"https:\/\/www.lesacduberger.com\/#\/schema\/logo\/image\/","url":"https:\/\/www.lesacduberger.com\/wp-content\/uploads\/2020\/09\/Logo-Sac-du-Berger-blanc-OK.png","contentUrl":"https:\/\/www.lesacduberger.com\/wp-content\/uploads\/2020\/09\/Logo-Sac-du-Berger-blanc-OK.png","width":2093,"height":510,"caption":"Le Sac du Berger"},"image":{"@id":"https:\/\/www.lesacduberger.com\/#\/schema\/logo\/image\/"},"sameAs":["https:\/\/www.facebook.com\/lesacduberger","https:\/\/www.instagram.com\/lesacduberger\/?hl=fr"]}]}},"_links":{"self":[{"href":"https:\/\/www.lesacduberger.com\/en\/wp-json\/wp\/v2\/product\/21551","targetHints":{"allow":["GET"]}}],"collection":[{"href":"https:\/\/www.lesacduberger.com\/en\/wp-json\/wp\/v2\/product"}],"about":[{"href":"https:\/\/www.lesacduberger.com\/en\/wp-json\/wp\/v2\/types\/product"}],"wp:featuredmedia":[{"embeddable":true,"href":"https:\/\/www.lesacduberger.com\/en\/wp-json\/wp\/v2\/media\/46477"}],"wp:attachment":[{"href":"https:\/\/www.lesacduberger.com\/en\/wp-json\/wp\/v2\/media?parent=21551"}],"wp:term":[{"taxonomy":"product_brand","embeddable":true,"href":"https:\/\/www.lesacduberger.com\/en\/wp-json\/wp\/v2\/product_brand?post=21551"},{"taxonomy":"product_cat","embeddable":true,"href":"https:\/\/www.lesacduberger.com\/en\/wp-json\/wp\/v2\/product_cat?post=21551"},{"taxonomy":"product_tag","embeddable":true,"href":"https:\/\/www.lesacduberger.com\/en\/wp-json\/wp\/v2\/product_tag?post=21551"},{"taxonomy":"giftcard-category","embeddable":true,"href":"https:\/\/www.lesacduberger.com\/en\/wp-json\/wp\/v2\/giftcard-category?post=21551"}],"curies":[{"name":"wp","href":"https:\/\/api.w.org\/{rel}","templated":true}]}}