{"id":21596,"date":"2015-04-14T22:08:53","date_gmt":"2015-04-14T20:08:53","guid":{"rendered":"https:\/\/www.lesacduberger.com\/produit\/portefeuille-n2\/"},"modified":"2026-05-16T21:25:46","modified_gmt":"2026-05-16T19:25:46","slug":"portfolio-n2","status":"publish","type":"product","link":"https:\/\/www.lesacduberger.com\/en\/product\/portfolio-n2\/","title":{"rendered":"Portfolio no. 2"},"content":{"rendered":"<h2>Our functional handcrafted leather wallet<\/h2>\n<ul>\n<li>Six credit card slots<\/li>\n<li>Zippered coin pocket<\/li>\n<li>Ticket holder lining<\/li>\n<li>Multiple compartments for cards or papers<\/li>\n<li>Double flap to hold driver's license and ID card<\/li>\n<\/ul>\n<p>This wallet is available in 2 sizes. This is the larger model.<\/p>\n<p>The various stages of production, from the origin of the skins to the tanning and finishing of the finished object, are carried out within a 120-kilometer radius of the Layrolle workshop.<\/p>\n<p>All our products are designed to be durable and repairable.<\/p>","protected":false},"excerpt":{"rendered":"<p>Notre Portefeuille artisanal en cuir et fonctionnel Six emplacements pour cartes de cr\u00e9dit Une poche pour la monnaie avec fermeture \u00e9clair Une doublure porte-billets Multiples rangements pour cartes ou papiers Double rabat pour y glisser permis de conduire et carte d\u2019identit\u00e9 Ce portefeuille est disponible en 2 tailles. Celui-ci est le plus grand mod\u00e8le. Les [&hellip;]<\/p>\n","protected":false},"featured_media":46863,"template":"","meta":[],"product_brand":[],"product_cat":[1535,1526],"product_tag":[],"giftcard-category":[],"class_list":{"0":"post-21596","1":"product","2":"type-product","3":"status-publish","4":"has-post-thumbnail","6":"product_cat-les-portefeuilles","7":"product_cat-petite-maroquinerie","8":"pa_compositions-cuirdevachetteorigineaveyron","9":"pa_couleur-fauve","10":"pa_couleur-vert-foret","11":"pa_couleur-vert-olive","12":"pa_couleur-noir","13":"pa_couleur-rouge","14":"pa_couleur-moka","15":"pa_hauteur-15cm","16":"pa_largeur-10_5cm","17":"pa_profondeur-1cm","19":"first","20":"instock","21":"taxable","22":"shipping-taxable","23":"purchasable","24":"product-type-variable","25":"has-default-attributes"},"yoast_head":"<!-- This site is optimized with the Yoast SEO plugin v27.1.1 - https:\/\/yoast.com\/product\/yoast-seo-wordpress\/ -->\n<title>Portefeuille artisanal cuir fabriqu\u00e9 en France<\/title>\n<meta name=\"description\" content=\"Portefeuille en cuir pleine fleur vachette, artisanal et fran\u00e7ais, tann\u00e9 localement. Enti\u00e8rement doubl\u00e9 cuir. Nombreux rangements pour cartes, papiers et monnaie.\" \/>\n<meta name=\"robots\" content=\"index, follow, max-snippet:-1, max-image-preview:large, max-video-preview:-1\" \/>\n<link rel=\"canonical\" href=\"https:\/\/www.lesacduberger.com\/en\/product\/portfolio-n2\/\" \/>\n<meta property=\"og:locale\" content=\"en_US\" \/>\n<meta property=\"og:title\" content=\"Portefeuille artisanal cuir fabriqu\u00e9 en France\" \/>\n<meta property=\"og:description\" content=\"Portefeuille en cuir pleine fleur vachette, artisanal et fran\u00e7ais, tann\u00e9 localement. Enti\u00e8rement doubl\u00e9 cuir. Nombreux rangements pour cartes, papiers et monnaie.\" \/>\n<meta property=\"og:url\" content=\"https:\/\/www.lesacduberger.com\/en\/product\/portfolio-n2\/\" \/>\n<meta property=\"og:site_name\" content=\"Le Sac du Berger\" \/>\n<meta property=\"article:publisher\" content=\"https:\/\/www.facebook.com\/lesacduberger\" \/>\n<meta property=\"article:modified_time\" content=\"2026-05-16T19:25:46+00:00\" \/>\n<meta property=\"og:image\" content=\"https:\/\/www.lesacduberger.com\/wp-content\/uploads\/2015\/04\/PF2-Debout-1-0000.jpg\" \/>\n\t<meta property=\"og:image:width\" content=\"1080\" \/>\n\t<meta property=\"og:image:height\" content=\"1350\" \/>\n\t<meta property=\"og:image:type\" content=\"image\/jpeg\" \/>\n<meta name=\"twitter:card\" content=\"summary_large_image\" \/>\n<script type=\"application\/ld+json\" class=\"yoast-schema-graph\">{\"@context\":\"https:\/\/schema.org\",\"@graph\":[{\"@type\":\"WebPage\",\"@id\":\"https:\/\/www.lesacduberger.com\/produit\/portefeuille-n2\/\",\"url\":\"https:\/\/www.lesacduberger.com\/produit\/portefeuille-n2\/\",\"name\":\"Portefeuille artisanal cuir fabriqu\u00e9 en France\",\"isPartOf\":{\"@id\":\"https:\/\/www.lesacduberger.com\/#website\"},\"primaryImageOfPage\":{\"@id\":\"https:\/\/www.lesacduberger.com\/produit\/portefeuille-n2\/#primaryimage\"},\"image\":{\"@id\":\"https:\/\/www.lesacduberger.com\/produit\/portefeuille-n2\/#primaryimage\"},\"thumbnailUrl\":\"https:\/\/www.lesacduberger.com\/wp-content\/uploads\/2015\/04\/PF2-Debout-1-0000.jpg\",\"datePublished\":\"2015-04-14T20:08:53+00:00\",\"dateModified\":\"2026-05-16T19:25:46+00:00\",\"description\":\"Portefeuille en cuir pleine fleur vachette, artisanal et fran\u00e7ais, tann\u00e9 localement. Enti\u00e8rement doubl\u00e9 cuir. Nombreux rangements pour cartes, papiers et monnaie.\",\"breadcrumb\":{\"@id\":\"https:\/\/www.lesacduberger.com\/produit\/portefeuille-n2\/#breadcrumb\"},\"inLanguage\":\"en-US\",\"potentialAction\":[{\"@type\":\"ReadAction\",\"target\":[\"https:\/\/www.lesacduberger.com\/produit\/portefeuille-n2\/\"]}]},{\"@type\":\"ImageObject\",\"inLanguage\":\"en-US\",\"@id\":\"https:\/\/www.lesacduberger.com\/produit\/portefeuille-n2\/#primaryimage\",\"url\":\"https:\/\/www.lesacduberger.com\/wp-content\/uploads\/2015\/04\/PF2-Debout-1-0000.jpg\",\"contentUrl\":\"https:\/\/www.lesacduberger.com\/wp-content\/uploads\/2015\/04\/PF2-Debout-1-0000.jpg\",\"width\":1080,\"height\":1350},{\"@type\":\"BreadcrumbList\",\"@id\":\"https:\/\/www.lesacduberger.com\/produit\/portefeuille-n2\/#breadcrumb\",\"itemListElement\":[{\"@type\":\"ListItem\",\"position\":1,\"name\":\"Accueil\",\"item\":\"https:\/\/www.lesacduberger.com\/\"},{\"@type\":\"ListItem\",\"position\":2,\"name\":\"Boutique\",\"item\":\"https:\/\/www.lesacduberger.com\/boutique\/\"},{\"@type\":\"ListItem\",\"position\":3,\"name\":\"Portefeuille n\u00b02\"}]},{\"@type\":\"WebSite\",\"@id\":\"https:\/\/www.lesacduberger.com\/#website\",\"url\":\"https:\/\/www.lesacduberger.com\/\",\"name\":\"Le Sac du Berger\",\"description\":\"\",\"publisher\":{\"@id\":\"https:\/\/www.lesacduberger.com\/#organization\"},\"potentialAction\":[{\"@type\":\"SearchAction\",\"target\":{\"@type\":\"EntryPoint\",\"urlTemplate\":\"https:\/\/www.lesacduberger.com\/?s={search_term_string}\"},\"query-input\":{\"@type\":\"PropertyValueSpecification\",\"valueRequired\":true,\"valueName\":\"search_term_string\"}}],\"inLanguage\":\"en-US\"},{\"@type\":\"Organization\",\"@id\":\"https:\/\/www.lesacduberger.com\/#organization\",\"name\":\"Le Sac du Berger\",\"url\":\"https:\/\/www.lesacduberger.com\/\",\"logo\":{\"@type\":\"ImageObject\",\"inLanguage\":\"en-US\",\"@id\":\"https:\/\/www.lesacduberger.com\/#\/schema\/logo\/image\/\",\"url\":\"https:\/\/www.lesacduberger.com\/wp-content\/uploads\/2020\/09\/Logo-Sac-du-Berger-blanc-OK.png\",\"contentUrl\":\"https:\/\/www.lesacduberger.com\/wp-content\/uploads\/2020\/09\/Logo-Sac-du-Berger-blanc-OK.png\",\"width\":2093,\"height\":510,\"caption\":\"Le Sac du Berger\"},\"image\":{\"@id\":\"https:\/\/www.lesacduberger.com\/#\/schema\/logo\/image\/\"},\"sameAs\":[\"https:\/\/www.facebook.com\/lesacduberger\",\"https:\/\/www.instagram.com\/lesacduberger\/?hl=fr\"]}]}<\/script>\n<!-- \/ Yoast SEO plugin. -->","yoast_head_json":{"title":"Handcrafted leather wallet made in France","description":"Full-grain cowhide leather wallet, handmade and French, locally tanned. Fully lined in leather. Numerous compartments for cards, papers and change.","robots":{"index":"index","follow":"follow","max-snippet":"max-snippet:-1","max-image-preview":"max-image-preview:large","max-video-preview":"max-video-preview:-1"},"canonical":"https:\/\/www.lesacduberger.com\/en\/product\/portfolio-n2\/","og_locale":"en_US","og_title":"Portefeuille artisanal cuir fabriqu\u00e9 en France","og_description":"Portefeuille en cuir pleine fleur vachette, artisanal et fran\u00e7ais, tann\u00e9 localement. Enti\u00e8rement doubl\u00e9 cuir. Nombreux rangements pour cartes, papiers et monnaie.","og_url":"https:\/\/www.lesacduberger.com\/en\/product\/portfolio-n2\/","og_site_name":"Le Sac du Berger","article_publisher":"https:\/\/www.facebook.com\/lesacduberger","article_modified_time":"2026-05-16T19:25:46+00:00","og_image":[{"width":1080,"height":1350,"url":"https:\/\/www.lesacduberger.com\/wp-content\/uploads\/2015\/04\/PF2-Debout-1-0000.jpg","type":"image\/jpeg"}],"twitter_card":"summary_large_image","schema":{"@context":"https:\/\/schema.org","@graph":[{"@type":"WebPage","@id":"https:\/\/www.lesacduberger.com\/produit\/portefeuille-n2\/","url":"https:\/\/www.lesacduberger.com\/produit\/portefeuille-n2\/","name":"Handcrafted leather wallet made in France","isPartOf":{"@id":"https:\/\/www.lesacduberger.com\/#website"},"primaryImageOfPage":{"@id":"https:\/\/www.lesacduberger.com\/produit\/portefeuille-n2\/#primaryimage"},"image":{"@id":"https:\/\/www.lesacduberger.com\/produit\/portefeuille-n2\/#primaryimage"},"thumbnailUrl":"https:\/\/www.lesacduberger.com\/wp-content\/uploads\/2015\/04\/PF2-Debout-1-0000.jpg","datePublished":"2015-04-14T20:08:53+00:00","dateModified":"2026-05-16T19:25:46+00:00","description":"Full-grain cowhide leather wallet, handmade and French, locally tanned. Fully lined in leather. Numerous compartments for cards, papers and change.","breadcrumb":{"@id":"https:\/\/www.lesacduberger.com\/produit\/portefeuille-n2\/#breadcrumb"},"inLanguage":"en-US","potentialAction":[{"@type":"ReadAction","target":["https:\/\/www.lesacduberger.com\/produit\/portefeuille-n2\/"]}]},{"@type":"ImageObject","inLanguage":"en-US","@id":"https:\/\/www.lesacduberger.com\/produit\/portefeuille-n2\/#primaryimage","url":"https:\/\/www.lesacduberger.com\/wp-content\/uploads\/2015\/04\/PF2-Debout-1-0000.jpg","contentUrl":"https:\/\/www.lesacduberger.com\/wp-content\/uploads\/2015\/04\/PF2-Debout-1-0000.jpg","width":1080,"height":1350},{"@type":"BreadcrumbList","@id":"https:\/\/www.lesacduberger.com\/produit\/portefeuille-n2\/#breadcrumb","itemListElement":[{"@type":"ListItem","position":1,"name":"Accueil","item":"https:\/\/www.lesacduberger.com\/"},{"@type":"ListItem","position":2,"name":"Boutique","item":"https:\/\/www.lesacduberger.com\/boutique\/"},{"@type":"ListItem","position":3,"name":"Portefeuille n\u00b02"}]},{"@type":"WebSite","@id":"https:\/\/www.lesacduberger.com\/#website","url":"https:\/\/www.lesacduberger.com\/","name":"Le Sac du Berger","description":"","publisher":{"@id":"https:\/\/www.lesacduberger.com\/#organization"},"potentialAction":[{"@type":"SearchAction","target":{"@type":"EntryPoint","urlTemplate":"https:\/\/www.lesacduberger.com\/?s={search_term_string}"},"query-input":{"@type":"PropertyValueSpecification","valueRequired":true,"valueName":"search_term_string"}}],"inLanguage":"en-US"},{"@type":"Organization","@id":"https:\/\/www.lesacduberger.com\/#organization","name":"Le Sac du Berger","url":"https:\/\/www.lesacduberger.com\/","logo":{"@type":"ImageObject","inLanguage":"en-US","@id":"https:\/\/www.lesacduberger.com\/#\/schema\/logo\/image\/","url":"https:\/\/www.lesacduberger.com\/wp-content\/uploads\/2020\/09\/Logo-Sac-du-Berger-blanc-OK.png","contentUrl":"https:\/\/www.lesacduberger.com\/wp-content\/uploads\/2020\/09\/Logo-Sac-du-Berger-blanc-OK.png","width":2093,"height":510,"caption":"Le Sac du Berger"},"image":{"@id":"https:\/\/www.lesacduberger.com\/#\/schema\/logo\/image\/"},"sameAs":["https:\/\/www.facebook.com\/lesacduberger","https:\/\/www.instagram.com\/lesacduberger\/?hl=fr"]}]}},"_links":{"self":[{"href":"https:\/\/www.lesacduberger.com\/en\/wp-json\/wp\/v2\/product\/21596","targetHints":{"allow":["GET"]}}],"collection":[{"href":"https:\/\/www.lesacduberger.com\/en\/wp-json\/wp\/v2\/product"}],"about":[{"href":"https:\/\/www.lesacduberger.com\/en\/wp-json\/wp\/v2\/types\/product"}],"wp:featuredmedia":[{"embeddable":true,"href":"https:\/\/www.lesacduberger.com\/en\/wp-json\/wp\/v2\/media\/46863"}],"wp:attachment":[{"href":"https:\/\/www.lesacduberger.com\/en\/wp-json\/wp\/v2\/media?parent=21596"}],"wp:term":[{"taxonomy":"product_brand","embeddable":true,"href":"https:\/\/www.lesacduberger.com\/en\/wp-json\/wp\/v2\/product_brand?post=21596"},{"taxonomy":"product_cat","embeddable":true,"href":"https:\/\/www.lesacduberger.com\/en\/wp-json\/wp\/v2\/product_cat?post=21596"},{"taxonomy":"product_tag","embeddable":true,"href":"https:\/\/www.lesacduberger.com\/en\/wp-json\/wp\/v2\/product_tag?post=21596"},{"taxonomy":"giftcard-category","embeddable":true,"href":"https:\/\/www.lesacduberger.com\/en\/wp-json\/wp\/v2\/giftcard-category?post=21596"}],"curies":[{"name":"wp","href":"https:\/\/api.w.org\/{rel}","templated":true}]}}