{"id":21620,"date":"2015-04-14T22:12:45","date_gmt":"2015-04-14T20:12:45","guid":{"rendered":"https:\/\/www.lesacduberger.com\/produit\/porte-monnaie-clapet\/"},"modified":"2026-05-01T12:48:26","modified_gmt":"2026-05-01T10:48:26","slug":"clamshell-coin-purse","status":"publish","type":"product","link":"https:\/\/www.lesacduberger.com\/en\/product\/clamshell-coin-purse\/","title":{"rendered":"Clamshell purse"},"content":{"rendered":"<h2>Our small and functional Clapet purse.<\/h2>\n<ul>\n<li>Six pockets in all, including an outside back pocket and a zippered pocket<\/li>\n<li>Two crossed flaps<\/li>\n<li>Snap closure<\/li>\n<\/ul>\n<p>The various stages of production, from the origin of the skins to the tanning and finishing of the finished object, are carried out within a 120-kilometer radius of the Layrolle workshop.<\/p>\n<p>All our products are designed to be durable and repairable.<\/p>","protected":false},"excerpt":{"rendered":"<p>Notre Porte-monnaie Clapet petit et fonctionnel. Six poches au total, dont une ext\u00e9rieure au dos et une \u00e0 fermeture \u00e9clair Deux rabats crois\u00e9s Fermeture par bouton pression Les diff\u00e9rentes \u00e9tapes de fabrication, de l&rsquo;origine des peaux \u00e0 l&rsquo;objet fini, en passant par le tannage, sont r\u00e9alis\u00e9es dans un rayon de 120 kilom\u00e8tres autour de l&rsquo;atelier [&hellip;]<\/p>\n","protected":false},"featured_media":46822,"template":"","meta":[],"product_brand":[],"product_cat":[1539,1526,1532],"product_tag":[],"giftcard-category":[],"class_list":{"0":"post-21620","1":"product","2":"type-product","3":"status-publish","4":"has-post-thumbnail","6":"product_cat-les-porte-monnaie-et-porte-cartes","7":"product_cat-petite-maroquinerie","8":"product_cat-notre-selection-du-moment","9":"pa_couleur-lie-de-vin","10":"pa_couleur-fauve","11":"pa_couleur-vert-foret","12":"pa_couleur-noir","13":"pa_couleur-rouge","14":"pa_couleur-moka","15":"pa_hauteur-7cm","16":"pa_largeur-11cm","17":"pa_profondeur-2cm","19":"first","20":"instock","21":"taxable","22":"shipping-taxable","23":"purchasable","24":"product-type-variable","25":"has-default-attributes"},"yoast_head":"<!-- This site is optimized with the Yoast SEO plugin v27.1.1 - https:\/\/yoast.com\/product\/yoast-seo-wordpress\/ -->\n<title>Porte-monnaie Clapet \u2013 porte-monnaie cuir fabriqu\u00e9 en France<\/title>\n<meta name=\"description\" content=\"Voici notre Porte-monnaie Clapet en cuir de vachette pleine fleur tann\u00e9 localement et de fa\u00e7on artisanale. De forme originale, il se glisse dans la poche.\" \/>\n<meta name=\"robots\" content=\"index, follow, max-snippet:-1, max-image-preview:large, max-video-preview:-1\" \/>\n<link rel=\"canonical\" href=\"https:\/\/www.lesacduberger.com\/en\/product\/clamshell-coin-purse\/\" \/>\n<meta property=\"og:locale\" content=\"en_US\" \/>\n<meta property=\"og:title\" content=\"Porte-monnaie Clapet \u2013 porte-monnaie cuir fabriqu\u00e9 en France\" \/>\n<meta property=\"og:description\" content=\"Voici notre Porte-monnaie Clapet en cuir de vachette pleine fleur tann\u00e9 localement et de fa\u00e7on artisanale. De forme originale, il se glisse dans la poche.\" \/>\n<meta property=\"og:url\" content=\"https:\/\/www.lesacduberger.com\/en\/product\/clamshell-coin-purse\/\" \/>\n<meta property=\"og:site_name\" content=\"Le Sac du Berger\" \/>\n<meta property=\"article:publisher\" content=\"https:\/\/www.facebook.com\/lesacduberger\" \/>\n<meta property=\"article:modified_time\" content=\"2026-05-01T10:48:26+00:00\" \/>\n<meta property=\"og:image\" content=\"https:\/\/www.lesacduberger.com\/wp-content\/uploads\/2015\/04\/Clapet-1f.jpg\" \/>\n\t<meta property=\"og:image:width\" content=\"1080\" \/>\n\t<meta property=\"og:image:height\" content=\"1350\" \/>\n\t<meta property=\"og:image:type\" content=\"image\/jpeg\" \/>\n<meta name=\"twitter:card\" content=\"summary_large_image\" \/>\n<script type=\"application\/ld+json\" class=\"yoast-schema-graph\">{\"@context\":\"https:\/\/schema.org\",\"@graph\":[{\"@type\":\"WebPage\",\"@id\":\"https:\/\/www.lesacduberger.com\/produit\/porte-monnaie-clapet\/\",\"url\":\"https:\/\/www.lesacduberger.com\/produit\/porte-monnaie-clapet\/\",\"name\":\"Porte-monnaie Clapet \u2013 porte-monnaie cuir fabriqu\u00e9 en France\",\"isPartOf\":{\"@id\":\"https:\/\/www.lesacduberger.com\/#website\"},\"primaryImageOfPage\":{\"@id\":\"https:\/\/www.lesacduberger.com\/produit\/porte-monnaie-clapet\/#primaryimage\"},\"image\":{\"@id\":\"https:\/\/www.lesacduberger.com\/produit\/porte-monnaie-clapet\/#primaryimage\"},\"thumbnailUrl\":\"https:\/\/www.lesacduberger.com\/wp-content\/uploads\/2015\/04\/Clapet-1f.jpg\",\"datePublished\":\"2015-04-14T20:12:45+00:00\",\"dateModified\":\"2026-05-01T10:48:26+00:00\",\"description\":\"Voici notre Porte-monnaie Clapet en cuir de vachette pleine fleur tann\u00e9 localement et de fa\u00e7on artisanale. De forme originale, il se glisse dans la poche.\",\"breadcrumb\":{\"@id\":\"https:\/\/www.lesacduberger.com\/produit\/porte-monnaie-clapet\/#breadcrumb\"},\"inLanguage\":\"en-US\",\"potentialAction\":[{\"@type\":\"ReadAction\",\"target\":[\"https:\/\/www.lesacduberger.com\/produit\/porte-monnaie-clapet\/\"]}]},{\"@type\":\"ImageObject\",\"inLanguage\":\"en-US\",\"@id\":\"https:\/\/www.lesacduberger.com\/produit\/porte-monnaie-clapet\/#primaryimage\",\"url\":\"https:\/\/www.lesacduberger.com\/wp-content\/uploads\/2015\/04\/Clapet-1f.jpg\",\"contentUrl\":\"https:\/\/www.lesacduberger.com\/wp-content\/uploads\/2015\/04\/Clapet-1f.jpg\",\"width\":1080,\"height\":1350},{\"@type\":\"BreadcrumbList\",\"@id\":\"https:\/\/www.lesacduberger.com\/produit\/porte-monnaie-clapet\/#breadcrumb\",\"itemListElement\":[{\"@type\":\"ListItem\",\"position\":1,\"name\":\"Accueil\",\"item\":\"https:\/\/www.lesacduberger.com\/\"},{\"@type\":\"ListItem\",\"position\":2,\"name\":\"Boutique\",\"item\":\"https:\/\/www.lesacduberger.com\/boutique\/\"},{\"@type\":\"ListItem\",\"position\":3,\"name\":\"Porte-monnaie Clapet\"}]},{\"@type\":\"WebSite\",\"@id\":\"https:\/\/www.lesacduberger.com\/#website\",\"url\":\"https:\/\/www.lesacduberger.com\/\",\"name\":\"Le Sac du Berger\",\"description\":\"\",\"publisher\":{\"@id\":\"https:\/\/www.lesacduberger.com\/#organization\"},\"potentialAction\":[{\"@type\":\"SearchAction\",\"target\":{\"@type\":\"EntryPoint\",\"urlTemplate\":\"https:\/\/www.lesacduberger.com\/?s={search_term_string}\"},\"query-input\":{\"@type\":\"PropertyValueSpecification\",\"valueRequired\":true,\"valueName\":\"search_term_string\"}}],\"inLanguage\":\"en-US\"},{\"@type\":\"Organization\",\"@id\":\"https:\/\/www.lesacduberger.com\/#organization\",\"name\":\"Le Sac du Berger\",\"url\":\"https:\/\/www.lesacduberger.com\/\",\"logo\":{\"@type\":\"ImageObject\",\"inLanguage\":\"en-US\",\"@id\":\"https:\/\/www.lesacduberger.com\/#\/schema\/logo\/image\/\",\"url\":\"https:\/\/www.lesacduberger.com\/wp-content\/uploads\/2020\/09\/Logo-Sac-du-Berger-blanc-OK.png\",\"contentUrl\":\"https:\/\/www.lesacduberger.com\/wp-content\/uploads\/2020\/09\/Logo-Sac-du-Berger-blanc-OK.png\",\"width\":2093,\"height\":510,\"caption\":\"Le Sac du Berger\"},\"image\":{\"@id\":\"https:\/\/www.lesacduberger.com\/#\/schema\/logo\/image\/\"},\"sameAs\":[\"https:\/\/www.facebook.com\/lesacduberger\",\"https:\/\/www.instagram.com\/lesacduberger\/?hl=fr\"]}]}<\/script>\n<!-- \/ Yoast SEO plugin. -->","yoast_head_json":{"title":"Porte-monnaie Clapet \u2013 porte-monnaie cuir fabriqu\u00e9 en France","description":"Introducing our Clapet Purse in locally tanned, handcrafted full-grain cowhide leather. With its original shape, it slips easily into your pocket.","robots":{"index":"index","follow":"follow","max-snippet":"max-snippet:-1","max-image-preview":"max-image-preview:large","max-video-preview":"max-video-preview:-1"},"canonical":"https:\/\/www.lesacduberger.com\/en\/product\/clamshell-coin-purse\/","og_locale":"en_US","og_title":"Porte-monnaie Clapet \u2013 porte-monnaie cuir fabriqu\u00e9 en France","og_description":"Voici notre Porte-monnaie Clapet en cuir de vachette pleine fleur tann\u00e9 localement et de fa\u00e7on artisanale. De forme originale, il se glisse dans la poche.","og_url":"https:\/\/www.lesacduberger.com\/en\/product\/clamshell-coin-purse\/","og_site_name":"Le Sac du Berger","article_publisher":"https:\/\/www.facebook.com\/lesacduberger","article_modified_time":"2026-05-01T10:48:26+00:00","og_image":[{"width":1080,"height":1350,"url":"https:\/\/www.lesacduberger.com\/wp-content\/uploads\/2015\/04\/Clapet-1f.jpg","type":"image\/jpeg"}],"twitter_card":"summary_large_image","schema":{"@context":"https:\/\/schema.org","@graph":[{"@type":"WebPage","@id":"https:\/\/www.lesacduberger.com\/produit\/porte-monnaie-clapet\/","url":"https:\/\/www.lesacduberger.com\/produit\/porte-monnaie-clapet\/","name":"Porte-monnaie Clapet \u2013 porte-monnaie cuir fabriqu\u00e9 en France","isPartOf":{"@id":"https:\/\/www.lesacduberger.com\/#website"},"primaryImageOfPage":{"@id":"https:\/\/www.lesacduberger.com\/produit\/porte-monnaie-clapet\/#primaryimage"},"image":{"@id":"https:\/\/www.lesacduberger.com\/produit\/porte-monnaie-clapet\/#primaryimage"},"thumbnailUrl":"https:\/\/www.lesacduberger.com\/wp-content\/uploads\/2015\/04\/Clapet-1f.jpg","datePublished":"2015-04-14T20:12:45+00:00","dateModified":"2026-05-01T10:48:26+00:00","description":"Introducing our Clapet Purse in locally tanned, handcrafted full-grain cowhide leather. With its original shape, it slips easily into your pocket.","breadcrumb":{"@id":"https:\/\/www.lesacduberger.com\/produit\/porte-monnaie-clapet\/#breadcrumb"},"inLanguage":"en-US","potentialAction":[{"@type":"ReadAction","target":["https:\/\/www.lesacduberger.com\/produit\/porte-monnaie-clapet\/"]}]},{"@type":"ImageObject","inLanguage":"en-US","@id":"https:\/\/www.lesacduberger.com\/produit\/porte-monnaie-clapet\/#primaryimage","url":"https:\/\/www.lesacduberger.com\/wp-content\/uploads\/2015\/04\/Clapet-1f.jpg","contentUrl":"https:\/\/www.lesacduberger.com\/wp-content\/uploads\/2015\/04\/Clapet-1f.jpg","width":1080,"height":1350},{"@type":"BreadcrumbList","@id":"https:\/\/www.lesacduberger.com\/produit\/porte-monnaie-clapet\/#breadcrumb","itemListElement":[{"@type":"ListItem","position":1,"name":"Accueil","item":"https:\/\/www.lesacduberger.com\/"},{"@type":"ListItem","position":2,"name":"Boutique","item":"https:\/\/www.lesacduberger.com\/boutique\/"},{"@type":"ListItem","position":3,"name":"Porte-monnaie Clapet"}]},{"@type":"WebSite","@id":"https:\/\/www.lesacduberger.com\/#website","url":"https:\/\/www.lesacduberger.com\/","name":"Le Sac du Berger","description":"","publisher":{"@id":"https:\/\/www.lesacduberger.com\/#organization"},"potentialAction":[{"@type":"SearchAction","target":{"@type":"EntryPoint","urlTemplate":"https:\/\/www.lesacduberger.com\/?s={search_term_string}"},"query-input":{"@type":"PropertyValueSpecification","valueRequired":true,"valueName":"search_term_string"}}],"inLanguage":"en-US"},{"@type":"Organization","@id":"https:\/\/www.lesacduberger.com\/#organization","name":"Le Sac du Berger","url":"https:\/\/www.lesacduberger.com\/","logo":{"@type":"ImageObject","inLanguage":"en-US","@id":"https:\/\/www.lesacduberger.com\/#\/schema\/logo\/image\/","url":"https:\/\/www.lesacduberger.com\/wp-content\/uploads\/2020\/09\/Logo-Sac-du-Berger-blanc-OK.png","contentUrl":"https:\/\/www.lesacduberger.com\/wp-content\/uploads\/2020\/09\/Logo-Sac-du-Berger-blanc-OK.png","width":2093,"height":510,"caption":"Le Sac du Berger"},"image":{"@id":"https:\/\/www.lesacduberger.com\/#\/schema\/logo\/image\/"},"sameAs":["https:\/\/www.facebook.com\/lesacduberger","https:\/\/www.instagram.com\/lesacduberger\/?hl=fr"]}]}},"_links":{"self":[{"href":"https:\/\/www.lesacduberger.com\/en\/wp-json\/wp\/v2\/product\/21620","targetHints":{"allow":["GET"]}}],"collection":[{"href":"https:\/\/www.lesacduberger.com\/en\/wp-json\/wp\/v2\/product"}],"about":[{"href":"https:\/\/www.lesacduberger.com\/en\/wp-json\/wp\/v2\/types\/product"}],"wp:featuredmedia":[{"embeddable":true,"href":"https:\/\/www.lesacduberger.com\/en\/wp-json\/wp\/v2\/media\/46822"}],"wp:attachment":[{"href":"https:\/\/www.lesacduberger.com\/en\/wp-json\/wp\/v2\/media?parent=21620"}],"wp:term":[{"taxonomy":"product_brand","embeddable":true,"href":"https:\/\/www.lesacduberger.com\/en\/wp-json\/wp\/v2\/product_brand?post=21620"},{"taxonomy":"product_cat","embeddable":true,"href":"https:\/\/www.lesacduberger.com\/en\/wp-json\/wp\/v2\/product_cat?post=21620"},{"taxonomy":"product_tag","embeddable":true,"href":"https:\/\/www.lesacduberger.com\/en\/wp-json\/wp\/v2\/product_tag?post=21620"},{"taxonomy":"giftcard-category","embeddable":true,"href":"https:\/\/www.lesacduberger.com\/en\/wp-json\/wp\/v2\/giftcard-category?post=21620"}],"curies":[{"name":"wp","href":"https:\/\/api.w.org\/{rel}","templated":true}]}}