{"id":21642,"date":"2015-04-14T22:17:47","date_gmt":"2015-04-14T20:17:47","guid":{"rendered":"https:\/\/www.lesacduberger.com\/produit\/trousse-a-stylos\/"},"modified":"2026-03-13T13:05:35","modified_gmt":"2026-03-13T12:05:35","slug":"pen-case","status":"publish","type":"product","link":"https:\/\/www.lesacduberger.com\/en\/product\/pen-case\/","title":{"rendered":"Pen case"},"content":{"rendered":"<h2>French leather pen case<\/h2>\n<p>Our <strong>leather pen case<\/strong> vous accompagnera tous les jours : au travail, \u00e0 l&rsquo;\u00e9cole ou encore \u00e0 la maison vous pourrez ranger vos stylos dans cette trousse en cuir. Compos\u00e9e \u00e0 100 % de cuir, elle ne perdra pas en qualit\u00e9, sa solidit\u00e9 vous assure de pouvoir la conserver durant de nombreuses ann\u00e9es \u00e0 vos c\u00f4t\u00e9s.<\/p>\n<ul>\n<li>Zippered closure<\/li>\n<li>Can also be used as a make-up bag<\/li>\n<li>Logo marking on front<\/li>\n<\/ul>\n<p>The various stages of production, from the origin of the skins to the tanning and finishing of the finished object, are carried out within a 120-kilometer radius of the Layrolle workshop.<\/p>\n<p>All our products are designed to be durable and repairable.<\/p>","protected":false},"excerpt":{"rendered":"<p>La trousse \u00e0 stylos en cuir fran\u00e7ais Notre trousse \u00e0 stylos en cuir vous accompagnera tous les jours : au travail, \u00e0 l&rsquo;\u00e9cole ou encore \u00e0 la maison vous pourrez ranger vos stylos dans cette trousse en cuir. Compos\u00e9e \u00e0 100 % de cuir, elle ne perdra pas en qualit\u00e9, sa solidit\u00e9 vous assure de [&hellip;]<\/p>\n","protected":false},"featured_media":45789,"template":"","meta":[],"product_brand":[],"product_cat":[1545,1530],"product_tag":[],"giftcard-category":[],"class_list":{"0":"post-21642","1":"product","2":"type-product","3":"status-publish","4":"has-post-thumbnail","6":"product_cat-les-trousses","7":"product_cat-accessoires","8":"pa_compositions-cuirdevachetteorigineaveyron","9":"pa_couleur-fauve","10":"pa_couleur-noir","11":"pa_couleur-rouge","12":"pa_couleur-moka","13":"pa_hauteur-7cm","14":"pa_largeur-17cm","15":"pa_profondeur-4cm","17":"first","18":"instock","19":"taxable","20":"shipping-taxable","21":"purchasable","22":"product-type-variable","23":"has-default-attributes"},"yoast_head":"<!-- This site is optimized with the Yoast SEO plugin v27.1.1 - https:\/\/yoast.com\/product\/yoast-seo-wordpress\/ -->\n<title>Trousse stylos cuir - Trousse en cuir artisanal fran\u00e7ais d&#039;Aveyron<\/title>\n<meta name=\"description\" content=\"D\u00e9couvrez notre trousse \u00e0 stylos en cuir souple tann\u00e9 dans notre r\u00e9gion. Id\u00e9al pour y glisser les stylos, pouvant \u00e9galement servir de trousse \u00e0 maquillage.\" \/>\n<meta name=\"robots\" content=\"index, follow, max-snippet:-1, max-image-preview:large, max-video-preview:-1\" \/>\n<link rel=\"canonical\" href=\"https:\/\/www.lesacduberger.com\/en\/product\/pen-case\/\" \/>\n<meta property=\"og:locale\" content=\"en_US\" \/>\n<meta property=\"og:title\" content=\"Trousse stylos cuir - Trousse en cuir artisanal fran\u00e7ais d&#039;Aveyron\" \/>\n<meta property=\"og:description\" content=\"D\u00e9couvrez notre trousse \u00e0 stylos en cuir souple tann\u00e9 dans notre r\u00e9gion. Id\u00e9al pour y glisser les stylos, pouvant \u00e9galement servir de trousse \u00e0 maquillage.\" \/>\n<meta property=\"og:url\" content=\"https:\/\/www.lesacduberger.com\/en\/product\/pen-case\/\" \/>\n<meta property=\"og:site_name\" content=\"Le Sac du Berger\" \/>\n<meta property=\"article:publisher\" content=\"https:\/\/www.facebook.com\/lesacduberger\" \/>\n<meta property=\"article:modified_time\" content=\"2026-03-13T12:05:35+00:00\" \/>\n<meta property=\"og:image\" content=\"https:\/\/www.lesacduberger.com\/wp-content\/uploads\/2015\/04\/IMG_20240830_094559-1.jpg\" \/>\n\t<meta property=\"og:image:width\" content=\"768\" \/>\n\t<meta property=\"og:image:height\" content=\"1024\" \/>\n\t<meta property=\"og:image:type\" content=\"image\/jpeg\" \/>\n<meta name=\"twitter:card\" content=\"summary_large_image\" \/>\n<script type=\"application\/ld+json\" class=\"yoast-schema-graph\">{\"@context\":\"https:\/\/schema.org\",\"@graph\":[{\"@type\":\"WebPage\",\"@id\":\"https:\/\/www.lesacduberger.com\/produit\/trousse-a-stylos\/\",\"url\":\"https:\/\/www.lesacduberger.com\/produit\/trousse-a-stylos\/\",\"name\":\"Trousse stylos cuir - Trousse en cuir artisanal fran\u00e7ais d'Aveyron\",\"isPartOf\":{\"@id\":\"https:\/\/www.lesacduberger.com\/#website\"},\"primaryImageOfPage\":{\"@id\":\"https:\/\/www.lesacduberger.com\/produit\/trousse-a-stylos\/#primaryimage\"},\"image\":{\"@id\":\"https:\/\/www.lesacduberger.com\/produit\/trousse-a-stylos\/#primaryimage\"},\"thumbnailUrl\":\"https:\/\/www.lesacduberger.com\/wp-content\/uploads\/2015\/04\/IMG_20240830_094559-1.jpg\",\"datePublished\":\"2015-04-14T20:17:47+00:00\",\"dateModified\":\"2026-03-13T12:05:35+00:00\",\"description\":\"D\u00e9couvrez notre trousse \u00e0 stylos en cuir souple tann\u00e9 dans notre r\u00e9gion. Id\u00e9al pour y glisser les stylos, pouvant \u00e9galement servir de trousse \u00e0 maquillage.\",\"breadcrumb\":{\"@id\":\"https:\/\/www.lesacduberger.com\/produit\/trousse-a-stylos\/#breadcrumb\"},\"inLanguage\":\"en-US\",\"potentialAction\":[{\"@type\":\"ReadAction\",\"target\":[\"https:\/\/www.lesacduberger.com\/produit\/trousse-a-stylos\/\"]}]},{\"@type\":\"ImageObject\",\"inLanguage\":\"en-US\",\"@id\":\"https:\/\/www.lesacduberger.com\/produit\/trousse-a-stylos\/#primaryimage\",\"url\":\"https:\/\/www.lesacduberger.com\/wp-content\/uploads\/2015\/04\/IMG_20240830_094559-1.jpg\",\"contentUrl\":\"https:\/\/www.lesacduberger.com\/wp-content\/uploads\/2015\/04\/IMG_20240830_094559-1.jpg\",\"width\":768,\"height\":1024},{\"@type\":\"BreadcrumbList\",\"@id\":\"https:\/\/www.lesacduberger.com\/produit\/trousse-a-stylos\/#breadcrumb\",\"itemListElement\":[{\"@type\":\"ListItem\",\"position\":1,\"name\":\"Accueil\",\"item\":\"https:\/\/www.lesacduberger.com\/\"},{\"@type\":\"ListItem\",\"position\":2,\"name\":\"Boutique\",\"item\":\"https:\/\/www.lesacduberger.com\/boutique\/\"},{\"@type\":\"ListItem\",\"position\":3,\"name\":\"Trousse \u00e0 stylos\"}]},{\"@type\":\"WebSite\",\"@id\":\"https:\/\/www.lesacduberger.com\/#website\",\"url\":\"https:\/\/www.lesacduberger.com\/\",\"name\":\"Le Sac du Berger\",\"description\":\"\",\"publisher\":{\"@id\":\"https:\/\/www.lesacduberger.com\/#organization\"},\"potentialAction\":[{\"@type\":\"SearchAction\",\"target\":{\"@type\":\"EntryPoint\",\"urlTemplate\":\"https:\/\/www.lesacduberger.com\/?s={search_term_string}\"},\"query-input\":{\"@type\":\"PropertyValueSpecification\",\"valueRequired\":true,\"valueName\":\"search_term_string\"}}],\"inLanguage\":\"en-US\"},{\"@type\":\"Organization\",\"@id\":\"https:\/\/www.lesacduberger.com\/#organization\",\"name\":\"Le Sac du Berger\",\"url\":\"https:\/\/www.lesacduberger.com\/\",\"logo\":{\"@type\":\"ImageObject\",\"inLanguage\":\"en-US\",\"@id\":\"https:\/\/www.lesacduberger.com\/#\/schema\/logo\/image\/\",\"url\":\"https:\/\/www.lesacduberger.com\/wp-content\/uploads\/2020\/09\/Logo-Sac-du-Berger-blanc-OK.png\",\"contentUrl\":\"https:\/\/www.lesacduberger.com\/wp-content\/uploads\/2020\/09\/Logo-Sac-du-Berger-blanc-OK.png\",\"width\":2093,\"height\":510,\"caption\":\"Le Sac du Berger\"},\"image\":{\"@id\":\"https:\/\/www.lesacduberger.com\/#\/schema\/logo\/image\/\"},\"sameAs\":[\"https:\/\/www.facebook.com\/lesacduberger\",\"https:\/\/www.instagram.com\/lesacduberger\/?hl=fr\"]}]}<\/script>\n<!-- \/ Yoast SEO plugin. -->","yoast_head_json":{"title":"Trousse stylos cuir - French handcrafted leather pen case from Aveyron","description":"Discover our pen case in soft leather tanned in our region. Ideal for pens, it can also be used as a make-up bag.","robots":{"index":"index","follow":"follow","max-snippet":"max-snippet:-1","max-image-preview":"max-image-preview:large","max-video-preview":"max-video-preview:-1"},"canonical":"https:\/\/www.lesacduberger.com\/en\/product\/pen-case\/","og_locale":"en_US","og_title":"Trousse stylos cuir - Trousse en cuir artisanal fran\u00e7ais d'Aveyron","og_description":"D\u00e9couvrez notre trousse \u00e0 stylos en cuir souple tann\u00e9 dans notre r\u00e9gion. Id\u00e9al pour y glisser les stylos, pouvant \u00e9galement servir de trousse \u00e0 maquillage.","og_url":"https:\/\/www.lesacduberger.com\/en\/product\/pen-case\/","og_site_name":"Le Sac du Berger","article_publisher":"https:\/\/www.facebook.com\/lesacduberger","article_modified_time":"2026-03-13T12:05:35+00:00","og_image":[{"width":768,"height":1024,"url":"https:\/\/www.lesacduberger.com\/wp-content\/uploads\/2015\/04\/IMG_20240830_094559-1.jpg","type":"image\/jpeg"}],"twitter_card":"summary_large_image","schema":{"@context":"https:\/\/schema.org","@graph":[{"@type":"WebPage","@id":"https:\/\/www.lesacduberger.com\/produit\/trousse-a-stylos\/","url":"https:\/\/www.lesacduberger.com\/produit\/trousse-a-stylos\/","name":"Trousse stylos cuir - French handcrafted leather pen case from Aveyron","isPartOf":{"@id":"https:\/\/www.lesacduberger.com\/#website"},"primaryImageOfPage":{"@id":"https:\/\/www.lesacduberger.com\/produit\/trousse-a-stylos\/#primaryimage"},"image":{"@id":"https:\/\/www.lesacduberger.com\/produit\/trousse-a-stylos\/#primaryimage"},"thumbnailUrl":"https:\/\/www.lesacduberger.com\/wp-content\/uploads\/2015\/04\/IMG_20240830_094559-1.jpg","datePublished":"2015-04-14T20:17:47+00:00","dateModified":"2026-03-13T12:05:35+00:00","description":"Discover our pen case in soft leather tanned in our region. Ideal for pens, it can also be used as a make-up bag.","breadcrumb":{"@id":"https:\/\/www.lesacduberger.com\/produit\/trousse-a-stylos\/#breadcrumb"},"inLanguage":"en-US","potentialAction":[{"@type":"ReadAction","target":["https:\/\/www.lesacduberger.com\/produit\/trousse-a-stylos\/"]}]},{"@type":"ImageObject","inLanguage":"en-US","@id":"https:\/\/www.lesacduberger.com\/produit\/trousse-a-stylos\/#primaryimage","url":"https:\/\/www.lesacduberger.com\/wp-content\/uploads\/2015\/04\/IMG_20240830_094559-1.jpg","contentUrl":"https:\/\/www.lesacduberger.com\/wp-content\/uploads\/2015\/04\/IMG_20240830_094559-1.jpg","width":768,"height":1024},{"@type":"BreadcrumbList","@id":"https:\/\/www.lesacduberger.com\/produit\/trousse-a-stylos\/#breadcrumb","itemListElement":[{"@type":"ListItem","position":1,"name":"Accueil","item":"https:\/\/www.lesacduberger.com\/"},{"@type":"ListItem","position":2,"name":"Boutique","item":"https:\/\/www.lesacduberger.com\/boutique\/"},{"@type":"ListItem","position":3,"name":"Trousse \u00e0 stylos"}]},{"@type":"WebSite","@id":"https:\/\/www.lesacduberger.com\/#website","url":"https:\/\/www.lesacduberger.com\/","name":"Le Sac du Berger","description":"","publisher":{"@id":"https:\/\/www.lesacduberger.com\/#organization"},"potentialAction":[{"@type":"SearchAction","target":{"@type":"EntryPoint","urlTemplate":"https:\/\/www.lesacduberger.com\/?s={search_term_string}"},"query-input":{"@type":"PropertyValueSpecification","valueRequired":true,"valueName":"search_term_string"}}],"inLanguage":"en-US"},{"@type":"Organization","@id":"https:\/\/www.lesacduberger.com\/#organization","name":"Le Sac du Berger","url":"https:\/\/www.lesacduberger.com\/","logo":{"@type":"ImageObject","inLanguage":"en-US","@id":"https:\/\/www.lesacduberger.com\/#\/schema\/logo\/image\/","url":"https:\/\/www.lesacduberger.com\/wp-content\/uploads\/2020\/09\/Logo-Sac-du-Berger-blanc-OK.png","contentUrl":"https:\/\/www.lesacduberger.com\/wp-content\/uploads\/2020\/09\/Logo-Sac-du-Berger-blanc-OK.png","width":2093,"height":510,"caption":"Le Sac du Berger"},"image":{"@id":"https:\/\/www.lesacduberger.com\/#\/schema\/logo\/image\/"},"sameAs":["https:\/\/www.facebook.com\/lesacduberger","https:\/\/www.instagram.com\/lesacduberger\/?hl=fr"]}]}},"_links":{"self":[{"href":"https:\/\/www.lesacduberger.com\/en\/wp-json\/wp\/v2\/product\/21642","targetHints":{"allow":["GET"]}}],"collection":[{"href":"https:\/\/www.lesacduberger.com\/en\/wp-json\/wp\/v2\/product"}],"about":[{"href":"https:\/\/www.lesacduberger.com\/en\/wp-json\/wp\/v2\/types\/product"}],"wp:featuredmedia":[{"embeddable":true,"href":"https:\/\/www.lesacduberger.com\/en\/wp-json\/wp\/v2\/media\/45789"}],"wp:attachment":[{"href":"https:\/\/www.lesacduberger.com\/en\/wp-json\/wp\/v2\/media?parent=21642"}],"wp:term":[{"taxonomy":"product_brand","embeddable":true,"href":"https:\/\/www.lesacduberger.com\/en\/wp-json\/wp\/v2\/product_brand?post=21642"},{"taxonomy":"product_cat","embeddable":true,"href":"https:\/\/www.lesacduberger.com\/en\/wp-json\/wp\/v2\/product_cat?post=21642"},{"taxonomy":"product_tag","embeddable":true,"href":"https:\/\/www.lesacduberger.com\/en\/wp-json\/wp\/v2\/product_tag?post=21642"},{"taxonomy":"giftcard-category","embeddable":true,"href":"https:\/\/www.lesacduberger.com\/en\/wp-json\/wp\/v2\/giftcard-category?post=21642"}],"curies":[{"name":"wp","href":"https:\/\/api.w.org\/{rel}","templated":true}]}}