{"id":21657,"date":"2015-04-14T22:21:45","date_gmt":"2015-04-14T20:21:45","guid":{"rendered":"https:\/\/www.lesacduberger.com\/produit\/ceinture-4-cm\/"},"modified":"2026-04-11T18:08:39","modified_gmt":"2026-04-11T16:08:39","slug":"belt-4-cm","status":"publish","type":"product","link":"https:\/\/www.lesacduberger.com\/en\/product\/belt-4-cm\/","title":{"rendered":"Mixed belt width 4 cm"},"content":{"rendered":"<h2>The made in France 100% leather belt for men and women<\/h2>\n<p>Our 4 cm belt fits most jeans.<\/p>\n<ul>\n<li>100% in cowhide leather<\/li>\n<li>Thickness 4 mm<\/li>\n<li>Decorative groove on each side of belt<\/li>\n<li>Side marking<\/li>\n<li>Polished solid brass buckle (made in Italy):\n<ul>\n<li>nickel-plated for black belt<\/li>\n<li>gold for the tan belt<\/li>\n<\/ul>\n<\/li>\n<\/ul>\n<p>Please note! The size indicated when you order will correspond to your waist size and not to the total length of the leather.<\/p>\n<p>The various stages of production, from the origin of the skins to the tanning and finishing of the finished object, are carried out within a 120-kilometer radius of the Layrolle workshop.<\/p>\n<p>All our products are designed to be durable and repairable.<\/p>","protected":false},"excerpt":{"rendered":"<p>La ceinture made in France 100% cuir pour homme et femme Notre Ceinture 4 cm est adapt\u00e9e \u00e0 la plupart des jeans. 100% en cuir de vachette Epaisseur 4 mm Rainure d\u00e9corative de chaque c\u00f4t\u00e9 de la ceinture Marquage lat\u00e9ral Boucle en laiton massif poli (fabriqu\u00e9e en Italie): nickel\u00e9 pour la ceinture noire dor\u00e9 pour [&hellip;]<\/p>\n","protected":false},"featured_media":21652,"template":"","meta":[],"product_brand":[],"product_cat":[1541,1530],"product_tag":[],"giftcard-category":[],"class_list":{"0":"post-21657","1":"product","2":"type-product","3":"status-publish","4":"has-post-thumbnail","6":"product_cat-les-ceintures","7":"product_cat-accessoires","8":"pa_compositions-cuirdevachetteorigineaveyron","9":"pa_couleur-ecureuil","10":"pa_couleur-fauve","11":"pa_couleur-noir","12":"pa_couleur-rouge","13":"pa_couleur-camel","14":"pa_tailleceintures-36_80cm","15":"pa_tailleceintures-38_85cm","16":"pa_tailleceintures-40_90cm","17":"pa_tailleceintures-42_95cm","18":"pa_tailleceintures-44_100cm","19":"pa_tailleceintures-46_105cm","20":"pa_tailleceintures-48_110cm","21":"pa_tailleceintures-50_115cm","22":"pa_tailleceintures-52_120cm","23":"pa_tailleceintures-54_125cm","24":"pa_tailleceintures-56_130cm","25":"pa_tailleceintures-58_135cm","26":"pa_tailleceintures-60_140cm","28":"first","29":"instock","30":"taxable","31":"shipping-taxable","32":"purchasable","33":"product-type-variable","34":"has-default-attributes"},"yoast_head":"<!-- This site is optimized with the Yoast SEO plugin v27.1.1 - https:\/\/yoast.com\/product\/yoast-seo-wordpress\/ -->\n<title>Ceinture 4 cm \u2013 Made in France 100% cuir de vachette<\/title>\n<meta name=\"description\" content=\"La ceinture en cuir artisanal et 100% fran\u00e7aise. Une seule \u00e9paisseur de cuir de 4 mm, garantissant une excellente tenue dans le temps. Avec une boucle en laiton massif.\" \/>\n<meta name=\"robots\" content=\"index, follow, max-snippet:-1, max-image-preview:large, max-video-preview:-1\" \/>\n<link rel=\"canonical\" href=\"https:\/\/www.lesacduberger.com\/en\/product\/belt-4-cm\/\" \/>\n<meta property=\"og:locale\" content=\"en_US\" \/>\n<meta property=\"og:title\" content=\"Ceinture 4 cm \u2013 Made in France 100% cuir de vachette\" \/>\n<meta property=\"og:description\" content=\"La ceinture en cuir artisanal et 100% fran\u00e7aise. Une seule \u00e9paisseur de cuir de 4 mm, garantissant une excellente tenue dans le temps. Avec une boucle en laiton massif.\" \/>\n<meta property=\"og:url\" content=\"https:\/\/www.lesacduberger.com\/en\/product\/belt-4-cm\/\" \/>\n<meta property=\"og:site_name\" content=\"Le Sac du Berger\" \/>\n<meta property=\"article:publisher\" content=\"https:\/\/www.facebook.com\/lesacduberger\" \/>\n<meta property=\"article:modified_time\" content=\"2026-04-11T16:08:39+00:00\" \/>\n<meta property=\"og:image\" content=\"https:\/\/www.lesacduberger.com\/wp-content\/uploads\/2015\/04\/p_1_5_8_1_1581-thickbox_default-Ceinture-4-cm.jpg\" \/>\n\t<meta property=\"og:image:width\" content=\"800\" \/>\n\t<meta property=\"og:image:height\" content=\"800\" \/>\n\t<meta property=\"og:image:type\" content=\"image\/jpeg\" \/>\n<meta name=\"twitter:card\" content=\"summary_large_image\" \/>\n<script type=\"application\/ld+json\" class=\"yoast-schema-graph\">{\"@context\":\"https:\/\/schema.org\",\"@graph\":[{\"@type\":\"WebPage\",\"@id\":\"https:\/\/www.lesacduberger.com\/produit\/ceinture-4-cm\/\",\"url\":\"https:\/\/www.lesacduberger.com\/produit\/ceinture-4-cm\/\",\"name\":\"Ceinture 4 cm \u2013 Made in France 100% cuir de vachette\",\"isPartOf\":{\"@id\":\"https:\/\/www.lesacduberger.com\/#website\"},\"primaryImageOfPage\":{\"@id\":\"https:\/\/www.lesacduberger.com\/produit\/ceinture-4-cm\/#primaryimage\"},\"image\":{\"@id\":\"https:\/\/www.lesacduberger.com\/produit\/ceinture-4-cm\/#primaryimage\"},\"thumbnailUrl\":\"https:\/\/www.lesacduberger.com\/wp-content\/uploads\/2015\/04\/p_1_5_8_1_1581-thickbox_default-Ceinture-4-cm.jpg\",\"datePublished\":\"2015-04-14T20:21:45+00:00\",\"dateModified\":\"2026-04-11T16:08:39+00:00\",\"description\":\"La ceinture en cuir artisanal et 100% fran\u00e7aise. Une seule \u00e9paisseur de cuir de 4 mm, garantissant une excellente tenue dans le temps. Avec une boucle en laiton massif.\",\"breadcrumb\":{\"@id\":\"https:\/\/www.lesacduberger.com\/produit\/ceinture-4-cm\/#breadcrumb\"},\"inLanguage\":\"en-US\",\"potentialAction\":[{\"@type\":\"ReadAction\",\"target\":[\"https:\/\/www.lesacduberger.com\/produit\/ceinture-4-cm\/\"]}]},{\"@type\":\"ImageObject\",\"inLanguage\":\"en-US\",\"@id\":\"https:\/\/www.lesacduberger.com\/produit\/ceinture-4-cm\/#primaryimage\",\"url\":\"https:\/\/www.lesacduberger.com\/wp-content\/uploads\/2015\/04\/p_1_5_8_1_1581-thickbox_default-Ceinture-4-cm.jpg\",\"contentUrl\":\"https:\/\/www.lesacduberger.com\/wp-content\/uploads\/2015\/04\/p_1_5_8_1_1581-thickbox_default-Ceinture-4-cm.jpg\",\"width\":800,\"height\":800,\"caption\":\"Ceinture 4 cm\"},{\"@type\":\"BreadcrumbList\",\"@id\":\"https:\/\/www.lesacduberger.com\/produit\/ceinture-4-cm\/#breadcrumb\",\"itemListElement\":[{\"@type\":\"ListItem\",\"position\":1,\"name\":\"Accueil\",\"item\":\"https:\/\/www.lesacduberger.com\/\"},{\"@type\":\"ListItem\",\"position\":2,\"name\":\"Boutique\",\"item\":\"https:\/\/www.lesacduberger.com\/boutique\/\"},{\"@type\":\"ListItem\",\"position\":3,\"name\":\"Ceinture mixte large&hellip;\"}]},{\"@type\":\"WebSite\",\"@id\":\"https:\/\/www.lesacduberger.com\/#website\",\"url\":\"https:\/\/www.lesacduberger.com\/\",\"name\":\"Le Sac du Berger\",\"description\":\"\",\"publisher\":{\"@id\":\"https:\/\/www.lesacduberger.com\/#organization\"},\"potentialAction\":[{\"@type\":\"SearchAction\",\"target\":{\"@type\":\"EntryPoint\",\"urlTemplate\":\"https:\/\/www.lesacduberger.com\/?s={search_term_string}\"},\"query-input\":{\"@type\":\"PropertyValueSpecification\",\"valueRequired\":true,\"valueName\":\"search_term_string\"}}],\"inLanguage\":\"en-US\"},{\"@type\":\"Organization\",\"@id\":\"https:\/\/www.lesacduberger.com\/#organization\",\"name\":\"Le Sac du Berger\",\"url\":\"https:\/\/www.lesacduberger.com\/\",\"logo\":{\"@type\":\"ImageObject\",\"inLanguage\":\"en-US\",\"@id\":\"https:\/\/www.lesacduberger.com\/#\/schema\/logo\/image\/\",\"url\":\"https:\/\/www.lesacduberger.com\/wp-content\/uploads\/2020\/09\/Logo-Sac-du-Berger-blanc-OK.png\",\"contentUrl\":\"https:\/\/www.lesacduberger.com\/wp-content\/uploads\/2020\/09\/Logo-Sac-du-Berger-blanc-OK.png\",\"width\":2093,\"height\":510,\"caption\":\"Le Sac du Berger\"},\"image\":{\"@id\":\"https:\/\/www.lesacduberger.com\/#\/schema\/logo\/image\/\"},\"sameAs\":[\"https:\/\/www.facebook.com\/lesacduberger\",\"https:\/\/www.instagram.com\/lesacduberger\/?hl=fr\"]}]}<\/script>\n<!-- \/ Yoast SEO plugin. -->","yoast_head_json":{"title":"4 cm belt - Made in France 100% cowhide leather","description":"The 100% French handcrafted leather belt. A single layer of 4 mm leather guarantees excellent durability. With solid brass buckle.","robots":{"index":"index","follow":"follow","max-snippet":"max-snippet:-1","max-image-preview":"max-image-preview:large","max-video-preview":"max-video-preview:-1"},"canonical":"https:\/\/www.lesacduberger.com\/en\/product\/belt-4-cm\/","og_locale":"en_US","og_title":"Ceinture 4 cm \u2013 Made in France 100% cuir de vachette","og_description":"La ceinture en cuir artisanal et 100% fran\u00e7aise. Une seule \u00e9paisseur de cuir de 4 mm, garantissant une excellente tenue dans le temps. Avec une boucle en laiton massif.","og_url":"https:\/\/www.lesacduberger.com\/en\/product\/belt-4-cm\/","og_site_name":"Le Sac du Berger","article_publisher":"https:\/\/www.facebook.com\/lesacduberger","article_modified_time":"2026-04-11T16:08:39+00:00","og_image":[{"width":800,"height":800,"url":"https:\/\/www.lesacduberger.com\/wp-content\/uploads\/2015\/04\/p_1_5_8_1_1581-thickbox_default-Ceinture-4-cm.jpg","type":"image\/jpeg"}],"twitter_card":"summary_large_image","schema":{"@context":"https:\/\/schema.org","@graph":[{"@type":"WebPage","@id":"https:\/\/www.lesacduberger.com\/produit\/ceinture-4-cm\/","url":"https:\/\/www.lesacduberger.com\/produit\/ceinture-4-cm\/","name":"4 cm belt - Made in France 100% cowhide leather","isPartOf":{"@id":"https:\/\/www.lesacduberger.com\/#website"},"primaryImageOfPage":{"@id":"https:\/\/www.lesacduberger.com\/produit\/ceinture-4-cm\/#primaryimage"},"image":{"@id":"https:\/\/www.lesacduberger.com\/produit\/ceinture-4-cm\/#primaryimage"},"thumbnailUrl":"https:\/\/www.lesacduberger.com\/wp-content\/uploads\/2015\/04\/p_1_5_8_1_1581-thickbox_default-Ceinture-4-cm.jpg","datePublished":"2015-04-14T20:21:45+00:00","dateModified":"2026-04-11T16:08:39+00:00","description":"The 100% French handcrafted leather belt. A single layer of 4 mm leather guarantees excellent durability. With solid brass buckle.","breadcrumb":{"@id":"https:\/\/www.lesacduberger.com\/produit\/ceinture-4-cm\/#breadcrumb"},"inLanguage":"en-US","potentialAction":[{"@type":"ReadAction","target":["https:\/\/www.lesacduberger.com\/produit\/ceinture-4-cm\/"]}]},{"@type":"ImageObject","inLanguage":"en-US","@id":"https:\/\/www.lesacduberger.com\/produit\/ceinture-4-cm\/#primaryimage","url":"https:\/\/www.lesacduberger.com\/wp-content\/uploads\/2015\/04\/p_1_5_8_1_1581-thickbox_default-Ceinture-4-cm.jpg","contentUrl":"https:\/\/www.lesacduberger.com\/wp-content\/uploads\/2015\/04\/p_1_5_8_1_1581-thickbox_default-Ceinture-4-cm.jpg","width":800,"height":800,"caption":"Ceinture 4 cm"},{"@type":"BreadcrumbList","@id":"https:\/\/www.lesacduberger.com\/produit\/ceinture-4-cm\/#breadcrumb","itemListElement":[{"@type":"ListItem","position":1,"name":"Accueil","item":"https:\/\/www.lesacduberger.com\/"},{"@type":"ListItem","position":2,"name":"Boutique","item":"https:\/\/www.lesacduberger.com\/boutique\/"},{"@type":"ListItem","position":3,"name":"Ceinture mixte large&hellip;"}]},{"@type":"WebSite","@id":"https:\/\/www.lesacduberger.com\/#website","url":"https:\/\/www.lesacduberger.com\/","name":"Le Sac du Berger","description":"","publisher":{"@id":"https:\/\/www.lesacduberger.com\/#organization"},"potentialAction":[{"@type":"SearchAction","target":{"@type":"EntryPoint","urlTemplate":"https:\/\/www.lesacduberger.com\/?s={search_term_string}"},"query-input":{"@type":"PropertyValueSpecification","valueRequired":true,"valueName":"search_term_string"}}],"inLanguage":"en-US"},{"@type":"Organization","@id":"https:\/\/www.lesacduberger.com\/#organization","name":"Le Sac du Berger","url":"https:\/\/www.lesacduberger.com\/","logo":{"@type":"ImageObject","inLanguage":"en-US","@id":"https:\/\/www.lesacduberger.com\/#\/schema\/logo\/image\/","url":"https:\/\/www.lesacduberger.com\/wp-content\/uploads\/2020\/09\/Logo-Sac-du-Berger-blanc-OK.png","contentUrl":"https:\/\/www.lesacduberger.com\/wp-content\/uploads\/2020\/09\/Logo-Sac-du-Berger-blanc-OK.png","width":2093,"height":510,"caption":"Le Sac du Berger"},"image":{"@id":"https:\/\/www.lesacduberger.com\/#\/schema\/logo\/image\/"},"sameAs":["https:\/\/www.facebook.com\/lesacduberger","https:\/\/www.instagram.com\/lesacduberger\/?hl=fr"]}]}},"_links":{"self":[{"href":"https:\/\/www.lesacduberger.com\/en\/wp-json\/wp\/v2\/product\/21657","targetHints":{"allow":["GET"]}}],"collection":[{"href":"https:\/\/www.lesacduberger.com\/en\/wp-json\/wp\/v2\/product"}],"about":[{"href":"https:\/\/www.lesacduberger.com\/en\/wp-json\/wp\/v2\/types\/product"}],"wp:featuredmedia":[{"embeddable":true,"href":"https:\/\/www.lesacduberger.com\/en\/wp-json\/wp\/v2\/media\/21652"}],"wp:attachment":[{"href":"https:\/\/www.lesacduberger.com\/en\/wp-json\/wp\/v2\/media?parent=21657"}],"wp:term":[{"taxonomy":"product_brand","embeddable":true,"href":"https:\/\/www.lesacduberger.com\/en\/wp-json\/wp\/v2\/product_brand?post=21657"},{"taxonomy":"product_cat","embeddable":true,"href":"https:\/\/www.lesacduberger.com\/en\/wp-json\/wp\/v2\/product_cat?post=21657"},{"taxonomy":"product_tag","embeddable":true,"href":"https:\/\/www.lesacduberger.com\/en\/wp-json\/wp\/v2\/product_tag?post=21657"},{"taxonomy":"giftcard-category","embeddable":true,"href":"https:\/\/www.lesacduberger.com\/en\/wp-json\/wp\/v2\/giftcard-category?post=21657"}],"curies":[{"name":"wp","href":"https:\/\/api.w.org\/{rel}","templated":true}]}}