{"id":21702,"date":"2015-04-19T13:01:23","date_gmt":"2015-04-19T11:01:23","guid":{"rendered":"https:\/\/www.lesacduberger.com\/produit\/dona-n1\/"},"modified":"2026-05-12T17:45:40","modified_gmt":"2026-05-12T15:45:40","slug":"dona-n1","status":"publish","type":"product","link":"https:\/\/www.lesacduberger.com\/en\/product\/dona-n1\/","title":{"rendered":"Dona n\u00b01"},"content":{"rendered":"<h2>The made in France leather goods bag<\/h2>\n<p>Our Sac Dona is the result of a partnership with a local craftsman and friend of Jean-Pierre Romiguier. The result is a feminine bag, simple and practical, with the Sac du Berger touch.<\/p>\n<ul>\n<li>Two inside pockets, one with zipper<\/li>\n<li>One outside back zippered pocket<\/li>\n<li>Flap closed with magnet top<\/li>\n<li>Adjustable soft leather shoulder strap<\/li>\n<\/ul>\n<p>This bag is available in 2 sizes. This is the smaller model.<\/p>\n<p>The various stages of production, from the origin of the skins to the tanning and finishing of the finished object, are carried out within a 120-kilometer radius of the Layrolle workshop.<\/p>\n<p>All our products are designed to be durable and repairable.<\/p>","protected":false},"excerpt":{"rendered":"<p>Le sac maroquinerie made in France Notre Sac Dona est issu d\u2019un partenariat avec un artisan local, ami de Jean-Pierre Romiguier. De leur collaboration est n\u00e9 un sac f\u00e9minin, simple et pratique, avec la touche Sac du Berger. Deux poches int\u00e9rieures, dont une avec fermeture \u00e9clair Une poche ext\u00e9rieure arri\u00e8re \u00e0 fermeture \u00e9clair Rabat ferm\u00e9 [&hellip;]<\/p>\n","protected":false},"featured_media":46445,"template":"","meta":[],"product_brand":[],"product_cat":[1534,1525,1551],"product_tag":[],"giftcard-category":[],"class_list":{"0":"post-21702","1":"product","2":"type-product","3":"status-publish","4":"has-post-thumbnail","6":"product_cat-les-sacs-bandouliere","7":"product_cat-sacs","8":"product_cat-les-petits-sacs","9":"pa_couleur-lie-de-vin","10":"pa_couleur-fauve","11":"pa_couleur-vert-foret","12":"pa_couleur-vert-olive","13":"pa_couleur-noir","14":"pa_couleur-rouge","15":"pa_couleur-saphir","16":"pa_couleur-moka","17":"pa_hauteur-13cm","18":"pa_largeur-23cm","19":"pa_longueurbandouliere-de104a122cm","20":"pa_profondeur-6cm","22":"first","23":"instock","24":"taxable","25":"shipping-taxable","26":"purchasable","27":"product-type-variable","28":"has-default-attributes"},"yoast_head":"<!-- This site is optimized with the Yoast SEO plugin v27.1.1 - https:\/\/yoast.com\/product\/yoast-seo-wordpress\/ -->\n<title>Dona n\u00b01 \u2013 sac maroquinerie cuir fabriqu\u00e9 en France<\/title>\n<meta name=\"description\" content=\"Petit sac cuir pour femme \u00e0 porter en bandouli\u00e8re. Fabriqu\u00e9 en cuir vachette pleine fleur, tann\u00e9 dans l&#039;Aveyron. Fermeture par tops aimant\u00e9s.\" \/>\n<meta name=\"robots\" content=\"index, follow, max-snippet:-1, max-image-preview:large, max-video-preview:-1\" \/>\n<link rel=\"canonical\" href=\"https:\/\/www.lesacduberger.com\/en\/product\/dona-n1\/\" \/>\n<meta property=\"og:locale\" content=\"en_US\" \/>\n<meta property=\"og:title\" content=\"Dona n\u00b01 \u2013 sac maroquinerie cuir fabriqu\u00e9 en France\" \/>\n<meta property=\"og:description\" content=\"Petit sac cuir pour femme \u00e0 porter en bandouli\u00e8re. Fabriqu\u00e9 en cuir vachette pleine fleur, tann\u00e9 dans l&#039;Aveyron. Fermeture par tops aimant\u00e9s.\" \/>\n<meta property=\"og:url\" content=\"https:\/\/www.lesacduberger.com\/en\/product\/dona-n1\/\" \/>\n<meta property=\"og:site_name\" content=\"Le Sac du Berger\" \/>\n<meta property=\"article:publisher\" content=\"https:\/\/www.facebook.com\/lesacduberger\" \/>\n<meta property=\"article:modified_time\" content=\"2026-05-12T15:45:40+00:00\" \/>\n<meta property=\"og:image\" content=\"https:\/\/www.lesacduberger.com\/wp-content\/uploads\/2015\/04\/Dona-n%C2%B01-Fauve-1-0007.jpg\" \/>\n\t<meta property=\"og:image:width\" content=\"1080\" \/>\n\t<meta property=\"og:image:height\" content=\"1350\" \/>\n\t<meta property=\"og:image:type\" content=\"image\/jpeg\" \/>\n<meta name=\"twitter:card\" content=\"summary_large_image\" \/>\n<script type=\"application\/ld+json\" class=\"yoast-schema-graph\">{\"@context\":\"https:\/\/schema.org\",\"@graph\":[{\"@type\":\"WebPage\",\"@id\":\"https:\/\/www.lesacduberger.com\/produit\/dona-n1\/\",\"url\":\"https:\/\/www.lesacduberger.com\/produit\/dona-n1\/\",\"name\":\"Dona n\u00b01 \u2013 sac maroquinerie cuir fabriqu\u00e9 en France\",\"isPartOf\":{\"@id\":\"https:\/\/www.lesacduberger.com\/#website\"},\"primaryImageOfPage\":{\"@id\":\"https:\/\/www.lesacduberger.com\/produit\/dona-n1\/#primaryimage\"},\"image\":{\"@id\":\"https:\/\/www.lesacduberger.com\/produit\/dona-n1\/#primaryimage\"},\"thumbnailUrl\":\"https:\/\/www.lesacduberger.com\/wp-content\/uploads\/2015\/04\/Dona-n%C2%B01-Fauve-1-0007.jpg\",\"datePublished\":\"2015-04-19T11:01:23+00:00\",\"dateModified\":\"2026-05-12T15:45:40+00:00\",\"description\":\"Petit sac cuir pour femme \u00e0 porter en bandouli\u00e8re. Fabriqu\u00e9 en cuir vachette pleine fleur, tann\u00e9 dans l'Aveyron. Fermeture par tops aimant\u00e9s.\",\"breadcrumb\":{\"@id\":\"https:\/\/www.lesacduberger.com\/produit\/dona-n1\/#breadcrumb\"},\"inLanguage\":\"en-US\",\"potentialAction\":[{\"@type\":\"ReadAction\",\"target\":[\"https:\/\/www.lesacduberger.com\/produit\/dona-n1\/\"]}]},{\"@type\":\"ImageObject\",\"inLanguage\":\"en-US\",\"@id\":\"https:\/\/www.lesacduberger.com\/produit\/dona-n1\/#primaryimage\",\"url\":\"https:\/\/www.lesacduberger.com\/wp-content\/uploads\/2015\/04\/Dona-n%C2%B01-Fauve-1-0007.jpg\",\"contentUrl\":\"https:\/\/www.lesacduberger.com\/wp-content\/uploads\/2015\/04\/Dona-n%C2%B01-Fauve-1-0007.jpg\",\"width\":1080,\"height\":1350},{\"@type\":\"BreadcrumbList\",\"@id\":\"https:\/\/www.lesacduberger.com\/produit\/dona-n1\/#breadcrumb\",\"itemListElement\":[{\"@type\":\"ListItem\",\"position\":1,\"name\":\"Accueil\",\"item\":\"https:\/\/www.lesacduberger.com\/\"},{\"@type\":\"ListItem\",\"position\":2,\"name\":\"Boutique\",\"item\":\"https:\/\/www.lesacduberger.com\/boutique\/\"},{\"@type\":\"ListItem\",\"position\":3,\"name\":\"Dona n\u00b01\"}]},{\"@type\":\"WebSite\",\"@id\":\"https:\/\/www.lesacduberger.com\/#website\",\"url\":\"https:\/\/www.lesacduberger.com\/\",\"name\":\"Le Sac du Berger\",\"description\":\"\",\"publisher\":{\"@id\":\"https:\/\/www.lesacduberger.com\/#organization\"},\"potentialAction\":[{\"@type\":\"SearchAction\",\"target\":{\"@type\":\"EntryPoint\",\"urlTemplate\":\"https:\/\/www.lesacduberger.com\/?s={search_term_string}\"},\"query-input\":{\"@type\":\"PropertyValueSpecification\",\"valueRequired\":true,\"valueName\":\"search_term_string\"}}],\"inLanguage\":\"en-US\"},{\"@type\":\"Organization\",\"@id\":\"https:\/\/www.lesacduberger.com\/#organization\",\"name\":\"Le Sac du Berger\",\"url\":\"https:\/\/www.lesacduberger.com\/\",\"logo\":{\"@type\":\"ImageObject\",\"inLanguage\":\"en-US\",\"@id\":\"https:\/\/www.lesacduberger.com\/#\/schema\/logo\/image\/\",\"url\":\"https:\/\/www.lesacduberger.com\/wp-content\/uploads\/2020\/09\/Logo-Sac-du-Berger-blanc-OK.png\",\"contentUrl\":\"https:\/\/www.lesacduberger.com\/wp-content\/uploads\/2020\/09\/Logo-Sac-du-Berger-blanc-OK.png\",\"width\":2093,\"height\":510,\"caption\":\"Le Sac du Berger\"},\"image\":{\"@id\":\"https:\/\/www.lesacduberger.com\/#\/schema\/logo\/image\/\"},\"sameAs\":[\"https:\/\/www.facebook.com\/lesacduberger\",\"https:\/\/www.instagram.com\/lesacduberger\/?hl=fr\"]}]}<\/script>\n<!-- \/ Yoast SEO plugin. -->","yoast_head_json":{"title":"Dona n\u00b01 - leather goods bag made in France","description":"Small leather shoulder bag for women. Made of full-grain cow leather, tanned in Aveyron. Magnetic top closure.","robots":{"index":"index","follow":"follow","max-snippet":"max-snippet:-1","max-image-preview":"max-image-preview:large","max-video-preview":"max-video-preview:-1"},"canonical":"https:\/\/www.lesacduberger.com\/en\/product\/dona-n1\/","og_locale":"en_US","og_title":"Dona n\u00b01 \u2013 sac maroquinerie cuir fabriqu\u00e9 en France","og_description":"Petit sac cuir pour femme \u00e0 porter en bandouli\u00e8re. Fabriqu\u00e9 en cuir vachette pleine fleur, tann\u00e9 dans l'Aveyron. Fermeture par tops aimant\u00e9s.","og_url":"https:\/\/www.lesacduberger.com\/en\/product\/dona-n1\/","og_site_name":"Le Sac du Berger","article_publisher":"https:\/\/www.facebook.com\/lesacduberger","article_modified_time":"2026-05-12T15:45:40+00:00","og_image":[{"width":1080,"height":1350,"url":"https:\/\/www.lesacduberger.com\/wp-content\/uploads\/2015\/04\/Dona-n%C2%B01-Fauve-1-0007.jpg","type":"image\/jpeg"}],"twitter_card":"summary_large_image","schema":{"@context":"https:\/\/schema.org","@graph":[{"@type":"WebPage","@id":"https:\/\/www.lesacduberger.com\/produit\/dona-n1\/","url":"https:\/\/www.lesacduberger.com\/produit\/dona-n1\/","name":"Dona n\u00b01 - leather goods bag made in France","isPartOf":{"@id":"https:\/\/www.lesacduberger.com\/#website"},"primaryImageOfPage":{"@id":"https:\/\/www.lesacduberger.com\/produit\/dona-n1\/#primaryimage"},"image":{"@id":"https:\/\/www.lesacduberger.com\/produit\/dona-n1\/#primaryimage"},"thumbnailUrl":"https:\/\/www.lesacduberger.com\/wp-content\/uploads\/2015\/04\/Dona-n%C2%B01-Fauve-1-0007.jpg","datePublished":"2015-04-19T11:01:23+00:00","dateModified":"2026-05-12T15:45:40+00:00","description":"Small leather shoulder bag for women. Made of full-grain cow leather, tanned in Aveyron. Magnetic top closure.","breadcrumb":{"@id":"https:\/\/www.lesacduberger.com\/produit\/dona-n1\/#breadcrumb"},"inLanguage":"en-US","potentialAction":[{"@type":"ReadAction","target":["https:\/\/www.lesacduberger.com\/produit\/dona-n1\/"]}]},{"@type":"ImageObject","inLanguage":"en-US","@id":"https:\/\/www.lesacduberger.com\/produit\/dona-n1\/#primaryimage","url":"https:\/\/www.lesacduberger.com\/wp-content\/uploads\/2015\/04\/Dona-n%C2%B01-Fauve-1-0007.jpg","contentUrl":"https:\/\/www.lesacduberger.com\/wp-content\/uploads\/2015\/04\/Dona-n%C2%B01-Fauve-1-0007.jpg","width":1080,"height":1350},{"@type":"BreadcrumbList","@id":"https:\/\/www.lesacduberger.com\/produit\/dona-n1\/#breadcrumb","itemListElement":[{"@type":"ListItem","position":1,"name":"Accueil","item":"https:\/\/www.lesacduberger.com\/"},{"@type":"ListItem","position":2,"name":"Boutique","item":"https:\/\/www.lesacduberger.com\/boutique\/"},{"@type":"ListItem","position":3,"name":"Dona n\u00b01"}]},{"@type":"WebSite","@id":"https:\/\/www.lesacduberger.com\/#website","url":"https:\/\/www.lesacduberger.com\/","name":"Le Sac du Berger","description":"","publisher":{"@id":"https:\/\/www.lesacduberger.com\/#organization"},"potentialAction":[{"@type":"SearchAction","target":{"@type":"EntryPoint","urlTemplate":"https:\/\/www.lesacduberger.com\/?s={search_term_string}"},"query-input":{"@type":"PropertyValueSpecification","valueRequired":true,"valueName":"search_term_string"}}],"inLanguage":"en-US"},{"@type":"Organization","@id":"https:\/\/www.lesacduberger.com\/#organization","name":"Le Sac du Berger","url":"https:\/\/www.lesacduberger.com\/","logo":{"@type":"ImageObject","inLanguage":"en-US","@id":"https:\/\/www.lesacduberger.com\/#\/schema\/logo\/image\/","url":"https:\/\/www.lesacduberger.com\/wp-content\/uploads\/2020\/09\/Logo-Sac-du-Berger-blanc-OK.png","contentUrl":"https:\/\/www.lesacduberger.com\/wp-content\/uploads\/2020\/09\/Logo-Sac-du-Berger-blanc-OK.png","width":2093,"height":510,"caption":"Le Sac du Berger"},"image":{"@id":"https:\/\/www.lesacduberger.com\/#\/schema\/logo\/image\/"},"sameAs":["https:\/\/www.facebook.com\/lesacduberger","https:\/\/www.instagram.com\/lesacduberger\/?hl=fr"]}]}},"_links":{"self":[{"href":"https:\/\/www.lesacduberger.com\/en\/wp-json\/wp\/v2\/product\/21702","targetHints":{"allow":["GET"]}}],"collection":[{"href":"https:\/\/www.lesacduberger.com\/en\/wp-json\/wp\/v2\/product"}],"about":[{"href":"https:\/\/www.lesacduberger.com\/en\/wp-json\/wp\/v2\/types\/product"}],"wp:featuredmedia":[{"embeddable":true,"href":"https:\/\/www.lesacduberger.com\/en\/wp-json\/wp\/v2\/media\/46445"}],"wp:attachment":[{"href":"https:\/\/www.lesacduberger.com\/en\/wp-json\/wp\/v2\/media?parent=21702"}],"wp:term":[{"taxonomy":"product_brand","embeddable":true,"href":"https:\/\/www.lesacduberger.com\/en\/wp-json\/wp\/v2\/product_brand?post=21702"},{"taxonomy":"product_cat","embeddable":true,"href":"https:\/\/www.lesacduberger.com\/en\/wp-json\/wp\/v2\/product_cat?post=21702"},{"taxonomy":"product_tag","embeddable":true,"href":"https:\/\/www.lesacduberger.com\/en\/wp-json\/wp\/v2\/product_tag?post=21702"},{"taxonomy":"giftcard-category","embeddable":true,"href":"https:\/\/www.lesacduberger.com\/en\/wp-json\/wp\/v2\/giftcard-category?post=21702"}],"curies":[{"name":"wp","href":"https:\/\/api.w.org\/{rel}","templated":true}]}}