{"id":21715,"date":"2015-04-19T13:02:32","date_gmt":"2015-04-19T11:02:32","guid":{"rendered":"https:\/\/www.lesacduberger.com\/produit\/dona-n2\/"},"modified":"2026-04-26T19:48:00","modified_gmt":"2026-04-26T17:48:00","slug":"dona-n2","status":"publish","type":"product","link":"https:\/\/www.lesacduberger.com\/en\/product\/dona-n2\/","title":{"rendered":"Dona n\u00b02"},"content":{"rendered":"<h2>The French leather shoulder bag<\/h2>\n<p>Our Sac Dona is the result of a partnership with a local craftsman and friend of Jean-Pierre Romiguier. The result is a feminine bag, simple and practical, with the Sac du Berger touch.<\/p>\n<ul>\n<li>Two inside pockets, one with zipper<\/li>\n<li>One outside back zippered pocket<\/li>\n<li>Flap closed by two magnet tops<\/li>\n<li>Adjustable soft leather shoulder strap<\/li>\n<\/ul>\n<p>This bag is available in 2 sizes. This is the larger model.<\/p>\n<p>The various stages of production, from the origin of the skins to the tanning and finishing of the finished object, are carried out within a 120-kilometer radius of the Layrolle workshop.<\/p>\n<p>All our products are designed to be durable and repairable.<\/p>","protected":false},"excerpt":{"rendered":"<p>Our Sac Dona was born of a partnership with a local craftsman, a friend of Sac du Berger founder Jean-Pierre Romiguier. The result is a feminine bag, simple and practical, with the Sac du Berger touch.<\/p>","protected":false},"featured_media":46425,"template":"","meta":[],"product_brand":[],"product_cat":[1534,1525,1551],"product_tag":[],"giftcard-category":[],"class_list":{"0":"post-21715","1":"product","2":"type-product","3":"status-publish","4":"has-post-thumbnail","6":"product_cat-les-sacs-bandouliere","7":"product_cat-sacs","8":"product_cat-les-petits-sacs","9":"pa_couleur-fauve","10":"pa_couleur-noir","11":"pa_couleur-rouge","12":"pa_couleur-mandarine","13":"pa_couleur-moka","14":"pa_hauteur-18cm","15":"pa_largeur-28cm","16":"pa_longueurbandouliere-de104a122cm","17":"pa_profondeur-6_5cm","19":"first","20":"instock","21":"featured","22":"taxable","23":"shipping-taxable","24":"purchasable","25":"product-type-variable","26":"has-default-attributes"},"yoast_head":"<!-- This site is optimized with the Yoast SEO plugin v27.1.1 - https:\/\/yoast.com\/product\/yoast-seo-wordpress\/ -->\n<title>Sac \u00e0 Main \u00e0 Bandouli\u00e8re en Cuir Femme - Dona n\u00b02<\/title>\n<meta name=\"description\" content=\"Sac \u00e0 main \u00e0 bandouli\u00e8re femme en cuir de vachette pleine fleur, tann\u00e9 localement en Occitanie. Enti\u00e8rement doubl\u00e9 cuir. Fabrication 100% fran\u00e7aise.\" \/>\n<meta name=\"robots\" content=\"index, follow, max-snippet:-1, max-image-preview:large, max-video-preview:-1\" \/>\n<link rel=\"canonical\" href=\"https:\/\/www.lesacduberger.com\/en\/product\/dona-n2\/\" \/>\n<meta property=\"og:locale\" content=\"en_US\" \/>\n<meta property=\"og:title\" content=\"Sac \u00e0 Main \u00e0 Bandouli\u00e8re en Cuir Femme - Dona n\u00b02\" \/>\n<meta property=\"og:description\" content=\"Sac \u00e0 main \u00e0 bandouli\u00e8re femme en cuir de vachette pleine fleur, tann\u00e9 localement en Occitanie. Enti\u00e8rement doubl\u00e9 cuir. Fabrication 100% fran\u00e7aise.\" \/>\n<meta property=\"og:url\" content=\"https:\/\/www.lesacduberger.com\/en\/product\/dona-n2\/\" \/>\n<meta property=\"og:site_name\" content=\"Le Sac du Berger\" \/>\n<meta property=\"article:publisher\" content=\"https:\/\/www.facebook.com\/lesacduberger\" \/>\n<meta property=\"article:modified_time\" content=\"2026-04-26T17:48:00+00:00\" \/>\n<meta property=\"og:image\" content=\"https:\/\/www.lesacduberger.com\/wp-content\/uploads\/2015\/04\/Dona-n%C2%B02-Noir-1-0000.jpg\" \/>\n\t<meta property=\"og:image:width\" content=\"1080\" \/>\n\t<meta property=\"og:image:height\" content=\"1350\" \/>\n\t<meta property=\"og:image:type\" content=\"image\/jpeg\" \/>\n<meta name=\"twitter:card\" content=\"summary_large_image\" \/>\n<script type=\"application\/ld+json\" class=\"yoast-schema-graph\">{\"@context\":\"https:\/\/schema.org\",\"@graph\":[{\"@type\":\"WebPage\",\"@id\":\"https:\/\/www.lesacduberger.com\/produit\/dona-n2\/\",\"url\":\"https:\/\/www.lesacduberger.com\/produit\/dona-n2\/\",\"name\":\"Sac \u00e0 Main \u00e0 Bandouli\u00e8re en Cuir Femme - Dona n\u00b02\",\"isPartOf\":{\"@id\":\"https:\/\/www.lesacduberger.com\/#website\"},\"primaryImageOfPage\":{\"@id\":\"https:\/\/www.lesacduberger.com\/produit\/dona-n2\/#primaryimage\"},\"image\":{\"@id\":\"https:\/\/www.lesacduberger.com\/produit\/dona-n2\/#primaryimage\"},\"thumbnailUrl\":\"https:\/\/www.lesacduberger.com\/wp-content\/uploads\/2015\/04\/Dona-n%C2%B02-Noir-1-0000.jpg\",\"datePublished\":\"2015-04-19T11:02:32+00:00\",\"dateModified\":\"2026-04-26T17:48:00+00:00\",\"description\":\"Sac \u00e0 main \u00e0 bandouli\u00e8re femme en cuir de vachette pleine fleur, tann\u00e9 localement en Occitanie. Enti\u00e8rement doubl\u00e9 cuir. Fabrication 100% fran\u00e7aise.\",\"breadcrumb\":{\"@id\":\"https:\/\/www.lesacduberger.com\/produit\/dona-n2\/#breadcrumb\"},\"inLanguage\":\"en-US\",\"potentialAction\":[{\"@type\":\"ReadAction\",\"target\":[\"https:\/\/www.lesacduberger.com\/produit\/dona-n2\/\"]}]},{\"@type\":\"ImageObject\",\"inLanguage\":\"en-US\",\"@id\":\"https:\/\/www.lesacduberger.com\/produit\/dona-n2\/#primaryimage\",\"url\":\"https:\/\/www.lesacduberger.com\/wp-content\/uploads\/2015\/04\/Dona-n%C2%B02-Noir-1-0000.jpg\",\"contentUrl\":\"https:\/\/www.lesacduberger.com\/wp-content\/uploads\/2015\/04\/Dona-n%C2%B02-Noir-1-0000.jpg\",\"width\":1080,\"height\":1350},{\"@type\":\"BreadcrumbList\",\"@id\":\"https:\/\/www.lesacduberger.com\/produit\/dona-n2\/#breadcrumb\",\"itemListElement\":[{\"@type\":\"ListItem\",\"position\":1,\"name\":\"Accueil\",\"item\":\"https:\/\/www.lesacduberger.com\/\"},{\"@type\":\"ListItem\",\"position\":2,\"name\":\"Boutique\",\"item\":\"https:\/\/www.lesacduberger.com\/boutique\/\"},{\"@type\":\"ListItem\",\"position\":3,\"name\":\"Dona n\u00b02\"}]},{\"@type\":\"WebSite\",\"@id\":\"https:\/\/www.lesacduberger.com\/#website\",\"url\":\"https:\/\/www.lesacduberger.com\/\",\"name\":\"Le Sac du Berger\",\"description\":\"\",\"publisher\":{\"@id\":\"https:\/\/www.lesacduberger.com\/#organization\"},\"potentialAction\":[{\"@type\":\"SearchAction\",\"target\":{\"@type\":\"EntryPoint\",\"urlTemplate\":\"https:\/\/www.lesacduberger.com\/?s={search_term_string}\"},\"query-input\":{\"@type\":\"PropertyValueSpecification\",\"valueRequired\":true,\"valueName\":\"search_term_string\"}}],\"inLanguage\":\"en-US\"},{\"@type\":\"Organization\",\"@id\":\"https:\/\/www.lesacduberger.com\/#organization\",\"name\":\"Le Sac du Berger\",\"url\":\"https:\/\/www.lesacduberger.com\/\",\"logo\":{\"@type\":\"ImageObject\",\"inLanguage\":\"en-US\",\"@id\":\"https:\/\/www.lesacduberger.com\/#\/schema\/logo\/image\/\",\"url\":\"https:\/\/www.lesacduberger.com\/wp-content\/uploads\/2020\/09\/Logo-Sac-du-Berger-blanc-OK.png\",\"contentUrl\":\"https:\/\/www.lesacduberger.com\/wp-content\/uploads\/2020\/09\/Logo-Sac-du-Berger-blanc-OK.png\",\"width\":2093,\"height\":510,\"caption\":\"Le Sac du Berger\"},\"image\":{\"@id\":\"https:\/\/www.lesacduberger.com\/#\/schema\/logo\/image\/\"},\"sameAs\":[\"https:\/\/www.facebook.com\/lesacduberger\",\"https:\/\/www.instagram.com\/lesacduberger\/?hl=fr\"]}]}<\/script>\n<!-- \/ Yoast SEO plugin. -->","yoast_head_json":{"title":"Women's Leather Shoulder Handbag - Dona n\u00b02","description":"Women's shoulder bag in full grain cowhide, locally tanned in Occitanie. Fully leather-lined. Made in France 100%.","robots":{"index":"index","follow":"follow","max-snippet":"max-snippet:-1","max-image-preview":"max-image-preview:large","max-video-preview":"max-video-preview:-1"},"canonical":"https:\/\/www.lesacduberger.com\/en\/product\/dona-n2\/","og_locale":"en_US","og_title":"Sac \u00e0 Main \u00e0 Bandouli\u00e8re en Cuir Femme - Dona n\u00b02","og_description":"Sac \u00e0 main \u00e0 bandouli\u00e8re femme en cuir de vachette pleine fleur, tann\u00e9 localement en Occitanie. Enti\u00e8rement doubl\u00e9 cuir. Fabrication 100% fran\u00e7aise.","og_url":"https:\/\/www.lesacduberger.com\/en\/product\/dona-n2\/","og_site_name":"Le Sac du Berger","article_publisher":"https:\/\/www.facebook.com\/lesacduberger","article_modified_time":"2026-04-26T17:48:00+00:00","og_image":[{"width":1080,"height":1350,"url":"https:\/\/www.lesacduberger.com\/wp-content\/uploads\/2015\/04\/Dona-n%C2%B02-Noir-1-0000.jpg","type":"image\/jpeg"}],"twitter_card":"summary_large_image","schema":{"@context":"https:\/\/schema.org","@graph":[{"@type":"WebPage","@id":"https:\/\/www.lesacduberger.com\/produit\/dona-n2\/","url":"https:\/\/www.lesacduberger.com\/produit\/dona-n2\/","name":"Women's Leather Shoulder Handbag - Dona n\u00b02","isPartOf":{"@id":"https:\/\/www.lesacduberger.com\/#website"},"primaryImageOfPage":{"@id":"https:\/\/www.lesacduberger.com\/produit\/dona-n2\/#primaryimage"},"image":{"@id":"https:\/\/www.lesacduberger.com\/produit\/dona-n2\/#primaryimage"},"thumbnailUrl":"https:\/\/www.lesacduberger.com\/wp-content\/uploads\/2015\/04\/Dona-n%C2%B02-Noir-1-0000.jpg","datePublished":"2015-04-19T11:02:32+00:00","dateModified":"2026-04-26T17:48:00+00:00","description":"Women's shoulder bag in full grain cowhide, locally tanned in Occitanie. Fully leather-lined. Made in France 100%.","breadcrumb":{"@id":"https:\/\/www.lesacduberger.com\/produit\/dona-n2\/#breadcrumb"},"inLanguage":"en-US","potentialAction":[{"@type":"ReadAction","target":["https:\/\/www.lesacduberger.com\/produit\/dona-n2\/"]}]},{"@type":"ImageObject","inLanguage":"en-US","@id":"https:\/\/www.lesacduberger.com\/produit\/dona-n2\/#primaryimage","url":"https:\/\/www.lesacduberger.com\/wp-content\/uploads\/2015\/04\/Dona-n%C2%B02-Noir-1-0000.jpg","contentUrl":"https:\/\/www.lesacduberger.com\/wp-content\/uploads\/2015\/04\/Dona-n%C2%B02-Noir-1-0000.jpg","width":1080,"height":1350},{"@type":"BreadcrumbList","@id":"https:\/\/www.lesacduberger.com\/produit\/dona-n2\/#breadcrumb","itemListElement":[{"@type":"ListItem","position":1,"name":"Accueil","item":"https:\/\/www.lesacduberger.com\/"},{"@type":"ListItem","position":2,"name":"Boutique","item":"https:\/\/www.lesacduberger.com\/boutique\/"},{"@type":"ListItem","position":3,"name":"Dona n\u00b02"}]},{"@type":"WebSite","@id":"https:\/\/www.lesacduberger.com\/#website","url":"https:\/\/www.lesacduberger.com\/","name":"Le Sac du Berger","description":"","publisher":{"@id":"https:\/\/www.lesacduberger.com\/#organization"},"potentialAction":[{"@type":"SearchAction","target":{"@type":"EntryPoint","urlTemplate":"https:\/\/www.lesacduberger.com\/?s={search_term_string}"},"query-input":{"@type":"PropertyValueSpecification","valueRequired":true,"valueName":"search_term_string"}}],"inLanguage":"en-US"},{"@type":"Organization","@id":"https:\/\/www.lesacduberger.com\/#organization","name":"Le Sac du Berger","url":"https:\/\/www.lesacduberger.com\/","logo":{"@type":"ImageObject","inLanguage":"en-US","@id":"https:\/\/www.lesacduberger.com\/#\/schema\/logo\/image\/","url":"https:\/\/www.lesacduberger.com\/wp-content\/uploads\/2020\/09\/Logo-Sac-du-Berger-blanc-OK.png","contentUrl":"https:\/\/www.lesacduberger.com\/wp-content\/uploads\/2020\/09\/Logo-Sac-du-Berger-blanc-OK.png","width":2093,"height":510,"caption":"Le Sac du Berger"},"image":{"@id":"https:\/\/www.lesacduberger.com\/#\/schema\/logo\/image\/"},"sameAs":["https:\/\/www.facebook.com\/lesacduberger","https:\/\/www.instagram.com\/lesacduberger\/?hl=fr"]}]}},"_links":{"self":[{"href":"https:\/\/www.lesacduberger.com\/en\/wp-json\/wp\/v2\/product\/21715","targetHints":{"allow":["GET"]}}],"collection":[{"href":"https:\/\/www.lesacduberger.com\/en\/wp-json\/wp\/v2\/product"}],"about":[{"href":"https:\/\/www.lesacduberger.com\/en\/wp-json\/wp\/v2\/types\/product"}],"wp:featuredmedia":[{"embeddable":true,"href":"https:\/\/www.lesacduberger.com\/en\/wp-json\/wp\/v2\/media\/46425"}],"wp:attachment":[{"href":"https:\/\/www.lesacduberger.com\/en\/wp-json\/wp\/v2\/media?parent=21715"}],"wp:term":[{"taxonomy":"product_brand","embeddable":true,"href":"https:\/\/www.lesacduberger.com\/en\/wp-json\/wp\/v2\/product_brand?post=21715"},{"taxonomy":"product_cat","embeddable":true,"href":"https:\/\/www.lesacduberger.com\/en\/wp-json\/wp\/v2\/product_cat?post=21715"},{"taxonomy":"product_tag","embeddable":true,"href":"https:\/\/www.lesacduberger.com\/en\/wp-json\/wp\/v2\/product_tag?post=21715"},{"taxonomy":"giftcard-category","embeddable":true,"href":"https:\/\/www.lesacduberger.com\/en\/wp-json\/wp\/v2\/giftcard-category?post=21715"}],"curies":[{"name":"wp","href":"https:\/\/api.w.org\/{rel}","templated":true}]}}