{"id":21756,"date":"2015-04-19T13:09:36","date_gmt":"2015-04-19T11:09:36","guid":{"rendered":"https:\/\/www.lesacduberger.com\/produit\/sac-a-dos-n2\/"},"modified":"2026-03-21T17:01:59","modified_gmt":"2026-03-21T16:01:59","slug":"backpack-n2","status":"publish","type":"product","link":"https:\/\/www.lesacduberger.com\/en\/product\/backpack-n2\/","title":{"rendered":"Backpack n\u00b02"},"content":{"rendered":"<h2>Women's backpack: leather 100% French<\/h2>\n<p>Our n\u00b02 backpack for men or women will follow you on all your escapades and never leave your side!<\/p>\n<ul>\n<li>Two outside pockets, one on the back and one on the front, with metal zips<\/li>\n<li>Flaps closed with magnetic snap fasteners<\/li>\n<li>Top handle<\/li>\n<li>Adjustable soft leather straps<\/li>\n<\/ul>\n<p>This bag is available in 2 sizes. This is the larger model.<\/p>\n<p>The various stages of production, from the origin of the skins to the tanning and finishing of the finished object, are carried out within a 120-kilometer radius of the Layrolle workshop.<\/p>\n<p>All our products are designed to be durable and repairable.<\/p>","protected":false},"excerpt":{"rendered":"<p>Whether you're a city or country adventurer, our Backpack n\u00b02 will follow you wherever you go, and never leave your side. In fact, it's sure to fit all your survival essentials, whether in the city or the country.<\/p>","protected":false},"featured_media":36372,"template":"","meta":[],"product_brand":[],"product_cat":[1525,1540],"product_tag":[],"giftcard-category":[],"class_list":{"0":"post-21756","1":"product","2":"type-product","3":"status-publish","4":"has-post-thumbnail","6":"product_cat-sacs","7":"product_cat-les-sacs-a-dos","8":"pa_couleur-fauve","9":"pa_couleur-noir","10":"pa_couleur-rouge","11":"pa_couleur-moka","12":"pa_hauteur-31cm","13":"pa_largeur-22cm","14":"pa_profondeur-20cm","16":"first","17":"instock","18":"taxable","19":"shipping-taxable","20":"purchasable","21":"product-type-variable","22":"has-default-attributes"},"yoast_head":"<!-- This site is optimized with the Yoast SEO plugin v27.1.1 - https:\/\/yoast.com\/product\/yoast-seo-wordpress\/ -->\n<title>Sac \u00e0 dos pour femme 100% cuir vachette fabriqu\u00e9 en France<\/title>\n<meta name=\"description\" content=\"Sac \u00e0 dos femme pour la ville. Fabriqu\u00e9 en cuir vachette pleine fleur issu de tanneries en Occitanie. Fonctionnel et l\u00e9ger.\" \/>\n<meta name=\"robots\" content=\"index, follow, max-snippet:-1, max-image-preview:large, max-video-preview:-1\" \/>\n<link rel=\"canonical\" href=\"https:\/\/www.lesacduberger.com\/en\/product\/backpack-n2\/\" \/>\n<meta property=\"og:locale\" content=\"en_US\" \/>\n<meta property=\"og:title\" content=\"Sac \u00e0 dos pour femme 100% cuir vachette fabriqu\u00e9 en France\" \/>\n<meta property=\"og:description\" content=\"Sac \u00e0 dos femme pour la ville. Fabriqu\u00e9 en cuir vachette pleine fleur issu de tanneries en Occitanie. Fonctionnel et l\u00e9ger.\" \/>\n<meta property=\"og:url\" content=\"https:\/\/www.lesacduberger.com\/en\/product\/backpack-n2\/\" \/>\n<meta property=\"og:site_name\" content=\"Le Sac du Berger\" \/>\n<meta property=\"article:publisher\" content=\"https:\/\/www.facebook.com\/lesacduberger\" \/>\n<meta property=\"article:modified_time\" content=\"2026-03-21T16:01:59+00:00\" \/>\n<meta property=\"og:image\" content=\"https:\/\/www.lesacduberger.com\/wp-content\/uploads\/2015\/04\/239_Le-Sac-du-Berger-09-2023-\u00a9-Franck-Tourneret-Photographe_Web.jpg\" \/>\n\t<meta property=\"og:image:width\" content=\"852\" \/>\n\t<meta property=\"og:image:height\" content=\"1280\" \/>\n\t<meta property=\"og:image:type\" content=\"image\/jpeg\" \/>\n<meta name=\"twitter:card\" content=\"summary_large_image\" \/>\n<script type=\"application\/ld+json\" class=\"yoast-schema-graph\">{\"@context\":\"https:\/\/schema.org\",\"@graph\":[{\"@type\":\"WebPage\",\"@id\":\"https:\/\/www.lesacduberger.com\/produit\/sac-a-dos-n2\/\",\"url\":\"https:\/\/www.lesacduberger.com\/produit\/sac-a-dos-n2\/\",\"name\":\"Sac \u00e0 dos pour femme 100% cuir vachette fabriqu\u00e9 en France\",\"isPartOf\":{\"@id\":\"https:\/\/www.lesacduberger.com\/#website\"},\"primaryImageOfPage\":{\"@id\":\"https:\/\/www.lesacduberger.com\/produit\/sac-a-dos-n2\/#primaryimage\"},\"image\":{\"@id\":\"https:\/\/www.lesacduberger.com\/produit\/sac-a-dos-n2\/#primaryimage\"},\"thumbnailUrl\":\"https:\/\/www.lesacduberger.com\/wp-content\/uploads\/2015\/04\/239_Le-Sac-du-Berger-09-2023-%C2%A9-Franck-Tourneret-Photographe_Web.jpg\",\"datePublished\":\"2015-04-19T11:09:36+00:00\",\"dateModified\":\"2026-03-21T16:01:59+00:00\",\"description\":\"Sac \u00e0 dos femme pour la ville. Fabriqu\u00e9 en cuir vachette pleine fleur issu de tanneries en Occitanie. Fonctionnel et l\u00e9ger.\",\"breadcrumb\":{\"@id\":\"https:\/\/www.lesacduberger.com\/produit\/sac-a-dos-n2\/#breadcrumb\"},\"inLanguage\":\"en-US\",\"potentialAction\":[{\"@type\":\"ReadAction\",\"target\":[\"https:\/\/www.lesacduberger.com\/produit\/sac-a-dos-n2\/\"]}]},{\"@type\":\"ImageObject\",\"inLanguage\":\"en-US\",\"@id\":\"https:\/\/www.lesacduberger.com\/produit\/sac-a-dos-n2\/#primaryimage\",\"url\":\"https:\/\/www.lesacduberger.com\/wp-content\/uploads\/2015\/04\/239_Le-Sac-du-Berger-09-2023-%C2%A9-Franck-Tourneret-Photographe_Web.jpg\",\"contentUrl\":\"https:\/\/www.lesacduberger.com\/wp-content\/uploads\/2015\/04\/239_Le-Sac-du-Berger-09-2023-%C2%A9-Franck-Tourneret-Photographe_Web.jpg\",\"width\":852,\"height\":1280,\"caption\":\"Shooting de la collection Sac du Berger Automne\/Hiver 2023-2024 avec Simon et Sophie comme mod\u00e8les. Photographie de Franck Tourneret, professionnel des marques aveyronnaises.\"},{\"@type\":\"BreadcrumbList\",\"@id\":\"https:\/\/www.lesacduberger.com\/produit\/sac-a-dos-n2\/#breadcrumb\",\"itemListElement\":[{\"@type\":\"ListItem\",\"position\":1,\"name\":\"Accueil\",\"item\":\"https:\/\/www.lesacduberger.com\/\"},{\"@type\":\"ListItem\",\"position\":2,\"name\":\"Boutique\",\"item\":\"https:\/\/www.lesacduberger.com\/boutique\/\"},{\"@type\":\"ListItem\",\"position\":3,\"name\":\"Sac \u00e0 dos n\u00b02\"}]},{\"@type\":\"WebSite\",\"@id\":\"https:\/\/www.lesacduberger.com\/#website\",\"url\":\"https:\/\/www.lesacduberger.com\/\",\"name\":\"Le Sac du Berger\",\"description\":\"\",\"publisher\":{\"@id\":\"https:\/\/www.lesacduberger.com\/#organization\"},\"potentialAction\":[{\"@type\":\"SearchAction\",\"target\":{\"@type\":\"EntryPoint\",\"urlTemplate\":\"https:\/\/www.lesacduberger.com\/?s={search_term_string}\"},\"query-input\":{\"@type\":\"PropertyValueSpecification\",\"valueRequired\":true,\"valueName\":\"search_term_string\"}}],\"inLanguage\":\"en-US\"},{\"@type\":\"Organization\",\"@id\":\"https:\/\/www.lesacduberger.com\/#organization\",\"name\":\"Le Sac du Berger\",\"url\":\"https:\/\/www.lesacduberger.com\/\",\"logo\":{\"@type\":\"ImageObject\",\"inLanguage\":\"en-US\",\"@id\":\"https:\/\/www.lesacduberger.com\/#\/schema\/logo\/image\/\",\"url\":\"https:\/\/www.lesacduberger.com\/wp-content\/uploads\/2020\/09\/Logo-Sac-du-Berger-blanc-OK.png\",\"contentUrl\":\"https:\/\/www.lesacduberger.com\/wp-content\/uploads\/2020\/09\/Logo-Sac-du-Berger-blanc-OK.png\",\"width\":2093,\"height\":510,\"caption\":\"Le Sac du Berger\"},\"image\":{\"@id\":\"https:\/\/www.lesacduberger.com\/#\/schema\/logo\/image\/\"},\"sameAs\":[\"https:\/\/www.facebook.com\/lesacduberger\",\"https:\/\/www.instagram.com\/lesacduberger\/?hl=fr\"]}]}<\/script>\n<!-- \/ Yoast SEO plugin. -->","yoast_head_json":{"title":"Women's backpack 100% cowhide leather made in France","description":"Women's backpack for the city. Made of full grain cowhide leather from tanneries in Occitanie. Functional and lightweight.","robots":{"index":"index","follow":"follow","max-snippet":"max-snippet:-1","max-image-preview":"max-image-preview:large","max-video-preview":"max-video-preview:-1"},"canonical":"https:\/\/www.lesacduberger.com\/en\/product\/backpack-n2\/","og_locale":"en_US","og_title":"Sac \u00e0 dos pour femme 100% cuir vachette fabriqu\u00e9 en France","og_description":"Sac \u00e0 dos femme pour la ville. Fabriqu\u00e9 en cuir vachette pleine fleur issu de tanneries en Occitanie. Fonctionnel et l\u00e9ger.","og_url":"https:\/\/www.lesacduberger.com\/en\/product\/backpack-n2\/","og_site_name":"Le Sac du Berger","article_publisher":"https:\/\/www.facebook.com\/lesacduberger","article_modified_time":"2026-03-21T16:01:59+00:00","og_image":[{"width":852,"height":1280,"url":"https:\/\/www.lesacduberger.com\/wp-content\/uploads\/2015\/04\/239_Le-Sac-du-Berger-09-2023-\u00a9-Franck-Tourneret-Photographe_Web.jpg","type":"image\/jpeg"}],"twitter_card":"summary_large_image","schema":{"@context":"https:\/\/schema.org","@graph":[{"@type":"WebPage","@id":"https:\/\/www.lesacduberger.com\/produit\/sac-a-dos-n2\/","url":"https:\/\/www.lesacduberger.com\/produit\/sac-a-dos-n2\/","name":"Women's backpack 100% cowhide leather made in France","isPartOf":{"@id":"https:\/\/www.lesacduberger.com\/#website"},"primaryImageOfPage":{"@id":"https:\/\/www.lesacduberger.com\/produit\/sac-a-dos-n2\/#primaryimage"},"image":{"@id":"https:\/\/www.lesacduberger.com\/produit\/sac-a-dos-n2\/#primaryimage"},"thumbnailUrl":"https:\/\/www.lesacduberger.com\/wp-content\/uploads\/2015\/04\/239_Le-Sac-du-Berger-09-2023-%C2%A9-Franck-Tourneret-Photographe_Web.jpg","datePublished":"2015-04-19T11:09:36+00:00","dateModified":"2026-03-21T16:01:59+00:00","description":"Women's backpack for the city. Made of full grain cowhide leather from tanneries in Occitanie. Functional and lightweight.","breadcrumb":{"@id":"https:\/\/www.lesacduberger.com\/produit\/sac-a-dos-n2\/#breadcrumb"},"inLanguage":"en-US","potentialAction":[{"@type":"ReadAction","target":["https:\/\/www.lesacduberger.com\/produit\/sac-a-dos-n2\/"]}]},{"@type":"ImageObject","inLanguage":"en-US","@id":"https:\/\/www.lesacduberger.com\/produit\/sac-a-dos-n2\/#primaryimage","url":"https:\/\/www.lesacduberger.com\/wp-content\/uploads\/2015\/04\/239_Le-Sac-du-Berger-09-2023-%C2%A9-Franck-Tourneret-Photographe_Web.jpg","contentUrl":"https:\/\/www.lesacduberger.com\/wp-content\/uploads\/2015\/04\/239_Le-Sac-du-Berger-09-2023-%C2%A9-Franck-Tourneret-Photographe_Web.jpg","width":852,"height":1280,"caption":"Shooting de la collection Sac du Berger Automne\/Hiver 2023-2024 avec Simon et Sophie comme mod\u00e8les. Photographie de Franck Tourneret, professionnel des marques aveyronnaises."},{"@type":"BreadcrumbList","@id":"https:\/\/www.lesacduberger.com\/produit\/sac-a-dos-n2\/#breadcrumb","itemListElement":[{"@type":"ListItem","position":1,"name":"Accueil","item":"https:\/\/www.lesacduberger.com\/"},{"@type":"ListItem","position":2,"name":"Boutique","item":"https:\/\/www.lesacduberger.com\/boutique\/"},{"@type":"ListItem","position":3,"name":"Sac \u00e0 dos n\u00b02"}]},{"@type":"WebSite","@id":"https:\/\/www.lesacduberger.com\/#website","url":"https:\/\/www.lesacduberger.com\/","name":"Le Sac du Berger","description":"","publisher":{"@id":"https:\/\/www.lesacduberger.com\/#organization"},"potentialAction":[{"@type":"SearchAction","target":{"@type":"EntryPoint","urlTemplate":"https:\/\/www.lesacduberger.com\/?s={search_term_string}"},"query-input":{"@type":"PropertyValueSpecification","valueRequired":true,"valueName":"search_term_string"}}],"inLanguage":"en-US"},{"@type":"Organization","@id":"https:\/\/www.lesacduberger.com\/#organization","name":"Le Sac du Berger","url":"https:\/\/www.lesacduberger.com\/","logo":{"@type":"ImageObject","inLanguage":"en-US","@id":"https:\/\/www.lesacduberger.com\/#\/schema\/logo\/image\/","url":"https:\/\/www.lesacduberger.com\/wp-content\/uploads\/2020\/09\/Logo-Sac-du-Berger-blanc-OK.png","contentUrl":"https:\/\/www.lesacduberger.com\/wp-content\/uploads\/2020\/09\/Logo-Sac-du-Berger-blanc-OK.png","width":2093,"height":510,"caption":"Le Sac du Berger"},"image":{"@id":"https:\/\/www.lesacduberger.com\/#\/schema\/logo\/image\/"},"sameAs":["https:\/\/www.facebook.com\/lesacduberger","https:\/\/www.instagram.com\/lesacduberger\/?hl=fr"]}]}},"_links":{"self":[{"href":"https:\/\/www.lesacduberger.com\/en\/wp-json\/wp\/v2\/product\/21756","targetHints":{"allow":["GET"]}}],"collection":[{"href":"https:\/\/www.lesacduberger.com\/en\/wp-json\/wp\/v2\/product"}],"about":[{"href":"https:\/\/www.lesacduberger.com\/en\/wp-json\/wp\/v2\/types\/product"}],"wp:featuredmedia":[{"embeddable":true,"href":"https:\/\/www.lesacduberger.com\/en\/wp-json\/wp\/v2\/media\/36372"}],"wp:attachment":[{"href":"https:\/\/www.lesacduberger.com\/en\/wp-json\/wp\/v2\/media?parent=21756"}],"wp:term":[{"taxonomy":"product_brand","embeddable":true,"href":"https:\/\/www.lesacduberger.com\/en\/wp-json\/wp\/v2\/product_brand?post=21756"},{"taxonomy":"product_cat","embeddable":true,"href":"https:\/\/www.lesacduberger.com\/en\/wp-json\/wp\/v2\/product_cat?post=21756"},{"taxonomy":"product_tag","embeddable":true,"href":"https:\/\/www.lesacduberger.com\/en\/wp-json\/wp\/v2\/product_tag?post=21756"},{"taxonomy":"giftcard-category","embeddable":true,"href":"https:\/\/www.lesacduberger.com\/en\/wp-json\/wp\/v2\/giftcard-category?post=21756"}],"curies":[{"name":"wp","href":"https:\/\/api.w.org\/{rel}","templated":true}]}}