{"id":21780,"date":"2015-04-19T13:14:26","date_gmt":"2015-04-19T11:14:26","guid":{"rendered":"https:\/\/www.lesacduberger.com\/produit\/pochette-compagnon\/"},"modified":"2026-05-08T07:46:25","modified_gmt":"2026-05-08T05:46:25","slug":"companion-pouch","status":"publish","type":"product","link":"https:\/\/www.lesacduberger.com\/en\/product\/companion-pouch\/","title":{"rendered":"Companion Pouch"},"content":{"rendered":"<h2>The all-in-one pouch<\/h2>\n<p>Our leather Companion Pouch is highly functional and uncluttered.<\/p>\n<ul>\n<li><span style=\"font-size: 16px;\">Outside pocket with metal zipper <\/span><\/li>\n<li><span style=\"font-size: 16px;\">Large leather-lined flap with snap closure<\/span><\/li>\n<li><span style=\"font-size: 16px;\"> Leather pen loop<\/span><\/li>\n<li><span style=\"font-size: 16px;\">Inside pocket with metal zipper <\/span><\/li>\n<li><span style=\"font-size: 16px;\">Three slit pockets with volume gussets<\/span><\/li>\n<li><span style=\"font-size: 16px;\">Cheque-book slot <\/span><\/li>\n<li><span style=\"font-size: 16px;\">Six credit card slots<\/span><\/li>\n<\/ul>\n<p>The various stages of production, from the origin of the skins to the tanning and finishing of the finished object, are carried out within a 120-kilometer radius of the Layrolle workshop.<\/p>\n<p>All our pouches are designed to be durable and repairable.<\/p>","protected":false},"excerpt":{"rendered":"<p>La pochette Tout-en-un Notre Pochette Compagnon en cuir est tr\u00e8s fonctionnelle et \u00e9pur\u00e9e. Poche ext\u00e9rieure avec \u00e9clair fermeture m\u00e9tallique Grand rabat doubl\u00e9 cuir avec fermeture par bouton pression Passant en cuir pour stylo Poche int\u00e9rieure avec fermeture \u00e9clair m\u00e9tallique Trois poches-fentes avec soufflet pour le volume Emplacement porte-ch\u00e9quier Six fentes pour cartes de cr\u00e9dit Les [&hellip;]<\/p>\n","protected":false},"featured_media":46905,"template":"","meta":[],"product_brand":[],"product_cat":[1535,1526],"product_tag":[],"giftcard-category":[],"class_list":{"0":"post-21780","1":"product","2":"type-product","3":"status-publish","4":"has-post-thumbnail","6":"product_cat-les-portefeuilles","7":"product_cat-petite-maroquinerie","8":"pa_couleur-lie-de-vin","9":"pa_couleur-platine","10":"pa_couleur-fauve","11":"pa_couleur-vert-foret","12":"pa_couleur-noir","13":"pa_couleur-rouge","14":"pa_couleur-mandarine","15":"pa_couleur-saphir","16":"pa_couleur-moka","17":"pa_hauteur-12cm","18":"pa_largeur-20cm","19":"pa_profondeur-3cm","21":"first","22":"instock","23":"taxable","24":"shipping-taxable","25":"purchasable","26":"product-type-variable","27":"has-default-attributes"},"yoast_head":"<!-- This site is optimized with the Yoast SEO plugin v27.1.1 - https:\/\/yoast.com\/product\/yoast-seo-wordpress\/ -->\n<title>Pochette en cuir fabriqu\u00e9e en France - Pochette Compagnon<\/title>\n<meta name=\"description\" content=\"Pochette Compagnon femme en cuir issu de tanneries locales. Combine porte-cartes, porte-ch\u00e9quier, porte-monnaie et poche de rangement.\" \/>\n<meta name=\"robots\" content=\"index, follow, max-snippet:-1, max-image-preview:large, max-video-preview:-1\" \/>\n<link rel=\"canonical\" href=\"https:\/\/www.lesacduberger.com\/en\/product\/companion-pouch\/\" \/>\n<meta property=\"og:locale\" content=\"en_US\" \/>\n<meta property=\"og:title\" content=\"Pochette en cuir fabriqu\u00e9e en France - Pochette Compagnon\" \/>\n<meta property=\"og:description\" content=\"Pochette Compagnon femme en cuir issu de tanneries locales. Combine porte-cartes, porte-ch\u00e9quier, porte-monnaie et poche de rangement.\" \/>\n<meta property=\"og:url\" content=\"https:\/\/www.lesacduberger.com\/en\/product\/companion-pouch\/\" \/>\n<meta property=\"og:site_name\" content=\"Le Sac du Berger\" \/>\n<meta property=\"article:publisher\" content=\"https:\/\/www.facebook.com\/lesacduberger\" \/>\n<meta property=\"article:modified_time\" content=\"2026-05-08T05:46:25+00:00\" \/>\n<meta property=\"og:image\" content=\"https:\/\/www.lesacduberger.com\/wp-content\/uploads\/2015\/04\/Pochette-compagnon-Fauve-couverture.jpg\" \/>\n\t<meta property=\"og:image:width\" content=\"1080\" \/>\n\t<meta property=\"og:image:height\" content=\"1350\" \/>\n\t<meta property=\"og:image:type\" content=\"image\/jpeg\" \/>\n<meta name=\"twitter:card\" content=\"summary_large_image\" \/>\n<script type=\"application\/ld+json\" class=\"yoast-schema-graph\">{\"@context\":\"https:\/\/schema.org\",\"@graph\":[{\"@type\":\"WebPage\",\"@id\":\"https:\/\/www.lesacduberger.com\/produit\/pochette-compagnon\/\",\"url\":\"https:\/\/www.lesacduberger.com\/produit\/pochette-compagnon\/\",\"name\":\"Pochette en cuir fabriqu\u00e9e en France - Pochette Compagnon\",\"isPartOf\":{\"@id\":\"https:\/\/www.lesacduberger.com\/#website\"},\"primaryImageOfPage\":{\"@id\":\"https:\/\/www.lesacduberger.com\/produit\/pochette-compagnon\/#primaryimage\"},\"image\":{\"@id\":\"https:\/\/www.lesacduberger.com\/produit\/pochette-compagnon\/#primaryimage\"},\"thumbnailUrl\":\"https:\/\/www.lesacduberger.com\/wp-content\/uploads\/2015\/04\/Pochette-compagnon-Fauve-couverture.jpg\",\"datePublished\":\"2015-04-19T11:14:26+00:00\",\"dateModified\":\"2026-05-08T05:46:25+00:00\",\"description\":\"Pochette Compagnon femme en cuir issu de tanneries locales. Combine porte-cartes, porte-ch\u00e9quier, porte-monnaie et poche de rangement.\",\"breadcrumb\":{\"@id\":\"https:\/\/www.lesacduberger.com\/produit\/pochette-compagnon\/#breadcrumb\"},\"inLanguage\":\"en-US\",\"potentialAction\":[{\"@type\":\"ReadAction\",\"target\":[\"https:\/\/www.lesacduberger.com\/produit\/pochette-compagnon\/\"]}]},{\"@type\":\"ImageObject\",\"inLanguage\":\"en-US\",\"@id\":\"https:\/\/www.lesacduberger.com\/produit\/pochette-compagnon\/#primaryimage\",\"url\":\"https:\/\/www.lesacduberger.com\/wp-content\/uploads\/2015\/04\/Pochette-compagnon-Fauve-couverture.jpg\",\"contentUrl\":\"https:\/\/www.lesacduberger.com\/wp-content\/uploads\/2015\/04\/Pochette-compagnon-Fauve-couverture.jpg\",\"width\":1080,\"height\":1350},{\"@type\":\"BreadcrumbList\",\"@id\":\"https:\/\/www.lesacduberger.com\/produit\/pochette-compagnon\/#breadcrumb\",\"itemListElement\":[{\"@type\":\"ListItem\",\"position\":1,\"name\":\"Accueil\",\"item\":\"https:\/\/www.lesacduberger.com\/\"},{\"@type\":\"ListItem\",\"position\":2,\"name\":\"Boutique\",\"item\":\"https:\/\/www.lesacduberger.com\/boutique\/\"},{\"@type\":\"ListItem\",\"position\":3,\"name\":\"Pochette Compagnon\"}]},{\"@type\":\"WebSite\",\"@id\":\"https:\/\/www.lesacduberger.com\/#website\",\"url\":\"https:\/\/www.lesacduberger.com\/\",\"name\":\"Le Sac du Berger\",\"description\":\"\",\"publisher\":{\"@id\":\"https:\/\/www.lesacduberger.com\/#organization\"},\"potentialAction\":[{\"@type\":\"SearchAction\",\"target\":{\"@type\":\"EntryPoint\",\"urlTemplate\":\"https:\/\/www.lesacduberger.com\/?s={search_term_string}\"},\"query-input\":{\"@type\":\"PropertyValueSpecification\",\"valueRequired\":true,\"valueName\":\"search_term_string\"}}],\"inLanguage\":\"en-US\"},{\"@type\":\"Organization\",\"@id\":\"https:\/\/www.lesacduberger.com\/#organization\",\"name\":\"Le Sac du Berger\",\"url\":\"https:\/\/www.lesacduberger.com\/\",\"logo\":{\"@type\":\"ImageObject\",\"inLanguage\":\"en-US\",\"@id\":\"https:\/\/www.lesacduberger.com\/#\/schema\/logo\/image\/\",\"url\":\"https:\/\/www.lesacduberger.com\/wp-content\/uploads\/2020\/09\/Logo-Sac-du-Berger-blanc-OK.png\",\"contentUrl\":\"https:\/\/www.lesacduberger.com\/wp-content\/uploads\/2020\/09\/Logo-Sac-du-Berger-blanc-OK.png\",\"width\":2093,\"height\":510,\"caption\":\"Le Sac du Berger\"},\"image\":{\"@id\":\"https:\/\/www.lesacduberger.com\/#\/schema\/logo\/image\/\"},\"sameAs\":[\"https:\/\/www.facebook.com\/lesacduberger\",\"https:\/\/www.instagram.com\/lesacduberger\/?hl=fr\"]}]}<\/script>\n<!-- \/ Yoast SEO plugin. -->","yoast_head_json":{"title":"Leather pouch made in France - Pochette Compagnon","description":"Compagnon women's clutch bag in leather from local tanneries. Combines card holder, checkbook holder, coin purse and storage pocket.","robots":{"index":"index","follow":"follow","max-snippet":"max-snippet:-1","max-image-preview":"max-image-preview:large","max-video-preview":"max-video-preview:-1"},"canonical":"https:\/\/www.lesacduberger.com\/en\/product\/companion-pouch\/","og_locale":"en_US","og_title":"Pochette en cuir fabriqu\u00e9e en France - Pochette Compagnon","og_description":"Pochette Compagnon femme en cuir issu de tanneries locales. Combine porte-cartes, porte-ch\u00e9quier, porte-monnaie et poche de rangement.","og_url":"https:\/\/www.lesacduberger.com\/en\/product\/companion-pouch\/","og_site_name":"Le Sac du Berger","article_publisher":"https:\/\/www.facebook.com\/lesacduberger","article_modified_time":"2026-05-08T05:46:25+00:00","og_image":[{"width":1080,"height":1350,"url":"https:\/\/www.lesacduberger.com\/wp-content\/uploads\/2015\/04\/Pochette-compagnon-Fauve-couverture.jpg","type":"image\/jpeg"}],"twitter_card":"summary_large_image","schema":{"@context":"https:\/\/schema.org","@graph":[{"@type":"WebPage","@id":"https:\/\/www.lesacduberger.com\/produit\/pochette-compagnon\/","url":"https:\/\/www.lesacduberger.com\/produit\/pochette-compagnon\/","name":"Leather pouch made in France - Pochette Compagnon","isPartOf":{"@id":"https:\/\/www.lesacduberger.com\/#website"},"primaryImageOfPage":{"@id":"https:\/\/www.lesacduberger.com\/produit\/pochette-compagnon\/#primaryimage"},"image":{"@id":"https:\/\/www.lesacduberger.com\/produit\/pochette-compagnon\/#primaryimage"},"thumbnailUrl":"https:\/\/www.lesacduberger.com\/wp-content\/uploads\/2015\/04\/Pochette-compagnon-Fauve-couverture.jpg","datePublished":"2015-04-19T11:14:26+00:00","dateModified":"2026-05-08T05:46:25+00:00","description":"Compagnon women's clutch bag in leather from local tanneries. Combines card holder, checkbook holder, coin purse and storage pocket.","breadcrumb":{"@id":"https:\/\/www.lesacduberger.com\/produit\/pochette-compagnon\/#breadcrumb"},"inLanguage":"en-US","potentialAction":[{"@type":"ReadAction","target":["https:\/\/www.lesacduberger.com\/produit\/pochette-compagnon\/"]}]},{"@type":"ImageObject","inLanguage":"en-US","@id":"https:\/\/www.lesacduberger.com\/produit\/pochette-compagnon\/#primaryimage","url":"https:\/\/www.lesacduberger.com\/wp-content\/uploads\/2015\/04\/Pochette-compagnon-Fauve-couverture.jpg","contentUrl":"https:\/\/www.lesacduberger.com\/wp-content\/uploads\/2015\/04\/Pochette-compagnon-Fauve-couverture.jpg","width":1080,"height":1350},{"@type":"BreadcrumbList","@id":"https:\/\/www.lesacduberger.com\/produit\/pochette-compagnon\/#breadcrumb","itemListElement":[{"@type":"ListItem","position":1,"name":"Accueil","item":"https:\/\/www.lesacduberger.com\/"},{"@type":"ListItem","position":2,"name":"Boutique","item":"https:\/\/www.lesacduberger.com\/boutique\/"},{"@type":"ListItem","position":3,"name":"Pochette Compagnon"}]},{"@type":"WebSite","@id":"https:\/\/www.lesacduberger.com\/#website","url":"https:\/\/www.lesacduberger.com\/","name":"Le Sac du Berger","description":"","publisher":{"@id":"https:\/\/www.lesacduberger.com\/#organization"},"potentialAction":[{"@type":"SearchAction","target":{"@type":"EntryPoint","urlTemplate":"https:\/\/www.lesacduberger.com\/?s={search_term_string}"},"query-input":{"@type":"PropertyValueSpecification","valueRequired":true,"valueName":"search_term_string"}}],"inLanguage":"en-US"},{"@type":"Organization","@id":"https:\/\/www.lesacduberger.com\/#organization","name":"Le Sac du Berger","url":"https:\/\/www.lesacduberger.com\/","logo":{"@type":"ImageObject","inLanguage":"en-US","@id":"https:\/\/www.lesacduberger.com\/#\/schema\/logo\/image\/","url":"https:\/\/www.lesacduberger.com\/wp-content\/uploads\/2020\/09\/Logo-Sac-du-Berger-blanc-OK.png","contentUrl":"https:\/\/www.lesacduberger.com\/wp-content\/uploads\/2020\/09\/Logo-Sac-du-Berger-blanc-OK.png","width":2093,"height":510,"caption":"Le Sac du Berger"},"image":{"@id":"https:\/\/www.lesacduberger.com\/#\/schema\/logo\/image\/"},"sameAs":["https:\/\/www.facebook.com\/lesacduberger","https:\/\/www.instagram.com\/lesacduberger\/?hl=fr"]}]}},"_links":{"self":[{"href":"https:\/\/www.lesacduberger.com\/en\/wp-json\/wp\/v2\/product\/21780","targetHints":{"allow":["GET"]}}],"collection":[{"href":"https:\/\/www.lesacduberger.com\/en\/wp-json\/wp\/v2\/product"}],"about":[{"href":"https:\/\/www.lesacduberger.com\/en\/wp-json\/wp\/v2\/types\/product"}],"wp:featuredmedia":[{"embeddable":true,"href":"https:\/\/www.lesacduberger.com\/en\/wp-json\/wp\/v2\/media\/46905"}],"wp:attachment":[{"href":"https:\/\/www.lesacduberger.com\/en\/wp-json\/wp\/v2\/media?parent=21780"}],"wp:term":[{"taxonomy":"product_brand","embeddable":true,"href":"https:\/\/www.lesacduberger.com\/en\/wp-json\/wp\/v2\/product_brand?post=21780"},{"taxonomy":"product_cat","embeddable":true,"href":"https:\/\/www.lesacduberger.com\/en\/wp-json\/wp\/v2\/product_cat?post=21780"},{"taxonomy":"product_tag","embeddable":true,"href":"https:\/\/www.lesacduberger.com\/en\/wp-json\/wp\/v2\/product_tag?post=21780"},{"taxonomy":"giftcard-category","embeddable":true,"href":"https:\/\/www.lesacduberger.com\/en\/wp-json\/wp\/v2\/giftcard-category?post=21780"}],"curies":[{"name":"wp","href":"https:\/\/api.w.org\/{rel}","templated":true}]}}