{"id":21793,"date":"2015-04-19T13:16:19","date_gmt":"2015-04-19T11:16:19","guid":{"rendered":"https:\/\/www.lesacduberger.com\/produit\/porte-monnaie-compagnon\/"},"modified":"2026-05-08T14:32:45","modified_gmt":"2026-05-08T12:32:45","slug":"companion-wallet","status":"publish","type":"product","link":"https:\/\/www.lesacduberger.com\/en\/product\/companion-wallet\/","title":{"rendered":"Compagnon wallet"},"content":{"rendered":"<h2>The French leather companion purse<\/h2>\n<p>Our leather Companion Wallet is practical and compact.<\/p>\n<ul>\n<li>Double flap doubles as purse \/ billfold \/ ID holder<\/li>\n<li>One zippered pocket<\/li>\n<li>Four gusseted pockets<\/li>\n<li>Six credit card slots<\/li>\n<\/ul>\n<p>The various stages of production, from the origin of the skins to the tanning and finishing of the finished object, are carried out within a 120-kilometer radius of the Layrolle workshop.<\/p>\n<p>All our products are designed to be durable and repairable.<\/p>","protected":false},"excerpt":{"rendered":"<p>Le porte-monnaie compagnon en cuir fran\u00e7ais Notre Porte-monnaie Compagnon en cuir est tr\u00e8s pratique et compact. Double rabat pour faire office de porte-monnaie \/ porte-billets \/ porte carte d&rsquo;identit\u00e9 Une poche \u00e0 fermeture \u00e9clair Quatre poches \u00e0 soufflet Six emplacements pour cartes de cr\u00e9dit Les diff\u00e9rentes \u00e9tapes de fabrication, de l&rsquo;origine des peaux \u00e0 l&rsquo;objet [&hellip;]<\/p>\n","protected":false},"featured_media":46791,"template":"","meta":[],"product_brand":[],"product_cat":[1535,1526,1532],"product_tag":[],"giftcard-category":[],"class_list":{"0":"post-21793","1":"product","2":"type-product","3":"status-publish","4":"has-post-thumbnail","6":"product_cat-les-portefeuilles","7":"product_cat-petite-maroquinerie","8":"product_cat-notre-selection-du-moment","9":"pa_couleur-fauve","10":"pa_couleur-noir","11":"pa_couleur-rouge","12":"pa_couleur-moka","14":"first","15":"instock","16":"taxable","17":"shipping-taxable","18":"purchasable","19":"product-type-variable","20":"has-default-attributes"},"yoast_head":"<!-- This site is optimized with the Yoast SEO plugin v27.1.1 - https:\/\/yoast.com\/product\/yoast-seo-wordpress\/ -->\n<title>Porte-monnaie Compagnon \u2013 Fabrication artisanale fran\u00e7aise de qualit\u00e9<\/title>\n<meta name=\"description\" content=\"Porte-monnaie Compagnon en cuir vachette combinant porte-cartes, porte-monnaie, porte-billets. Compact &amp; pratique, enti\u00e8rement doubl\u00e9 cuir, artisanal et fran\u00e7ais.\" \/>\n<meta name=\"robots\" content=\"index, follow, max-snippet:-1, max-image-preview:large, max-video-preview:-1\" \/>\n<link rel=\"canonical\" href=\"https:\/\/www.lesacduberger.com\/en\/product\/companion-wallet\/\" \/>\n<meta property=\"og:locale\" content=\"en_US\" \/>\n<meta property=\"og:title\" content=\"Porte-monnaie Compagnon \u2013 Fabrication artisanale fran\u00e7aise de qualit\u00e9\" \/>\n<meta property=\"og:description\" content=\"Porte-monnaie Compagnon en cuir vachette combinant porte-cartes, porte-monnaie, porte-billets. Compact &amp; pratique, enti\u00e8rement doubl\u00e9 cuir, artisanal et fran\u00e7ais.\" \/>\n<meta property=\"og:url\" content=\"https:\/\/www.lesacduberger.com\/en\/product\/companion-wallet\/\" \/>\n<meta property=\"og:site_name\" content=\"Le Sac du Berger\" \/>\n<meta property=\"article:publisher\" content=\"https:\/\/www.facebook.com\/lesacduberger\" \/>\n<meta property=\"article:modified_time\" content=\"2026-05-08T12:32:45+00:00\" \/>\n<meta property=\"og:image\" content=\"https:\/\/www.lesacduberger.com\/wp-content\/uploads\/2015\/04\/Porte-monnaie-compagnon-Fauve-1-0001.jpg\" \/>\n\t<meta property=\"og:image:width\" content=\"1080\" \/>\n\t<meta property=\"og:image:height\" content=\"1350\" \/>\n\t<meta property=\"og:image:type\" content=\"image\/jpeg\" \/>\n<meta name=\"twitter:card\" content=\"summary_large_image\" \/>\n<script type=\"application\/ld+json\" class=\"yoast-schema-graph\">{\"@context\":\"https:\/\/schema.org\",\"@graph\":[{\"@type\":\"WebPage\",\"@id\":\"https:\/\/www.lesacduberger.com\/produit\/porte-monnaie-compagnon\/\",\"url\":\"https:\/\/www.lesacduberger.com\/produit\/porte-monnaie-compagnon\/\",\"name\":\"Porte-monnaie Compagnon \u2013 Fabrication artisanale fran\u00e7aise de qualit\u00e9\",\"isPartOf\":{\"@id\":\"https:\/\/www.lesacduberger.com\/#website\"},\"primaryImageOfPage\":{\"@id\":\"https:\/\/www.lesacduberger.com\/produit\/porte-monnaie-compagnon\/#primaryimage\"},\"image\":{\"@id\":\"https:\/\/www.lesacduberger.com\/produit\/porte-monnaie-compagnon\/#primaryimage\"},\"thumbnailUrl\":\"https:\/\/www.lesacduberger.com\/wp-content\/uploads\/2015\/04\/Porte-monnaie-compagnon-Fauve-1-0001.jpg\",\"datePublished\":\"2015-04-19T11:16:19+00:00\",\"dateModified\":\"2026-05-08T12:32:45+00:00\",\"description\":\"Porte-monnaie Compagnon en cuir vachette combinant porte-cartes, porte-monnaie, porte-billets. Compact & pratique, enti\u00e8rement doubl\u00e9 cuir, artisanal et fran\u00e7ais.\",\"breadcrumb\":{\"@id\":\"https:\/\/www.lesacduberger.com\/produit\/porte-monnaie-compagnon\/#breadcrumb\"},\"inLanguage\":\"en-US\",\"potentialAction\":[{\"@type\":\"ReadAction\",\"target\":[\"https:\/\/www.lesacduberger.com\/produit\/porte-monnaie-compagnon\/\"]}]},{\"@type\":\"ImageObject\",\"inLanguage\":\"en-US\",\"@id\":\"https:\/\/www.lesacduberger.com\/produit\/porte-monnaie-compagnon\/#primaryimage\",\"url\":\"https:\/\/www.lesacduberger.com\/wp-content\/uploads\/2015\/04\/Porte-monnaie-compagnon-Fauve-1-0001.jpg\",\"contentUrl\":\"https:\/\/www.lesacduberger.com\/wp-content\/uploads\/2015\/04\/Porte-monnaie-compagnon-Fauve-1-0001.jpg\",\"width\":1080,\"height\":1350},{\"@type\":\"BreadcrumbList\",\"@id\":\"https:\/\/www.lesacduberger.com\/produit\/porte-monnaie-compagnon\/#breadcrumb\",\"itemListElement\":[{\"@type\":\"ListItem\",\"position\":1,\"name\":\"Accueil\",\"item\":\"https:\/\/www.lesacduberger.com\/\"},{\"@type\":\"ListItem\",\"position\":2,\"name\":\"Boutique\",\"item\":\"https:\/\/www.lesacduberger.com\/boutique\/\"},{\"@type\":\"ListItem\",\"position\":3,\"name\":\"Porte-monnaie Compag&hellip;\"}]},{\"@type\":\"WebSite\",\"@id\":\"https:\/\/www.lesacduberger.com\/#website\",\"url\":\"https:\/\/www.lesacduberger.com\/\",\"name\":\"Le Sac du Berger\",\"description\":\"\",\"publisher\":{\"@id\":\"https:\/\/www.lesacduberger.com\/#organization\"},\"potentialAction\":[{\"@type\":\"SearchAction\",\"target\":{\"@type\":\"EntryPoint\",\"urlTemplate\":\"https:\/\/www.lesacduberger.com\/?s={search_term_string}\"},\"query-input\":{\"@type\":\"PropertyValueSpecification\",\"valueRequired\":true,\"valueName\":\"search_term_string\"}}],\"inLanguage\":\"en-US\"},{\"@type\":\"Organization\",\"@id\":\"https:\/\/www.lesacduberger.com\/#organization\",\"name\":\"Le Sac du Berger\",\"url\":\"https:\/\/www.lesacduberger.com\/\",\"logo\":{\"@type\":\"ImageObject\",\"inLanguage\":\"en-US\",\"@id\":\"https:\/\/www.lesacduberger.com\/#\/schema\/logo\/image\/\",\"url\":\"https:\/\/www.lesacduberger.com\/wp-content\/uploads\/2020\/09\/Logo-Sac-du-Berger-blanc-OK.png\",\"contentUrl\":\"https:\/\/www.lesacduberger.com\/wp-content\/uploads\/2020\/09\/Logo-Sac-du-Berger-blanc-OK.png\",\"width\":2093,\"height\":510,\"caption\":\"Le Sac du Berger\"},\"image\":{\"@id\":\"https:\/\/www.lesacduberger.com\/#\/schema\/logo\/image\/\"},\"sameAs\":[\"https:\/\/www.facebook.com\/lesacduberger\",\"https:\/\/www.instagram.com\/lesacduberger\/?hl=fr\"]}]}<\/script>\n<!-- \/ Yoast SEO plugin. -->","yoast_head_json":{"title":"Compagnon wallet - Quality French craftsmanship","description":"Compagnon wallet in cowhide combining card holder, purse and billfold. Compact &amp; practical, fully leather-lined, French handcrafted.","robots":{"index":"index","follow":"follow","max-snippet":"max-snippet:-1","max-image-preview":"max-image-preview:large","max-video-preview":"max-video-preview:-1"},"canonical":"https:\/\/www.lesacduberger.com\/en\/product\/companion-wallet\/","og_locale":"en_US","og_title":"Porte-monnaie Compagnon \u2013 Fabrication artisanale fran\u00e7aise de qualit\u00e9","og_description":"Porte-monnaie Compagnon en cuir vachette combinant porte-cartes, porte-monnaie, porte-billets. Compact & pratique, enti\u00e8rement doubl\u00e9 cuir, artisanal et fran\u00e7ais.","og_url":"https:\/\/www.lesacduberger.com\/en\/product\/companion-wallet\/","og_site_name":"Le Sac du Berger","article_publisher":"https:\/\/www.facebook.com\/lesacduberger","article_modified_time":"2026-05-08T12:32:45+00:00","og_image":[{"width":1080,"height":1350,"url":"https:\/\/www.lesacduberger.com\/wp-content\/uploads\/2015\/04\/Porte-monnaie-compagnon-Fauve-1-0001.jpg","type":"image\/jpeg"}],"twitter_card":"summary_large_image","schema":{"@context":"https:\/\/schema.org","@graph":[{"@type":"WebPage","@id":"https:\/\/www.lesacduberger.com\/produit\/porte-monnaie-compagnon\/","url":"https:\/\/www.lesacduberger.com\/produit\/porte-monnaie-compagnon\/","name":"Compagnon wallet - Quality French craftsmanship","isPartOf":{"@id":"https:\/\/www.lesacduberger.com\/#website"},"primaryImageOfPage":{"@id":"https:\/\/www.lesacduberger.com\/produit\/porte-monnaie-compagnon\/#primaryimage"},"image":{"@id":"https:\/\/www.lesacduberger.com\/produit\/porte-monnaie-compagnon\/#primaryimage"},"thumbnailUrl":"https:\/\/www.lesacduberger.com\/wp-content\/uploads\/2015\/04\/Porte-monnaie-compagnon-Fauve-1-0001.jpg","datePublished":"2015-04-19T11:16:19+00:00","dateModified":"2026-05-08T12:32:45+00:00","description":"Compagnon wallet in cowhide combining card holder, purse and billfold. Compact &amp; practical, fully leather-lined, French handcrafted.","breadcrumb":{"@id":"https:\/\/www.lesacduberger.com\/produit\/porte-monnaie-compagnon\/#breadcrumb"},"inLanguage":"en-US","potentialAction":[{"@type":"ReadAction","target":["https:\/\/www.lesacduberger.com\/produit\/porte-monnaie-compagnon\/"]}]},{"@type":"ImageObject","inLanguage":"en-US","@id":"https:\/\/www.lesacduberger.com\/produit\/porte-monnaie-compagnon\/#primaryimage","url":"https:\/\/www.lesacduberger.com\/wp-content\/uploads\/2015\/04\/Porte-monnaie-compagnon-Fauve-1-0001.jpg","contentUrl":"https:\/\/www.lesacduberger.com\/wp-content\/uploads\/2015\/04\/Porte-monnaie-compagnon-Fauve-1-0001.jpg","width":1080,"height":1350},{"@type":"BreadcrumbList","@id":"https:\/\/www.lesacduberger.com\/produit\/porte-monnaie-compagnon\/#breadcrumb","itemListElement":[{"@type":"ListItem","position":1,"name":"Accueil","item":"https:\/\/www.lesacduberger.com\/"},{"@type":"ListItem","position":2,"name":"Boutique","item":"https:\/\/www.lesacduberger.com\/boutique\/"},{"@type":"ListItem","position":3,"name":"Porte-monnaie Compag&hellip;"}]},{"@type":"WebSite","@id":"https:\/\/www.lesacduberger.com\/#website","url":"https:\/\/www.lesacduberger.com\/","name":"Le Sac du Berger","description":"","publisher":{"@id":"https:\/\/www.lesacduberger.com\/#organization"},"potentialAction":[{"@type":"SearchAction","target":{"@type":"EntryPoint","urlTemplate":"https:\/\/www.lesacduberger.com\/?s={search_term_string}"},"query-input":{"@type":"PropertyValueSpecification","valueRequired":true,"valueName":"search_term_string"}}],"inLanguage":"en-US"},{"@type":"Organization","@id":"https:\/\/www.lesacduberger.com\/#organization","name":"Le Sac du Berger","url":"https:\/\/www.lesacduberger.com\/","logo":{"@type":"ImageObject","inLanguage":"en-US","@id":"https:\/\/www.lesacduberger.com\/#\/schema\/logo\/image\/","url":"https:\/\/www.lesacduberger.com\/wp-content\/uploads\/2020\/09\/Logo-Sac-du-Berger-blanc-OK.png","contentUrl":"https:\/\/www.lesacduberger.com\/wp-content\/uploads\/2020\/09\/Logo-Sac-du-Berger-blanc-OK.png","width":2093,"height":510,"caption":"Le Sac du Berger"},"image":{"@id":"https:\/\/www.lesacduberger.com\/#\/schema\/logo\/image\/"},"sameAs":["https:\/\/www.facebook.com\/lesacduberger","https:\/\/www.instagram.com\/lesacduberger\/?hl=fr"]}]}},"_links":{"self":[{"href":"https:\/\/www.lesacduberger.com\/en\/wp-json\/wp\/v2\/product\/21793","targetHints":{"allow":["GET"]}}],"collection":[{"href":"https:\/\/www.lesacduberger.com\/en\/wp-json\/wp\/v2\/product"}],"about":[{"href":"https:\/\/www.lesacduberger.com\/en\/wp-json\/wp\/v2\/types\/product"}],"wp:featuredmedia":[{"embeddable":true,"href":"https:\/\/www.lesacduberger.com\/en\/wp-json\/wp\/v2\/media\/46791"}],"wp:attachment":[{"href":"https:\/\/www.lesacduberger.com\/en\/wp-json\/wp\/v2\/media?parent=21793"}],"wp:term":[{"taxonomy":"product_brand","embeddable":true,"href":"https:\/\/www.lesacduberger.com\/en\/wp-json\/wp\/v2\/product_brand?post=21793"},{"taxonomy":"product_cat","embeddable":true,"href":"https:\/\/www.lesacduberger.com\/en\/wp-json\/wp\/v2\/product_cat?post=21793"},{"taxonomy":"product_tag","embeddable":true,"href":"https:\/\/www.lesacduberger.com\/en\/wp-json\/wp\/v2\/product_tag?post=21793"},{"taxonomy":"giftcard-category","embeddable":true,"href":"https:\/\/www.lesacduberger.com\/en\/wp-json\/wp\/v2\/giftcard-category?post=21793"}],"curies":[{"name":"wp","href":"https:\/\/api.w.org\/{rel}","templated":true}]}}