{"id":21871,"date":"2015-04-19T18:04:07","date_gmt":"2015-04-19T16:04:07","guid":{"rendered":"https:\/\/www.lesacduberger.com\/produit\/manteau-cape\/"},"modified":"2026-04-02T16:42:24","modified_gmt":"2026-04-02T14:42:24","slug":"cape-coat","status":"publish","type":"product","link":"https:\/\/www.lesacduberger.com\/en\/product\/cape-coat\/","title":{"rendered":"Cape coat"},"content":{"rendered":"<h2>Mixed cape coat in pure fuller wool<\/h2>\n<p>Visit <strong>cape coat<\/strong> has the advantage of being long and ample, and its material keeps you warm while protecting you from wind and rain.<\/p>\n<ul>\n<li>Large collar with removable hood and hoodlet, mounted on buttons<\/li>\n<li>2 large front pockets, fastened with 4 flat round buttons in bovine horn<\/li>\n<li>Approximate back height: 110 cm<\/li>\n<\/ul>\n<p>Jacket height and sleeve length can be modified on request.<\/p>\n<p>The various stages of production, from the origin of the wool to weaving and the finished object, are carried out within a 120-kilometer radius of the Layrolle workshop.<\/p>\n<p>All our products are designed to be durable and repairable.<\/p>\n<p><strong>Confectionn\u00e9 pour vous, sur commande.<\/strong><\/p>","protected":false},"excerpt":{"rendered":"<p>Manteau Cape mixte en pure laine foulonn\u00e9e Le manteau cape pr\u00e9sente l&rsquo;avantage d&rsquo;\u00eatre long et ample, sa mati\u00e8re permet de rester au chaud en se prot\u00e9geant du vent et de la pluie. Grand col avec capuche et capulet, amovibles et mont\u00e9s sur boutons 2 grandes poches avant, ferm\u00e9es par 4 boutons ronds et plats en [&hellip;]<\/p>\n","protected":false},"featured_media":45818,"template":"","meta":[],"product_brand":[],"product_cat":[1533,1527],"product_tag":[],"giftcard-category":[],"class_list":{"0":"post-21871","1":"product","2":"type-product","3":"status-publish","4":"has-post-thumbnail","6":"product_cat-les-manteaux-laine","7":"product_cat-vetements","8":"pa_couleur-grisclair","9":"pa_couleur-grisfonce","10":"pa_couleur-marronsombre","11":"pa_taille-m","12":"pa_taille-l","13":"pa_taille-xl","14":"pa_taille-xxl","16":"first","17":"instock","18":"taxable","19":"shipping-taxable","20":"purchasable","21":"product-type-variable","22":"has-default-attributes"},"yoast_head":"<!-- This site is optimized with the Yoast SEO plugin v27.1.1 - https:\/\/yoast.com\/product\/yoast-seo-wordpress\/ -->\n<title>Manteau Cape \u2013 Manteau en laine foulonn\u00e9e d\u00e9perlante et coupe-vent<\/title>\n<meta name=\"description\" content=\"Manteau fabriqu\u00e9 en France, dans notre atelier de Layrolle, \u00e0 partir de laine vierge, issue d&#039;une filature locale. Id\u00e9al pour une promenade hivernale.\" \/>\n<meta name=\"robots\" content=\"index, follow, max-snippet:-1, max-image-preview:large, max-video-preview:-1\" \/>\n<link rel=\"canonical\" href=\"https:\/\/www.lesacduberger.com\/en\/product\/cape-coat\/\" \/>\n<meta property=\"og:locale\" content=\"en_US\" \/>\n<meta property=\"og:title\" content=\"Manteau Cape \u2013 Manteau en laine foulonn\u00e9e d\u00e9perlante et coupe-vent\" \/>\n<meta property=\"og:description\" content=\"Manteau fabriqu\u00e9 en France, dans notre atelier de Layrolle, \u00e0 partir de laine vierge, issue d&#039;une filature locale. Id\u00e9al pour une promenade hivernale.\" \/>\n<meta property=\"og:url\" content=\"https:\/\/www.lesacduberger.com\/en\/product\/cape-coat\/\" \/>\n<meta property=\"og:site_name\" content=\"Le Sac du Berger\" \/>\n<meta property=\"article:publisher\" content=\"https:\/\/www.facebook.com\/lesacduberger\" \/>\n<meta property=\"article:modified_time\" content=\"2026-04-02T14:42:24+00:00\" \/>\n<meta property=\"og:image\" content=\"https:\/\/www.lesacduberger.com\/wp-content\/uploads\/2015\/04\/Manteau-Cape_Gris-clair-2-1.jpg\" \/>\n\t<meta property=\"og:image:width\" content=\"683\" \/>\n\t<meta property=\"og:image:height\" content=\"1024\" \/>\n\t<meta property=\"og:image:type\" content=\"image\/jpeg\" \/>\n<meta name=\"twitter:card\" content=\"summary_large_image\" \/>\n<script type=\"application\/ld+json\" class=\"yoast-schema-graph\">{\"@context\":\"https:\/\/schema.org\",\"@graph\":[{\"@type\":\"WebPage\",\"@id\":\"https:\/\/www.lesacduberger.com\/produit\/manteau-cape\/\",\"url\":\"https:\/\/www.lesacduberger.com\/produit\/manteau-cape\/\",\"name\":\"Manteau Cape \u2013 Manteau en laine foulonn\u00e9e d\u00e9perlante et coupe-vent\",\"isPartOf\":{\"@id\":\"https:\/\/www.lesacduberger.com\/#website\"},\"primaryImageOfPage\":{\"@id\":\"https:\/\/www.lesacduberger.com\/produit\/manteau-cape\/#primaryimage\"},\"image\":{\"@id\":\"https:\/\/www.lesacduberger.com\/produit\/manteau-cape\/#primaryimage\"},\"thumbnailUrl\":\"https:\/\/www.lesacduberger.com\/wp-content\/uploads\/2015\/04\/Manteau-Cape_Gris-clair-2-1.jpg\",\"datePublished\":\"2015-04-19T16:04:07+00:00\",\"dateModified\":\"2026-04-02T14:42:24+00:00\",\"description\":\"Manteau fabriqu\u00e9 en France, dans notre atelier de Layrolle, \u00e0 partir de laine vierge, issue d'une filature locale. Id\u00e9al pour une promenade hivernale.\",\"breadcrumb\":{\"@id\":\"https:\/\/www.lesacduberger.com\/produit\/manteau-cape\/#breadcrumb\"},\"inLanguage\":\"en-US\",\"potentialAction\":[{\"@type\":\"ReadAction\",\"target\":[\"https:\/\/www.lesacduberger.com\/produit\/manteau-cape\/\"]}]},{\"@type\":\"ImageObject\",\"inLanguage\":\"en-US\",\"@id\":\"https:\/\/www.lesacduberger.com\/produit\/manteau-cape\/#primaryimage\",\"url\":\"https:\/\/www.lesacduberger.com\/wp-content\/uploads\/2015\/04\/Manteau-Cape_Gris-clair-2-1.jpg\",\"contentUrl\":\"https:\/\/www.lesacduberger.com\/wp-content\/uploads\/2015\/04\/Manteau-Cape_Gris-clair-2-1.jpg\",\"width\":683,\"height\":1024},{\"@type\":\"BreadcrumbList\",\"@id\":\"https:\/\/www.lesacduberger.com\/produit\/manteau-cape\/#breadcrumb\",\"itemListElement\":[{\"@type\":\"ListItem\",\"position\":1,\"name\":\"Accueil\",\"item\":\"https:\/\/www.lesacduberger.com\/\"},{\"@type\":\"ListItem\",\"position\":2,\"name\":\"Boutique\",\"item\":\"https:\/\/www.lesacduberger.com\/boutique\/\"},{\"@type\":\"ListItem\",\"position\":3,\"name\":\"Manteau Cape\"}]},{\"@type\":\"WebSite\",\"@id\":\"https:\/\/www.lesacduberger.com\/#website\",\"url\":\"https:\/\/www.lesacduberger.com\/\",\"name\":\"Le Sac du Berger\",\"description\":\"\",\"publisher\":{\"@id\":\"https:\/\/www.lesacduberger.com\/#organization\"},\"potentialAction\":[{\"@type\":\"SearchAction\",\"target\":{\"@type\":\"EntryPoint\",\"urlTemplate\":\"https:\/\/www.lesacduberger.com\/?s={search_term_string}\"},\"query-input\":{\"@type\":\"PropertyValueSpecification\",\"valueRequired\":true,\"valueName\":\"search_term_string\"}}],\"inLanguage\":\"en-US\"},{\"@type\":\"Organization\",\"@id\":\"https:\/\/www.lesacduberger.com\/#organization\",\"name\":\"Le Sac du Berger\",\"url\":\"https:\/\/www.lesacduberger.com\/\",\"logo\":{\"@type\":\"ImageObject\",\"inLanguage\":\"en-US\",\"@id\":\"https:\/\/www.lesacduberger.com\/#\/schema\/logo\/image\/\",\"url\":\"https:\/\/www.lesacduberger.com\/wp-content\/uploads\/2020\/09\/Logo-Sac-du-Berger-blanc-OK.png\",\"contentUrl\":\"https:\/\/www.lesacduberger.com\/wp-content\/uploads\/2020\/09\/Logo-Sac-du-Berger-blanc-OK.png\",\"width\":2093,\"height\":510,\"caption\":\"Le Sac du Berger\"},\"image\":{\"@id\":\"https:\/\/www.lesacduberger.com\/#\/schema\/logo\/image\/\"},\"sameAs\":[\"https:\/\/www.facebook.com\/lesacduberger\",\"https:\/\/www.instagram.com\/lesacduberger\/?hl=fr\"]}]}<\/script>\n<!-- \/ Yoast SEO plugin. -->","yoast_head_json":{"title":"Manteau Cape - Coat in water-repellent, windproof wool-blend","description":"Coat made in France, in our Layrolle workshop, from virgin wool from a local spinning mill. Ideal for a winter walk.","robots":{"index":"index","follow":"follow","max-snippet":"max-snippet:-1","max-image-preview":"max-image-preview:large","max-video-preview":"max-video-preview:-1"},"canonical":"https:\/\/www.lesacduberger.com\/en\/product\/cape-coat\/","og_locale":"en_US","og_title":"Manteau Cape \u2013 Manteau en laine foulonn\u00e9e d\u00e9perlante et coupe-vent","og_description":"Manteau fabriqu\u00e9 en France, dans notre atelier de Layrolle, \u00e0 partir de laine vierge, issue d'une filature locale. Id\u00e9al pour une promenade hivernale.","og_url":"https:\/\/www.lesacduberger.com\/en\/product\/cape-coat\/","og_site_name":"Le Sac du Berger","article_publisher":"https:\/\/www.facebook.com\/lesacduberger","article_modified_time":"2026-04-02T14:42:24+00:00","og_image":[{"width":683,"height":1024,"url":"https:\/\/www.lesacduberger.com\/wp-content\/uploads\/2015\/04\/Manteau-Cape_Gris-clair-2-1.jpg","type":"image\/jpeg"}],"twitter_card":"summary_large_image","schema":{"@context":"https:\/\/schema.org","@graph":[{"@type":"WebPage","@id":"https:\/\/www.lesacduberger.com\/produit\/manteau-cape\/","url":"https:\/\/www.lesacduberger.com\/produit\/manteau-cape\/","name":"Manteau Cape - Coat in water-repellent, windproof wool-blend","isPartOf":{"@id":"https:\/\/www.lesacduberger.com\/#website"},"primaryImageOfPage":{"@id":"https:\/\/www.lesacduberger.com\/produit\/manteau-cape\/#primaryimage"},"image":{"@id":"https:\/\/www.lesacduberger.com\/produit\/manteau-cape\/#primaryimage"},"thumbnailUrl":"https:\/\/www.lesacduberger.com\/wp-content\/uploads\/2015\/04\/Manteau-Cape_Gris-clair-2-1.jpg","datePublished":"2015-04-19T16:04:07+00:00","dateModified":"2026-04-02T14:42:24+00:00","description":"Coat made in France, in our Layrolle workshop, from virgin wool from a local spinning mill. Ideal for a winter walk.","breadcrumb":{"@id":"https:\/\/www.lesacduberger.com\/produit\/manteau-cape\/#breadcrumb"},"inLanguage":"en-US","potentialAction":[{"@type":"ReadAction","target":["https:\/\/www.lesacduberger.com\/produit\/manteau-cape\/"]}]},{"@type":"ImageObject","inLanguage":"en-US","@id":"https:\/\/www.lesacduberger.com\/produit\/manteau-cape\/#primaryimage","url":"https:\/\/www.lesacduberger.com\/wp-content\/uploads\/2015\/04\/Manteau-Cape_Gris-clair-2-1.jpg","contentUrl":"https:\/\/www.lesacduberger.com\/wp-content\/uploads\/2015\/04\/Manteau-Cape_Gris-clair-2-1.jpg","width":683,"height":1024},{"@type":"BreadcrumbList","@id":"https:\/\/www.lesacduberger.com\/produit\/manteau-cape\/#breadcrumb","itemListElement":[{"@type":"ListItem","position":1,"name":"Accueil","item":"https:\/\/www.lesacduberger.com\/"},{"@type":"ListItem","position":2,"name":"Boutique","item":"https:\/\/www.lesacduberger.com\/boutique\/"},{"@type":"ListItem","position":3,"name":"Manteau Cape"}]},{"@type":"WebSite","@id":"https:\/\/www.lesacduberger.com\/#website","url":"https:\/\/www.lesacduberger.com\/","name":"Le Sac du Berger","description":"","publisher":{"@id":"https:\/\/www.lesacduberger.com\/#organization"},"potentialAction":[{"@type":"SearchAction","target":{"@type":"EntryPoint","urlTemplate":"https:\/\/www.lesacduberger.com\/?s={search_term_string}"},"query-input":{"@type":"PropertyValueSpecification","valueRequired":true,"valueName":"search_term_string"}}],"inLanguage":"en-US"},{"@type":"Organization","@id":"https:\/\/www.lesacduberger.com\/#organization","name":"Le Sac du Berger","url":"https:\/\/www.lesacduberger.com\/","logo":{"@type":"ImageObject","inLanguage":"en-US","@id":"https:\/\/www.lesacduberger.com\/#\/schema\/logo\/image\/","url":"https:\/\/www.lesacduberger.com\/wp-content\/uploads\/2020\/09\/Logo-Sac-du-Berger-blanc-OK.png","contentUrl":"https:\/\/www.lesacduberger.com\/wp-content\/uploads\/2020\/09\/Logo-Sac-du-Berger-blanc-OK.png","width":2093,"height":510,"caption":"Le Sac du Berger"},"image":{"@id":"https:\/\/www.lesacduberger.com\/#\/schema\/logo\/image\/"},"sameAs":["https:\/\/www.facebook.com\/lesacduberger","https:\/\/www.instagram.com\/lesacduberger\/?hl=fr"]}]}},"_links":{"self":[{"href":"https:\/\/www.lesacduberger.com\/en\/wp-json\/wp\/v2\/product\/21871","targetHints":{"allow":["GET"]}}],"collection":[{"href":"https:\/\/www.lesacduberger.com\/en\/wp-json\/wp\/v2\/product"}],"about":[{"href":"https:\/\/www.lesacduberger.com\/en\/wp-json\/wp\/v2\/types\/product"}],"wp:featuredmedia":[{"embeddable":true,"href":"https:\/\/www.lesacduberger.com\/en\/wp-json\/wp\/v2\/media\/45818"}],"wp:attachment":[{"href":"https:\/\/www.lesacduberger.com\/en\/wp-json\/wp\/v2\/media?parent=21871"}],"wp:term":[{"taxonomy":"product_brand","embeddable":true,"href":"https:\/\/www.lesacduberger.com\/en\/wp-json\/wp\/v2\/product_brand?post=21871"},{"taxonomy":"product_cat","embeddable":true,"href":"https:\/\/www.lesacduberger.com\/en\/wp-json\/wp\/v2\/product_cat?post=21871"},{"taxonomy":"product_tag","embeddable":true,"href":"https:\/\/www.lesacduberger.com\/en\/wp-json\/wp\/v2\/product_tag?post=21871"},{"taxonomy":"giftcard-category","embeddable":true,"href":"https:\/\/www.lesacduberger.com\/en\/wp-json\/wp\/v2\/giftcard-category?post=21871"}],"curies":[{"name":"wp","href":"https:\/\/api.w.org\/{rel}","templated":true}]}}