{"id":21885,"date":"2015-04-19T18:08:38","date_gmt":"2015-04-19T16:08:38","guid":{"rendered":"https:\/\/www.lesacduberger.com\/produit\/cape-frouzet\/"},"modified":"2026-04-02T16:42:17","modified_gmt":"2026-04-02T14:42:17","slug":"frouzet-cape","status":"publish","type":"product","link":"https:\/\/www.lesacduberger.com\/en\/product\/frouzet-cape\/","title":{"rendered":"Cape Frouzet Courte"},"content":{"rendered":"<h2>Women's pilgrim coat in pure fuller wool<\/h2>\n<ul>\n<li>Ideal for the city<\/li>\n<li>In pure full grain wool<\/li>\n<li>Closes with 4 large round buttons in genuine horn<\/li>\n<li>Approximate back height: 73 cm<\/li>\n<\/ul>\n<p>The various stages of production, from the origin of the wool to weaving and the finished object, are carried out within a 120-kilometer radius of the Layrolle workshop.<\/p>\n<p>All our products are designed to be durable and repairable.<\/p>\n<p><strong>Confectionn\u00e9e pour vous, sur commande.<\/strong><\/p>","protected":false},"excerpt":{"rendered":"<p>P\u00e8lerine pour femme en pure laine foulonn\u00e9e Id\u00e9ale pour la ville En pure laine foulonn\u00e9e Fermeture par 4 gros boutons ronds en corne v\u00e9ritable Hauteur approximative du dos: 73 cm Les diff\u00e9rentes \u00e9tapes de fabrication, de l&rsquo;origine de la laine \u00e0 l&rsquo;objet fini, en passant par le tissage, sont r\u00e9alis\u00e9es dans un rayon de 120 [&hellip;]<\/p>\n","protected":false},"featured_media":45816,"template":"","meta":[],"product_brand":[],"product_cat":[1533,1527],"product_tag":[],"giftcard-category":[],"class_list":{"0":"post-21885","1":"product","2":"type-product","3":"status-publish","4":"has-post-thumbnail","6":"product_cat-les-manteaux-laine","7":"product_cat-vetements","8":"pa_couleur-rouge","9":"pa_couleur-grisclair","10":"pa_couleur-grisfonce","11":"pa_taille-tailleunique","13":"first","14":"instock","15":"taxable","16":"shipping-taxable","17":"purchasable","18":"product-type-variable","19":"has-default-attributes"},"yoast_head":"<!-- This site is optimized with the Yoast SEO plugin v27.1.1 - https:\/\/yoast.com\/product\/yoast-seo-wordpress\/ -->\n<title>Cape pour femme 100% laine fabriqu\u00e9e en France<\/title>\n<meta name=\"description\" content=\"Cape femme p\u00e8lerine en laine foulonn\u00e9e, mati\u00e8re premi\u00e8re d&#039;origine fran\u00e7aise. Entre accessoire et v\u00eatement, compagne parfaite de la garde-robe d&#039;hiver !\" \/>\n<meta name=\"robots\" content=\"index, follow, max-snippet:-1, max-image-preview:large, max-video-preview:-1\" \/>\n<link rel=\"canonical\" href=\"https:\/\/www.lesacduberger.com\/en\/product\/frouzet-cape\/\" \/>\n<meta property=\"og:locale\" content=\"en_US\" \/>\n<meta property=\"og:title\" content=\"Cape pour femme 100% laine fabriqu\u00e9e en France\" \/>\n<meta property=\"og:description\" content=\"Cape femme p\u00e8lerine en laine foulonn\u00e9e, mati\u00e8re premi\u00e8re d&#039;origine fran\u00e7aise. Entre accessoire et v\u00eatement, compagne parfaite de la garde-robe d&#039;hiver !\" \/>\n<meta property=\"og:url\" content=\"https:\/\/www.lesacduberger.com\/en\/product\/frouzet-cape\/\" \/>\n<meta property=\"og:site_name\" content=\"Le Sac du Berger\" \/>\n<meta property=\"article:publisher\" content=\"https:\/\/www.facebook.com\/lesacduberger\" \/>\n<meta property=\"article:modified_time\" content=\"2026-04-02T14:42:17+00:00\" \/>\n<meta property=\"og:image\" content=\"https:\/\/www.lesacduberger.com\/wp-content\/uploads\/2015\/04\/Cape-Frouzet-Courte-3-1.jpg\" \/>\n\t<meta property=\"og:image:width\" content=\"852\" \/>\n\t<meta property=\"og:image:height\" content=\"1280\" \/>\n\t<meta property=\"og:image:type\" content=\"image\/jpeg\" \/>\n<meta name=\"twitter:card\" content=\"summary_large_image\" \/>\n<script type=\"application\/ld+json\" class=\"yoast-schema-graph\">{\"@context\":\"https:\/\/schema.org\",\"@graph\":[{\"@type\":\"WebPage\",\"@id\":\"https:\/\/www.lesacduberger.com\/produit\/cape-frouzet\/\",\"url\":\"https:\/\/www.lesacduberger.com\/produit\/cape-frouzet\/\",\"name\":\"Cape pour femme 100% laine fabriqu\u00e9e en France\",\"isPartOf\":{\"@id\":\"https:\/\/www.lesacduberger.com\/#website\"},\"primaryImageOfPage\":{\"@id\":\"https:\/\/www.lesacduberger.com\/produit\/cape-frouzet\/#primaryimage\"},\"image\":{\"@id\":\"https:\/\/www.lesacduberger.com\/produit\/cape-frouzet\/#primaryimage\"},\"thumbnailUrl\":\"https:\/\/www.lesacduberger.com\/wp-content\/uploads\/2015\/04\/Cape-Frouzet-Courte-3-1.jpg\",\"datePublished\":\"2015-04-19T16:08:38+00:00\",\"dateModified\":\"2026-04-02T14:42:17+00:00\",\"description\":\"Cape femme p\u00e8lerine en laine foulonn\u00e9e, mati\u00e8re premi\u00e8re d'origine fran\u00e7aise. Entre accessoire et v\u00eatement, compagne parfaite de la garde-robe d'hiver !\",\"breadcrumb\":{\"@id\":\"https:\/\/www.lesacduberger.com\/produit\/cape-frouzet\/#breadcrumb\"},\"inLanguage\":\"en-US\",\"potentialAction\":[{\"@type\":\"ReadAction\",\"target\":[\"https:\/\/www.lesacduberger.com\/produit\/cape-frouzet\/\"]}]},{\"@type\":\"ImageObject\",\"inLanguage\":\"en-US\",\"@id\":\"https:\/\/www.lesacduberger.com\/produit\/cape-frouzet\/#primaryimage\",\"url\":\"https:\/\/www.lesacduberger.com\/wp-content\/uploads\/2015\/04\/Cape-Frouzet-Courte-3-1.jpg\",\"contentUrl\":\"https:\/\/www.lesacduberger.com\/wp-content\/uploads\/2015\/04\/Cape-Frouzet-Courte-3-1.jpg\",\"width\":852,\"height\":1280},{\"@type\":\"BreadcrumbList\",\"@id\":\"https:\/\/www.lesacduberger.com\/produit\/cape-frouzet\/#breadcrumb\",\"itemListElement\":[{\"@type\":\"ListItem\",\"position\":1,\"name\":\"Accueil\",\"item\":\"https:\/\/www.lesacduberger.com\/\"},{\"@type\":\"ListItem\",\"position\":2,\"name\":\"Boutique\",\"item\":\"https:\/\/www.lesacduberger.com\/boutique\/\"},{\"@type\":\"ListItem\",\"position\":3,\"name\":\"Cape Frouzet Courte\"}]},{\"@type\":\"WebSite\",\"@id\":\"https:\/\/www.lesacduberger.com\/#website\",\"url\":\"https:\/\/www.lesacduberger.com\/\",\"name\":\"Le Sac du Berger\",\"description\":\"\",\"publisher\":{\"@id\":\"https:\/\/www.lesacduberger.com\/#organization\"},\"potentialAction\":[{\"@type\":\"SearchAction\",\"target\":{\"@type\":\"EntryPoint\",\"urlTemplate\":\"https:\/\/www.lesacduberger.com\/?s={search_term_string}\"},\"query-input\":{\"@type\":\"PropertyValueSpecification\",\"valueRequired\":true,\"valueName\":\"search_term_string\"}}],\"inLanguage\":\"en-US\"},{\"@type\":\"Organization\",\"@id\":\"https:\/\/www.lesacduberger.com\/#organization\",\"name\":\"Le Sac du Berger\",\"url\":\"https:\/\/www.lesacduberger.com\/\",\"logo\":{\"@type\":\"ImageObject\",\"inLanguage\":\"en-US\",\"@id\":\"https:\/\/www.lesacduberger.com\/#\/schema\/logo\/image\/\",\"url\":\"https:\/\/www.lesacduberger.com\/wp-content\/uploads\/2020\/09\/Logo-Sac-du-Berger-blanc-OK.png\",\"contentUrl\":\"https:\/\/www.lesacduberger.com\/wp-content\/uploads\/2020\/09\/Logo-Sac-du-Berger-blanc-OK.png\",\"width\":2093,\"height\":510,\"caption\":\"Le Sac du Berger\"},\"image\":{\"@id\":\"https:\/\/www.lesacduberger.com\/#\/schema\/logo\/image\/\"},\"sameAs\":[\"https:\/\/www.facebook.com\/lesacduberger\",\"https:\/\/www.instagram.com\/lesacduberger\/?hl=fr\"]}]}<\/script>\n<!-- \/ Yoast SEO plugin. -->","yoast_head_json":{"title":"Women's cape 100% wool made in France","description":"Women's pilgrim cape in fuller's wool, a raw material of French origin. Between accessory and garment, the perfect companion for your winter wardrobe!","robots":{"index":"index","follow":"follow","max-snippet":"max-snippet:-1","max-image-preview":"max-image-preview:large","max-video-preview":"max-video-preview:-1"},"canonical":"https:\/\/www.lesacduberger.com\/en\/product\/frouzet-cape\/","og_locale":"en_US","og_title":"Cape pour femme 100% laine fabriqu\u00e9e en France","og_description":"Cape femme p\u00e8lerine en laine foulonn\u00e9e, mati\u00e8re premi\u00e8re d'origine fran\u00e7aise. Entre accessoire et v\u00eatement, compagne parfaite de la garde-robe d'hiver !","og_url":"https:\/\/www.lesacduberger.com\/en\/product\/frouzet-cape\/","og_site_name":"Le Sac du Berger","article_publisher":"https:\/\/www.facebook.com\/lesacduberger","article_modified_time":"2026-04-02T14:42:17+00:00","og_image":[{"width":852,"height":1280,"url":"https:\/\/www.lesacduberger.com\/wp-content\/uploads\/2015\/04\/Cape-Frouzet-Courte-3-1.jpg","type":"image\/jpeg"}],"twitter_card":"summary_large_image","schema":{"@context":"https:\/\/schema.org","@graph":[{"@type":"WebPage","@id":"https:\/\/www.lesacduberger.com\/produit\/cape-frouzet\/","url":"https:\/\/www.lesacduberger.com\/produit\/cape-frouzet\/","name":"Women's cape 100% wool made in France","isPartOf":{"@id":"https:\/\/www.lesacduberger.com\/#website"},"primaryImageOfPage":{"@id":"https:\/\/www.lesacduberger.com\/produit\/cape-frouzet\/#primaryimage"},"image":{"@id":"https:\/\/www.lesacduberger.com\/produit\/cape-frouzet\/#primaryimage"},"thumbnailUrl":"https:\/\/www.lesacduberger.com\/wp-content\/uploads\/2015\/04\/Cape-Frouzet-Courte-3-1.jpg","datePublished":"2015-04-19T16:08:38+00:00","dateModified":"2026-04-02T14:42:17+00:00","description":"Women's pilgrim cape in fuller's wool, a raw material of French origin. Between accessory and garment, the perfect companion for your winter wardrobe!","breadcrumb":{"@id":"https:\/\/www.lesacduberger.com\/produit\/cape-frouzet\/#breadcrumb"},"inLanguage":"en-US","potentialAction":[{"@type":"ReadAction","target":["https:\/\/www.lesacduberger.com\/produit\/cape-frouzet\/"]}]},{"@type":"ImageObject","inLanguage":"en-US","@id":"https:\/\/www.lesacduberger.com\/produit\/cape-frouzet\/#primaryimage","url":"https:\/\/www.lesacduberger.com\/wp-content\/uploads\/2015\/04\/Cape-Frouzet-Courte-3-1.jpg","contentUrl":"https:\/\/www.lesacduberger.com\/wp-content\/uploads\/2015\/04\/Cape-Frouzet-Courte-3-1.jpg","width":852,"height":1280},{"@type":"BreadcrumbList","@id":"https:\/\/www.lesacduberger.com\/produit\/cape-frouzet\/#breadcrumb","itemListElement":[{"@type":"ListItem","position":1,"name":"Accueil","item":"https:\/\/www.lesacduberger.com\/"},{"@type":"ListItem","position":2,"name":"Boutique","item":"https:\/\/www.lesacduberger.com\/boutique\/"},{"@type":"ListItem","position":3,"name":"Cape Frouzet Courte"}]},{"@type":"WebSite","@id":"https:\/\/www.lesacduberger.com\/#website","url":"https:\/\/www.lesacduberger.com\/","name":"Le Sac du Berger","description":"","publisher":{"@id":"https:\/\/www.lesacduberger.com\/#organization"},"potentialAction":[{"@type":"SearchAction","target":{"@type":"EntryPoint","urlTemplate":"https:\/\/www.lesacduberger.com\/?s={search_term_string}"},"query-input":{"@type":"PropertyValueSpecification","valueRequired":true,"valueName":"search_term_string"}}],"inLanguage":"en-US"},{"@type":"Organization","@id":"https:\/\/www.lesacduberger.com\/#organization","name":"Le Sac du Berger","url":"https:\/\/www.lesacduberger.com\/","logo":{"@type":"ImageObject","inLanguage":"en-US","@id":"https:\/\/www.lesacduberger.com\/#\/schema\/logo\/image\/","url":"https:\/\/www.lesacduberger.com\/wp-content\/uploads\/2020\/09\/Logo-Sac-du-Berger-blanc-OK.png","contentUrl":"https:\/\/www.lesacduberger.com\/wp-content\/uploads\/2020\/09\/Logo-Sac-du-Berger-blanc-OK.png","width":2093,"height":510,"caption":"Le Sac du Berger"},"image":{"@id":"https:\/\/www.lesacduberger.com\/#\/schema\/logo\/image\/"},"sameAs":["https:\/\/www.facebook.com\/lesacduberger","https:\/\/www.instagram.com\/lesacduberger\/?hl=fr"]}]}},"_links":{"self":[{"href":"https:\/\/www.lesacduberger.com\/en\/wp-json\/wp\/v2\/product\/21885","targetHints":{"allow":["GET"]}}],"collection":[{"href":"https:\/\/www.lesacduberger.com\/en\/wp-json\/wp\/v2\/product"}],"about":[{"href":"https:\/\/www.lesacduberger.com\/en\/wp-json\/wp\/v2\/types\/product"}],"wp:featuredmedia":[{"embeddable":true,"href":"https:\/\/www.lesacduberger.com\/en\/wp-json\/wp\/v2\/media\/45816"}],"wp:attachment":[{"href":"https:\/\/www.lesacduberger.com\/en\/wp-json\/wp\/v2\/media?parent=21885"}],"wp:term":[{"taxonomy":"product_brand","embeddable":true,"href":"https:\/\/www.lesacduberger.com\/en\/wp-json\/wp\/v2\/product_brand?post=21885"},{"taxonomy":"product_cat","embeddable":true,"href":"https:\/\/www.lesacduberger.com\/en\/wp-json\/wp\/v2\/product_cat?post=21885"},{"taxonomy":"product_tag","embeddable":true,"href":"https:\/\/www.lesacduberger.com\/en\/wp-json\/wp\/v2\/product_tag?post=21885"},{"taxonomy":"giftcard-category","embeddable":true,"href":"https:\/\/www.lesacduberger.com\/en\/wp-json\/wp\/v2\/giftcard-category?post=21885"}],"curies":[{"name":"wp","href":"https:\/\/api.w.org\/{rel}","templated":true}]}}