{"id":21968,"date":"2015-04-19T18:15:29","date_gmt":"2015-04-19T16:15:29","guid":{"rendered":"https:\/\/www.lesacduberger.com\/produit\/casquette-gavroche-cuir\/"},"modified":"2026-03-23T13:41:22","modified_gmt":"2026-03-23T12:41:22","slug":"gavroche-leather-cap","status":"publish","type":"product","link":"https:\/\/www.lesacduberger.com\/en\/product\/gavroche-leather-cap\/","title":{"rendered":"Gavroche leather cap"},"content":{"rendered":"<h2>Goat leather beret<\/h2>\n<p>Our <strong>Gavroche cap for men<\/strong> and <strong>woman<\/strong> is made of handcrafted leather. This mixed gavroche beret has :<\/p>\n<ul>\n<li>A puffy shape<\/li>\n<li>In supple goatskin leather (except red: lambskin)<\/li>\n<li>100 % wool lining<\/li>\n<li>One-size-fits-all, with drawcord and drawstring fastening at back<\/li>\n<\/ul>\n<h2 style=\"text-transform: none;\">Gavroche men's \/ women's cap<\/h2>\n<p>Perfect for an adult's head, its retro Parisian flair will give you an original and inimitable style... all in the spirit of sustainability. Because, like all our products, our gavroche caps are made in our Layrolle workshop, as are the various stages of production, from the origin of the hides to the tanning and finishing of the finished object, all within a 120-kilometer radius. And of course, this cap is made to be repairable.<\/p>","protected":false},"excerpt":{"rendered":"<p>B\u00e9ret en cuir de ch\u00e8vre Notre Casquette Gavroche pour homme et femme est en cuir artisanal. Ce b\u00e9ret gavroche mixte a donc : Une forme bouffante En cuir de ch\u00e8vre souple (sauf rouge : agneau) Une doublure 100 % laine Taille unique, avec cordon de r\u00e9glage et arr\u00eat de serrage \u00e0 l&rsquo;arri\u00e8re Casquette Gavroche homme [&hellip;]<\/p>\n","protected":false},"featured_media":21963,"template":"","meta":[],"product_brand":[],"product_cat":[1536,1530],"product_tag":[],"giftcard-category":[],"class_list":{"0":"post-21968","1":"product","2":"type-product","3":"status-publish","4":"has-post-thumbnail","6":"product_cat-les-casquettes","7":"product_cat-accessoires","8":"pa_couleur-rouge","9":"pa_couleur-tabac-nature","10":"pa_couleur-moka","11":"pa_taille-tailleunique","13":"first","14":"instock","15":"taxable","16":"shipping-taxable","17":"purchasable","18":"product-type-variable","19":"has-default-attributes"},"yoast_head":"<!-- This site is optimized with the Yoast SEO plugin v27.1.1 - https:\/\/yoast.com\/product\/yoast-seo-wordpress\/ -->\n<title>Casquette Gavroche homme &amp; femme - Beret en cuir de ch\u00e8vre artisanal<\/title>\n<meta name=\"description\" content=\"D\u00e9couvrez la casquette gavroche pour homme ou femme en cuir de ch\u00e8vre souple. La doublure de la caquette est compos\u00e9e de 100 % laine. Fabrication artisanale fran\u00e7aise.\" \/>\n<meta name=\"robots\" content=\"index, follow, max-snippet:-1, max-image-preview:large, max-video-preview:-1\" \/>\n<link rel=\"canonical\" href=\"https:\/\/www.lesacduberger.com\/en\/product\/gavroche-leather-cap\/\" \/>\n<meta property=\"og:locale\" content=\"en_US\" \/>\n<meta property=\"og:title\" content=\"Casquette Gavroche homme &amp; femme - Beret en cuir de ch\u00e8vre artisanal\" \/>\n<meta property=\"og:description\" content=\"D\u00e9couvrez la casquette gavroche pour homme ou femme en cuir de ch\u00e8vre souple. La doublure de la caquette est compos\u00e9e de 100 % laine. Fabrication artisanale fran\u00e7aise.\" \/>\n<meta property=\"og:url\" content=\"https:\/\/www.lesacduberger.com\/en\/product\/gavroche-leather-cap\/\" \/>\n<meta property=\"og:site_name\" content=\"Le Sac du Berger\" \/>\n<meta property=\"article:publisher\" content=\"https:\/\/www.facebook.com\/lesacduberger\" \/>\n<meta property=\"article:modified_time\" content=\"2026-03-23T12:41:22+00:00\" \/>\n<meta property=\"og:image\" content=\"https:\/\/www.lesacduberger.com\/wp-content\/uploads\/2015\/04\/p_1_4_9_5_1495-thickbox_default-Casquette-Gavroche-cuir.jpg\" \/>\n\t<meta property=\"og:image:width\" content=\"800\" \/>\n\t<meta property=\"og:image:height\" content=\"800\" \/>\n\t<meta property=\"og:image:type\" content=\"image\/jpeg\" \/>\n<meta name=\"twitter:card\" content=\"summary_large_image\" \/>\n<script type=\"application\/ld+json\" class=\"yoast-schema-graph\">{\"@context\":\"https:\/\/schema.org\",\"@graph\":[{\"@type\":\"WebPage\",\"@id\":\"https:\/\/www.lesacduberger.com\/produit\/casquette-gavroche-cuir\/\",\"url\":\"https:\/\/www.lesacduberger.com\/produit\/casquette-gavroche-cuir\/\",\"name\":\"Casquette Gavroche homme & femme - Beret en cuir de ch\u00e8vre artisanal\",\"isPartOf\":{\"@id\":\"https:\/\/www.lesacduberger.com\/#website\"},\"primaryImageOfPage\":{\"@id\":\"https:\/\/www.lesacduberger.com\/produit\/casquette-gavroche-cuir\/#primaryimage\"},\"image\":{\"@id\":\"https:\/\/www.lesacduberger.com\/produit\/casquette-gavroche-cuir\/#primaryimage\"},\"thumbnailUrl\":\"https:\/\/www.lesacduberger.com\/wp-content\/uploads\/2015\/04\/p_1_4_9_5_1495-thickbox_default-Casquette-Gavroche-cuir.jpg\",\"datePublished\":\"2015-04-19T16:15:29+00:00\",\"dateModified\":\"2026-03-23T12:41:22+00:00\",\"description\":\"D\u00e9couvrez la casquette gavroche pour homme ou femme en cuir de ch\u00e8vre souple. La doublure de la caquette est compos\u00e9e de 100 % laine. Fabrication artisanale fran\u00e7aise.\",\"breadcrumb\":{\"@id\":\"https:\/\/www.lesacduberger.com\/produit\/casquette-gavroche-cuir\/#breadcrumb\"},\"inLanguage\":\"en-US\",\"potentialAction\":[{\"@type\":\"ReadAction\",\"target\":[\"https:\/\/www.lesacduberger.com\/produit\/casquette-gavroche-cuir\/\"]}]},{\"@type\":\"ImageObject\",\"inLanguage\":\"en-US\",\"@id\":\"https:\/\/www.lesacduberger.com\/produit\/casquette-gavroche-cuir\/#primaryimage\",\"url\":\"https:\/\/www.lesacduberger.com\/wp-content\/uploads\/2015\/04\/p_1_4_9_5_1495-thickbox_default-Casquette-Gavroche-cuir.jpg\",\"contentUrl\":\"https:\/\/www.lesacduberger.com\/wp-content\/uploads\/2015\/04\/p_1_4_9_5_1495-thickbox_default-Casquette-Gavroche-cuir.jpg\",\"width\":800,\"height\":800,\"caption\":\"Casquette Gavroche cuir\"},{\"@type\":\"BreadcrumbList\",\"@id\":\"https:\/\/www.lesacduberger.com\/produit\/casquette-gavroche-cuir\/#breadcrumb\",\"itemListElement\":[{\"@type\":\"ListItem\",\"position\":1,\"name\":\"Accueil\",\"item\":\"https:\/\/www.lesacduberger.com\/\"},{\"@type\":\"ListItem\",\"position\":2,\"name\":\"Boutique\",\"item\":\"https:\/\/www.lesacduberger.com\/boutique\/\"},{\"@type\":\"ListItem\",\"position\":3,\"name\":\"Casquette Gavroche c&hellip;\"}]},{\"@type\":\"WebSite\",\"@id\":\"https:\/\/www.lesacduberger.com\/#website\",\"url\":\"https:\/\/www.lesacduberger.com\/\",\"name\":\"Le Sac du Berger\",\"description\":\"\",\"publisher\":{\"@id\":\"https:\/\/www.lesacduberger.com\/#organization\"},\"potentialAction\":[{\"@type\":\"SearchAction\",\"target\":{\"@type\":\"EntryPoint\",\"urlTemplate\":\"https:\/\/www.lesacduberger.com\/?s={search_term_string}\"},\"query-input\":{\"@type\":\"PropertyValueSpecification\",\"valueRequired\":true,\"valueName\":\"search_term_string\"}}],\"inLanguage\":\"en-US\"},{\"@type\":\"Organization\",\"@id\":\"https:\/\/www.lesacduberger.com\/#organization\",\"name\":\"Le Sac du Berger\",\"url\":\"https:\/\/www.lesacduberger.com\/\",\"logo\":{\"@type\":\"ImageObject\",\"inLanguage\":\"en-US\",\"@id\":\"https:\/\/www.lesacduberger.com\/#\/schema\/logo\/image\/\",\"url\":\"https:\/\/www.lesacduberger.com\/wp-content\/uploads\/2020\/09\/Logo-Sac-du-Berger-blanc-OK.png\",\"contentUrl\":\"https:\/\/www.lesacduberger.com\/wp-content\/uploads\/2020\/09\/Logo-Sac-du-Berger-blanc-OK.png\",\"width\":2093,\"height\":510,\"caption\":\"Le Sac du Berger\"},\"image\":{\"@id\":\"https:\/\/www.lesacduberger.com\/#\/schema\/logo\/image\/\"},\"sameAs\":[\"https:\/\/www.facebook.com\/lesacduberger\",\"https:\/\/www.instagram.com\/lesacduberger\/?hl=fr\"]}]}<\/script>\n<!-- \/ Yoast SEO plugin. -->","yoast_head_json":{"title":"Gavroche cap for men &amp; women - Beret in handcrafted goat leather","description":"Discover the gavroche cap for men or women in supple goatskin leather. The cap's lining is made of 100 % wool. Handcrafted in France.","robots":{"index":"index","follow":"follow","max-snippet":"max-snippet:-1","max-image-preview":"max-image-preview:large","max-video-preview":"max-video-preview:-1"},"canonical":"https:\/\/www.lesacduberger.com\/en\/product\/gavroche-leather-cap\/","og_locale":"en_US","og_title":"Casquette Gavroche homme & femme - Beret en cuir de ch\u00e8vre artisanal","og_description":"D\u00e9couvrez la casquette gavroche pour homme ou femme en cuir de ch\u00e8vre souple. La doublure de la caquette est compos\u00e9e de 100 % laine. Fabrication artisanale fran\u00e7aise.","og_url":"https:\/\/www.lesacduberger.com\/en\/product\/gavroche-leather-cap\/","og_site_name":"Le Sac du Berger","article_publisher":"https:\/\/www.facebook.com\/lesacduberger","article_modified_time":"2026-03-23T12:41:22+00:00","og_image":[{"width":800,"height":800,"url":"https:\/\/www.lesacduberger.com\/wp-content\/uploads\/2015\/04\/p_1_4_9_5_1495-thickbox_default-Casquette-Gavroche-cuir.jpg","type":"image\/jpeg"}],"twitter_card":"summary_large_image","schema":{"@context":"https:\/\/schema.org","@graph":[{"@type":"WebPage","@id":"https:\/\/www.lesacduberger.com\/produit\/casquette-gavroche-cuir\/","url":"https:\/\/www.lesacduberger.com\/produit\/casquette-gavroche-cuir\/","name":"Gavroche cap for men &amp; women - Beret in handcrafted goat leather","isPartOf":{"@id":"https:\/\/www.lesacduberger.com\/#website"},"primaryImageOfPage":{"@id":"https:\/\/www.lesacduberger.com\/produit\/casquette-gavroche-cuir\/#primaryimage"},"image":{"@id":"https:\/\/www.lesacduberger.com\/produit\/casquette-gavroche-cuir\/#primaryimage"},"thumbnailUrl":"https:\/\/www.lesacduberger.com\/wp-content\/uploads\/2015\/04\/p_1_4_9_5_1495-thickbox_default-Casquette-Gavroche-cuir.jpg","datePublished":"2015-04-19T16:15:29+00:00","dateModified":"2026-03-23T12:41:22+00:00","description":"Discover the gavroche cap for men or women in supple goatskin leather. The cap's lining is made of 100 % wool. Handcrafted in France.","breadcrumb":{"@id":"https:\/\/www.lesacduberger.com\/produit\/casquette-gavroche-cuir\/#breadcrumb"},"inLanguage":"en-US","potentialAction":[{"@type":"ReadAction","target":["https:\/\/www.lesacduberger.com\/produit\/casquette-gavroche-cuir\/"]}]},{"@type":"ImageObject","inLanguage":"en-US","@id":"https:\/\/www.lesacduberger.com\/produit\/casquette-gavroche-cuir\/#primaryimage","url":"https:\/\/www.lesacduberger.com\/wp-content\/uploads\/2015\/04\/p_1_4_9_5_1495-thickbox_default-Casquette-Gavroche-cuir.jpg","contentUrl":"https:\/\/www.lesacduberger.com\/wp-content\/uploads\/2015\/04\/p_1_4_9_5_1495-thickbox_default-Casquette-Gavroche-cuir.jpg","width":800,"height":800,"caption":"Casquette Gavroche cuir"},{"@type":"BreadcrumbList","@id":"https:\/\/www.lesacduberger.com\/produit\/casquette-gavroche-cuir\/#breadcrumb","itemListElement":[{"@type":"ListItem","position":1,"name":"Accueil","item":"https:\/\/www.lesacduberger.com\/"},{"@type":"ListItem","position":2,"name":"Boutique","item":"https:\/\/www.lesacduberger.com\/boutique\/"},{"@type":"ListItem","position":3,"name":"Casquette Gavroche c&hellip;"}]},{"@type":"WebSite","@id":"https:\/\/www.lesacduberger.com\/#website","url":"https:\/\/www.lesacduberger.com\/","name":"Le Sac du Berger","description":"","publisher":{"@id":"https:\/\/www.lesacduberger.com\/#organization"},"potentialAction":[{"@type":"SearchAction","target":{"@type":"EntryPoint","urlTemplate":"https:\/\/www.lesacduberger.com\/?s={search_term_string}"},"query-input":{"@type":"PropertyValueSpecification","valueRequired":true,"valueName":"search_term_string"}}],"inLanguage":"en-US"},{"@type":"Organization","@id":"https:\/\/www.lesacduberger.com\/#organization","name":"Le Sac du Berger","url":"https:\/\/www.lesacduberger.com\/","logo":{"@type":"ImageObject","inLanguage":"en-US","@id":"https:\/\/www.lesacduberger.com\/#\/schema\/logo\/image\/","url":"https:\/\/www.lesacduberger.com\/wp-content\/uploads\/2020\/09\/Logo-Sac-du-Berger-blanc-OK.png","contentUrl":"https:\/\/www.lesacduberger.com\/wp-content\/uploads\/2020\/09\/Logo-Sac-du-Berger-blanc-OK.png","width":2093,"height":510,"caption":"Le Sac du Berger"},"image":{"@id":"https:\/\/www.lesacduberger.com\/#\/schema\/logo\/image\/"},"sameAs":["https:\/\/www.facebook.com\/lesacduberger","https:\/\/www.instagram.com\/lesacduberger\/?hl=fr"]}]}},"_links":{"self":[{"href":"https:\/\/www.lesacduberger.com\/en\/wp-json\/wp\/v2\/product\/21968","targetHints":{"allow":["GET"]}}],"collection":[{"href":"https:\/\/www.lesacduberger.com\/en\/wp-json\/wp\/v2\/product"}],"about":[{"href":"https:\/\/www.lesacduberger.com\/en\/wp-json\/wp\/v2\/types\/product"}],"wp:featuredmedia":[{"embeddable":true,"href":"https:\/\/www.lesacduberger.com\/en\/wp-json\/wp\/v2\/media\/21963"}],"wp:attachment":[{"href":"https:\/\/www.lesacduberger.com\/en\/wp-json\/wp\/v2\/media?parent=21968"}],"wp:term":[{"taxonomy":"product_brand","embeddable":true,"href":"https:\/\/www.lesacduberger.com\/en\/wp-json\/wp\/v2\/product_brand?post=21968"},{"taxonomy":"product_cat","embeddable":true,"href":"https:\/\/www.lesacduberger.com\/en\/wp-json\/wp\/v2\/product_cat?post=21968"},{"taxonomy":"product_tag","embeddable":true,"href":"https:\/\/www.lesacduberger.com\/en\/wp-json\/wp\/v2\/product_tag?post=21968"},{"taxonomy":"giftcard-category","embeddable":true,"href":"https:\/\/www.lesacduberger.com\/en\/wp-json\/wp\/v2\/giftcard-category?post=21968"}],"curies":[{"name":"wp","href":"https:\/\/api.w.org\/{rel}","templated":true}]}}