{"id":22050,"date":"2015-04-19T18:23:23","date_gmt":"2015-04-19T16:23:23","guid":{"rendered":"https:\/\/www.lesacduberger.com\/produit\/sandales-gandhi-homme\/"},"modified":"2026-03-31T22:52:46","modified_gmt":"2026-03-31T20:52:46","slug":"sandals-gandhi-homme","status":"publish","type":"product","link":"https:\/\/www.lesacduberger.com\/en\/product\/sandals-gandhi-homme\/","title":{"rendered":"Sandals Gandhi Homme"},"content":{"rendered":"<h2>Handcrafted leather sandals for men<\/h2>\n<ul>\n<li>full grain cowhide<\/li>\n<li>without a varnish-type finish, so that it develops a patina over time<\/li>\n<\/ul>\n<p>All leather in contact with the foot is tanned without heavy metals.<\/p>\n<h2 style=\"text-transform: none;\">Leather colors<\/h2>\n<ul>\n<li>If you choose the natural color, the straps are made of undyed vegetable-tanned leather that will darken over time.<\/li>\n<li>If you choose the black color, the straps are in dyed leather only on the top (long-lasting pigment).<\/li>\n<\/ul>\n<h2 style=\"text-transform: none;\">The sole of your leather sandal<\/h2>\n<ul>\n<li><span style=\"vertical-align: inherit;\"><span style=\"vertical-align: inherit;\">Slightly compensated<\/span><\/span><\/li>\n<li><span style=\"vertical-align: inherit;\"><span style=\"vertical-align: inherit;\">Rubber h<\/span><\/span><span style=\"vertical-align: inherit;\"><span style=\"vertical-align: inherit;\">high quality (Vibram brand)<\/span><\/span><\/li>\n<li><span style=\"vertical-align: inherit;\"><span style=\"vertical-align: inherit;\">Heel height: 2 cm for greater comfort<\/span><\/span><\/li>\n<\/ul>\n<p>The various stages of production, from the origin of the skins to the tanning and finishing of the finished object, are carried out within a 120-kilometer radius of the Layrolle workshop.<\/p>\n<p>All our items are designed to be durable and repairable. Our bootmaker can resole and repair (if feasible) your sandals.<\/p>","protected":false},"excerpt":{"rendered":"<p>Sandales artisanales en cuir pour homme pleine fleur de vachette sans finition, type \u00ab\u00a0vernis\u00a0\u00bb, afin qu&rsquo;il se patine au fil du temps Tout le cuir en contact avec le pied est en tannage sans m\u00e9taux lourds. Coloris de cuir Si vous choisissez le coloris naturel, les brides sont en cuir non teint\u00e9 avec un tannage [&hellip;]<\/p>\n","protected":false},"featured_media":22041,"template":"","meta":[],"product_brand":[],"product_cat":[1538,1528],"product_tag":[],"giftcard-category":[],"class_list":{"0":"post-22050","1":"product","2":"type-product","3":"status-publish","4":"has-post-thumbnail","6":"product_cat-les-sandales","7":"product_cat-chaussants","8":"pa_couleur-noir","9":"pa_couleur-naturel","10":"pa_pointure-1604","11":"pa_pointure-1605","12":"pa_pointure-1606","13":"pa_pointure-1607","14":"pa_pointure-1608","15":"pa_pointure-1609","16":"pa_pointure-1610","17":"pa_pointure-1611","18":"pa_pointure-1612","20":"first","21":"instock","22":"featured","23":"taxable","24":"shipping-taxable","25":"purchasable","26":"product-type-variable","27":"has-default-attributes"},"yoast_head":"<!-- This site is optimized with the Yoast SEO plugin v27.1.1 - https:\/\/yoast.com\/product\/yoast-seo-wordpress\/ -->\n<title>Sandales artisanales en cuir pour Homme - Fabrication fran\u00e7aise<\/title>\n<meta name=\"description\" content=\"Nos sandales en cuir sont fabriqu\u00e9es dans notre atelier aveyronnais. Retrouvez-les sur le site du Sac du Berger, sp\u00e9cialiste fran\u00e7ais des produits artisanaux en cuir.\" \/>\n<meta name=\"robots\" content=\"index, follow, max-snippet:-1, max-image-preview:large, max-video-preview:-1\" \/>\n<link rel=\"canonical\" href=\"https:\/\/www.lesacduberger.com\/en\/product\/sandals-gandhi-homme\/\" \/>\n<meta property=\"og:locale\" content=\"en_US\" \/>\n<meta property=\"og:title\" content=\"Sandales artisanales en cuir pour Homme - Fabrication fran\u00e7aise\" \/>\n<meta property=\"og:description\" content=\"Nos sandales en cuir sont fabriqu\u00e9es dans notre atelier aveyronnais. Retrouvez-les sur le site du Sac du Berger, sp\u00e9cialiste fran\u00e7ais des produits artisanaux en cuir.\" \/>\n<meta property=\"og:url\" content=\"https:\/\/www.lesacduberger.com\/en\/product\/sandals-gandhi-homme\/\" \/>\n<meta property=\"og:site_name\" content=\"Le Sac du Berger\" \/>\n<meta property=\"article:publisher\" content=\"https:\/\/www.facebook.com\/lesacduberger\" \/>\n<meta property=\"article:modified_time\" content=\"2026-03-31T20:52:46+00:00\" \/>\n<meta property=\"og:image\" content=\"https:\/\/www.lesacduberger.com\/wp-content\/uploads\/2015\/04\/p_1_5_9_4_1594-thickbox_default-Sandales-Gandhi-Homme.jpg\" \/>\n\t<meta property=\"og:image:width\" content=\"800\" \/>\n\t<meta property=\"og:image:height\" content=\"800\" \/>\n\t<meta property=\"og:image:type\" content=\"image\/jpeg\" \/>\n<meta name=\"twitter:card\" content=\"summary_large_image\" \/>\n<script type=\"application\/ld+json\" class=\"yoast-schema-graph\">{\"@context\":\"https:\/\/schema.org\",\"@graph\":[{\"@type\":\"WebPage\",\"@id\":\"https:\/\/www.lesacduberger.com\/produit\/sandales-gandhi-homme\/\",\"url\":\"https:\/\/www.lesacduberger.com\/produit\/sandales-gandhi-homme\/\",\"name\":\"Sandales artisanales en cuir pour Homme - Fabrication fran\u00e7aise\",\"isPartOf\":{\"@id\":\"https:\/\/www.lesacduberger.com\/#website\"},\"primaryImageOfPage\":{\"@id\":\"https:\/\/www.lesacduberger.com\/produit\/sandales-gandhi-homme\/#primaryimage\"},\"image\":{\"@id\":\"https:\/\/www.lesacduberger.com\/produit\/sandales-gandhi-homme\/#primaryimage\"},\"thumbnailUrl\":\"https:\/\/www.lesacduberger.com\/wp-content\/uploads\/2015\/04\/p_1_5_9_4_1594-thickbox_default-Sandales-Gandhi-Homme.jpg\",\"datePublished\":\"2015-04-19T16:23:23+00:00\",\"dateModified\":\"2026-03-31T20:52:46+00:00\",\"description\":\"Nos sandales en cuir sont fabriqu\u00e9es dans notre atelier aveyronnais. Retrouvez-les sur le site du Sac du Berger, sp\u00e9cialiste fran\u00e7ais des produits artisanaux en cuir.\",\"breadcrumb\":{\"@id\":\"https:\/\/www.lesacduberger.com\/produit\/sandales-gandhi-homme\/#breadcrumb\"},\"inLanguage\":\"en-US\",\"potentialAction\":[{\"@type\":\"ReadAction\",\"target\":[\"https:\/\/www.lesacduberger.com\/produit\/sandales-gandhi-homme\/\"]}]},{\"@type\":\"ImageObject\",\"inLanguage\":\"en-US\",\"@id\":\"https:\/\/www.lesacduberger.com\/produit\/sandales-gandhi-homme\/#primaryimage\",\"url\":\"https:\/\/www.lesacduberger.com\/wp-content\/uploads\/2015\/04\/p_1_5_9_4_1594-thickbox_default-Sandales-Gandhi-Homme.jpg\",\"contentUrl\":\"https:\/\/www.lesacduberger.com\/wp-content\/uploads\/2015\/04\/p_1_5_9_4_1594-thickbox_default-Sandales-Gandhi-Homme.jpg\",\"width\":800,\"height\":800,\"caption\":\"Sandales Gandhi Homme\"},{\"@type\":\"BreadcrumbList\",\"@id\":\"https:\/\/www.lesacduberger.com\/produit\/sandales-gandhi-homme\/#breadcrumb\",\"itemListElement\":[{\"@type\":\"ListItem\",\"position\":1,\"name\":\"Accueil\",\"item\":\"https:\/\/www.lesacduberger.com\/\"},{\"@type\":\"ListItem\",\"position\":2,\"name\":\"Boutique\",\"item\":\"https:\/\/www.lesacduberger.com\/boutique\/\"},{\"@type\":\"ListItem\",\"position\":3,\"name\":\"Sandales Gandhi Homm&hellip;\"}]},{\"@type\":\"WebSite\",\"@id\":\"https:\/\/www.lesacduberger.com\/#website\",\"url\":\"https:\/\/www.lesacduberger.com\/\",\"name\":\"Le Sac du Berger\",\"description\":\"\",\"publisher\":{\"@id\":\"https:\/\/www.lesacduberger.com\/#organization\"},\"potentialAction\":[{\"@type\":\"SearchAction\",\"target\":{\"@type\":\"EntryPoint\",\"urlTemplate\":\"https:\/\/www.lesacduberger.com\/?s={search_term_string}\"},\"query-input\":{\"@type\":\"PropertyValueSpecification\",\"valueRequired\":true,\"valueName\":\"search_term_string\"}}],\"inLanguage\":\"en-US\"},{\"@type\":\"Organization\",\"@id\":\"https:\/\/www.lesacduberger.com\/#organization\",\"name\":\"Le Sac du Berger\",\"url\":\"https:\/\/www.lesacduberger.com\/\",\"logo\":{\"@type\":\"ImageObject\",\"inLanguage\":\"en-US\",\"@id\":\"https:\/\/www.lesacduberger.com\/#\/schema\/logo\/image\/\",\"url\":\"https:\/\/www.lesacduberger.com\/wp-content\/uploads\/2020\/09\/Logo-Sac-du-Berger-blanc-OK.png\",\"contentUrl\":\"https:\/\/www.lesacduberger.com\/wp-content\/uploads\/2020\/09\/Logo-Sac-du-Berger-blanc-OK.png\",\"width\":2093,\"height\":510,\"caption\":\"Le Sac du Berger\"},\"image\":{\"@id\":\"https:\/\/www.lesacduberger.com\/#\/schema\/logo\/image\/\"},\"sameAs\":[\"https:\/\/www.facebook.com\/lesacduberger\",\"https:\/\/www.instagram.com\/lesacduberger\/?hl=fr\"]}]}<\/script>\n<!-- \/ Yoast SEO plugin. -->","yoast_head_json":{"title":"Artisanal leather sandals for men - Made in France","description":"Our leather sandals are made in our workshop in Aveyron. Find them on the Sac du Berger website, the French specialist in handcrafted leather products.","robots":{"index":"index","follow":"follow","max-snippet":"max-snippet:-1","max-image-preview":"max-image-preview:large","max-video-preview":"max-video-preview:-1"},"canonical":"https:\/\/www.lesacduberger.com\/en\/product\/sandals-gandhi-homme\/","og_locale":"en_US","og_title":"Sandales artisanales en cuir pour Homme - Fabrication fran\u00e7aise","og_description":"Nos sandales en cuir sont fabriqu\u00e9es dans notre atelier aveyronnais. Retrouvez-les sur le site du Sac du Berger, sp\u00e9cialiste fran\u00e7ais des produits artisanaux en cuir.","og_url":"https:\/\/www.lesacduberger.com\/en\/product\/sandals-gandhi-homme\/","og_site_name":"Le Sac du Berger","article_publisher":"https:\/\/www.facebook.com\/lesacduberger","article_modified_time":"2026-03-31T20:52:46+00:00","og_image":[{"width":800,"height":800,"url":"https:\/\/www.lesacduberger.com\/wp-content\/uploads\/2015\/04\/p_1_5_9_4_1594-thickbox_default-Sandales-Gandhi-Homme.jpg","type":"image\/jpeg"}],"twitter_card":"summary_large_image","schema":{"@context":"https:\/\/schema.org","@graph":[{"@type":"WebPage","@id":"https:\/\/www.lesacduberger.com\/produit\/sandales-gandhi-homme\/","url":"https:\/\/www.lesacduberger.com\/produit\/sandales-gandhi-homme\/","name":"Artisanal leather sandals for men - Made in France","isPartOf":{"@id":"https:\/\/www.lesacduberger.com\/#website"},"primaryImageOfPage":{"@id":"https:\/\/www.lesacduberger.com\/produit\/sandales-gandhi-homme\/#primaryimage"},"image":{"@id":"https:\/\/www.lesacduberger.com\/produit\/sandales-gandhi-homme\/#primaryimage"},"thumbnailUrl":"https:\/\/www.lesacduberger.com\/wp-content\/uploads\/2015\/04\/p_1_5_9_4_1594-thickbox_default-Sandales-Gandhi-Homme.jpg","datePublished":"2015-04-19T16:23:23+00:00","dateModified":"2026-03-31T20:52:46+00:00","description":"Our leather sandals are made in our workshop in Aveyron. Find them on the Sac du Berger website, the French specialist in handcrafted leather products.","breadcrumb":{"@id":"https:\/\/www.lesacduberger.com\/produit\/sandales-gandhi-homme\/#breadcrumb"},"inLanguage":"en-US","potentialAction":[{"@type":"ReadAction","target":["https:\/\/www.lesacduberger.com\/produit\/sandales-gandhi-homme\/"]}]},{"@type":"ImageObject","inLanguage":"en-US","@id":"https:\/\/www.lesacduberger.com\/produit\/sandales-gandhi-homme\/#primaryimage","url":"https:\/\/www.lesacduberger.com\/wp-content\/uploads\/2015\/04\/p_1_5_9_4_1594-thickbox_default-Sandales-Gandhi-Homme.jpg","contentUrl":"https:\/\/www.lesacduberger.com\/wp-content\/uploads\/2015\/04\/p_1_5_9_4_1594-thickbox_default-Sandales-Gandhi-Homme.jpg","width":800,"height":800,"caption":"Sandales Gandhi Homme"},{"@type":"BreadcrumbList","@id":"https:\/\/www.lesacduberger.com\/produit\/sandales-gandhi-homme\/#breadcrumb","itemListElement":[{"@type":"ListItem","position":1,"name":"Accueil","item":"https:\/\/www.lesacduberger.com\/"},{"@type":"ListItem","position":2,"name":"Boutique","item":"https:\/\/www.lesacduberger.com\/boutique\/"},{"@type":"ListItem","position":3,"name":"Sandales Gandhi Homm&hellip;"}]},{"@type":"WebSite","@id":"https:\/\/www.lesacduberger.com\/#website","url":"https:\/\/www.lesacduberger.com\/","name":"Le Sac du Berger","description":"","publisher":{"@id":"https:\/\/www.lesacduberger.com\/#organization"},"potentialAction":[{"@type":"SearchAction","target":{"@type":"EntryPoint","urlTemplate":"https:\/\/www.lesacduberger.com\/?s={search_term_string}"},"query-input":{"@type":"PropertyValueSpecification","valueRequired":true,"valueName":"search_term_string"}}],"inLanguage":"en-US"},{"@type":"Organization","@id":"https:\/\/www.lesacduberger.com\/#organization","name":"Le Sac du Berger","url":"https:\/\/www.lesacduberger.com\/","logo":{"@type":"ImageObject","inLanguage":"en-US","@id":"https:\/\/www.lesacduberger.com\/#\/schema\/logo\/image\/","url":"https:\/\/www.lesacduberger.com\/wp-content\/uploads\/2020\/09\/Logo-Sac-du-Berger-blanc-OK.png","contentUrl":"https:\/\/www.lesacduberger.com\/wp-content\/uploads\/2020\/09\/Logo-Sac-du-Berger-blanc-OK.png","width":2093,"height":510,"caption":"Le Sac du Berger"},"image":{"@id":"https:\/\/www.lesacduberger.com\/#\/schema\/logo\/image\/"},"sameAs":["https:\/\/www.facebook.com\/lesacduberger","https:\/\/www.instagram.com\/lesacduberger\/?hl=fr"]}]}},"_links":{"self":[{"href":"https:\/\/www.lesacduberger.com\/en\/wp-json\/wp\/v2\/product\/22050","targetHints":{"allow":["GET"]}}],"collection":[{"href":"https:\/\/www.lesacduberger.com\/en\/wp-json\/wp\/v2\/product"}],"about":[{"href":"https:\/\/www.lesacduberger.com\/en\/wp-json\/wp\/v2\/types\/product"}],"wp:featuredmedia":[{"embeddable":true,"href":"https:\/\/www.lesacduberger.com\/en\/wp-json\/wp\/v2\/media\/22041"}],"wp:attachment":[{"href":"https:\/\/www.lesacduberger.com\/en\/wp-json\/wp\/v2\/media?parent=22050"}],"wp:term":[{"taxonomy":"product_brand","embeddable":true,"href":"https:\/\/www.lesacduberger.com\/en\/wp-json\/wp\/v2\/product_brand?post=22050"},{"taxonomy":"product_cat","embeddable":true,"href":"https:\/\/www.lesacduberger.com\/en\/wp-json\/wp\/v2\/product_cat?post=22050"},{"taxonomy":"product_tag","embeddable":true,"href":"https:\/\/www.lesacduberger.com\/en\/wp-json\/wp\/v2\/product_tag?post=22050"},{"taxonomy":"giftcard-category","embeddable":true,"href":"https:\/\/www.lesacduberger.com\/en\/wp-json\/wp\/v2\/giftcard-category?post=22050"}],"curies":[{"name":"wp","href":"https:\/\/api.w.org\/{rel}","templated":true}]}}