{"id":22085,"date":"2015-04-19T18:25:39","date_gmt":"2015-04-19T16:25:39","guid":{"rendered":"https:\/\/www.lesacduberger.com\/produit\/sandales-romaine-brides-larges\/"},"modified":"2026-04-09T20:58:35","modified_gmt":"2026-04-09T18:58:35","slug":"romaine-sandals-wide-straps","status":"publish","type":"product","link":"https:\/\/www.lesacduberger.com\/en\/product\/romaine-sandals-wide-straps\/","title":{"rendered":"Roman sandals with wide straps"},"content":{"rendered":"<h2>Handcrafted unisex leather Roman sandals with wide straps<\/h2>\n<ul>\n<li>full grain cowhide<\/li>\n<li>without a varnish-type finish, so that it develops a patina over time<\/li>\n<\/ul>\n<p>All leather in contact with the foot is tanned without heavy metals.<\/p>\n<p>Flanges<\/p>\n<ul>\n<li>Natural color, undyed leather, vegetable tanning, darkens with age<\/li>\n<li>Single strap adjustment, with toe and heel grips<\/li>\n<li>Adjustable buckle closure on side of heel<\/li>\n<li>Approx. 1.5 cm wide<\/li>\n<\/ul>\n<p>Soles<\/p>\n<ul>\n<li>Slightly compensated<\/li>\n<li>High-quality rubber (Vibram brand)<\/li>\n<li>Heel height: 1.5 cm for greater comfort<\/li>\n<\/ul>\n<p>The various stages of production, from the origin of the skins to the tanning and finishing of the finished object, are carried out within a 120-kilometer radius of the Layrolle workshop.<\/p>\n<p>All our items are designed to be durable and repairable. Our bootmaker can resole and repair (if feasible) your sandals.<\/p>","protected":false},"excerpt":{"rendered":"<p>Sandales romaines artisanales unisexes en cuir brides larges pleine fleur de vachette sans finition, type \u00ab\u00a0vernis\u00a0\u00bb, afin qu&rsquo;il se patine au fil du temps Tout le cuir en contact avec le pied est en tannage sans m\u00e9taux lourds. Brides Coloris naturel, cuir non teint\u00e9, tannage v\u00e9g\u00e9tal, fonce avec le temps Une seule sangle de r\u00e9glage, [&hellip;]<\/p>\n","protected":false},"featured_media":22078,"template":"","meta":[],"product_brand":[],"product_cat":[1538,1528],"product_tag":[],"giftcard-category":[],"class_list":{"0":"post-22085","1":"product","2":"type-product","3":"status-publish","4":"has-post-thumbnail","6":"product_cat-les-sandales","7":"product_cat-chaussants","8":"pa_couleur-naturel","9":"pa_pointure-1601","10":"pa_pointure-1602","11":"pa_pointure-1603","12":"pa_pointure-1604","13":"pa_pointure-1605","14":"pa_pointure-1606","15":"pa_pointure-1607","16":"pa_pointure-1608","17":"pa_pointure-1609","18":"pa_pointure-1610","19":"pa_pointure-1611","20":"pa_pointure-1612","21":"pa_pointure-1613","23":"first","24":"instock","25":"taxable","26":"shipping-taxable","27":"purchasable","28":"product-type-variable","29":"has-default-attributes"},"yoast_head":"<!-- This site is optimized with the Yoast SEO plugin v27.1.1 - https:\/\/yoast.com\/product\/yoast-seo-wordpress\/ -->\n<title>Sandales romaines artisanales en cuir \u00e0 brides larges<\/title>\n<meta name=\"description\" content=\"D\u00e9couvrez les Sandales Romaines artisanales en cuir, \u00e0 brides larges. sur le site du Sac du Berger, sp\u00e9cialiste fran\u00e7ais des produits artisanaux en cuir.\" \/>\n<meta name=\"robots\" content=\"index, follow, max-snippet:-1, max-image-preview:large, max-video-preview:-1\" \/>\n<link rel=\"canonical\" href=\"https:\/\/www.lesacduberger.com\/en\/product\/romaine-sandals-wide-straps\/\" \/>\n<meta property=\"og:locale\" content=\"en_US\" \/>\n<meta property=\"og:title\" content=\"Sandales romaines artisanales en cuir \u00e0 brides larges\" \/>\n<meta property=\"og:description\" content=\"D\u00e9couvrez les Sandales Romaines artisanales en cuir, \u00e0 brides larges. sur le site du Sac du Berger, sp\u00e9cialiste fran\u00e7ais des produits artisanaux en cuir.\" \/>\n<meta property=\"og:url\" content=\"https:\/\/www.lesacduberger.com\/en\/product\/romaine-sandals-wide-straps\/\" \/>\n<meta property=\"og:site_name\" content=\"Le Sac du Berger\" \/>\n<meta property=\"article:publisher\" content=\"https:\/\/www.facebook.com\/lesacduberger\" \/>\n<meta property=\"article:modified_time\" content=\"2026-04-09T18:58:35+00:00\" \/>\n<meta property=\"og:image\" content=\"https:\/\/www.lesacduberger.com\/wp-content\/uploads\/2015\/04\/p_1_6_0_9_1609-thickbox_default-Sandales-Romaine-brides-larges.jpg\" \/>\n\t<meta property=\"og:image:width\" content=\"799\" \/>\n\t<meta property=\"og:image:height\" content=\"800\" \/>\n\t<meta property=\"og:image:type\" content=\"image\/jpeg\" \/>\n<meta name=\"twitter:card\" content=\"summary_large_image\" \/>\n<script type=\"application\/ld+json\" class=\"yoast-schema-graph\">{\"@context\":\"https:\/\/schema.org\",\"@graph\":[{\"@type\":\"WebPage\",\"@id\":\"https:\/\/www.lesacduberger.com\/produit\/sandales-romaine-brides-larges\/\",\"url\":\"https:\/\/www.lesacduberger.com\/produit\/sandales-romaine-brides-larges\/\",\"name\":\"Sandales romaines artisanales en cuir \u00e0 brides larges\",\"isPartOf\":{\"@id\":\"https:\/\/www.lesacduberger.com\/#website\"},\"primaryImageOfPage\":{\"@id\":\"https:\/\/www.lesacduberger.com\/produit\/sandales-romaine-brides-larges\/#primaryimage\"},\"image\":{\"@id\":\"https:\/\/www.lesacduberger.com\/produit\/sandales-romaine-brides-larges\/#primaryimage\"},\"thumbnailUrl\":\"https:\/\/www.lesacduberger.com\/wp-content\/uploads\/2015\/04\/p_1_6_0_9_1609-thickbox_default-Sandales-Romaine-brides-larges.jpg\",\"datePublished\":\"2015-04-19T16:25:39+00:00\",\"dateModified\":\"2026-04-09T18:58:35+00:00\",\"description\":\"D\u00e9couvrez les Sandales Romaines artisanales en cuir, \u00e0 brides larges. sur le site du Sac du Berger, sp\u00e9cialiste fran\u00e7ais des produits artisanaux en cuir.\",\"breadcrumb\":{\"@id\":\"https:\/\/www.lesacduberger.com\/produit\/sandales-romaine-brides-larges\/#breadcrumb\"},\"inLanguage\":\"en-US\",\"potentialAction\":[{\"@type\":\"ReadAction\",\"target\":[\"https:\/\/www.lesacduberger.com\/produit\/sandales-romaine-brides-larges\/\"]}]},{\"@type\":\"ImageObject\",\"inLanguage\":\"en-US\",\"@id\":\"https:\/\/www.lesacduberger.com\/produit\/sandales-romaine-brides-larges\/#primaryimage\",\"url\":\"https:\/\/www.lesacduberger.com\/wp-content\/uploads\/2015\/04\/p_1_6_0_9_1609-thickbox_default-Sandales-Romaine-brides-larges.jpg\",\"contentUrl\":\"https:\/\/www.lesacduberger.com\/wp-content\/uploads\/2015\/04\/p_1_6_0_9_1609-thickbox_default-Sandales-Romaine-brides-larges.jpg\",\"width\":799,\"height\":800,\"caption\":\"Sandales Romaine brides larges\"},{\"@type\":\"BreadcrumbList\",\"@id\":\"https:\/\/www.lesacduberger.com\/produit\/sandales-romaine-brides-larges\/#breadcrumb\",\"itemListElement\":[{\"@type\":\"ListItem\",\"position\":1,\"name\":\"Accueil\",\"item\":\"https:\/\/www.lesacduberger.com\/\"},{\"@type\":\"ListItem\",\"position\":2,\"name\":\"Boutique\",\"item\":\"https:\/\/www.lesacduberger.com\/boutique\/\"},{\"@type\":\"ListItem\",\"position\":3,\"name\":\"Sandales Romaine bri&hellip;\"}]},{\"@type\":\"WebSite\",\"@id\":\"https:\/\/www.lesacduberger.com\/#website\",\"url\":\"https:\/\/www.lesacduberger.com\/\",\"name\":\"Le Sac du Berger\",\"description\":\"\",\"publisher\":{\"@id\":\"https:\/\/www.lesacduberger.com\/#organization\"},\"potentialAction\":[{\"@type\":\"SearchAction\",\"target\":{\"@type\":\"EntryPoint\",\"urlTemplate\":\"https:\/\/www.lesacduberger.com\/?s={search_term_string}\"},\"query-input\":{\"@type\":\"PropertyValueSpecification\",\"valueRequired\":true,\"valueName\":\"search_term_string\"}}],\"inLanguage\":\"en-US\"},{\"@type\":\"Organization\",\"@id\":\"https:\/\/www.lesacduberger.com\/#organization\",\"name\":\"Le Sac du Berger\",\"url\":\"https:\/\/www.lesacduberger.com\/\",\"logo\":{\"@type\":\"ImageObject\",\"inLanguage\":\"en-US\",\"@id\":\"https:\/\/www.lesacduberger.com\/#\/schema\/logo\/image\/\",\"url\":\"https:\/\/www.lesacduberger.com\/wp-content\/uploads\/2020\/09\/Logo-Sac-du-Berger-blanc-OK.png\",\"contentUrl\":\"https:\/\/www.lesacduberger.com\/wp-content\/uploads\/2020\/09\/Logo-Sac-du-Berger-blanc-OK.png\",\"width\":2093,\"height\":510,\"caption\":\"Le Sac du Berger\"},\"image\":{\"@id\":\"https:\/\/www.lesacduberger.com\/#\/schema\/logo\/image\/\"},\"sameAs\":[\"https:\/\/www.facebook.com\/lesacduberger\",\"https:\/\/www.instagram.com\/lesacduberger\/?hl=fr\"]}]}<\/script>\n<!-- \/ Yoast SEO plugin. -->","yoast_head_json":{"title":"Handcrafted leather Roman sandals with wide straps","description":"Discover handcrafted leather Roman sandals with wide straps on the Sac du Berger website, the French specialist in handcrafted leather products.","robots":{"index":"index","follow":"follow","max-snippet":"max-snippet:-1","max-image-preview":"max-image-preview:large","max-video-preview":"max-video-preview:-1"},"canonical":"https:\/\/www.lesacduberger.com\/en\/product\/romaine-sandals-wide-straps\/","og_locale":"en_US","og_title":"Sandales romaines artisanales en cuir \u00e0 brides larges","og_description":"D\u00e9couvrez les Sandales Romaines artisanales en cuir, \u00e0 brides larges. sur le site du Sac du Berger, sp\u00e9cialiste fran\u00e7ais des produits artisanaux en cuir.","og_url":"https:\/\/www.lesacduberger.com\/en\/product\/romaine-sandals-wide-straps\/","og_site_name":"Le Sac du Berger","article_publisher":"https:\/\/www.facebook.com\/lesacduberger","article_modified_time":"2026-04-09T18:58:35+00:00","og_image":[{"width":799,"height":800,"url":"https:\/\/www.lesacduberger.com\/wp-content\/uploads\/2015\/04\/p_1_6_0_9_1609-thickbox_default-Sandales-Romaine-brides-larges.jpg","type":"image\/jpeg"}],"twitter_card":"summary_large_image","schema":{"@context":"https:\/\/schema.org","@graph":[{"@type":"WebPage","@id":"https:\/\/www.lesacduberger.com\/produit\/sandales-romaine-brides-larges\/","url":"https:\/\/www.lesacduberger.com\/produit\/sandales-romaine-brides-larges\/","name":"Handcrafted leather Roman sandals with wide straps","isPartOf":{"@id":"https:\/\/www.lesacduberger.com\/#website"},"primaryImageOfPage":{"@id":"https:\/\/www.lesacduberger.com\/produit\/sandales-romaine-brides-larges\/#primaryimage"},"image":{"@id":"https:\/\/www.lesacduberger.com\/produit\/sandales-romaine-brides-larges\/#primaryimage"},"thumbnailUrl":"https:\/\/www.lesacduberger.com\/wp-content\/uploads\/2015\/04\/p_1_6_0_9_1609-thickbox_default-Sandales-Romaine-brides-larges.jpg","datePublished":"2015-04-19T16:25:39+00:00","dateModified":"2026-04-09T18:58:35+00:00","description":"Discover handcrafted leather Roman sandals with wide straps on the Sac du Berger website, the French specialist in handcrafted leather products.","breadcrumb":{"@id":"https:\/\/www.lesacduberger.com\/produit\/sandales-romaine-brides-larges\/#breadcrumb"},"inLanguage":"en-US","potentialAction":[{"@type":"ReadAction","target":["https:\/\/www.lesacduberger.com\/produit\/sandales-romaine-brides-larges\/"]}]},{"@type":"ImageObject","inLanguage":"en-US","@id":"https:\/\/www.lesacduberger.com\/produit\/sandales-romaine-brides-larges\/#primaryimage","url":"https:\/\/www.lesacduberger.com\/wp-content\/uploads\/2015\/04\/p_1_6_0_9_1609-thickbox_default-Sandales-Romaine-brides-larges.jpg","contentUrl":"https:\/\/www.lesacduberger.com\/wp-content\/uploads\/2015\/04\/p_1_6_0_9_1609-thickbox_default-Sandales-Romaine-brides-larges.jpg","width":799,"height":800,"caption":"Sandales Romaine brides larges"},{"@type":"BreadcrumbList","@id":"https:\/\/www.lesacduberger.com\/produit\/sandales-romaine-brides-larges\/#breadcrumb","itemListElement":[{"@type":"ListItem","position":1,"name":"Accueil","item":"https:\/\/www.lesacduberger.com\/"},{"@type":"ListItem","position":2,"name":"Boutique","item":"https:\/\/www.lesacduberger.com\/boutique\/"},{"@type":"ListItem","position":3,"name":"Sandales Romaine bri&hellip;"}]},{"@type":"WebSite","@id":"https:\/\/www.lesacduberger.com\/#website","url":"https:\/\/www.lesacduberger.com\/","name":"Le Sac du Berger","description":"","publisher":{"@id":"https:\/\/www.lesacduberger.com\/#organization"},"potentialAction":[{"@type":"SearchAction","target":{"@type":"EntryPoint","urlTemplate":"https:\/\/www.lesacduberger.com\/?s={search_term_string}"},"query-input":{"@type":"PropertyValueSpecification","valueRequired":true,"valueName":"search_term_string"}}],"inLanguage":"en-US"},{"@type":"Organization","@id":"https:\/\/www.lesacduberger.com\/#organization","name":"Le Sac du Berger","url":"https:\/\/www.lesacduberger.com\/","logo":{"@type":"ImageObject","inLanguage":"en-US","@id":"https:\/\/www.lesacduberger.com\/#\/schema\/logo\/image\/","url":"https:\/\/www.lesacduberger.com\/wp-content\/uploads\/2020\/09\/Logo-Sac-du-Berger-blanc-OK.png","contentUrl":"https:\/\/www.lesacduberger.com\/wp-content\/uploads\/2020\/09\/Logo-Sac-du-Berger-blanc-OK.png","width":2093,"height":510,"caption":"Le Sac du Berger"},"image":{"@id":"https:\/\/www.lesacduberger.com\/#\/schema\/logo\/image\/"},"sameAs":["https:\/\/www.facebook.com\/lesacduberger","https:\/\/www.instagram.com\/lesacduberger\/?hl=fr"]}]}},"_links":{"self":[{"href":"https:\/\/www.lesacduberger.com\/en\/wp-json\/wp\/v2\/product\/22085","targetHints":{"allow":["GET"]}}],"collection":[{"href":"https:\/\/www.lesacduberger.com\/en\/wp-json\/wp\/v2\/product"}],"about":[{"href":"https:\/\/www.lesacduberger.com\/en\/wp-json\/wp\/v2\/types\/product"}],"wp:featuredmedia":[{"embeddable":true,"href":"https:\/\/www.lesacduberger.com\/en\/wp-json\/wp\/v2\/media\/22078"}],"wp:attachment":[{"href":"https:\/\/www.lesacduberger.com\/en\/wp-json\/wp\/v2\/media?parent=22085"}],"wp:term":[{"taxonomy":"product_brand","embeddable":true,"href":"https:\/\/www.lesacduberger.com\/en\/wp-json\/wp\/v2\/product_brand?post=22085"},{"taxonomy":"product_cat","embeddable":true,"href":"https:\/\/www.lesacduberger.com\/en\/wp-json\/wp\/v2\/product_cat?post=22085"},{"taxonomy":"product_tag","embeddable":true,"href":"https:\/\/www.lesacduberger.com\/en\/wp-json\/wp\/v2\/product_tag?post=22085"},{"taxonomy":"giftcard-category","embeddable":true,"href":"https:\/\/www.lesacduberger.com\/en\/wp-json\/wp\/v2\/giftcard-category?post=22085"}],"curies":[{"name":"wp","href":"https:\/\/api.w.org\/{rel}","templated":true}]}}