{"id":22113,"date":"2015-04-19T18:35:27","date_gmt":"2015-04-19T16:35:27","guid":{"rendered":"https:\/\/www.lesacduberger.com\/produit\/chaussons-laurent\/"},"modified":"2026-05-09T15:47:32","modified_gmt":"2026-05-09T13:47:32","slug":"chaussons-laurent","status":"publish","type":"product","link":"https:\/\/www.lesacduberger.com\/en\/product\/chaussons-laurent\/","title":{"rendered":"Laurent slippers"},"content":{"rendered":"<h2>Unisex sheepskin slippers<\/h2>\n<p>Our Laurent Slippers are <strong>French sheepskin slippers<\/strong>. They keep feet warm. The advantages of our <strong>slippers<\/strong> made in France :<\/p>\n<ul>\n<li>Genuine cowhide leather strip between sole and hide<\/li>\n<li>Soft, non-slip sole<\/li>\n<\/ul>\n<p>We recommend that you choose a larger size than the one you usually wear, as the <strong>sheepskin<\/strong> is thick.<\/p>\n<p>The various stages of production, from the origin of the skins to the tanning and finishing of the finished object, are carried out within a 120-kilometer radius of the Layrolle workshop.<\/p>\n<p>All our products are designed to be durable and repairable.<\/p>","protected":false},"excerpt":{"rendered":"<p>Chaussons unisexes en peau de mouton Nos Chaussons Laurent sont des chaussons en peau de mouton fabrication fran\u00e7aise. Ils permettent de maintenir les pieds bien au chaud. Les atouts de nos chaussons fabriqu\u00e9s en France : Bande de cuir vachette v\u00e9ritable entre la semelle et la peau Semelle souple et antid\u00e9rapante Nous vous conseillons de [&hellip;]<\/p>\n","protected":false},"featured_media":45810,"template":"","meta":[],"product_brand":[],"product_cat":[1542],"product_tag":[],"giftcard-category":[],"class_list":{"0":"post-22113","1":"product","2":"type-product","3":"status-publish","4":"has-post-thumbnail","6":"product_cat-les-chaussons","7":"pa_pointure-18-19","8":"pa_pointure-20-21","9":"pa_pointure-22-23","10":"pa_pointure-24-25","11":"pa_pointure-26-27","12":"pa_pointure-28-29","13":"pa_pointure-30-31","14":"pa_pointure-32-33","15":"pa_pointure-34-35","16":"pa_pointure-1582","17":"pa_pointure-1583","18":"pa_pointure-1584","19":"pa_pointure-1585","20":"pa_pointure-1586","21":"pa_pointure-1587","22":"pa_pointure-1588","23":"pa_pointure-1589","24":"pa_pointure-1590","25":"pa_pointure-1591","26":"pa_pointure-1592","27":"pa_pointure-1593","28":"pa_pointure-1594","29":"pa_pointure-1595","30":"pa_pointure-1596","31":"pa_pointure-1597","32":"pa_pointure-1598","33":"pa_pointure-1599","34":"pa_pointure-1600","35":"pa_pointure-1601","36":"pa_pointure-1602","37":"pa_pointure-1603","38":"pa_pointure-1604","39":"pa_pointure-1605","40":"pa_pointure-1606","41":"pa_pointure-1607","42":"pa_pointure-1608","43":"pa_pointure-1609","44":"pa_pointure-1610","45":"pa_pointure-1611","46":"pa_pointure-1612","47":"pa_pointure-1613","48":"pa_pointure-21_22","49":"pa_pointure-23_24","50":"pa_pointure-25_26","51":"pa_pointure-27_28","52":"pa_pointure-29_30","53":"pa_pointure-31_32","54":"pa_pointure-33_34","55":"pa_pointure-35_36","56":"pa_pointure-37_38","57":"pa_pointure-39_40","58":"pa_pointure-41_42","59":"pa_pointure-43_44","60":"pa_pointure-45_46","61":"pa_pointure-47_48","63":"first","64":"instock","65":"taxable","66":"shipping-taxable","67":"purchasable","68":"product-type-variable","69":"has-default-attributes"},"yoast_head":"<!-- This site is optimized with the Yoast SEO plugin v27.1.1 - https:\/\/yoast.com\/product\/yoast-seo-wordpress\/ -->\n<title>Chaussons peau de mouton fabrication fran\u00e7aise - Made in France<\/title>\n<meta name=\"description\" content=\"Pantoufles douces et chaudes fabriqu\u00e9es dans notre atelier de Layrolle en peau lain\u00e9e - peau double face de mouton, issue de tanneries locales.\" \/>\n<meta name=\"robots\" content=\"index, follow, max-snippet:-1, max-image-preview:large, max-video-preview:-1\" \/>\n<link rel=\"canonical\" href=\"https:\/\/www.lesacduberger.com\/en\/product\/chaussons-laurent\/\" \/>\n<meta property=\"og:locale\" content=\"en_US\" \/>\n<meta property=\"og:title\" content=\"Chaussons peau de mouton fabrication fran\u00e7aise - Made in France\" \/>\n<meta property=\"og:description\" content=\"Pantoufles douces et chaudes fabriqu\u00e9es dans notre atelier de Layrolle en peau lain\u00e9e - peau double face de mouton, issue de tanneries locales.\" \/>\n<meta property=\"og:url\" content=\"https:\/\/www.lesacduberger.com\/en\/product\/chaussons-laurent\/\" \/>\n<meta property=\"og:site_name\" content=\"Le Sac du Berger\" \/>\n<meta property=\"article:publisher\" content=\"https:\/\/www.facebook.com\/lesacduberger\" \/>\n<meta property=\"article:modified_time\" content=\"2026-05-09T13:47:32+00:00\" \/>\n<meta property=\"og:image\" content=\"https:\/\/www.lesacduberger.com\/wp-content\/uploads\/2015\/04\/IMG_4300-1.jpg\" \/>\n\t<meta property=\"og:image:width\" content=\"684\" \/>\n\t<meta property=\"og:image:height\" content=\"1024\" \/>\n\t<meta property=\"og:image:type\" content=\"image\/jpeg\" \/>\n<meta name=\"twitter:card\" content=\"summary_large_image\" \/>\n<script type=\"application\/ld+json\" class=\"yoast-schema-graph\">{\"@context\":\"https:\/\/schema.org\",\"@graph\":[{\"@type\":\"WebPage\",\"@id\":\"https:\/\/www.lesacduberger.com\/produit\/chaussons-laurent\/\",\"url\":\"https:\/\/www.lesacduberger.com\/produit\/chaussons-laurent\/\",\"name\":\"Chaussons peau de mouton fabrication fran\u00e7aise - Made in France\",\"isPartOf\":{\"@id\":\"https:\/\/www.lesacduberger.com\/#website\"},\"primaryImageOfPage\":{\"@id\":\"https:\/\/www.lesacduberger.com\/produit\/chaussons-laurent\/#primaryimage\"},\"image\":{\"@id\":\"https:\/\/www.lesacduberger.com\/produit\/chaussons-laurent\/#primaryimage\"},\"thumbnailUrl\":\"https:\/\/www.lesacduberger.com\/wp-content\/uploads\/2015\/04\/IMG_4300-1.jpg\",\"datePublished\":\"2015-04-19T16:35:27+00:00\",\"dateModified\":\"2026-05-09T13:47:32+00:00\",\"description\":\"Pantoufles douces et chaudes fabriqu\u00e9es dans notre atelier de Layrolle en peau lain\u00e9e - peau double face de mouton, issue de tanneries locales.\",\"breadcrumb\":{\"@id\":\"https:\/\/www.lesacduberger.com\/produit\/chaussons-laurent\/#breadcrumb\"},\"inLanguage\":\"en-US\",\"potentialAction\":[{\"@type\":\"ReadAction\",\"target\":[\"https:\/\/www.lesacduberger.com\/produit\/chaussons-laurent\/\"]}]},{\"@type\":\"ImageObject\",\"inLanguage\":\"en-US\",\"@id\":\"https:\/\/www.lesacduberger.com\/produit\/chaussons-laurent\/#primaryimage\",\"url\":\"https:\/\/www.lesacduberger.com\/wp-content\/uploads\/2015\/04\/IMG_4300-1.jpg\",\"contentUrl\":\"https:\/\/www.lesacduberger.com\/wp-content\/uploads\/2015\/04\/IMG_4300-1.jpg\",\"width\":684,\"height\":1024},{\"@type\":\"BreadcrumbList\",\"@id\":\"https:\/\/www.lesacduberger.com\/produit\/chaussons-laurent\/#breadcrumb\",\"itemListElement\":[{\"@type\":\"ListItem\",\"position\":1,\"name\":\"Accueil\",\"item\":\"https:\/\/www.lesacduberger.com\/\"},{\"@type\":\"ListItem\",\"position\":2,\"name\":\"Boutique\",\"item\":\"https:\/\/www.lesacduberger.com\/boutique\/\"},{\"@type\":\"ListItem\",\"position\":3,\"name\":\"Chaussons Laurent\"}]},{\"@type\":\"WebSite\",\"@id\":\"https:\/\/www.lesacduberger.com\/#website\",\"url\":\"https:\/\/www.lesacduberger.com\/\",\"name\":\"Le Sac du Berger\",\"description\":\"\",\"publisher\":{\"@id\":\"https:\/\/www.lesacduberger.com\/#organization\"},\"potentialAction\":[{\"@type\":\"SearchAction\",\"target\":{\"@type\":\"EntryPoint\",\"urlTemplate\":\"https:\/\/www.lesacduberger.com\/?s={search_term_string}\"},\"query-input\":{\"@type\":\"PropertyValueSpecification\",\"valueRequired\":true,\"valueName\":\"search_term_string\"}}],\"inLanguage\":\"en-US\"},{\"@type\":\"Organization\",\"@id\":\"https:\/\/www.lesacduberger.com\/#organization\",\"name\":\"Le Sac du Berger\",\"url\":\"https:\/\/www.lesacduberger.com\/\",\"logo\":{\"@type\":\"ImageObject\",\"inLanguage\":\"en-US\",\"@id\":\"https:\/\/www.lesacduberger.com\/#\/schema\/logo\/image\/\",\"url\":\"https:\/\/www.lesacduberger.com\/wp-content\/uploads\/2020\/09\/Logo-Sac-du-Berger-blanc-OK.png\",\"contentUrl\":\"https:\/\/www.lesacduberger.com\/wp-content\/uploads\/2020\/09\/Logo-Sac-du-Berger-blanc-OK.png\",\"width\":2093,\"height\":510,\"caption\":\"Le Sac du Berger\"},\"image\":{\"@id\":\"https:\/\/www.lesacduberger.com\/#\/schema\/logo\/image\/\"},\"sameAs\":[\"https:\/\/www.facebook.com\/lesacduberger\",\"https:\/\/www.instagram.com\/lesacduberger\/?hl=fr\"]}]}<\/script>\n<!-- \/ Yoast SEO plugin. -->","yoast_head_json":{"title":"French sheepskin slippers - Made in France","description":"Soft, warm slippers made in our Layrolle workshop from double-sided sheepskin from local tanneries.","robots":{"index":"index","follow":"follow","max-snippet":"max-snippet:-1","max-image-preview":"max-image-preview:large","max-video-preview":"max-video-preview:-1"},"canonical":"https:\/\/www.lesacduberger.com\/en\/product\/chaussons-laurent\/","og_locale":"en_US","og_title":"Chaussons peau de mouton fabrication fran\u00e7aise - Made in France","og_description":"Pantoufles douces et chaudes fabriqu\u00e9es dans notre atelier de Layrolle en peau lain\u00e9e - peau double face de mouton, issue de tanneries locales.","og_url":"https:\/\/www.lesacduberger.com\/en\/product\/chaussons-laurent\/","og_site_name":"Le Sac du Berger","article_publisher":"https:\/\/www.facebook.com\/lesacduberger","article_modified_time":"2026-05-09T13:47:32+00:00","og_image":[{"width":684,"height":1024,"url":"https:\/\/www.lesacduberger.com\/wp-content\/uploads\/2015\/04\/IMG_4300-1.jpg","type":"image\/jpeg"}],"twitter_card":"summary_large_image","schema":{"@context":"https:\/\/schema.org","@graph":[{"@type":"WebPage","@id":"https:\/\/www.lesacduberger.com\/produit\/chaussons-laurent\/","url":"https:\/\/www.lesacduberger.com\/produit\/chaussons-laurent\/","name":"French sheepskin slippers - Made in France","isPartOf":{"@id":"https:\/\/www.lesacduberger.com\/#website"},"primaryImageOfPage":{"@id":"https:\/\/www.lesacduberger.com\/produit\/chaussons-laurent\/#primaryimage"},"image":{"@id":"https:\/\/www.lesacduberger.com\/produit\/chaussons-laurent\/#primaryimage"},"thumbnailUrl":"https:\/\/www.lesacduberger.com\/wp-content\/uploads\/2015\/04\/IMG_4300-1.jpg","datePublished":"2015-04-19T16:35:27+00:00","dateModified":"2026-05-09T13:47:32+00:00","description":"Soft, warm slippers made in our Layrolle workshop from double-sided sheepskin from local tanneries.","breadcrumb":{"@id":"https:\/\/www.lesacduberger.com\/produit\/chaussons-laurent\/#breadcrumb"},"inLanguage":"en-US","potentialAction":[{"@type":"ReadAction","target":["https:\/\/www.lesacduberger.com\/produit\/chaussons-laurent\/"]}]},{"@type":"ImageObject","inLanguage":"en-US","@id":"https:\/\/www.lesacduberger.com\/produit\/chaussons-laurent\/#primaryimage","url":"https:\/\/www.lesacduberger.com\/wp-content\/uploads\/2015\/04\/IMG_4300-1.jpg","contentUrl":"https:\/\/www.lesacduberger.com\/wp-content\/uploads\/2015\/04\/IMG_4300-1.jpg","width":684,"height":1024},{"@type":"BreadcrumbList","@id":"https:\/\/www.lesacduberger.com\/produit\/chaussons-laurent\/#breadcrumb","itemListElement":[{"@type":"ListItem","position":1,"name":"Accueil","item":"https:\/\/www.lesacduberger.com\/"},{"@type":"ListItem","position":2,"name":"Boutique","item":"https:\/\/www.lesacduberger.com\/boutique\/"},{"@type":"ListItem","position":3,"name":"Chaussons Laurent"}]},{"@type":"WebSite","@id":"https:\/\/www.lesacduberger.com\/#website","url":"https:\/\/www.lesacduberger.com\/","name":"Le Sac du Berger","description":"","publisher":{"@id":"https:\/\/www.lesacduberger.com\/#organization"},"potentialAction":[{"@type":"SearchAction","target":{"@type":"EntryPoint","urlTemplate":"https:\/\/www.lesacduberger.com\/?s={search_term_string}"},"query-input":{"@type":"PropertyValueSpecification","valueRequired":true,"valueName":"search_term_string"}}],"inLanguage":"en-US"},{"@type":"Organization","@id":"https:\/\/www.lesacduberger.com\/#organization","name":"Le Sac du Berger","url":"https:\/\/www.lesacduberger.com\/","logo":{"@type":"ImageObject","inLanguage":"en-US","@id":"https:\/\/www.lesacduberger.com\/#\/schema\/logo\/image\/","url":"https:\/\/www.lesacduberger.com\/wp-content\/uploads\/2020\/09\/Logo-Sac-du-Berger-blanc-OK.png","contentUrl":"https:\/\/www.lesacduberger.com\/wp-content\/uploads\/2020\/09\/Logo-Sac-du-Berger-blanc-OK.png","width":2093,"height":510,"caption":"Le Sac du Berger"},"image":{"@id":"https:\/\/www.lesacduberger.com\/#\/schema\/logo\/image\/"},"sameAs":["https:\/\/www.facebook.com\/lesacduberger","https:\/\/www.instagram.com\/lesacduberger\/?hl=fr"]}]}},"_links":{"self":[{"href":"https:\/\/www.lesacduberger.com\/en\/wp-json\/wp\/v2\/product\/22113","targetHints":{"allow":["GET"]}}],"collection":[{"href":"https:\/\/www.lesacduberger.com\/en\/wp-json\/wp\/v2\/product"}],"about":[{"href":"https:\/\/www.lesacduberger.com\/en\/wp-json\/wp\/v2\/types\/product"}],"wp:featuredmedia":[{"embeddable":true,"href":"https:\/\/www.lesacduberger.com\/en\/wp-json\/wp\/v2\/media\/45810"}],"wp:attachment":[{"href":"https:\/\/www.lesacduberger.com\/en\/wp-json\/wp\/v2\/media?parent=22113"}],"wp:term":[{"taxonomy":"product_brand","embeddable":true,"href":"https:\/\/www.lesacduberger.com\/en\/wp-json\/wp\/v2\/product_brand?post=22113"},{"taxonomy":"product_cat","embeddable":true,"href":"https:\/\/www.lesacduberger.com\/en\/wp-json\/wp\/v2\/product_cat?post=22113"},{"taxonomy":"product_tag","embeddable":true,"href":"https:\/\/www.lesacduberger.com\/en\/wp-json\/wp\/v2\/product_tag?post=22113"},{"taxonomy":"giftcard-category","embeddable":true,"href":"https:\/\/www.lesacduberger.com\/en\/wp-json\/wp\/v2\/giftcard-category?post=22113"}],"curies":[{"name":"wp","href":"https:\/\/api.w.org\/{rel}","templated":true}]}}