{"id":22171,"date":"2015-04-19T18:46:47","date_gmt":"2015-04-19T16:46:47","guid":{"rendered":"https:\/\/www.lesacduberger.com\/produit\/graisse-panda\/"},"modified":"2026-04-28T08:19:31","modified_gmt":"2026-04-28T06:19:31","slug":"panda-fat","status":"publish","type":"product","link":"https:\/\/www.lesacduberger.com\/en\/product\/panda-fat\/","title":{"rendered":"Panda grease"},"content":{"rendered":"<h2>Leather grease<\/h2>\n<p>Panda Grease is either colorless or black-tinted. It is used for annual maintenance of smooth, greasy leathers (bags, shoes, jackets, saddles, etc.). Black-tinted grease also revives the black color of the object.<\/p>\n<ul>\n<li>Composed of mineral and vegetable oils and waxes, tallow and genuine beef foot oil.<\/li>\n<li>Guaranteed solvent- and chemical-free<\/li>\n<li>Made in France using traditional methods<\/li>\n<\/ul>\n<p>Instructions for use:<\/p>\n<ul>\n<li>Apply with a dry cloth<\/li>\n<li>Rub in with circular movements to penetrate the skin.<\/li>\n<\/ul>\n<p>Do not use on nubuck, suede or velvet leathers.<\/p>","protected":false},"excerpt":{"rendered":"<p>Graisse pour cuir La Graisse Panda est soit incolore, soit teint\u00e9e noire. Elle s&rsquo;utilise pour l&rsquo;entretien annuel des cuirs lisses et gras (sacs, chaussures, vestes, selles \u2026). La graisse teint\u00e9e noire permet \u00e9galement de raviver la couleur noire de l&rsquo;objet. Compos\u00e9e d&rsquo;huiles et de cires min\u00e9rales et v\u00e9g\u00e9tales, de suif et d&rsquo;huile de pied de [&hellip;]<\/p>\n","protected":false},"featured_media":46162,"template":"","meta":[],"product_brand":[],"product_cat":[1529],"product_tag":[],"giftcard-category":[],"class_list":{"0":"post-22171","1":"product","2":"type-product","3":"status-publish","4":"has-post-thumbnail","6":"product_cat-entretien","7":"pa_couleur-incolore","8":"pa_couleur-noir","9":"pa_quantite-100ml","10":"pa_quantite-250ml","11":"pa_quantite-500ml","13":"first","14":"instock","15":"taxable","16":"shipping-taxable","17":"purchasable","18":"product-type-variable","19":"has-default-attributes"},"yoast_head":"<!-- This site is optimized with the Yoast SEO plugin v27.1.1 - https:\/\/yoast.com\/product\/yoast-seo-wordpress\/ -->\n<title>Graisse panda entretien cuir - Fabrication fran\u00e7aise traditionnelle<\/title>\n<meta name=\"description\" content=\"D\u00e9couvrez la Graisse Panda, id\u00e9ale pour l&#039;entretien annuel de vos produits en cuir sur le site le Sac du Berger, sp\u00e9cialiste des produits artisanaux en cuir.\" \/>\n<meta name=\"robots\" content=\"index, follow, max-snippet:-1, max-image-preview:large, max-video-preview:-1\" \/>\n<link rel=\"canonical\" href=\"https:\/\/www.lesacduberger.com\/en\/product\/panda-fat\/\" \/>\n<meta property=\"og:locale\" content=\"en_US\" \/>\n<meta property=\"og:title\" content=\"Graisse panda entretien cuir - Fabrication fran\u00e7aise traditionnelle\" \/>\n<meta property=\"og:description\" content=\"D\u00e9couvrez la Graisse Panda, id\u00e9ale pour l&#039;entretien annuel de vos produits en cuir sur le site le Sac du Berger, sp\u00e9cialiste des produits artisanaux en cuir.\" \/>\n<meta property=\"og:url\" content=\"https:\/\/www.lesacduberger.com\/en\/product\/panda-fat\/\" \/>\n<meta property=\"og:site_name\" content=\"Le Sac du Berger\" \/>\n<meta property=\"article:publisher\" content=\"https:\/\/www.facebook.com\/lesacduberger\" \/>\n<meta property=\"article:modified_time\" content=\"2026-04-28T06:19:31+00:00\" \/>\n<meta property=\"og:image\" content=\"https:\/\/www.lesacduberger.com\/wp-content\/uploads\/2015\/04\/graisse-panda.png\" \/>\n\t<meta property=\"og:image:width\" content=\"683\" \/>\n\t<meta property=\"og:image:height\" content=\"1024\" \/>\n\t<meta property=\"og:image:type\" content=\"image\/png\" \/>\n<meta name=\"twitter:card\" content=\"summary_large_image\" \/>\n<script type=\"application\/ld+json\" class=\"yoast-schema-graph\">{\"@context\":\"https:\/\/schema.org\",\"@graph\":[{\"@type\":\"WebPage\",\"@id\":\"https:\/\/www.lesacduberger.com\/produit\/graisse-panda\/\",\"url\":\"https:\/\/www.lesacduberger.com\/produit\/graisse-panda\/\",\"name\":\"Graisse panda entretien cuir - Fabrication fran\u00e7aise traditionnelle\",\"isPartOf\":{\"@id\":\"https:\/\/www.lesacduberger.com\/#website\"},\"primaryImageOfPage\":{\"@id\":\"https:\/\/www.lesacduberger.com\/produit\/graisse-panda\/#primaryimage\"},\"image\":{\"@id\":\"https:\/\/www.lesacduberger.com\/produit\/graisse-panda\/#primaryimage\"},\"thumbnailUrl\":\"https:\/\/www.lesacduberger.com\/wp-content\/uploads\/2015\/04\/graisse-panda.png\",\"datePublished\":\"2015-04-19T16:46:47+00:00\",\"dateModified\":\"2026-04-28T06:19:31+00:00\",\"description\":\"D\u00e9couvrez la Graisse Panda, id\u00e9ale pour l'entretien annuel de vos produits en cuir sur le site le Sac du Berger, sp\u00e9cialiste des produits artisanaux en cuir.\",\"breadcrumb\":{\"@id\":\"https:\/\/www.lesacduberger.com\/produit\/graisse-panda\/#breadcrumb\"},\"inLanguage\":\"en-US\",\"potentialAction\":[{\"@type\":\"ReadAction\",\"target\":[\"https:\/\/www.lesacduberger.com\/produit\/graisse-panda\/\"]}]},{\"@type\":\"ImageObject\",\"inLanguage\":\"en-US\",\"@id\":\"https:\/\/www.lesacduberger.com\/produit\/graisse-panda\/#primaryimage\",\"url\":\"https:\/\/www.lesacduberger.com\/wp-content\/uploads\/2015\/04\/graisse-panda.png\",\"contentUrl\":\"https:\/\/www.lesacduberger.com\/wp-content\/uploads\/2015\/04\/graisse-panda.png\",\"width\":683,\"height\":1024},{\"@type\":\"BreadcrumbList\",\"@id\":\"https:\/\/www.lesacduberger.com\/produit\/graisse-panda\/#breadcrumb\",\"itemListElement\":[{\"@type\":\"ListItem\",\"position\":1,\"name\":\"Accueil\",\"item\":\"https:\/\/www.lesacduberger.com\/\"},{\"@type\":\"ListItem\",\"position\":2,\"name\":\"Boutique\",\"item\":\"https:\/\/www.lesacduberger.com\/boutique\/\"},{\"@type\":\"ListItem\",\"position\":3,\"name\":\"Graisse Panda\"}]},{\"@type\":\"WebSite\",\"@id\":\"https:\/\/www.lesacduberger.com\/#website\",\"url\":\"https:\/\/www.lesacduberger.com\/\",\"name\":\"Le Sac du Berger\",\"description\":\"\",\"publisher\":{\"@id\":\"https:\/\/www.lesacduberger.com\/#organization\"},\"potentialAction\":[{\"@type\":\"SearchAction\",\"target\":{\"@type\":\"EntryPoint\",\"urlTemplate\":\"https:\/\/www.lesacduberger.com\/?s={search_term_string}\"},\"query-input\":{\"@type\":\"PropertyValueSpecification\",\"valueRequired\":true,\"valueName\":\"search_term_string\"}}],\"inLanguage\":\"en-US\"},{\"@type\":\"Organization\",\"@id\":\"https:\/\/www.lesacduberger.com\/#organization\",\"name\":\"Le Sac du Berger\",\"url\":\"https:\/\/www.lesacduberger.com\/\",\"logo\":{\"@type\":\"ImageObject\",\"inLanguage\":\"en-US\",\"@id\":\"https:\/\/www.lesacduberger.com\/#\/schema\/logo\/image\/\",\"url\":\"https:\/\/www.lesacduberger.com\/wp-content\/uploads\/2020\/09\/Logo-Sac-du-Berger-blanc-OK.png\",\"contentUrl\":\"https:\/\/www.lesacduberger.com\/wp-content\/uploads\/2020\/09\/Logo-Sac-du-Berger-blanc-OK.png\",\"width\":2093,\"height\":510,\"caption\":\"Le Sac du Berger\"},\"image\":{\"@id\":\"https:\/\/www.lesacduberger.com\/#\/schema\/logo\/image\/\"},\"sameAs\":[\"https:\/\/www.facebook.com\/lesacduberger\",\"https:\/\/www.instagram.com\/lesacduberger\/?hl=fr\"]}]}<\/script>\n<!-- \/ Yoast SEO plugin. -->","yoast_head_json":{"title":"Panda leather care grease - Traditional French manufacture","description":"Discover Panda Grease, ideal for the annual maintenance of your leather products on the Sac du Berger website, specialist in handcrafted leather products.","robots":{"index":"index","follow":"follow","max-snippet":"max-snippet:-1","max-image-preview":"max-image-preview:large","max-video-preview":"max-video-preview:-1"},"canonical":"https:\/\/www.lesacduberger.com\/en\/product\/panda-fat\/","og_locale":"en_US","og_title":"Graisse panda entretien cuir - Fabrication fran\u00e7aise traditionnelle","og_description":"D\u00e9couvrez la Graisse Panda, id\u00e9ale pour l'entretien annuel de vos produits en cuir sur le site le Sac du Berger, sp\u00e9cialiste des produits artisanaux en cuir.","og_url":"https:\/\/www.lesacduberger.com\/en\/product\/panda-fat\/","og_site_name":"Le Sac du Berger","article_publisher":"https:\/\/www.facebook.com\/lesacduberger","article_modified_time":"2026-04-28T06:19:31+00:00","og_image":[{"width":683,"height":1024,"url":"https:\/\/www.lesacduberger.com\/wp-content\/uploads\/2015\/04\/graisse-panda.png","type":"image\/png"}],"twitter_card":"summary_large_image","schema":{"@context":"https:\/\/schema.org","@graph":[{"@type":"WebPage","@id":"https:\/\/www.lesacduberger.com\/produit\/graisse-panda\/","url":"https:\/\/www.lesacduberger.com\/produit\/graisse-panda\/","name":"Panda leather care grease - Traditional French manufacture","isPartOf":{"@id":"https:\/\/www.lesacduberger.com\/#website"},"primaryImageOfPage":{"@id":"https:\/\/www.lesacduberger.com\/produit\/graisse-panda\/#primaryimage"},"image":{"@id":"https:\/\/www.lesacduberger.com\/produit\/graisse-panda\/#primaryimage"},"thumbnailUrl":"https:\/\/www.lesacduberger.com\/wp-content\/uploads\/2015\/04\/graisse-panda.png","datePublished":"2015-04-19T16:46:47+00:00","dateModified":"2026-04-28T06:19:31+00:00","description":"Discover Panda Grease, ideal for the annual maintenance of your leather products on the Sac du Berger website, specialist in handcrafted leather products.","breadcrumb":{"@id":"https:\/\/www.lesacduberger.com\/produit\/graisse-panda\/#breadcrumb"},"inLanguage":"en-US","potentialAction":[{"@type":"ReadAction","target":["https:\/\/www.lesacduberger.com\/produit\/graisse-panda\/"]}]},{"@type":"ImageObject","inLanguage":"en-US","@id":"https:\/\/www.lesacduberger.com\/produit\/graisse-panda\/#primaryimage","url":"https:\/\/www.lesacduberger.com\/wp-content\/uploads\/2015\/04\/graisse-panda.png","contentUrl":"https:\/\/www.lesacduberger.com\/wp-content\/uploads\/2015\/04\/graisse-panda.png","width":683,"height":1024},{"@type":"BreadcrumbList","@id":"https:\/\/www.lesacduberger.com\/produit\/graisse-panda\/#breadcrumb","itemListElement":[{"@type":"ListItem","position":1,"name":"Accueil","item":"https:\/\/www.lesacduberger.com\/"},{"@type":"ListItem","position":2,"name":"Boutique","item":"https:\/\/www.lesacduberger.com\/boutique\/"},{"@type":"ListItem","position":3,"name":"Graisse Panda"}]},{"@type":"WebSite","@id":"https:\/\/www.lesacduberger.com\/#website","url":"https:\/\/www.lesacduberger.com\/","name":"Le Sac du Berger","description":"","publisher":{"@id":"https:\/\/www.lesacduberger.com\/#organization"},"potentialAction":[{"@type":"SearchAction","target":{"@type":"EntryPoint","urlTemplate":"https:\/\/www.lesacduberger.com\/?s={search_term_string}"},"query-input":{"@type":"PropertyValueSpecification","valueRequired":true,"valueName":"search_term_string"}}],"inLanguage":"en-US"},{"@type":"Organization","@id":"https:\/\/www.lesacduberger.com\/#organization","name":"Le Sac du Berger","url":"https:\/\/www.lesacduberger.com\/","logo":{"@type":"ImageObject","inLanguage":"en-US","@id":"https:\/\/www.lesacduberger.com\/#\/schema\/logo\/image\/","url":"https:\/\/www.lesacduberger.com\/wp-content\/uploads\/2020\/09\/Logo-Sac-du-Berger-blanc-OK.png","contentUrl":"https:\/\/www.lesacduberger.com\/wp-content\/uploads\/2020\/09\/Logo-Sac-du-Berger-blanc-OK.png","width":2093,"height":510,"caption":"Le Sac du Berger"},"image":{"@id":"https:\/\/www.lesacduberger.com\/#\/schema\/logo\/image\/"},"sameAs":["https:\/\/www.facebook.com\/lesacduberger","https:\/\/www.instagram.com\/lesacduberger\/?hl=fr"]}]}},"_links":{"self":[{"href":"https:\/\/www.lesacduberger.com\/en\/wp-json\/wp\/v2\/product\/22171","targetHints":{"allow":["GET"]}}],"collection":[{"href":"https:\/\/www.lesacduberger.com\/en\/wp-json\/wp\/v2\/product"}],"about":[{"href":"https:\/\/www.lesacduberger.com\/en\/wp-json\/wp\/v2\/types\/product"}],"wp:featuredmedia":[{"embeddable":true,"href":"https:\/\/www.lesacduberger.com\/en\/wp-json\/wp\/v2\/media\/46162"}],"wp:attachment":[{"href":"https:\/\/www.lesacduberger.com\/en\/wp-json\/wp\/v2\/media?parent=22171"}],"wp:term":[{"taxonomy":"product_brand","embeddable":true,"href":"https:\/\/www.lesacduberger.com\/en\/wp-json\/wp\/v2\/product_brand?post=22171"},{"taxonomy":"product_cat","embeddable":true,"href":"https:\/\/www.lesacduberger.com\/en\/wp-json\/wp\/v2\/product_cat?post=22171"},{"taxonomy":"product_tag","embeddable":true,"href":"https:\/\/www.lesacduberger.com\/en\/wp-json\/wp\/v2\/product_tag?post=22171"},{"taxonomy":"giftcard-category","embeddable":true,"href":"https:\/\/www.lesacduberger.com\/en\/wp-json\/wp\/v2\/giftcard-category?post=22171"}],"curies":[{"name":"wp","href":"https:\/\/api.w.org\/{rel}","templated":true}]}}