{"id":22178,"date":"2015-04-19T18:50:38","date_gmt":"2015-04-19T16:50:38","guid":{"rendered":"https:\/\/www.lesacduberger.com\/produit\/creme-universelle-saphir\/"},"modified":"2026-04-06T14:07:29","modified_gmt":"2026-04-06T12:07:29","slug":"creme-universelle-saphir","status":"publish","type":"product","link":"https:\/\/www.lesacduberger.com\/en\/product\/creme-universelle-saphir\/","title":{"rendered":"Cr\u00e8me Universelle Saphir"},"content":{"rendered":"<h2>Cr\u00e8me Universelle Saphir: Cleansing and nourishing milk for leather<\/h2>\n<p>Visit <strong>Cr\u00e8me Universelle Saphir<\/strong> fluid will easily clean, lightly nourish and protect your smooth and oily leathers. Apply with a dry cloth, rubbing well to penetrate your leather. Our universal sapphire cream has many features:<\/p>\n<ul>\n<li>Shines leather and penetrates quickly<\/li>\n<li>Useful for accelerating the patina of your leathers<\/li>\n<li>Formulated with beeswax<\/li>\n<li>Made in France using traditional methods<\/li>\n<\/ul>\n<h2>Cr\u00e8me Universelle Saphir: the ideal care for your leather<\/h2>\n<p>Cr\u00e8me universelle saphir is a colorless shoe polish for all types of leather (smooth, patent or reptile). You can use Saphir Universal Cream on luggage, leather goods and shoes. It cleans, nourishes and protects without damaging the leather. However, be sure to follow the instructions for use for optimum effect on leather.<\/p>","protected":false},"excerpt":{"rendered":"<p>Cr\u00e8me Universelle Saphir : Lait nettoyant et nourrissant pour cuir La Cr\u00e8me Universelle Saphir fluide vous servira \u00e0 nettoyer facilement, nourrir l\u00e9g\u00e8rement et prot\u00e9ger vos cuirs lisses et gras. Il faut absolument l&rsquo;appliquer avec un chiffon et sec et bien frotter pour faire p\u00e9n\u00e9trer la cr\u00e8me universelle saphir sur votre cuir. Notre cr\u00e8me universelle saphir [&hellip;]<\/p>\n","protected":false},"featured_media":97,"template":"","meta":[],"product_brand":[],"product_cat":[1529],"product_tag":[],"giftcard-category":[],"class_list":{"0":"post-22178","1":"product","2":"type-product","3":"status-publish","4":"has-post-thumbnail","6":"product_cat-entretien","8":"first","9":"instock","10":"taxable","11":"shipping-taxable","12":"purchasable","13":"product-type-simple"},"yoast_head":"<!-- This site is optimized with the Yoast SEO plugin v27.1.1 - https:\/\/yoast.com\/product\/yoast-seo-wordpress\/ -->\n<title>Cr\u00e8me Universelle Saphir - Lait nourrissant et nettoyant pour le cuir<\/title>\n<meta name=\"description\" content=\"La cr\u00e8me universelle Saphir est parfaite pour faire briller et prot\u00e9ger vos cuirs, mais \u00e9galement pour acc\u00e9l\u00e9rer le ph\u00e9nom\u00e8ne de patine. Made In France\" \/>\n<meta name=\"robots\" content=\"index, follow, max-snippet:-1, max-image-preview:large, max-video-preview:-1\" \/>\n<link rel=\"canonical\" href=\"https:\/\/www.lesacduberger.com\/en\/product\/creme-universelle-saphir\/\" \/>\n<meta property=\"og:locale\" content=\"en_US\" \/>\n<meta property=\"og:title\" content=\"Cr\u00e8me Universelle Saphir - Lait nourrissant et nettoyant pour le cuir\" \/>\n<meta property=\"og:description\" content=\"La cr\u00e8me universelle Saphir est parfaite pour faire briller et prot\u00e9ger vos cuirs, mais \u00e9galement pour acc\u00e9l\u00e9rer le ph\u00e9nom\u00e8ne de patine. Made In France\" \/>\n<meta property=\"og:url\" content=\"https:\/\/www.lesacduberger.com\/en\/product\/creme-universelle-saphir\/\" \/>\n<meta property=\"og:site_name\" content=\"Le Sac du Berger\" \/>\n<meta property=\"article:publisher\" content=\"https:\/\/www.facebook.com\/lesacduberger\" \/>\n<meta property=\"article:modified_time\" content=\"2026-04-06T12:07:29+00:00\" \/>\n<meta property=\"og:image\" content=\"https:\/\/www.lesacduberger.com\/wp-content\/uploads\/2020\/11\/Sac-du-Berger-n%C2%B04-Sac-Rando-n%C2%B01-scaled.jpg\" \/>\n\t<meta property=\"og:image:width\" content=\"1709\" \/>\n\t<meta property=\"og:image:height\" content=\"2560\" \/>\n\t<meta property=\"og:image:type\" content=\"image\/jpeg\" \/>\n<meta name=\"twitter:card\" content=\"summary_large_image\" \/>\n<script type=\"application\/ld+json\" class=\"yoast-schema-graph\">{\"@context\":\"https:\/\/schema.org\",\"@graph\":[{\"@type\":\"WebPage\",\"@id\":\"https:\/\/www.lesacduberger.com\/produit\/creme-universelle-saphir\/\",\"url\":\"https:\/\/www.lesacduberger.com\/produit\/creme-universelle-saphir\/\",\"name\":\"Cr\u00e8me Universelle Saphir - Lait nourrissant et nettoyant pour le cuir\",\"isPartOf\":{\"@id\":\"https:\/\/www.lesacduberger.com\/#website\"},\"primaryImageOfPage\":{\"@id\":\"https:\/\/www.lesacduberger.com\/produit\/creme-universelle-saphir\/#primaryimage\"},\"image\":{\"@id\":\"https:\/\/www.lesacduberger.com\/produit\/creme-universelle-saphir\/#primaryimage\"},\"thumbnailUrl\":\"https:\/\/www.lesacduberger.com\/wp-content\/uploads\/woocommerce-placeholder.png\",\"datePublished\":\"2015-04-19T16:50:38+00:00\",\"dateModified\":\"2026-04-06T12:07:29+00:00\",\"description\":\"La cr\u00e8me universelle Saphir est parfaite pour faire briller et prot\u00e9ger vos cuirs, mais \u00e9galement pour acc\u00e9l\u00e9rer le ph\u00e9nom\u00e8ne de patine. Made In France\",\"breadcrumb\":{\"@id\":\"https:\/\/www.lesacduberger.com\/produit\/creme-universelle-saphir\/#breadcrumb\"},\"inLanguage\":\"en-US\",\"potentialAction\":[{\"@type\":\"ReadAction\",\"target\":[\"https:\/\/www.lesacduberger.com\/produit\/creme-universelle-saphir\/\"]}]},{\"@type\":\"ImageObject\",\"inLanguage\":\"en-US\",\"@id\":\"https:\/\/www.lesacduberger.com\/produit\/creme-universelle-saphir\/#primaryimage\",\"url\":\"https:\/\/www.lesacduberger.com\/wp-content\/uploads\/woocommerce-placeholder.png\",\"contentUrl\":\"https:\/\/www.lesacduberger.com\/wp-content\/uploads\/woocommerce-placeholder.png\",\"width\":1200,\"height\":1200,\"caption\":\"logo photo\"},{\"@type\":\"BreadcrumbList\",\"@id\":\"https:\/\/www.lesacduberger.com\/produit\/creme-universelle-saphir\/#breadcrumb\",\"itemListElement\":[{\"@type\":\"ListItem\",\"position\":1,\"name\":\"Accueil\",\"item\":\"https:\/\/www.lesacduberger.com\/\"},{\"@type\":\"ListItem\",\"position\":2,\"name\":\"Boutique\",\"item\":\"https:\/\/www.lesacduberger.com\/boutique\/\"},{\"@type\":\"ListItem\",\"position\":3,\"name\":\"Cr\u00e8me Universelle S&hellip;\"}]},{\"@type\":\"WebSite\",\"@id\":\"https:\/\/www.lesacduberger.com\/#website\",\"url\":\"https:\/\/www.lesacduberger.com\/\",\"name\":\"Le Sac du Berger\",\"description\":\"\",\"publisher\":{\"@id\":\"https:\/\/www.lesacduberger.com\/#organization\"},\"potentialAction\":[{\"@type\":\"SearchAction\",\"target\":{\"@type\":\"EntryPoint\",\"urlTemplate\":\"https:\/\/www.lesacduberger.com\/?s={search_term_string}\"},\"query-input\":{\"@type\":\"PropertyValueSpecification\",\"valueRequired\":true,\"valueName\":\"search_term_string\"}}],\"inLanguage\":\"en-US\"},{\"@type\":\"Organization\",\"@id\":\"https:\/\/www.lesacduberger.com\/#organization\",\"name\":\"Le Sac du Berger\",\"url\":\"https:\/\/www.lesacduberger.com\/\",\"logo\":{\"@type\":\"ImageObject\",\"inLanguage\":\"en-US\",\"@id\":\"https:\/\/www.lesacduberger.com\/#\/schema\/logo\/image\/\",\"url\":\"https:\/\/www.lesacduberger.com\/wp-content\/uploads\/2020\/09\/Logo-Sac-du-Berger-blanc-OK.png\",\"contentUrl\":\"https:\/\/www.lesacduberger.com\/wp-content\/uploads\/2020\/09\/Logo-Sac-du-Berger-blanc-OK.png\",\"width\":2093,\"height\":510,\"caption\":\"Le Sac du Berger\"},\"image\":{\"@id\":\"https:\/\/www.lesacduberger.com\/#\/schema\/logo\/image\/\"},\"sameAs\":[\"https:\/\/www.facebook.com\/lesacduberger\",\"https:\/\/www.instagram.com\/lesacduberger\/?hl=fr\"]}]}<\/script>\n<!-- \/ Yoast SEO plugin. -->","yoast_head_json":{"title":"Cr\u00e8me Universelle Saphir - Nourishing and cleansing milk for leather","description":"Saphir universal cream is perfect for shining and protecting your leathers, but also for accelerating the patina phenomenon. Made In France","robots":{"index":"index","follow":"follow","max-snippet":"max-snippet:-1","max-image-preview":"max-image-preview:large","max-video-preview":"max-video-preview:-1"},"canonical":"https:\/\/www.lesacduberger.com\/en\/product\/creme-universelle-saphir\/","og_locale":"en_US","og_title":"Cr\u00e8me Universelle Saphir - Lait nourrissant et nettoyant pour le cuir","og_description":"La cr\u00e8me universelle Saphir est parfaite pour faire briller et prot\u00e9ger vos cuirs, mais \u00e9galement pour acc\u00e9l\u00e9rer le ph\u00e9nom\u00e8ne de patine. Made In France","og_url":"https:\/\/www.lesacduberger.com\/en\/product\/creme-universelle-saphir\/","og_site_name":"Le Sac du Berger","article_publisher":"https:\/\/www.facebook.com\/lesacduberger","article_modified_time":"2026-04-06T12:07:29+00:00","og_image":[{"width":1709,"height":2560,"url":"https:\/\/www.lesacduberger.com\/wp-content\/uploads\/2020\/11\/Sac-du-Berger-n%C2%B04-Sac-Rando-n%C2%B01-scaled.jpg","type":"image\/jpeg"}],"twitter_card":"summary_large_image","schema":{"@context":"https:\/\/schema.org","@graph":[{"@type":"WebPage","@id":"https:\/\/www.lesacduberger.com\/produit\/creme-universelle-saphir\/","url":"https:\/\/www.lesacduberger.com\/produit\/creme-universelle-saphir\/","name":"Cr\u00e8me Universelle Saphir - Nourishing and cleansing milk for leather","isPartOf":{"@id":"https:\/\/www.lesacduberger.com\/#website"},"primaryImageOfPage":{"@id":"https:\/\/www.lesacduberger.com\/produit\/creme-universelle-saphir\/#primaryimage"},"image":{"@id":"https:\/\/www.lesacduberger.com\/produit\/creme-universelle-saphir\/#primaryimage"},"thumbnailUrl":"https:\/\/www.lesacduberger.com\/wp-content\/uploads\/woocommerce-placeholder.png","datePublished":"2015-04-19T16:50:38+00:00","dateModified":"2026-04-06T12:07:29+00:00","description":"Saphir universal cream is perfect for shining and protecting your leathers, but also for accelerating the patina phenomenon. Made In France","breadcrumb":{"@id":"https:\/\/www.lesacduberger.com\/produit\/creme-universelle-saphir\/#breadcrumb"},"inLanguage":"en-US","potentialAction":[{"@type":"ReadAction","target":["https:\/\/www.lesacduberger.com\/produit\/creme-universelle-saphir\/"]}]},{"@type":"ImageObject","inLanguage":"en-US","@id":"https:\/\/www.lesacduberger.com\/produit\/creme-universelle-saphir\/#primaryimage","url":"https:\/\/www.lesacduberger.com\/wp-content\/uploads\/woocommerce-placeholder.png","contentUrl":"https:\/\/www.lesacduberger.com\/wp-content\/uploads\/woocommerce-placeholder.png","width":1200,"height":1200,"caption":"logo photo"},{"@type":"BreadcrumbList","@id":"https:\/\/www.lesacduberger.com\/produit\/creme-universelle-saphir\/#breadcrumb","itemListElement":[{"@type":"ListItem","position":1,"name":"Accueil","item":"https:\/\/www.lesacduberger.com\/"},{"@type":"ListItem","position":2,"name":"Boutique","item":"https:\/\/www.lesacduberger.com\/boutique\/"},{"@type":"ListItem","position":3,"name":"Cr\u00e8me Universelle S&hellip;"}]},{"@type":"WebSite","@id":"https:\/\/www.lesacduberger.com\/#website","url":"https:\/\/www.lesacduberger.com\/","name":"Le Sac du Berger","description":"","publisher":{"@id":"https:\/\/www.lesacduberger.com\/#organization"},"potentialAction":[{"@type":"SearchAction","target":{"@type":"EntryPoint","urlTemplate":"https:\/\/www.lesacduberger.com\/?s={search_term_string}"},"query-input":{"@type":"PropertyValueSpecification","valueRequired":true,"valueName":"search_term_string"}}],"inLanguage":"en-US"},{"@type":"Organization","@id":"https:\/\/www.lesacduberger.com\/#organization","name":"Le Sac du Berger","url":"https:\/\/www.lesacduberger.com\/","logo":{"@type":"ImageObject","inLanguage":"en-US","@id":"https:\/\/www.lesacduberger.com\/#\/schema\/logo\/image\/","url":"https:\/\/www.lesacduberger.com\/wp-content\/uploads\/2020\/09\/Logo-Sac-du-Berger-blanc-OK.png","contentUrl":"https:\/\/www.lesacduberger.com\/wp-content\/uploads\/2020\/09\/Logo-Sac-du-Berger-blanc-OK.png","width":2093,"height":510,"caption":"Le Sac du Berger"},"image":{"@id":"https:\/\/www.lesacduberger.com\/#\/schema\/logo\/image\/"},"sameAs":["https:\/\/www.facebook.com\/lesacduberger","https:\/\/www.instagram.com\/lesacduberger\/?hl=fr"]}]}},"_links":{"self":[{"href":"https:\/\/www.lesacduberger.com\/en\/wp-json\/wp\/v2\/product\/22178","targetHints":{"allow":["GET"]}}],"collection":[{"href":"https:\/\/www.lesacduberger.com\/en\/wp-json\/wp\/v2\/product"}],"about":[{"href":"https:\/\/www.lesacduberger.com\/en\/wp-json\/wp\/v2\/types\/product"}],"wp:featuredmedia":[{"embeddable":true,"href":"https:\/\/www.lesacduberger.com\/en\/wp-json\/wp\/v2\/media\/97"}],"wp:attachment":[{"href":"https:\/\/www.lesacduberger.com\/en\/wp-json\/wp\/v2\/media?parent=22178"}],"wp:term":[{"taxonomy":"product_brand","embeddable":true,"href":"https:\/\/www.lesacduberger.com\/en\/wp-json\/wp\/v2\/product_brand?post=22178"},{"taxonomy":"product_cat","embeddable":true,"href":"https:\/\/www.lesacduberger.com\/en\/wp-json\/wp\/v2\/product_cat?post=22178"},{"taxonomy":"product_tag","embeddable":true,"href":"https:\/\/www.lesacduberger.com\/en\/wp-json\/wp\/v2\/product_tag?post=22178"},{"taxonomy":"giftcard-category","embeddable":true,"href":"https:\/\/www.lesacduberger.com\/en\/wp-json\/wp\/v2\/giftcard-category?post=22178"}],"curies":[{"name":"wp","href":"https:\/\/api.w.org\/{rel}","templated":true}]}}