{"id":22193,"date":"2015-06-15T16:19:32","date_gmt":"2015-06-15T14:19:32","guid":{"rendered":"https:\/\/www.lesacduberger.com\/produit\/sandales-igor\/"},"modified":"2026-01-08T11:42:32","modified_gmt":"2026-01-08T10:42:32","slug":"igor-sandals","status":"publish","type":"product","link":"https:\/\/www.lesacduberger.com\/en\/product\/igor-sandals\/","title":{"rendered":"Igor sandals"},"content":{"rendered":"<h2>Handcrafted unisex leather sandals<\/h2>\n<ul>\n<li>full grain cowhide<\/li>\n<li>without a varnish-type finish, so that it develops a patina over time<\/li>\n<\/ul>\n<p>All leather in contact with the foot is tanned without heavy metals<\/p>\n<p>Flanges<\/p>\n<ul>\n<li>Natural color, undyed leather, vegetable tanning, darkens with age<\/li>\n<li>A single adjustment strap<\/li>\n<li>Adjustable buckle closure on side of heel<\/li>\n<li>Approx. 1.5 cm wide<\/li>\n<\/ul>\n<p>Soles<\/p>\n<ul>\n<li>Slightly compensated<\/li>\n<li>High-quality rubber (Vibram brand)<\/li>\n<li>Heel height: 1.5 cm for greater comfort<\/li>\n<\/ul>\n<p>The various stages of production, from the origin of the skins to the tanning and finishing of the finished object, are carried out within a 120-kilometer radius of the Layrolle workshop.<\/p>\n<p>All our items are designed to be durable and repairable. Our bootmaker can resole and repair (if feasible) your sandals.<\/p>","protected":false},"excerpt":{"rendered":"<p>Sandales artisanales unisexes en cuir pleine fleur de vachette sans finition, type \u00ab\u00a0vernis\u00a0\u00bb, afin qu&rsquo;il se patine au fil du temps Tout le cuir en contact avec le pied est en tannage sans m\u00e9taux lourds Brides Coloris naturel, cuir non teint\u00e9, tannage v\u00e9g\u00e9tal, fonce avec le temps Une seule sangle de r\u00e9glage Fermeture \u00e0 boucle [&hellip;]<\/p>\n","protected":false},"featured_media":29489,"template":"","meta":[],"product_brand":[],"product_cat":[1538,1528],"product_tag":[],"giftcard-category":[],"class_list":{"0":"post-22193","1":"product","2":"type-product","3":"status-publish","4":"has-post-thumbnail","6":"product_cat-les-sandales","7":"product_cat-chaussants","8":"pa_couleur-naturel","9":"pa_pointure-1601","10":"pa_pointure-1602","11":"pa_pointure-1603","12":"pa_pointure-1604","13":"pa_pointure-1605","14":"pa_pointure-1606","15":"pa_pointure-1607","16":"pa_pointure-1608","17":"pa_pointure-1609","18":"pa_pointure-1610","19":"pa_pointure-1611","20":"pa_pointure-1612","21":"pa_pointure-1613","23":"first","24":"instock","25":"taxable","26":"shipping-taxable","27":"purchasable","28":"product-type-variable","29":"has-default-attributes"},"yoast_head":"<!-- This site is optimized with the Yoast SEO plugin v27.1.1 - https:\/\/yoast.com\/product\/yoast-seo-wordpress\/ -->\n<title>Sandales artisanales en cuir - Fabrication artisanale fran\u00e7aise<\/title>\n<meta name=\"description\" content=\"D\u00e9couvrez ces sandales artisanales en cuir, sur le site du Sac du Berger, sp\u00e9cialiste fran\u00e7ais des produits artisanaux en cuir fabriqu\u00e9s en France.\" \/>\n<meta name=\"robots\" content=\"index, follow, max-snippet:-1, max-image-preview:large, max-video-preview:-1\" \/>\n<link rel=\"canonical\" href=\"https:\/\/www.lesacduberger.com\/en\/product\/igor-sandals\/\" \/>\n<meta property=\"og:locale\" content=\"en_US\" \/>\n<meta property=\"og:title\" content=\"Sandales artisanales en cuir - Fabrication artisanale fran\u00e7aise\" \/>\n<meta property=\"og:description\" content=\"D\u00e9couvrez ces sandales artisanales en cuir, sur le site du Sac du Berger, sp\u00e9cialiste fran\u00e7ais des produits artisanaux en cuir fabriqu\u00e9s en France.\" \/>\n<meta property=\"og:url\" content=\"https:\/\/www.lesacduberger.com\/en\/product\/igor-sandals\/\" \/>\n<meta property=\"og:site_name\" content=\"Le Sac du Berger\" \/>\n<meta property=\"article:publisher\" content=\"https:\/\/www.facebook.com\/lesacduberger\" \/>\n<meta property=\"article:modified_time\" content=\"2026-01-08T10:42:32+00:00\" \/>\n<meta property=\"og:image\" content=\"https:\/\/www.lesacduberger.com\/wp-content\/uploads\/2015\/06\/Sandales-Igor-3.jpg\" \/>\n\t<meta property=\"og:image:width\" content=\"684\" \/>\n\t<meta property=\"og:image:height\" content=\"1024\" \/>\n\t<meta property=\"og:image:type\" content=\"image\/jpeg\" \/>\n<meta name=\"twitter:card\" content=\"summary_large_image\" \/>\n<script type=\"application\/ld+json\" class=\"yoast-schema-graph\">{\"@context\":\"https:\/\/schema.org\",\"@graph\":[{\"@type\":\"WebPage\",\"@id\":\"https:\/\/www.lesacduberger.com\/produit\/sandales-igor\/\",\"url\":\"https:\/\/www.lesacduberger.com\/produit\/sandales-igor\/\",\"name\":\"Sandales artisanales en cuir - Fabrication artisanale fran\u00e7aise\",\"isPartOf\":{\"@id\":\"https:\/\/www.lesacduberger.com\/#website\"},\"primaryImageOfPage\":{\"@id\":\"https:\/\/www.lesacduberger.com\/produit\/sandales-igor\/#primaryimage\"},\"image\":{\"@id\":\"https:\/\/www.lesacduberger.com\/produit\/sandales-igor\/#primaryimage\"},\"thumbnailUrl\":\"https:\/\/www.lesacduberger.com\/wp-content\/uploads\/2015\/06\/Sandales-Igor-3.jpg\",\"datePublished\":\"2015-06-15T14:19:32+00:00\",\"dateModified\":\"2026-01-08T10:42:32+00:00\",\"description\":\"D\u00e9couvrez ces sandales artisanales en cuir, sur le site du Sac du Berger, sp\u00e9cialiste fran\u00e7ais des produits artisanaux en cuir fabriqu\u00e9s en France.\",\"breadcrumb\":{\"@id\":\"https:\/\/www.lesacduberger.com\/produit\/sandales-igor\/#breadcrumb\"},\"inLanguage\":\"en-US\",\"potentialAction\":[{\"@type\":\"ReadAction\",\"target\":[\"https:\/\/www.lesacduberger.com\/produit\/sandales-igor\/\"]}]},{\"@type\":\"ImageObject\",\"inLanguage\":\"en-US\",\"@id\":\"https:\/\/www.lesacduberger.com\/produit\/sandales-igor\/#primaryimage\",\"url\":\"https:\/\/www.lesacduberger.com\/wp-content\/uploads\/2015\/06\/Sandales-Igor-3.jpg\",\"contentUrl\":\"https:\/\/www.lesacduberger.com\/wp-content\/uploads\/2015\/06\/Sandales-Igor-3.jpg\",\"width\":684,\"height\":1024,\"caption\":\"Sandales cuir homme fran\u00e7ais\"},{\"@type\":\"BreadcrumbList\",\"@id\":\"https:\/\/www.lesacduberger.com\/produit\/sandales-igor\/#breadcrumb\",\"itemListElement\":[{\"@type\":\"ListItem\",\"position\":1,\"name\":\"Accueil\",\"item\":\"https:\/\/www.lesacduberger.com\/\"},{\"@type\":\"ListItem\",\"position\":2,\"name\":\"Boutique\",\"item\":\"https:\/\/www.lesacduberger.com\/boutique\/\"},{\"@type\":\"ListItem\",\"position\":3,\"name\":\"Sandales Igor\"}]},{\"@type\":\"WebSite\",\"@id\":\"https:\/\/www.lesacduberger.com\/#website\",\"url\":\"https:\/\/www.lesacduberger.com\/\",\"name\":\"Le Sac du Berger\",\"description\":\"\",\"publisher\":{\"@id\":\"https:\/\/www.lesacduberger.com\/#organization\"},\"potentialAction\":[{\"@type\":\"SearchAction\",\"target\":{\"@type\":\"EntryPoint\",\"urlTemplate\":\"https:\/\/www.lesacduberger.com\/?s={search_term_string}\"},\"query-input\":{\"@type\":\"PropertyValueSpecification\",\"valueRequired\":true,\"valueName\":\"search_term_string\"}}],\"inLanguage\":\"en-US\"},{\"@type\":\"Organization\",\"@id\":\"https:\/\/www.lesacduberger.com\/#organization\",\"name\":\"Le Sac du Berger\",\"url\":\"https:\/\/www.lesacduberger.com\/\",\"logo\":{\"@type\":\"ImageObject\",\"inLanguage\":\"en-US\",\"@id\":\"https:\/\/www.lesacduberger.com\/#\/schema\/logo\/image\/\",\"url\":\"https:\/\/www.lesacduberger.com\/wp-content\/uploads\/2020\/09\/Logo-Sac-du-Berger-blanc-OK.png\",\"contentUrl\":\"https:\/\/www.lesacduberger.com\/wp-content\/uploads\/2020\/09\/Logo-Sac-du-Berger-blanc-OK.png\",\"width\":2093,\"height\":510,\"caption\":\"Le Sac du Berger\"},\"image\":{\"@id\":\"https:\/\/www.lesacduberger.com\/#\/schema\/logo\/image\/\"},\"sameAs\":[\"https:\/\/www.facebook.com\/lesacduberger\",\"https:\/\/www.instagram.com\/lesacduberger\/?hl=fr\"]}]}<\/script>\n<!-- \/ Yoast SEO plugin. -->","yoast_head_json":{"title":"Artisanal leather sandals - French craftsmanship","description":"Discover these handcrafted leather sandals on the Sac du Berger website, the French specialist in handcrafted leather products made in France.","robots":{"index":"index","follow":"follow","max-snippet":"max-snippet:-1","max-image-preview":"max-image-preview:large","max-video-preview":"max-video-preview:-1"},"canonical":"https:\/\/www.lesacduberger.com\/en\/product\/igor-sandals\/","og_locale":"en_US","og_title":"Sandales artisanales en cuir - Fabrication artisanale fran\u00e7aise","og_description":"D\u00e9couvrez ces sandales artisanales en cuir, sur le site du Sac du Berger, sp\u00e9cialiste fran\u00e7ais des produits artisanaux en cuir fabriqu\u00e9s en France.","og_url":"https:\/\/www.lesacduberger.com\/en\/product\/igor-sandals\/","og_site_name":"Le Sac du Berger","article_publisher":"https:\/\/www.facebook.com\/lesacduberger","article_modified_time":"2026-01-08T10:42:32+00:00","og_image":[{"width":684,"height":1024,"url":"https:\/\/www.lesacduberger.com\/wp-content\/uploads\/2015\/06\/Sandales-Igor-3.jpg","type":"image\/jpeg"}],"twitter_card":"summary_large_image","schema":{"@context":"https:\/\/schema.org","@graph":[{"@type":"WebPage","@id":"https:\/\/www.lesacduberger.com\/produit\/sandales-igor\/","url":"https:\/\/www.lesacduberger.com\/produit\/sandales-igor\/","name":"Artisanal leather sandals - French craftsmanship","isPartOf":{"@id":"https:\/\/www.lesacduberger.com\/#website"},"primaryImageOfPage":{"@id":"https:\/\/www.lesacduberger.com\/produit\/sandales-igor\/#primaryimage"},"image":{"@id":"https:\/\/www.lesacduberger.com\/produit\/sandales-igor\/#primaryimage"},"thumbnailUrl":"https:\/\/www.lesacduberger.com\/wp-content\/uploads\/2015\/06\/Sandales-Igor-3.jpg","datePublished":"2015-06-15T14:19:32+00:00","dateModified":"2026-01-08T10:42:32+00:00","description":"Discover these handcrafted leather sandals on the Sac du Berger website, the French specialist in handcrafted leather products made in France.","breadcrumb":{"@id":"https:\/\/www.lesacduberger.com\/produit\/sandales-igor\/#breadcrumb"},"inLanguage":"en-US","potentialAction":[{"@type":"ReadAction","target":["https:\/\/www.lesacduberger.com\/produit\/sandales-igor\/"]}]},{"@type":"ImageObject","inLanguage":"en-US","@id":"https:\/\/www.lesacduberger.com\/produit\/sandales-igor\/#primaryimage","url":"https:\/\/www.lesacduberger.com\/wp-content\/uploads\/2015\/06\/Sandales-Igor-3.jpg","contentUrl":"https:\/\/www.lesacduberger.com\/wp-content\/uploads\/2015\/06\/Sandales-Igor-3.jpg","width":684,"height":1024,"caption":"Sandales cuir homme fran\u00e7ais"},{"@type":"BreadcrumbList","@id":"https:\/\/www.lesacduberger.com\/produit\/sandales-igor\/#breadcrumb","itemListElement":[{"@type":"ListItem","position":1,"name":"Accueil","item":"https:\/\/www.lesacduberger.com\/"},{"@type":"ListItem","position":2,"name":"Boutique","item":"https:\/\/www.lesacduberger.com\/boutique\/"},{"@type":"ListItem","position":3,"name":"Sandales Igor"}]},{"@type":"WebSite","@id":"https:\/\/www.lesacduberger.com\/#website","url":"https:\/\/www.lesacduberger.com\/","name":"Le Sac du Berger","description":"","publisher":{"@id":"https:\/\/www.lesacduberger.com\/#organization"},"potentialAction":[{"@type":"SearchAction","target":{"@type":"EntryPoint","urlTemplate":"https:\/\/www.lesacduberger.com\/?s={search_term_string}"},"query-input":{"@type":"PropertyValueSpecification","valueRequired":true,"valueName":"search_term_string"}}],"inLanguage":"en-US"},{"@type":"Organization","@id":"https:\/\/www.lesacduberger.com\/#organization","name":"Le Sac du Berger","url":"https:\/\/www.lesacduberger.com\/","logo":{"@type":"ImageObject","inLanguage":"en-US","@id":"https:\/\/www.lesacduberger.com\/#\/schema\/logo\/image\/","url":"https:\/\/www.lesacduberger.com\/wp-content\/uploads\/2020\/09\/Logo-Sac-du-Berger-blanc-OK.png","contentUrl":"https:\/\/www.lesacduberger.com\/wp-content\/uploads\/2020\/09\/Logo-Sac-du-Berger-blanc-OK.png","width":2093,"height":510,"caption":"Le Sac du Berger"},"image":{"@id":"https:\/\/www.lesacduberger.com\/#\/schema\/logo\/image\/"},"sameAs":["https:\/\/www.facebook.com\/lesacduberger","https:\/\/www.instagram.com\/lesacduberger\/?hl=fr"]}]}},"_links":{"self":[{"href":"https:\/\/www.lesacduberger.com\/en\/wp-json\/wp\/v2\/product\/22193","targetHints":{"allow":["GET"]}}],"collection":[{"href":"https:\/\/www.lesacduberger.com\/en\/wp-json\/wp\/v2\/product"}],"about":[{"href":"https:\/\/www.lesacduberger.com\/en\/wp-json\/wp\/v2\/types\/product"}],"wp:featuredmedia":[{"embeddable":true,"href":"https:\/\/www.lesacduberger.com\/en\/wp-json\/wp\/v2\/media\/29489"}],"wp:attachment":[{"href":"https:\/\/www.lesacduberger.com\/en\/wp-json\/wp\/v2\/media?parent=22193"}],"wp:term":[{"taxonomy":"product_brand","embeddable":true,"href":"https:\/\/www.lesacduberger.com\/en\/wp-json\/wp\/v2\/product_brand?post=22193"},{"taxonomy":"product_cat","embeddable":true,"href":"https:\/\/www.lesacduberger.com\/en\/wp-json\/wp\/v2\/product_cat?post=22193"},{"taxonomy":"product_tag","embeddable":true,"href":"https:\/\/www.lesacduberger.com\/en\/wp-json\/wp\/v2\/product_tag?post=22193"},{"taxonomy":"giftcard-category","embeddable":true,"href":"https:\/\/www.lesacduberger.com\/en\/wp-json\/wp\/v2\/giftcard-category?post=22193"}],"curies":[{"name":"wp","href":"https:\/\/api.w.org\/{rel}","templated":true}]}}