{"id":22295,"date":"2016-05-20T16:26:00","date_gmt":"2016-05-20T14:26:00","guid":{"rendered":"https:\/\/www.lesacduberger.com\/produit\/trousse-a-stylos-2\/"},"modified":"2026-03-18T17:02:49","modified_gmt":"2026-03-18T16:02:49","slug":"pen-case-2","status":"publish","type":"product","link":"https:\/\/www.lesacduberger.com\/en\/product\/pen-case-2\/","title":{"rendered":"Make-up bag"},"content":{"rendered":"<h2>The handcrafted leather make-up case<\/h2>\n<p>Small full-grain cowhide leather case, for make-up or as a purse.<\/p>\n<ul>\n<li>Zippered closure<\/li>\n<li>Very practical in a handbag or pouch<\/li>\n<\/ul>\n<p>The various stages of production, from the origin of the skins to the tanning and finishing of the finished object, are carried out within a 120-kilometer radius of the Layrolle workshop.<\/p>\n<p>All our products are designed to be durable and repairable.<\/p>","protected":false},"excerpt":{"rendered":"<p>La trousse \u00e0 maquillage en cuir artisanal Petite trousse en cuir vachette pleine fleur, \u00e0 maquillage ou pouvant \u00e9galement servir de porte-monnaie. Refermable gr\u00e2ce \u00e0 une fermeture \u00e9clair Tr\u00e8s pratique dans un sac \u00e0 main ou une pochette Les diff\u00e9rentes \u00e9tapes de fabrication, de l&rsquo;origine des peaux \u00e0 l&rsquo;objet fini, en passant par le tannage, [&hellip;]<\/p>\n","protected":false},"featured_media":45796,"template":"","meta":[],"product_brand":[],"product_cat":[1545,1530],"product_tag":[],"giftcard-category":[],"class_list":{"0":"post-22295","1":"product","2":"type-product","3":"status-publish","4":"has-post-thumbnail","6":"product_cat-les-trousses","7":"product_cat-accessoires","8":"pa_compositions-cuirdevachetteorigineaveyron","9":"pa_couleur-fauve","10":"pa_couleur-noir","11":"pa_couleur-rouge","12":"pa_couleur-saphir","13":"pa_couleur-moka","14":"pa_hauteur-8cm","15":"pa_largeur-12cm","16":"pa_profondeur-4cm","18":"first","19":"instock","20":"taxable","21":"shipping-taxable","22":"purchasable","23":"product-type-variable","24":"has-default-attributes"},"yoast_head":"<!-- This site is optimized with the Yoast SEO plugin v27.1.1 - https:\/\/yoast.com\/product\/yoast-seo-wordpress\/ -->\n<title>Trousse maquillage en cuir vachette fabriqu\u00e9e en France<\/title>\n<meta name=\"description\" content=\"La trousse \u00e0 maquillage en cuir pleine fleur de vachette tann\u00e9 localement. Se glisse facilement dans un sac \u00e0 main pour emporter l&#039;essentiel.\" \/>\n<meta name=\"robots\" content=\"index, follow, max-snippet:-1, max-image-preview:large, max-video-preview:-1\" \/>\n<link rel=\"canonical\" href=\"https:\/\/www.lesacduberger.com\/en\/product\/pen-case-2\/\" \/>\n<meta property=\"og:locale\" content=\"en_US\" \/>\n<meta property=\"og:title\" content=\"Trousse maquillage en cuir vachette fabriqu\u00e9e en France\" \/>\n<meta property=\"og:description\" content=\"La trousse \u00e0 maquillage en cuir pleine fleur de vachette tann\u00e9 localement. Se glisse facilement dans un sac \u00e0 main pour emporter l&#039;essentiel.\" \/>\n<meta property=\"og:url\" content=\"https:\/\/www.lesacduberger.com\/en\/product\/pen-case-2\/\" \/>\n<meta property=\"og:site_name\" content=\"Le Sac du Berger\" \/>\n<meta property=\"article:publisher\" content=\"https:\/\/www.facebook.com\/lesacduberger\" \/>\n<meta property=\"article:modified_time\" content=\"2026-03-18T16:02:49+00:00\" \/>\n<meta property=\"og:image\" content=\"https:\/\/www.lesacduberger.com\/wp-content\/uploads\/2016\/05\/trousse-maquillage-1-1.jpg\" \/>\n\t<meta property=\"og:image:width\" content=\"768\" \/>\n\t<meta property=\"og:image:height\" content=\"1024\" \/>\n\t<meta property=\"og:image:type\" content=\"image\/jpeg\" \/>\n<meta name=\"twitter:card\" content=\"summary_large_image\" \/>\n<script type=\"application\/ld+json\" class=\"yoast-schema-graph\">{\"@context\":\"https:\/\/schema.org\",\"@graph\":[{\"@type\":\"WebPage\",\"@id\":\"https:\/\/www.lesacduberger.com\/produit\/trousse-a-stylos-2\/\",\"url\":\"https:\/\/www.lesacduberger.com\/produit\/trousse-a-stylos-2\/\",\"name\":\"Trousse maquillage en cuir vachette fabriqu\u00e9e en France\",\"isPartOf\":{\"@id\":\"https:\/\/www.lesacduberger.com\/#website\"},\"primaryImageOfPage\":{\"@id\":\"https:\/\/www.lesacduberger.com\/produit\/trousse-a-stylos-2\/#primaryimage\"},\"image\":{\"@id\":\"https:\/\/www.lesacduberger.com\/produit\/trousse-a-stylos-2\/#primaryimage\"},\"thumbnailUrl\":\"https:\/\/www.lesacduberger.com\/wp-content\/uploads\/2016\/05\/trousse-maquillage-1-1.jpg\",\"datePublished\":\"2016-05-20T14:26:00+00:00\",\"dateModified\":\"2026-03-18T16:02:49+00:00\",\"description\":\"La trousse \u00e0 maquillage en cuir pleine fleur de vachette tann\u00e9 localement. Se glisse facilement dans un sac \u00e0 main pour emporter l'essentiel.\",\"breadcrumb\":{\"@id\":\"https:\/\/www.lesacduberger.com\/produit\/trousse-a-stylos-2\/#breadcrumb\"},\"inLanguage\":\"en-US\",\"potentialAction\":[{\"@type\":\"ReadAction\",\"target\":[\"https:\/\/www.lesacduberger.com\/produit\/trousse-a-stylos-2\/\"]}]},{\"@type\":\"ImageObject\",\"inLanguage\":\"en-US\",\"@id\":\"https:\/\/www.lesacduberger.com\/produit\/trousse-a-stylos-2\/#primaryimage\",\"url\":\"https:\/\/www.lesacduberger.com\/wp-content\/uploads\/2016\/05\/trousse-maquillage-1-1.jpg\",\"contentUrl\":\"https:\/\/www.lesacduberger.com\/wp-content\/uploads\/2016\/05\/trousse-maquillage-1-1.jpg\",\"width\":768,\"height\":1024},{\"@type\":\"BreadcrumbList\",\"@id\":\"https:\/\/www.lesacduberger.com\/produit\/trousse-a-stylos-2\/#breadcrumb\",\"itemListElement\":[{\"@type\":\"ListItem\",\"position\":1,\"name\":\"Accueil\",\"item\":\"https:\/\/www.lesacduberger.com\/\"},{\"@type\":\"ListItem\",\"position\":2,\"name\":\"Boutique\",\"item\":\"https:\/\/www.lesacduberger.com\/boutique\/\"},{\"@type\":\"ListItem\",\"position\":3,\"name\":\"Trousse \u00e0 maquillag&hellip;\"}]},{\"@type\":\"WebSite\",\"@id\":\"https:\/\/www.lesacduberger.com\/#website\",\"url\":\"https:\/\/www.lesacduberger.com\/\",\"name\":\"Le Sac du Berger\",\"description\":\"\",\"publisher\":{\"@id\":\"https:\/\/www.lesacduberger.com\/#organization\"},\"potentialAction\":[{\"@type\":\"SearchAction\",\"target\":{\"@type\":\"EntryPoint\",\"urlTemplate\":\"https:\/\/www.lesacduberger.com\/?s={search_term_string}\"},\"query-input\":{\"@type\":\"PropertyValueSpecification\",\"valueRequired\":true,\"valueName\":\"search_term_string\"}}],\"inLanguage\":\"en-US\"},{\"@type\":\"Organization\",\"@id\":\"https:\/\/www.lesacduberger.com\/#organization\",\"name\":\"Le Sac du Berger\",\"url\":\"https:\/\/www.lesacduberger.com\/\",\"logo\":{\"@type\":\"ImageObject\",\"inLanguage\":\"en-US\",\"@id\":\"https:\/\/www.lesacduberger.com\/#\/schema\/logo\/image\/\",\"url\":\"https:\/\/www.lesacduberger.com\/wp-content\/uploads\/2020\/09\/Logo-Sac-du-Berger-blanc-OK.png\",\"contentUrl\":\"https:\/\/www.lesacduberger.com\/wp-content\/uploads\/2020\/09\/Logo-Sac-du-Berger-blanc-OK.png\",\"width\":2093,\"height\":510,\"caption\":\"Le Sac du Berger\"},\"image\":{\"@id\":\"https:\/\/www.lesacduberger.com\/#\/schema\/logo\/image\/\"},\"sameAs\":[\"https:\/\/www.facebook.com\/lesacduberger\",\"https:\/\/www.instagram.com\/lesacduberger\/?hl=fr\"]}]}<\/script>\n<!-- \/ Yoast SEO plugin. -->","yoast_head_json":{"title":"Cowhide leather make-up case made in France","description":"Make-up bag in full-grain, locally tanned cowhide. Slips easily into a handbag to carry all the essentials.","robots":{"index":"index","follow":"follow","max-snippet":"max-snippet:-1","max-image-preview":"max-image-preview:large","max-video-preview":"max-video-preview:-1"},"canonical":"https:\/\/www.lesacduberger.com\/en\/product\/pen-case-2\/","og_locale":"en_US","og_title":"Trousse maquillage en cuir vachette fabriqu\u00e9e en France","og_description":"La trousse \u00e0 maquillage en cuir pleine fleur de vachette tann\u00e9 localement. Se glisse facilement dans un sac \u00e0 main pour emporter l'essentiel.","og_url":"https:\/\/www.lesacduberger.com\/en\/product\/pen-case-2\/","og_site_name":"Le Sac du Berger","article_publisher":"https:\/\/www.facebook.com\/lesacduberger","article_modified_time":"2026-03-18T16:02:49+00:00","og_image":[{"width":768,"height":1024,"url":"https:\/\/www.lesacduberger.com\/wp-content\/uploads\/2016\/05\/trousse-maquillage-1-1.jpg","type":"image\/jpeg"}],"twitter_card":"summary_large_image","schema":{"@context":"https:\/\/schema.org","@graph":[{"@type":"WebPage","@id":"https:\/\/www.lesacduberger.com\/produit\/trousse-a-stylos-2\/","url":"https:\/\/www.lesacduberger.com\/produit\/trousse-a-stylos-2\/","name":"Cowhide leather make-up case made in France","isPartOf":{"@id":"https:\/\/www.lesacduberger.com\/#website"},"primaryImageOfPage":{"@id":"https:\/\/www.lesacduberger.com\/produit\/trousse-a-stylos-2\/#primaryimage"},"image":{"@id":"https:\/\/www.lesacduberger.com\/produit\/trousse-a-stylos-2\/#primaryimage"},"thumbnailUrl":"https:\/\/www.lesacduberger.com\/wp-content\/uploads\/2016\/05\/trousse-maquillage-1-1.jpg","datePublished":"2016-05-20T14:26:00+00:00","dateModified":"2026-03-18T16:02:49+00:00","description":"Make-up bag in full-grain, locally tanned cowhide. Slips easily into a handbag to carry all the essentials.","breadcrumb":{"@id":"https:\/\/www.lesacduberger.com\/produit\/trousse-a-stylos-2\/#breadcrumb"},"inLanguage":"en-US","potentialAction":[{"@type":"ReadAction","target":["https:\/\/www.lesacduberger.com\/produit\/trousse-a-stylos-2\/"]}]},{"@type":"ImageObject","inLanguage":"en-US","@id":"https:\/\/www.lesacduberger.com\/produit\/trousse-a-stylos-2\/#primaryimage","url":"https:\/\/www.lesacduberger.com\/wp-content\/uploads\/2016\/05\/trousse-maquillage-1-1.jpg","contentUrl":"https:\/\/www.lesacduberger.com\/wp-content\/uploads\/2016\/05\/trousse-maquillage-1-1.jpg","width":768,"height":1024},{"@type":"BreadcrumbList","@id":"https:\/\/www.lesacduberger.com\/produit\/trousse-a-stylos-2\/#breadcrumb","itemListElement":[{"@type":"ListItem","position":1,"name":"Accueil","item":"https:\/\/www.lesacduberger.com\/"},{"@type":"ListItem","position":2,"name":"Boutique","item":"https:\/\/www.lesacduberger.com\/boutique\/"},{"@type":"ListItem","position":3,"name":"Trousse \u00e0 maquillag&hellip;"}]},{"@type":"WebSite","@id":"https:\/\/www.lesacduberger.com\/#website","url":"https:\/\/www.lesacduberger.com\/","name":"Le Sac du Berger","description":"","publisher":{"@id":"https:\/\/www.lesacduberger.com\/#organization"},"potentialAction":[{"@type":"SearchAction","target":{"@type":"EntryPoint","urlTemplate":"https:\/\/www.lesacduberger.com\/?s={search_term_string}"},"query-input":{"@type":"PropertyValueSpecification","valueRequired":true,"valueName":"search_term_string"}}],"inLanguage":"en-US"},{"@type":"Organization","@id":"https:\/\/www.lesacduberger.com\/#organization","name":"Le Sac du Berger","url":"https:\/\/www.lesacduberger.com\/","logo":{"@type":"ImageObject","inLanguage":"en-US","@id":"https:\/\/www.lesacduberger.com\/#\/schema\/logo\/image\/","url":"https:\/\/www.lesacduberger.com\/wp-content\/uploads\/2020\/09\/Logo-Sac-du-Berger-blanc-OK.png","contentUrl":"https:\/\/www.lesacduberger.com\/wp-content\/uploads\/2020\/09\/Logo-Sac-du-Berger-blanc-OK.png","width":2093,"height":510,"caption":"Le Sac du Berger"},"image":{"@id":"https:\/\/www.lesacduberger.com\/#\/schema\/logo\/image\/"},"sameAs":["https:\/\/www.facebook.com\/lesacduberger","https:\/\/www.instagram.com\/lesacduberger\/?hl=fr"]}]}},"_links":{"self":[{"href":"https:\/\/www.lesacduberger.com\/en\/wp-json\/wp\/v2\/product\/22295","targetHints":{"allow":["GET"]}}],"collection":[{"href":"https:\/\/www.lesacduberger.com\/en\/wp-json\/wp\/v2\/product"}],"about":[{"href":"https:\/\/www.lesacduberger.com\/en\/wp-json\/wp\/v2\/types\/product"}],"wp:featuredmedia":[{"embeddable":true,"href":"https:\/\/www.lesacduberger.com\/en\/wp-json\/wp\/v2\/media\/45796"}],"wp:attachment":[{"href":"https:\/\/www.lesacduberger.com\/en\/wp-json\/wp\/v2\/media?parent=22295"}],"wp:term":[{"taxonomy":"product_brand","embeddable":true,"href":"https:\/\/www.lesacduberger.com\/en\/wp-json\/wp\/v2\/product_brand?post=22295"},{"taxonomy":"product_cat","embeddable":true,"href":"https:\/\/www.lesacduberger.com\/en\/wp-json\/wp\/v2\/product_cat?post=22295"},{"taxonomy":"product_tag","embeddable":true,"href":"https:\/\/www.lesacduberger.com\/en\/wp-json\/wp\/v2\/product_tag?post=22295"},{"taxonomy":"giftcard-category","embeddable":true,"href":"https:\/\/www.lesacduberger.com\/en\/wp-json\/wp\/v2\/giftcard-category?post=22295"}],"curies":[{"name":"wp","href":"https:\/\/api.w.org\/{rel}","templated":true}]}}