{"id":22321,"date":"2016-12-01T10:06:21","date_gmt":"2016-12-01T09:06:21","guid":{"rendered":"https:\/\/www.lesacduberger.com\/produit\/chaussons-moyen-age\/"},"modified":"2026-04-15T15:20:10","modified_gmt":"2026-04-15T13:20:10","slug":"medieval-slippers","status":"publish","type":"product","link":"https:\/\/www.lesacduberger.com\/en\/product\/medieval-slippers\/","title":{"rendered":"Medieval slippers"},"content":{"rendered":"<p>Our medieval slippers for men and women are cut from sheepskin.<\/p>\n<p>The leather is directly tanned with the wool (the leather on top of the slipper is not \"glued\" to the wool).<\/p>\n<ul>\n<li>Genuine cowhide leather strip between sole and hide<\/li>\n<li>Soft, non-slip sole<\/li>\n<\/ul>\n<p>Sheepskin keeps you warm without sweating.<\/p>\n<p>We advise you to choose your usual size.<\/p>\n<p>The various stages of production, from the origin of the skins to the tanning and finishing of the finished object, are carried out within a 120-kilometer radius of the Layrolle workshop.<\/p>\n<p>All our products are designed to be durable and repairable.<\/p>","protected":false},"excerpt":{"rendered":"<p>Nos Chaussons Moyen-Age pour homme et femme sont taill\u00e9s dans de la peau de mouton. Le cuir est directement tann\u00e9 avec la laine (le cuir du dessus du chausson n&rsquo;est pas \u00ab\u00a0coll\u00e9\u00a0\u00bb \u00e0 la laine). Bande de cuir vachette v\u00e9ritable entre la semelle et la peau Semelle souple et antid\u00e9rapante La peau de mouton tient [&hellip;]<\/p>\n","protected":false},"featured_media":45811,"template":"","meta":[],"product_brand":[],"product_cat":[1542,1528],"product_tag":[],"giftcard-category":[],"class_list":{"0":"post-22321","1":"product","2":"type-product","3":"status-publish","4":"has-post-thumbnail","6":"product_cat-les-chaussons","7":"product_cat-chaussants","8":"pa_couleur-rouge","9":"pa_couleur-moka","10":"pa_pointure-1601","11":"pa_pointure-1602","12":"pa_pointure-1603","13":"pa_pointure-1604","14":"pa_pointure-1605","15":"pa_pointure-1606","16":"pa_pointure-1607","17":"pa_pointure-1608","18":"pa_pointure-1609","19":"pa_pointure-1610","21":"first","22":"instock","23":"taxable","24":"shipping-taxable","25":"purchasable","26":"product-type-variable","27":"has-default-attributes"},"yoast_head":"<!-- This site is optimized with the Yoast SEO plugin v27.1.1 - https:\/\/yoast.com\/product\/yoast-seo-wordpress\/ -->\n<title>Chaussons en peau de mouton fabriqu\u00e9s en France<\/title>\n<meta name=\"description\" content=\"Chaussons en peau de mouton, cuir directement tann\u00e9 avec la laine. Peau lain\u00e9e issue de tanneries locales. Chaleur naturelle de la peau.\" \/>\n<meta name=\"robots\" content=\"index, follow, max-snippet:-1, max-image-preview:large, max-video-preview:-1\" \/>\n<link rel=\"canonical\" href=\"https:\/\/www.lesacduberger.com\/en\/product\/medieval-slippers\/\" \/>\n<meta property=\"og:locale\" content=\"en_US\" \/>\n<meta property=\"og:title\" content=\"Chaussons en peau de mouton fabriqu\u00e9s en France\" \/>\n<meta property=\"og:description\" content=\"Chaussons en peau de mouton, cuir directement tann\u00e9 avec la laine. Peau lain\u00e9e issue de tanneries locales. Chaleur naturelle de la peau.\" \/>\n<meta property=\"og:url\" content=\"https:\/\/www.lesacduberger.com\/en\/product\/medieval-slippers\/\" \/>\n<meta property=\"og:site_name\" content=\"Le Sac du Berger\" \/>\n<meta property=\"article:publisher\" content=\"https:\/\/www.facebook.com\/lesacduberger\" \/>\n<meta property=\"article:modified_time\" content=\"2026-04-15T13:20:10+00:00\" \/>\n<meta property=\"og:image\" content=\"https:\/\/www.lesacduberger.com\/wp-content\/uploads\/2016\/12\/IMG_6653-doc.jpg\" \/>\n\t<meta property=\"og:image:width\" content=\"768\" \/>\n\t<meta property=\"og:image:height\" content=\"1024\" \/>\n\t<meta property=\"og:image:type\" content=\"image\/jpeg\" \/>\n<meta name=\"twitter:card\" content=\"summary_large_image\" \/>\n<script type=\"application\/ld+json\" class=\"yoast-schema-graph\">{\"@context\":\"https:\/\/schema.org\",\"@graph\":[{\"@type\":\"WebPage\",\"@id\":\"https:\/\/www.lesacduberger.com\/produit\/chaussons-moyen-age\/\",\"url\":\"https:\/\/www.lesacduberger.com\/produit\/chaussons-moyen-age\/\",\"name\":\"Chaussons en peau de mouton fabriqu\u00e9s en France\",\"isPartOf\":{\"@id\":\"https:\/\/www.lesacduberger.com\/#website\"},\"primaryImageOfPage\":{\"@id\":\"https:\/\/www.lesacduberger.com\/produit\/chaussons-moyen-age\/#primaryimage\"},\"image\":{\"@id\":\"https:\/\/www.lesacduberger.com\/produit\/chaussons-moyen-age\/#primaryimage\"},\"thumbnailUrl\":\"https:\/\/www.lesacduberger.com\/wp-content\/uploads\/2016\/12\/IMG_6653-doc-1.jpg\",\"datePublished\":\"2016-12-01T09:06:21+00:00\",\"dateModified\":\"2026-04-15T13:20:10+00:00\",\"description\":\"Chaussons en peau de mouton, cuir directement tann\u00e9 avec la laine. Peau lain\u00e9e issue de tanneries locales. Chaleur naturelle de la peau.\",\"breadcrumb\":{\"@id\":\"https:\/\/www.lesacduberger.com\/produit\/chaussons-moyen-age\/#breadcrumb\"},\"inLanguage\":\"en-US\",\"potentialAction\":[{\"@type\":\"ReadAction\",\"target\":[\"https:\/\/www.lesacduberger.com\/produit\/chaussons-moyen-age\/\"]}]},{\"@type\":\"ImageObject\",\"inLanguage\":\"en-US\",\"@id\":\"https:\/\/www.lesacduberger.com\/produit\/chaussons-moyen-age\/#primaryimage\",\"url\":\"https:\/\/www.lesacduberger.com\/wp-content\/uploads\/2016\/12\/IMG_6653-doc-1.jpg\",\"contentUrl\":\"https:\/\/www.lesacduberger.com\/wp-content\/uploads\/2016\/12\/IMG_6653-doc-1.jpg\",\"width\":768,\"height\":1024},{\"@type\":\"BreadcrumbList\",\"@id\":\"https:\/\/www.lesacduberger.com\/produit\/chaussons-moyen-age\/#breadcrumb\",\"itemListElement\":[{\"@type\":\"ListItem\",\"position\":1,\"name\":\"Accueil\",\"item\":\"https:\/\/www.lesacduberger.com\/\"},{\"@type\":\"ListItem\",\"position\":2,\"name\":\"Boutique\",\"item\":\"https:\/\/www.lesacduberger.com\/boutique\/\"},{\"@type\":\"ListItem\",\"position\":3,\"name\":\"Chaussons Moyen-Age\"}]},{\"@type\":\"WebSite\",\"@id\":\"https:\/\/www.lesacduberger.com\/#website\",\"url\":\"https:\/\/www.lesacduberger.com\/\",\"name\":\"Le Sac du Berger\",\"description\":\"\",\"publisher\":{\"@id\":\"https:\/\/www.lesacduberger.com\/#organization\"},\"potentialAction\":[{\"@type\":\"SearchAction\",\"target\":{\"@type\":\"EntryPoint\",\"urlTemplate\":\"https:\/\/www.lesacduberger.com\/?s={search_term_string}\"},\"query-input\":{\"@type\":\"PropertyValueSpecification\",\"valueRequired\":true,\"valueName\":\"search_term_string\"}}],\"inLanguage\":\"en-US\"},{\"@type\":\"Organization\",\"@id\":\"https:\/\/www.lesacduberger.com\/#organization\",\"name\":\"Le Sac du Berger\",\"url\":\"https:\/\/www.lesacduberger.com\/\",\"logo\":{\"@type\":\"ImageObject\",\"inLanguage\":\"en-US\",\"@id\":\"https:\/\/www.lesacduberger.com\/#\/schema\/logo\/image\/\",\"url\":\"https:\/\/www.lesacduberger.com\/wp-content\/uploads\/2020\/09\/Logo-Sac-du-Berger-blanc-OK.png\",\"contentUrl\":\"https:\/\/www.lesacduberger.com\/wp-content\/uploads\/2020\/09\/Logo-Sac-du-Berger-blanc-OK.png\",\"width\":2093,\"height\":510,\"caption\":\"Le Sac du Berger\"},\"image\":{\"@id\":\"https:\/\/www.lesacduberger.com\/#\/schema\/logo\/image\/\"},\"sameAs\":[\"https:\/\/www.facebook.com\/lesacduberger\",\"https:\/\/www.instagram.com\/lesacduberger\/?hl=fr\"]}]}<\/script>\n<!-- \/ Yoast SEO plugin. -->","yoast_head_json":{"title":"Sheepskin slippers made in France","description":"Sheepskin slippers, leather directly tanned with wool. Sheepskin from local tanneries. Natural warmth of the skin.","robots":{"index":"index","follow":"follow","max-snippet":"max-snippet:-1","max-image-preview":"max-image-preview:large","max-video-preview":"max-video-preview:-1"},"canonical":"https:\/\/www.lesacduberger.com\/en\/product\/medieval-slippers\/","og_locale":"en_US","og_title":"Chaussons en peau de mouton fabriqu\u00e9s en France","og_description":"Chaussons en peau de mouton, cuir directement tann\u00e9 avec la laine. Peau lain\u00e9e issue de tanneries locales. Chaleur naturelle de la peau.","og_url":"https:\/\/www.lesacduberger.com\/en\/product\/medieval-slippers\/","og_site_name":"Le Sac du Berger","article_publisher":"https:\/\/www.facebook.com\/lesacduberger","article_modified_time":"2026-04-15T13:20:10+00:00","og_image":[{"width":768,"height":1024,"url":"https:\/\/www.lesacduberger.com\/wp-content\/uploads\/2016\/12\/IMG_6653-doc.jpg","type":"image\/jpeg"}],"twitter_card":"summary_large_image","schema":{"@context":"https:\/\/schema.org","@graph":[{"@type":"WebPage","@id":"https:\/\/www.lesacduberger.com\/produit\/chaussons-moyen-age\/","url":"https:\/\/www.lesacduberger.com\/produit\/chaussons-moyen-age\/","name":"Sheepskin slippers made in France","isPartOf":{"@id":"https:\/\/www.lesacduberger.com\/#website"},"primaryImageOfPage":{"@id":"https:\/\/www.lesacduberger.com\/produit\/chaussons-moyen-age\/#primaryimage"},"image":{"@id":"https:\/\/www.lesacduberger.com\/produit\/chaussons-moyen-age\/#primaryimage"},"thumbnailUrl":"https:\/\/www.lesacduberger.com\/wp-content\/uploads\/2016\/12\/IMG_6653-doc-1.jpg","datePublished":"2016-12-01T09:06:21+00:00","dateModified":"2026-04-15T13:20:10+00:00","description":"Sheepskin slippers, leather directly tanned with wool. Sheepskin from local tanneries. Natural warmth of the skin.","breadcrumb":{"@id":"https:\/\/www.lesacduberger.com\/produit\/chaussons-moyen-age\/#breadcrumb"},"inLanguage":"en-US","potentialAction":[{"@type":"ReadAction","target":["https:\/\/www.lesacduberger.com\/produit\/chaussons-moyen-age\/"]}]},{"@type":"ImageObject","inLanguage":"en-US","@id":"https:\/\/www.lesacduberger.com\/produit\/chaussons-moyen-age\/#primaryimage","url":"https:\/\/www.lesacduberger.com\/wp-content\/uploads\/2016\/12\/IMG_6653-doc-1.jpg","contentUrl":"https:\/\/www.lesacduberger.com\/wp-content\/uploads\/2016\/12\/IMG_6653-doc-1.jpg","width":768,"height":1024},{"@type":"BreadcrumbList","@id":"https:\/\/www.lesacduberger.com\/produit\/chaussons-moyen-age\/#breadcrumb","itemListElement":[{"@type":"ListItem","position":1,"name":"Accueil","item":"https:\/\/www.lesacduberger.com\/"},{"@type":"ListItem","position":2,"name":"Boutique","item":"https:\/\/www.lesacduberger.com\/boutique\/"},{"@type":"ListItem","position":3,"name":"Chaussons Moyen-Age"}]},{"@type":"WebSite","@id":"https:\/\/www.lesacduberger.com\/#website","url":"https:\/\/www.lesacduberger.com\/","name":"Le Sac du Berger","description":"","publisher":{"@id":"https:\/\/www.lesacduberger.com\/#organization"},"potentialAction":[{"@type":"SearchAction","target":{"@type":"EntryPoint","urlTemplate":"https:\/\/www.lesacduberger.com\/?s={search_term_string}"},"query-input":{"@type":"PropertyValueSpecification","valueRequired":true,"valueName":"search_term_string"}}],"inLanguage":"en-US"},{"@type":"Organization","@id":"https:\/\/www.lesacduberger.com\/#organization","name":"Le Sac du Berger","url":"https:\/\/www.lesacduberger.com\/","logo":{"@type":"ImageObject","inLanguage":"en-US","@id":"https:\/\/www.lesacduberger.com\/#\/schema\/logo\/image\/","url":"https:\/\/www.lesacduberger.com\/wp-content\/uploads\/2020\/09\/Logo-Sac-du-Berger-blanc-OK.png","contentUrl":"https:\/\/www.lesacduberger.com\/wp-content\/uploads\/2020\/09\/Logo-Sac-du-Berger-blanc-OK.png","width":2093,"height":510,"caption":"Le Sac du Berger"},"image":{"@id":"https:\/\/www.lesacduberger.com\/#\/schema\/logo\/image\/"},"sameAs":["https:\/\/www.facebook.com\/lesacduberger","https:\/\/www.instagram.com\/lesacduberger\/?hl=fr"]}]}},"_links":{"self":[{"href":"https:\/\/www.lesacduberger.com\/en\/wp-json\/wp\/v2\/product\/22321","targetHints":{"allow":["GET"]}}],"collection":[{"href":"https:\/\/www.lesacduberger.com\/en\/wp-json\/wp\/v2\/product"}],"about":[{"href":"https:\/\/www.lesacduberger.com\/en\/wp-json\/wp\/v2\/types\/product"}],"wp:featuredmedia":[{"embeddable":true,"href":"https:\/\/www.lesacduberger.com\/en\/wp-json\/wp\/v2\/media\/45811"}],"wp:attachment":[{"href":"https:\/\/www.lesacduberger.com\/en\/wp-json\/wp\/v2\/media?parent=22321"}],"wp:term":[{"taxonomy":"product_brand","embeddable":true,"href":"https:\/\/www.lesacduberger.com\/en\/wp-json\/wp\/v2\/product_brand?post=22321"},{"taxonomy":"product_cat","embeddable":true,"href":"https:\/\/www.lesacduberger.com\/en\/wp-json\/wp\/v2\/product_cat?post=22321"},{"taxonomy":"product_tag","embeddable":true,"href":"https:\/\/www.lesacduberger.com\/en\/wp-json\/wp\/v2\/product_tag?post=22321"},{"taxonomy":"giftcard-category","embeddable":true,"href":"https:\/\/www.lesacduberger.com\/en\/wp-json\/wp\/v2\/giftcard-category?post=22321"}],"curies":[{"name":"wp","href":"https:\/\/api.w.org\/{rel}","templated":true}]}}