{"id":22392,"date":"2018-02-22T15:52:49","date_gmt":"2018-02-22T14:52:49","guid":{"rendered":"https:\/\/www.lesacduberger.com\/produit\/portefeuille-maquignon\/"},"modified":"2026-05-14T09:06:08","modified_gmt":"2026-05-14T07:06:08","slug":"maquignon-wallet","status":"publish","type":"product","link":"https:\/\/www.lesacduberger.com\/en\/product\/maquignon-wallet\/","title":{"rendered":"Maquignon n\u00b01"},"content":{"rendered":"<h2>Portfolio made in France<\/h2>\n<p>Our Maquignon n\u00b01 is a small wallet made in France from leather.<\/p>\n<ul>\n<li>Inside, six credit card slots and two slit pockets running the length of the wallet<\/li>\n<li>A made-in-France purse with zipper and snap flap<\/li>\n<li>One side pocket with snap closure<\/li>\n<li>Snap closure with \"swallow\" motif<\/li>\n<li>Clean-edge seams (without edging) for object flexibility<\/li>\n<\/ul>\n<p>This maquignon is available in 2 sizes. This is the smallest model.<\/p>\n<p>The various stages of production, from the origin of the skins to the tanning and finishing of the finished object, are carried out within a 120-kilometer radius of the Layrolle workshop.<\/p>\n<p>All our products are designed to be durable and repairable.<\/p>","protected":false},"excerpt":{"rendered":"<p>Portefeuille made in France Notre Maquignon n\u00b01 est un petit portefeuille made in France en cuir. A l&rsquo;int\u00e9rieur, six emplacements pour cartes bleues et deux poches fentes sur toute la longueur du portefeuille Un porte-monnaie made in France avec fermeture \u00e9clair et rabat pression Une poche avec pression sur le c\u00f4t\u00e9 Fermeture par pression avec [&hellip;]<\/p>\n","protected":false},"featured_media":46722,"template":"","meta":[],"product_brand":[],"product_cat":[1535,1526,1532],"product_tag":[],"giftcard-category":[],"class_list":{"0":"post-22392","1":"product","2":"type-product","3":"status-publish","4":"has-post-thumbnail","6":"product_cat-les-portefeuilles","7":"product_cat-petite-maroquinerie","8":"product_cat-notre-selection-du-moment","9":"pa_compositions-cuirdevachetteorigineaveyron","10":"pa_couleur-fauve","11":"pa_couleur-noir","12":"pa_couleur-rouge","13":"pa_couleur-moka","14":"pa_hauteur-11cm","15":"pa_largeur-15cm","16":"pa_profondeur-2cm","18":"first","19":"instock","20":"taxable","21":"shipping-taxable","22":"purchasable","23":"product-type-variable","24":"has-default-attributes"},"yoast_head":"<!-- This site is optimized with the Yoast SEO plugin v27.1.1 - https:\/\/yoast.com\/product\/yoast-seo-wordpress\/ -->\n<title>Maquignon n\u00b01 portefeuille cuir artisanal made in France<\/title>\n<meta name=\"description\" content=\"Maquignon n\u00b01 portefeuille en cuir vachette tann\u00e9 localement en Occitanie. Id\u00e9al pour ranger cartes bleues, monnaie et papiers.\" \/>\n<meta name=\"robots\" content=\"index, follow, max-snippet:-1, max-image-preview:large, max-video-preview:-1\" \/>\n<link rel=\"canonical\" href=\"https:\/\/www.lesacduberger.com\/en\/product\/maquignon-wallet\/\" \/>\n<meta property=\"og:locale\" content=\"en_US\" \/>\n<meta property=\"og:title\" content=\"Maquignon n\u00b01 portefeuille cuir artisanal made in France\" \/>\n<meta property=\"og:description\" content=\"Maquignon n\u00b01 portefeuille en cuir vachette tann\u00e9 localement en Occitanie. Id\u00e9al pour ranger cartes bleues, monnaie et papiers.\" \/>\n<meta property=\"og:url\" content=\"https:\/\/www.lesacduberger.com\/en\/product\/maquignon-wallet\/\" \/>\n<meta property=\"og:site_name\" content=\"Le Sac du Berger\" \/>\n<meta property=\"article:publisher\" content=\"https:\/\/www.facebook.com\/lesacduberger\" \/>\n<meta property=\"article:modified_time\" content=\"2026-05-14T07:06:08+00:00\" \/>\n<meta property=\"og:image\" content=\"https:\/\/www.lesacduberger.com\/wp-content\/uploads\/2018\/02\/Maquignon-Moka-1-0000.jpg\" \/>\n\t<meta property=\"og:image:width\" content=\"1080\" \/>\n\t<meta property=\"og:image:height\" content=\"1350\" \/>\n\t<meta property=\"og:image:type\" content=\"image\/jpeg\" \/>\n<meta name=\"twitter:card\" content=\"summary_large_image\" \/>\n<script type=\"application\/ld+json\" class=\"yoast-schema-graph\">{\"@context\":\"https:\/\/schema.org\",\"@graph\":[{\"@type\":\"WebPage\",\"@id\":\"https:\/\/www.lesacduberger.com\/produit\/portefeuille-maquignon\/\",\"url\":\"https:\/\/www.lesacduberger.com\/produit\/portefeuille-maquignon\/\",\"name\":\"Maquignon n\u00b01 portefeuille cuir artisanal made in France\",\"isPartOf\":{\"@id\":\"https:\/\/www.lesacduberger.com\/#website\"},\"primaryImageOfPage\":{\"@id\":\"https:\/\/www.lesacduberger.com\/produit\/portefeuille-maquignon\/#primaryimage\"},\"image\":{\"@id\":\"https:\/\/www.lesacduberger.com\/produit\/portefeuille-maquignon\/#primaryimage\"},\"thumbnailUrl\":\"https:\/\/www.lesacduberger.com\/wp-content\/uploads\/2018\/02\/Maquignon-Moka-1-0000.jpg\",\"datePublished\":\"2018-02-22T14:52:49+00:00\",\"dateModified\":\"2026-05-14T07:06:08+00:00\",\"description\":\"Maquignon n\u00b01 portefeuille en cuir vachette tann\u00e9 localement en Occitanie. Id\u00e9al pour ranger cartes bleues, monnaie et papiers.\",\"breadcrumb\":{\"@id\":\"https:\/\/www.lesacduberger.com\/produit\/portefeuille-maquignon\/#breadcrumb\"},\"inLanguage\":\"en-US\",\"potentialAction\":[{\"@type\":\"ReadAction\",\"target\":[\"https:\/\/www.lesacduberger.com\/produit\/portefeuille-maquignon\/\"]}]},{\"@type\":\"ImageObject\",\"inLanguage\":\"en-US\",\"@id\":\"https:\/\/www.lesacduberger.com\/produit\/portefeuille-maquignon\/#primaryimage\",\"url\":\"https:\/\/www.lesacduberger.com\/wp-content\/uploads\/2018\/02\/Maquignon-Moka-1-0000.jpg\",\"contentUrl\":\"https:\/\/www.lesacduberger.com\/wp-content\/uploads\/2018\/02\/Maquignon-Moka-1-0000.jpg\",\"width\":1080,\"height\":1350},{\"@type\":\"BreadcrumbList\",\"@id\":\"https:\/\/www.lesacduberger.com\/produit\/portefeuille-maquignon\/#breadcrumb\",\"itemListElement\":[{\"@type\":\"ListItem\",\"position\":1,\"name\":\"Accueil\",\"item\":\"https:\/\/www.lesacduberger.com\/\"},{\"@type\":\"ListItem\",\"position\":2,\"name\":\"Boutique\",\"item\":\"https:\/\/www.lesacduberger.com\/boutique\/\"},{\"@type\":\"ListItem\",\"position\":3,\"name\":\"Maquignon n\u00b01\"}]},{\"@type\":\"WebSite\",\"@id\":\"https:\/\/www.lesacduberger.com\/#website\",\"url\":\"https:\/\/www.lesacduberger.com\/\",\"name\":\"Le Sac du Berger\",\"description\":\"\",\"publisher\":{\"@id\":\"https:\/\/www.lesacduberger.com\/#organization\"},\"potentialAction\":[{\"@type\":\"SearchAction\",\"target\":{\"@type\":\"EntryPoint\",\"urlTemplate\":\"https:\/\/www.lesacduberger.com\/?s={search_term_string}\"},\"query-input\":{\"@type\":\"PropertyValueSpecification\",\"valueRequired\":true,\"valueName\":\"search_term_string\"}}],\"inLanguage\":\"en-US\"},{\"@type\":\"Organization\",\"@id\":\"https:\/\/www.lesacduberger.com\/#organization\",\"name\":\"Le Sac du Berger\",\"url\":\"https:\/\/www.lesacduberger.com\/\",\"logo\":{\"@type\":\"ImageObject\",\"inLanguage\":\"en-US\",\"@id\":\"https:\/\/www.lesacduberger.com\/#\/schema\/logo\/image\/\",\"url\":\"https:\/\/www.lesacduberger.com\/wp-content\/uploads\/2020\/09\/Logo-Sac-du-Berger-blanc-OK.png\",\"contentUrl\":\"https:\/\/www.lesacduberger.com\/wp-content\/uploads\/2020\/09\/Logo-Sac-du-Berger-blanc-OK.png\",\"width\":2093,\"height\":510,\"caption\":\"Le Sac du Berger\"},\"image\":{\"@id\":\"https:\/\/www.lesacduberger.com\/#\/schema\/logo\/image\/\"},\"sameAs\":[\"https:\/\/www.facebook.com\/lesacduberger\",\"https:\/\/www.instagram.com\/lesacduberger\/?hl=fr\"]}]}<\/script>\n<!-- \/ Yoast SEO plugin. -->","yoast_head_json":{"title":"Maquignon n\u00b01 artisanal leather wallet made in France","description":"Maquignon n\u00b01 wallet in cowhide leather, locally tanned in Occitanie. Ideal for storing credit cards, coins and papers.","robots":{"index":"index","follow":"follow","max-snippet":"max-snippet:-1","max-image-preview":"max-image-preview:large","max-video-preview":"max-video-preview:-1"},"canonical":"https:\/\/www.lesacduberger.com\/en\/product\/maquignon-wallet\/","og_locale":"en_US","og_title":"Maquignon n\u00b01 portefeuille cuir artisanal made in France","og_description":"Maquignon n\u00b01 portefeuille en cuir vachette tann\u00e9 localement en Occitanie. Id\u00e9al pour ranger cartes bleues, monnaie et papiers.","og_url":"https:\/\/www.lesacduberger.com\/en\/product\/maquignon-wallet\/","og_site_name":"Le Sac du Berger","article_publisher":"https:\/\/www.facebook.com\/lesacduberger","article_modified_time":"2026-05-14T07:06:08+00:00","og_image":[{"width":1080,"height":1350,"url":"https:\/\/www.lesacduberger.com\/wp-content\/uploads\/2018\/02\/Maquignon-Moka-1-0000.jpg","type":"image\/jpeg"}],"twitter_card":"summary_large_image","schema":{"@context":"https:\/\/schema.org","@graph":[{"@type":"WebPage","@id":"https:\/\/www.lesacduberger.com\/produit\/portefeuille-maquignon\/","url":"https:\/\/www.lesacduberger.com\/produit\/portefeuille-maquignon\/","name":"Maquignon n\u00b01 artisanal leather wallet made in France","isPartOf":{"@id":"https:\/\/www.lesacduberger.com\/#website"},"primaryImageOfPage":{"@id":"https:\/\/www.lesacduberger.com\/produit\/portefeuille-maquignon\/#primaryimage"},"image":{"@id":"https:\/\/www.lesacduberger.com\/produit\/portefeuille-maquignon\/#primaryimage"},"thumbnailUrl":"https:\/\/www.lesacduberger.com\/wp-content\/uploads\/2018\/02\/Maquignon-Moka-1-0000.jpg","datePublished":"2018-02-22T14:52:49+00:00","dateModified":"2026-05-14T07:06:08+00:00","description":"Maquignon n\u00b01 wallet in cowhide leather, locally tanned in Occitanie. Ideal for storing credit cards, coins and papers.","breadcrumb":{"@id":"https:\/\/www.lesacduberger.com\/produit\/portefeuille-maquignon\/#breadcrumb"},"inLanguage":"en-US","potentialAction":[{"@type":"ReadAction","target":["https:\/\/www.lesacduberger.com\/produit\/portefeuille-maquignon\/"]}]},{"@type":"ImageObject","inLanguage":"en-US","@id":"https:\/\/www.lesacduberger.com\/produit\/portefeuille-maquignon\/#primaryimage","url":"https:\/\/www.lesacduberger.com\/wp-content\/uploads\/2018\/02\/Maquignon-Moka-1-0000.jpg","contentUrl":"https:\/\/www.lesacduberger.com\/wp-content\/uploads\/2018\/02\/Maquignon-Moka-1-0000.jpg","width":1080,"height":1350},{"@type":"BreadcrumbList","@id":"https:\/\/www.lesacduberger.com\/produit\/portefeuille-maquignon\/#breadcrumb","itemListElement":[{"@type":"ListItem","position":1,"name":"Accueil","item":"https:\/\/www.lesacduberger.com\/"},{"@type":"ListItem","position":2,"name":"Boutique","item":"https:\/\/www.lesacduberger.com\/boutique\/"},{"@type":"ListItem","position":3,"name":"Maquignon n\u00b01"}]},{"@type":"WebSite","@id":"https:\/\/www.lesacduberger.com\/#website","url":"https:\/\/www.lesacduberger.com\/","name":"Le Sac du Berger","description":"","publisher":{"@id":"https:\/\/www.lesacduberger.com\/#organization"},"potentialAction":[{"@type":"SearchAction","target":{"@type":"EntryPoint","urlTemplate":"https:\/\/www.lesacduberger.com\/?s={search_term_string}"},"query-input":{"@type":"PropertyValueSpecification","valueRequired":true,"valueName":"search_term_string"}}],"inLanguage":"en-US"},{"@type":"Organization","@id":"https:\/\/www.lesacduberger.com\/#organization","name":"Le Sac du Berger","url":"https:\/\/www.lesacduberger.com\/","logo":{"@type":"ImageObject","inLanguage":"en-US","@id":"https:\/\/www.lesacduberger.com\/#\/schema\/logo\/image\/","url":"https:\/\/www.lesacduberger.com\/wp-content\/uploads\/2020\/09\/Logo-Sac-du-Berger-blanc-OK.png","contentUrl":"https:\/\/www.lesacduberger.com\/wp-content\/uploads\/2020\/09\/Logo-Sac-du-Berger-blanc-OK.png","width":2093,"height":510,"caption":"Le Sac du Berger"},"image":{"@id":"https:\/\/www.lesacduberger.com\/#\/schema\/logo\/image\/"},"sameAs":["https:\/\/www.facebook.com\/lesacduberger","https:\/\/www.instagram.com\/lesacduberger\/?hl=fr"]}]}},"_links":{"self":[{"href":"https:\/\/www.lesacduberger.com\/en\/wp-json\/wp\/v2\/product\/22392","targetHints":{"allow":["GET"]}}],"collection":[{"href":"https:\/\/www.lesacduberger.com\/en\/wp-json\/wp\/v2\/product"}],"about":[{"href":"https:\/\/www.lesacduberger.com\/en\/wp-json\/wp\/v2\/types\/product"}],"wp:featuredmedia":[{"embeddable":true,"href":"https:\/\/www.lesacduberger.com\/en\/wp-json\/wp\/v2\/media\/46722"}],"wp:attachment":[{"href":"https:\/\/www.lesacduberger.com\/en\/wp-json\/wp\/v2\/media?parent=22392"}],"wp:term":[{"taxonomy":"product_brand","embeddable":true,"href":"https:\/\/www.lesacduberger.com\/en\/wp-json\/wp\/v2\/product_brand?post=22392"},{"taxonomy":"product_cat","embeddable":true,"href":"https:\/\/www.lesacduberger.com\/en\/wp-json\/wp\/v2\/product_cat?post=22392"},{"taxonomy":"product_tag","embeddable":true,"href":"https:\/\/www.lesacduberger.com\/en\/wp-json\/wp\/v2\/product_tag?post=22392"},{"taxonomy":"giftcard-category","embeddable":true,"href":"https:\/\/www.lesacduberger.com\/en\/wp-json\/wp\/v2\/giftcard-category?post=22392"}],"curies":[{"name":"wp","href":"https:\/\/api.w.org\/{rel}","templated":true}]}}