{"id":22429,"date":"2018-02-23T16:43:08","date_gmt":"2018-02-23T15:43:08","guid":{"rendered":"https:\/\/www.lesacduberger.com\/produit\/sac-eulalie-n2\/"},"modified":"2026-04-11T19:46:19","modified_gmt":"2026-04-11T17:46:19","slug":"bag-eulalie-n2","status":"publish","type":"product","link":"https:\/\/www.lesacduberger.com\/en\/product\/bag-eulalie-n2\/","title":{"rendered":"Eulalie bag n\u00b02"},"content":{"rendered":"<h2>Small leather crescent moon handbag<\/h2>\n<p>Our Sac Eulalie, a small shoulder bag in the shape of a crescent moon, takes its name from a charming Templar village near the workshop: Sainte-Eulalie-de-Cernon.<\/p>\n<ul>\n<li>Inside, a unique storage space with patch pocket<\/li>\n<li>Zippered closure<\/li>\n<li>Sewn-in placket, adorned with pompom, fastened with screw-down collar button<\/li>\n<li>Adjustable soft leather shoulder strap<\/li>\n<\/ul>\n<p>This bag is available in 2 sizes. This is the larger model.<\/p>\n<p>The various stages of production, from the origin of the skins to the tanning and finishing of the finished object, are carried out within a 120-kilometer radius of the Layrolle workshop.<\/p>\n<p>All our products are designed to be durable and repairable.<\/p>","protected":false},"excerpt":{"rendered":"<p>Petit sac \u00e0 main en croissant de lune en cuir Notre Sac Eulalie, petit sac \u00e0 bandouli\u00e8re en forme de croissant de lune, tire son nom d\u2019un charmant village Templier situ\u00e9 pr\u00e8s de l\u2019atelier: Sainte-Eulalie-de-Cernon. A l&rsquo;int\u00e9rieur, un espace de rangement unique avec poche plaqu\u00e9e Refermable par fermeture \u00e9clair Patte cousue, orn\u00e9e d&rsquo;un pompon, fix\u00e9e [&hellip;]<\/p>\n","protected":false},"featured_media":45823,"template":"","meta":[],"product_brand":[],"product_cat":[1534,1525,1551],"product_tag":[],"giftcard-category":[],"class_list":{"0":"post-22429","1":"product","2":"type-product","3":"status-publish","4":"has-post-thumbnail","6":"product_cat-les-sacs-bandouliere","7":"product_cat-sacs","8":"product_cat-les-petits-sacs","9":"pa_couleur-fauve","10":"pa_couleur-vert-foret","11":"pa_couleur-vert-olive","12":"pa_couleur-noir","13":"pa_couleur-rouge","14":"pa_couleur-moka","15":"pa_hauteur-1712","16":"pa_largeur-1756","17":"pa_profondeur-1784","19":"first","20":"instock","21":"taxable","22":"shipping-taxable","23":"purchasable","24":"product-type-variable","25":"has-default-attributes"},"yoast_head":"<!-- This site is optimized with the Yoast SEO plugin v27.1.1 - https:\/\/yoast.com\/product\/yoast-seo-wordpress\/ -->\n<title>Petit sac en croissant de lune, en cuir pleine fleur de vachette.<\/title>\n<meta name=\"description\" content=\"Sac en forme de croissant de lune, en cuir pleine fleur de vachette. Grand espace de rangement. Fermeture \u00e9clair et pompon avec bouton\" \/>\n<meta name=\"robots\" content=\"index, follow, max-snippet:-1, max-image-preview:large, max-video-preview:-1\" \/>\n<link rel=\"canonical\" href=\"https:\/\/www.lesacduberger.com\/en\/product\/bag-eulalie-n2\/\" \/>\n<meta property=\"og:locale\" content=\"en_US\" \/>\n<meta property=\"og:title\" content=\"Petit sac en croissant de lune, en cuir pleine fleur de vachette.\" \/>\n<meta property=\"og:description\" content=\"Sac en forme de croissant de lune, en cuir pleine fleur de vachette. Grand espace de rangement. Fermeture \u00e9clair et pompon avec bouton\" \/>\n<meta property=\"og:url\" content=\"https:\/\/www.lesacduberger.com\/en\/product\/bag-eulalie-n2\/\" \/>\n<meta property=\"og:site_name\" content=\"Le Sac du Berger\" \/>\n<meta property=\"article:publisher\" content=\"https:\/\/www.facebook.com\/lesacduberger\" \/>\n<meta property=\"article:modified_time\" content=\"2026-04-11T17:46:19+00:00\" \/>\n<meta property=\"og:image\" content=\"https:\/\/www.lesacduberger.com\/wp-content\/uploads\/2018\/02\/Sac-Eulalie-n\u00b02-4-3.jpg\" \/>\n\t<meta property=\"og:image:width\" content=\"686\" \/>\n\t<meta property=\"og:image:height\" content=\"1028\" \/>\n\t<meta property=\"og:image:type\" content=\"image\/jpeg\" \/>\n<meta name=\"twitter:card\" content=\"summary_large_image\" \/>\n<script type=\"application\/ld+json\" class=\"yoast-schema-graph\">{\"@context\":\"https:\/\/schema.org\",\"@graph\":[{\"@type\":\"WebPage\",\"@id\":\"https:\/\/www.lesacduberger.com\/produit\/sac-eulalie-n2\/\",\"url\":\"https:\/\/www.lesacduberger.com\/produit\/sac-eulalie-n2\/\",\"name\":\"Petit sac en croissant de lune, en cuir pleine fleur de vachette.\",\"isPartOf\":{\"@id\":\"https:\/\/www.lesacduberger.com\/#website\"},\"primaryImageOfPage\":{\"@id\":\"https:\/\/www.lesacduberger.com\/produit\/sac-eulalie-n2\/#primaryimage\"},\"image\":{\"@id\":\"https:\/\/www.lesacduberger.com\/produit\/sac-eulalie-n2\/#primaryimage\"},\"thumbnailUrl\":\"https:\/\/www.lesacduberger.com\/wp-content\/uploads\/2018\/02\/Sac-Eulalie-n%C2%B02-4-3-1.jpg\",\"datePublished\":\"2018-02-23T15:43:08+00:00\",\"dateModified\":\"2026-04-11T17:46:19+00:00\",\"description\":\"Sac en forme de croissant de lune, en cuir pleine fleur de vachette. Grand espace de rangement. Fermeture \u00e9clair et pompon avec bouton\",\"breadcrumb\":{\"@id\":\"https:\/\/www.lesacduberger.com\/produit\/sac-eulalie-n2\/#breadcrumb\"},\"inLanguage\":\"en-US\",\"potentialAction\":[{\"@type\":\"ReadAction\",\"target\":[\"https:\/\/www.lesacduberger.com\/produit\/sac-eulalie-n2\/\"]}]},{\"@type\":\"ImageObject\",\"inLanguage\":\"en-US\",\"@id\":\"https:\/\/www.lesacduberger.com\/produit\/sac-eulalie-n2\/#primaryimage\",\"url\":\"https:\/\/www.lesacduberger.com\/wp-content\/uploads\/2018\/02\/Sac-Eulalie-n%C2%B02-4-3-1.jpg\",\"contentUrl\":\"https:\/\/www.lesacduberger.com\/wp-content\/uploads\/2018\/02\/Sac-Eulalie-n%C2%B02-4-3-1.jpg\",\"width\":686,\"height\":1028},{\"@type\":\"BreadcrumbList\",\"@id\":\"https:\/\/www.lesacduberger.com\/produit\/sac-eulalie-n2\/#breadcrumb\",\"itemListElement\":[{\"@type\":\"ListItem\",\"position\":1,\"name\":\"Accueil\",\"item\":\"https:\/\/www.lesacduberger.com\/\"},{\"@type\":\"ListItem\",\"position\":2,\"name\":\"Boutique\",\"item\":\"https:\/\/www.lesacduberger.com\/boutique\/\"},{\"@type\":\"ListItem\",\"position\":3,\"name\":\"Sac Eulalie n\u00b02\"}]},{\"@type\":\"WebSite\",\"@id\":\"https:\/\/www.lesacduberger.com\/#website\",\"url\":\"https:\/\/www.lesacduberger.com\/\",\"name\":\"Le Sac du Berger\",\"description\":\"\",\"publisher\":{\"@id\":\"https:\/\/www.lesacduberger.com\/#organization\"},\"potentialAction\":[{\"@type\":\"SearchAction\",\"target\":{\"@type\":\"EntryPoint\",\"urlTemplate\":\"https:\/\/www.lesacduberger.com\/?s={search_term_string}\"},\"query-input\":{\"@type\":\"PropertyValueSpecification\",\"valueRequired\":true,\"valueName\":\"search_term_string\"}}],\"inLanguage\":\"en-US\"},{\"@type\":\"Organization\",\"@id\":\"https:\/\/www.lesacduberger.com\/#organization\",\"name\":\"Le Sac du Berger\",\"url\":\"https:\/\/www.lesacduberger.com\/\",\"logo\":{\"@type\":\"ImageObject\",\"inLanguage\":\"en-US\",\"@id\":\"https:\/\/www.lesacduberger.com\/#\/schema\/logo\/image\/\",\"url\":\"https:\/\/www.lesacduberger.com\/wp-content\/uploads\/2020\/09\/Logo-Sac-du-Berger-blanc-OK.png\",\"contentUrl\":\"https:\/\/www.lesacduberger.com\/wp-content\/uploads\/2020\/09\/Logo-Sac-du-Berger-blanc-OK.png\",\"width\":2093,\"height\":510,\"caption\":\"Le Sac du Berger\"},\"image\":{\"@id\":\"https:\/\/www.lesacduberger.com\/#\/schema\/logo\/image\/\"},\"sameAs\":[\"https:\/\/www.facebook.com\/lesacduberger\",\"https:\/\/www.instagram.com\/lesacduberger\/?hl=fr\"]}]}<\/script>\n<!-- \/ Yoast SEO plugin. -->","yoast_head_json":{"title":"Small crescent-shaped bag, in full grain cowhide.","description":"Crescent-shaped bag in full grain cowhide leather. Large storage space. Zipper and pompom with button","robots":{"index":"index","follow":"follow","max-snippet":"max-snippet:-1","max-image-preview":"max-image-preview:large","max-video-preview":"max-video-preview:-1"},"canonical":"https:\/\/www.lesacduberger.com\/en\/product\/bag-eulalie-n2\/","og_locale":"en_US","og_title":"Petit sac en croissant de lune, en cuir pleine fleur de vachette.","og_description":"Sac en forme de croissant de lune, en cuir pleine fleur de vachette. Grand espace de rangement. Fermeture \u00e9clair et pompon avec bouton","og_url":"https:\/\/www.lesacduberger.com\/en\/product\/bag-eulalie-n2\/","og_site_name":"Le Sac du Berger","article_publisher":"https:\/\/www.facebook.com\/lesacduberger","article_modified_time":"2026-04-11T17:46:19+00:00","og_image":[{"width":686,"height":1028,"url":"https:\/\/www.lesacduberger.com\/wp-content\/uploads\/2018\/02\/Sac-Eulalie-n\u00b02-4-3.jpg","type":"image\/jpeg"}],"twitter_card":"summary_large_image","schema":{"@context":"https:\/\/schema.org","@graph":[{"@type":"WebPage","@id":"https:\/\/www.lesacduberger.com\/produit\/sac-eulalie-n2\/","url":"https:\/\/www.lesacduberger.com\/produit\/sac-eulalie-n2\/","name":"Small crescent-shaped bag, in full grain cowhide.","isPartOf":{"@id":"https:\/\/www.lesacduberger.com\/#website"},"primaryImageOfPage":{"@id":"https:\/\/www.lesacduberger.com\/produit\/sac-eulalie-n2\/#primaryimage"},"image":{"@id":"https:\/\/www.lesacduberger.com\/produit\/sac-eulalie-n2\/#primaryimage"},"thumbnailUrl":"https:\/\/www.lesacduberger.com\/wp-content\/uploads\/2018\/02\/Sac-Eulalie-n%C2%B02-4-3-1.jpg","datePublished":"2018-02-23T15:43:08+00:00","dateModified":"2026-04-11T17:46:19+00:00","description":"Crescent-shaped bag in full grain cowhide leather. Large storage space. Zipper and pompom with button","breadcrumb":{"@id":"https:\/\/www.lesacduberger.com\/produit\/sac-eulalie-n2\/#breadcrumb"},"inLanguage":"en-US","potentialAction":[{"@type":"ReadAction","target":["https:\/\/www.lesacduberger.com\/produit\/sac-eulalie-n2\/"]}]},{"@type":"ImageObject","inLanguage":"en-US","@id":"https:\/\/www.lesacduberger.com\/produit\/sac-eulalie-n2\/#primaryimage","url":"https:\/\/www.lesacduberger.com\/wp-content\/uploads\/2018\/02\/Sac-Eulalie-n%C2%B02-4-3-1.jpg","contentUrl":"https:\/\/www.lesacduberger.com\/wp-content\/uploads\/2018\/02\/Sac-Eulalie-n%C2%B02-4-3-1.jpg","width":686,"height":1028},{"@type":"BreadcrumbList","@id":"https:\/\/www.lesacduberger.com\/produit\/sac-eulalie-n2\/#breadcrumb","itemListElement":[{"@type":"ListItem","position":1,"name":"Accueil","item":"https:\/\/www.lesacduberger.com\/"},{"@type":"ListItem","position":2,"name":"Boutique","item":"https:\/\/www.lesacduberger.com\/boutique\/"},{"@type":"ListItem","position":3,"name":"Sac Eulalie n\u00b02"}]},{"@type":"WebSite","@id":"https:\/\/www.lesacduberger.com\/#website","url":"https:\/\/www.lesacduberger.com\/","name":"Le Sac du Berger","description":"","publisher":{"@id":"https:\/\/www.lesacduberger.com\/#organization"},"potentialAction":[{"@type":"SearchAction","target":{"@type":"EntryPoint","urlTemplate":"https:\/\/www.lesacduberger.com\/?s={search_term_string}"},"query-input":{"@type":"PropertyValueSpecification","valueRequired":true,"valueName":"search_term_string"}}],"inLanguage":"en-US"},{"@type":"Organization","@id":"https:\/\/www.lesacduberger.com\/#organization","name":"Le Sac du Berger","url":"https:\/\/www.lesacduberger.com\/","logo":{"@type":"ImageObject","inLanguage":"en-US","@id":"https:\/\/www.lesacduberger.com\/#\/schema\/logo\/image\/","url":"https:\/\/www.lesacduberger.com\/wp-content\/uploads\/2020\/09\/Logo-Sac-du-Berger-blanc-OK.png","contentUrl":"https:\/\/www.lesacduberger.com\/wp-content\/uploads\/2020\/09\/Logo-Sac-du-Berger-blanc-OK.png","width":2093,"height":510,"caption":"Le Sac du Berger"},"image":{"@id":"https:\/\/www.lesacduberger.com\/#\/schema\/logo\/image\/"},"sameAs":["https:\/\/www.facebook.com\/lesacduberger","https:\/\/www.instagram.com\/lesacduberger\/?hl=fr"]}]}},"_links":{"self":[{"href":"https:\/\/www.lesacduberger.com\/en\/wp-json\/wp\/v2\/product\/22429","targetHints":{"allow":["GET"]}}],"collection":[{"href":"https:\/\/www.lesacduberger.com\/en\/wp-json\/wp\/v2\/product"}],"about":[{"href":"https:\/\/www.lesacduberger.com\/en\/wp-json\/wp\/v2\/types\/product"}],"wp:featuredmedia":[{"embeddable":true,"href":"https:\/\/www.lesacduberger.com\/en\/wp-json\/wp\/v2\/media\/45823"}],"wp:attachment":[{"href":"https:\/\/www.lesacduberger.com\/en\/wp-json\/wp\/v2\/media?parent=22429"}],"wp:term":[{"taxonomy":"product_brand","embeddable":true,"href":"https:\/\/www.lesacduberger.com\/en\/wp-json\/wp\/v2\/product_brand?post=22429"},{"taxonomy":"product_cat","embeddable":true,"href":"https:\/\/www.lesacduberger.com\/en\/wp-json\/wp\/v2\/product_cat?post=22429"},{"taxonomy":"product_tag","embeddable":true,"href":"https:\/\/www.lesacduberger.com\/en\/wp-json\/wp\/v2\/product_tag?post=22429"},{"taxonomy":"giftcard-category","embeddable":true,"href":"https:\/\/www.lesacduberger.com\/en\/wp-json\/wp\/v2\/giftcard-category?post=22429"}],"curies":[{"name":"wp","href":"https:\/\/api.w.org\/{rel}","templated":true}]}}