{"id":22457,"date":"2018-03-01T11:22:15","date_gmt":"2018-03-01T10:22:15","guid":{"rendered":"https:\/\/www.lesacduberger.com\/produit\/trousse-de-toilette-n1\/"},"modified":"2026-04-13T15:06:37","modified_gmt":"2026-04-13T13:06:37","slug":"toiletry-bag-n1","status":"publish","type":"product","link":"https:\/\/www.lesacduberger.com\/en\/product\/toiletry-bag-n1\/","title":{"rendered":"Toiletry bag n\u00b01"},"content":{"rendered":"<h2>The handcrafted leather toiletry bag<\/h2>\n<p>Our Toiletry Bag n\u00b01 is a small leather bag.<\/p>\n<ul>\n<li>Zippered closure<\/li>\n<li>Lined for easy cleaning<\/li>\n<\/ul>\n<p>This kit is available in 2 sizes. This is the smaller model.<\/p>\n<p>The various stages of production, from the origin of the skins to the tanning and finishing of the finished object, are carried out within a 120-kilometer radius of the Layrolle workshop.<\/p>\n<p>All our products are designed to be durable and repairable.<\/p>","protected":false},"excerpt":{"rendered":"<p>La trousse de toilette en cuir artisanale Notre Trousse de toilette n\u00b01 est une petite trousse en cuir. Refermable par fermeture \u00e9clair Doublure de propret\u00e9 afin de faciliter le nettoyage Cette trousse est disponible en 2 tailles. Celle-ci est le plus petit mod\u00e8le. Les diff\u00e9rentes \u00e9tapes de fabrication, de l&rsquo;origine des peaux \u00e0 l&rsquo;objet fini, [&hellip;]<\/p>\n","protected":false},"featured_media":45797,"template":"","meta":[],"product_brand":[],"product_cat":[1545,1530],"product_tag":[],"giftcard-category":[],"class_list":{"0":"post-22457","1":"product","2":"type-product","3":"status-publish","4":"has-post-thumbnail","6":"product_cat-les-trousses","7":"product_cat-accessoires","8":"pa_compositions-cuirdevachetteorigineaveyron","9":"pa_couleur-fauve","10":"pa_couleur-noir","11":"pa_couleur-rouge","12":"pa_couleur-moka","13":"pa_hauteur-13cm","14":"pa_largeur-21cm","15":"pa_profondeur-7cm","17":"first","18":"instock","19":"taxable","20":"shipping-taxable","21":"purchasable","22":"product-type-variable","23":"has-default-attributes"},"yoast_head":"<!-- This site is optimized with the Yoast SEO plugin v27.1.1 - https:\/\/yoast.com\/product\/yoast-seo-wordpress\/ -->\n<title>Trousse toilette n\u00b01 \u2013 Made in France en cuir vachette pleine fleur<\/title>\n<meta name=\"description\" content=\"Trousse toilette en cuir fabriqu\u00e9e par notre atelier, doublure int\u00e9rieure lavable. Petit volume int\u00e9rieur pour ranger la petite cosm\u00e9tique.\" \/>\n<meta name=\"robots\" content=\"index, follow, max-snippet:-1, max-image-preview:large, max-video-preview:-1\" \/>\n<link rel=\"canonical\" href=\"https:\/\/www.lesacduberger.com\/en\/product\/toiletry-bag-n1\/\" \/>\n<meta property=\"og:locale\" content=\"en_US\" \/>\n<meta property=\"og:title\" content=\"Trousse toilette n\u00b01 \u2013 Made in France en cuir vachette pleine fleur\" \/>\n<meta property=\"og:description\" content=\"Trousse toilette en cuir fabriqu\u00e9e par notre atelier, doublure int\u00e9rieure lavable. Petit volume int\u00e9rieur pour ranger la petite cosm\u00e9tique.\" \/>\n<meta property=\"og:url\" content=\"https:\/\/www.lesacduberger.com\/en\/product\/toiletry-bag-n1\/\" \/>\n<meta property=\"og:site_name\" content=\"Le Sac du Berger\" \/>\n<meta property=\"article:publisher\" content=\"https:\/\/www.facebook.com\/lesacduberger\" \/>\n<meta property=\"article:modified_time\" content=\"2026-04-13T13:06:37+00:00\" \/>\n<meta property=\"og:image\" content=\"https:\/\/www.lesacduberger.com\/wp-content\/uploads\/2018\/03\/Trousse-Toilette-n%C2%B01-1-1.jpg\" \/>\n\t<meta property=\"og:image:width\" content=\"1056\" \/>\n\t<meta property=\"og:image:height\" content=\"1512\" \/>\n\t<meta property=\"og:image:type\" content=\"image\/jpeg\" \/>\n<meta name=\"twitter:card\" content=\"summary_large_image\" \/>\n<script type=\"application\/ld+json\" class=\"yoast-schema-graph\">{\"@context\":\"https:\/\/schema.org\",\"@graph\":[{\"@type\":\"WebPage\",\"@id\":\"https:\/\/www.lesacduberger.com\/produit\/trousse-de-toilette-n1\/\",\"url\":\"https:\/\/www.lesacduberger.com\/produit\/trousse-de-toilette-n1\/\",\"name\":\"Trousse toilette n\u00b01 \u2013 Made in France en cuir vachette pleine fleur\",\"isPartOf\":{\"@id\":\"https:\/\/www.lesacduberger.com\/#website\"},\"primaryImageOfPage\":{\"@id\":\"https:\/\/www.lesacduberger.com\/produit\/trousse-de-toilette-n1\/#primaryimage\"},\"image\":{\"@id\":\"https:\/\/www.lesacduberger.com\/produit\/trousse-de-toilette-n1\/#primaryimage\"},\"thumbnailUrl\":\"https:\/\/www.lesacduberger.com\/wp-content\/uploads\/2018\/03\/Trousse-Toilette-n%C2%B01-1-1.jpg\",\"datePublished\":\"2018-03-01T10:22:15+00:00\",\"dateModified\":\"2026-04-13T13:06:37+00:00\",\"description\":\"Trousse toilette en cuir fabriqu\u00e9e par notre atelier, doublure int\u00e9rieure lavable. Petit volume int\u00e9rieur pour ranger la petite cosm\u00e9tique.\",\"breadcrumb\":{\"@id\":\"https:\/\/www.lesacduberger.com\/produit\/trousse-de-toilette-n1\/#breadcrumb\"},\"inLanguage\":\"en-US\",\"potentialAction\":[{\"@type\":\"ReadAction\",\"target\":[\"https:\/\/www.lesacduberger.com\/produit\/trousse-de-toilette-n1\/\"]}]},{\"@type\":\"ImageObject\",\"inLanguage\":\"en-US\",\"@id\":\"https:\/\/www.lesacduberger.com\/produit\/trousse-de-toilette-n1\/#primaryimage\",\"url\":\"https:\/\/www.lesacduberger.com\/wp-content\/uploads\/2018\/03\/Trousse-Toilette-n%C2%B01-1-1.jpg\",\"contentUrl\":\"https:\/\/www.lesacduberger.com\/wp-content\/uploads\/2018\/03\/Trousse-Toilette-n%C2%B01-1-1.jpg\",\"width\":1056,\"height\":1512},{\"@type\":\"BreadcrumbList\",\"@id\":\"https:\/\/www.lesacduberger.com\/produit\/trousse-de-toilette-n1\/#breadcrumb\",\"itemListElement\":[{\"@type\":\"ListItem\",\"position\":1,\"name\":\"Accueil\",\"item\":\"https:\/\/www.lesacduberger.com\/\"},{\"@type\":\"ListItem\",\"position\":2,\"name\":\"Boutique\",\"item\":\"https:\/\/www.lesacduberger.com\/boutique\/\"},{\"@type\":\"ListItem\",\"position\":3,\"name\":\"Trousse de toilette &hellip;\"}]},{\"@type\":\"WebSite\",\"@id\":\"https:\/\/www.lesacduberger.com\/#website\",\"url\":\"https:\/\/www.lesacduberger.com\/\",\"name\":\"Le Sac du Berger\",\"description\":\"\",\"publisher\":{\"@id\":\"https:\/\/www.lesacduberger.com\/#organization\"},\"potentialAction\":[{\"@type\":\"SearchAction\",\"target\":{\"@type\":\"EntryPoint\",\"urlTemplate\":\"https:\/\/www.lesacduberger.com\/?s={search_term_string}\"},\"query-input\":{\"@type\":\"PropertyValueSpecification\",\"valueRequired\":true,\"valueName\":\"search_term_string\"}}],\"inLanguage\":\"en-US\"},{\"@type\":\"Organization\",\"@id\":\"https:\/\/www.lesacduberger.com\/#organization\",\"name\":\"Le Sac du Berger\",\"url\":\"https:\/\/www.lesacduberger.com\/\",\"logo\":{\"@type\":\"ImageObject\",\"inLanguage\":\"en-US\",\"@id\":\"https:\/\/www.lesacduberger.com\/#\/schema\/logo\/image\/\",\"url\":\"https:\/\/www.lesacduberger.com\/wp-content\/uploads\/2020\/09\/Logo-Sac-du-Berger-blanc-OK.png\",\"contentUrl\":\"https:\/\/www.lesacduberger.com\/wp-content\/uploads\/2020\/09\/Logo-Sac-du-Berger-blanc-OK.png\",\"width\":2093,\"height\":510,\"caption\":\"Le Sac du Berger\"},\"image\":{\"@id\":\"https:\/\/www.lesacduberger.com\/#\/schema\/logo\/image\/\"},\"sameAs\":[\"https:\/\/www.facebook.com\/lesacduberger\",\"https:\/\/www.instagram.com\/lesacduberger\/?hl=fr\"]}]}<\/script>\n<!-- \/ Yoast SEO plugin. -->","yoast_head_json":{"title":"Toiletries bag n\u00b01 - Made in France in full grain cowhide leather","description":"Leather toiletry bag made in our workshop, washable inner lining. Small interior volume for small cosmetics.","robots":{"index":"index","follow":"follow","max-snippet":"max-snippet:-1","max-image-preview":"max-image-preview:large","max-video-preview":"max-video-preview:-1"},"canonical":"https:\/\/www.lesacduberger.com\/en\/product\/toiletry-bag-n1\/","og_locale":"en_US","og_title":"Trousse toilette n\u00b01 \u2013 Made in France en cuir vachette pleine fleur","og_description":"Trousse toilette en cuir fabriqu\u00e9e par notre atelier, doublure int\u00e9rieure lavable. Petit volume int\u00e9rieur pour ranger la petite cosm\u00e9tique.","og_url":"https:\/\/www.lesacduberger.com\/en\/product\/toiletry-bag-n1\/","og_site_name":"Le Sac du Berger","article_publisher":"https:\/\/www.facebook.com\/lesacduberger","article_modified_time":"2026-04-13T13:06:37+00:00","og_image":[{"width":1056,"height":1512,"url":"https:\/\/www.lesacduberger.com\/wp-content\/uploads\/2018\/03\/Trousse-Toilette-n%C2%B01-1-1.jpg","type":"image\/jpeg"}],"twitter_card":"summary_large_image","schema":{"@context":"https:\/\/schema.org","@graph":[{"@type":"WebPage","@id":"https:\/\/www.lesacduberger.com\/produit\/trousse-de-toilette-n1\/","url":"https:\/\/www.lesacduberger.com\/produit\/trousse-de-toilette-n1\/","name":"Toiletries bag n\u00b01 - Made in France in full grain cowhide leather","isPartOf":{"@id":"https:\/\/www.lesacduberger.com\/#website"},"primaryImageOfPage":{"@id":"https:\/\/www.lesacduberger.com\/produit\/trousse-de-toilette-n1\/#primaryimage"},"image":{"@id":"https:\/\/www.lesacduberger.com\/produit\/trousse-de-toilette-n1\/#primaryimage"},"thumbnailUrl":"https:\/\/www.lesacduberger.com\/wp-content\/uploads\/2018\/03\/Trousse-Toilette-n%C2%B01-1-1.jpg","datePublished":"2018-03-01T10:22:15+00:00","dateModified":"2026-04-13T13:06:37+00:00","description":"Leather toiletry bag made in our workshop, washable inner lining. Small interior volume for small cosmetics.","breadcrumb":{"@id":"https:\/\/www.lesacduberger.com\/produit\/trousse-de-toilette-n1\/#breadcrumb"},"inLanguage":"en-US","potentialAction":[{"@type":"ReadAction","target":["https:\/\/www.lesacduberger.com\/produit\/trousse-de-toilette-n1\/"]}]},{"@type":"ImageObject","inLanguage":"en-US","@id":"https:\/\/www.lesacduberger.com\/produit\/trousse-de-toilette-n1\/#primaryimage","url":"https:\/\/www.lesacduberger.com\/wp-content\/uploads\/2018\/03\/Trousse-Toilette-n%C2%B01-1-1.jpg","contentUrl":"https:\/\/www.lesacduberger.com\/wp-content\/uploads\/2018\/03\/Trousse-Toilette-n%C2%B01-1-1.jpg","width":1056,"height":1512},{"@type":"BreadcrumbList","@id":"https:\/\/www.lesacduberger.com\/produit\/trousse-de-toilette-n1\/#breadcrumb","itemListElement":[{"@type":"ListItem","position":1,"name":"Accueil","item":"https:\/\/www.lesacduberger.com\/"},{"@type":"ListItem","position":2,"name":"Boutique","item":"https:\/\/www.lesacduberger.com\/boutique\/"},{"@type":"ListItem","position":3,"name":"Trousse de toilette &hellip;"}]},{"@type":"WebSite","@id":"https:\/\/www.lesacduberger.com\/#website","url":"https:\/\/www.lesacduberger.com\/","name":"Le Sac du Berger","description":"","publisher":{"@id":"https:\/\/www.lesacduberger.com\/#organization"},"potentialAction":[{"@type":"SearchAction","target":{"@type":"EntryPoint","urlTemplate":"https:\/\/www.lesacduberger.com\/?s={search_term_string}"},"query-input":{"@type":"PropertyValueSpecification","valueRequired":true,"valueName":"search_term_string"}}],"inLanguage":"en-US"},{"@type":"Organization","@id":"https:\/\/www.lesacduberger.com\/#organization","name":"Le Sac du Berger","url":"https:\/\/www.lesacduberger.com\/","logo":{"@type":"ImageObject","inLanguage":"en-US","@id":"https:\/\/www.lesacduberger.com\/#\/schema\/logo\/image\/","url":"https:\/\/www.lesacduberger.com\/wp-content\/uploads\/2020\/09\/Logo-Sac-du-Berger-blanc-OK.png","contentUrl":"https:\/\/www.lesacduberger.com\/wp-content\/uploads\/2020\/09\/Logo-Sac-du-Berger-blanc-OK.png","width":2093,"height":510,"caption":"Le Sac du Berger"},"image":{"@id":"https:\/\/www.lesacduberger.com\/#\/schema\/logo\/image\/"},"sameAs":["https:\/\/www.facebook.com\/lesacduberger","https:\/\/www.instagram.com\/lesacduberger\/?hl=fr"]}]}},"_links":{"self":[{"href":"https:\/\/www.lesacduberger.com\/en\/wp-json\/wp\/v2\/product\/22457","targetHints":{"allow":["GET"]}}],"collection":[{"href":"https:\/\/www.lesacduberger.com\/en\/wp-json\/wp\/v2\/product"}],"about":[{"href":"https:\/\/www.lesacduberger.com\/en\/wp-json\/wp\/v2\/types\/product"}],"wp:featuredmedia":[{"embeddable":true,"href":"https:\/\/www.lesacduberger.com\/en\/wp-json\/wp\/v2\/media\/45797"}],"wp:attachment":[{"href":"https:\/\/www.lesacduberger.com\/en\/wp-json\/wp\/v2\/media?parent=22457"}],"wp:term":[{"taxonomy":"product_brand","embeddable":true,"href":"https:\/\/www.lesacduberger.com\/en\/wp-json\/wp\/v2\/product_brand?post=22457"},{"taxonomy":"product_cat","embeddable":true,"href":"https:\/\/www.lesacduberger.com\/en\/wp-json\/wp\/v2\/product_cat?post=22457"},{"taxonomy":"product_tag","embeddable":true,"href":"https:\/\/www.lesacduberger.com\/en\/wp-json\/wp\/v2\/product_tag?post=22457"},{"taxonomy":"giftcard-category","embeddable":true,"href":"https:\/\/www.lesacduberger.com\/en\/wp-json\/wp\/v2\/giftcard-category?post=22457"}],"curies":[{"name":"wp","href":"https:\/\/api.w.org\/{rel}","templated":true}]}}