{"id":22470,"date":"2018-03-01T16:00:09","date_gmt":"2018-03-01T15:00:09","guid":{"rendered":"https:\/\/www.lesacduberger.com\/produit\/gilet-peau-lainee-2\/"},"modified":"2026-04-02T16:41:32","modified_gmt":"2026-04-02T14:41:32","slug":"woollen-skin-vest-2","status":"publish","type":"product","link":"https:\/\/www.lesacduberger.com\/en\/product\/woollen-skin-vest-2\/","title":{"rendered":"Women's wool vest"},"content":{"rendered":"<h2>Ladies' wool vest<\/h2>\n<ul>\n<li>In Merino lambskin<\/li>\n<li>V-neck<\/li>\n<li>Metal zipper<\/li>\n<li>Leather edging<\/li>\n<li>Two inside wool pockets<\/li>\n<li>Approximate back height: 75 cm<\/li>\n<\/ul>\n<p>To determine the size: take the chest circumference (with the type of clothing worn under the vest) and divide by two. Example: chest circumference = 100 cm, vest size to order is 50.<\/p>\n<p>The various stages of production, from the origin of the skins to the tanning and finishing of the finished object, are carried out within a 120-kilometer radius of the Layrolle workshop.<\/p>\n<p>All our products are designed to be durable and repairable.<\/p>\n<p><strong>Confectionn\u00e9 pour vous, sur commande.<\/strong><\/p>","protected":false},"excerpt":{"rendered":"<p>Gilet en peau lain\u00e9e pour femme En peau d&rsquo;agneau M\u00e9rinos Col en V Fermeture \u00e9clair m\u00e9tallique Bordage cuir Deux poches avec laine \u00e0 l&rsquo;int\u00e9rieur Hauteur de dos approximative : 75 cm Pour d\u00e9terminer la taille : prendre le tour de poitrine (avec le type de v\u00eatements port\u00e9 sous le gilet) et le diviser par deux. [&hellip;]<\/p>\n","protected":false},"featured_media":45838,"template":"","meta":[],"product_brand":[],"product_cat":[1537,1527],"product_tag":[],"giftcard-category":[],"class_list":{"0":"post-22470","1":"product","2":"type-product","3":"status-publish","4":"has-post-thumbnail","6":"product_cat-les-vestes-peau-lainee","7":"product_cat-vetements","8":"pa_couleur-fauve","9":"pa_couleur-marronsombre","10":"pa_taille-1570","11":"pa_taille-1571","12":"pa_taille-1572","13":"pa_taille-1573","14":"pa_taille-1574","16":"first","17":"instock","18":"taxable","19":"shipping-taxable","20":"purchasable","21":"product-type-variable","22":"has-default-attributes"},"yoast_head":"<!-- This site is optimized with the Yoast SEO plugin v27.1.1 - https:\/\/yoast.com\/product\/yoast-seo-wordpress\/ -->\n<title>Gilet en peau lain\u00e9e pour Femme - Fabrication artisanale fran\u00e7aise<\/title>\n<meta name=\"description\" content=\"D\u00e9couvrez ce gilet en peau lain\u00e9e pour femme fabriqu\u00e9 en France sur le site du Sac du Berger, sp\u00e9cialiste fran\u00e7ais des produits artisanaux.\" \/>\n<meta name=\"robots\" content=\"index, follow, max-snippet:-1, max-image-preview:large, max-video-preview:-1\" \/>\n<link rel=\"canonical\" href=\"https:\/\/www.lesacduberger.com\/en\/product\/woollen-skin-vest-2\/\" \/>\n<meta property=\"og:locale\" content=\"en_US\" \/>\n<meta property=\"og:title\" content=\"Gilet en peau lain\u00e9e pour Femme - Fabrication artisanale fran\u00e7aise\" \/>\n<meta property=\"og:description\" content=\"D\u00e9couvrez ce gilet en peau lain\u00e9e pour femme fabriqu\u00e9 en France sur le site du Sac du Berger, sp\u00e9cialiste fran\u00e7ais des produits artisanaux.\" \/>\n<meta property=\"og:url\" content=\"https:\/\/www.lesacduberger.com\/en\/product\/woollen-skin-vest-2\/\" \/>\n<meta property=\"og:site_name\" content=\"Le Sac du Berger\" \/>\n<meta property=\"article:publisher\" content=\"https:\/\/www.facebook.com\/lesacduberger\" \/>\n<meta property=\"article:modified_time\" content=\"2026-04-02T14:41:32+00:00\" \/>\n<meta property=\"og:image\" content=\"https:\/\/www.lesacduberger.com\/wp-content\/uploads\/2018\/03\/Gilet-peau-lainee-femme-Moka-3_rogne-1.jpg\" \/>\n\t<meta property=\"og:image:width\" content=\"683\" \/>\n\t<meta property=\"og:image:height\" content=\"1024\" \/>\n\t<meta property=\"og:image:type\" content=\"image\/jpeg\" \/>\n<meta name=\"twitter:card\" content=\"summary_large_image\" \/>\n<script type=\"application\/ld+json\" class=\"yoast-schema-graph\">{\"@context\":\"https:\/\/schema.org\",\"@graph\":[{\"@type\":\"WebPage\",\"@id\":\"https:\/\/www.lesacduberger.com\/produit\/gilet-peau-lainee-2\/\",\"url\":\"https:\/\/www.lesacduberger.com\/produit\/gilet-peau-lainee-2\/\",\"name\":\"Gilet en peau lain\u00e9e pour Femme - Fabrication artisanale fran\u00e7aise\",\"isPartOf\":{\"@id\":\"https:\/\/www.lesacduberger.com\/#website\"},\"primaryImageOfPage\":{\"@id\":\"https:\/\/www.lesacduberger.com\/produit\/gilet-peau-lainee-2\/#primaryimage\"},\"image\":{\"@id\":\"https:\/\/www.lesacduberger.com\/produit\/gilet-peau-lainee-2\/#primaryimage\"},\"thumbnailUrl\":\"https:\/\/www.lesacduberger.com\/wp-content\/uploads\/2018\/03\/Gilet-peau-lainee-femme-Moka-3_rogne-1.jpg\",\"datePublished\":\"2018-03-01T15:00:09+00:00\",\"dateModified\":\"2026-04-02T14:41:32+00:00\",\"description\":\"D\u00e9couvrez ce gilet en peau lain\u00e9e pour femme fabriqu\u00e9 en France sur le site du Sac du Berger, sp\u00e9cialiste fran\u00e7ais des produits artisanaux.\",\"breadcrumb\":{\"@id\":\"https:\/\/www.lesacduberger.com\/produit\/gilet-peau-lainee-2\/#breadcrumb\"},\"inLanguage\":\"en-US\",\"potentialAction\":[{\"@type\":\"ReadAction\",\"target\":[\"https:\/\/www.lesacduberger.com\/produit\/gilet-peau-lainee-2\/\"]}]},{\"@type\":\"ImageObject\",\"inLanguage\":\"en-US\",\"@id\":\"https:\/\/www.lesacduberger.com\/produit\/gilet-peau-lainee-2\/#primaryimage\",\"url\":\"https:\/\/www.lesacduberger.com\/wp-content\/uploads\/2018\/03\/Gilet-peau-lainee-femme-Moka-3_rogne-1.jpg\",\"contentUrl\":\"https:\/\/www.lesacduberger.com\/wp-content\/uploads\/2018\/03\/Gilet-peau-lainee-femme-Moka-3_rogne-1.jpg\",\"width\":683,\"height\":1024},{\"@type\":\"BreadcrumbList\",\"@id\":\"https:\/\/www.lesacduberger.com\/produit\/gilet-peau-lainee-2\/#breadcrumb\",\"itemListElement\":[{\"@type\":\"ListItem\",\"position\":1,\"name\":\"Accueil\",\"item\":\"https:\/\/www.lesacduberger.com\/\"},{\"@type\":\"ListItem\",\"position\":2,\"name\":\"Boutique\",\"item\":\"https:\/\/www.lesacduberger.com\/boutique\/\"},{\"@type\":\"ListItem\",\"position\":3,\"name\":\"Gilet Peau lain\u00e9e F&hellip;\"}]},{\"@type\":\"WebSite\",\"@id\":\"https:\/\/www.lesacduberger.com\/#website\",\"url\":\"https:\/\/www.lesacduberger.com\/\",\"name\":\"Le Sac du Berger\",\"description\":\"\",\"publisher\":{\"@id\":\"https:\/\/www.lesacduberger.com\/#organization\"},\"potentialAction\":[{\"@type\":\"SearchAction\",\"target\":{\"@type\":\"EntryPoint\",\"urlTemplate\":\"https:\/\/www.lesacduberger.com\/?s={search_term_string}\"},\"query-input\":{\"@type\":\"PropertyValueSpecification\",\"valueRequired\":true,\"valueName\":\"search_term_string\"}}],\"inLanguage\":\"en-US\"},{\"@type\":\"Organization\",\"@id\":\"https:\/\/www.lesacduberger.com\/#organization\",\"name\":\"Le Sac du Berger\",\"url\":\"https:\/\/www.lesacduberger.com\/\",\"logo\":{\"@type\":\"ImageObject\",\"inLanguage\":\"en-US\",\"@id\":\"https:\/\/www.lesacduberger.com\/#\/schema\/logo\/image\/\",\"url\":\"https:\/\/www.lesacduberger.com\/wp-content\/uploads\/2020\/09\/Logo-Sac-du-Berger-blanc-OK.png\",\"contentUrl\":\"https:\/\/www.lesacduberger.com\/wp-content\/uploads\/2020\/09\/Logo-Sac-du-Berger-blanc-OK.png\",\"width\":2093,\"height\":510,\"caption\":\"Le Sac du Berger\"},\"image\":{\"@id\":\"https:\/\/www.lesacduberger.com\/#\/schema\/logo\/image\/\"},\"sameAs\":[\"https:\/\/www.facebook.com\/lesacduberger\",\"https:\/\/www.instagram.com\/lesacduberger\/?hl=fr\"]}]}<\/script>\n<!-- \/ Yoast SEO plugin. -->","yoast_head_json":{"title":"Women's wool vest - French craftsmanship","description":"Discover this women's woollen-skin cardigan made in France on the Sac du Berger website, a French specialist in artisanal products.","robots":{"index":"index","follow":"follow","max-snippet":"max-snippet:-1","max-image-preview":"max-image-preview:large","max-video-preview":"max-video-preview:-1"},"canonical":"https:\/\/www.lesacduberger.com\/en\/product\/woollen-skin-vest-2\/","og_locale":"en_US","og_title":"Gilet en peau lain\u00e9e pour Femme - Fabrication artisanale fran\u00e7aise","og_description":"D\u00e9couvrez ce gilet en peau lain\u00e9e pour femme fabriqu\u00e9 en France sur le site du Sac du Berger, sp\u00e9cialiste fran\u00e7ais des produits artisanaux.","og_url":"https:\/\/www.lesacduberger.com\/en\/product\/woollen-skin-vest-2\/","og_site_name":"Le Sac du Berger","article_publisher":"https:\/\/www.facebook.com\/lesacduberger","article_modified_time":"2026-04-02T14:41:32+00:00","og_image":[{"width":683,"height":1024,"url":"https:\/\/www.lesacduberger.com\/wp-content\/uploads\/2018\/03\/Gilet-peau-lainee-femme-Moka-3_rogne-1.jpg","type":"image\/jpeg"}],"twitter_card":"summary_large_image","schema":{"@context":"https:\/\/schema.org","@graph":[{"@type":"WebPage","@id":"https:\/\/www.lesacduberger.com\/produit\/gilet-peau-lainee-2\/","url":"https:\/\/www.lesacduberger.com\/produit\/gilet-peau-lainee-2\/","name":"Women's wool vest - French craftsmanship","isPartOf":{"@id":"https:\/\/www.lesacduberger.com\/#website"},"primaryImageOfPage":{"@id":"https:\/\/www.lesacduberger.com\/produit\/gilet-peau-lainee-2\/#primaryimage"},"image":{"@id":"https:\/\/www.lesacduberger.com\/produit\/gilet-peau-lainee-2\/#primaryimage"},"thumbnailUrl":"https:\/\/www.lesacduberger.com\/wp-content\/uploads\/2018\/03\/Gilet-peau-lainee-femme-Moka-3_rogne-1.jpg","datePublished":"2018-03-01T15:00:09+00:00","dateModified":"2026-04-02T14:41:32+00:00","description":"Discover this women's woollen-skin cardigan made in France on the Sac du Berger website, a French specialist in artisanal products.","breadcrumb":{"@id":"https:\/\/www.lesacduberger.com\/produit\/gilet-peau-lainee-2\/#breadcrumb"},"inLanguage":"en-US","potentialAction":[{"@type":"ReadAction","target":["https:\/\/www.lesacduberger.com\/produit\/gilet-peau-lainee-2\/"]}]},{"@type":"ImageObject","inLanguage":"en-US","@id":"https:\/\/www.lesacduberger.com\/produit\/gilet-peau-lainee-2\/#primaryimage","url":"https:\/\/www.lesacduberger.com\/wp-content\/uploads\/2018\/03\/Gilet-peau-lainee-femme-Moka-3_rogne-1.jpg","contentUrl":"https:\/\/www.lesacduberger.com\/wp-content\/uploads\/2018\/03\/Gilet-peau-lainee-femme-Moka-3_rogne-1.jpg","width":683,"height":1024},{"@type":"BreadcrumbList","@id":"https:\/\/www.lesacduberger.com\/produit\/gilet-peau-lainee-2\/#breadcrumb","itemListElement":[{"@type":"ListItem","position":1,"name":"Accueil","item":"https:\/\/www.lesacduberger.com\/"},{"@type":"ListItem","position":2,"name":"Boutique","item":"https:\/\/www.lesacduberger.com\/boutique\/"},{"@type":"ListItem","position":3,"name":"Gilet Peau lain\u00e9e F&hellip;"}]},{"@type":"WebSite","@id":"https:\/\/www.lesacduberger.com\/#website","url":"https:\/\/www.lesacduberger.com\/","name":"Le Sac du Berger","description":"","publisher":{"@id":"https:\/\/www.lesacduberger.com\/#organization"},"potentialAction":[{"@type":"SearchAction","target":{"@type":"EntryPoint","urlTemplate":"https:\/\/www.lesacduberger.com\/?s={search_term_string}"},"query-input":{"@type":"PropertyValueSpecification","valueRequired":true,"valueName":"search_term_string"}}],"inLanguage":"en-US"},{"@type":"Organization","@id":"https:\/\/www.lesacduberger.com\/#organization","name":"Le Sac du Berger","url":"https:\/\/www.lesacduberger.com\/","logo":{"@type":"ImageObject","inLanguage":"en-US","@id":"https:\/\/www.lesacduberger.com\/#\/schema\/logo\/image\/","url":"https:\/\/www.lesacduberger.com\/wp-content\/uploads\/2020\/09\/Logo-Sac-du-Berger-blanc-OK.png","contentUrl":"https:\/\/www.lesacduberger.com\/wp-content\/uploads\/2020\/09\/Logo-Sac-du-Berger-blanc-OK.png","width":2093,"height":510,"caption":"Le Sac du Berger"},"image":{"@id":"https:\/\/www.lesacduberger.com\/#\/schema\/logo\/image\/"},"sameAs":["https:\/\/www.facebook.com\/lesacduberger","https:\/\/www.instagram.com\/lesacduberger\/?hl=fr"]}]}},"_links":{"self":[{"href":"https:\/\/www.lesacduberger.com\/en\/wp-json\/wp\/v2\/product\/22470","targetHints":{"allow":["GET"]}}],"collection":[{"href":"https:\/\/www.lesacduberger.com\/en\/wp-json\/wp\/v2\/product"}],"about":[{"href":"https:\/\/www.lesacduberger.com\/en\/wp-json\/wp\/v2\/types\/product"}],"wp:featuredmedia":[{"embeddable":true,"href":"https:\/\/www.lesacduberger.com\/en\/wp-json\/wp\/v2\/media\/45838"}],"wp:attachment":[{"href":"https:\/\/www.lesacduberger.com\/en\/wp-json\/wp\/v2\/media?parent=22470"}],"wp:term":[{"taxonomy":"product_brand","embeddable":true,"href":"https:\/\/www.lesacduberger.com\/en\/wp-json\/wp\/v2\/product_brand?post=22470"},{"taxonomy":"product_cat","embeddable":true,"href":"https:\/\/www.lesacduberger.com\/en\/wp-json\/wp\/v2\/product_cat?post=22470"},{"taxonomy":"product_tag","embeddable":true,"href":"https:\/\/www.lesacduberger.com\/en\/wp-json\/wp\/v2\/product_tag?post=22470"},{"taxonomy":"giftcard-category","embeddable":true,"href":"https:\/\/www.lesacduberger.com\/en\/wp-json\/wp\/v2\/giftcard-category?post=22470"}],"curies":[{"name":"wp","href":"https:\/\/api.w.org\/{rel}","templated":true}]}}