{"id":22486,"date":"2018-03-02T12:05:26","date_gmt":"2018-03-02T11:05:26","guid":{"rendered":"https:\/\/www.lesacduberger.com\/produit\/sac-du-berger-city-n2-2\/"},"modified":"2026-04-23T10:49:09","modified_gmt":"2026-04-23T08:49:09","slug":"shepherds-bag-city-n2-2","status":"publish","type":"product","link":"https:\/\/www.lesacduberger.com\/en\/product\/shepherds-bag-city-n2-2\/","title":{"rendered":"Sac du Berger City n\u00b02 Wool and leather"},"content":{"rendered":"<h2>Shepherd's shoulder bag for women<\/h2>\n<p>Our Sac du Berger City n\u00b02 is designed for women looking for an ultralight, two-material shoulder bag. Its central frame in supple leather and the wool it's made of considerably reduce the bag's weight.<\/p>\n<ul>\n<li>Two front pockets under flap with drawstring closure<\/li>\n<li>Large central space and interior leather patch pocket<\/li>\n<li>Back pocket with zipper<\/li>\n<li>Adjustable shoulder strap in soft leather<\/li>\n<\/ul>\n<p>This bag is available in 2 sizes. This is the larger model.<\/p>\n<p>The various stages of production, from the origin of the skins to the tanning and finishing of the finished object, are carried out within a 120-kilometer radius of the Layrolle workshop.<\/p>\n<p>All our products are designed to be durable and repairable.<\/p>","protected":false},"excerpt":{"rendered":"<p>Ce sac combine la laine de brebis fil\u00e9 dans le Tarn et le cuir de vachette origine Aveyron. Notre Berger City n\u00b02 est destin\u00e9 aux femmes \u00e0 la recherche d&rsquo;un sac ultra -l\u00e9ger. En effet, il dispose d&rsquo;une armature centrale all\u00e9g\u00e9e en cuir souple qui r\u00e9duit consid\u00e9rablement le poids du sac. Il se distingue de ses fr\u00e8res par son aspect bi-mati\u00e8re.<\/p>","protected":false},"featured_media":46314,"template":"","meta":[],"product_brand":[],"product_cat":[1534,1549,1525],"product_tag":[],"giftcard-category":[],"class_list":{"0":"post-22486","1":"product","2":"type-product","3":"status-publish","4":"has-post-thumbnail","6":"product_cat-les-sacs-bandouliere","7":"product_cat-les-sacs-du-berger","8":"product_cat-sacs","9":"pa_compositions-cuirdevachetteorigineaveyron","10":"pa_couleur-laine-claire-cuir-moka","11":"pa_couleur-laineclairecuirfauve","12":"pa_couleur-lainesombrecuirmoka","13":"pa_hauteur-20cm","14":"pa_largeur-30cm","15":"pa_longueurbandouliere-reglablede104a124cm","16":"pa_profondeur-10cm","18":"first","19":"instock","20":"taxable","21":"shipping-taxable","22":"purchasable","23":"product-type-variable","24":"has-default-attributes"},"yoast_head":"<!-- This site is optimized with the Yoast SEO plugin v27.1.1 - https:\/\/yoast.com\/product\/yoast-seo-wordpress\/ -->\n<title>Sac du Berger City n\u00b02 pour femme, en laine et cuir ultral\u00e9ger<\/title>\n<meta name=\"description\" content=\"Sac du Berger city n\u00b02 sac pour femme m\u00e9lange entre laine et cuir. Format id\u00e9al pour la ville, fonctionnel et s\u00e9curis\u00e9 avec poches et fermeture \u00e9clair\" \/>\n<meta name=\"robots\" content=\"index, follow, max-snippet:-1, max-image-preview:large, max-video-preview:-1\" \/>\n<link rel=\"canonical\" href=\"https:\/\/www.lesacduberger.com\/en\/product\/shepherds-bag-city-n2-2\/\" \/>\n<meta property=\"og:locale\" content=\"en_US\" \/>\n<meta property=\"og:title\" content=\"Sac du Berger City n\u00b02 pour femme, en laine et cuir ultral\u00e9ger\" \/>\n<meta property=\"og:description\" content=\"Sac du Berger city n\u00b02 sac pour femme m\u00e9lange entre laine et cuir. Format id\u00e9al pour la ville, fonctionnel et s\u00e9curis\u00e9 avec poches et fermeture \u00e9clair\" \/>\n<meta property=\"og:url\" content=\"https:\/\/www.lesacduberger.com\/en\/product\/shepherds-bag-city-n2-2\/\" \/>\n<meta property=\"og:site_name\" content=\"Le Sac du Berger\" \/>\n<meta property=\"article:publisher\" content=\"https:\/\/www.facebook.com\/lesacduberger\" \/>\n<meta property=\"article:modified_time\" content=\"2026-04-23T08:49:09+00:00\" \/>\n<meta property=\"og:image\" content=\"https:\/\/www.lesacduberger.com\/wp-content\/uploads\/2018\/03\/Berger-city-n%C2%B02-Laine-Cuir-Moka-Laine-Sombre-1-0000.jpg\" \/>\n\t<meta property=\"og:image:width\" content=\"1009\" \/>\n\t<meta property=\"og:image:height\" content=\"1350\" \/>\n\t<meta property=\"og:image:type\" content=\"image\/jpeg\" \/>\n<meta name=\"twitter:card\" content=\"summary_large_image\" \/>\n<script type=\"application\/ld+json\" class=\"yoast-schema-graph\">{\"@context\":\"https:\/\/schema.org\",\"@graph\":[{\"@type\":\"WebPage\",\"@id\":\"https:\/\/www.lesacduberger.com\/produit\/sac-du-berger-city-n2-2\/\",\"url\":\"https:\/\/www.lesacduberger.com\/produit\/sac-du-berger-city-n2-2\/\",\"name\":\"Sac du Berger City n\u00b02 pour femme, en laine et cuir ultral\u00e9ger\",\"isPartOf\":{\"@id\":\"https:\/\/www.lesacduberger.com\/#website\"},\"primaryImageOfPage\":{\"@id\":\"https:\/\/www.lesacduberger.com\/produit\/sac-du-berger-city-n2-2\/#primaryimage\"},\"image\":{\"@id\":\"https:\/\/www.lesacduberger.com\/produit\/sac-du-berger-city-n2-2\/#primaryimage\"},\"thumbnailUrl\":\"https:\/\/www.lesacduberger.com\/wp-content\/uploads\/2018\/03\/Berger-city-n%C2%B02-Laine-Cuir-Moka-Laine-Sombre-1-0000.jpg\",\"datePublished\":\"2018-03-02T11:05:26+00:00\",\"dateModified\":\"2026-04-23T08:49:09+00:00\",\"description\":\"Sac du Berger city n\u00b02 sac pour femme m\u00e9lange entre laine et cuir. Format id\u00e9al pour la ville, fonctionnel et s\u00e9curis\u00e9 avec poches et fermeture \u00e9clair\",\"breadcrumb\":{\"@id\":\"https:\/\/www.lesacduberger.com\/produit\/sac-du-berger-city-n2-2\/#breadcrumb\"},\"inLanguage\":\"en-US\",\"potentialAction\":[{\"@type\":\"ReadAction\",\"target\":[\"https:\/\/www.lesacduberger.com\/produit\/sac-du-berger-city-n2-2\/\"]}]},{\"@type\":\"ImageObject\",\"inLanguage\":\"en-US\",\"@id\":\"https:\/\/www.lesacduberger.com\/produit\/sac-du-berger-city-n2-2\/#primaryimage\",\"url\":\"https:\/\/www.lesacduberger.com\/wp-content\/uploads\/2018\/03\/Berger-city-n%C2%B02-Laine-Cuir-Moka-Laine-Sombre-1-0000.jpg\",\"contentUrl\":\"https:\/\/www.lesacduberger.com\/wp-content\/uploads\/2018\/03\/Berger-city-n%C2%B02-Laine-Cuir-Moka-Laine-Sombre-1-0000.jpg\",\"width\":1009,\"height\":1350},{\"@type\":\"BreadcrumbList\",\"@id\":\"https:\/\/www.lesacduberger.com\/produit\/sac-du-berger-city-n2-2\/#breadcrumb\",\"itemListElement\":[{\"@type\":\"ListItem\",\"position\":1,\"name\":\"Accueil\",\"item\":\"https:\/\/www.lesacduberger.com\/\"},{\"@type\":\"ListItem\",\"position\":2,\"name\":\"Boutique\",\"item\":\"https:\/\/www.lesacduberger.com\/boutique\/\"},{\"@type\":\"ListItem\",\"position\":3,\"name\":\"Sac du Berger City n&hellip;\"}]},{\"@type\":\"WebSite\",\"@id\":\"https:\/\/www.lesacduberger.com\/#website\",\"url\":\"https:\/\/www.lesacduberger.com\/\",\"name\":\"Le Sac du Berger\",\"description\":\"\",\"publisher\":{\"@id\":\"https:\/\/www.lesacduberger.com\/#organization\"},\"potentialAction\":[{\"@type\":\"SearchAction\",\"target\":{\"@type\":\"EntryPoint\",\"urlTemplate\":\"https:\/\/www.lesacduberger.com\/?s={search_term_string}\"},\"query-input\":{\"@type\":\"PropertyValueSpecification\",\"valueRequired\":true,\"valueName\":\"search_term_string\"}}],\"inLanguage\":\"en-US\"},{\"@type\":\"Organization\",\"@id\":\"https:\/\/www.lesacduberger.com\/#organization\",\"name\":\"Le Sac du Berger\",\"url\":\"https:\/\/www.lesacduberger.com\/\",\"logo\":{\"@type\":\"ImageObject\",\"inLanguage\":\"en-US\",\"@id\":\"https:\/\/www.lesacduberger.com\/#\/schema\/logo\/image\/\",\"url\":\"https:\/\/www.lesacduberger.com\/wp-content\/uploads\/2020\/09\/Logo-Sac-du-Berger-blanc-OK.png\",\"contentUrl\":\"https:\/\/www.lesacduberger.com\/wp-content\/uploads\/2020\/09\/Logo-Sac-du-Berger-blanc-OK.png\",\"width\":2093,\"height\":510,\"caption\":\"Le Sac du Berger\"},\"image\":{\"@id\":\"https:\/\/www.lesacduberger.com\/#\/schema\/logo\/image\/\"},\"sameAs\":[\"https:\/\/www.facebook.com\/lesacduberger\",\"https:\/\/www.instagram.com\/lesacduberger\/?hl=fr\"]}]}<\/script>\n<!-- \/ Yoast SEO plugin. -->","yoast_head_json":{"title":"Shepherd's bag City n\u00b02 for women, in wool and ultra-light leather","description":"Sac du Berger city n\u00b02 women's bag, a blend of wool and leather. Ideal size for the city, functional and secure with zippered pockets.","robots":{"index":"index","follow":"follow","max-snippet":"max-snippet:-1","max-image-preview":"max-image-preview:large","max-video-preview":"max-video-preview:-1"},"canonical":"https:\/\/www.lesacduberger.com\/en\/product\/shepherds-bag-city-n2-2\/","og_locale":"en_US","og_title":"Sac du Berger City n\u00b02 pour femme, en laine et cuir ultral\u00e9ger","og_description":"Sac du Berger city n\u00b02 sac pour femme m\u00e9lange entre laine et cuir. Format id\u00e9al pour la ville, fonctionnel et s\u00e9curis\u00e9 avec poches et fermeture \u00e9clair","og_url":"https:\/\/www.lesacduberger.com\/en\/product\/shepherds-bag-city-n2-2\/","og_site_name":"Le Sac du Berger","article_publisher":"https:\/\/www.facebook.com\/lesacduberger","article_modified_time":"2026-04-23T08:49:09+00:00","og_image":[{"width":1009,"height":1350,"url":"https:\/\/www.lesacduberger.com\/wp-content\/uploads\/2018\/03\/Berger-city-n%C2%B02-Laine-Cuir-Moka-Laine-Sombre-1-0000.jpg","type":"image\/jpeg"}],"twitter_card":"summary_large_image","schema":{"@context":"https:\/\/schema.org","@graph":[{"@type":"WebPage","@id":"https:\/\/www.lesacduberger.com\/produit\/sac-du-berger-city-n2-2\/","url":"https:\/\/www.lesacduberger.com\/produit\/sac-du-berger-city-n2-2\/","name":"Shepherd's bag City n\u00b02 for women, in wool and ultra-light leather","isPartOf":{"@id":"https:\/\/www.lesacduberger.com\/#website"},"primaryImageOfPage":{"@id":"https:\/\/www.lesacduberger.com\/produit\/sac-du-berger-city-n2-2\/#primaryimage"},"image":{"@id":"https:\/\/www.lesacduberger.com\/produit\/sac-du-berger-city-n2-2\/#primaryimage"},"thumbnailUrl":"https:\/\/www.lesacduberger.com\/wp-content\/uploads\/2018\/03\/Berger-city-n%C2%B02-Laine-Cuir-Moka-Laine-Sombre-1-0000.jpg","datePublished":"2018-03-02T11:05:26+00:00","dateModified":"2026-04-23T08:49:09+00:00","description":"Sac du Berger city n\u00b02 women's bag, a blend of wool and leather. Ideal size for the city, functional and secure with zippered pockets.","breadcrumb":{"@id":"https:\/\/www.lesacduberger.com\/produit\/sac-du-berger-city-n2-2\/#breadcrumb"},"inLanguage":"en-US","potentialAction":[{"@type":"ReadAction","target":["https:\/\/www.lesacduberger.com\/produit\/sac-du-berger-city-n2-2\/"]}]},{"@type":"ImageObject","inLanguage":"en-US","@id":"https:\/\/www.lesacduberger.com\/produit\/sac-du-berger-city-n2-2\/#primaryimage","url":"https:\/\/www.lesacduberger.com\/wp-content\/uploads\/2018\/03\/Berger-city-n%C2%B02-Laine-Cuir-Moka-Laine-Sombre-1-0000.jpg","contentUrl":"https:\/\/www.lesacduberger.com\/wp-content\/uploads\/2018\/03\/Berger-city-n%C2%B02-Laine-Cuir-Moka-Laine-Sombre-1-0000.jpg","width":1009,"height":1350},{"@type":"BreadcrumbList","@id":"https:\/\/www.lesacduberger.com\/produit\/sac-du-berger-city-n2-2\/#breadcrumb","itemListElement":[{"@type":"ListItem","position":1,"name":"Accueil","item":"https:\/\/www.lesacduberger.com\/"},{"@type":"ListItem","position":2,"name":"Boutique","item":"https:\/\/www.lesacduberger.com\/boutique\/"},{"@type":"ListItem","position":3,"name":"Sac du Berger City n&hellip;"}]},{"@type":"WebSite","@id":"https:\/\/www.lesacduberger.com\/#website","url":"https:\/\/www.lesacduberger.com\/","name":"Le Sac du Berger","description":"","publisher":{"@id":"https:\/\/www.lesacduberger.com\/#organization"},"potentialAction":[{"@type":"SearchAction","target":{"@type":"EntryPoint","urlTemplate":"https:\/\/www.lesacduberger.com\/?s={search_term_string}"},"query-input":{"@type":"PropertyValueSpecification","valueRequired":true,"valueName":"search_term_string"}}],"inLanguage":"en-US"},{"@type":"Organization","@id":"https:\/\/www.lesacduberger.com\/#organization","name":"Le Sac du Berger","url":"https:\/\/www.lesacduberger.com\/","logo":{"@type":"ImageObject","inLanguage":"en-US","@id":"https:\/\/www.lesacduberger.com\/#\/schema\/logo\/image\/","url":"https:\/\/www.lesacduberger.com\/wp-content\/uploads\/2020\/09\/Logo-Sac-du-Berger-blanc-OK.png","contentUrl":"https:\/\/www.lesacduberger.com\/wp-content\/uploads\/2020\/09\/Logo-Sac-du-Berger-blanc-OK.png","width":2093,"height":510,"caption":"Le Sac du Berger"},"image":{"@id":"https:\/\/www.lesacduberger.com\/#\/schema\/logo\/image\/"},"sameAs":["https:\/\/www.facebook.com\/lesacduberger","https:\/\/www.instagram.com\/lesacduberger\/?hl=fr"]}]}},"_links":{"self":[{"href":"https:\/\/www.lesacduberger.com\/en\/wp-json\/wp\/v2\/product\/22486","targetHints":{"allow":["GET"]}}],"collection":[{"href":"https:\/\/www.lesacduberger.com\/en\/wp-json\/wp\/v2\/product"}],"about":[{"href":"https:\/\/www.lesacduberger.com\/en\/wp-json\/wp\/v2\/types\/product"}],"wp:featuredmedia":[{"embeddable":true,"href":"https:\/\/www.lesacduberger.com\/en\/wp-json\/wp\/v2\/media\/46314"}],"wp:attachment":[{"href":"https:\/\/www.lesacduberger.com\/en\/wp-json\/wp\/v2\/media?parent=22486"}],"wp:term":[{"taxonomy":"product_brand","embeddable":true,"href":"https:\/\/www.lesacduberger.com\/en\/wp-json\/wp\/v2\/product_brand?post=22486"},{"taxonomy":"product_cat","embeddable":true,"href":"https:\/\/www.lesacduberger.com\/en\/wp-json\/wp\/v2\/product_cat?post=22486"},{"taxonomy":"product_tag","embeddable":true,"href":"https:\/\/www.lesacduberger.com\/en\/wp-json\/wp\/v2\/product_tag?post=22486"},{"taxonomy":"giftcard-category","embeddable":true,"href":"https:\/\/www.lesacduberger.com\/en\/wp-json\/wp\/v2\/giftcard-category?post=22486"}],"curies":[{"name":"wp","href":"https:\/\/api.w.org\/{rel}","templated":true}]}}