{"id":22495,"date":"2018-03-02T14:01:14","date_gmt":"2018-03-02T13:01:14","guid":{"rendered":"https:\/\/www.lesacduberger.com\/produit\/pochette-accordeon\/"},"modified":"2026-04-24T16:37:55","modified_gmt":"2026-04-24T14:37:55","slug":"accordion-case","status":"publish","type":"product","link":"https:\/\/www.lesacduberger.com\/en\/product\/accordion-case\/","title":{"rendered":"Accordion Case"},"content":{"rendered":"<h2>Our Accordion Pouch: a combined leather pouch and wallet<\/h2>\n<ul>\n<li>Zippered coin compartment<\/li>\n<li>Four slit pockets with volume gussets<\/li>\n<li>Two snap fasteners<\/li>\n<li>Can be worn on a belt<\/li>\n<li>Possibility of adding a shoulder strap<\/li>\n<\/ul>\n<p>The various stages of production, from the origin of the skins to the tanning and finishing of the finished object, are carried out within a 120-kilometer radius of the Layrolle workshop.<\/p>\n<p>All our products are designed to be durable and repairable.<\/p>","protected":false},"excerpt":{"rendered":"<p>Notre Pochette Accord\u00e9on : un combin\u00e9 pochette-portefeuille en cuir Compartiment pour la monnaie \u00e0 fermeture \u00e9clair Quatre poches-fentes avec soufflet pour le volume Fermeture par deux boutons pression Peut se porter \u00e0 la ceinture Possibilit\u00e9 d&rsquo;ajouter une bandouli\u00e8re Les diff\u00e9rentes \u00e9tapes de fabrication, de l&rsquo;origine des peaux \u00e0 l&rsquo;objet fini, en passant par le tannage, [&hellip;]<\/p>\n","protected":false},"featured_media":47064,"template":"","meta":[],"product_brand":[],"product_cat":[1526,1544],"product_tag":[],"giftcard-category":[],"class_list":{"0":"post-22495","1":"product","2":"type-product","3":"status-publish","4":"has-post-thumbnail","6":"product_cat-petite-maroquinerie","7":"product_cat-les-pochettes","8":"pa_couleur-fauve","9":"pa_couleur-noir","10":"pa_couleur-rouge","11":"pa_couleur-moka","12":"pa_hauteur-13cm","13":"pa_largeur-20cm","14":"pa_profondeur-5cm","16":"first","17":"instock","18":"taxable","19":"shipping-taxable","20":"purchasable","21":"product-type-variable","22":"has-default-attributes"},"yoast_head":"<!-- This site is optimized with the Yoast SEO plugin v27.1.1 - https:\/\/yoast.com\/product\/yoast-seo-wordpress\/ -->\n<title>Pochette en cuir fabriqu\u00e9e en France - Pochette Accord\u00e9on<\/title>\n<meta name=\"description\" content=\"Pochette Accord\u00e9on pour femme en cuir issu de tanneries locales, enti\u00e8rement doubl\u00e9e cuir. Elle combine porte-monnaie et poches de rangement.\" \/>\n<meta name=\"robots\" content=\"index, follow, max-snippet:-1, max-image-preview:large, max-video-preview:-1\" \/>\n<link rel=\"canonical\" href=\"https:\/\/www.lesacduberger.com\/en\/product\/accordion-case\/\" \/>\n<meta property=\"og:locale\" content=\"en_US\" \/>\n<meta property=\"og:title\" content=\"Pochette en cuir fabriqu\u00e9e en France - Pochette Accord\u00e9on\" \/>\n<meta property=\"og:description\" content=\"Pochette Accord\u00e9on pour femme en cuir issu de tanneries locales, enti\u00e8rement doubl\u00e9e cuir. Elle combine porte-monnaie et poches de rangement.\" \/>\n<meta property=\"og:url\" content=\"https:\/\/www.lesacduberger.com\/en\/product\/accordion-case\/\" \/>\n<meta property=\"og:site_name\" content=\"Le Sac du Berger\" \/>\n<meta property=\"article:publisher\" content=\"https:\/\/www.facebook.com\/lesacduberger\" \/>\n<meta property=\"article:modified_time\" content=\"2026-04-24T14:37:55+00:00\" \/>\n<meta property=\"og:image\" content=\"https:\/\/www.lesacduberger.com\/wp-content\/uploads\/2018\/03\/pochette-accordeon-rouge-de-facve-scaled.jpg\" \/>\n\t<meta property=\"og:image:width\" content=\"1920\" \/>\n\t<meta property=\"og:image:height\" content=\"2560\" \/>\n\t<meta property=\"og:image:type\" content=\"image\/jpeg\" \/>\n<meta name=\"twitter:card\" content=\"summary_large_image\" \/>\n<script type=\"application\/ld+json\" class=\"yoast-schema-graph\">{\"@context\":\"https:\/\/schema.org\",\"@graph\":[{\"@type\":\"WebPage\",\"@id\":\"https:\/\/www.lesacduberger.com\/produit\/pochette-accordeon\/\",\"url\":\"https:\/\/www.lesacduberger.com\/produit\/pochette-accordeon\/\",\"name\":\"Pochette en cuir fabriqu\u00e9e en France - Pochette Accord\u00e9on\",\"isPartOf\":{\"@id\":\"https:\/\/www.lesacduberger.com\/#website\"},\"primaryImageOfPage\":{\"@id\":\"https:\/\/www.lesacduberger.com\/produit\/pochette-accordeon\/#primaryimage\"},\"image\":{\"@id\":\"https:\/\/www.lesacduberger.com\/produit\/pochette-accordeon\/#primaryimage\"},\"thumbnailUrl\":\"https:\/\/www.lesacduberger.com\/wp-content\/uploads\/2018\/03\/pochette-accordeon-rouge-de-facve-scaled.jpg\",\"datePublished\":\"2018-03-02T13:01:14+00:00\",\"dateModified\":\"2026-04-24T14:37:55+00:00\",\"description\":\"Pochette Accord\u00e9on pour femme en cuir issu de tanneries locales, enti\u00e8rement doubl\u00e9e cuir. Elle combine porte-monnaie et poches de rangement.\",\"breadcrumb\":{\"@id\":\"https:\/\/www.lesacduberger.com\/produit\/pochette-accordeon\/#breadcrumb\"},\"inLanguage\":\"en-US\",\"potentialAction\":[{\"@type\":\"ReadAction\",\"target\":[\"https:\/\/www.lesacduberger.com\/produit\/pochette-accordeon\/\"]}]},{\"@type\":\"ImageObject\",\"inLanguage\":\"en-US\",\"@id\":\"https:\/\/www.lesacduberger.com\/produit\/pochette-accordeon\/#primaryimage\",\"url\":\"https:\/\/www.lesacduberger.com\/wp-content\/uploads\/2018\/03\/pochette-accordeon-rouge-de-facve-scaled.jpg\",\"contentUrl\":\"https:\/\/www.lesacduberger.com\/wp-content\/uploads\/2018\/03\/pochette-accordeon-rouge-de-facve-scaled.jpg\",\"width\":1920,\"height\":2560},{\"@type\":\"BreadcrumbList\",\"@id\":\"https:\/\/www.lesacduberger.com\/produit\/pochette-accordeon\/#breadcrumb\",\"itemListElement\":[{\"@type\":\"ListItem\",\"position\":1,\"name\":\"Accueil\",\"item\":\"https:\/\/www.lesacduberger.com\/\"},{\"@type\":\"ListItem\",\"position\":2,\"name\":\"Boutique\",\"item\":\"https:\/\/www.lesacduberger.com\/boutique\/\"},{\"@type\":\"ListItem\",\"position\":3,\"name\":\"Pochette Accord\u00e9on\"}]},{\"@type\":\"WebSite\",\"@id\":\"https:\/\/www.lesacduberger.com\/#website\",\"url\":\"https:\/\/www.lesacduberger.com\/\",\"name\":\"Le Sac du Berger\",\"description\":\"\",\"publisher\":{\"@id\":\"https:\/\/www.lesacduberger.com\/#organization\"},\"potentialAction\":[{\"@type\":\"SearchAction\",\"target\":{\"@type\":\"EntryPoint\",\"urlTemplate\":\"https:\/\/www.lesacduberger.com\/?s={search_term_string}\"},\"query-input\":{\"@type\":\"PropertyValueSpecification\",\"valueRequired\":true,\"valueName\":\"search_term_string\"}}],\"inLanguage\":\"en-US\"},{\"@type\":\"Organization\",\"@id\":\"https:\/\/www.lesacduberger.com\/#organization\",\"name\":\"Le Sac du Berger\",\"url\":\"https:\/\/www.lesacduberger.com\/\",\"logo\":{\"@type\":\"ImageObject\",\"inLanguage\":\"en-US\",\"@id\":\"https:\/\/www.lesacduberger.com\/#\/schema\/logo\/image\/\",\"url\":\"https:\/\/www.lesacduberger.com\/wp-content\/uploads\/2020\/09\/Logo-Sac-du-Berger-blanc-OK.png\",\"contentUrl\":\"https:\/\/www.lesacduberger.com\/wp-content\/uploads\/2020\/09\/Logo-Sac-du-Berger-blanc-OK.png\",\"width\":2093,\"height\":510,\"caption\":\"Le Sac du Berger\"},\"image\":{\"@id\":\"https:\/\/www.lesacduberger.com\/#\/schema\/logo\/image\/\"},\"sameAs\":[\"https:\/\/www.facebook.com\/lesacduberger\",\"https:\/\/www.instagram.com\/lesacduberger\/?hl=fr\"]}]}<\/script>\n<!-- \/ Yoast SEO plugin. -->","yoast_head_json":{"title":"Leather pouch made in France - Pochette Accord\u00e9on","description":"Accordion clutch bag for women in leather from local tanneries, fully lined in leather. Combines wallet and storage pockets.","robots":{"index":"index","follow":"follow","max-snippet":"max-snippet:-1","max-image-preview":"max-image-preview:large","max-video-preview":"max-video-preview:-1"},"canonical":"https:\/\/www.lesacduberger.com\/en\/product\/accordion-case\/","og_locale":"en_US","og_title":"Pochette en cuir fabriqu\u00e9e en France - Pochette Accord\u00e9on","og_description":"Pochette Accord\u00e9on pour femme en cuir issu de tanneries locales, enti\u00e8rement doubl\u00e9e cuir. Elle combine porte-monnaie et poches de rangement.","og_url":"https:\/\/www.lesacduberger.com\/en\/product\/accordion-case\/","og_site_name":"Le Sac du Berger","article_publisher":"https:\/\/www.facebook.com\/lesacduberger","article_modified_time":"2026-04-24T14:37:55+00:00","og_image":[{"width":1920,"height":2560,"url":"https:\/\/www.lesacduberger.com\/wp-content\/uploads\/2018\/03\/pochette-accordeon-rouge-de-facve-scaled.jpg","type":"image\/jpeg"}],"twitter_card":"summary_large_image","schema":{"@context":"https:\/\/schema.org","@graph":[{"@type":"WebPage","@id":"https:\/\/www.lesacduberger.com\/produit\/pochette-accordeon\/","url":"https:\/\/www.lesacduberger.com\/produit\/pochette-accordeon\/","name":"Leather pouch made in France - Pochette Accord\u00e9on","isPartOf":{"@id":"https:\/\/www.lesacduberger.com\/#website"},"primaryImageOfPage":{"@id":"https:\/\/www.lesacduberger.com\/produit\/pochette-accordeon\/#primaryimage"},"image":{"@id":"https:\/\/www.lesacduberger.com\/produit\/pochette-accordeon\/#primaryimage"},"thumbnailUrl":"https:\/\/www.lesacduberger.com\/wp-content\/uploads\/2018\/03\/pochette-accordeon-rouge-de-facve-scaled.jpg","datePublished":"2018-03-02T13:01:14+00:00","dateModified":"2026-04-24T14:37:55+00:00","description":"Accordion clutch bag for women in leather from local tanneries, fully lined in leather. Combines wallet and storage pockets.","breadcrumb":{"@id":"https:\/\/www.lesacduberger.com\/produit\/pochette-accordeon\/#breadcrumb"},"inLanguage":"en-US","potentialAction":[{"@type":"ReadAction","target":["https:\/\/www.lesacduberger.com\/produit\/pochette-accordeon\/"]}]},{"@type":"ImageObject","inLanguage":"en-US","@id":"https:\/\/www.lesacduberger.com\/produit\/pochette-accordeon\/#primaryimage","url":"https:\/\/www.lesacduberger.com\/wp-content\/uploads\/2018\/03\/pochette-accordeon-rouge-de-facve-scaled.jpg","contentUrl":"https:\/\/www.lesacduberger.com\/wp-content\/uploads\/2018\/03\/pochette-accordeon-rouge-de-facve-scaled.jpg","width":1920,"height":2560},{"@type":"BreadcrumbList","@id":"https:\/\/www.lesacduberger.com\/produit\/pochette-accordeon\/#breadcrumb","itemListElement":[{"@type":"ListItem","position":1,"name":"Accueil","item":"https:\/\/www.lesacduberger.com\/"},{"@type":"ListItem","position":2,"name":"Boutique","item":"https:\/\/www.lesacduberger.com\/boutique\/"},{"@type":"ListItem","position":3,"name":"Pochette Accord\u00e9on"}]},{"@type":"WebSite","@id":"https:\/\/www.lesacduberger.com\/#website","url":"https:\/\/www.lesacduberger.com\/","name":"Le Sac du Berger","description":"","publisher":{"@id":"https:\/\/www.lesacduberger.com\/#organization"},"potentialAction":[{"@type":"SearchAction","target":{"@type":"EntryPoint","urlTemplate":"https:\/\/www.lesacduberger.com\/?s={search_term_string}"},"query-input":{"@type":"PropertyValueSpecification","valueRequired":true,"valueName":"search_term_string"}}],"inLanguage":"en-US"},{"@type":"Organization","@id":"https:\/\/www.lesacduberger.com\/#organization","name":"Le Sac du Berger","url":"https:\/\/www.lesacduberger.com\/","logo":{"@type":"ImageObject","inLanguage":"en-US","@id":"https:\/\/www.lesacduberger.com\/#\/schema\/logo\/image\/","url":"https:\/\/www.lesacduberger.com\/wp-content\/uploads\/2020\/09\/Logo-Sac-du-Berger-blanc-OK.png","contentUrl":"https:\/\/www.lesacduberger.com\/wp-content\/uploads\/2020\/09\/Logo-Sac-du-Berger-blanc-OK.png","width":2093,"height":510,"caption":"Le Sac du Berger"},"image":{"@id":"https:\/\/www.lesacduberger.com\/#\/schema\/logo\/image\/"},"sameAs":["https:\/\/www.facebook.com\/lesacduberger","https:\/\/www.instagram.com\/lesacduberger\/?hl=fr"]}]}},"_links":{"self":[{"href":"https:\/\/www.lesacduberger.com\/en\/wp-json\/wp\/v2\/product\/22495","targetHints":{"allow":["GET"]}}],"collection":[{"href":"https:\/\/www.lesacduberger.com\/en\/wp-json\/wp\/v2\/product"}],"about":[{"href":"https:\/\/www.lesacduberger.com\/en\/wp-json\/wp\/v2\/types\/product"}],"wp:featuredmedia":[{"embeddable":true,"href":"https:\/\/www.lesacduberger.com\/en\/wp-json\/wp\/v2\/media\/47064"}],"wp:attachment":[{"href":"https:\/\/www.lesacduberger.com\/en\/wp-json\/wp\/v2\/media?parent=22495"}],"wp:term":[{"taxonomy":"product_brand","embeddable":true,"href":"https:\/\/www.lesacduberger.com\/en\/wp-json\/wp\/v2\/product_brand?post=22495"},{"taxonomy":"product_cat","embeddable":true,"href":"https:\/\/www.lesacduberger.com\/en\/wp-json\/wp\/v2\/product_cat?post=22495"},{"taxonomy":"product_tag","embeddable":true,"href":"https:\/\/www.lesacduberger.com\/en\/wp-json\/wp\/v2\/product_tag?post=22495"},{"taxonomy":"giftcard-category","embeddable":true,"href":"https:\/\/www.lesacduberger.com\/en\/wp-json\/wp\/v2\/giftcard-category?post=22495"}],"curies":[{"name":"wp","href":"https:\/\/api.w.org\/{rel}","templated":true}]}}