{"id":22581,"date":"2019-10-31T14:06:22","date_gmt":"2019-10-31T13:06:22","guid":{"rendered":"https:\/\/www.lesacduberger.com\/produit\/sac-a-dos-larzac\/"},"modified":"2026-04-29T15:18:31","modified_gmt":"2026-04-29T13:18:31","slug":"larzac-backpack","status":"publish","type":"product","link":"https:\/\/www.lesacduberger.com\/en\/product\/larzac-backpack\/","title":{"rendered":"Larzac backpack"},"content":{"rendered":"<h2>Leather computer backpack<\/h2>\n<p>Our minimalist Larzac leather backpack is ideal for students or digital nomads. Its rectangular shape is designed to carry a 17\" laptop.<\/p>\n<ul>\n<li>Two large patch pockets on the front and back of the bag, in linen &amp; cotton canvas<\/li>\n<li>Two outside pockets<\/li>\n<li>Bag closes with flap, buckle and leather tongue<\/li>\n<li>Press studs on the sides of the bag to reduce its volume<\/li>\n<li>Top handle<\/li>\n<li>Adjustable soft leather straps<\/li>\n<\/ul>\n<p>The various stages of production, from the origin of the skins to the tanning and finishing of the finished object, are carried out within a 120-kilometer radius of the Layrolle workshop.<\/p>\n<p>All our products are designed to be durable and repairable.<\/p>","protected":false},"excerpt":{"rendered":"<p>Notre nouveau sac \u00e0 dos est id\u00e9al pour les \u00e9tudiants ou les digital nomads. En effet, sa forme rectangulaire, type Caselogic, est parfaite pour transporter un ordinateur jusqu&rsquo;\u00e0 15 pouces.<\/p>","protected":false},"featured_media":46289,"template":"","meta":[],"product_brand":[],"product_cat":[1525,1540],"product_tag":[],"giftcard-category":[],"class_list":{"0":"post-22581","1":"product","2":"type-product","3":"status-publish","4":"has-post-thumbnail","6":"product_cat-sacs","7":"product_cat-les-sacs-a-dos","8":"pa_couleur-fauve","9":"pa_couleur-noir","10":"pa_couleur-rouge","11":"pa_couleur-moka","13":"first","14":"instock","15":"featured","16":"taxable","17":"shipping-taxable","18":"purchasable","19":"product-type-variable","20":"has-default-attributes"},"yoast_head":"<!-- This site is optimized with the Yoast SEO plugin v27.1.1 - https:\/\/yoast.com\/product\/yoast-seo-wordpress\/ -->\n<title>Sac \u00e0 dos en cuir pleine fleur pour ordinateur, fabriqu\u00e9 en France<\/title>\n<meta name=\"description\" content=\"Sac \u00e0 dos PC 15 pouces en cuir vachette origine Aveyron. Deux grandes poches int\u00e9rieures en toile m\u00e9tis (coton et lin).\" \/>\n<meta name=\"robots\" content=\"index, follow, max-snippet:-1, max-image-preview:large, max-video-preview:-1\" \/>\n<link rel=\"canonical\" href=\"https:\/\/www.lesacduberger.com\/en\/product\/larzac-backpack\/\" \/>\n<meta property=\"og:locale\" content=\"en_US\" \/>\n<meta property=\"og:title\" content=\"Sac \u00e0 dos en cuir pleine fleur pour ordinateur, fabriqu\u00e9 en France\" \/>\n<meta property=\"og:description\" content=\"Sac \u00e0 dos PC 15 pouces en cuir vachette origine Aveyron. Deux grandes poches int\u00e9rieures en toile m\u00e9tis (coton et lin).\" \/>\n<meta property=\"og:url\" content=\"https:\/\/www.lesacduberger.com\/en\/product\/larzac-backpack\/\" \/>\n<meta property=\"og:site_name\" content=\"Le Sac du Berger\" \/>\n<meta property=\"article:publisher\" content=\"https:\/\/www.facebook.com\/lesacduberger\" \/>\n<meta property=\"article:modified_time\" content=\"2026-04-29T13:18:31+00:00\" \/>\n<meta property=\"og:image\" content=\"https:\/\/www.lesacduberger.com\/wp-content\/uploads\/2019\/10\/Sac-Larzac-Noir.jpg\" \/>\n\t<meta property=\"og:image:width\" content=\"1080\" \/>\n\t<meta property=\"og:image:height\" content=\"1350\" \/>\n\t<meta property=\"og:image:type\" content=\"image\/jpeg\" \/>\n<meta name=\"twitter:card\" content=\"summary_large_image\" \/>\n<script type=\"application\/ld+json\" class=\"yoast-schema-graph\">{\"@context\":\"https:\/\/schema.org\",\"@graph\":[{\"@type\":\"WebPage\",\"@id\":\"https:\/\/www.lesacduberger.com\/produit\/sac-a-dos-larzac\/\",\"url\":\"https:\/\/www.lesacduberger.com\/produit\/sac-a-dos-larzac\/\",\"name\":\"Sac \u00e0 dos en cuir pleine fleur pour ordinateur, fabriqu\u00e9 en France\",\"isPartOf\":{\"@id\":\"https:\/\/www.lesacduberger.com\/#website\"},\"primaryImageOfPage\":{\"@id\":\"https:\/\/www.lesacduberger.com\/produit\/sac-a-dos-larzac\/#primaryimage\"},\"image\":{\"@id\":\"https:\/\/www.lesacduberger.com\/produit\/sac-a-dos-larzac\/#primaryimage\"},\"thumbnailUrl\":\"https:\/\/www.lesacduberger.com\/wp-content\/uploads\/2019\/10\/Sac-Larzac-Noir.jpg\",\"datePublished\":\"2019-10-31T13:06:22+00:00\",\"dateModified\":\"2026-04-29T13:18:31+00:00\",\"description\":\"Sac \u00e0 dos PC 15 pouces en cuir vachette origine Aveyron. Deux grandes poches int\u00e9rieures en toile m\u00e9tis (coton et lin).\",\"breadcrumb\":{\"@id\":\"https:\/\/www.lesacduberger.com\/produit\/sac-a-dos-larzac\/#breadcrumb\"},\"inLanguage\":\"en-US\",\"potentialAction\":[{\"@type\":\"ReadAction\",\"target\":[\"https:\/\/www.lesacduberger.com\/produit\/sac-a-dos-larzac\/\"]}]},{\"@type\":\"ImageObject\",\"inLanguage\":\"en-US\",\"@id\":\"https:\/\/www.lesacduberger.com\/produit\/sac-a-dos-larzac\/#primaryimage\",\"url\":\"https:\/\/www.lesacduberger.com\/wp-content\/uploads\/2019\/10\/Sac-Larzac-Noir.jpg\",\"contentUrl\":\"https:\/\/www.lesacduberger.com\/wp-content\/uploads\/2019\/10\/Sac-Larzac-Noir.jpg\",\"width\":1080,\"height\":1350},{\"@type\":\"BreadcrumbList\",\"@id\":\"https:\/\/www.lesacduberger.com\/produit\/sac-a-dos-larzac\/#breadcrumb\",\"itemListElement\":[{\"@type\":\"ListItem\",\"position\":1,\"name\":\"Accueil\",\"item\":\"https:\/\/www.lesacduberger.com\/\"},{\"@type\":\"ListItem\",\"position\":2,\"name\":\"Boutique\",\"item\":\"https:\/\/www.lesacduberger.com\/boutique\/\"},{\"@type\":\"ListItem\",\"position\":3,\"name\":\"Sac \u00e0 dos Larzac\"}]},{\"@type\":\"WebSite\",\"@id\":\"https:\/\/www.lesacduberger.com\/#website\",\"url\":\"https:\/\/www.lesacduberger.com\/\",\"name\":\"Le Sac du Berger\",\"description\":\"\",\"publisher\":{\"@id\":\"https:\/\/www.lesacduberger.com\/#organization\"},\"potentialAction\":[{\"@type\":\"SearchAction\",\"target\":{\"@type\":\"EntryPoint\",\"urlTemplate\":\"https:\/\/www.lesacduberger.com\/?s={search_term_string}\"},\"query-input\":{\"@type\":\"PropertyValueSpecification\",\"valueRequired\":true,\"valueName\":\"search_term_string\"}}],\"inLanguage\":\"en-US\"},{\"@type\":\"Organization\",\"@id\":\"https:\/\/www.lesacduberger.com\/#organization\",\"name\":\"Le Sac du Berger\",\"url\":\"https:\/\/www.lesacduberger.com\/\",\"logo\":{\"@type\":\"ImageObject\",\"inLanguage\":\"en-US\",\"@id\":\"https:\/\/www.lesacduberger.com\/#\/schema\/logo\/image\/\",\"url\":\"https:\/\/www.lesacduberger.com\/wp-content\/uploads\/2020\/09\/Logo-Sac-du-Berger-blanc-OK.png\",\"contentUrl\":\"https:\/\/www.lesacduberger.com\/wp-content\/uploads\/2020\/09\/Logo-Sac-du-Berger-blanc-OK.png\",\"width\":2093,\"height\":510,\"caption\":\"Le Sac du Berger\"},\"image\":{\"@id\":\"https:\/\/www.lesacduberger.com\/#\/schema\/logo\/image\/\"},\"sameAs\":[\"https:\/\/www.facebook.com\/lesacduberger\",\"https:\/\/www.instagram.com\/lesacduberger\/?hl=fr\"]}]}<\/script>\n<!-- \/ Yoast SEO plugin. -->","yoast_head_json":{"title":"Full-grain leather computer backpack, made in France","description":"15-inch PC backpack in Aveyron cowhide. Two large inside pockets in cotton and linen canvas.","robots":{"index":"index","follow":"follow","max-snippet":"max-snippet:-1","max-image-preview":"max-image-preview:large","max-video-preview":"max-video-preview:-1"},"canonical":"https:\/\/www.lesacduberger.com\/en\/product\/larzac-backpack\/","og_locale":"en_US","og_title":"Sac \u00e0 dos en cuir pleine fleur pour ordinateur, fabriqu\u00e9 en France","og_description":"Sac \u00e0 dos PC 15 pouces en cuir vachette origine Aveyron. Deux grandes poches int\u00e9rieures en toile m\u00e9tis (coton et lin).","og_url":"https:\/\/www.lesacduberger.com\/en\/product\/larzac-backpack\/","og_site_name":"Le Sac du Berger","article_publisher":"https:\/\/www.facebook.com\/lesacduberger","article_modified_time":"2026-04-29T13:18:31+00:00","og_image":[{"width":1080,"height":1350,"url":"https:\/\/www.lesacduberger.com\/wp-content\/uploads\/2019\/10\/Sac-Larzac-Noir.jpg","type":"image\/jpeg"}],"twitter_card":"summary_large_image","schema":{"@context":"https:\/\/schema.org","@graph":[{"@type":"WebPage","@id":"https:\/\/www.lesacduberger.com\/produit\/sac-a-dos-larzac\/","url":"https:\/\/www.lesacduberger.com\/produit\/sac-a-dos-larzac\/","name":"Full-grain leather computer backpack, made in France","isPartOf":{"@id":"https:\/\/www.lesacduberger.com\/#website"},"primaryImageOfPage":{"@id":"https:\/\/www.lesacduberger.com\/produit\/sac-a-dos-larzac\/#primaryimage"},"image":{"@id":"https:\/\/www.lesacduberger.com\/produit\/sac-a-dos-larzac\/#primaryimage"},"thumbnailUrl":"https:\/\/www.lesacduberger.com\/wp-content\/uploads\/2019\/10\/Sac-Larzac-Noir.jpg","datePublished":"2019-10-31T13:06:22+00:00","dateModified":"2026-04-29T13:18:31+00:00","description":"15-inch PC backpack in Aveyron cowhide. Two large inside pockets in cotton and linen canvas.","breadcrumb":{"@id":"https:\/\/www.lesacduberger.com\/produit\/sac-a-dos-larzac\/#breadcrumb"},"inLanguage":"en-US","potentialAction":[{"@type":"ReadAction","target":["https:\/\/www.lesacduberger.com\/produit\/sac-a-dos-larzac\/"]}]},{"@type":"ImageObject","inLanguage":"en-US","@id":"https:\/\/www.lesacduberger.com\/produit\/sac-a-dos-larzac\/#primaryimage","url":"https:\/\/www.lesacduberger.com\/wp-content\/uploads\/2019\/10\/Sac-Larzac-Noir.jpg","contentUrl":"https:\/\/www.lesacduberger.com\/wp-content\/uploads\/2019\/10\/Sac-Larzac-Noir.jpg","width":1080,"height":1350},{"@type":"BreadcrumbList","@id":"https:\/\/www.lesacduberger.com\/produit\/sac-a-dos-larzac\/#breadcrumb","itemListElement":[{"@type":"ListItem","position":1,"name":"Accueil","item":"https:\/\/www.lesacduberger.com\/"},{"@type":"ListItem","position":2,"name":"Boutique","item":"https:\/\/www.lesacduberger.com\/boutique\/"},{"@type":"ListItem","position":3,"name":"Sac \u00e0 dos Larzac"}]},{"@type":"WebSite","@id":"https:\/\/www.lesacduberger.com\/#website","url":"https:\/\/www.lesacduberger.com\/","name":"Le Sac du Berger","description":"","publisher":{"@id":"https:\/\/www.lesacduberger.com\/#organization"},"potentialAction":[{"@type":"SearchAction","target":{"@type":"EntryPoint","urlTemplate":"https:\/\/www.lesacduberger.com\/?s={search_term_string}"},"query-input":{"@type":"PropertyValueSpecification","valueRequired":true,"valueName":"search_term_string"}}],"inLanguage":"en-US"},{"@type":"Organization","@id":"https:\/\/www.lesacduberger.com\/#organization","name":"Le Sac du Berger","url":"https:\/\/www.lesacduberger.com\/","logo":{"@type":"ImageObject","inLanguage":"en-US","@id":"https:\/\/www.lesacduberger.com\/#\/schema\/logo\/image\/","url":"https:\/\/www.lesacduberger.com\/wp-content\/uploads\/2020\/09\/Logo-Sac-du-Berger-blanc-OK.png","contentUrl":"https:\/\/www.lesacduberger.com\/wp-content\/uploads\/2020\/09\/Logo-Sac-du-Berger-blanc-OK.png","width":2093,"height":510,"caption":"Le Sac du Berger"},"image":{"@id":"https:\/\/www.lesacduberger.com\/#\/schema\/logo\/image\/"},"sameAs":["https:\/\/www.facebook.com\/lesacduberger","https:\/\/www.instagram.com\/lesacduberger\/?hl=fr"]}]}},"_links":{"self":[{"href":"https:\/\/www.lesacduberger.com\/en\/wp-json\/wp\/v2\/product\/22581","targetHints":{"allow":["GET"]}}],"collection":[{"href":"https:\/\/www.lesacduberger.com\/en\/wp-json\/wp\/v2\/product"}],"about":[{"href":"https:\/\/www.lesacduberger.com\/en\/wp-json\/wp\/v2\/types\/product"}],"wp:featuredmedia":[{"embeddable":true,"href":"https:\/\/www.lesacduberger.com\/en\/wp-json\/wp\/v2\/media\/46289"}],"wp:attachment":[{"href":"https:\/\/www.lesacduberger.com\/en\/wp-json\/wp\/v2\/media?parent=22581"}],"wp:term":[{"taxonomy":"product_brand","embeddable":true,"href":"https:\/\/www.lesacduberger.com\/en\/wp-json\/wp\/v2\/product_brand?post=22581"},{"taxonomy":"product_cat","embeddable":true,"href":"https:\/\/www.lesacduberger.com\/en\/wp-json\/wp\/v2\/product_cat?post=22581"},{"taxonomy":"product_tag","embeddable":true,"href":"https:\/\/www.lesacduberger.com\/en\/wp-json\/wp\/v2\/product_tag?post=22581"},{"taxonomy":"giftcard-category","embeddable":true,"href":"https:\/\/www.lesacduberger.com\/en\/wp-json\/wp\/v2\/giftcard-category?post=22581"}],"curies":[{"name":"wp","href":"https:\/\/api.w.org\/{rel}","templated":true}]}}