{"id":26839,"date":"2020-11-27T11:42:20","date_gmt":"2020-11-27T10:42:20","guid":{"rendered":"https:\/\/www.lesacduberger.com\/?post_type=product&#038;p=26839"},"modified":"2026-04-24T09:29:07","modified_gmt":"2026-04-24T07:29:07","slug":"ccp","status":"publish","type":"product","link":"https:\/\/www.lesacduberger.com\/en\/product\/ccp\/","title":{"rendered":"CCP"},"content":{"rendered":"<h2>Leather checkbook holder<\/h2>\n<p>Our CCP is a 3-part leather checkbook holder.<\/p>\n<ul>\n<li>CCP chequebook slot<\/li>\n<li>2 credit card slots<\/li>\n<\/ul>\n<p>All stages of production, from the origin of the hides to the tanning and finishing of the finished object, are carried out around the Layrolle workshop, less than 120 kilometers away.<\/p>\n<p>All our chequebook holders are designed to be durable and repairable.<\/p>\n<h2>A handcrafted leather checkbook holder<\/h2>\n<p>Discreet, sober and waterproof, this Aveyron CCP is 100% handcrafted. Contribute to the success of French know-how by taking advantage of a local, quality product. Practical and attractive, this checkbook holder is a direct product of the local economy.<\/p>\n<p>Its precise, high-quality finish makes this object an everyday essential. The material of full-grain cowhide leather allows your CCP to make it a timeless object that will embellish over time. Our natural leather checkbook holder is guaranteed to last, and is also repairable.<\/p>\n<p>Make this object unique! We offer you the possibility of inscribing 12 characters to make it a personalized everyday object.<\/p>","protected":false},"excerpt":{"rendered":"<p>Porte-ch\u00e9quier en cuir Notre CCP est un porte-ch\u00e9quier en cuir \u00e0 3 volets. Un emplacement pour ch\u00e9quier CCP 2 rangements de type carte de cr\u00e9dit L\u2019ensemble des \u00e9tapes de fabrication, \u00e0 savoir de l\u2019origine des peaux jusqu\u2019\u00e0 l\u2019objet fini, en passant par le tannage, sont toutes r\u00e9alis\u00e9es autour de l\u2019atelier de Layrolle, et ce, \u00e0 [&hellip;]<\/p>\n","protected":false},"featured_media":46681,"template":"","meta":[],"product_brand":[],"product_cat":[1539,1526],"product_tag":[],"giftcard-category":[],"class_list":{"0":"post-26839","1":"product","2":"type-product","3":"status-publish","4":"has-post-thumbnail","6":"product_cat-les-porte-monnaie-et-porte-cartes","7":"product_cat-petite-maroquinerie","8":"pa_couleur-fauve","9":"pa_couleur-noir","10":"pa_couleur-rouge","11":"pa_hauteur-12cm","12":"pa_largeur-9_5cm","14":"first","15":"instock","16":"taxable","17":"shipping-taxable","18":"purchasable","19":"product-type-variable","20":"has-default-attributes"},"yoast_head":"<!-- This site is optimized with the Yoast SEO plugin v27.1.1 - https:\/\/yoast.com\/product\/yoast-seo-wordpress\/ -->\n<title>CCP, fabriqu\u00e9 en France en cuir vachette pleine fleur<\/title>\n<meta name=\"description\" content=\"Un porte ch\u00e9quier CCP et porte cartes en m\u00eame temps. Un emplacement pour le ch\u00e9quier ccp, et 2 rangements pour carte de type carte de cr\u00e9dit.\" \/>\n<meta name=\"robots\" content=\"index, follow, max-snippet:-1, max-image-preview:large, max-video-preview:-1\" \/>\n<link rel=\"canonical\" href=\"https:\/\/www.lesacduberger.com\/en\/product\/ccp\/\" \/>\n<meta property=\"og:locale\" content=\"en_US\" \/>\n<meta property=\"og:title\" content=\"CCP, fabriqu\u00e9 en France en cuir vachette pleine fleur\" \/>\n<meta property=\"og:description\" content=\"Un porte ch\u00e9quier CCP et porte cartes en m\u00eame temps. Un emplacement pour le ch\u00e9quier ccp, et 2 rangements pour carte de type carte de cr\u00e9dit.\" \/>\n<meta property=\"og:url\" content=\"https:\/\/www.lesacduberger.com\/en\/product\/ccp\/\" \/>\n<meta property=\"og:site_name\" content=\"Le Sac du Berger\" \/>\n<meta property=\"article:publisher\" content=\"https:\/\/www.facebook.com\/lesacduberger\" \/>\n<meta property=\"article:modified_time\" content=\"2026-04-24T07:29:07+00:00\" \/>\n<meta property=\"og:image\" content=\"https:\/\/www.lesacduberger.com\/wp-content\/uploads\/2020\/11\/CCP-0004.jpg\" \/>\n\t<meta property=\"og:image:width\" content=\"1080\" \/>\n\t<meta property=\"og:image:height\" content=\"1350\" \/>\n\t<meta property=\"og:image:type\" content=\"image\/jpeg\" \/>\n<meta name=\"twitter:card\" content=\"summary_large_image\" \/>\n<script type=\"application\/ld+json\" class=\"yoast-schema-graph\">{\"@context\":\"https:\/\/schema.org\",\"@graph\":[{\"@type\":\"WebPage\",\"@id\":\"https:\/\/www.lesacduberger.com\/produit\/ccp\/\",\"url\":\"https:\/\/www.lesacduberger.com\/produit\/ccp\/\",\"name\":\"CCP, fabriqu\u00e9 en France en cuir vachette pleine fleur\",\"isPartOf\":{\"@id\":\"https:\/\/www.lesacduberger.com\/#website\"},\"primaryImageOfPage\":{\"@id\":\"https:\/\/www.lesacduberger.com\/produit\/ccp\/#primaryimage\"},\"image\":{\"@id\":\"https:\/\/www.lesacduberger.com\/produit\/ccp\/#primaryimage\"},\"thumbnailUrl\":\"https:\/\/www.lesacduberger.com\/wp-content\/uploads\/2020\/11\/CCP-0004.jpg\",\"datePublished\":\"2020-11-27T10:42:20+00:00\",\"dateModified\":\"2026-04-24T07:29:07+00:00\",\"description\":\"Un porte ch\u00e9quier CCP et porte cartes en m\u00eame temps. Un emplacement pour le ch\u00e9quier ccp, et 2 rangements pour carte de type carte de cr\u00e9dit.\",\"breadcrumb\":{\"@id\":\"https:\/\/www.lesacduberger.com\/produit\/ccp\/#breadcrumb\"},\"inLanguage\":\"en-US\",\"potentialAction\":[{\"@type\":\"ReadAction\",\"target\":[\"https:\/\/www.lesacduberger.com\/produit\/ccp\/\"]}]},{\"@type\":\"ImageObject\",\"inLanguage\":\"en-US\",\"@id\":\"https:\/\/www.lesacduberger.com\/produit\/ccp\/#primaryimage\",\"url\":\"https:\/\/www.lesacduberger.com\/wp-content\/uploads\/2020\/11\/CCP-0004.jpg\",\"contentUrl\":\"https:\/\/www.lesacduberger.com\/wp-content\/uploads\/2020\/11\/CCP-0004.jpg\",\"width\":1080,\"height\":1350},{\"@type\":\"BreadcrumbList\",\"@id\":\"https:\/\/www.lesacduberger.com\/produit\/ccp\/#breadcrumb\",\"itemListElement\":[{\"@type\":\"ListItem\",\"position\":1,\"name\":\"Accueil\",\"item\":\"https:\/\/www.lesacduberger.com\/\"},{\"@type\":\"ListItem\",\"position\":2,\"name\":\"Boutique\",\"item\":\"https:\/\/www.lesacduberger.com\/boutique\/\"},{\"@type\":\"ListItem\",\"position\":3,\"name\":\"CCP\"}]},{\"@type\":\"WebSite\",\"@id\":\"https:\/\/www.lesacduberger.com\/#website\",\"url\":\"https:\/\/www.lesacduberger.com\/\",\"name\":\"Le Sac du Berger\",\"description\":\"\",\"publisher\":{\"@id\":\"https:\/\/www.lesacduberger.com\/#organization\"},\"potentialAction\":[{\"@type\":\"SearchAction\",\"target\":{\"@type\":\"EntryPoint\",\"urlTemplate\":\"https:\/\/www.lesacduberger.com\/?s={search_term_string}\"},\"query-input\":{\"@type\":\"PropertyValueSpecification\",\"valueRequired\":true,\"valueName\":\"search_term_string\"}}],\"inLanguage\":\"en-US\"},{\"@type\":\"Organization\",\"@id\":\"https:\/\/www.lesacduberger.com\/#organization\",\"name\":\"Le Sac du Berger\",\"url\":\"https:\/\/www.lesacduberger.com\/\",\"logo\":{\"@type\":\"ImageObject\",\"inLanguage\":\"en-US\",\"@id\":\"https:\/\/www.lesacduberger.com\/#\/schema\/logo\/image\/\",\"url\":\"https:\/\/www.lesacduberger.com\/wp-content\/uploads\/2020\/09\/Logo-Sac-du-Berger-blanc-OK.png\",\"contentUrl\":\"https:\/\/www.lesacduberger.com\/wp-content\/uploads\/2020\/09\/Logo-Sac-du-Berger-blanc-OK.png\",\"width\":2093,\"height\":510,\"caption\":\"Le Sac du Berger\"},\"image\":{\"@id\":\"https:\/\/www.lesacduberger.com\/#\/schema\/logo\/image\/\"},\"sameAs\":[\"https:\/\/www.facebook.com\/lesacduberger\",\"https:\/\/www.instagram.com\/lesacduberger\/?hl=fr\"]}]}<\/script>\n<!-- \/ Yoast SEO plugin. -->","yoast_head_json":{"title":"CCP, made in France from full-grain cowhide","description":"A CCP checkbook holder and card holder at the same time. One ccp checkbook slot and 2 credit card slots.","robots":{"index":"index","follow":"follow","max-snippet":"max-snippet:-1","max-image-preview":"max-image-preview:large","max-video-preview":"max-video-preview:-1"},"canonical":"https:\/\/www.lesacduberger.com\/en\/product\/ccp\/","og_locale":"en_US","og_title":"CCP, fabriqu\u00e9 en France en cuir vachette pleine fleur","og_description":"Un porte ch\u00e9quier CCP et porte cartes en m\u00eame temps. Un emplacement pour le ch\u00e9quier ccp, et 2 rangements pour carte de type carte de cr\u00e9dit.","og_url":"https:\/\/www.lesacduberger.com\/en\/product\/ccp\/","og_site_name":"Le Sac du Berger","article_publisher":"https:\/\/www.facebook.com\/lesacduberger","article_modified_time":"2026-04-24T07:29:07+00:00","og_image":[{"width":1080,"height":1350,"url":"https:\/\/www.lesacduberger.com\/wp-content\/uploads\/2020\/11\/CCP-0004.jpg","type":"image\/jpeg"}],"twitter_card":"summary_large_image","schema":{"@context":"https:\/\/schema.org","@graph":[{"@type":"WebPage","@id":"https:\/\/www.lesacduberger.com\/produit\/ccp\/","url":"https:\/\/www.lesacduberger.com\/produit\/ccp\/","name":"CCP, made in France from full-grain cowhide","isPartOf":{"@id":"https:\/\/www.lesacduberger.com\/#website"},"primaryImageOfPage":{"@id":"https:\/\/www.lesacduberger.com\/produit\/ccp\/#primaryimage"},"image":{"@id":"https:\/\/www.lesacduberger.com\/produit\/ccp\/#primaryimage"},"thumbnailUrl":"https:\/\/www.lesacduberger.com\/wp-content\/uploads\/2020\/11\/CCP-0004.jpg","datePublished":"2020-11-27T10:42:20+00:00","dateModified":"2026-04-24T07:29:07+00:00","description":"A CCP checkbook holder and card holder at the same time. One ccp checkbook slot and 2 credit card slots.","breadcrumb":{"@id":"https:\/\/www.lesacduberger.com\/produit\/ccp\/#breadcrumb"},"inLanguage":"en-US","potentialAction":[{"@type":"ReadAction","target":["https:\/\/www.lesacduberger.com\/produit\/ccp\/"]}]},{"@type":"ImageObject","inLanguage":"en-US","@id":"https:\/\/www.lesacduberger.com\/produit\/ccp\/#primaryimage","url":"https:\/\/www.lesacduberger.com\/wp-content\/uploads\/2020\/11\/CCP-0004.jpg","contentUrl":"https:\/\/www.lesacduberger.com\/wp-content\/uploads\/2020\/11\/CCP-0004.jpg","width":1080,"height":1350},{"@type":"BreadcrumbList","@id":"https:\/\/www.lesacduberger.com\/produit\/ccp\/#breadcrumb","itemListElement":[{"@type":"ListItem","position":1,"name":"Accueil","item":"https:\/\/www.lesacduberger.com\/"},{"@type":"ListItem","position":2,"name":"Boutique","item":"https:\/\/www.lesacduberger.com\/boutique\/"},{"@type":"ListItem","position":3,"name":"CCP"}]},{"@type":"WebSite","@id":"https:\/\/www.lesacduberger.com\/#website","url":"https:\/\/www.lesacduberger.com\/","name":"Le Sac du Berger","description":"","publisher":{"@id":"https:\/\/www.lesacduberger.com\/#organization"},"potentialAction":[{"@type":"SearchAction","target":{"@type":"EntryPoint","urlTemplate":"https:\/\/www.lesacduberger.com\/?s={search_term_string}"},"query-input":{"@type":"PropertyValueSpecification","valueRequired":true,"valueName":"search_term_string"}}],"inLanguage":"en-US"},{"@type":"Organization","@id":"https:\/\/www.lesacduberger.com\/#organization","name":"Le Sac du Berger","url":"https:\/\/www.lesacduberger.com\/","logo":{"@type":"ImageObject","inLanguage":"en-US","@id":"https:\/\/www.lesacduberger.com\/#\/schema\/logo\/image\/","url":"https:\/\/www.lesacduberger.com\/wp-content\/uploads\/2020\/09\/Logo-Sac-du-Berger-blanc-OK.png","contentUrl":"https:\/\/www.lesacduberger.com\/wp-content\/uploads\/2020\/09\/Logo-Sac-du-Berger-blanc-OK.png","width":2093,"height":510,"caption":"Le Sac du Berger"},"image":{"@id":"https:\/\/www.lesacduberger.com\/#\/schema\/logo\/image\/"},"sameAs":["https:\/\/www.facebook.com\/lesacduberger","https:\/\/www.instagram.com\/lesacduberger\/?hl=fr"]}]}},"_links":{"self":[{"href":"https:\/\/www.lesacduberger.com\/en\/wp-json\/wp\/v2\/product\/26839","targetHints":{"allow":["GET"]}}],"collection":[{"href":"https:\/\/www.lesacduberger.com\/en\/wp-json\/wp\/v2\/product"}],"about":[{"href":"https:\/\/www.lesacduberger.com\/en\/wp-json\/wp\/v2\/types\/product"}],"wp:featuredmedia":[{"embeddable":true,"href":"https:\/\/www.lesacduberger.com\/en\/wp-json\/wp\/v2\/media\/46681"}],"wp:attachment":[{"href":"https:\/\/www.lesacduberger.com\/en\/wp-json\/wp\/v2\/media?parent=26839"}],"wp:term":[{"taxonomy":"product_brand","embeddable":true,"href":"https:\/\/www.lesacduberger.com\/en\/wp-json\/wp\/v2\/product_brand?post=26839"},{"taxonomy":"product_cat","embeddable":true,"href":"https:\/\/www.lesacduberger.com\/en\/wp-json\/wp\/v2\/product_cat?post=26839"},{"taxonomy":"product_tag","embeddable":true,"href":"https:\/\/www.lesacduberger.com\/en\/wp-json\/wp\/v2\/product_tag?post=26839"},{"taxonomy":"giftcard-category","embeddable":true,"href":"https:\/\/www.lesacduberger.com\/en\/wp-json\/wp\/v2\/giftcard-category?post=26839"}],"curies":[{"name":"wp","href":"https:\/\/api.w.org\/{rel}","templated":true}]}}