{"id":26883,"date":"2020-11-27T12:18:37","date_gmt":"2020-11-27T11:18:37","guid":{"rendered":"https:\/\/www.lesacduberger.com\/?post_type=product&#038;p=26883"},"modified":"2026-04-24T09:23:16","modified_gmt":"2026-04-24T07:23:16","slug":"checkbook-holder","status":"publish","type":"product","link":"https:\/\/www.lesacduberger.com\/en\/product\/checkbook-holder\/","title":{"rendered":"Checkbook holder"},"content":{"rendered":"<h2>Our leather checkbook holder<\/h2>\n<p>Our leather checkbook holder can also be used as a card holder.<\/p>\n<ul>\n<li>Standard checkbook slot<\/li>\n<li>10 credit card slots<\/li>\n<\/ul>\n<p>Visit <strong>checkbook holder<\/strong> is a leather goods accessory used to store cheques, credit cards, identity cards and coins. It is usually made of leather, canvas or fabric, and can contain compartments and pockets to store these items. Our checkbook holders are handcrafted using natural materials.<\/p>\n<p>The various stages of production, from the origin of the skins to the tanning and finishing of the finished object, are carried out within a 120-kilometer radius of the Layrolle workshop.<\/p>\n<p>All our chequebook holders are designed to be durable and repairable.<\/p>","protected":false},"excerpt":{"rendered":"<p>Notre porte ch\u00e9quier en cuir Notre Porte ch\u00e9quier en cuir peut \u00e9galement faire office de porte cartes. Un emplacement pour ch\u00e9quier standard 10 rangements de type carte de cr\u00e9dit Le porte-ch\u00e9quier est un accessoire de maroquinerie utilis\u00e9 pour ranger les ch\u00e8ques, les cartes de cr\u00e9dit, l&rsquo;identit\u00e9 et les pi\u00e8ces de monnaie. Il est g\u00e9n\u00e9ralement fabriqu\u00e9 [&hellip;]<\/p>\n","protected":false},"featured_media":46659,"template":"","meta":[],"product_brand":[],"product_cat":[1539,1526],"product_tag":[],"giftcard-category":[],"class_list":{"0":"post-26883","1":"product","2":"type-product","3":"status-publish","4":"has-post-thumbnail","6":"product_cat-les-porte-monnaie-et-porte-cartes","7":"product_cat-petite-maroquinerie","8":"pa_couleur-fauve","9":"pa_couleur-noir","10":"pa_couleur-rouge","11":"pa_couleur-moka","13":"first","14":"instock","15":"taxable","16":"shipping-taxable","17":"purchasable","18":"product-type-variable","19":"has-default-attributes"},"yoast_head":"<!-- This site is optimized with the Yoast SEO plugin v27.1.1 - https:\/\/yoast.com\/product\/yoast-seo-wordpress\/ -->\n<title>Porte ch\u00e9quier - Fabrication fran\u00e7aise - Cuir de vachette pleine fleur<\/title>\n<meta name=\"description\" content=\"Un porte ch\u00e9quier et porte cartes en m\u00eame temps. Un emplacement pour le ch\u00e9quier standard, et 10 rangements taille carte de cr\u00e9dit.\" \/>\n<meta name=\"robots\" content=\"index, follow, max-snippet:-1, max-image-preview:large, max-video-preview:-1\" \/>\n<link rel=\"canonical\" href=\"https:\/\/www.lesacduberger.com\/en\/product\/checkbook-holder\/\" \/>\n<meta property=\"og:locale\" content=\"en_US\" \/>\n<meta property=\"og:title\" content=\"Porte ch\u00e9quier - Fabrication fran\u00e7aise - Cuir de vachette pleine fleur\" \/>\n<meta property=\"og:description\" content=\"Un porte ch\u00e9quier et porte cartes en m\u00eame temps. Un emplacement pour le ch\u00e9quier standard, et 10 rangements taille carte de cr\u00e9dit.\" \/>\n<meta property=\"og:url\" content=\"https:\/\/www.lesacduberger.com\/en\/product\/checkbook-holder\/\" \/>\n<meta property=\"og:site_name\" content=\"Le Sac du Berger\" \/>\n<meta property=\"article:publisher\" content=\"https:\/\/www.facebook.com\/lesacduberger\" \/>\n<meta property=\"article:modified_time\" content=\"2026-04-24T07:23:16+00:00\" \/>\n<meta property=\"og:image\" content=\"https:\/\/www.lesacduberger.com\/wp-content\/uploads\/2020\/11\/Porte-chequier-n%C2%B01-Moka-1-0000.jpg\" \/>\n\t<meta property=\"og:image:width\" content=\"1080\" \/>\n\t<meta property=\"og:image:height\" content=\"1350\" \/>\n\t<meta property=\"og:image:type\" content=\"image\/jpeg\" \/>\n<meta name=\"twitter:card\" content=\"summary_large_image\" \/>\n<script type=\"application\/ld+json\" class=\"yoast-schema-graph\">{\"@context\":\"https:\/\/schema.org\",\"@graph\":[{\"@type\":\"WebPage\",\"@id\":\"https:\/\/www.lesacduberger.com\/produit\/porte-chequier\/\",\"url\":\"https:\/\/www.lesacduberger.com\/produit\/porte-chequier\/\",\"name\":\"Porte ch\u00e9quier - Fabrication fran\u00e7aise - Cuir de vachette pleine fleur\",\"isPartOf\":{\"@id\":\"https:\/\/www.lesacduberger.com\/#website\"},\"primaryImageOfPage\":{\"@id\":\"https:\/\/www.lesacduberger.com\/produit\/porte-chequier\/#primaryimage\"},\"image\":{\"@id\":\"https:\/\/www.lesacduberger.com\/produit\/porte-chequier\/#primaryimage\"},\"thumbnailUrl\":\"https:\/\/www.lesacduberger.com\/wp-content\/uploads\/2020\/11\/Porte-chequier-n%C2%B01-Moka-1-0000.jpg\",\"datePublished\":\"2020-11-27T11:18:37+00:00\",\"dateModified\":\"2026-04-24T07:23:16+00:00\",\"description\":\"Un porte ch\u00e9quier et porte cartes en m\u00eame temps. Un emplacement pour le ch\u00e9quier standard, et 10 rangements taille carte de cr\u00e9dit.\",\"breadcrumb\":{\"@id\":\"https:\/\/www.lesacduberger.com\/produit\/porte-chequier\/#breadcrumb\"},\"inLanguage\":\"en-US\",\"potentialAction\":[{\"@type\":\"ReadAction\",\"target\":[\"https:\/\/www.lesacduberger.com\/produit\/porte-chequier\/\"]}]},{\"@type\":\"ImageObject\",\"inLanguage\":\"en-US\",\"@id\":\"https:\/\/www.lesacduberger.com\/produit\/porte-chequier\/#primaryimage\",\"url\":\"https:\/\/www.lesacduberger.com\/wp-content\/uploads\/2020\/11\/Porte-chequier-n%C2%B01-Moka-1-0000.jpg\",\"contentUrl\":\"https:\/\/www.lesacduberger.com\/wp-content\/uploads\/2020\/11\/Porte-chequier-n%C2%B01-Moka-1-0000.jpg\",\"width\":1080,\"height\":1350},{\"@type\":\"BreadcrumbList\",\"@id\":\"https:\/\/www.lesacduberger.com\/produit\/porte-chequier\/#breadcrumb\",\"itemListElement\":[{\"@type\":\"ListItem\",\"position\":1,\"name\":\"Accueil\",\"item\":\"https:\/\/www.lesacduberger.com\/\"},{\"@type\":\"ListItem\",\"position\":2,\"name\":\"Boutique\",\"item\":\"https:\/\/www.lesacduberger.com\/boutique\/\"},{\"@type\":\"ListItem\",\"position\":3,\"name\":\"Porte ch\u00e9quier\"}]},{\"@type\":\"WebSite\",\"@id\":\"https:\/\/www.lesacduberger.com\/#website\",\"url\":\"https:\/\/www.lesacduberger.com\/\",\"name\":\"Le Sac du Berger\",\"description\":\"\",\"publisher\":{\"@id\":\"https:\/\/www.lesacduberger.com\/#organization\"},\"potentialAction\":[{\"@type\":\"SearchAction\",\"target\":{\"@type\":\"EntryPoint\",\"urlTemplate\":\"https:\/\/www.lesacduberger.com\/?s={search_term_string}\"},\"query-input\":{\"@type\":\"PropertyValueSpecification\",\"valueRequired\":true,\"valueName\":\"search_term_string\"}}],\"inLanguage\":\"en-US\"},{\"@type\":\"Organization\",\"@id\":\"https:\/\/www.lesacduberger.com\/#organization\",\"name\":\"Le Sac du Berger\",\"url\":\"https:\/\/www.lesacduberger.com\/\",\"logo\":{\"@type\":\"ImageObject\",\"inLanguage\":\"en-US\",\"@id\":\"https:\/\/www.lesacduberger.com\/#\/schema\/logo\/image\/\",\"url\":\"https:\/\/www.lesacduberger.com\/wp-content\/uploads\/2020\/09\/Logo-Sac-du-Berger-blanc-OK.png\",\"contentUrl\":\"https:\/\/www.lesacduberger.com\/wp-content\/uploads\/2020\/09\/Logo-Sac-du-Berger-blanc-OK.png\",\"width\":2093,\"height\":510,\"caption\":\"Le Sac du Berger\"},\"image\":{\"@id\":\"https:\/\/www.lesacduberger.com\/#\/schema\/logo\/image\/\"},\"sameAs\":[\"https:\/\/www.facebook.com\/lesacduberger\",\"https:\/\/www.instagram.com\/lesacduberger\/?hl=fr\"]}]}<\/script>\n<!-- \/ Yoast SEO plugin. -->","yoast_head_json":{"title":"Checkbook holder - Made in France - Full grain cow leather","description":"Simultaneous checkbook and card holder. One slot for the standard checkbook, and 10 credit-card-sized slots.","robots":{"index":"index","follow":"follow","max-snippet":"max-snippet:-1","max-image-preview":"max-image-preview:large","max-video-preview":"max-video-preview:-1"},"canonical":"https:\/\/www.lesacduberger.com\/en\/product\/checkbook-holder\/","og_locale":"en_US","og_title":"Porte ch\u00e9quier - Fabrication fran\u00e7aise - Cuir de vachette pleine fleur","og_description":"Un porte ch\u00e9quier et porte cartes en m\u00eame temps. Un emplacement pour le ch\u00e9quier standard, et 10 rangements taille carte de cr\u00e9dit.","og_url":"https:\/\/www.lesacduberger.com\/en\/product\/checkbook-holder\/","og_site_name":"Le Sac du Berger","article_publisher":"https:\/\/www.facebook.com\/lesacduberger","article_modified_time":"2026-04-24T07:23:16+00:00","og_image":[{"width":1080,"height":1350,"url":"https:\/\/www.lesacduberger.com\/wp-content\/uploads\/2020\/11\/Porte-chequier-n%C2%B01-Moka-1-0000.jpg","type":"image\/jpeg"}],"twitter_card":"summary_large_image","schema":{"@context":"https:\/\/schema.org","@graph":[{"@type":"WebPage","@id":"https:\/\/www.lesacduberger.com\/produit\/porte-chequier\/","url":"https:\/\/www.lesacduberger.com\/produit\/porte-chequier\/","name":"Checkbook holder - Made in France - Full grain cow leather","isPartOf":{"@id":"https:\/\/www.lesacduberger.com\/#website"},"primaryImageOfPage":{"@id":"https:\/\/www.lesacduberger.com\/produit\/porte-chequier\/#primaryimage"},"image":{"@id":"https:\/\/www.lesacduberger.com\/produit\/porte-chequier\/#primaryimage"},"thumbnailUrl":"https:\/\/www.lesacduberger.com\/wp-content\/uploads\/2020\/11\/Porte-chequier-n%C2%B01-Moka-1-0000.jpg","datePublished":"2020-11-27T11:18:37+00:00","dateModified":"2026-04-24T07:23:16+00:00","description":"Simultaneous checkbook and card holder. One slot for the standard checkbook, and 10 credit-card-sized slots.","breadcrumb":{"@id":"https:\/\/www.lesacduberger.com\/produit\/porte-chequier\/#breadcrumb"},"inLanguage":"en-US","potentialAction":[{"@type":"ReadAction","target":["https:\/\/www.lesacduberger.com\/produit\/porte-chequier\/"]}]},{"@type":"ImageObject","inLanguage":"en-US","@id":"https:\/\/www.lesacduberger.com\/produit\/porte-chequier\/#primaryimage","url":"https:\/\/www.lesacduberger.com\/wp-content\/uploads\/2020\/11\/Porte-chequier-n%C2%B01-Moka-1-0000.jpg","contentUrl":"https:\/\/www.lesacduberger.com\/wp-content\/uploads\/2020\/11\/Porte-chequier-n%C2%B01-Moka-1-0000.jpg","width":1080,"height":1350},{"@type":"BreadcrumbList","@id":"https:\/\/www.lesacduberger.com\/produit\/porte-chequier\/#breadcrumb","itemListElement":[{"@type":"ListItem","position":1,"name":"Accueil","item":"https:\/\/www.lesacduberger.com\/"},{"@type":"ListItem","position":2,"name":"Boutique","item":"https:\/\/www.lesacduberger.com\/boutique\/"},{"@type":"ListItem","position":3,"name":"Porte ch\u00e9quier"}]},{"@type":"WebSite","@id":"https:\/\/www.lesacduberger.com\/#website","url":"https:\/\/www.lesacduberger.com\/","name":"Le Sac du Berger","description":"","publisher":{"@id":"https:\/\/www.lesacduberger.com\/#organization"},"potentialAction":[{"@type":"SearchAction","target":{"@type":"EntryPoint","urlTemplate":"https:\/\/www.lesacduberger.com\/?s={search_term_string}"},"query-input":{"@type":"PropertyValueSpecification","valueRequired":true,"valueName":"search_term_string"}}],"inLanguage":"en-US"},{"@type":"Organization","@id":"https:\/\/www.lesacduberger.com\/#organization","name":"Le Sac du Berger","url":"https:\/\/www.lesacduberger.com\/","logo":{"@type":"ImageObject","inLanguage":"en-US","@id":"https:\/\/www.lesacduberger.com\/#\/schema\/logo\/image\/","url":"https:\/\/www.lesacduberger.com\/wp-content\/uploads\/2020\/09\/Logo-Sac-du-Berger-blanc-OK.png","contentUrl":"https:\/\/www.lesacduberger.com\/wp-content\/uploads\/2020\/09\/Logo-Sac-du-Berger-blanc-OK.png","width":2093,"height":510,"caption":"Le Sac du Berger"},"image":{"@id":"https:\/\/www.lesacduberger.com\/#\/schema\/logo\/image\/"},"sameAs":["https:\/\/www.facebook.com\/lesacduberger","https:\/\/www.instagram.com\/lesacduberger\/?hl=fr"]}]}},"_links":{"self":[{"href":"https:\/\/www.lesacduberger.com\/en\/wp-json\/wp\/v2\/product\/26883","targetHints":{"allow":["GET"]}}],"collection":[{"href":"https:\/\/www.lesacduberger.com\/en\/wp-json\/wp\/v2\/product"}],"about":[{"href":"https:\/\/www.lesacduberger.com\/en\/wp-json\/wp\/v2\/types\/product"}],"wp:featuredmedia":[{"embeddable":true,"href":"https:\/\/www.lesacduberger.com\/en\/wp-json\/wp\/v2\/media\/46659"}],"wp:attachment":[{"href":"https:\/\/www.lesacduberger.com\/en\/wp-json\/wp\/v2\/media?parent=26883"}],"wp:term":[{"taxonomy":"product_brand","embeddable":true,"href":"https:\/\/www.lesacduberger.com\/en\/wp-json\/wp\/v2\/product_brand?post=26883"},{"taxonomy":"product_cat","embeddable":true,"href":"https:\/\/www.lesacduberger.com\/en\/wp-json\/wp\/v2\/product_cat?post=26883"},{"taxonomy":"product_tag","embeddable":true,"href":"https:\/\/www.lesacduberger.com\/en\/wp-json\/wp\/v2\/product_tag?post=26883"},{"taxonomy":"giftcard-category","embeddable":true,"href":"https:\/\/www.lesacduberger.com\/en\/wp-json\/wp\/v2\/giftcard-category?post=26883"}],"curies":[{"name":"wp","href":"https:\/\/api.w.org\/{rel}","templated":true}]}}