{"id":26884,"date":"2020-11-27T12:18:48","date_gmt":"2020-11-27T11:18:48","guid":{"rendered":"https:\/\/www.lesacduberger.com\/?post_type=product&#038;p=26884"},"modified":"2026-03-25T09:25:10","modified_gmt":"2026-03-25T08:25:10","slug":"womens-gandhi-sandals","status":"publish","type":"product","link":"https:\/\/www.lesacduberger.com\/en\/product\/womens-gandhi-sandals\/","title":{"rendered":"Gandhi Women's Sandals"},"content":{"rendered":"<h2>Leather sandals for women<\/h2>\n<ul>\n<li>full grain cowhide<\/li>\n<li>without a varnish-type finish, so that it develops a patina over time<\/li>\n<\/ul>\n<p>All leather in contact with the foot is tanned without heavy metals.<\/p>\n<ul>\n<li>Natural-colored bridles: undyed, vegetable-tanned leather, darkens with age<\/li>\n<li>Black and red bridles: leather dyed on top only (long-lasting pigment)<\/li>\n<\/ul>\n<h2>Insoles<\/h2>\n<p>Slightly compensated soles for <strong>leather sandals<\/strong> comfortable and flexible.<\/p>\n<ul>\n<li>Slightly compensated<\/li>\n<li>High-quality rubber (Vibram brand)<\/li>\n<li>Heel height: 2 cm for greater comfort<\/li>\n<\/ul>\n<p>The various stages of production, from the origin of the skins to the tanning and finishing of the finished object, are carried out within a 120-kilometer radius of the Layrolle workshop.<\/p>\n<p>All our items are designed to be durable and repairable. Our bootmaker can resole and repair (if feasible) your sandals.<\/p>","protected":false},"excerpt":{"rendered":"<p>Sandales en cuir pour femme pleine fleur de vachette sans finition, type \u00ab\u00a0vernis\u00a0\u00bb, afin qu&rsquo;il se patine au fil du temps Tout le cuir en contact avec le pied est en tannage sans m\u00e9taux lourds. Brides coloris naturel: cuir non teint\u00e9, tannage v\u00e9g\u00e9tal, fonce avec le temps Brides coloris noir et rouge: cuir teint\u00e9 uniquement [&hellip;]<\/p>\n","protected":false},"featured_media":26922,"template":"","meta":[],"product_brand":[],"product_cat":[1538],"product_tag":[],"giftcard-category":[],"class_list":{"0":"post-26884","1":"product","2":"type-product","3":"status-publish","4":"has-post-thumbnail","6":"product_cat-les-sandales","7":"pa_couleur-noir","8":"pa_couleur-rouge","9":"pa_couleur-naturel","10":"pa_pointure-1600","11":"pa_pointure-1601","12":"pa_pointure-1602","13":"pa_pointure-1603","14":"pa_pointure-1604","15":"pa_pointure-1605","16":"pa_pointure-1606","17":"pa_pointure-1607","18":"pa_pointure-1608","20":"first","21":"instock","22":"taxable","23":"shipping-taxable","24":"purchasable","25":"product-type-variable","26":"has-default-attributes"},"yoast_head":"<!-- This site is optimized with the Yoast SEO plugin v27.1.1 - https:\/\/yoast.com\/product\/yoast-seo-wordpress\/ -->\n<title>Sandales en cuir pour Femme - Le Sac du Berger France<\/title>\n<meta name=\"description\" content=\"Sandales en cuir pour femme - tongs avec brides de maintien. Taill\u00e9es dans du cuir vachette en tannage v\u00e9g\u00e9tal non teint\u00e9, origine H\u00e9rault. L&#039;artisanat fran\u00e7ais.\" \/>\n<meta name=\"robots\" content=\"index, follow, max-snippet:-1, max-image-preview:large, max-video-preview:-1\" \/>\n<link rel=\"canonical\" href=\"https:\/\/www.lesacduberger.com\/en\/product\/womens-gandhi-sandals\/\" \/>\n<meta property=\"og:locale\" content=\"en_US\" \/>\n<meta property=\"og:title\" content=\"Sandales en cuir pour Femme - Le Sac du Berger France\" \/>\n<meta property=\"og:description\" content=\"Sandales en cuir pour femme - tongs avec brides de maintien. Taill\u00e9es dans du cuir vachette en tannage v\u00e9g\u00e9tal non teint\u00e9, origine H\u00e9rault. L&#039;artisanat fran\u00e7ais.\" \/>\n<meta property=\"og:url\" content=\"https:\/\/www.lesacduberger.com\/en\/product\/womens-gandhi-sandals\/\" \/>\n<meta property=\"og:site_name\" content=\"Le Sac du Berger\" \/>\n<meta property=\"article:publisher\" content=\"https:\/\/www.facebook.com\/lesacduberger\" \/>\n<meta property=\"article:modified_time\" content=\"2026-03-25T08:25:10+00:00\" \/>\n<meta property=\"og:image\" content=\"https:\/\/www.lesacduberger.com\/wp-content\/uploads\/2020\/11\/1604.jpg\" \/>\n\t<meta property=\"og:image:width\" content=\"1208\" \/>\n\t<meta property=\"og:image:height\" content=\"1207\" \/>\n\t<meta property=\"og:image:type\" content=\"image\/jpeg\" \/>\n<meta name=\"twitter:card\" content=\"summary_large_image\" \/>\n<script type=\"application\/ld+json\" class=\"yoast-schema-graph\">{\"@context\":\"https:\/\/schema.org\",\"@graph\":[{\"@type\":\"WebPage\",\"@id\":\"https:\/\/www.lesacduberger.com\/produit\/sandales-gandhi-femme\/\",\"url\":\"https:\/\/www.lesacduberger.com\/produit\/sandales-gandhi-femme\/\",\"name\":\"Sandales en cuir pour Femme - Le Sac du Berger France\",\"isPartOf\":{\"@id\":\"https:\/\/www.lesacduberger.com\/#website\"},\"primaryImageOfPage\":{\"@id\":\"https:\/\/www.lesacduberger.com\/produit\/sandales-gandhi-femme\/#primaryimage\"},\"image\":{\"@id\":\"https:\/\/www.lesacduberger.com\/produit\/sandales-gandhi-femme\/#primaryimage\"},\"thumbnailUrl\":\"https:\/\/www.lesacduberger.com\/wp-content\/uploads\/2020\/11\/1604.jpg\",\"datePublished\":\"2020-11-27T11:18:48+00:00\",\"dateModified\":\"2026-03-25T08:25:10+00:00\",\"description\":\"Sandales en cuir pour femme - tongs avec brides de maintien. Taill\u00e9es dans du cuir vachette en tannage v\u00e9g\u00e9tal non teint\u00e9, origine H\u00e9rault. L'artisanat fran\u00e7ais.\",\"breadcrumb\":{\"@id\":\"https:\/\/www.lesacduberger.com\/produit\/sandales-gandhi-femme\/#breadcrumb\"},\"inLanguage\":\"en-US\",\"potentialAction\":[{\"@type\":\"ReadAction\",\"target\":[\"https:\/\/www.lesacduberger.com\/produit\/sandales-gandhi-femme\/\"]}]},{\"@type\":\"ImageObject\",\"inLanguage\":\"en-US\",\"@id\":\"https:\/\/www.lesacduberger.com\/produit\/sandales-gandhi-femme\/#primaryimage\",\"url\":\"https:\/\/www.lesacduberger.com\/wp-content\/uploads\/2020\/11\/1604.jpg\",\"contentUrl\":\"https:\/\/www.lesacduberger.com\/wp-content\/uploads\/2020\/11\/1604.jpg\",\"width\":1208,\"height\":1207,\"caption\":\"Sandales lani\u00e8res en cuir Fran\u00e7aises\"},{\"@type\":\"BreadcrumbList\",\"@id\":\"https:\/\/www.lesacduberger.com\/produit\/sandales-gandhi-femme\/#breadcrumb\",\"itemListElement\":[{\"@type\":\"ListItem\",\"position\":1,\"name\":\"Accueil\",\"item\":\"https:\/\/www.lesacduberger.com\/\"},{\"@type\":\"ListItem\",\"position\":2,\"name\":\"Boutique\",\"item\":\"https:\/\/www.lesacduberger.com\/boutique\/\"},{\"@type\":\"ListItem\",\"position\":3,\"name\":\"Sandales Gandhi Femm&hellip;\"}]},{\"@type\":\"WebSite\",\"@id\":\"https:\/\/www.lesacduberger.com\/#website\",\"url\":\"https:\/\/www.lesacduberger.com\/\",\"name\":\"Le Sac du Berger\",\"description\":\"\",\"publisher\":{\"@id\":\"https:\/\/www.lesacduberger.com\/#organization\"},\"potentialAction\":[{\"@type\":\"SearchAction\",\"target\":{\"@type\":\"EntryPoint\",\"urlTemplate\":\"https:\/\/www.lesacduberger.com\/?s={search_term_string}\"},\"query-input\":{\"@type\":\"PropertyValueSpecification\",\"valueRequired\":true,\"valueName\":\"search_term_string\"}}],\"inLanguage\":\"en-US\"},{\"@type\":\"Organization\",\"@id\":\"https:\/\/www.lesacduberger.com\/#organization\",\"name\":\"Le Sac du Berger\",\"url\":\"https:\/\/www.lesacduberger.com\/\",\"logo\":{\"@type\":\"ImageObject\",\"inLanguage\":\"en-US\",\"@id\":\"https:\/\/www.lesacduberger.com\/#\/schema\/logo\/image\/\",\"url\":\"https:\/\/www.lesacduberger.com\/wp-content\/uploads\/2020\/09\/Logo-Sac-du-Berger-blanc-OK.png\",\"contentUrl\":\"https:\/\/www.lesacduberger.com\/wp-content\/uploads\/2020\/09\/Logo-Sac-du-Berger-blanc-OK.png\",\"width\":2093,\"height\":510,\"caption\":\"Le Sac du Berger\"},\"image\":{\"@id\":\"https:\/\/www.lesacduberger.com\/#\/schema\/logo\/image\/\"},\"sameAs\":[\"https:\/\/www.facebook.com\/lesacduberger\",\"https:\/\/www.instagram.com\/lesacduberger\/?hl=fr\"]}]}<\/script>\n<!-- \/ Yoast SEO plugin. -->","yoast_head_json":{"title":"Women's leather sandals - Le Sac du Berger France","description":"Leather sandals for women - flip-flops with straps. Carved in undyed vegetable-tanned cowhide leather from H\u00e9rault. French craftsmanship.","robots":{"index":"index","follow":"follow","max-snippet":"max-snippet:-1","max-image-preview":"max-image-preview:large","max-video-preview":"max-video-preview:-1"},"canonical":"https:\/\/www.lesacduberger.com\/en\/product\/womens-gandhi-sandals\/","og_locale":"en_US","og_title":"Sandales en cuir pour Femme - Le Sac du Berger France","og_description":"Sandales en cuir pour femme - tongs avec brides de maintien. Taill\u00e9es dans du cuir vachette en tannage v\u00e9g\u00e9tal non teint\u00e9, origine H\u00e9rault. L'artisanat fran\u00e7ais.","og_url":"https:\/\/www.lesacduberger.com\/en\/product\/womens-gandhi-sandals\/","og_site_name":"Le Sac du Berger","article_publisher":"https:\/\/www.facebook.com\/lesacduberger","article_modified_time":"2026-03-25T08:25:10+00:00","og_image":[{"width":1208,"height":1207,"url":"https:\/\/www.lesacduberger.com\/wp-content\/uploads\/2020\/11\/1604.jpg","type":"image\/jpeg"}],"twitter_card":"summary_large_image","schema":{"@context":"https:\/\/schema.org","@graph":[{"@type":"WebPage","@id":"https:\/\/www.lesacduberger.com\/produit\/sandales-gandhi-femme\/","url":"https:\/\/www.lesacduberger.com\/produit\/sandales-gandhi-femme\/","name":"Women's leather sandals - Le Sac du Berger France","isPartOf":{"@id":"https:\/\/www.lesacduberger.com\/#website"},"primaryImageOfPage":{"@id":"https:\/\/www.lesacduberger.com\/produit\/sandales-gandhi-femme\/#primaryimage"},"image":{"@id":"https:\/\/www.lesacduberger.com\/produit\/sandales-gandhi-femme\/#primaryimage"},"thumbnailUrl":"https:\/\/www.lesacduberger.com\/wp-content\/uploads\/2020\/11\/1604.jpg","datePublished":"2020-11-27T11:18:48+00:00","dateModified":"2026-03-25T08:25:10+00:00","description":"Leather sandals for women - flip-flops with straps. Carved in undyed vegetable-tanned cowhide leather from H\u00e9rault. French craftsmanship.","breadcrumb":{"@id":"https:\/\/www.lesacduberger.com\/produit\/sandales-gandhi-femme\/#breadcrumb"},"inLanguage":"en-US","potentialAction":[{"@type":"ReadAction","target":["https:\/\/www.lesacduberger.com\/produit\/sandales-gandhi-femme\/"]}]},{"@type":"ImageObject","inLanguage":"en-US","@id":"https:\/\/www.lesacduberger.com\/produit\/sandales-gandhi-femme\/#primaryimage","url":"https:\/\/www.lesacduberger.com\/wp-content\/uploads\/2020\/11\/1604.jpg","contentUrl":"https:\/\/www.lesacduberger.com\/wp-content\/uploads\/2020\/11\/1604.jpg","width":1208,"height":1207,"caption":"Sandales lani\u00e8res en cuir Fran\u00e7aises"},{"@type":"BreadcrumbList","@id":"https:\/\/www.lesacduberger.com\/produit\/sandales-gandhi-femme\/#breadcrumb","itemListElement":[{"@type":"ListItem","position":1,"name":"Accueil","item":"https:\/\/www.lesacduberger.com\/"},{"@type":"ListItem","position":2,"name":"Boutique","item":"https:\/\/www.lesacduberger.com\/boutique\/"},{"@type":"ListItem","position":3,"name":"Sandales Gandhi Femm&hellip;"}]},{"@type":"WebSite","@id":"https:\/\/www.lesacduberger.com\/#website","url":"https:\/\/www.lesacduberger.com\/","name":"Le Sac du Berger","description":"","publisher":{"@id":"https:\/\/www.lesacduberger.com\/#organization"},"potentialAction":[{"@type":"SearchAction","target":{"@type":"EntryPoint","urlTemplate":"https:\/\/www.lesacduberger.com\/?s={search_term_string}"},"query-input":{"@type":"PropertyValueSpecification","valueRequired":true,"valueName":"search_term_string"}}],"inLanguage":"en-US"},{"@type":"Organization","@id":"https:\/\/www.lesacduberger.com\/#organization","name":"Le Sac du Berger","url":"https:\/\/www.lesacduberger.com\/","logo":{"@type":"ImageObject","inLanguage":"en-US","@id":"https:\/\/www.lesacduberger.com\/#\/schema\/logo\/image\/","url":"https:\/\/www.lesacduberger.com\/wp-content\/uploads\/2020\/09\/Logo-Sac-du-Berger-blanc-OK.png","contentUrl":"https:\/\/www.lesacduberger.com\/wp-content\/uploads\/2020\/09\/Logo-Sac-du-Berger-blanc-OK.png","width":2093,"height":510,"caption":"Le Sac du Berger"},"image":{"@id":"https:\/\/www.lesacduberger.com\/#\/schema\/logo\/image\/"},"sameAs":["https:\/\/www.facebook.com\/lesacduberger","https:\/\/www.instagram.com\/lesacduberger\/?hl=fr"]}]}},"_links":{"self":[{"href":"https:\/\/www.lesacduberger.com\/en\/wp-json\/wp\/v2\/product\/26884","targetHints":{"allow":["GET"]}}],"collection":[{"href":"https:\/\/www.lesacduberger.com\/en\/wp-json\/wp\/v2\/product"}],"about":[{"href":"https:\/\/www.lesacduberger.com\/en\/wp-json\/wp\/v2\/types\/product"}],"wp:featuredmedia":[{"embeddable":true,"href":"https:\/\/www.lesacduberger.com\/en\/wp-json\/wp\/v2\/media\/26922"}],"wp:attachment":[{"href":"https:\/\/www.lesacduberger.com\/en\/wp-json\/wp\/v2\/media?parent=26884"}],"wp:term":[{"taxonomy":"product_brand","embeddable":true,"href":"https:\/\/www.lesacduberger.com\/en\/wp-json\/wp\/v2\/product_brand?post=26884"},{"taxonomy":"product_cat","embeddable":true,"href":"https:\/\/www.lesacduberger.com\/en\/wp-json\/wp\/v2\/product_cat?post=26884"},{"taxonomy":"product_tag","embeddable":true,"href":"https:\/\/www.lesacduberger.com\/en\/wp-json\/wp\/v2\/product_tag?post=26884"},{"taxonomy":"giftcard-category","embeddable":true,"href":"https:\/\/www.lesacduberger.com\/en\/wp-json\/wp\/v2\/giftcard-category?post=26884"}],"curies":[{"name":"wp","href":"https:\/\/api.w.org\/{rel}","templated":true}]}}