{"id":27186,"date":"2020-12-03T11:45:49","date_gmt":"2020-12-03T10:45:49","guid":{"rendered":"https:\/\/www.lesacduberger.com\/?post_type=product&#038;p=27186"},"modified":"2026-04-13T14:12:02","modified_gmt":"2026-04-13T12:12:02","slug":"city-n1-2-shepherds-bag","status":"publish","type":"product","link":"https:\/\/www.lesacduberger.com\/en\/product\/city-n1-2-shepherds-bag\/","title":{"rendered":"Sac du Berger City n\u00b01"},"content":{"rendered":"<h2>The leather shoulder bag<\/h2>\n<p>Our Sac du Berger City n\u00b01 has been designed for women looking for a functional handbag that can be carried over the shoulder. It's lightweight and compact, yet has the character of the authentic Sac du Berger.<\/p>\n<ul>\n<li>Two front pockets under flap with tassel closure<\/li>\n<li>Two side pockets<\/li>\n<li>Large central space with interior leather patch pocket<\/li>\n<li>Back pocket with zipper<\/li>\n<li>Adjustable shoulder strap in soft leather<\/li>\n<\/ul>\n<p>This bag is available in 2 sizes. This is the smaller model.<\/p>\n<p>The various stages of production, from the origin of the skins to the tanning and finishing of the finished object, are carried out within a 120-kilometer radius of the Layrolle workshop.<\/p>\n<p>All our products are designed to be durable and repairable.<\/p>","protected":false},"excerpt":{"rendered":"<p>Le Sac du Berger City n\u00b01 a \u00e9t\u00e9 adapt\u00e9 pour vous, mesdames, qui \u00eates \u00e0 la recherche d&rsquo;un sac \u00e0 main qui se porte en bandouli\u00e8re. Il est l\u00e9ger et compact tout en ayant le caract\u00e8re de l&rsquo;authentique Sac du Berger.<\/p>","protected":false},"featured_media":29014,"template":"","meta":[],"product_brand":[],"product_cat":[1534,1549,1525],"product_tag":[],"giftcard-category":[],"class_list":{"0":"post-27186","1":"product","2":"type-product","3":"status-publish","4":"has-post-thumbnail","6":"product_cat-les-sacs-bandouliere","7":"product_cat-les-sacs-du-berger","8":"product_cat-sacs","9":"pa_compositions-cuirdevachetteorigineaveyron","10":"pa_couleur-lie-de-vin","11":"pa_couleur-fauve","12":"pa_couleur-vert-foret","13":"pa_couleur-noir","14":"pa_couleur-rouge","15":"pa_couleur-moka","16":"pa_hauteur-20cm","17":"pa_largeur-30cm","18":"pa_longueurbandouliere-reglablede104a124cm","19":"pa_profondeur-10cm","21":"first","22":"instock","23":"taxable","24":"shipping-taxable","25":"purchasable","26":"product-type-variable","27":"has-default-attributes"},"yoast_head":"<!-- This site is optimized with the Yoast SEO plugin v27.1.1 - https:\/\/yoast.com\/product\/yoast-seo-wordpress\/ -->\n<title>Sac du Berger City n\u00b01 le sac du berger version ville en cuir souple<\/title>\n<meta name=\"description\" content=\"Sac du Berger city n\u00b01 con\u00e7ue pour femmes, en cuir souple de vachette tann\u00e9 localement. Format id\u00e9al pour la ville, fonctionnel et s\u00e9curis\u00e9.\" \/>\n<meta name=\"robots\" content=\"index, follow, max-snippet:-1, max-image-preview:large, max-video-preview:-1\" \/>\n<link rel=\"canonical\" href=\"https:\/\/www.lesacduberger.com\/en\/product\/city-n1-2-shepherds-bag\/\" \/>\n<meta property=\"og:locale\" content=\"en_US\" \/>\n<meta property=\"og:title\" content=\"Sac du Berger City n\u00b01 le sac du berger version ville en cuir souple\" \/>\n<meta property=\"og:description\" content=\"Sac du Berger city n\u00b01 con\u00e7ue pour femmes, en cuir souple de vachette tann\u00e9 localement. Format id\u00e9al pour la ville, fonctionnel et s\u00e9curis\u00e9.\" \/>\n<meta property=\"og:url\" content=\"https:\/\/www.lesacduberger.com\/en\/product\/city-n1-2-shepherds-bag\/\" \/>\n<meta property=\"og:site_name\" content=\"Le Sac du Berger\" \/>\n<meta property=\"article:publisher\" content=\"https:\/\/www.facebook.com\/lesacduberger\" \/>\n<meta property=\"article:modified_time\" content=\"2026-04-13T12:12:02+00:00\" \/>\n<meta property=\"og:image\" content=\"https:\/\/www.lesacduberger.com\/wp-content\/uploads\/2020\/12\/Sac-du-Berger-city-n\u00b01-3.jpg\" \/>\n\t<meta property=\"og:image:width\" content=\"683\" \/>\n\t<meta property=\"og:image:height\" content=\"1024\" \/>\n\t<meta property=\"og:image:type\" content=\"image\/jpeg\" \/>\n<meta name=\"twitter:card\" content=\"summary_large_image\" \/>\n<script type=\"application\/ld+json\" class=\"yoast-schema-graph\">{\"@context\":\"https:\/\/schema.org\",\"@graph\":[{\"@type\":\"WebPage\",\"@id\":\"https:\/\/www.lesacduberger.com\/produit\/sac-du-berger-city-n1-2\/\",\"url\":\"https:\/\/www.lesacduberger.com\/produit\/sac-du-berger-city-n1-2\/\",\"name\":\"Sac du Berger City n\u00b01 le sac du berger version ville en cuir souple\",\"isPartOf\":{\"@id\":\"https:\/\/www.lesacduberger.com\/#website\"},\"primaryImageOfPage\":{\"@id\":\"https:\/\/www.lesacduberger.com\/produit\/sac-du-berger-city-n1-2\/#primaryimage\"},\"image\":{\"@id\":\"https:\/\/www.lesacduberger.com\/produit\/sac-du-berger-city-n1-2\/#primaryimage\"},\"thumbnailUrl\":\"https:\/\/www.lesacduberger.com\/wp-content\/uploads\/2020\/12\/Sac-du-Berger-city-n%C2%B01-3.jpg\",\"datePublished\":\"2020-12-03T10:45:49+00:00\",\"dateModified\":\"2026-04-13T12:12:02+00:00\",\"description\":\"Sac du Berger city n\u00b01 con\u00e7ue pour femmes, en cuir souple de vachette tann\u00e9 localement. Format id\u00e9al pour la ville, fonctionnel et s\u00e9curis\u00e9.\",\"breadcrumb\":{\"@id\":\"https:\/\/www.lesacduberger.com\/produit\/sac-du-berger-city-n1-2\/#breadcrumb\"},\"inLanguage\":\"en-US\",\"potentialAction\":[{\"@type\":\"ReadAction\",\"target\":[\"https:\/\/www.lesacduberger.com\/produit\/sac-du-berger-city-n1-2\/\"]}]},{\"@type\":\"ImageObject\",\"inLanguage\":\"en-US\",\"@id\":\"https:\/\/www.lesacduberger.com\/produit\/sac-du-berger-city-n1-2\/#primaryimage\",\"url\":\"https:\/\/www.lesacduberger.com\/wp-content\/uploads\/2020\/12\/Sac-du-Berger-city-n%C2%B01-3.jpg\",\"contentUrl\":\"https:\/\/www.lesacduberger.com\/wp-content\/uploads\/2020\/12\/Sac-du-Berger-city-n%C2%B01-3.jpg\",\"width\":683,\"height\":1024,\"caption\":\"Sac \u00e0 main \u00e0 bandouli\u00e8re pour femme\"},{\"@type\":\"BreadcrumbList\",\"@id\":\"https:\/\/www.lesacduberger.com\/produit\/sac-du-berger-city-n1-2\/#breadcrumb\",\"itemListElement\":[{\"@type\":\"ListItem\",\"position\":1,\"name\":\"Accueil\",\"item\":\"https:\/\/www.lesacduberger.com\/\"},{\"@type\":\"ListItem\",\"position\":2,\"name\":\"Boutique\",\"item\":\"https:\/\/www.lesacduberger.com\/boutique\/\"},{\"@type\":\"ListItem\",\"position\":3,\"name\":\"Sac du Berger City n&hellip;\"}]},{\"@type\":\"WebSite\",\"@id\":\"https:\/\/www.lesacduberger.com\/#website\",\"url\":\"https:\/\/www.lesacduberger.com\/\",\"name\":\"Le Sac du Berger\",\"description\":\"\",\"publisher\":{\"@id\":\"https:\/\/www.lesacduberger.com\/#organization\"},\"potentialAction\":[{\"@type\":\"SearchAction\",\"target\":{\"@type\":\"EntryPoint\",\"urlTemplate\":\"https:\/\/www.lesacduberger.com\/?s={search_term_string}\"},\"query-input\":{\"@type\":\"PropertyValueSpecification\",\"valueRequired\":true,\"valueName\":\"search_term_string\"}}],\"inLanguage\":\"en-US\"},{\"@type\":\"Organization\",\"@id\":\"https:\/\/www.lesacduberger.com\/#organization\",\"name\":\"Le Sac du Berger\",\"url\":\"https:\/\/www.lesacduberger.com\/\",\"logo\":{\"@type\":\"ImageObject\",\"inLanguage\":\"en-US\",\"@id\":\"https:\/\/www.lesacduberger.com\/#\/schema\/logo\/image\/\",\"url\":\"https:\/\/www.lesacduberger.com\/wp-content\/uploads\/2020\/09\/Logo-Sac-du-Berger-blanc-OK.png\",\"contentUrl\":\"https:\/\/www.lesacduberger.com\/wp-content\/uploads\/2020\/09\/Logo-Sac-du-Berger-blanc-OK.png\",\"width\":2093,\"height\":510,\"caption\":\"Le Sac du Berger\"},\"image\":{\"@id\":\"https:\/\/www.lesacduberger.com\/#\/schema\/logo\/image\/\"},\"sameAs\":[\"https:\/\/www.facebook.com\/lesacduberger\",\"https:\/\/www.instagram.com\/lesacduberger\/?hl=fr\"]}]}<\/script>\n<!-- \/ Yoast SEO plugin. -->","yoast_head_json":{"title":"Sac du Berger City n\u00b01 the city shepherd's bag in supple leather","description":"Sac du Berger city n\u00b01 designed for women, in supple, locally tanned cowhide. Ideal size for the city, functional and secure.","robots":{"index":"index","follow":"follow","max-snippet":"max-snippet:-1","max-image-preview":"max-image-preview:large","max-video-preview":"max-video-preview:-1"},"canonical":"https:\/\/www.lesacduberger.com\/en\/product\/city-n1-2-shepherds-bag\/","og_locale":"en_US","og_title":"Sac du Berger City n\u00b01 le sac du berger version ville en cuir souple","og_description":"Sac du Berger city n\u00b01 con\u00e7ue pour femmes, en cuir souple de vachette tann\u00e9 localement. Format id\u00e9al pour la ville, fonctionnel et s\u00e9curis\u00e9.","og_url":"https:\/\/www.lesacduberger.com\/en\/product\/city-n1-2-shepherds-bag\/","og_site_name":"Le Sac du Berger","article_publisher":"https:\/\/www.facebook.com\/lesacduberger","article_modified_time":"2026-04-13T12:12:02+00:00","og_image":[{"width":683,"height":1024,"url":"https:\/\/www.lesacduberger.com\/wp-content\/uploads\/2020\/12\/Sac-du-Berger-city-n\u00b01-3.jpg","type":"image\/jpeg"}],"twitter_card":"summary_large_image","schema":{"@context":"https:\/\/schema.org","@graph":[{"@type":"WebPage","@id":"https:\/\/www.lesacduberger.com\/produit\/sac-du-berger-city-n1-2\/","url":"https:\/\/www.lesacduberger.com\/produit\/sac-du-berger-city-n1-2\/","name":"Sac du Berger City n\u00b01 the city shepherd's bag in supple leather","isPartOf":{"@id":"https:\/\/www.lesacduberger.com\/#website"},"primaryImageOfPage":{"@id":"https:\/\/www.lesacduberger.com\/produit\/sac-du-berger-city-n1-2\/#primaryimage"},"image":{"@id":"https:\/\/www.lesacduberger.com\/produit\/sac-du-berger-city-n1-2\/#primaryimage"},"thumbnailUrl":"https:\/\/www.lesacduberger.com\/wp-content\/uploads\/2020\/12\/Sac-du-Berger-city-n%C2%B01-3.jpg","datePublished":"2020-12-03T10:45:49+00:00","dateModified":"2026-04-13T12:12:02+00:00","description":"Sac du Berger city n\u00b01 designed for women, in supple, locally tanned cowhide. Ideal size for the city, functional and secure.","breadcrumb":{"@id":"https:\/\/www.lesacduberger.com\/produit\/sac-du-berger-city-n1-2\/#breadcrumb"},"inLanguage":"en-US","potentialAction":[{"@type":"ReadAction","target":["https:\/\/www.lesacduberger.com\/produit\/sac-du-berger-city-n1-2\/"]}]},{"@type":"ImageObject","inLanguage":"en-US","@id":"https:\/\/www.lesacduberger.com\/produit\/sac-du-berger-city-n1-2\/#primaryimage","url":"https:\/\/www.lesacduberger.com\/wp-content\/uploads\/2020\/12\/Sac-du-Berger-city-n%C2%B01-3.jpg","contentUrl":"https:\/\/www.lesacduberger.com\/wp-content\/uploads\/2020\/12\/Sac-du-Berger-city-n%C2%B01-3.jpg","width":683,"height":1024,"caption":"Sac \u00e0 main \u00e0 bandouli\u00e8re pour femme"},{"@type":"BreadcrumbList","@id":"https:\/\/www.lesacduberger.com\/produit\/sac-du-berger-city-n1-2\/#breadcrumb","itemListElement":[{"@type":"ListItem","position":1,"name":"Accueil","item":"https:\/\/www.lesacduberger.com\/"},{"@type":"ListItem","position":2,"name":"Boutique","item":"https:\/\/www.lesacduberger.com\/boutique\/"},{"@type":"ListItem","position":3,"name":"Sac du Berger City n&hellip;"}]},{"@type":"WebSite","@id":"https:\/\/www.lesacduberger.com\/#website","url":"https:\/\/www.lesacduberger.com\/","name":"Le Sac du Berger","description":"","publisher":{"@id":"https:\/\/www.lesacduberger.com\/#organization"},"potentialAction":[{"@type":"SearchAction","target":{"@type":"EntryPoint","urlTemplate":"https:\/\/www.lesacduberger.com\/?s={search_term_string}"},"query-input":{"@type":"PropertyValueSpecification","valueRequired":true,"valueName":"search_term_string"}}],"inLanguage":"en-US"},{"@type":"Organization","@id":"https:\/\/www.lesacduberger.com\/#organization","name":"Le Sac du Berger","url":"https:\/\/www.lesacduberger.com\/","logo":{"@type":"ImageObject","inLanguage":"en-US","@id":"https:\/\/www.lesacduberger.com\/#\/schema\/logo\/image\/","url":"https:\/\/www.lesacduberger.com\/wp-content\/uploads\/2020\/09\/Logo-Sac-du-Berger-blanc-OK.png","contentUrl":"https:\/\/www.lesacduberger.com\/wp-content\/uploads\/2020\/09\/Logo-Sac-du-Berger-blanc-OK.png","width":2093,"height":510,"caption":"Le Sac du Berger"},"image":{"@id":"https:\/\/www.lesacduberger.com\/#\/schema\/logo\/image\/"},"sameAs":["https:\/\/www.facebook.com\/lesacduberger","https:\/\/www.instagram.com\/lesacduberger\/?hl=fr"]}]}},"_links":{"self":[{"href":"https:\/\/www.lesacduberger.com\/en\/wp-json\/wp\/v2\/product\/27186","targetHints":{"allow":["GET"]}}],"collection":[{"href":"https:\/\/www.lesacduberger.com\/en\/wp-json\/wp\/v2\/product"}],"about":[{"href":"https:\/\/www.lesacduberger.com\/en\/wp-json\/wp\/v2\/types\/product"}],"wp:featuredmedia":[{"embeddable":true,"href":"https:\/\/www.lesacduberger.com\/en\/wp-json\/wp\/v2\/media\/29014"}],"wp:attachment":[{"href":"https:\/\/www.lesacduberger.com\/en\/wp-json\/wp\/v2\/media?parent=27186"}],"wp:term":[{"taxonomy":"product_brand","embeddable":true,"href":"https:\/\/www.lesacduberger.com\/en\/wp-json\/wp\/v2\/product_brand?post=27186"},{"taxonomy":"product_cat","embeddable":true,"href":"https:\/\/www.lesacduberger.com\/en\/wp-json\/wp\/v2\/product_cat?post=27186"},{"taxonomy":"product_tag","embeddable":true,"href":"https:\/\/www.lesacduberger.com\/en\/wp-json\/wp\/v2\/product_tag?post=27186"},{"taxonomy":"giftcard-category","embeddable":true,"href":"https:\/\/www.lesacduberger.com\/en\/wp-json\/wp\/v2\/giftcard-category?post=27186"}],"curies":[{"name":"wp","href":"https:\/\/api.w.org\/{rel}","templated":true}]}}