{"id":36303,"date":"2023-11-11T19:32:13","date_gmt":"2023-11-11T18:32:13","guid":{"rendered":"https:\/\/www.lesacduberger.com\/?post_type=product&#038;p=36303"},"modified":"2026-03-24T10:10:31","modified_gmt":"2026-03-24T09:10:31","slug":"bandolier-accordion-pouch","status":"publish","type":"product","link":"https:\/\/www.lesacduberger.com\/en\/product\/bandolier-accordion-pouch\/","title":{"rendered":"Accordion shoulder bag"},"content":{"rendered":"<h2>Our Accordion Pouch with shoulder strap: a combined leather pouch and wallet<\/h2>\n<p>Our women's pouch is compact and practical, ideal for carrying essentials. It slips easily under a coat or jacket.<\/p>\n<ul>\n<li>Zippered coin compartment<\/li>\n<li>Four slit pockets with volume gussets<\/li>\n<li>Two snap fasteners<\/li>\n<li>Can be worn on a belt<\/li>\n<li>Removable shoulder strap attaches with snap hooks<\/li>\n<\/ul>\n<p>The various stages of production, from the origin of the skins to the tanning and finishing of the finished object, are carried out within a 120-kilometer radius of the Layrolle workshop.<\/p>\n<p>All our products are designed to be durable and repairable.<\/p>","protected":false},"excerpt":{"rendered":"<p>Notre Pochette Accord\u00e9on bandouli\u00e8re : un combin\u00e9 pochette-portefeuille en cuir Notre pochette pour femme est compacte et pratique, id\u00e9ale pour emporter l&rsquo;essentiel. Elle peut ais\u00e9ment se glisser sous un manteau ou une veste. Compartiment pour la monnaie \u00e0 fermeture \u00e9clair Quatre poches-fentes avec soufflet pour le volume Fermeture par deux boutons pression Peut se porter [&hellip;]<\/p>\n","protected":false},"featured_media":36310,"template":"","meta":[],"product_brand":[],"product_cat":[1525,1551],"product_tag":[],"giftcard-category":[],"class_list":{"0":"post-36303","1":"product","2":"type-product","3":"status-publish","4":"has-post-thumbnail","6":"product_cat-sacs","7":"product_cat-les-petits-sacs","8":"pa_couleur-lie-de-vin","9":"pa_couleur-fauve","10":"pa_couleur-vert-olive","11":"pa_couleur-noir","12":"pa_couleur-rouge","13":"pa_couleur-moka","14":"pa_hauteur-13cm","15":"pa_largeur-20cm","16":"pa_profondeur-5cm","18":"first","19":"instock","20":"taxable","21":"shipping-taxable","22":"purchasable","23":"product-type-variable","24":"has-default-attributes"},"yoast_head":"<!-- This site is optimized with the Yoast SEO plugin v27.1.1 - https:\/\/yoast.com\/product\/yoast-seo-wordpress\/ -->\n<title>Pochette cuir avec bandouli\u00e8re Made in France - Pochette Accord\u00e9on<\/title>\n<meta name=\"description\" content=\"Pochette Accord\u00e9on avec bandouli\u00e8re pour femme en cuir issu de tanneries locales, enti\u00e8rement doubl\u00e9e cuir. Elle combine porte-monnaie et poches de rangement.\" \/>\n<meta name=\"robots\" content=\"index, follow, max-snippet:-1, max-image-preview:large, max-video-preview:-1\" \/>\n<link rel=\"canonical\" href=\"https:\/\/www.lesacduberger.com\/en\/product\/bandolier-accordion-pouch\/\" \/>\n<meta property=\"og:locale\" content=\"en_US\" \/>\n<meta property=\"og:title\" content=\"Pochette cuir avec bandouli\u00e8re Made in France - Pochette Accord\u00e9on\" \/>\n<meta property=\"og:description\" content=\"Pochette Accord\u00e9on avec bandouli\u00e8re pour femme en cuir issu de tanneries locales, enti\u00e8rement doubl\u00e9e cuir. Elle combine porte-monnaie et poches de rangement.\" \/>\n<meta property=\"og:url\" content=\"https:\/\/www.lesacduberger.com\/en\/product\/bandolier-accordion-pouch\/\" \/>\n<meta property=\"og:site_name\" content=\"Le Sac du Berger\" \/>\n<meta property=\"article:publisher\" content=\"https:\/\/www.facebook.com\/lesacduberger\" \/>\n<meta property=\"article:modified_time\" content=\"2026-03-24T09:10:31+00:00\" \/>\n<meta property=\"og:image\" content=\"https:\/\/www.lesacduberger.com\/wp-content\/uploads\/2023\/11\/299_Le-Sac-du-Berger-09-2023-\u00a9-Franck-Tourneret-Photographe_Web.jpg\" \/>\n\t<meta property=\"og:image:width\" content=\"852\" \/>\n\t<meta property=\"og:image:height\" content=\"1280\" \/>\n\t<meta property=\"og:image:type\" content=\"image\/jpeg\" \/>\n<meta name=\"twitter:card\" content=\"summary_large_image\" \/>\n<script type=\"application\/ld+json\" class=\"yoast-schema-graph\">{\"@context\":\"https:\/\/schema.org\",\"@graph\":[{\"@type\":\"WebPage\",\"@id\":\"https:\/\/www.lesacduberger.com\/produit\/pochette-accordeon-bandouliere\/\",\"url\":\"https:\/\/www.lesacduberger.com\/produit\/pochette-accordeon-bandouliere\/\",\"name\":\"Pochette cuir avec bandouli\u00e8re Made in France - Pochette Accord\u00e9on\",\"isPartOf\":{\"@id\":\"https:\/\/www.lesacduberger.com\/#website\"},\"primaryImageOfPage\":{\"@id\":\"https:\/\/www.lesacduberger.com\/produit\/pochette-accordeon-bandouliere\/#primaryimage\"},\"image\":{\"@id\":\"https:\/\/www.lesacduberger.com\/produit\/pochette-accordeon-bandouliere\/#primaryimage\"},\"thumbnailUrl\":\"https:\/\/www.lesacduberger.com\/wp-content\/uploads\/2023\/11\/299_Le-Sac-du-Berger-09-2023-%C2%A9-Franck-Tourneret-Photographe_Web.jpg\",\"datePublished\":\"2023-11-11T18:32:13+00:00\",\"dateModified\":\"2026-03-24T09:10:31+00:00\",\"description\":\"Pochette Accord\u00e9on avec bandouli\u00e8re pour femme en cuir issu de tanneries locales, enti\u00e8rement doubl\u00e9e cuir. Elle combine porte-monnaie et poches de rangement.\",\"breadcrumb\":{\"@id\":\"https:\/\/www.lesacduberger.com\/produit\/pochette-accordeon-bandouliere\/#breadcrumb\"},\"inLanguage\":\"en-US\",\"potentialAction\":[{\"@type\":\"ReadAction\",\"target\":[\"https:\/\/www.lesacduberger.com\/produit\/pochette-accordeon-bandouliere\/\"]}]},{\"@type\":\"ImageObject\",\"inLanguage\":\"en-US\",\"@id\":\"https:\/\/www.lesacduberger.com\/produit\/pochette-accordeon-bandouliere\/#primaryimage\",\"url\":\"https:\/\/www.lesacduberger.com\/wp-content\/uploads\/2023\/11\/299_Le-Sac-du-Berger-09-2023-%C2%A9-Franck-Tourneret-Photographe_Web.jpg\",\"contentUrl\":\"https:\/\/www.lesacduberger.com\/wp-content\/uploads\/2023\/11\/299_Le-Sac-du-Berger-09-2023-%C2%A9-Franck-Tourneret-Photographe_Web.jpg\",\"width\":852,\"height\":1280,\"caption\":\"Shooting de la collection Sac du Berger Automne\/Hiver 2023-2024 avec Simon et Sophie comme mod\u00e8les. Photographie de Franck Tourneret, professionnel des marques aveyronnaises.\"},{\"@type\":\"BreadcrumbList\",\"@id\":\"https:\/\/www.lesacduberger.com\/produit\/pochette-accordeon-bandouliere\/#breadcrumb\",\"itemListElement\":[{\"@type\":\"ListItem\",\"position\":1,\"name\":\"Accueil\",\"item\":\"https:\/\/www.lesacduberger.com\/\"},{\"@type\":\"ListItem\",\"position\":2,\"name\":\"Boutique\",\"item\":\"https:\/\/www.lesacduberger.com\/boutique\/\"},{\"@type\":\"ListItem\",\"position\":3,\"name\":\"Pochette Accord\u00e9on &hellip;\"}]},{\"@type\":\"WebSite\",\"@id\":\"https:\/\/www.lesacduberger.com\/#website\",\"url\":\"https:\/\/www.lesacduberger.com\/\",\"name\":\"Le Sac du Berger\",\"description\":\"\",\"publisher\":{\"@id\":\"https:\/\/www.lesacduberger.com\/#organization\"},\"potentialAction\":[{\"@type\":\"SearchAction\",\"target\":{\"@type\":\"EntryPoint\",\"urlTemplate\":\"https:\/\/www.lesacduberger.com\/?s={search_term_string}\"},\"query-input\":{\"@type\":\"PropertyValueSpecification\",\"valueRequired\":true,\"valueName\":\"search_term_string\"}}],\"inLanguage\":\"en-US\"},{\"@type\":\"Organization\",\"@id\":\"https:\/\/www.lesacduberger.com\/#organization\",\"name\":\"Le Sac du Berger\",\"url\":\"https:\/\/www.lesacduberger.com\/\",\"logo\":{\"@type\":\"ImageObject\",\"inLanguage\":\"en-US\",\"@id\":\"https:\/\/www.lesacduberger.com\/#\/schema\/logo\/image\/\",\"url\":\"https:\/\/www.lesacduberger.com\/wp-content\/uploads\/2020\/09\/Logo-Sac-du-Berger-blanc-OK.png\",\"contentUrl\":\"https:\/\/www.lesacduberger.com\/wp-content\/uploads\/2020\/09\/Logo-Sac-du-Berger-blanc-OK.png\",\"width\":2093,\"height\":510,\"caption\":\"Le Sac du Berger\"},\"image\":{\"@id\":\"https:\/\/www.lesacduberger.com\/#\/schema\/logo\/image\/\"},\"sameAs\":[\"https:\/\/www.facebook.com\/lesacduberger\",\"https:\/\/www.instagram.com\/lesacduberger\/?hl=fr\"]}]}<\/script>\n<!-- \/ Yoast SEO plugin. -->","yoast_head_json":{"title":"Leather clutch bag with shoulder strap Made in France - Pochette Accord\u00e9on","description":"Accordion clutch bag with shoulder strap for women in leather from local tanneries, fully lined in leather. Combines wallet and storage pockets.","robots":{"index":"index","follow":"follow","max-snippet":"max-snippet:-1","max-image-preview":"max-image-preview:large","max-video-preview":"max-video-preview:-1"},"canonical":"https:\/\/www.lesacduberger.com\/en\/product\/bandolier-accordion-pouch\/","og_locale":"en_US","og_title":"Pochette cuir avec bandouli\u00e8re Made in France - Pochette Accord\u00e9on","og_description":"Pochette Accord\u00e9on avec bandouli\u00e8re pour femme en cuir issu de tanneries locales, enti\u00e8rement doubl\u00e9e cuir. Elle combine porte-monnaie et poches de rangement.","og_url":"https:\/\/www.lesacduberger.com\/en\/product\/bandolier-accordion-pouch\/","og_site_name":"Le Sac du Berger","article_publisher":"https:\/\/www.facebook.com\/lesacduberger","article_modified_time":"2026-03-24T09:10:31+00:00","og_image":[{"width":852,"height":1280,"url":"https:\/\/www.lesacduberger.com\/wp-content\/uploads\/2023\/11\/299_Le-Sac-du-Berger-09-2023-\u00a9-Franck-Tourneret-Photographe_Web.jpg","type":"image\/jpeg"}],"twitter_card":"summary_large_image","schema":{"@context":"https:\/\/schema.org","@graph":[{"@type":"WebPage","@id":"https:\/\/www.lesacduberger.com\/produit\/pochette-accordeon-bandouliere\/","url":"https:\/\/www.lesacduberger.com\/produit\/pochette-accordeon-bandouliere\/","name":"Leather clutch bag with shoulder strap Made in France - Pochette Accord\u00e9on","isPartOf":{"@id":"https:\/\/www.lesacduberger.com\/#website"},"primaryImageOfPage":{"@id":"https:\/\/www.lesacduberger.com\/produit\/pochette-accordeon-bandouliere\/#primaryimage"},"image":{"@id":"https:\/\/www.lesacduberger.com\/produit\/pochette-accordeon-bandouliere\/#primaryimage"},"thumbnailUrl":"https:\/\/www.lesacduberger.com\/wp-content\/uploads\/2023\/11\/299_Le-Sac-du-Berger-09-2023-%C2%A9-Franck-Tourneret-Photographe_Web.jpg","datePublished":"2023-11-11T18:32:13+00:00","dateModified":"2026-03-24T09:10:31+00:00","description":"Accordion clutch bag with shoulder strap for women in leather from local tanneries, fully lined in leather. Combines wallet and storage pockets.","breadcrumb":{"@id":"https:\/\/www.lesacduberger.com\/produit\/pochette-accordeon-bandouliere\/#breadcrumb"},"inLanguage":"en-US","potentialAction":[{"@type":"ReadAction","target":["https:\/\/www.lesacduberger.com\/produit\/pochette-accordeon-bandouliere\/"]}]},{"@type":"ImageObject","inLanguage":"en-US","@id":"https:\/\/www.lesacduberger.com\/produit\/pochette-accordeon-bandouliere\/#primaryimage","url":"https:\/\/www.lesacduberger.com\/wp-content\/uploads\/2023\/11\/299_Le-Sac-du-Berger-09-2023-%C2%A9-Franck-Tourneret-Photographe_Web.jpg","contentUrl":"https:\/\/www.lesacduberger.com\/wp-content\/uploads\/2023\/11\/299_Le-Sac-du-Berger-09-2023-%C2%A9-Franck-Tourneret-Photographe_Web.jpg","width":852,"height":1280,"caption":"Shooting de la collection Sac du Berger Automne\/Hiver 2023-2024 avec Simon et Sophie comme mod\u00e8les. Photographie de Franck Tourneret, professionnel des marques aveyronnaises."},{"@type":"BreadcrumbList","@id":"https:\/\/www.lesacduberger.com\/produit\/pochette-accordeon-bandouliere\/#breadcrumb","itemListElement":[{"@type":"ListItem","position":1,"name":"Accueil","item":"https:\/\/www.lesacduberger.com\/"},{"@type":"ListItem","position":2,"name":"Boutique","item":"https:\/\/www.lesacduberger.com\/boutique\/"},{"@type":"ListItem","position":3,"name":"Pochette Accord\u00e9on &hellip;"}]},{"@type":"WebSite","@id":"https:\/\/www.lesacduberger.com\/#website","url":"https:\/\/www.lesacduberger.com\/","name":"Le Sac du Berger","description":"","publisher":{"@id":"https:\/\/www.lesacduberger.com\/#organization"},"potentialAction":[{"@type":"SearchAction","target":{"@type":"EntryPoint","urlTemplate":"https:\/\/www.lesacduberger.com\/?s={search_term_string}"},"query-input":{"@type":"PropertyValueSpecification","valueRequired":true,"valueName":"search_term_string"}}],"inLanguage":"en-US"},{"@type":"Organization","@id":"https:\/\/www.lesacduberger.com\/#organization","name":"Le Sac du Berger","url":"https:\/\/www.lesacduberger.com\/","logo":{"@type":"ImageObject","inLanguage":"en-US","@id":"https:\/\/www.lesacduberger.com\/#\/schema\/logo\/image\/","url":"https:\/\/www.lesacduberger.com\/wp-content\/uploads\/2020\/09\/Logo-Sac-du-Berger-blanc-OK.png","contentUrl":"https:\/\/www.lesacduberger.com\/wp-content\/uploads\/2020\/09\/Logo-Sac-du-Berger-blanc-OK.png","width":2093,"height":510,"caption":"Le Sac du Berger"},"image":{"@id":"https:\/\/www.lesacduberger.com\/#\/schema\/logo\/image\/"},"sameAs":["https:\/\/www.facebook.com\/lesacduberger","https:\/\/www.instagram.com\/lesacduberger\/?hl=fr"]}]}},"_links":{"self":[{"href":"https:\/\/www.lesacduberger.com\/en\/wp-json\/wp\/v2\/product\/36303","targetHints":{"allow":["GET"]}}],"collection":[{"href":"https:\/\/www.lesacduberger.com\/en\/wp-json\/wp\/v2\/product"}],"about":[{"href":"https:\/\/www.lesacduberger.com\/en\/wp-json\/wp\/v2\/types\/product"}],"wp:featuredmedia":[{"embeddable":true,"href":"https:\/\/www.lesacduberger.com\/en\/wp-json\/wp\/v2\/media\/36310"}],"wp:attachment":[{"href":"https:\/\/www.lesacduberger.com\/en\/wp-json\/wp\/v2\/media?parent=36303"}],"wp:term":[{"taxonomy":"product_brand","embeddable":true,"href":"https:\/\/www.lesacduberger.com\/en\/wp-json\/wp\/v2\/product_brand?post=36303"},{"taxonomy":"product_cat","embeddable":true,"href":"https:\/\/www.lesacduberger.com\/en\/wp-json\/wp\/v2\/product_cat?post=36303"},{"taxonomy":"product_tag","embeddable":true,"href":"https:\/\/www.lesacduberger.com\/en\/wp-json\/wp\/v2\/product_tag?post=36303"},{"taxonomy":"giftcard-category","embeddable":true,"href":"https:\/\/www.lesacduberger.com\/en\/wp-json\/wp\/v2\/giftcard-category?post=36303"}],"curies":[{"name":"wp","href":"https:\/\/api.w.org\/{rel}","templated":true}]}}