{"id":38279,"date":"2024-05-27T10:43:12","date_gmt":"2024-05-27T08:43:12","guid":{"rendered":"https:\/\/www.lesacduberger.com\/?post_type=product&#038;p=38279"},"modified":"2026-04-11T15:02:26","modified_gmt":"2026-04-11T13:02:26","slug":"sheep-key-ring","status":"publish","type":"product","link":"https:\/\/www.lesacduberger.com\/en\/product\/sheep-key-ring\/","title":{"rendered":"Sheep key ring"},"content":{"rendered":"<h2>Leather and wool key ring<\/h2>\n<p>Our sheepskin key ring is made from full-grain cowhide for the body and legs, covered with cowhide on the sides.<\/p>\n<p>A nickel-plated screw-on snap hook holds everything in place.<\/p>\n<p>The n\u00b01 sheep key ring is available individually or in packs of 5. A great gift idea for your event guests!<\/p>\n<p>Cowhide colors may vary according to availability. For special requests, please contact us at info@lesacduberger.com<\/p>\n<p>The various stages of production, from the origin of the skins to the tanning and finishing of the finished object, are carried out within a 120-kilometer radius of the Layrolle workshop.<\/p>","protected":false},"excerpt":{"rendered":"<p>Le porte-cl\u00e9s cuir et laine Notre porte-cl\u00e9s mouton est fabriqu\u00e9 \u00e0 partir de cuir de vachette pleine fleur pour le corps et les pattes, recouvert de peau lain\u00e9e sur les flancs. Le tout est accroch\u00e9 par un mousqueton \u00e0 visser en m\u00e9tal nickel\u00e9. Le porte-cl\u00e9s mouton n\u00b01 est disponible \u00e0 l&rsquo;unit\u00e9 ou par lot de [&hellip;]<\/p>\n","protected":false},"featured_media":45799,"template":"","meta":[],"product_brand":[],"product_cat":[2138,1530],"product_tag":[],"giftcard-category":[],"class_list":{"0":"post-38279","1":"product","2":"type-product","3":"status-publish","4":"has-post-thumbnail","6":"product_cat-les-petits-objets","7":"product_cat-accessoires","8":"pa_conditionnement-a-lunite","9":"pa_conditionnement-par-lot-de-5","10":"pa_couleur-de-laine-laine-blanche","11":"pa_couleur-de-laine-laine-marron-sombre","13":"first","14":"instock","15":"taxable","16":"shipping-taxable","17":"purchasable","18":"product-type-variable"},"yoast_head":"<!-- This site is optimized with the Yoast SEO plugin v27.1.1 - https:\/\/yoast.com\/product\/yoast-seo-wordpress\/ -->\n<title>Porte-cl\u00e9s mouton cuir et laine fabriqu\u00e9 en France<\/title>\n<meta name=\"description\" content=\"Le porte-cl\u00e9s mouton confectionn\u00e9 avec soin dans notre atelier avec nos chutes de cuir et de peau lain\u00e9e. Un petit cadeau souvenir \u00e0 emporter partout!\" \/>\n<meta name=\"robots\" content=\"index, follow, max-snippet:-1, max-image-preview:large, max-video-preview:-1\" \/>\n<link rel=\"canonical\" href=\"https:\/\/www.lesacduberger.com\/en\/product\/sheep-key-ring\/\" \/>\n<meta property=\"og:locale\" content=\"en_US\" \/>\n<meta property=\"og:title\" content=\"Porte-cl\u00e9s mouton cuir et laine fabriqu\u00e9 en France\" \/>\n<meta property=\"og:description\" content=\"Le porte-cl\u00e9s mouton confectionn\u00e9 avec soin dans notre atelier avec nos chutes de cuir et de peau lain\u00e9e. Un petit cadeau souvenir \u00e0 emporter partout!\" \/>\n<meta property=\"og:url\" content=\"https:\/\/www.lesacduberger.com\/en\/product\/sheep-key-ring\/\" \/>\n<meta property=\"og:site_name\" content=\"Le Sac du Berger\" \/>\n<meta property=\"article:publisher\" content=\"https:\/\/www.facebook.com\/lesacduberger\" \/>\n<meta property=\"article:modified_time\" content=\"2026-04-11T13:02:26+00:00\" \/>\n<meta property=\"og:image\" content=\"https:\/\/www.lesacduberger.com\/wp-content\/uploads\/2024\/05\/IMG_8526.jpg\" \/>\n\t<meta property=\"og:image:width\" content=\"1512\" \/>\n\t<meta property=\"og:image:height\" content=\"2016\" \/>\n\t<meta property=\"og:image:type\" content=\"image\/jpeg\" \/>\n<meta name=\"twitter:card\" content=\"summary_large_image\" \/>\n<script type=\"application\/ld+json\" class=\"yoast-schema-graph\">{\"@context\":\"https:\/\/schema.org\",\"@graph\":[{\"@type\":\"WebPage\",\"@id\":\"https:\/\/www.lesacduberger.com\/produit\/porte-cles-mouton\/\",\"url\":\"https:\/\/www.lesacduberger.com\/produit\/porte-cles-mouton\/\",\"name\":\"Porte-cl\u00e9s mouton cuir et laine fabriqu\u00e9 en France\",\"isPartOf\":{\"@id\":\"https:\/\/www.lesacduberger.com\/#website\"},\"primaryImageOfPage\":{\"@id\":\"https:\/\/www.lesacduberger.com\/produit\/porte-cles-mouton\/#primaryimage\"},\"image\":{\"@id\":\"https:\/\/www.lesacduberger.com\/produit\/porte-cles-mouton\/#primaryimage\"},\"thumbnailUrl\":\"https:\/\/www.lesacduberger.com\/wp-content\/uploads\/2024\/05\/IMG_8526-1.jpg\",\"datePublished\":\"2024-05-27T08:43:12+00:00\",\"dateModified\":\"2026-04-11T13:02:26+00:00\",\"description\":\"Le porte-cl\u00e9s mouton confectionn\u00e9 avec soin dans notre atelier avec nos chutes de cuir et de peau lain\u00e9e. Un petit cadeau souvenir \u00e0 emporter partout!\",\"breadcrumb\":{\"@id\":\"https:\/\/www.lesacduberger.com\/produit\/porte-cles-mouton\/#breadcrumb\"},\"inLanguage\":\"en-US\",\"potentialAction\":[{\"@type\":\"ReadAction\",\"target\":[\"https:\/\/www.lesacduberger.com\/produit\/porte-cles-mouton\/\"]}]},{\"@type\":\"ImageObject\",\"inLanguage\":\"en-US\",\"@id\":\"https:\/\/www.lesacduberger.com\/produit\/porte-cles-mouton\/#primaryimage\",\"url\":\"https:\/\/www.lesacduberger.com\/wp-content\/uploads\/2024\/05\/IMG_8526-1.jpg\",\"contentUrl\":\"https:\/\/www.lesacduberger.com\/wp-content\/uploads\/2024\/05\/IMG_8526-1.jpg\",\"width\":1512,\"height\":2016},{\"@type\":\"BreadcrumbList\",\"@id\":\"https:\/\/www.lesacduberger.com\/produit\/porte-cles-mouton\/#breadcrumb\",\"itemListElement\":[{\"@type\":\"ListItem\",\"position\":1,\"name\":\"Accueil\",\"item\":\"https:\/\/www.lesacduberger.com\/\"},{\"@type\":\"ListItem\",\"position\":2,\"name\":\"Boutique\",\"item\":\"https:\/\/www.lesacduberger.com\/boutique\/\"},{\"@type\":\"ListItem\",\"position\":3,\"name\":\"Porte-cl\u00e9s Mouton\"}]},{\"@type\":\"WebSite\",\"@id\":\"https:\/\/www.lesacduberger.com\/#website\",\"url\":\"https:\/\/www.lesacduberger.com\/\",\"name\":\"Le Sac du Berger\",\"description\":\"\",\"publisher\":{\"@id\":\"https:\/\/www.lesacduberger.com\/#organization\"},\"potentialAction\":[{\"@type\":\"SearchAction\",\"target\":{\"@type\":\"EntryPoint\",\"urlTemplate\":\"https:\/\/www.lesacduberger.com\/?s={search_term_string}\"},\"query-input\":{\"@type\":\"PropertyValueSpecification\",\"valueRequired\":true,\"valueName\":\"search_term_string\"}}],\"inLanguage\":\"en-US\"},{\"@type\":\"Organization\",\"@id\":\"https:\/\/www.lesacduberger.com\/#organization\",\"name\":\"Le Sac du Berger\",\"url\":\"https:\/\/www.lesacduberger.com\/\",\"logo\":{\"@type\":\"ImageObject\",\"inLanguage\":\"en-US\",\"@id\":\"https:\/\/www.lesacduberger.com\/#\/schema\/logo\/image\/\",\"url\":\"https:\/\/www.lesacduberger.com\/wp-content\/uploads\/2020\/09\/Logo-Sac-du-Berger-blanc-OK.png\",\"contentUrl\":\"https:\/\/www.lesacduberger.com\/wp-content\/uploads\/2020\/09\/Logo-Sac-du-Berger-blanc-OK.png\",\"width\":2093,\"height\":510,\"caption\":\"Le Sac du Berger\"},\"image\":{\"@id\":\"https:\/\/www.lesacduberger.com\/#\/schema\/logo\/image\/\"},\"sameAs\":[\"https:\/\/www.facebook.com\/lesacduberger\",\"https:\/\/www.instagram.com\/lesacduberger\/?hl=fr\"]}]}<\/script>\n<!-- \/ Yoast SEO plugin. -->","yoast_head_json":{"title":"Sheepskin and wool key ring made in France","description":"The sheepskin key ring, carefully crafted in our workshop from our own leather and sheepskin scraps. A little souvenir gift to take everywhere!","robots":{"index":"index","follow":"follow","max-snippet":"max-snippet:-1","max-image-preview":"max-image-preview:large","max-video-preview":"max-video-preview:-1"},"canonical":"https:\/\/www.lesacduberger.com\/en\/product\/sheep-key-ring\/","og_locale":"en_US","og_title":"Porte-cl\u00e9s mouton cuir et laine fabriqu\u00e9 en France","og_description":"Le porte-cl\u00e9s mouton confectionn\u00e9 avec soin dans notre atelier avec nos chutes de cuir et de peau lain\u00e9e. Un petit cadeau souvenir \u00e0 emporter partout!","og_url":"https:\/\/www.lesacduberger.com\/en\/product\/sheep-key-ring\/","og_site_name":"Le Sac du Berger","article_publisher":"https:\/\/www.facebook.com\/lesacduberger","article_modified_time":"2026-04-11T13:02:26+00:00","og_image":[{"width":1512,"height":2016,"url":"https:\/\/www.lesacduberger.com\/wp-content\/uploads\/2024\/05\/IMG_8526.jpg","type":"image\/jpeg"}],"twitter_card":"summary_large_image","schema":{"@context":"https:\/\/schema.org","@graph":[{"@type":"WebPage","@id":"https:\/\/www.lesacduberger.com\/produit\/porte-cles-mouton\/","url":"https:\/\/www.lesacduberger.com\/produit\/porte-cles-mouton\/","name":"Sheepskin and wool key ring made in France","isPartOf":{"@id":"https:\/\/www.lesacduberger.com\/#website"},"primaryImageOfPage":{"@id":"https:\/\/www.lesacduberger.com\/produit\/porte-cles-mouton\/#primaryimage"},"image":{"@id":"https:\/\/www.lesacduberger.com\/produit\/porte-cles-mouton\/#primaryimage"},"thumbnailUrl":"https:\/\/www.lesacduberger.com\/wp-content\/uploads\/2024\/05\/IMG_8526-1.jpg","datePublished":"2024-05-27T08:43:12+00:00","dateModified":"2026-04-11T13:02:26+00:00","description":"The sheepskin key ring, carefully crafted in our workshop from our own leather and sheepskin scraps. A little souvenir gift to take everywhere!","breadcrumb":{"@id":"https:\/\/www.lesacduberger.com\/produit\/porte-cles-mouton\/#breadcrumb"},"inLanguage":"en-US","potentialAction":[{"@type":"ReadAction","target":["https:\/\/www.lesacduberger.com\/produit\/porte-cles-mouton\/"]}]},{"@type":"ImageObject","inLanguage":"en-US","@id":"https:\/\/www.lesacduberger.com\/produit\/porte-cles-mouton\/#primaryimage","url":"https:\/\/www.lesacduberger.com\/wp-content\/uploads\/2024\/05\/IMG_8526-1.jpg","contentUrl":"https:\/\/www.lesacduberger.com\/wp-content\/uploads\/2024\/05\/IMG_8526-1.jpg","width":1512,"height":2016},{"@type":"BreadcrumbList","@id":"https:\/\/www.lesacduberger.com\/produit\/porte-cles-mouton\/#breadcrumb","itemListElement":[{"@type":"ListItem","position":1,"name":"Accueil","item":"https:\/\/www.lesacduberger.com\/"},{"@type":"ListItem","position":2,"name":"Boutique","item":"https:\/\/www.lesacduberger.com\/boutique\/"},{"@type":"ListItem","position":3,"name":"Porte-cl\u00e9s Mouton"}]},{"@type":"WebSite","@id":"https:\/\/www.lesacduberger.com\/#website","url":"https:\/\/www.lesacduberger.com\/","name":"Le Sac du Berger","description":"","publisher":{"@id":"https:\/\/www.lesacduberger.com\/#organization"},"potentialAction":[{"@type":"SearchAction","target":{"@type":"EntryPoint","urlTemplate":"https:\/\/www.lesacduberger.com\/?s={search_term_string}"},"query-input":{"@type":"PropertyValueSpecification","valueRequired":true,"valueName":"search_term_string"}}],"inLanguage":"en-US"},{"@type":"Organization","@id":"https:\/\/www.lesacduberger.com\/#organization","name":"Le Sac du Berger","url":"https:\/\/www.lesacduberger.com\/","logo":{"@type":"ImageObject","inLanguage":"en-US","@id":"https:\/\/www.lesacduberger.com\/#\/schema\/logo\/image\/","url":"https:\/\/www.lesacduberger.com\/wp-content\/uploads\/2020\/09\/Logo-Sac-du-Berger-blanc-OK.png","contentUrl":"https:\/\/www.lesacduberger.com\/wp-content\/uploads\/2020\/09\/Logo-Sac-du-Berger-blanc-OK.png","width":2093,"height":510,"caption":"Le Sac du Berger"},"image":{"@id":"https:\/\/www.lesacduberger.com\/#\/schema\/logo\/image\/"},"sameAs":["https:\/\/www.facebook.com\/lesacduberger","https:\/\/www.instagram.com\/lesacduberger\/?hl=fr"]}]}},"_links":{"self":[{"href":"https:\/\/www.lesacduberger.com\/en\/wp-json\/wp\/v2\/product\/38279","targetHints":{"allow":["GET"]}}],"collection":[{"href":"https:\/\/www.lesacduberger.com\/en\/wp-json\/wp\/v2\/product"}],"about":[{"href":"https:\/\/www.lesacduberger.com\/en\/wp-json\/wp\/v2\/types\/product"}],"wp:featuredmedia":[{"embeddable":true,"href":"https:\/\/www.lesacduberger.com\/en\/wp-json\/wp\/v2\/media\/45799"}],"wp:attachment":[{"href":"https:\/\/www.lesacduberger.com\/en\/wp-json\/wp\/v2\/media?parent=38279"}],"wp:term":[{"taxonomy":"product_brand","embeddable":true,"href":"https:\/\/www.lesacduberger.com\/en\/wp-json\/wp\/v2\/product_brand?post=38279"},{"taxonomy":"product_cat","embeddable":true,"href":"https:\/\/www.lesacduberger.com\/en\/wp-json\/wp\/v2\/product_cat?post=38279"},{"taxonomy":"product_tag","embeddable":true,"href":"https:\/\/www.lesacduberger.com\/en\/wp-json\/wp\/v2\/product_tag?post=38279"},{"taxonomy":"giftcard-category","embeddable":true,"href":"https:\/\/www.lesacduberger.com\/en\/wp-json\/wp\/v2\/giftcard-category?post=38279"}],"curies":[{"name":"wp","href":"https:\/\/api.w.org\/{rel}","templated":true}]}}