{"id":38342,"date":"2024-05-27T13:53:44","date_gmt":"2024-05-27T11:53:44","guid":{"rendered":"https:\/\/www.lesacduberger.com\/?post_type=product&#038;p=38342"},"modified":"2026-03-02T13:45:10","modified_gmt":"2026-03-02T12:45:10","slug":"shepherds-bag-key-ring","status":"publish","type":"product","link":"https:\/\/www.lesacduberger.com\/en\/product\/shepherds-bag-key-ring\/","title":{"rendered":"Shepherd's bag keyring"},"content":{"rendered":"<h2>The miniature version of our flagship bag<\/h2>\n<p>Our Sac du Berger key ring is made from thick, full-grain cowhide. The flap closes with a bronze-colored metal snap. Inside, you can slip in a few coins, a token or any other small treasure.<\/p>\n<p>A bronze-colored metal ring holds the whole thing together.<\/p>\n<p>The Sac du berger key ring is available individually or in packs of 5. An emblematic gift idea from our workshop for your guests at your events!<\/p>\n<p>Cowhide colors may vary according to availability. For special requests, please contact us at info@lesacduberger.com<\/p>\n<p>The various stages of production, from the origin of the skins to the tanning and finishing of the finished object, are carried out within a 120-kilometer radius of the Layrolle workshop.<\/p>","protected":false},"excerpt":{"rendered":"<p>La version miniature de notre sac phare Notre porte-cl\u00e9s Sac du Berger est fabriqu\u00e9 \u00e0 partir de cuir de vachette pleine fleur \u00e9pais. Le rabat se ferme \u00e0 l&rsquo;aide d&rsquo;un bouton pression en m\u00e9tal coloris bronze. A l&rsquo;int\u00e9rieur, vous pouvez glisser quelques pi\u00e8ces, un jeton ou tout autre petit tr\u00e9sor. Le tout est accroch\u00e9 par [&hellip;]<\/p>\n","protected":false},"featured_media":45801,"template":"","meta":[],"product_brand":[],"product_cat":[2138,1530],"product_tag":[],"giftcard-category":[],"class_list":{"0":"post-38342","1":"product","2":"type-product","3":"status-publish","4":"has-post-thumbnail","6":"product_cat-les-petits-objets","7":"product_cat-accessoires","8":"pa_conditionnement-a-lunite","9":"pa_conditionnement-par-lot-de-5","10":"pa_couleur-noir","11":"pa_couleur-rouge","12":"pa_couleur-naturel","14":"first","15":"instock","16":"taxable","17":"shipping-taxable","18":"purchasable","19":"product-type-variable"},"yoast_head":"<!-- This site is optimized with the Yoast SEO plugin v27.1.1 - https:\/\/yoast.com\/product\/yoast-seo-wordpress\/ -->\n<title>Porte-cl\u00e9s sac du berger - fabrication fran\u00e7aise<\/title>\n<meta name=\"description\" content=\"Le porte-cl\u00e9s sac du berger est fabriqu\u00e9 dans notre atelier dans l&#039;Aveyron. Un petit objet confectionn\u00e9 \u00e0 partir de chutes de cuirs utilis\u00e9s pour nos sacs.\" \/>\n<meta name=\"robots\" content=\"index, follow, max-snippet:-1, max-image-preview:large, max-video-preview:-1\" \/>\n<link rel=\"canonical\" href=\"https:\/\/www.lesacduberger.com\/en\/product\/shepherds-bag-key-ring\/\" \/>\n<meta property=\"og:locale\" content=\"en_US\" \/>\n<meta property=\"og:title\" content=\"Porte-cl\u00e9s sac du berger - fabrication fran\u00e7aise\" \/>\n<meta property=\"og:description\" content=\"Le porte-cl\u00e9s sac du berger est fabriqu\u00e9 dans notre atelier dans l&#039;Aveyron. Un petit objet confectionn\u00e9 \u00e0 partir de chutes de cuirs utilis\u00e9s pour nos sacs.\" \/>\n<meta property=\"og:url\" content=\"https:\/\/www.lesacduberger.com\/en\/product\/shepherds-bag-key-ring\/\" \/>\n<meta property=\"og:site_name\" content=\"Le Sac du Berger\" \/>\n<meta property=\"article:publisher\" content=\"https:\/\/www.facebook.com\/lesacduberger\" \/>\n<meta property=\"article:modified_time\" content=\"2026-03-02T12:45:10+00:00\" \/>\n<meta property=\"og:image\" content=\"https:\/\/www.lesacduberger.com\/wp-content\/uploads\/2024\/05\/IMG_8530.jpg\" \/>\n\t<meta property=\"og:image:width\" content=\"1512\" \/>\n\t<meta property=\"og:image:height\" content=\"2016\" \/>\n\t<meta property=\"og:image:type\" content=\"image\/jpeg\" \/>\n<meta name=\"twitter:card\" content=\"summary_large_image\" \/>\n<script type=\"application\/ld+json\" class=\"yoast-schema-graph\">{\"@context\":\"https:\/\/schema.org\",\"@graph\":[{\"@type\":\"WebPage\",\"@id\":\"https:\/\/www.lesacduberger.com\/produit\/porte-cles-sac-du-berger\/\",\"url\":\"https:\/\/www.lesacduberger.com\/produit\/porte-cles-sac-du-berger\/\",\"name\":\"Porte-cl\u00e9s sac du berger - fabrication fran\u00e7aise\",\"isPartOf\":{\"@id\":\"https:\/\/www.lesacduberger.com\/#website\"},\"primaryImageOfPage\":{\"@id\":\"https:\/\/www.lesacduberger.com\/produit\/porte-cles-sac-du-berger\/#primaryimage\"},\"image\":{\"@id\":\"https:\/\/www.lesacduberger.com\/produit\/porte-cles-sac-du-berger\/#primaryimage\"},\"thumbnailUrl\":\"https:\/\/www.lesacduberger.com\/wp-content\/uploads\/2024\/05\/IMG_8530-1.jpg\",\"datePublished\":\"2024-05-27T11:53:44+00:00\",\"dateModified\":\"2026-03-02T12:45:10+00:00\",\"description\":\"Le porte-cl\u00e9s sac du berger est fabriqu\u00e9 dans notre atelier dans l'Aveyron. Un petit objet confectionn\u00e9 \u00e0 partir de chutes de cuirs utilis\u00e9s pour nos sacs.\",\"breadcrumb\":{\"@id\":\"https:\/\/www.lesacduberger.com\/produit\/porte-cles-sac-du-berger\/#breadcrumb\"},\"inLanguage\":\"en-US\",\"potentialAction\":[{\"@type\":\"ReadAction\",\"target\":[\"https:\/\/www.lesacduberger.com\/produit\/porte-cles-sac-du-berger\/\"]}]},{\"@type\":\"ImageObject\",\"inLanguage\":\"en-US\",\"@id\":\"https:\/\/www.lesacduberger.com\/produit\/porte-cles-sac-du-berger\/#primaryimage\",\"url\":\"https:\/\/www.lesacduberger.com\/wp-content\/uploads\/2024\/05\/IMG_8530-1.jpg\",\"contentUrl\":\"https:\/\/www.lesacduberger.com\/wp-content\/uploads\/2024\/05\/IMG_8530-1.jpg\",\"width\":1512,\"height\":2016},{\"@type\":\"BreadcrumbList\",\"@id\":\"https:\/\/www.lesacduberger.com\/produit\/porte-cles-sac-du-berger\/#breadcrumb\",\"itemListElement\":[{\"@type\":\"ListItem\",\"position\":1,\"name\":\"Accueil\",\"item\":\"https:\/\/www.lesacduberger.com\/\"},{\"@type\":\"ListItem\",\"position\":2,\"name\":\"Boutique\",\"item\":\"https:\/\/www.lesacduberger.com\/boutique\/\"},{\"@type\":\"ListItem\",\"position\":3,\"name\":\"Porte-cl\u00e9s Sac du B&hellip;\"}]},{\"@type\":\"WebSite\",\"@id\":\"https:\/\/www.lesacduberger.com\/#website\",\"url\":\"https:\/\/www.lesacduberger.com\/\",\"name\":\"Le Sac du Berger\",\"description\":\"\",\"publisher\":{\"@id\":\"https:\/\/www.lesacduberger.com\/#organization\"},\"potentialAction\":[{\"@type\":\"SearchAction\",\"target\":{\"@type\":\"EntryPoint\",\"urlTemplate\":\"https:\/\/www.lesacduberger.com\/?s={search_term_string}\"},\"query-input\":{\"@type\":\"PropertyValueSpecification\",\"valueRequired\":true,\"valueName\":\"search_term_string\"}}],\"inLanguage\":\"en-US\"},{\"@type\":\"Organization\",\"@id\":\"https:\/\/www.lesacduberger.com\/#organization\",\"name\":\"Le Sac du Berger\",\"url\":\"https:\/\/www.lesacduberger.com\/\",\"logo\":{\"@type\":\"ImageObject\",\"inLanguage\":\"en-US\",\"@id\":\"https:\/\/www.lesacduberger.com\/#\/schema\/logo\/image\/\",\"url\":\"https:\/\/www.lesacduberger.com\/wp-content\/uploads\/2020\/09\/Logo-Sac-du-Berger-blanc-OK.png\",\"contentUrl\":\"https:\/\/www.lesacduberger.com\/wp-content\/uploads\/2020\/09\/Logo-Sac-du-Berger-blanc-OK.png\",\"width\":2093,\"height\":510,\"caption\":\"Le Sac du Berger\"},\"image\":{\"@id\":\"https:\/\/www.lesacduberger.com\/#\/schema\/logo\/image\/\"},\"sameAs\":[\"https:\/\/www.facebook.com\/lesacduberger\",\"https:\/\/www.instagram.com\/lesacduberger\/?hl=fr\"]}]}<\/script>\n<!-- \/ Yoast SEO plugin. -->","yoast_head_json":{"title":"Shepherd's bag key ring - made in France","description":"The sac du berger key ring is made in our workshop in Aveyron. A small object made from leather scraps used for our bags.","robots":{"index":"index","follow":"follow","max-snippet":"max-snippet:-1","max-image-preview":"max-image-preview:large","max-video-preview":"max-video-preview:-1"},"canonical":"https:\/\/www.lesacduberger.com\/en\/product\/shepherds-bag-key-ring\/","og_locale":"en_US","og_title":"Porte-cl\u00e9s sac du berger - fabrication fran\u00e7aise","og_description":"Le porte-cl\u00e9s sac du berger est fabriqu\u00e9 dans notre atelier dans l'Aveyron. Un petit objet confectionn\u00e9 \u00e0 partir de chutes de cuirs utilis\u00e9s pour nos sacs.","og_url":"https:\/\/www.lesacduberger.com\/en\/product\/shepherds-bag-key-ring\/","og_site_name":"Le Sac du Berger","article_publisher":"https:\/\/www.facebook.com\/lesacduberger","article_modified_time":"2026-03-02T12:45:10+00:00","og_image":[{"width":1512,"height":2016,"url":"https:\/\/www.lesacduberger.com\/wp-content\/uploads\/2024\/05\/IMG_8530.jpg","type":"image\/jpeg"}],"twitter_card":"summary_large_image","schema":{"@context":"https:\/\/schema.org","@graph":[{"@type":"WebPage","@id":"https:\/\/www.lesacduberger.com\/produit\/porte-cles-sac-du-berger\/","url":"https:\/\/www.lesacduberger.com\/produit\/porte-cles-sac-du-berger\/","name":"Shepherd's bag key ring - made in France","isPartOf":{"@id":"https:\/\/www.lesacduberger.com\/#website"},"primaryImageOfPage":{"@id":"https:\/\/www.lesacduberger.com\/produit\/porte-cles-sac-du-berger\/#primaryimage"},"image":{"@id":"https:\/\/www.lesacduberger.com\/produit\/porte-cles-sac-du-berger\/#primaryimage"},"thumbnailUrl":"https:\/\/www.lesacduberger.com\/wp-content\/uploads\/2024\/05\/IMG_8530-1.jpg","datePublished":"2024-05-27T11:53:44+00:00","dateModified":"2026-03-02T12:45:10+00:00","description":"The sac du berger key ring is made in our workshop in Aveyron. A small object made from leather scraps used for our bags.","breadcrumb":{"@id":"https:\/\/www.lesacduberger.com\/produit\/porte-cles-sac-du-berger\/#breadcrumb"},"inLanguage":"en-US","potentialAction":[{"@type":"ReadAction","target":["https:\/\/www.lesacduberger.com\/produit\/porte-cles-sac-du-berger\/"]}]},{"@type":"ImageObject","inLanguage":"en-US","@id":"https:\/\/www.lesacduberger.com\/produit\/porte-cles-sac-du-berger\/#primaryimage","url":"https:\/\/www.lesacduberger.com\/wp-content\/uploads\/2024\/05\/IMG_8530-1.jpg","contentUrl":"https:\/\/www.lesacduberger.com\/wp-content\/uploads\/2024\/05\/IMG_8530-1.jpg","width":1512,"height":2016},{"@type":"BreadcrumbList","@id":"https:\/\/www.lesacduberger.com\/produit\/porte-cles-sac-du-berger\/#breadcrumb","itemListElement":[{"@type":"ListItem","position":1,"name":"Accueil","item":"https:\/\/www.lesacduberger.com\/"},{"@type":"ListItem","position":2,"name":"Boutique","item":"https:\/\/www.lesacduberger.com\/boutique\/"},{"@type":"ListItem","position":3,"name":"Porte-cl\u00e9s Sac du B&hellip;"}]},{"@type":"WebSite","@id":"https:\/\/www.lesacduberger.com\/#website","url":"https:\/\/www.lesacduberger.com\/","name":"Le Sac du Berger","description":"","publisher":{"@id":"https:\/\/www.lesacduberger.com\/#organization"},"potentialAction":[{"@type":"SearchAction","target":{"@type":"EntryPoint","urlTemplate":"https:\/\/www.lesacduberger.com\/?s={search_term_string}"},"query-input":{"@type":"PropertyValueSpecification","valueRequired":true,"valueName":"search_term_string"}}],"inLanguage":"en-US"},{"@type":"Organization","@id":"https:\/\/www.lesacduberger.com\/#organization","name":"Le Sac du Berger","url":"https:\/\/www.lesacduberger.com\/","logo":{"@type":"ImageObject","inLanguage":"en-US","@id":"https:\/\/www.lesacduberger.com\/#\/schema\/logo\/image\/","url":"https:\/\/www.lesacduberger.com\/wp-content\/uploads\/2020\/09\/Logo-Sac-du-Berger-blanc-OK.png","contentUrl":"https:\/\/www.lesacduberger.com\/wp-content\/uploads\/2020\/09\/Logo-Sac-du-Berger-blanc-OK.png","width":2093,"height":510,"caption":"Le Sac du Berger"},"image":{"@id":"https:\/\/www.lesacduberger.com\/#\/schema\/logo\/image\/"},"sameAs":["https:\/\/www.facebook.com\/lesacduberger","https:\/\/www.instagram.com\/lesacduberger\/?hl=fr"]}]}},"_links":{"self":[{"href":"https:\/\/www.lesacduberger.com\/en\/wp-json\/wp\/v2\/product\/38342","targetHints":{"allow":["GET"]}}],"collection":[{"href":"https:\/\/www.lesacduberger.com\/en\/wp-json\/wp\/v2\/product"}],"about":[{"href":"https:\/\/www.lesacduberger.com\/en\/wp-json\/wp\/v2\/types\/product"}],"wp:featuredmedia":[{"embeddable":true,"href":"https:\/\/www.lesacduberger.com\/en\/wp-json\/wp\/v2\/media\/45801"}],"wp:attachment":[{"href":"https:\/\/www.lesacduberger.com\/en\/wp-json\/wp\/v2\/media?parent=38342"}],"wp:term":[{"taxonomy":"product_brand","embeddable":true,"href":"https:\/\/www.lesacduberger.com\/en\/wp-json\/wp\/v2\/product_brand?post=38342"},{"taxonomy":"product_cat","embeddable":true,"href":"https:\/\/www.lesacduberger.com\/en\/wp-json\/wp\/v2\/product_cat?post=38342"},{"taxonomy":"product_tag","embeddable":true,"href":"https:\/\/www.lesacduberger.com\/en\/wp-json\/wp\/v2\/product_tag?post=38342"},{"taxonomy":"giftcard-category","embeddable":true,"href":"https:\/\/www.lesacduberger.com\/en\/wp-json\/wp\/v2\/giftcard-category?post=38342"}],"curies":[{"name":"wp","href":"https:\/\/api.w.org\/{rel}","templated":true}]}}