{"id":41196,"date":"2025-03-11T14:15:43","date_gmt":"2025-03-11T13:15:43","guid":{"rendered":"https:\/\/www.lesacduberger.com\/?post_type=product&#038;p=41196"},"modified":"2026-04-06T09:56:53","modified_gmt":"2026-04-06T07:56:53","slug":"poncho-cape","status":"publish","type":"product","link":"https:\/\/www.lesacduberger.com\/en\/product\/poncho-cape\/","title":{"rendered":"Poncho Cape"},"content":{"rendered":"<h2>Long cape for men and women in pure fuller wool<\/h2>\n<ul>\n<li>Ideal for cold and damp weather<\/li>\n<li>Pure fuller's wool from our spinning partner in the Tarn region of France<\/li>\n<li>Removable hood with genuine horn buttons<\/li>\n<li>Closes with 4 large round buttons in genuine horn<\/li>\n<li>Approximate back height: 98 cm<\/li>\n<\/ul>\n<p>The various stages of production, from the origin of the wool to weaving and the finished object, are carried out within a 120-kilometer radius of the Layrolle workshop.<\/p>\n<p>Our available colors:<\/p>\n<p>Natural wool (natural fleece color, blend of white and black sheep's wool): light gray, dark brown<\/p>\n<p>Dyed wool: dark grey, red, camel<\/p>\n<p>All our products are designed to be durable and repairable.<\/p>\n<p><strong>Confectionn\u00e9e pour vous, sur commande.<\/strong><\/p>","protected":false},"excerpt":{"rendered":"<p>Cape longue pour homme et femme en pure laine foulonn\u00e9e Id\u00e9ale par temps froids et humides En pure laine foulonn\u00e9e issue de notre partenaire filateur dans le Tarn Capuche amovibles et mont\u00e9s sur boutons en corne v\u00e9ritable Fermeture par 4 gros boutons ronds en corne v\u00e9ritable Hauteur approximative du dos: 98 cm Les diff\u00e9rentes \u00e9tapes [&hellip;]<\/p>\n","protected":false},"featured_media":45851,"template":"","meta":[],"product_brand":[],"product_cat":[1533,1527],"product_tag":[],"giftcard-category":[],"class_list":{"0":"post-41196","1":"product","2":"type-product","3":"status-publish","4":"has-post-thumbnail","6":"product_cat-les-manteaux-laine","7":"product_cat-vetements","8":"pa_couleur-rouge","9":"pa_couleur-grisclair","10":"pa_couleur-grisfonce","11":"pa_couleur-marronsombre","12":"pa_couleur-camel","13":"pa_taille-tailleunique","15":"first","16":"instock","17":"taxable","18":"shipping-taxable","19":"purchasable","20":"product-type-variable","21":"has-default-attributes"},"yoast_head":"<!-- This site is optimized with the Yoast SEO plugin v27.1.1 - https:\/\/yoast.com\/product\/yoast-seo-wordpress\/ -->\n<title>Cape Poncho 100% Laine Made in France - Fabrication artisanale<\/title>\n<meta name=\"description\" content=\"Longue cape poncho mixte en laine foulonn\u00e9e, mati\u00e8re premi\u00e8re d&#039;origine fran\u00e7aise. Id\u00e9ale pour la ville ou pour une promenade \u00e0 la campagne.\" \/>\n<meta name=\"robots\" content=\"index, follow, max-snippet:-1, max-image-preview:large, max-video-preview:-1\" \/>\n<link rel=\"canonical\" href=\"https:\/\/www.lesacduberger.com\/en\/product\/poncho-cape\/\" \/>\n<meta property=\"og:locale\" content=\"en_US\" \/>\n<meta property=\"og:title\" content=\"Cape Poncho 100% Laine Made in France - Fabrication artisanale\" \/>\n<meta property=\"og:description\" content=\"Longue cape poncho mixte en laine foulonn\u00e9e, mati\u00e8re premi\u00e8re d&#039;origine fran\u00e7aise. Id\u00e9ale pour la ville ou pour une promenade \u00e0 la campagne.\" \/>\n<meta property=\"og:url\" content=\"https:\/\/www.lesacduberger.com\/en\/product\/poncho-cape\/\" \/>\n<meta property=\"og:site_name\" content=\"Le Sac du Berger\" \/>\n<meta property=\"article:publisher\" content=\"https:\/\/www.facebook.com\/lesacduberger\" \/>\n<meta property=\"article:modified_time\" content=\"2026-04-06T07:56:53+00:00\" \/>\n<meta property=\"og:image\" content=\"https:\/\/www.lesacduberger.com\/wp-content\/uploads\/2025\/03\/Cape-POncho-4.jpg\" \/>\n\t<meta property=\"og:image:width\" content=\"685\" \/>\n\t<meta property=\"og:image:height\" content=\"1024\" \/>\n\t<meta property=\"og:image:type\" content=\"image\/jpeg\" \/>\n<meta name=\"twitter:card\" content=\"summary_large_image\" \/>\n<script type=\"application\/ld+json\" class=\"yoast-schema-graph\">{\"@context\":\"https:\/\/schema.org\",\"@graph\":[{\"@type\":\"WebPage\",\"@id\":\"https:\/\/www.lesacduberger.com\/produit\/cape-poncho\/\",\"url\":\"https:\/\/www.lesacduberger.com\/produit\/cape-poncho\/\",\"name\":\"Cape Poncho 100% Laine Made in France - Fabrication artisanale\",\"isPartOf\":{\"@id\":\"https:\/\/www.lesacduberger.com\/#website\"},\"primaryImageOfPage\":{\"@id\":\"https:\/\/www.lesacduberger.com\/produit\/cape-poncho\/#primaryimage\"},\"image\":{\"@id\":\"https:\/\/www.lesacduberger.com\/produit\/cape-poncho\/#primaryimage\"},\"thumbnailUrl\":\"https:\/\/www.lesacduberger.com\/wp-content\/uploads\/2025\/03\/Cape-POncho-4.jpg\",\"datePublished\":\"2025-03-11T13:15:43+00:00\",\"dateModified\":\"2026-04-06T07:56:53+00:00\",\"description\":\"Longue cape poncho mixte en laine foulonn\u00e9e, mati\u00e8re premi\u00e8re d'origine fran\u00e7aise. Id\u00e9ale pour la ville ou pour une promenade \u00e0 la campagne.\",\"breadcrumb\":{\"@id\":\"https:\/\/www.lesacduberger.com\/produit\/cape-poncho\/#breadcrumb\"},\"inLanguage\":\"en-US\",\"potentialAction\":[{\"@type\":\"ReadAction\",\"target\":[\"https:\/\/www.lesacduberger.com\/produit\/cape-poncho\/\"]}]},{\"@type\":\"ImageObject\",\"inLanguage\":\"en-US\",\"@id\":\"https:\/\/www.lesacduberger.com\/produit\/cape-poncho\/#primaryimage\",\"url\":\"https:\/\/www.lesacduberger.com\/wp-content\/uploads\/2025\/03\/Cape-POncho-4.jpg\",\"contentUrl\":\"https:\/\/www.lesacduberger.com\/wp-content\/uploads\/2025\/03\/Cape-POncho-4.jpg\",\"width\":685,\"height\":1024,\"caption\":\"Cape Poncho\"},{\"@type\":\"BreadcrumbList\",\"@id\":\"https:\/\/www.lesacduberger.com\/produit\/cape-poncho\/#breadcrumb\",\"itemListElement\":[{\"@type\":\"ListItem\",\"position\":1,\"name\":\"Accueil\",\"item\":\"https:\/\/www.lesacduberger.com\/\"},{\"@type\":\"ListItem\",\"position\":2,\"name\":\"Boutique\",\"item\":\"https:\/\/www.lesacduberger.com\/boutique\/\"},{\"@type\":\"ListItem\",\"position\":3,\"name\":\"Cape Poncho\"}]},{\"@type\":\"WebSite\",\"@id\":\"https:\/\/www.lesacduberger.com\/#website\",\"url\":\"https:\/\/www.lesacduberger.com\/\",\"name\":\"Le Sac du Berger\",\"description\":\"\",\"publisher\":{\"@id\":\"https:\/\/www.lesacduberger.com\/#organization\"},\"potentialAction\":[{\"@type\":\"SearchAction\",\"target\":{\"@type\":\"EntryPoint\",\"urlTemplate\":\"https:\/\/www.lesacduberger.com\/?s={search_term_string}\"},\"query-input\":{\"@type\":\"PropertyValueSpecification\",\"valueRequired\":true,\"valueName\":\"search_term_string\"}}],\"inLanguage\":\"en-US\"},{\"@type\":\"Organization\",\"@id\":\"https:\/\/www.lesacduberger.com\/#organization\",\"name\":\"Le Sac du Berger\",\"url\":\"https:\/\/www.lesacduberger.com\/\",\"logo\":{\"@type\":\"ImageObject\",\"inLanguage\":\"en-US\",\"@id\":\"https:\/\/www.lesacduberger.com\/#\/schema\/logo\/image\/\",\"url\":\"https:\/\/www.lesacduberger.com\/wp-content\/uploads\/2020\/09\/Logo-Sac-du-Berger-blanc-OK.png\",\"contentUrl\":\"https:\/\/www.lesacduberger.com\/wp-content\/uploads\/2020\/09\/Logo-Sac-du-Berger-blanc-OK.png\",\"width\":2093,\"height\":510,\"caption\":\"Le Sac du Berger\"},\"image\":{\"@id\":\"https:\/\/www.lesacduberger.com\/#\/schema\/logo\/image\/\"},\"sameAs\":[\"https:\/\/www.facebook.com\/lesacduberger\",\"https:\/\/www.instagram.com\/lesacduberger\/?hl=fr\"]}]}<\/script>\n<!-- \/ Yoast SEO plugin. -->","yoast_head_json":{"title":"Cape Poncho 100% Wool Made in France - Handcrafted","description":"Long mixed poncho cape in fuller's wool, a raw material of French origin. Ideal for the city or a walk in the country.","robots":{"index":"index","follow":"follow","max-snippet":"max-snippet:-1","max-image-preview":"max-image-preview:large","max-video-preview":"max-video-preview:-1"},"canonical":"https:\/\/www.lesacduberger.com\/en\/product\/poncho-cape\/","og_locale":"en_US","og_title":"Cape Poncho 100% Laine Made in France - Fabrication artisanale","og_description":"Longue cape poncho mixte en laine foulonn\u00e9e, mati\u00e8re premi\u00e8re d'origine fran\u00e7aise. Id\u00e9ale pour la ville ou pour une promenade \u00e0 la campagne.","og_url":"https:\/\/www.lesacduberger.com\/en\/product\/poncho-cape\/","og_site_name":"Le Sac du Berger","article_publisher":"https:\/\/www.facebook.com\/lesacduberger","article_modified_time":"2026-04-06T07:56:53+00:00","og_image":[{"width":685,"height":1024,"url":"https:\/\/www.lesacduberger.com\/wp-content\/uploads\/2025\/03\/Cape-POncho-4.jpg","type":"image\/jpeg"}],"twitter_card":"summary_large_image","schema":{"@context":"https:\/\/schema.org","@graph":[{"@type":"WebPage","@id":"https:\/\/www.lesacduberger.com\/produit\/cape-poncho\/","url":"https:\/\/www.lesacduberger.com\/produit\/cape-poncho\/","name":"Cape Poncho 100% Wool Made in France - Handcrafted","isPartOf":{"@id":"https:\/\/www.lesacduberger.com\/#website"},"primaryImageOfPage":{"@id":"https:\/\/www.lesacduberger.com\/produit\/cape-poncho\/#primaryimage"},"image":{"@id":"https:\/\/www.lesacduberger.com\/produit\/cape-poncho\/#primaryimage"},"thumbnailUrl":"https:\/\/www.lesacduberger.com\/wp-content\/uploads\/2025\/03\/Cape-POncho-4.jpg","datePublished":"2025-03-11T13:15:43+00:00","dateModified":"2026-04-06T07:56:53+00:00","description":"Long mixed poncho cape in fuller's wool, a raw material of French origin. Ideal for the city or a walk in the country.","breadcrumb":{"@id":"https:\/\/www.lesacduberger.com\/produit\/cape-poncho\/#breadcrumb"},"inLanguage":"en-US","potentialAction":[{"@type":"ReadAction","target":["https:\/\/www.lesacduberger.com\/produit\/cape-poncho\/"]}]},{"@type":"ImageObject","inLanguage":"en-US","@id":"https:\/\/www.lesacduberger.com\/produit\/cape-poncho\/#primaryimage","url":"https:\/\/www.lesacduberger.com\/wp-content\/uploads\/2025\/03\/Cape-POncho-4.jpg","contentUrl":"https:\/\/www.lesacduberger.com\/wp-content\/uploads\/2025\/03\/Cape-POncho-4.jpg","width":685,"height":1024,"caption":"Cape Poncho"},{"@type":"BreadcrumbList","@id":"https:\/\/www.lesacduberger.com\/produit\/cape-poncho\/#breadcrumb","itemListElement":[{"@type":"ListItem","position":1,"name":"Accueil","item":"https:\/\/www.lesacduberger.com\/"},{"@type":"ListItem","position":2,"name":"Boutique","item":"https:\/\/www.lesacduberger.com\/boutique\/"},{"@type":"ListItem","position":3,"name":"Cape Poncho"}]},{"@type":"WebSite","@id":"https:\/\/www.lesacduberger.com\/#website","url":"https:\/\/www.lesacduberger.com\/","name":"Le Sac du Berger","description":"","publisher":{"@id":"https:\/\/www.lesacduberger.com\/#organization"},"potentialAction":[{"@type":"SearchAction","target":{"@type":"EntryPoint","urlTemplate":"https:\/\/www.lesacduberger.com\/?s={search_term_string}"},"query-input":{"@type":"PropertyValueSpecification","valueRequired":true,"valueName":"search_term_string"}}],"inLanguage":"en-US"},{"@type":"Organization","@id":"https:\/\/www.lesacduberger.com\/#organization","name":"Le Sac du Berger","url":"https:\/\/www.lesacduberger.com\/","logo":{"@type":"ImageObject","inLanguage":"en-US","@id":"https:\/\/www.lesacduberger.com\/#\/schema\/logo\/image\/","url":"https:\/\/www.lesacduberger.com\/wp-content\/uploads\/2020\/09\/Logo-Sac-du-Berger-blanc-OK.png","contentUrl":"https:\/\/www.lesacduberger.com\/wp-content\/uploads\/2020\/09\/Logo-Sac-du-Berger-blanc-OK.png","width":2093,"height":510,"caption":"Le Sac du Berger"},"image":{"@id":"https:\/\/www.lesacduberger.com\/#\/schema\/logo\/image\/"},"sameAs":["https:\/\/www.facebook.com\/lesacduberger","https:\/\/www.instagram.com\/lesacduberger\/?hl=fr"]}]}},"_links":{"self":[{"href":"https:\/\/www.lesacduberger.com\/en\/wp-json\/wp\/v2\/product\/41196","targetHints":{"allow":["GET"]}}],"collection":[{"href":"https:\/\/www.lesacduberger.com\/en\/wp-json\/wp\/v2\/product"}],"about":[{"href":"https:\/\/www.lesacduberger.com\/en\/wp-json\/wp\/v2\/types\/product"}],"wp:featuredmedia":[{"embeddable":true,"href":"https:\/\/www.lesacduberger.com\/en\/wp-json\/wp\/v2\/media\/45851"}],"wp:attachment":[{"href":"https:\/\/www.lesacduberger.com\/en\/wp-json\/wp\/v2\/media?parent=41196"}],"wp:term":[{"taxonomy":"product_brand","embeddable":true,"href":"https:\/\/www.lesacduberger.com\/en\/wp-json\/wp\/v2\/product_brand?post=41196"},{"taxonomy":"product_cat","embeddable":true,"href":"https:\/\/www.lesacduberger.com\/en\/wp-json\/wp\/v2\/product_cat?post=41196"},{"taxonomy":"product_tag","embeddable":true,"href":"https:\/\/www.lesacduberger.com\/en\/wp-json\/wp\/v2\/product_tag?post=41196"},{"taxonomy":"giftcard-category","embeddable":true,"href":"https:\/\/www.lesacduberger.com\/en\/wp-json\/wp\/v2\/giftcard-category?post=41196"}],"curies":[{"name":"wp","href":"https:\/\/api.w.org\/{rel}","templated":true}]}}