{"id":43425,"date":"2025-11-13T14:45:04","date_gmt":"2025-11-13T13:45:04","guid":{"rendered":"https:\/\/www.lesacduberger.com\/?post_type=product&#038;p=43425"},"modified":"2026-04-02T16:39:10","modified_gmt":"2026-04-02T14:39:10","slug":"veste-aubin","status":"publish","type":"product","link":"https:\/\/www.lesacduberger.com\/en\/product\/veste-aubin\/","title":{"rendered":"Veste Aubin"},"content":{"rendered":"<h2>Veste en pure laine foulonn\u00e9e pour Homme et Femme.<\/h2>\n<p>La veste Aubin allie une coupe simple et intemporelle \u00e0 une laine foulonn\u00e9e, s\u00e9lectionn\u00e9e pour sa r\u00e9sistance et son authenticit\u00e9. Ses boutons en corne, son tombant naturel et son savoir-faire artisanal en font une pi\u00e8ce essentielle, con\u00e7ue pour traverser les saisons avec \u00e9l\u00e9gance et robustesse.<\/p>\n<ul>\n<li>Laine foulonn\u00e9e\u00a0: imperm\u00e9able et coupe-vent<\/li>\n<li>Fermeture par des boutons en corne<\/li>\n<li>Hauteur approximative du dos : 75 cm<\/li>\n<\/ul>\n<p>The various stages of production, from the origin of the wool yarn to weaving and the finished object, are carried out within a 120-kilometer radius of the Layrolle workshop.<\/p>\n<p>Toutes nos fabrications sont con\u00e7ues pour \u00eatre durables et r\u00e9parables.<\/p>\n<p><strong>Confectionn\u00e9 pour vous, sur commande.<\/strong><\/p>","protected":false},"excerpt":{"rendered":"<p>Veste en pure laine foulonn\u00e9e pour Homme et Femme. La veste Aubin allie une coupe simple et intemporelle \u00e0 une laine foulonn\u00e9e, s\u00e9lectionn\u00e9e pour sa r\u00e9sistance et son authenticit\u00e9. Ses boutons en corne, son tombant naturel et son savoir-faire artisanal en font une pi\u00e8ce essentielle, con\u00e7ue pour traverser les saisons avec \u00e9l\u00e9gance et robustesse. Laine [&hellip;]<\/p>\n","protected":false},"featured_media":45958,"template":"","meta":[],"product_brand":[],"product_cat":[1533,669,1527],"product_tag":[],"giftcard-category":[],"class_list":{"0":"post-43425","1":"product","2":"type-product","3":"status-publish","4":"has-post-thumbnail","6":"product_cat-les-manteaux-laine","7":"product_cat-nouveautes","8":"product_cat-vetements","9":"pa_couleur-rouge","10":"pa_couleur-grisclair","11":"pa_couleur-grisfonce","12":"pa_couleur-marronsombre","13":"pa_taille-2xl","14":"pa_taille-3xl","15":"pa_taille-xs","16":"pa_taille-s","17":"pa_taille-m","18":"pa_taille-l","19":"pa_taille-xl","21":"first","22":"instock","23":"taxable","24":"shipping-taxable","25":"purchasable","26":"product-type-variable","27":"has-default-attributes"},"yoast_head":"<!-- This site is optimized with the Yoast SEO plugin v27.1.1 - https:\/\/yoast.com\/product\/yoast-seo-wordpress\/ -->\n<title>Veste Droite 100% Laine Made in France - Fabrication artisanale<\/title>\n<meta name=\"description\" content=\"Veste droite mixte en laine foulonn\u00e9e, mati\u00e8re premi\u00e8re d&#039;origine fran\u00e7aise. Id\u00e9ale pour la ville ou pour une promenade \u00e0 la campagne.\" \/>\n<meta name=\"robots\" content=\"index, follow, max-snippet:-1, max-image-preview:large, max-video-preview:-1\" \/>\n<link rel=\"canonical\" href=\"https:\/\/www.lesacduberger.com\/en\/product\/veste-aubin\/\" \/>\n<meta property=\"og:locale\" content=\"en_US\" \/>\n<meta property=\"og:title\" content=\"Veste Droite 100% Laine Made in France - Fabrication artisanale\" \/>\n<meta property=\"og:description\" content=\"Veste droite mixte en laine foulonn\u00e9e, mati\u00e8re premi\u00e8re d&#039;origine fran\u00e7aise. Id\u00e9ale pour la ville ou pour une promenade \u00e0 la campagne.\" \/>\n<meta property=\"og:url\" content=\"https:\/\/www.lesacduberger.com\/en\/product\/veste-aubin\/\" \/>\n<meta property=\"og:site_name\" content=\"Le Sac du Berger\" \/>\n<meta property=\"article:publisher\" content=\"https:\/\/www.facebook.com\/lesacduberger\" \/>\n<meta property=\"article:modified_time\" content=\"2026-04-02T14:39:10+00:00\" \/>\n<meta property=\"og:image\" content=\"https:\/\/www.lesacduberger.com\/wp-content\/uploads\/2025\/11\/LSDB-@agence.foudre-101-769x1024.jpg\" \/>\n\t<meta property=\"og:image:width\" content=\"769\" \/>\n\t<meta property=\"og:image:height\" content=\"1024\" \/>\n\t<meta property=\"og:image:type\" content=\"image\/jpeg\" \/>\n<meta name=\"twitter:card\" content=\"summary_large_image\" \/>\n<script type=\"application\/ld+json\" class=\"yoast-schema-graph\">{\"@context\":\"https:\/\/schema.org\",\"@graph\":[{\"@type\":\"WebPage\",\"@id\":\"https:\/\/www.lesacduberger.com\/produit\/veste-aubin\/\",\"url\":\"https:\/\/www.lesacduberger.com\/produit\/veste-aubin\/\",\"name\":\"Veste Droite 100% Laine Made in France - Fabrication artisanale\",\"isPartOf\":{\"@id\":\"https:\/\/www.lesacduberger.com\/#website\"},\"primaryImageOfPage\":{\"@id\":\"https:\/\/www.lesacduberger.com\/produit\/veste-aubin\/#primaryimage\"},\"image\":{\"@id\":\"https:\/\/www.lesacduberger.com\/produit\/veste-aubin\/#primaryimage\"},\"thumbnailUrl\":\"https:\/\/www.lesacduberger.com\/wp-content\/uploads\/2025\/11\/LSDB-%40agence.foudre-101-scaled.jpg\",\"datePublished\":\"2025-11-13T13:45:04+00:00\",\"dateModified\":\"2026-04-02T14:39:10+00:00\",\"description\":\"Veste droite mixte en laine foulonn\u00e9e, mati\u00e8re premi\u00e8re d'origine fran\u00e7aise. Id\u00e9ale pour la ville ou pour une promenade \u00e0 la campagne.\",\"breadcrumb\":{\"@id\":\"https:\/\/www.lesacduberger.com\/produit\/veste-aubin\/#breadcrumb\"},\"inLanguage\":\"en-US\",\"potentialAction\":[{\"@type\":\"ReadAction\",\"target\":[\"https:\/\/www.lesacduberger.com\/produit\/veste-aubin\/\"]}]},{\"@type\":\"ImageObject\",\"inLanguage\":\"en-US\",\"@id\":\"https:\/\/www.lesacduberger.com\/produit\/veste-aubin\/#primaryimage\",\"url\":\"https:\/\/www.lesacduberger.com\/wp-content\/uploads\/2025\/11\/LSDB-%40agence.foudre-101-scaled.jpg\",\"contentUrl\":\"https:\/\/www.lesacduberger.com\/wp-content\/uploads\/2025\/11\/LSDB-%40agence.foudre-101-scaled.jpg\",\"width\":1922,\"height\":2560},{\"@type\":\"BreadcrumbList\",\"@id\":\"https:\/\/www.lesacduberger.com\/produit\/veste-aubin\/#breadcrumb\",\"itemListElement\":[{\"@type\":\"ListItem\",\"position\":1,\"name\":\"Accueil\",\"item\":\"https:\/\/www.lesacduberger.com\/\"},{\"@type\":\"ListItem\",\"position\":2,\"name\":\"Boutique\",\"item\":\"https:\/\/www.lesacduberger.com\/boutique\/\"},{\"@type\":\"ListItem\",\"position\":3,\"name\":\"Veste Aubin\"}]},{\"@type\":\"WebSite\",\"@id\":\"https:\/\/www.lesacduberger.com\/#website\",\"url\":\"https:\/\/www.lesacduberger.com\/\",\"name\":\"Le Sac du Berger\",\"description\":\"\",\"publisher\":{\"@id\":\"https:\/\/www.lesacduberger.com\/#organization\"},\"potentialAction\":[{\"@type\":\"SearchAction\",\"target\":{\"@type\":\"EntryPoint\",\"urlTemplate\":\"https:\/\/www.lesacduberger.com\/?s={search_term_string}\"},\"query-input\":{\"@type\":\"PropertyValueSpecification\",\"valueRequired\":true,\"valueName\":\"search_term_string\"}}],\"inLanguage\":\"en-US\"},{\"@type\":\"Organization\",\"@id\":\"https:\/\/www.lesacduberger.com\/#organization\",\"name\":\"Le Sac du Berger\",\"url\":\"https:\/\/www.lesacduberger.com\/\",\"logo\":{\"@type\":\"ImageObject\",\"inLanguage\":\"en-US\",\"@id\":\"https:\/\/www.lesacduberger.com\/#\/schema\/logo\/image\/\",\"url\":\"https:\/\/www.lesacduberger.com\/wp-content\/uploads\/2020\/09\/Logo-Sac-du-Berger-blanc-OK.png\",\"contentUrl\":\"https:\/\/www.lesacduberger.com\/wp-content\/uploads\/2020\/09\/Logo-Sac-du-Berger-blanc-OK.png\",\"width\":2093,\"height\":510,\"caption\":\"Le Sac du Berger\"},\"image\":{\"@id\":\"https:\/\/www.lesacduberger.com\/#\/schema\/logo\/image\/\"},\"sameAs\":[\"https:\/\/www.facebook.com\/lesacduberger\",\"https:\/\/www.instagram.com\/lesacduberger\/?hl=fr\"]}]}<\/script>\n<!-- \/ Yoast SEO plugin. -->","yoast_head_json":{"title":"Veste Droite 100% Laine Made in France - Fabrication artisanale","description":"Veste droite mixte en laine foulonn\u00e9e, mati\u00e8re premi\u00e8re d'origine fran\u00e7aise. Id\u00e9ale pour la ville ou pour une promenade \u00e0 la campagne.","robots":{"index":"index","follow":"follow","max-snippet":"max-snippet:-1","max-image-preview":"max-image-preview:large","max-video-preview":"max-video-preview:-1"},"canonical":"https:\/\/www.lesacduberger.com\/en\/product\/veste-aubin\/","og_locale":"en_US","og_title":"Veste Droite 100% Laine Made in France - Fabrication artisanale","og_description":"Veste droite mixte en laine foulonn\u00e9e, mati\u00e8re premi\u00e8re d'origine fran\u00e7aise. Id\u00e9ale pour la ville ou pour une promenade \u00e0 la campagne.","og_url":"https:\/\/www.lesacduberger.com\/en\/product\/veste-aubin\/","og_site_name":"Le Sac du Berger","article_publisher":"https:\/\/www.facebook.com\/lesacduberger","article_modified_time":"2026-04-02T14:39:10+00:00","og_image":[{"width":769,"height":1024,"url":"https:\/\/www.lesacduberger.com\/wp-content\/uploads\/2025\/11\/LSDB-@agence.foudre-101-769x1024.jpg","type":"image\/jpeg"}],"twitter_card":"summary_large_image","schema":{"@context":"https:\/\/schema.org","@graph":[{"@type":"WebPage","@id":"https:\/\/www.lesacduberger.com\/produit\/veste-aubin\/","url":"https:\/\/www.lesacduberger.com\/produit\/veste-aubin\/","name":"Veste Droite 100% Laine Made in France - Fabrication artisanale","isPartOf":{"@id":"https:\/\/www.lesacduberger.com\/#website"},"primaryImageOfPage":{"@id":"https:\/\/www.lesacduberger.com\/produit\/veste-aubin\/#primaryimage"},"image":{"@id":"https:\/\/www.lesacduberger.com\/produit\/veste-aubin\/#primaryimage"},"thumbnailUrl":"https:\/\/www.lesacduberger.com\/wp-content\/uploads\/2025\/11\/LSDB-%40agence.foudre-101-scaled.jpg","datePublished":"2025-11-13T13:45:04+00:00","dateModified":"2026-04-02T14:39:10+00:00","description":"Veste droite mixte en laine foulonn\u00e9e, mati\u00e8re premi\u00e8re d'origine fran\u00e7aise. Id\u00e9ale pour la ville ou pour une promenade \u00e0 la campagne.","breadcrumb":{"@id":"https:\/\/www.lesacduberger.com\/produit\/veste-aubin\/#breadcrumb"},"inLanguage":"en-US","potentialAction":[{"@type":"ReadAction","target":["https:\/\/www.lesacduberger.com\/produit\/veste-aubin\/"]}]},{"@type":"ImageObject","inLanguage":"en-US","@id":"https:\/\/www.lesacduberger.com\/produit\/veste-aubin\/#primaryimage","url":"https:\/\/www.lesacduberger.com\/wp-content\/uploads\/2025\/11\/LSDB-%40agence.foudre-101-scaled.jpg","contentUrl":"https:\/\/www.lesacduberger.com\/wp-content\/uploads\/2025\/11\/LSDB-%40agence.foudre-101-scaled.jpg","width":1922,"height":2560},{"@type":"BreadcrumbList","@id":"https:\/\/www.lesacduberger.com\/produit\/veste-aubin\/#breadcrumb","itemListElement":[{"@type":"ListItem","position":1,"name":"Accueil","item":"https:\/\/www.lesacduberger.com\/"},{"@type":"ListItem","position":2,"name":"Boutique","item":"https:\/\/www.lesacduberger.com\/boutique\/"},{"@type":"ListItem","position":3,"name":"Veste Aubin"}]},{"@type":"WebSite","@id":"https:\/\/www.lesacduberger.com\/#website","url":"https:\/\/www.lesacduberger.com\/","name":"Le Sac du Berger","description":"","publisher":{"@id":"https:\/\/www.lesacduberger.com\/#organization"},"potentialAction":[{"@type":"SearchAction","target":{"@type":"EntryPoint","urlTemplate":"https:\/\/www.lesacduberger.com\/?s={search_term_string}"},"query-input":{"@type":"PropertyValueSpecification","valueRequired":true,"valueName":"search_term_string"}}],"inLanguage":"en-US"},{"@type":"Organization","@id":"https:\/\/www.lesacduberger.com\/#organization","name":"Le Sac du Berger","url":"https:\/\/www.lesacduberger.com\/","logo":{"@type":"ImageObject","inLanguage":"en-US","@id":"https:\/\/www.lesacduberger.com\/#\/schema\/logo\/image\/","url":"https:\/\/www.lesacduberger.com\/wp-content\/uploads\/2020\/09\/Logo-Sac-du-Berger-blanc-OK.png","contentUrl":"https:\/\/www.lesacduberger.com\/wp-content\/uploads\/2020\/09\/Logo-Sac-du-Berger-blanc-OK.png","width":2093,"height":510,"caption":"Le Sac du Berger"},"image":{"@id":"https:\/\/www.lesacduberger.com\/#\/schema\/logo\/image\/"},"sameAs":["https:\/\/www.facebook.com\/lesacduberger","https:\/\/www.instagram.com\/lesacduberger\/?hl=fr"]}]}},"_links":{"self":[{"href":"https:\/\/www.lesacduberger.com\/en\/wp-json\/wp\/v2\/product\/43425","targetHints":{"allow":["GET"]}}],"collection":[{"href":"https:\/\/www.lesacduberger.com\/en\/wp-json\/wp\/v2\/product"}],"about":[{"href":"https:\/\/www.lesacduberger.com\/en\/wp-json\/wp\/v2\/types\/product"}],"wp:featuredmedia":[{"embeddable":true,"href":"https:\/\/www.lesacduberger.com\/en\/wp-json\/wp\/v2\/media\/45958"}],"wp:attachment":[{"href":"https:\/\/www.lesacduberger.com\/en\/wp-json\/wp\/v2\/media?parent=43425"}],"wp:term":[{"taxonomy":"product_brand","embeddable":true,"href":"https:\/\/www.lesacduberger.com\/en\/wp-json\/wp\/v2\/product_brand?post=43425"},{"taxonomy":"product_cat","embeddable":true,"href":"https:\/\/www.lesacduberger.com\/en\/wp-json\/wp\/v2\/product_cat?post=43425"},{"taxonomy":"product_tag","embeddable":true,"href":"https:\/\/www.lesacduberger.com\/en\/wp-json\/wp\/v2\/product_tag?post=43425"},{"taxonomy":"giftcard-category","embeddable":true,"href":"https:\/\/www.lesacduberger.com\/en\/wp-json\/wp\/v2\/giftcard-category?post=43425"}],"curies":[{"name":"wp","href":"https:\/\/api.w.org\/{rel}","templated":true}]}}