{"id":43474,"date":"2025-11-14T11:34:11","date_gmt":"2025-11-14T10:34:11","guid":{"rendered":"https:\/\/www.lesacduberger.com\/?post_type=product&#038;p=43474"},"modified":"2026-04-02T16:39:46","modified_gmt":"2026-04-02T14:39:46","slug":"manteau-capluc","status":"publish","type":"product","link":"https:\/\/www.lesacduberger.com\/en\/product\/manteau-capluc\/","title":{"rendered":"Manteau Capluc"},"content":{"rendered":"<h2>Manteau long en pure laine foulonn\u00e9e mixte<\/h2>\n<p>Le manteau Capluc impose une silhouette forte et protectrice, gr\u00e2ce \u00e0 une coupe longue et une laine de qualit\u00e9 choisie pour sa durabilit\u00e9 et son confort. Ses d\u00e9tails robustes en font une pi\u00e8ce d\u2019exception, alliant savoir-faire artisanal et \u00e9l\u00e9gance intemporelle.<\/p>\n<ul>\n<li>Laine foulonn\u00e9e : imperm\u00e9able et coupe-vent<\/li>\n<li>Fermeture \u00e0 glissi\u00e8re m\u00e9tallique + tops magn\u00e9tiques extra plats sur le devant<\/li>\n<li>Hauteur approximative du dos : 104 cm<\/li>\n<\/ul>\n<p>The various stages of production, from the origin of the wool yarn to weaving and the finished object, are carried out within a 120-kilometer radius of the Layrolle workshop.<\/p>\n<p>Toutes nos fabrications sont con\u00e7ues pour \u00eatre durables et r\u00e9parables.<\/p>\n<p><strong>Confectionn\u00e9 pour vous, sur commande.<\/strong><\/p>","protected":false},"excerpt":{"rendered":"<p>Manteau long en pure laine foulonn\u00e9e mixte Le manteau Capluc impose une silhouette forte et protectrice, gr\u00e2ce \u00e0 une coupe longue et une laine de qualit\u00e9 choisie pour sa durabilit\u00e9 et son confort. Ses d\u00e9tails robustes en font une pi\u00e8ce d\u2019exception, alliant savoir-faire artisanal et \u00e9l\u00e9gance intemporelle. Laine foulonn\u00e9e : imperm\u00e9able et coupe-vent Fermeture \u00e0 [&hellip;]<\/p>\n","protected":false},"featured_media":45847,"template":"","meta":[],"product_brand":[],"product_cat":[1533,669,1527],"product_tag":[],"giftcard-category":[],"class_list":{"0":"post-43474","1":"product","2":"type-product","3":"status-publish","4":"has-post-thumbnail","6":"product_cat-les-manteaux-laine","7":"product_cat-nouveautes","8":"product_cat-vetements","9":"pa_couleur-rouge","10":"pa_couleur-grisclair","11":"pa_couleur-grisfonce","12":"pa_couleur-marronsombre","13":"pa_taille-xs","14":"pa_taille-s","15":"pa_taille-m","16":"pa_taille-l","17":"pa_taille-xl","18":"pa_taille-xxl","19":"pa_taille-xxxl","21":"first","22":"instock","23":"taxable","24":"shipping-taxable","25":"purchasable","26":"product-type-variable","27":"has-default-attributes"},"yoast_head":"<!-- This site is optimized with the Yoast SEO plugin v27.1.1 - https:\/\/yoast.com\/product\/yoast-seo-wordpress\/ -->\n<title>Manteau long 100% Laine Made in France - Fabrication artisanale<\/title>\n<meta name=\"description\" content=\"Manteau long mixte en laine foulonn\u00e9e, mati\u00e8re premi\u00e8re d&#039;origine fran\u00e7aise. Id\u00e9ale pour la ville ou pour une promenade \u00e0 la campagne.\" \/>\n<meta name=\"robots\" content=\"index, follow, max-snippet:-1, max-image-preview:large, max-video-preview:-1\" \/>\n<link rel=\"canonical\" href=\"https:\/\/www.lesacduberger.com\/en\/product\/manteau-capluc\/\" \/>\n<meta property=\"og:locale\" content=\"en_US\" \/>\n<meta property=\"og:title\" content=\"Manteau long 100% Laine Made in France - Fabrication artisanale\" \/>\n<meta property=\"og:description\" content=\"Manteau long mixte en laine foulonn\u00e9e, mati\u00e8re premi\u00e8re d&#039;origine fran\u00e7aise. Id\u00e9ale pour la ville ou pour une promenade \u00e0 la campagne.\" \/>\n<meta property=\"og:url\" content=\"https:\/\/www.lesacduberger.com\/en\/product\/manteau-capluc\/\" \/>\n<meta property=\"og:site_name\" content=\"Le Sac du Berger\" \/>\n<meta property=\"article:publisher\" content=\"https:\/\/www.facebook.com\/lesacduberger\" \/>\n<meta property=\"article:modified_time\" content=\"2026-04-02T14:39:46+00:00\" \/>\n<meta property=\"og:image\" content=\"https:\/\/www.lesacduberger.com\/wp-content\/uploads\/2025\/11\/SDB-140-1.jpg\" \/>\n\t<meta property=\"og:image:width\" content=\"683\" \/>\n\t<meta property=\"og:image:height\" content=\"1024\" \/>\n\t<meta property=\"og:image:type\" content=\"image\/jpeg\" \/>\n<meta name=\"twitter:card\" content=\"summary_large_image\" \/>\n<script type=\"application\/ld+json\" class=\"yoast-schema-graph\">{\"@context\":\"https:\/\/schema.org\",\"@graph\":[{\"@type\":\"WebPage\",\"@id\":\"https:\/\/www.lesacduberger.com\/produit\/manteau-capluc\/\",\"url\":\"https:\/\/www.lesacduberger.com\/produit\/manteau-capluc\/\",\"name\":\"Manteau long 100% Laine Made in France - Fabrication artisanale\",\"isPartOf\":{\"@id\":\"https:\/\/www.lesacduberger.com\/#website\"},\"primaryImageOfPage\":{\"@id\":\"https:\/\/www.lesacduberger.com\/produit\/manteau-capluc\/#primaryimage\"},\"image\":{\"@id\":\"https:\/\/www.lesacduberger.com\/produit\/manteau-capluc\/#primaryimage\"},\"thumbnailUrl\":\"https:\/\/www.lesacduberger.com\/wp-content\/uploads\/2025\/11\/SDB-140-1.jpg\",\"datePublished\":\"2025-11-14T10:34:11+00:00\",\"dateModified\":\"2026-04-02T14:39:46+00:00\",\"description\":\"Manteau long mixte en laine foulonn\u00e9e, mati\u00e8re premi\u00e8re d'origine fran\u00e7aise. Id\u00e9ale pour la ville ou pour une promenade \u00e0 la campagne.\",\"breadcrumb\":{\"@id\":\"https:\/\/www.lesacduberger.com\/produit\/manteau-capluc\/#breadcrumb\"},\"inLanguage\":\"en-US\",\"potentialAction\":[{\"@type\":\"ReadAction\",\"target\":[\"https:\/\/www.lesacduberger.com\/produit\/manteau-capluc\/\"]}]},{\"@type\":\"ImageObject\",\"inLanguage\":\"en-US\",\"@id\":\"https:\/\/www.lesacduberger.com\/produit\/manteau-capluc\/#primaryimage\",\"url\":\"https:\/\/www.lesacduberger.com\/wp-content\/uploads\/2025\/11\/SDB-140-1.jpg\",\"contentUrl\":\"https:\/\/www.lesacduberger.com\/wp-content\/uploads\/2025\/11\/SDB-140-1.jpg\",\"width\":683,\"height\":1024,\"caption\":\"Manteau Capluc\"},{\"@type\":\"BreadcrumbList\",\"@id\":\"https:\/\/www.lesacduberger.com\/produit\/manteau-capluc\/#breadcrumb\",\"itemListElement\":[{\"@type\":\"ListItem\",\"position\":1,\"name\":\"Accueil\",\"item\":\"https:\/\/www.lesacduberger.com\/\"},{\"@type\":\"ListItem\",\"position\":2,\"name\":\"Boutique\",\"item\":\"https:\/\/www.lesacduberger.com\/boutique\/\"},{\"@type\":\"ListItem\",\"position\":3,\"name\":\"Manteau Capluc\"}]},{\"@type\":\"WebSite\",\"@id\":\"https:\/\/www.lesacduberger.com\/#website\",\"url\":\"https:\/\/www.lesacduberger.com\/\",\"name\":\"Le Sac du Berger\",\"description\":\"\",\"publisher\":{\"@id\":\"https:\/\/www.lesacduberger.com\/#organization\"},\"potentialAction\":[{\"@type\":\"SearchAction\",\"target\":{\"@type\":\"EntryPoint\",\"urlTemplate\":\"https:\/\/www.lesacduberger.com\/?s={search_term_string}\"},\"query-input\":{\"@type\":\"PropertyValueSpecification\",\"valueRequired\":true,\"valueName\":\"search_term_string\"}}],\"inLanguage\":\"en-US\"},{\"@type\":\"Organization\",\"@id\":\"https:\/\/www.lesacduberger.com\/#organization\",\"name\":\"Le Sac du Berger\",\"url\":\"https:\/\/www.lesacduberger.com\/\",\"logo\":{\"@type\":\"ImageObject\",\"inLanguage\":\"en-US\",\"@id\":\"https:\/\/www.lesacduberger.com\/#\/schema\/logo\/image\/\",\"url\":\"https:\/\/www.lesacduberger.com\/wp-content\/uploads\/2020\/09\/Logo-Sac-du-Berger-blanc-OK.png\",\"contentUrl\":\"https:\/\/www.lesacduberger.com\/wp-content\/uploads\/2020\/09\/Logo-Sac-du-Berger-blanc-OK.png\",\"width\":2093,\"height\":510,\"caption\":\"Le Sac du Berger\"},\"image\":{\"@id\":\"https:\/\/www.lesacduberger.com\/#\/schema\/logo\/image\/\"},\"sameAs\":[\"https:\/\/www.facebook.com\/lesacduberger\",\"https:\/\/www.instagram.com\/lesacduberger\/?hl=fr\"]}]}<\/script>\n<!-- \/ Yoast SEO plugin. -->","yoast_head_json":{"title":"Manteau long 100% Laine Made in France - Fabrication artisanale","description":"Manteau long mixte en laine foulonn\u00e9e, mati\u00e8re premi\u00e8re d'origine fran\u00e7aise. Id\u00e9ale pour la ville ou pour une promenade \u00e0 la campagne.","robots":{"index":"index","follow":"follow","max-snippet":"max-snippet:-1","max-image-preview":"max-image-preview:large","max-video-preview":"max-video-preview:-1"},"canonical":"https:\/\/www.lesacduberger.com\/en\/product\/manteau-capluc\/","og_locale":"en_US","og_title":"Manteau long 100% Laine Made in France - Fabrication artisanale","og_description":"Manteau long mixte en laine foulonn\u00e9e, mati\u00e8re premi\u00e8re d'origine fran\u00e7aise. Id\u00e9ale pour la ville ou pour une promenade \u00e0 la campagne.","og_url":"https:\/\/www.lesacduberger.com\/en\/product\/manteau-capluc\/","og_site_name":"Le Sac du Berger","article_publisher":"https:\/\/www.facebook.com\/lesacduberger","article_modified_time":"2026-04-02T14:39:46+00:00","og_image":[{"width":683,"height":1024,"url":"https:\/\/www.lesacduberger.com\/wp-content\/uploads\/2025\/11\/SDB-140-1.jpg","type":"image\/jpeg"}],"twitter_card":"summary_large_image","schema":{"@context":"https:\/\/schema.org","@graph":[{"@type":"WebPage","@id":"https:\/\/www.lesacduberger.com\/produit\/manteau-capluc\/","url":"https:\/\/www.lesacduberger.com\/produit\/manteau-capluc\/","name":"Manteau long 100% Laine Made in France - Fabrication artisanale","isPartOf":{"@id":"https:\/\/www.lesacduberger.com\/#website"},"primaryImageOfPage":{"@id":"https:\/\/www.lesacduberger.com\/produit\/manteau-capluc\/#primaryimage"},"image":{"@id":"https:\/\/www.lesacduberger.com\/produit\/manteau-capluc\/#primaryimage"},"thumbnailUrl":"https:\/\/www.lesacduberger.com\/wp-content\/uploads\/2025\/11\/SDB-140-1.jpg","datePublished":"2025-11-14T10:34:11+00:00","dateModified":"2026-04-02T14:39:46+00:00","description":"Manteau long mixte en laine foulonn\u00e9e, mati\u00e8re premi\u00e8re d'origine fran\u00e7aise. Id\u00e9ale pour la ville ou pour une promenade \u00e0 la campagne.","breadcrumb":{"@id":"https:\/\/www.lesacduberger.com\/produit\/manteau-capluc\/#breadcrumb"},"inLanguage":"en-US","potentialAction":[{"@type":"ReadAction","target":["https:\/\/www.lesacduberger.com\/produit\/manteau-capluc\/"]}]},{"@type":"ImageObject","inLanguage":"en-US","@id":"https:\/\/www.lesacduberger.com\/produit\/manteau-capluc\/#primaryimage","url":"https:\/\/www.lesacduberger.com\/wp-content\/uploads\/2025\/11\/SDB-140-1.jpg","contentUrl":"https:\/\/www.lesacduberger.com\/wp-content\/uploads\/2025\/11\/SDB-140-1.jpg","width":683,"height":1024,"caption":"Manteau Capluc"},{"@type":"BreadcrumbList","@id":"https:\/\/www.lesacduberger.com\/produit\/manteau-capluc\/#breadcrumb","itemListElement":[{"@type":"ListItem","position":1,"name":"Accueil","item":"https:\/\/www.lesacduberger.com\/"},{"@type":"ListItem","position":2,"name":"Boutique","item":"https:\/\/www.lesacduberger.com\/boutique\/"},{"@type":"ListItem","position":3,"name":"Manteau Capluc"}]},{"@type":"WebSite","@id":"https:\/\/www.lesacduberger.com\/#website","url":"https:\/\/www.lesacduberger.com\/","name":"Le Sac du Berger","description":"","publisher":{"@id":"https:\/\/www.lesacduberger.com\/#organization"},"potentialAction":[{"@type":"SearchAction","target":{"@type":"EntryPoint","urlTemplate":"https:\/\/www.lesacduberger.com\/?s={search_term_string}"},"query-input":{"@type":"PropertyValueSpecification","valueRequired":true,"valueName":"search_term_string"}}],"inLanguage":"en-US"},{"@type":"Organization","@id":"https:\/\/www.lesacduberger.com\/#organization","name":"Le Sac du Berger","url":"https:\/\/www.lesacduberger.com\/","logo":{"@type":"ImageObject","inLanguage":"en-US","@id":"https:\/\/www.lesacduberger.com\/#\/schema\/logo\/image\/","url":"https:\/\/www.lesacduberger.com\/wp-content\/uploads\/2020\/09\/Logo-Sac-du-Berger-blanc-OK.png","contentUrl":"https:\/\/www.lesacduberger.com\/wp-content\/uploads\/2020\/09\/Logo-Sac-du-Berger-blanc-OK.png","width":2093,"height":510,"caption":"Le Sac du Berger"},"image":{"@id":"https:\/\/www.lesacduberger.com\/#\/schema\/logo\/image\/"},"sameAs":["https:\/\/www.facebook.com\/lesacduberger","https:\/\/www.instagram.com\/lesacduberger\/?hl=fr"]}]}},"_links":{"self":[{"href":"https:\/\/www.lesacduberger.com\/en\/wp-json\/wp\/v2\/product\/43474","targetHints":{"allow":["GET"]}}],"collection":[{"href":"https:\/\/www.lesacduberger.com\/en\/wp-json\/wp\/v2\/product"}],"about":[{"href":"https:\/\/www.lesacduberger.com\/en\/wp-json\/wp\/v2\/types\/product"}],"wp:featuredmedia":[{"embeddable":true,"href":"https:\/\/www.lesacduberger.com\/en\/wp-json\/wp\/v2\/media\/45847"}],"wp:attachment":[{"href":"https:\/\/www.lesacduberger.com\/en\/wp-json\/wp\/v2\/media?parent=43474"}],"wp:term":[{"taxonomy":"product_brand","embeddable":true,"href":"https:\/\/www.lesacduberger.com\/en\/wp-json\/wp\/v2\/product_brand?post=43474"},{"taxonomy":"product_cat","embeddable":true,"href":"https:\/\/www.lesacduberger.com\/en\/wp-json\/wp\/v2\/product_cat?post=43474"},{"taxonomy":"product_tag","embeddable":true,"href":"https:\/\/www.lesacduberger.com\/en\/wp-json\/wp\/v2\/product_tag?post=43474"},{"taxonomy":"giftcard-category","embeddable":true,"href":"https:\/\/www.lesacduberger.com\/en\/wp-json\/wp\/v2\/giftcard-category?post=43474"}],"curies":[{"name":"wp","href":"https:\/\/api.w.org\/{rel}","templated":true}]}}