{"id":45746,"date":"2026-03-04T12:20:00","date_gmt":"2026-03-04T11:20:00","guid":{"rendered":"https:\/\/www.lesacduberger.com\/?post_type=product&#038;p=45746"},"modified":"2026-04-24T13:52:51","modified_gmt":"2026-04-24T11:52:51","slug":"etui-telephone-en-peau-lainee","status":"publish","type":"product","link":"https:\/\/www.lesacduberger.com\/en\/product\/etui-telephone-en-peau-lainee\/","title":{"rendered":"\u00c9tui t\u00e9l\u00e9phone en peau lain\u00e9e"},"content":{"rendered":"<h2>\u00c9tui t\u00e9l\u00e9phone en peau lain\u00e9e<\/h2>\n<p>Notre \u00e9tui Aigoual en peau lain\u00e9e puise son nom du Mont Aigoual, sommet embl\u00e9matique des C\u00e9vennes o\u00f9 les hivers sont rudes et les paysages grandioses. Comme ce lieu, notre \u00e9tui allie r\u00e9sistance et douceur pour prot\u00e9ger votre t\u00e9l\u00e9phone avec \u00e9l\u00e9gance, tout en \u00e9voquant la douceur des mat\u00e9riaux naturels.<\/p>\n<ul>\n<li>Poche unique<\/li>\n<li>Fermeture par bouton pression sur le haut de l\u2019\u00e9tui<\/li>\n<li>Bandouli\u00e8re en cuir souple<\/li>\n<li>En peau d\u2019agneau M\u00e9rinos<\/li>\n<\/ul>\n<p>Notre \u00e9tui Aigoual existe en 2 coloris avec fourrure ext\u00e9rieure ou int\u00e9rieure.<\/p>\n<p>The various stages of production, from the origin of the skins to the tanning and finishing of the finished object, are carried out within a 120-kilometer radius of the Layrolle workshop.<\/p>\n<p>All our products are designed to be durable and repairable.<\/p>","protected":false},"excerpt":{"rendered":"<p>\u00c9tui t\u00e9l\u00e9phone en peau lain\u00e9e Notre \u00e9tui Aigoual en peau lain\u00e9e puise son nom du Mont Aigoual, sommet embl\u00e9matique des C\u00e9vennes o\u00f9 les hivers sont rudes et les paysages grandioses. Comme ce lieu, notre \u00e9tui allie r\u00e9sistance et douceur pour prot\u00e9ger votre t\u00e9l\u00e9phone avec \u00e9l\u00e9gance, tout en \u00e9voquant la douceur des mat\u00e9riaux naturels. Poche unique [&hellip;]<\/p>\n","protected":false},"featured_media":46973,"template":"","meta":[],"product_brand":[],"product_cat":[1530],"product_tag":[],"giftcard-category":[],"class_list":{"0":"post-45746","1":"product","2":"type-product","3":"status-publish","4":"has-post-thumbnail","6":"product_cat-accessoires","7":"pa_couleur-fauve-fourrure-exterieure","8":"pa_couleur-fauve-fourrure-interieure","9":"pa_couleur-moka-fourrure-exterieure","10":"pa_couleur-moka-fourrure-interieure","12":"first","13":"instock","14":"taxable","15":"shipping-taxable","16":"purchasable","17":"product-type-variable","18":"has-default-attributes"},"yoast_head":"<!-- This site is optimized with the Yoast SEO plugin v27.1.1 - https:\/\/yoast.com\/product\/yoast-seo-wordpress\/ -->\n<title>\u00c9tui t\u00e9l\u00e9phone en peau lain\u00e9e - Fabrication artisanale fran\u00e7aise<\/title>\n<meta name=\"description\" content=\"D\u00e9couvrez cet \u00e9tui t\u00e9l\u00e9phone en peau lain\u00e9e fabriqu\u00e9 en France dans notre atelier, \u00e0 partir de peau lain\u00e9e d&#039;agneau M\u00e9rinos.\" \/>\n<meta name=\"robots\" content=\"index, follow, max-snippet:-1, max-image-preview:large, max-video-preview:-1\" \/>\n<link rel=\"canonical\" href=\"https:\/\/www.lesacduberger.com\/en\/product\/etui-telephone-en-peau-lainee\/\" \/>\n<meta property=\"og:locale\" content=\"en_US\" \/>\n<meta property=\"og:title\" content=\"\u00c9tui t\u00e9l\u00e9phone en peau lain\u00e9e - Fabrication artisanale fran\u00e7aise\" \/>\n<meta property=\"og:description\" content=\"D\u00e9couvrez cet \u00e9tui t\u00e9l\u00e9phone en peau lain\u00e9e fabriqu\u00e9 en France dans notre atelier, \u00e0 partir de peau lain\u00e9e d&#039;agneau M\u00e9rinos.\" \/>\n<meta property=\"og:url\" content=\"https:\/\/www.lesacduberger.com\/en\/product\/etui-telephone-en-peau-lainee\/\" \/>\n<meta property=\"og:site_name\" content=\"Le Sac du Berger\" \/>\n<meta property=\"article:publisher\" content=\"https:\/\/www.facebook.com\/lesacduberger\" \/>\n<meta property=\"article:modified_time\" content=\"2026-04-24T11:52:51+00:00\" \/>\n<meta property=\"og:image\" content=\"https:\/\/www.lesacduberger.com\/wp-content\/uploads\/2026\/03\/Etui-Aigoual-1-0000.jpg\" \/>\n\t<meta property=\"og:image:width\" content=\"1080\" \/>\n\t<meta property=\"og:image:height\" content=\"1350\" \/>\n\t<meta property=\"og:image:type\" content=\"image\/jpeg\" \/>\n<meta name=\"twitter:card\" content=\"summary_large_image\" \/>\n<script type=\"application\/ld+json\" class=\"yoast-schema-graph\">{\"@context\":\"https:\/\/schema.org\",\"@graph\":[{\"@type\":\"WebPage\",\"@id\":\"https:\/\/www.lesacduberger.com\/produit\/etui-telephone-en-peau-lainee\/\",\"url\":\"https:\/\/www.lesacduberger.com\/produit\/etui-telephone-en-peau-lainee\/\",\"name\":\"\u00c9tui t\u00e9l\u00e9phone en peau lain\u00e9e - Fabrication artisanale fran\u00e7aise\",\"isPartOf\":{\"@id\":\"https:\/\/www.lesacduberger.com\/#website\"},\"primaryImageOfPage\":{\"@id\":\"https:\/\/www.lesacduberger.com\/produit\/etui-telephone-en-peau-lainee\/#primaryimage\"},\"image\":{\"@id\":\"https:\/\/www.lesacduberger.com\/produit\/etui-telephone-en-peau-lainee\/#primaryimage\"},\"thumbnailUrl\":\"https:\/\/www.lesacduberger.com\/wp-content\/uploads\/2026\/03\/Etui-Aigoual-1-0000.jpg\",\"datePublished\":\"2026-03-04T11:20:00+00:00\",\"dateModified\":\"2026-04-24T11:52:51+00:00\",\"description\":\"D\u00e9couvrez cet \u00e9tui t\u00e9l\u00e9phone en peau lain\u00e9e fabriqu\u00e9 en France dans notre atelier, \u00e0 partir de peau lain\u00e9e d'agneau M\u00e9rinos.\",\"breadcrumb\":{\"@id\":\"https:\/\/www.lesacduberger.com\/produit\/etui-telephone-en-peau-lainee\/#breadcrumb\"},\"inLanguage\":\"en-US\",\"potentialAction\":[{\"@type\":\"ReadAction\",\"target\":[\"https:\/\/www.lesacduberger.com\/produit\/etui-telephone-en-peau-lainee\/\"]}]},{\"@type\":\"ImageObject\",\"inLanguage\":\"en-US\",\"@id\":\"https:\/\/www.lesacduberger.com\/produit\/etui-telephone-en-peau-lainee\/#primaryimage\",\"url\":\"https:\/\/www.lesacduberger.com\/wp-content\/uploads\/2026\/03\/Etui-Aigoual-1-0000.jpg\",\"contentUrl\":\"https:\/\/www.lesacduberger.com\/wp-content\/uploads\/2026\/03\/Etui-Aigoual-1-0000.jpg\",\"width\":1080,\"height\":1350},{\"@type\":\"BreadcrumbList\",\"@id\":\"https:\/\/www.lesacduberger.com\/produit\/etui-telephone-en-peau-lainee\/#breadcrumb\",\"itemListElement\":[{\"@type\":\"ListItem\",\"position\":1,\"name\":\"Accueil\",\"item\":\"https:\/\/www.lesacduberger.com\/\"},{\"@type\":\"ListItem\",\"position\":2,\"name\":\"Boutique\",\"item\":\"https:\/\/www.lesacduberger.com\/boutique\/\"},{\"@type\":\"ListItem\",\"position\":3,\"name\":\"\u00c9tui t\u00e9l\u00e9phone en&hellip;\"}]},{\"@type\":\"WebSite\",\"@id\":\"https:\/\/www.lesacduberger.com\/#website\",\"url\":\"https:\/\/www.lesacduberger.com\/\",\"name\":\"Le Sac du Berger\",\"description\":\"\",\"publisher\":{\"@id\":\"https:\/\/www.lesacduberger.com\/#organization\"},\"potentialAction\":[{\"@type\":\"SearchAction\",\"target\":{\"@type\":\"EntryPoint\",\"urlTemplate\":\"https:\/\/www.lesacduberger.com\/?s={search_term_string}\"},\"query-input\":{\"@type\":\"PropertyValueSpecification\",\"valueRequired\":true,\"valueName\":\"search_term_string\"}}],\"inLanguage\":\"en-US\"},{\"@type\":\"Organization\",\"@id\":\"https:\/\/www.lesacduberger.com\/#organization\",\"name\":\"Le Sac du Berger\",\"url\":\"https:\/\/www.lesacduberger.com\/\",\"logo\":{\"@type\":\"ImageObject\",\"inLanguage\":\"en-US\",\"@id\":\"https:\/\/www.lesacduberger.com\/#\/schema\/logo\/image\/\",\"url\":\"https:\/\/www.lesacduberger.com\/wp-content\/uploads\/2020\/09\/Logo-Sac-du-Berger-blanc-OK.png\",\"contentUrl\":\"https:\/\/www.lesacduberger.com\/wp-content\/uploads\/2020\/09\/Logo-Sac-du-Berger-blanc-OK.png\",\"width\":2093,\"height\":510,\"caption\":\"Le Sac du Berger\"},\"image\":{\"@id\":\"https:\/\/www.lesacduberger.com\/#\/schema\/logo\/image\/\"},\"sameAs\":[\"https:\/\/www.facebook.com\/lesacduberger\",\"https:\/\/www.instagram.com\/lesacduberger\/?hl=fr\"]}]}<\/script>\n<!-- \/ Yoast SEO plugin. -->","yoast_head_json":{"title":"\u00c9tui t\u00e9l\u00e9phone en peau lain\u00e9e - Fabrication artisanale fran\u00e7aise","description":"D\u00e9couvrez cet \u00e9tui t\u00e9l\u00e9phone en peau lain\u00e9e fabriqu\u00e9 en France dans notre atelier, \u00e0 partir de peau lain\u00e9e d'agneau M\u00e9rinos.","robots":{"index":"index","follow":"follow","max-snippet":"max-snippet:-1","max-image-preview":"max-image-preview:large","max-video-preview":"max-video-preview:-1"},"canonical":"https:\/\/www.lesacduberger.com\/en\/product\/etui-telephone-en-peau-lainee\/","og_locale":"en_US","og_title":"\u00c9tui t\u00e9l\u00e9phone en peau lain\u00e9e - Fabrication artisanale fran\u00e7aise","og_description":"D\u00e9couvrez cet \u00e9tui t\u00e9l\u00e9phone en peau lain\u00e9e fabriqu\u00e9 en France dans notre atelier, \u00e0 partir de peau lain\u00e9e d'agneau M\u00e9rinos.","og_url":"https:\/\/www.lesacduberger.com\/en\/product\/etui-telephone-en-peau-lainee\/","og_site_name":"Le Sac du Berger","article_publisher":"https:\/\/www.facebook.com\/lesacduberger","article_modified_time":"2026-04-24T11:52:51+00:00","og_image":[{"width":1080,"height":1350,"url":"https:\/\/www.lesacduberger.com\/wp-content\/uploads\/2026\/03\/Etui-Aigoual-1-0000.jpg","type":"image\/jpeg"}],"twitter_card":"summary_large_image","schema":{"@context":"https:\/\/schema.org","@graph":[{"@type":"WebPage","@id":"https:\/\/www.lesacduberger.com\/produit\/etui-telephone-en-peau-lainee\/","url":"https:\/\/www.lesacduberger.com\/produit\/etui-telephone-en-peau-lainee\/","name":"\u00c9tui t\u00e9l\u00e9phone en peau lain\u00e9e - Fabrication artisanale fran\u00e7aise","isPartOf":{"@id":"https:\/\/www.lesacduberger.com\/#website"},"primaryImageOfPage":{"@id":"https:\/\/www.lesacduberger.com\/produit\/etui-telephone-en-peau-lainee\/#primaryimage"},"image":{"@id":"https:\/\/www.lesacduberger.com\/produit\/etui-telephone-en-peau-lainee\/#primaryimage"},"thumbnailUrl":"https:\/\/www.lesacduberger.com\/wp-content\/uploads\/2026\/03\/Etui-Aigoual-1-0000.jpg","datePublished":"2026-03-04T11:20:00+00:00","dateModified":"2026-04-24T11:52:51+00:00","description":"D\u00e9couvrez cet \u00e9tui t\u00e9l\u00e9phone en peau lain\u00e9e fabriqu\u00e9 en France dans notre atelier, \u00e0 partir de peau lain\u00e9e d'agneau M\u00e9rinos.","breadcrumb":{"@id":"https:\/\/www.lesacduberger.com\/produit\/etui-telephone-en-peau-lainee\/#breadcrumb"},"inLanguage":"en-US","potentialAction":[{"@type":"ReadAction","target":["https:\/\/www.lesacduberger.com\/produit\/etui-telephone-en-peau-lainee\/"]}]},{"@type":"ImageObject","inLanguage":"en-US","@id":"https:\/\/www.lesacduberger.com\/produit\/etui-telephone-en-peau-lainee\/#primaryimage","url":"https:\/\/www.lesacduberger.com\/wp-content\/uploads\/2026\/03\/Etui-Aigoual-1-0000.jpg","contentUrl":"https:\/\/www.lesacduberger.com\/wp-content\/uploads\/2026\/03\/Etui-Aigoual-1-0000.jpg","width":1080,"height":1350},{"@type":"BreadcrumbList","@id":"https:\/\/www.lesacduberger.com\/produit\/etui-telephone-en-peau-lainee\/#breadcrumb","itemListElement":[{"@type":"ListItem","position":1,"name":"Accueil","item":"https:\/\/www.lesacduberger.com\/"},{"@type":"ListItem","position":2,"name":"Boutique","item":"https:\/\/www.lesacduberger.com\/boutique\/"},{"@type":"ListItem","position":3,"name":"\u00c9tui t\u00e9l\u00e9phone en&hellip;"}]},{"@type":"WebSite","@id":"https:\/\/www.lesacduberger.com\/#website","url":"https:\/\/www.lesacduberger.com\/","name":"Le Sac du Berger","description":"","publisher":{"@id":"https:\/\/www.lesacduberger.com\/#organization"},"potentialAction":[{"@type":"SearchAction","target":{"@type":"EntryPoint","urlTemplate":"https:\/\/www.lesacduberger.com\/?s={search_term_string}"},"query-input":{"@type":"PropertyValueSpecification","valueRequired":true,"valueName":"search_term_string"}}],"inLanguage":"en-US"},{"@type":"Organization","@id":"https:\/\/www.lesacduberger.com\/#organization","name":"Le Sac du Berger","url":"https:\/\/www.lesacduberger.com\/","logo":{"@type":"ImageObject","inLanguage":"en-US","@id":"https:\/\/www.lesacduberger.com\/#\/schema\/logo\/image\/","url":"https:\/\/www.lesacduberger.com\/wp-content\/uploads\/2020\/09\/Logo-Sac-du-Berger-blanc-OK.png","contentUrl":"https:\/\/www.lesacduberger.com\/wp-content\/uploads\/2020\/09\/Logo-Sac-du-Berger-blanc-OK.png","width":2093,"height":510,"caption":"Le Sac du Berger"},"image":{"@id":"https:\/\/www.lesacduberger.com\/#\/schema\/logo\/image\/"},"sameAs":["https:\/\/www.facebook.com\/lesacduberger","https:\/\/www.instagram.com\/lesacduberger\/?hl=fr"]}]}},"_links":{"self":[{"href":"https:\/\/www.lesacduberger.com\/en\/wp-json\/wp\/v2\/product\/45746","targetHints":{"allow":["GET"]}}],"collection":[{"href":"https:\/\/www.lesacduberger.com\/en\/wp-json\/wp\/v2\/product"}],"about":[{"href":"https:\/\/www.lesacduberger.com\/en\/wp-json\/wp\/v2\/types\/product"}],"wp:featuredmedia":[{"embeddable":true,"href":"https:\/\/www.lesacduberger.com\/en\/wp-json\/wp\/v2\/media\/46973"}],"wp:attachment":[{"href":"https:\/\/www.lesacduberger.com\/en\/wp-json\/wp\/v2\/media?parent=45746"}],"wp:term":[{"taxonomy":"product_brand","embeddable":true,"href":"https:\/\/www.lesacduberger.com\/en\/wp-json\/wp\/v2\/product_brand?post=45746"},{"taxonomy":"product_cat","embeddable":true,"href":"https:\/\/www.lesacduberger.com\/en\/wp-json\/wp\/v2\/product_cat?post=45746"},{"taxonomy":"product_tag","embeddable":true,"href":"https:\/\/www.lesacduberger.com\/en\/wp-json\/wp\/v2\/product_tag?post=45746"},{"taxonomy":"giftcard-category","embeddable":true,"href":"https:\/\/www.lesacduberger.com\/en\/wp-json\/wp\/v2\/giftcard-category?post=45746"}],"curies":[{"name":"wp","href":"https:\/\/api.w.org\/{rel}","templated":true}]}}